{"id":25601,"date":"2023-10-22T13:31:55","date_gmt":"2023-10-22T13:31:55","guid":{"rendered":"https:\/\/www.wopg.org\/allgemeine-geschaeftsbedingungen\/"},"modified":"2023-10-22T13:31:55","modified_gmt":"2023-10-22T13:31:55","slug":"allgemeine-geschaeftsbedingungen","status":"publish","type":"page","link":"https:\/\/www.wopg.org\/de\/allgemeine-geschaeftsbedingungen\/","title":{"rendered":"Allgemeine Gesch\u00e4ftsbedingungen"},"content":{"rendered":"<p>[et_pb_section fb_built=&#8220;1&#8243; _builder_version=&#8220;3.22&#8243; global_colors_info=&#8220;{}&#8220;][et_pb_row _builder_version=&#8220;3.25&#8243; background_size=&#8220;initial&#8220; background_position=&#8220;top_left&#8220; background_repeat=&#8220;repeat&#8220; global_colors_info=&#8220;{}&#8220;][et_pb_column type=&#8220;4_4&#8243; _builder_version=&#8220;3.25&#8243; custom_padding=&#8220;|||&#8220; global_colors_info=&#8220;{}&#8220; custom_padding__hover=&#8220;|||&#8220;][et_pb_text _builder_version=&#8220;4.14.7&#8243; background_size=&#8220;initial&#8220; background_position=&#8220;top_left&#8220; background_repeat=&#8220;repeat&#8220; hover_enabled=&#8220;0&#8243; global_colors_info=&#8220;{}&#8220; sticky_enabled=&#8220;0&#8243;]<\/p>\n<div class=\"et_pb_module et_pb_text et_pb_text_0 et_pb_text_align_left et_pb_bg_layout_light\">\n<div class=\"et_pb_text_inner\">\n<p><strong>Stichting Words Of Peace Global<\/strong><br \/>Postfach 20627, 1001 NP Amsterdam, Niederlande<\/p>\n<p>Registrierungsnummer 34312991, Tel. (+31) 20 416 2050, E-Mail <a href=\"mailto:info@wopg.nl\">info@wopg.nl<\/a><\/p>\n<\/div>\n<\/div>\n<div class=\"et_pb_module et_pb_divider et_pb_divider_0 et_pb_divider_position_ et_pb_space\">\n<div class=\"et_pb_divider_internal\">\n<hr \/>\n<\/div>\n<\/div>\n<div class=\"et_pb_module et_pb_text et_pb_text_1 et_pb_text_align_left et_pb_bg_layout_light\">\n<div class=\"et_pb_text_inner\">\n<h1>ALLGEMEINE GESCH\u00c4FTSBEDINGUNGEN<\/h1>\n<p>Wopg.org ist ein Dienst der Foundation Words of Peace Global (WOPG). Diese Allgemeinen Gesch\u00e4ftsbedingungen regeln Ihre Nutzung des Dienstes und der Website von wopg.org. Indem Sie die Website nutzen, besuchen oder durchsuchen und\/oder den wopg.org-Dienst abonnieren, akzeptieren Sie diese Allgemeinen Gesch\u00e4ftsbedingungen und stimmen zu, an diese gebunden zu sein. Wenn Sie diesen Allgemeinen Gesch\u00e4ftsbedingungen nicht zustimmen, sollten Sie die Website nicht nutzen. Sie m\u00fcssen mindestens achtzehn Jahre alt sein, um die Website zu abonnieren.<\/p>\n<p>Diese Allgemeinen Gesch\u00e4ftsbedingungen betreffen Ihre Rechte und Sie sollten sie sorgf\u00e4ltig lesen. Wir behalten uns das Recht vor, diese Allgemeinen Gesch\u00e4ftsbedingungen von Zeit zu Zeit nach unserem alleinigen und absoluten Ermessen zu \u00e4ndern. Die aktuellste Version dieser Allgemeinen Gesch\u00e4ftsbedingungen kann eingesehen werden, indem Sie auf einer beliebigen Seite dieser Website auf den Link \u201eAllgemeine Gesch\u00e4ftsbedingungen\u201c klicken. Ihre Nutzung der Website oder die fortgesetzte Nutzung unseres Dienstes nach \u00c4nderungen bedeutet, dass Sie sich damit einverstanden erkl\u00e4ren, an solche \u00c4nderungen gebunden zu sein.<\/p>\n<p>WOPG kann nach eigenem Ermessen und ohne vorherige Ank\u00fcndigung Ihren Zugriff auf diese Website beenden, wenn festgestellt wird, dass Sie gegen diese Allgemeinen Gesch\u00e4ftsbedingungen oder andere Vereinbarungen oder Richtlinien versto\u00dfen haben, die m\u00f6glicherweise mit Ihrer Nutzung dieser Website verbunden sind.<\/p>\n<p><strong>Geistiges Eigentum<\/strong><\/p>\n<p>Alle Rechte, einschlie\u00dflich des Urheberrechts, am Inhalt der WOPG-Webseite sind Eigentum von WOPG oder werden f\u00fcr diese Zwecke von WOPG kontrolliert und sind durch niederl\u00e4ndische und internationale Urheberrechtsgesetze gesch\u00fctzt. Durch den Zugriff auf diese Webseite stimmen Sie zu, dass Sie den Inhalt nur f\u00fcr Ihren eigenen pers\u00f6nlichen, nicht-kommerziellen Gebrauch herunterladen d\u00fcrfen. Es ist Ihnen nicht gestattet, den Inhalt dieser Website ohne die vorherige schriftliche Genehmigung von WOPG zu senden, zu \u00fcbertragen, zu zeigen oder \u00f6ffentlich wiederzugeben, anzupassen oder in irgendeiner Weise zu ver\u00e4ndern, mit Ausnahme des Inhalts auf der Website, der auf eine Weise zur Verf\u00fcgung gestellt wird, die es Ihnen erlaubt, ihn in Ihr pers\u00f6nliches Blog, Ihre Seite in sozialen Netzwerken und andere derartige Zwecke einzubetten.<br \/><strong><br \/>Gew\u00e4hrleistungsausschluss und Haftungsbeschr\u00e4nkung<\/strong><\/p>\n<p>Der WOPG-Dienst und die Website und ihre Inhalte werden \u201ewie besehen\u201c bereitgestellt, und wir geben keinerlei ausdr\u00fcckliche oder stillschweigende Zusicherungen oder Gew\u00e4hrleistungen in Bezug auf unseren Dienst, die Website oder ihre Inhalte. Wir \u00fcbernehmen keine Haftung oder Verantwortung f\u00fcr Fehler oder Auslassungen im Inhalt der Website, Ausf\u00e4lle, Verz\u00f6gerungen oder Unterbrechungen bei der Bereitstellung von Inhalten, die auf der Website enthalten sind, Verluste oder Sch\u00e4den, die sich aus der Nutzung der auf der Website bereitgestellten Inhalte ergeben, oder jegliches Verhalten von Nutzern des WOPG-Dienstes oder der Website. Wir lehnen alle Zusicherungen und Gew\u00e4hrleistungen ab, einschlie\u00dflich beispielsweise Gew\u00e4hrleistungen der Marktg\u00e4ngigkeit, Eignung f\u00fcr einen bestimmten Zweck und Nichtverletzung von Rechten Dritter.<\/p>\n<p>In keinem Fall haften WOPG und ein Direktor,  leitender Angestellter oder Mitarbeiter davon oder ein mit WOPG verbundenes Unternehmen, eine Tochtergesellschaft, ein Vorg\u00e4nger, Abtretungsempf\u00e4nger oder Nachfolger von WOPG oder einer ihrer Direktoren, leitenden Angestellten oder Mitarbeiter, gemeinsam oder einzeln, Ihnen gegen\u00fcber  f\u00fcr irgendwelche besonderen, zuf\u00e4lligen, indirekten oder nachfolgend auftretenden Sch\u00e4den jeglicher Art oder irgendwelche Sch\u00e4den, die sich aus Nutzungs-, Daten- oder Gewinnausfall ergeben, unabh\u00e4ngig davon, ob auf die M\u00f6glichkeit von Sch\u00e4den hingewiesen wurde oder nicht, und aufgrund einer Haftungstheorie, die sich aus oder in Verbindung mit der Nutzung oder Leistung der WOPG-Website, ihrer Inhalte oder unseres Dienstes ergibt.<\/p>\n<p>Aus praktischen Gr\u00fcnden kann WOPG auf dieser Website Links zu Websites bereitstellen, die von anderen Unternehmen betrieben werden. Wenn Sie diese Seiten nutzen, verlassen Sie diese Website. Wenn Sie sich entscheiden, eine verlinkte Website zu besuchen, tun Sie dies auf eigenes Risiko und es liegt in Ihrer Verantwortung, alle Schutzma\u00dfnahmen zum Schutz vor Viren oder anderen zerst\u00f6rerischen Elementen zu ergreifen. WOPG \u00fcbernimmt keine Gew\u00e4hrleistung oder Zusicherung in Bezug auf verlinkte Websites oder die darauf erscheinenden Informationen oder die darauf beschriebenen Produkte oder Dienstleistungen.<\/p>\n<p><strong>Geltendes Recht und Gerichtsstand<\/strong><\/p>\n<p>Diese Allgemeinen Gesch\u00e4ftsbedingungen unterliegen den Gesetzen der Niederlande, mit Ausnahme der Kollisionsnormen, und werden gem\u00e4\u00df diesen ausgelegt. Es wird ausdr\u00fccklich vereinbart, dass  alle Anspr\u00fcche oder Klagen, die sich aus oder im Zusammenhang mit diesen Allgemeinen Gesch\u00e4ftsbedingungen oder Ihrer Nutzung dieser Website ergeben, aufgrund der ausschlie\u00dflichen Zust\u00e4ndigkeit nur bei den Gerichten in Amsterdam eingereicht werden.<\/p>\n<\/div>\n<\/div>\n<p>[\/et_pb_text][\/et_pb_column][\/et_pb_row][\/et_pb_section]<\/p>\n","protected":false},"excerpt":{"rendered":"<p>Stichting Words Of Peace GlobalPostfach 20627, 1001 NP Amsterdam, Niederlande Registrierungsnummer 34312991, Tel. (+31) 20 416 2050, E-Mail info@wopg.nl ALLGEMEINE GESCH\u00c4FTSBEDINGUNGEN Wopg.org ist ein Dienst der Foundation Words of Peace Global (WOPG). Diese Allgemeinen Gesch\u00e4ftsbedingungen regeln Ihre Nutzung des Dienstes und der Website von wopg.org. Indem Sie die Website nutzen, besuchen oder durchsuchen und\/oder den [&hellip;]<\/p>\n","protected":false},"author":3,"featured_media":0,"parent":0,"menu_order":0,"comment_status":"closed","ping_status":"closed","template":"","meta":{"_et_pb_use_builder":"on","_et_pb_old_content":"","_et_gb_content_width":"","cybocfi_hide_featured_image":"","footnotes":""},"folder":[],"class_list":["post-25601","page","type-page","status-publish","hentry"],"yoast_head":"<!-- This site is optimized with the Yoast SEO plugin v27.3 - https:\/\/yoast.com\/product\/yoast-seo-wordpress\/ -->\n<title>Allgemeine Gesch\u00e4ftsbedingungen | Words of Peace<\/title>\n<meta name=\"robots\" content=\"index, follow, max-snippet:-1, max-image-preview:large, max-video-preview:-1\" \/>\n<link rel=\"canonical\" href=\"https:\/\/www.wopg.org\/de\/allgemeine-geschaeftsbedingungen\/\" \/>\n<meta property=\"og:locale\" content=\"de_DE\" \/>\n<meta property=\"og:type\" content=\"article\" \/>\n<meta property=\"og:title\" content=\"Allgemeine Gesch\u00e4ftsbedingungen | Words of Peace\" \/>\n<meta property=\"og:description\" content=\"Stichting Words Of Peace GlobalPostfach 20627, 1001 NP Amsterdam, Niederlande Registrierungsnummer 34312991, Tel. (+31) 20 416 2050, E-Mail info@wopg.nl ALLGEMEINE GESCH\u00c4FTSBEDINGUNGEN Wopg.org ist ein Dienst der Foundation Words of Peace Global (WOPG). Diese Allgemeinen Gesch\u00e4ftsbedingungen regeln Ihre Nutzung des Dienstes und der Website von wopg.org. Indem Sie die Website nutzen, besuchen oder durchsuchen und\/oder den [&hellip;]\" \/>\n<meta property=\"og:url\" content=\"https:\/\/www.wopg.org\/de\/allgemeine-geschaeftsbedingungen\/\" \/>\n<meta property=\"og:site_name\" content=\"Words of Peace\" \/>\n<meta property=\"article:publisher\" content=\"https:\/\/www.facebook.com\/wordsofpeaceglobal\" \/>\n<meta name=\"twitter:card\" content=\"summary_large_image\" \/>\n<meta name=\"twitter:site\" content=\"@wopg\" \/>\n<meta name=\"twitter:label1\" content=\"Gesch\u00e4tzte Lesezeit\" \/>\n\t<meta name=\"twitter:data1\" content=\"4\u00a0Minuten\" \/>\n<script type=\"application\/ld+json\" class=\"yoast-schema-graph\">{\"@context\":\"https:\\\/\\\/schema.org\",\"@graph\":[{\"@type\":\"WebPage\",\"@id\":\"https:\\\/\\\/www.wopg.org\\\/de\\\/allgemeine-geschaeftsbedingungen\\\/\",\"url\":\"https:\\\/\\\/www.wopg.org\\\/de\\\/allgemeine-geschaeftsbedingungen\\\/\",\"name\":\"Allgemeine Gesch\u00e4ftsbedingungen | Words of Peace\",\"isPartOf\":{\"@id\":\"https:\\\/\\\/www.wopg.org\\\/de\\\/#website\"},\"datePublished\":\"2023-10-22T13:31:55+00:00\",\"breadcrumb\":{\"@id\":\"https:\\\/\\\/www.wopg.org\\\/de\\\/allgemeine-geschaeftsbedingungen\\\/#breadcrumb\"},\"inLanguage\":\"de\",\"potentialAction\":[{\"@type\":\"ReadAction\",\"target\":[\"https:\\\/\\\/www.wopg.org\\\/de\\\/allgemeine-geschaeftsbedingungen\\\/\"]}]},{\"@type\":\"BreadcrumbList\",\"@id\":\"https:\\\/\\\/www.wopg.org\\\/de\\\/allgemeine-geschaeftsbedingungen\\\/#breadcrumb\",\"itemListElement\":[{\"@type\":\"ListItem\",\"position\":1,\"name\":\"Home\",\"item\":\"https:\\\/\\\/www.wopg.org\\\/de\\\/\"},{\"@type\":\"ListItem\",\"position\":2,\"name\":\"Allgemeine Gesch\u00e4ftsbedingungen\"}]},{\"@type\":\"WebSite\",\"@id\":\"https:\\\/\\\/www.wopg.org\\\/de\\\/#website\",\"url\":\"https:\\\/\\\/www.wopg.org\\\/de\\\/\",\"name\":\"Words of Peace\",\"description\":\"Practice Peace, Change Your World\",\"publisher\":{\"@id\":\"https:\\\/\\\/www.wopg.org\\\/de\\\/#organization\"},\"potentialAction\":[{\"@type\":\"SearchAction\",\"target\":{\"@type\":\"EntryPoint\",\"urlTemplate\":\"https:\\\/\\\/www.wopg.org\\\/de\\\/?s={search_term_string}\"},\"query-input\":{\"@type\":\"PropertyValueSpecification\",\"valueRequired\":true,\"valueName\":\"search_term_string\"}}],\"inLanguage\":\"de\"},{\"@type\":\"Organization\",\"@id\":\"https:\\\/\\\/www.wopg.org\\\/de\\\/#organization\",\"name\":\"Words of Peace\",\"url\":\"https:\\\/\\\/www.wopg.org\\\/de\\\/\",\"logo\":{\"@type\":\"ImageObject\",\"inLanguage\":\"de\",\"@id\":\"https:\\\/\\\/www.wopg.org\\\/de\\\/#\\\/schema\\\/logo\\\/image\\\/\",\"url\":\"https:\\\/\\\/wopg.org\\\/wp-content\\\/uploads\\\/2022\\\/02\\\/Words-of-Peace-logo-website61x252.png\",\"contentUrl\":\"https:\\\/\\\/wopg.org\\\/wp-content\\\/uploads\\\/2022\\\/02\\\/Words-of-Peace-logo-website61x252.png\",\"width\":252,\"height\":61,\"caption\":\"Words of Peace\"},\"image\":{\"@id\":\"https:\\\/\\\/www.wopg.org\\\/de\\\/#\\\/schema\\\/logo\\\/image\\\/\"},\"sameAs\":[\"https:\\\/\\\/www.facebook.com\\\/wordsofpeaceglobal\",\"https:\\\/\\\/x.com\\\/wopg\",\"https:\\\/\\\/www.instagram.com\\\/wopgofficial\\\/\"]}]}<\/script>\n<!-- \/ Yoast SEO plugin. -->","yoast_head_json":{"title":"Allgemeine Gesch\u00e4ftsbedingungen | Words of Peace","robots":{"index":"index","follow":"follow","max-snippet":"max-snippet:-1","max-image-preview":"max-image-preview:large","max-video-preview":"max-video-preview:-1"},"canonical":"https:\/\/www.wopg.org\/de\/allgemeine-geschaeftsbedingungen\/","og_locale":"de_DE","og_type":"article","og_title":"Allgemeine Gesch\u00e4ftsbedingungen | Words of Peace","og_description":"Stichting Words Of Peace GlobalPostfach 20627, 1001 NP Amsterdam, Niederlande Registrierungsnummer 34312991, Tel. (+31) 20 416 2050, E-Mail info@wopg.nl ALLGEMEINE GESCH\u00c4FTSBEDINGUNGEN Wopg.org ist ein Dienst der Foundation Words of Peace Global (WOPG). Diese Allgemeinen Gesch\u00e4ftsbedingungen regeln Ihre Nutzung des Dienstes und der Website von wopg.org. Indem Sie die Website nutzen, besuchen oder durchsuchen und\/oder den [&hellip;]","og_url":"https:\/\/www.wopg.org\/de\/allgemeine-geschaeftsbedingungen\/","og_site_name":"Words of Peace","article_publisher":"https:\/\/www.facebook.com\/wordsofpeaceglobal","twitter_card":"summary_large_image","twitter_site":"@wopg","twitter_misc":{"Gesch\u00e4tzte Lesezeit":"4\u00a0Minuten"},"schema":{"@context":"https:\/\/schema.org","@graph":[{"@type":"WebPage","@id":"https:\/\/www.wopg.org\/de\/allgemeine-geschaeftsbedingungen\/","url":"https:\/\/www.wopg.org\/de\/allgemeine-geschaeftsbedingungen\/","name":"Allgemeine Gesch\u00e4ftsbedingungen | Words of Peace","isPartOf":{"@id":"https:\/\/www.wopg.org\/de\/#website"},"datePublished":"2023-10-22T13:31:55+00:00","breadcrumb":{"@id":"https:\/\/www.wopg.org\/de\/allgemeine-geschaeftsbedingungen\/#breadcrumb"},"inLanguage":"de","potentialAction":[{"@type":"ReadAction","target":["https:\/\/www.wopg.org\/de\/allgemeine-geschaeftsbedingungen\/"]}]},{"@type":"BreadcrumbList","@id":"https:\/\/www.wopg.org\/de\/allgemeine-geschaeftsbedingungen\/#breadcrumb","itemListElement":[{"@type":"ListItem","position":1,"name":"Home","item":"https:\/\/www.wopg.org\/de\/"},{"@type":"ListItem","position":2,"name":"Allgemeine Gesch\u00e4ftsbedingungen"}]},{"@type":"WebSite","@id":"https:\/\/www.wopg.org\/de\/#website","url":"https:\/\/www.wopg.org\/de\/","name":"Words of Peace","description":"Practice Peace, Change Your World","publisher":{"@id":"https:\/\/www.wopg.org\/de\/#organization"},"potentialAction":[{"@type":"SearchAction","target":{"@type":"EntryPoint","urlTemplate":"https:\/\/www.wopg.org\/de\/?s={search_term_string}"},"query-input":{"@type":"PropertyValueSpecification","valueRequired":true,"valueName":"search_term_string"}}],"inLanguage":"de"},{"@type":"Organization","@id":"https:\/\/www.wopg.org\/de\/#organization","name":"Words of Peace","url":"https:\/\/www.wopg.org\/de\/","logo":{"@type":"ImageObject","inLanguage":"de","@id":"https:\/\/www.wopg.org\/de\/#\/schema\/logo\/image\/","url":"https:\/\/wopg.org\/wp-content\/uploads\/2022\/02\/Words-of-Peace-logo-website61x252.png","contentUrl":"https:\/\/wopg.org\/wp-content\/uploads\/2022\/02\/Words-of-Peace-logo-website61x252.png","width":252,"height":61,"caption":"Words of Peace"},"image":{"@id":"https:\/\/www.wopg.org\/de\/#\/schema\/logo\/image\/"},"sameAs":["https:\/\/www.facebook.com\/wordsofpeaceglobal","https:\/\/x.com\/wopg","https:\/\/www.instagram.com\/wopgofficial\/"]}]}},"_links":{"self":[{"href":"https:\/\/www.wopg.org\/de\/wp-json\/wp\/v2\/pages\/25601","targetHints":{"allow":["GET"]}}],"collection":[{"href":"https:\/\/www.wopg.org\/de\/wp-json\/wp\/v2\/pages"}],"about":[{"href":"https:\/\/www.wopg.org\/de\/wp-json\/wp\/v2\/types\/page"}],"author":[{"embeddable":true,"href":"https:\/\/www.wopg.org\/de\/wp-json\/wp\/v2\/users\/3"}],"replies":[{"embeddable":true,"href":"https:\/\/www.wopg.org\/de\/wp-json\/wp\/v2\/comments?post=25601"}],"version-history":[{"count":0,"href":"https:\/\/www.wopg.org\/de\/wp-json\/wp\/v2\/pages\/25601\/revisions"}],"wp:attachment":[{"href":"https:\/\/www.wopg.org\/de\/wp-json\/wp\/v2\/media?parent=25601"}],"wp:term":[{"taxonomy":"folder","embeddable":true,"href":"https:\/\/www.wopg.org\/de\/wp-json\/wp\/v2\/folder?post=25601"}],"curies":[{"name":"wp","href":"https:\/\/api.w.org\/{rel}","templated":true}]}}