{"id":27779,"date":"2024-01-04T17:27:01","date_gmt":"2024-01-04T17:27:01","guid":{"rendered":"https:\/\/www.wopg.org\/weitere-spendenmoeglichkeiten\/"},"modified":"2025-12-26T13:28:07","modified_gmt":"2025-12-26T13:28:07","slug":"weitere-spendenmoeglichkeiten","status":"publish","type":"page","link":"https:\/\/www.wopg.org\/de\/weitere-spendenmoeglichkeiten\/","title":{"rendered":"Weitere Spendenm\u00f6glichkeiten"},"content":{"rendered":"<p>[et_pb_section fb_built=&#8220;1&#8243; _builder_version=&#8220;4.16&#8243; _module_preset=&#8220;default&#8220; custom_padding=&#8220;||0px||false|false&#8220; global_colors_info=&#8220;{}&#8220;][et_pb_row _builder_version=&#8220;4.16&#8243; _module_preset=&#8220;default&#8220; global_colors_info=&#8220;{}&#8220;][et_pb_column type=&#8220;4_4&#8243; _builder_version=&#8220;4.16&#8243; _module_preset=&#8220;default&#8220; global_colors_info=&#8220;{}&#8220;][et_pb_text _builder_version=&#8220;4.16&#8243; _module_preset=&#8220;default&#8220; header_font=&#8220;|||on|||||&#8220; header_text_align=&#8220;center&#8220; hover_enabled=&#8220;0&#8243; global_colors_info=&#8220;{}&#8220; sticky_enabled=&#8220;0&#8243;]<\/p>\n<h1>Weitere Spendenm\u00f6glichkeiten<\/h1>\n<p>[\/et_pb_text][\/et_pb_column][\/et_pb_row][\/et_pb_section][et_pb_section fb_built=&#8220;1&#8243; _builder_version=&#8220;4.16&#8243; _module_preset=&#8220;default&#8220; background_color=&#8220;RGBA(255,255,255,0)&#8220; custom_padding=&#8220;0px||0px||false|false&#8220; global_colors_info=&#8220;{}&#8220;][et_pb_row _builder_version=&#8220;4.16&#8243; _module_preset=&#8220;default&#8220; custom_padding=&#8220;0px||0px||false|false&#8220; border_width_top=&#8220;1px&#8220; border_color_top=&#8220;#4D4D4D&#8220; border_width_bottom=&#8220;1px&#8220; border_color_bottom=&#8220;#4D4D4D&#8220; global_colors_info=&#8220;{}&#8220;][et_pb_column type=&#8220;4_4&#8243; _builder_version=&#8220;4.16&#8243; _module_preset=&#8220;default&#8220; global_colors_info=&#8220;{}&#8220;][et_pb_text _builder_version=&#8220;4.27.0&#8243; _module_preset=&#8220;default&#8220; text_font=&#8220;||||||||&#8220; link_font=&#8220;|700|||||||&#8220; text_orientation=&#8220;center&#8220; module_alignment=&#8220;center&#8220; custom_padding=&#8220;2%||||false|false&#8220; hover_enabled=&#8220;0&#8243; global_colors_info=&#8220;{}&#8220; sticky_enabled=&#8220;0&#8243;]<\/p>\n<p><strong><span style=\"color: #ff0000;\">Wenn du US-Steuerzahler bist,<\/span> findest du <a href=\"#wopi\">hier<\/a> weitere M\u00f6glichkeiten, an Words of Peace International (WOPI) zu spenden.<\/strong><\/p>\n<p>[\/et_pb_text][\/et_pb_column][\/et_pb_row][\/et_pb_section][et_pb_section fb_built=&#8220;1&#8243; _builder_version=&#8220;4.16&#8243; _module_preset=&#8220;default&#8220; custom_padding=&#8220;0px||||false|false&#8220; global_colors_info=&#8220;{}&#8220;][et_pb_row _builder_version=&#8220;4.16&#8243; _module_preset=&#8220;default&#8220; global_colors_info=&#8220;{}&#8220;][et_pb_column type=&#8220;4_4&#8243; _builder_version=&#8220;4.16&#8243; _module_preset=&#8220;default&#8220; global_colors_info=&#8220;{}&#8220;][et_pb_text _builder_version=&#8220;4.27.0&#8243; _module_preset=&#8220;default&#8220; link_font=&#8220;|700|||||||&#8220; ol_font=&#8220;|700|||||||&#8220; header_3_font=&#8220;||||||||&#8220; header_3_font_size=&#8220;30px&#8220; header_3_line_height=&#8220;1.6em&#8220; hover_enabled=&#8220;0&#8243; global_colors_info=&#8220;{}&#8220; sticky_enabled=&#8220;0&#8243;]<\/p>\n<h3>Weitere M\u00f6glichkeiten, an Words of Peace Global (WOPG) zu spenden:<\/h3>\n<p><\/p>\n<p>&nbsp;<\/p>\n<p><\/p>\n<ol>\n<li>\u00dcberweisung<\/li>\n<\/ol>\n<p><\/p>\n<p style=\"padding-left: 40px;\">Du kannst in den folgenden W\u00e4hrungen per \u00dcberweisung spenden: Euro, Britisches Pfund, US-Dollar, Australischer Dollar und Kanadischer Dollar. Die Bank von WOPG in den Niederlanden akzeptiert keine Bankschecks mehr.<\/p>\n<p><\/p>\n<p style=\"padding-left: 40px;\">Weitere Informationen zu Spenden per \u00dcberweisung findest du <a href=\"http:\/\/eadn-wc03-5903292.nxedge.io\/wp-content\/uploads\/2022\/02\/220118-Bank-transfer-form.Bank-acount-nos_etc_V4.pdf\" target=\"_blank\" rel=\"noopener\">hier<\/a>:<\/p>\n<p><\/p>\n<ol start=\"2\">\n<li>Gedenkspende<\/li>\n<\/ol>\n<p><\/p>\n<p style=\"padding-left: 40px;\">Wenn du zum Andenken an jemanden spenden m\u00f6chtest, klicke auf der Spendenseite bei der Frage \u201eM\u00f6chtest du zum Andenken an jemanden spenden?\u201c auf \u201eJA\u201c.<\/p>\n<p><\/p>\n<p style=\"padding-left: 40px;\">Wenn du m\u00f6chtest, dass wir ein Familienmitglied \u00fcber deine Spende informieren, gib bitte auf dem Online-Spendenformular die entsprechenden Kontaktdaten an.<\/p>\n<p><\/p>\n<ol start=\"3\">\n<li>Beg\u00fcnstigung von WOPG in deinem Testament<\/li>\n<\/ol>\n<p><\/p>\n<p style=\"padding-left: 40px;\">Words of Peace Global ist eine gemeinn\u00fctzige Stiftung, die in den Niederlanden mit ANBI-Status (gemeinn\u00fctzig) registriert ist. Details:<\/p>\n<p><\/p>\n<p style=\"padding-left: 40px;\"><strong>Words of Peace Global<\/strong><br \/><strong>Registrierungsnummer: 34312991<\/strong><br \/><strong>Addresse: P.O. Box 20627, 1001 NP Amsterdam<\/strong><\/p>\n<p>[\/et_pb_text][\/et_pb_column][\/et_pb_row][\/et_pb_section][et_pb_section fb_built=&#8220;1&#8243; module_id=&#8220;wopi&#8220; _builder_version=&#8220;4.16&#8243; _module_preset=&#8220;default&#8220; custom_padding=&#8220;0px||0px||false|false&#8220; global_colors_info=&#8220;{}&#8220;][et_pb_row _builder_version=&#8220;4.16&#8243; _module_preset=&#8220;default&#8220; global_colors_info=&#8220;{}&#8220;][et_pb_column type=&#8220;4_4&#8243; _builder_version=&#8220;4.16&#8243; _module_preset=&#8220;default&#8220; global_colors_info=&#8220;{}&#8220;]<\/p>\n<p>[et_pb_divider _builder_version=&#8220;4.16&#8243; _module_preset=&#8220;default&#8220; global_colors_info=&#8220;{}&#8220;][\/et_pb_divider]<\/p>\n<p>[\/et_pb_column][\/et_pb_row][\/et_pb_section][et_pb_section fb_built=&#8220;1&#8243; _builder_version=&#8220;4.16&#8243; _module_preset=&#8220;default&#8220; global_colors_info=&#8220;{}&#8220;][et_pb_row _builder_version=&#8220;4.16&#8243; _module_preset=&#8220;default&#8220; global_colors_info=&#8220;{}&#8220;][et_pb_column type=&#8220;4_4&#8243; _builder_version=&#8220;4.16&#8243; _module_preset=&#8220;default&#8220; global_colors_info=&#8220;{}&#8220;][et_pb_text _builder_version=&#8220;4.27.0&#8243; _module_preset=&#8220;default&#8220; link_font=&#8220;|700|||||||&#8220; ol_font=&#8220;|700|||||||&#8220; header_3_font_size=&#8220;30px&#8220; header_3_line_height=&#8220;1.6em&#8220; hover_enabled=&#8220;0&#8243; global_colors_info=&#8220;{}&#8220; sticky_enabled=&#8220;0&#8243;]<\/p>\n<h3>Weitere M\u00f6glichkeiten, an Words of Peace International (WOPI) zu spenden:<\/h3>\n<p><\/p>\n<p>&nbsp;<\/p>\n<p><\/p>\n<ol>\n<li>Aktienspende<\/li>\n<\/ol>\n<p><\/p>\n<p style=\"padding-left: 40px;\">Wenn du Aktien spenden m\u00f6chtest, kontaktiere bitte das WOPI-B\u00fcro unter <a href=\"mailto:donations@wopintl.org\">donations@wopintl.org<\/a> oder rufe (805)388-1596 an.<\/p>\n<p><\/p>\n<ol start=\"2\">\n<li>RMD (Required Minimum Distribution) vom Rentenkonto<\/li>\n<\/ol>\n<p><\/p>\n<p style=\"padding-left: 40px;\">Ab einem Alter von 70 \u00bd gilt die Spende eines RMD direkt an einen 501c3 (wie WOPI) als Zuwendung f\u00fcr wohlt\u00e4tige Zwecke und ist bis zu 100.000 US-Dollar steuerfrei. Hol dir Rat bei deinem Steuerberater.<\/p>\n<p><\/p>\n<ol start=\"3\">\n<li>Matching Donations-Programme zur Verdoppelung von Spenden<\/li>\n<\/ol>\n<p><\/p>\n<p style=\"padding-left: 40px;\">Falls dein Arbeitgeber ein Matching Contributions Programm anbietet, in dem WOPI nicht gelistet ist, teile das bitte dem WOPI-B\u00fcro mit und wir werden dem Programm beitreten. Ruf (805)388-1596 an oder schreib an <a href=\"mailto:donations@wopintl.org\">donations@wopintl.org<\/a>.<\/p>\n<p><\/p>\n<ol start=\"4\">\n<li>Benennung von WOPI als Beg\u00fcnstigten in deinem Testament oder Rentenkonto<\/li>\n<\/ol>\n<p><\/p>\n<p style=\"padding-left: 40px;\">Wende dich hierf\u00fcr an das WOPI-B\u00fcro: Per E-Mail an <a href=\"mailto:donations@wopintl.org\">donations@wopintl.org<\/a> oder telefonisch unter (805)388-1596. Wir helfen dir gern bei den erforderlichen Schritten.<\/p>\n<p><\/p>\n<ol start=\"5\">\n<li>Gedenkspende<\/li>\n<\/ol>\n<p><\/p>\n<p style=\"padding-left: 40px;\">Wenn du zum Andenken an jemanden spenden m\u00f6chtest, klicke auf der Spendenseite bei der Frage \u201eM\u00f6chtest du zum Andenken an jemanden spenden?\u201c auf \u201eJA\u201c. Wenn du m\u00f6chtest, dass wir ein Familienmitglied \u00fcber deine Spende informieren, gib bitte auf dem Online-Spendenformular die entsprechenden Kontaktdaten an.<\/p>\n<p><\/p>\n<ol start=\"6\">\n<li>Spende per Scheck<\/li>\n<\/ol>\n<p><\/p>\n<p style=\"padding-left: 40px;\">Bitte sende deinen Scheck, ausgestellt auf Words of Peace International, an:<\/p>\n<p><\/p>\n<p style=\"padding-left: 40px;\"><strong>Words of Peace International<\/strong><br \/><strong>4607 Lakeview Canyon Rd #570<\/strong><br \/><strong>USA Westlake Village, CA 91361<\/strong><\/p>\n<p><\/p>\n<p>&nbsp;<\/p>\n<p><\/p>\n<p style=\"text-align: center;\"><strong>Herzlichen Dank f\u00fcr deine Unterst\u00fctzung!<\/strong><\/p>\n<p><\/p>\n<p>&nbsp;<\/p>\n<p>[\/et_pb_text][\/et_pb_column][\/et_pb_row][\/et_pb_section]<\/p>\n","protected":false},"excerpt":{"rendered":"<p>Weitere Spendenm\u00f6glichkeitenWenn du US-Steuerzahler bist, findest du hier weitere M\u00f6glichkeiten, an Words of Peace International (WOPI) zu spenden.Weitere M\u00f6glichkeiten, an Words of Peace Global (WOPG) zu spenden:&nbsp; \u00dcberweisung Du kannst in den folgenden W\u00e4hrungen per \u00dcberweisung spenden: Euro, Britisches Pfund, US-Dollar, Australischer Dollar und Kanadischer Dollar. Die Bank von WOPG in den Niederlanden akzeptiert keine [&hellip;]<\/p>\n","protected":false},"author":3,"featured_media":0,"parent":0,"menu_order":0,"comment_status":"closed","ping_status":"closed","template":"","meta":{"_et_pb_use_builder":"on","_et_pb_old_content":"","_et_gb_content_width":"","footnotes":""},"folder":[],"class_list":["post-27779","page","type-page","status-publish","hentry"],"yoast_head":"<!-- This site is optimized with the Yoast SEO plugin v27.3 - https:\/\/yoast.com\/product\/yoast-seo-wordpress\/ -->\n<title>Weitere Spendenm\u00f6glichkeiten | Words of Peace<\/title>\n<meta name=\"robots\" content=\"index, follow, max-snippet:-1, max-image-preview:large, max-video-preview:-1\" \/>\n<link rel=\"canonical\" href=\"https:\/\/www.wopg.org\/de\/weitere-spendenmoeglichkeiten\/\" \/>\n<meta property=\"og:locale\" content=\"de_DE\" \/>\n<meta property=\"og:type\" content=\"article\" \/>\n<meta property=\"og:title\" content=\"Weitere Spendenm\u00f6glichkeiten | Words of Peace\" \/>\n<meta property=\"og:description\" content=\"Weitere Spendenm\u00f6glichkeitenWenn du US-Steuerzahler bist, findest du hier weitere M\u00f6glichkeiten, an Words of Peace International (WOPI) zu spenden.Weitere M\u00f6glichkeiten, an Words of Peace Global (WOPG) zu spenden:&nbsp; \u00dcberweisung Du kannst in den folgenden W\u00e4hrungen per \u00dcberweisung spenden: Euro, Britisches Pfund, US-Dollar, Australischer Dollar und Kanadischer Dollar. Die Bank von WOPG in den Niederlanden akzeptiert keine [&hellip;]\" \/>\n<meta property=\"og:url\" content=\"https:\/\/www.wopg.org\/de\/weitere-spendenmoeglichkeiten\/\" \/>\n<meta property=\"og:site_name\" content=\"Words of Peace\" \/>\n<meta property=\"article:publisher\" content=\"https:\/\/www.facebook.com\/wordsofpeaceglobal\" \/>\n<meta property=\"article:modified_time\" content=\"2025-12-26T13:28:07+00:00\" \/>\n<meta name=\"twitter:card\" content=\"summary_large_image\" \/>\n<meta name=\"twitter:site\" content=\"@wopg\" \/>\n<meta name=\"twitter:label1\" content=\"Gesch\u00e4tzte Lesezeit\" \/>\n\t<meta name=\"twitter:data1\" content=\"4\u00a0Minuten\" \/>\n<script type=\"application\/ld+json\" class=\"yoast-schema-graph\">{\"@context\":\"https:\\\/\\\/schema.org\",\"@graph\":[{\"@type\":\"WebPage\",\"@id\":\"https:\\\/\\\/www.wopg.org\\\/de\\\/weitere-spendenmoeglichkeiten\\\/\",\"url\":\"https:\\\/\\\/www.wopg.org\\\/de\\\/weitere-spendenmoeglichkeiten\\\/\",\"name\":\"Weitere Spendenm\u00f6glichkeiten | Words of Peace\",\"isPartOf\":{\"@id\":\"https:\\\/\\\/www.wopg.org\\\/de\\\/#website\"},\"datePublished\":\"2024-01-04T17:27:01+00:00\",\"dateModified\":\"2025-12-26T13:28:07+00:00\",\"breadcrumb\":{\"@id\":\"https:\\\/\\\/www.wopg.org\\\/de\\\/weitere-spendenmoeglichkeiten\\\/#breadcrumb\"},\"inLanguage\":\"de\",\"potentialAction\":[{\"@type\":\"ReadAction\",\"target\":[\"https:\\\/\\\/www.wopg.org\\\/de\\\/weitere-spendenmoeglichkeiten\\\/\"]}]},{\"@type\":\"BreadcrumbList\",\"@id\":\"https:\\\/\\\/www.wopg.org\\\/de\\\/weitere-spendenmoeglichkeiten\\\/#breadcrumb\",\"itemListElement\":[{\"@type\":\"ListItem\",\"position\":1,\"name\":\"Home\",\"item\":\"https:\\\/\\\/www.wopg.org\\\/de\\\/\"},{\"@type\":\"ListItem\",\"position\":2,\"name\":\"Weitere Spendenm\u00f6glichkeiten\"}]},{\"@type\":\"WebSite\",\"@id\":\"https:\\\/\\\/www.wopg.org\\\/de\\\/#website\",\"url\":\"https:\\\/\\\/www.wopg.org\\\/de\\\/\",\"name\":\"Words of Peace\",\"description\":\"Practice Peace, Change Your World\",\"publisher\":{\"@id\":\"https:\\\/\\\/www.wopg.org\\\/de\\\/#organization\"},\"potentialAction\":[{\"@type\":\"SearchAction\",\"target\":{\"@type\":\"EntryPoint\",\"urlTemplate\":\"https:\\\/\\\/www.wopg.org\\\/de\\\/?s={search_term_string}\"},\"query-input\":{\"@type\":\"PropertyValueSpecification\",\"valueRequired\":true,\"valueName\":\"search_term_string\"}}],\"inLanguage\":\"de\"},{\"@type\":\"Organization\",\"@id\":\"https:\\\/\\\/www.wopg.org\\\/de\\\/#organization\",\"name\":\"Words of Peace\",\"url\":\"https:\\\/\\\/www.wopg.org\\\/de\\\/\",\"logo\":{\"@type\":\"ImageObject\",\"inLanguage\":\"de\",\"@id\":\"https:\\\/\\\/www.wopg.org\\\/de\\\/#\\\/schema\\\/logo\\\/image\\\/\",\"url\":\"https:\\\/\\\/wopg.org\\\/wp-content\\\/uploads\\\/2022\\\/02\\\/Words-of-Peace-logo-website61x252.png\",\"contentUrl\":\"https:\\\/\\\/wopg.org\\\/wp-content\\\/uploads\\\/2022\\\/02\\\/Words-of-Peace-logo-website61x252.png\",\"width\":252,\"height\":61,\"caption\":\"Words of Peace\"},\"image\":{\"@id\":\"https:\\\/\\\/www.wopg.org\\\/de\\\/#\\\/schema\\\/logo\\\/image\\\/\"},\"sameAs\":[\"https:\\\/\\\/www.facebook.com\\\/wordsofpeaceglobal\",\"https:\\\/\\\/x.com\\\/wopg\",\"https:\\\/\\\/www.instagram.com\\\/wopgofficial\\\/\"]}]}<\/script>\n<!-- \/ Yoast SEO plugin. -->","yoast_head_json":{"title":"Weitere Spendenm\u00f6glichkeiten | Words of Peace","robots":{"index":"index","follow":"follow","max-snippet":"max-snippet:-1","max-image-preview":"max-image-preview:large","max-video-preview":"max-video-preview:-1"},"canonical":"https:\/\/www.wopg.org\/de\/weitere-spendenmoeglichkeiten\/","og_locale":"de_DE","og_type":"article","og_title":"Weitere Spendenm\u00f6glichkeiten | Words of Peace","og_description":"Weitere Spendenm\u00f6glichkeitenWenn du US-Steuerzahler bist, findest du hier weitere M\u00f6glichkeiten, an Words of Peace International (WOPI) zu spenden.Weitere M\u00f6glichkeiten, an Words of Peace Global (WOPG) zu spenden:&nbsp; \u00dcberweisung Du kannst in den folgenden W\u00e4hrungen per \u00dcberweisung spenden: Euro, Britisches Pfund, US-Dollar, Australischer Dollar und Kanadischer Dollar. Die Bank von WOPG in den Niederlanden akzeptiert keine [&hellip;]","og_url":"https:\/\/www.wopg.org\/de\/weitere-spendenmoeglichkeiten\/","og_site_name":"Words of Peace","article_publisher":"https:\/\/www.facebook.com\/wordsofpeaceglobal","article_modified_time":"2025-12-26T13:28:07+00:00","twitter_card":"summary_large_image","twitter_site":"@wopg","twitter_misc":{"Gesch\u00e4tzte Lesezeit":"4\u00a0Minuten"},"schema":{"@context":"https:\/\/schema.org","@graph":[{"@type":"WebPage","@id":"https:\/\/www.wopg.org\/de\/weitere-spendenmoeglichkeiten\/","url":"https:\/\/www.wopg.org\/de\/weitere-spendenmoeglichkeiten\/","name":"Weitere Spendenm\u00f6glichkeiten | Words of Peace","isPartOf":{"@id":"https:\/\/www.wopg.org\/de\/#website"},"datePublished":"2024-01-04T17:27:01+00:00","dateModified":"2025-12-26T13:28:07+00:00","breadcrumb":{"@id":"https:\/\/www.wopg.org\/de\/weitere-spendenmoeglichkeiten\/#breadcrumb"},"inLanguage":"de","potentialAction":[{"@type":"ReadAction","target":["https:\/\/www.wopg.org\/de\/weitere-spendenmoeglichkeiten\/"]}]},{"@type":"BreadcrumbList","@id":"https:\/\/www.wopg.org\/de\/weitere-spendenmoeglichkeiten\/#breadcrumb","itemListElement":[{"@type":"ListItem","position":1,"name":"Home","item":"https:\/\/www.wopg.org\/de\/"},{"@type":"ListItem","position":2,"name":"Weitere Spendenm\u00f6glichkeiten"}]},{"@type":"WebSite","@id":"https:\/\/www.wopg.org\/de\/#website","url":"https:\/\/www.wopg.org\/de\/","name":"Words of Peace","description":"Practice Peace, Change Your World","publisher":{"@id":"https:\/\/www.wopg.org\/de\/#organization"},"potentialAction":[{"@type":"SearchAction","target":{"@type":"EntryPoint","urlTemplate":"https:\/\/www.wopg.org\/de\/?s={search_term_string}"},"query-input":{"@type":"PropertyValueSpecification","valueRequired":true,"valueName":"search_term_string"}}],"inLanguage":"de"},{"@type":"Organization","@id":"https:\/\/www.wopg.org\/de\/#organization","name":"Words of Peace","url":"https:\/\/www.wopg.org\/de\/","logo":{"@type":"ImageObject","inLanguage":"de","@id":"https:\/\/www.wopg.org\/de\/#\/schema\/logo\/image\/","url":"https:\/\/wopg.org\/wp-content\/uploads\/2022\/02\/Words-of-Peace-logo-website61x252.png","contentUrl":"https:\/\/wopg.org\/wp-content\/uploads\/2022\/02\/Words-of-Peace-logo-website61x252.png","width":252,"height":61,"caption":"Words of Peace"},"image":{"@id":"https:\/\/www.wopg.org\/de\/#\/schema\/logo\/image\/"},"sameAs":["https:\/\/www.facebook.com\/wordsofpeaceglobal","https:\/\/x.com\/wopg","https:\/\/www.instagram.com\/wopgofficial\/"]}]}},"_links":{"self":[{"href":"https:\/\/www.wopg.org\/de\/wp-json\/wp\/v2\/pages\/27779","targetHints":{"allow":["GET"]}}],"collection":[{"href":"https:\/\/www.wopg.org\/de\/wp-json\/wp\/v2\/pages"}],"about":[{"href":"https:\/\/www.wopg.org\/de\/wp-json\/wp\/v2\/types\/page"}],"author":[{"embeddable":true,"href":"https:\/\/www.wopg.org\/de\/wp-json\/wp\/v2\/users\/3"}],"replies":[{"embeddable":true,"href":"https:\/\/www.wopg.org\/de\/wp-json\/wp\/v2\/comments?post=27779"}],"version-history":[{"count":5,"href":"https:\/\/www.wopg.org\/de\/wp-json\/wp\/v2\/pages\/27779\/revisions"}],"predecessor-version":[{"id":45666,"href":"https:\/\/www.wopg.org\/de\/wp-json\/wp\/v2\/pages\/27779\/revisions\/45666"}],"wp:attachment":[{"href":"https:\/\/www.wopg.org\/de\/wp-json\/wp\/v2\/media?parent=27779"}],"wp:term":[{"taxonomy":"folder","embeddable":true,"href":"https:\/\/www.wopg.org\/de\/wp-json\/wp\/v2\/folder?post=27779"}],"curies":[{"name":"wp","href":"https:\/\/api.w.org\/{rel}","templated":true}]}}