{"id":34984,"date":"2024-10-06T12:07:23","date_gmt":"2024-10-06T12:07:23","guid":{"rendered":"https:\/\/www.wopg.org\/prem-rawat-2\/"},"modified":"2026-05-13T17:27:13","modified_gmt":"2026-05-13T17:27:13","slug":"prem-rawat-2","status":"publish","type":"page","link":"https:\/\/www.wopg.org\/de\/prem-rawat-2\/","title":{"rendered":"\u00dcber Prem Rawat"},"content":{"rendered":"<p>[et_pb_section fb_built=&#8220;1&#8243; _builder_version=&#8220;4.27.0&#8243; _module_preset=&#8220;default&#8220; custom_padding=&#8220;0px||||false|false&#8220; global_colors_info=&#8220;{}&#8220;][et_pb_row _builder_version=&#8220;4.27.0&#8243; _module_preset=&#8220;default&#8220; width=&#8220;100%&#8220; global_colors_info=&#8220;{}&#8220;][et_pb_column type=&#8220;4_4&#8243; _builder_version=&#8220;4.27.0&#8243; _module_preset=&#8220;default&#8220; global_colors_info=&#8220;{}&#8220;][et_pb_image src=&#8220;https:\/\/eadn-wc03-5903292.nxedge.io\/wp-content\/uploads\/2024\/09\/about-prem-grey-bkg-2.jpg&#8220; title_text=&#8220;about-prem-grey-bkg-2&#8243; align=&#8220;center&#8220; _builder_version=&#8220;4.27.0&#8243; _module_preset=&#8220;default&#8220; border_radii=&#8220;off|13px|13px||&#8220; global_colors_info=&#8220;{}&#8220;][\/et_pb_image][et_pb_text _builder_version=&#8220;4.27.0&#8243; _module_preset=&#8220;default&#8220; header_font=&#8220;|700|||||||&#8220; header_text_align=&#8220;center&#8220; header_text_color=&#8220;#FFFFFF&#8220; background_color=&#8220;#1565b7&#8243; width=&#8220;350px&#8220; width_tablet=&#8220;300px&#8220; width_phone=&#8220;100%&#8220; width_last_edited=&#8220;on|phone&#8220; module_alignment=&#8220;left&#8220; custom_margin=&#8220;-150px||||false|false&#8220; custom_margin_tablet=&#8220;-150px||||false|false&#8220; custom_margin_phone=&#8220;-30px||||false|false&#8220; custom_margin_last_edited=&#8220;on|tablet&#8220; header_font_size_tablet=&#8220;&#8220; header_font_size_phone=&#8220;24px&#8220; header_font_size_last_edited=&#8220;on|phone&#8220; border_radii=&#8220;off||13px|13px|&#8220; border_radii_tablet=&#8220;off||13px|13px|&#8220; border_radii_phone=&#8220;off||0px|0px|&#8220; border_radii_last_edited=&#8220;on|phone&#8220; global_colors_info=&#8220;{}&#8220;]<\/p>\n<h1>Prem Rawat<\/h1>\n<p>[\/et_pb_text][et_pb_text _builder_version=&#8220;4.27.5&#8243; _module_preset=&#8220;default&#8220; custom_margin=&#8220;60px||||false|false&#8220; custom_padding=&#8220;|10%||10%|false|true&#8220; hover_enabled=&#8220;0&#8243; global_colors_info=&#8220;{}&#8220; sticky_enabled=&#8220;0&#8243;]<\/p>\n<h1 style=\"text-align: center;\">Ein Leben im Dienst des Friedens<\/h1>\n<p style=\"text-align: center;\">Seit nahezu 60 Jahren vermittelt Prem Rawat Menschen auf aller Welt<br \/>eine zeitlose Botschaft: Die Erfahrung pers\u00f6nlichen Friedens ist m\u00f6glich.<br \/>Mit viel Engagement, Weisheit und Witz <br \/>hat er Millionen von Menschen in \u00fcber 100 L\u00e4ndern erreicht.<br \/><a href=\"https:\/\/www.premrawat.com\/interactive-globe\/\">Hier finden Sie<\/a>\u00a0die interaktive Chronik seiner weltweiten Aktivit\u00e4ten.<\/p>\n<p>[\/et_pb_text][et_pb_text _builder_version=&#8220;4.27.5&#8243; _module_preset=&#8220;default&#8220; text_text_color=&#8220;#FFFFFF&#8220; header_text_color=&#8220;#FFFFFF&#8220; header_3_text_color=&#8220;#FFFFFF&#8220; header_4_text_color=&#8220;#FFFFFF&#8220; background_color=&#8220;#1565b7&#8243; custom_padding=&#8220;3%|3%|3%|3%|true|true&#8220; hover_enabled=&#8220;0&#8243; border_radii=&#8220;off|||13px|13px&#8220; global_colors_info=&#8220;{}&#8220; sticky_enabled=&#8220;0&#8243;]<\/p>\n<h3 style=\"text-align: center;\"><em>\u201eFrieden ist m\u00f6glich, und er beginnt bei jedem Einzelnen von uns.\u201c<\/em><\/h3>\n<h4 style=\"text-align: center;\">\u2013 Prem Rawat<\/h4>\n<p>[\/et_pb_text][\/et_pb_column][\/et_pb_row][et_pb_row _builder_version=&#8220;4.27.0&#8243; _module_preset=&#8220;default&#8220; global_colors_info=&#8220;{}&#8220;][et_pb_column type=&#8220;4_4&#8243; _builder_version=&#8220;4.27.0&#8243; _module_preset=&#8220;default&#8220; global_colors_info=&#8220;{}&#8220;][et_pb_text _builder_version=&#8220;4.27.5&#8243; _module_preset=&#8220;default&#8220; hover_enabled=&#8220;0&#8243; global_colors_info=&#8220;{}&#8220; sticky_enabled=&#8220;0&#8243;]<\/p>\n<p>Als bekannter Redner zum Thema Frieden und als Bestsellerautor hat Prem Rawat einen Weg gefunden, Menschen aus allen Lebensbereichen zeitlose, universelle Wahrheiten zug\u00e4nglich zu machen.<\/p>\n<p>Sein neuestes Buch, <a href=\"https:\/\/breathbook.life\/\" target=\"_blank\" rel=\"noopener\">\u201eBreath: Wake Up to Life\u201c (deutsche Ausgabe: \u201eAtme und lebe\u201c)<\/a>, schaffte es auf die Bestsellerliste von \u201eUSA Today\u201c, auf die Amazon-Bestsellerlisten in Italien und Indien und erreichte Platz 3 der Bestsellerliste der \u201eIrish Times\u201c. Bis heute ist es in 14 Sprachen erschienen. Sein vorheriges Buch, <a href=\"https:\/\/hearyourselfbook.com\/&quot;\" target=\"_blank\" rel=\"noopener\">\u201eHear Yourself: How to Find Peace in a Noisy World\u201c (deutsche Ausgabe: \u201eHear Yourself : Inneren Frieden finden in einer lauten Welt\u201c)<\/a>, <span style=\"font-weight: 400;\">erntete gl\u00e4nzende Kritiken und landete bereits zwei Wochen nach seinem Erscheinen im September 2021 auf der Bestsellerliste der New York Times. Das Buch ist inzwischen in 20 Sprachen erschienen<\/span>.<\/p>\n<p><\/p>\n<p>Weitere B\u00fccher von Prem Rawat: \u201ePeace Is Possible\u201c (deutsch: \u201eDer Papagei, der alles wusste und nichts konnte\u201c), \u201eThe Pot with the Hole\u201c und \u201eThe Stonecutter.\u201c<\/p>\n<p>Von 2023 bis 2025 stellte er in Indien drei Guinness-Weltrekorde in Bezug auf die Besucherzahlen auf, darunter die <a href=\"https:\/\/www.premrawat.com\/bestselling-author-prem-rawats-hear-yourself-book-launch-sets-a-new-guinness-world-record\/\" target=\"_blank\" rel=\"noopener\">h\u00f6chste Besucherzahl bei der Lesung eines einzelnen Autors<\/a>, die\u00a0<a href=\"https:\/\/www.premrawat.com\/prem-rawat-sets-another-new-guinness-world-record-375603-people-attend-one-of-his-lectures-in-india\/\" target=\"_blank\" rel=\"noopener\">h\u00f6chste Besucherzahl bei einem Vortrag<\/a>, und die\u00a0<a href=\"https:\/\/www.premrawat.com\/prem-rawat-establishes-his-third-guinness-world-record-with-133234-people-in-attendance-at-historic-event-in-india\/\" target=\"_blank\" rel=\"noopener\"> h\u00f6chste Besucherzahl bei einer Lesung mit mehreren Autoren<\/a>.<\/p>\n<p>Immer auf der Suche nach neuen, innovativen Wegen zur Vermittlung seiner Botschaft hat Prem Rawat den Online-Lehrgang\u00a0<a href=\"https:\/\/www.intelligentexistence.com\/peak-german\/\" target=\"_blank\" rel=\"noopener\">Peace Education and Knowledge<\/a> (PEAK) entwickelt \u2014 einen kostenfreien videobasierten Selbstlernkurs, der weltweit angeboten wird. Auf Deutsch ist der Kurs unter dem Titel \u201ePEAK: Frieden \u2013 Bildung \u2013 Wissen\u201c verf\u00fcgbar.<\/p>\n<p>Er entwickelte auch das\u00a0<a href=\"https:\/\/tprf.org\/de\/\" target=\"_blank\" rel=\"noopener\">Peace Education Program<\/a>\u00a0(im deutschen Sprachraum: Friedens-Bildungs-Programm), das im Hochschulbereich, im Strafvollzug, in Schulen, Polizeischulen, Krankenh\u00e4usern, Pflegeeinrichtungen, Hospizen und Veteranenzentren in mehr als 80 L\u00e4ndern eine au\u00dferordentliche Resonanz erf\u00e4hrt.<\/p>\n<p>Vor einiger Zeit erweiterte er die Palette durch\u00a0<a href=\"https:\/\/www.intelligentexistence.com\/\" target=\"_blank\" rel=\"noopener\">Intelligent Existence<\/a>, ein interaktives Schulungsprogramm, das auf drei Kernthemen ausgerichtet ist: \u201eErkenne dich selbst\u201c, \u201eLebe bewusst\u201c und \u201eSei dankbar\u201c.<\/p>\n<p>Prem Rawat ist auch auf dem Gebiet der humanit\u00e4ren Arbeit aktiv. Die 2001 gegr\u00fcndete Stiftung\u00a0<a href=\"https:\/\/tprf.org\/de\/\" target=\"_blank\" rel=\"noopener\">The Prem Rawat Foundation<\/a>\u00a0(TPRF) unterst\u00fctzt gemeinn\u00fctzige Aktivit\u00e4ten in aller Welt, darunter Katastrophenhilfe, augen\u00e4rztliche Grundversorgung, Essensausgabe-Programme sowie Initiativen seines Friedens-Bildungs-Programms.<\/p>\n<p>Dar\u00fcber hinaus ist Prem Rawat ein versierter Pilot mit \u00fcber 15.000 Flugstunden im Dienst seines lebenslangen Engagements f\u00fcr Frieden. In seiner Freizeit kocht er gern, restauriert Oldtimer, komponiert Musik, fotografiert und besch\u00e4ftigt sich mit Storytelling. Seit 1974 ist er mit seiner Frau Marolyn verheiratet; er hat vier Kinder und vier Enkel.<\/p>\n<p><a href=\"https:\/\/www.premrawat.com\/contact\/\" target=\"_blank\" rel=\"noopener\">Klicken Sie hier, um Prem Rawat eine Nachricht zu schicken.<\/a><\/p>\n<p>[\/et_pb_text][\/et_pb_column][\/et_pb_row][\/et_pb_section]<\/p>\n","protected":false},"excerpt":{"rendered":"<p>Prem RawatEin Leben im Dienst des Friedens Seit nahezu 60 Jahren vermittelt Prem Rawat Menschen auf aller Welteine zeitlose Botschaft: Die Erfahrung pers\u00f6nlichen Friedens ist m\u00f6glich.Mit viel Engagement, Weisheit und Witz hat er Millionen von Menschen in \u00fcber 100 L\u00e4ndern erreicht.Hier finden Sie\u00a0die interaktive Chronik seiner weltweiten Aktivit\u00e4ten.\u201eFrieden ist m\u00f6glich, und er beginnt bei jedem [&hellip;]<\/p>\n","protected":false},"author":3,"featured_media":0,"parent":0,"menu_order":0,"comment_status":"closed","ping_status":"closed","template":"","meta":{"_et_pb_use_builder":"on","_et_pb_old_content":"","_et_gb_content_width":"","cybocfi_hide_featured_image":"","footnotes":""},"folder":[],"class_list":["post-34984","page","type-page","status-publish","hentry"],"yoast_head":"<!-- This site is optimized with the Yoast SEO plugin v27.6 - https:\/\/yoast.com\/product\/yoast-seo-wordpress\/ -->\n<title>\u00dcber Prem Rawat | Words of Peace<\/title>\n<meta name=\"robots\" content=\"index, follow, max-snippet:-1, max-image-preview:large, max-video-preview:-1\" \/>\n<link rel=\"canonical\" href=\"https:\/\/www.wopg.org\/de\/prem-rawat-2\/\" \/>\n<meta property=\"og:locale\" content=\"de_DE\" \/>\n<meta property=\"og:type\" content=\"article\" \/>\n<meta property=\"og:title\" content=\"\u00dcber Prem Rawat | Words of Peace\" \/>\n<meta property=\"og:description\" content=\"Prem RawatEin Leben im Dienst des Friedens Seit nahezu 60 Jahren vermittelt Prem Rawat Menschen auf aller Welteine zeitlose Botschaft: Die Erfahrung pers\u00f6nlichen Friedens ist m\u00f6glich.Mit viel Engagement, Weisheit und Witz hat er Millionen von Menschen in \u00fcber 100 L\u00e4ndern erreicht.Hier finden Sie\u00a0die interaktive Chronik seiner weltweiten Aktivit\u00e4ten.\u201eFrieden ist m\u00f6glich, und er beginnt bei jedem [&hellip;]\" \/>\n<meta property=\"og:url\" content=\"https:\/\/www.wopg.org\/de\/prem-rawat-2\/\" \/>\n<meta property=\"og:site_name\" content=\"Words of Peace\" \/>\n<meta property=\"article:publisher\" content=\"https:\/\/www.facebook.com\/wordsofpeaceglobal\" \/>\n<meta property=\"article:modified_time\" content=\"2026-05-13T17:27:13+00:00\" \/>\n<meta name=\"twitter:card\" content=\"summary_large_image\" \/>\n<meta name=\"twitter:site\" content=\"@wopg\" \/>\n<meta name=\"twitter:label1\" content=\"Gesch\u00e4tzte Lesezeit\" \/>\n\t<meta name=\"twitter:data1\" content=\"4\u00a0Minuten\" \/>\n<script type=\"application\/ld+json\" class=\"yoast-schema-graph\">{\"@context\":\"https:\\\/\\\/schema.org\",\"@graph\":[{\"@type\":\"WebPage\",\"@id\":\"https:\\\/\\\/www.wopg.org\\\/de\\\/prem-rawat-2\\\/\",\"url\":\"https:\\\/\\\/www.wopg.org\\\/de\\\/prem-rawat-2\\\/\",\"name\":\"\u00dcber Prem Rawat | Words of Peace\",\"isPartOf\":{\"@id\":\"https:\\\/\\\/www.wopg.org\\\/de\\\/#website\"},\"datePublished\":\"2024-10-06T12:07:23+00:00\",\"dateModified\":\"2026-05-13T17:27:13+00:00\",\"breadcrumb\":{\"@id\":\"https:\\\/\\\/www.wopg.org\\\/de\\\/prem-rawat-2\\\/#breadcrumb\"},\"inLanguage\":\"de\",\"potentialAction\":[{\"@type\":\"ReadAction\",\"target\":[\"https:\\\/\\\/www.wopg.org\\\/de\\\/prem-rawat-2\\\/\"]}]},{\"@type\":\"BreadcrumbList\",\"@id\":\"https:\\\/\\\/www.wopg.org\\\/de\\\/prem-rawat-2\\\/#breadcrumb\",\"itemListElement\":[{\"@type\":\"ListItem\",\"position\":1,\"name\":\"Home\",\"item\":\"https:\\\/\\\/www.wopg.org\\\/de\\\/\"},{\"@type\":\"ListItem\",\"position\":2,\"name\":\"\u00dcber Prem Rawat\"}]},{\"@type\":\"WebSite\",\"@id\":\"https:\\\/\\\/www.wopg.org\\\/de\\\/#website\",\"url\":\"https:\\\/\\\/www.wopg.org\\\/de\\\/\",\"name\":\"Words of Peace\",\"description\":\"Practice Peace, Change Your World\",\"publisher\":{\"@id\":\"https:\\\/\\\/www.wopg.org\\\/de\\\/#organization\"},\"potentialAction\":[{\"@type\":\"SearchAction\",\"target\":{\"@type\":\"EntryPoint\",\"urlTemplate\":\"https:\\\/\\\/www.wopg.org\\\/de\\\/?s={search_term_string}\"},\"query-input\":{\"@type\":\"PropertyValueSpecification\",\"valueRequired\":true,\"valueName\":\"search_term_string\"}}],\"inLanguage\":\"de\"},{\"@type\":\"Organization\",\"@id\":\"https:\\\/\\\/www.wopg.org\\\/de\\\/#organization\",\"name\":\"Words of Peace\",\"url\":\"https:\\\/\\\/www.wopg.org\\\/de\\\/\",\"logo\":{\"@type\":\"ImageObject\",\"inLanguage\":\"de\",\"@id\":\"https:\\\/\\\/www.wopg.org\\\/de\\\/#\\\/schema\\\/logo\\\/image\\\/\",\"url\":\"https:\\\/\\\/wopg.org\\\/wp-content\\\/uploads\\\/2022\\\/02\\\/Words-of-Peace-logo-website61x252.png\",\"contentUrl\":\"https:\\\/\\\/wopg.org\\\/wp-content\\\/uploads\\\/2022\\\/02\\\/Words-of-Peace-logo-website61x252.png\",\"width\":252,\"height\":61,\"caption\":\"Words of Peace\"},\"image\":{\"@id\":\"https:\\\/\\\/www.wopg.org\\\/de\\\/#\\\/schema\\\/logo\\\/image\\\/\"},\"sameAs\":[\"https:\\\/\\\/www.facebook.com\\\/wordsofpeaceglobal\",\"https:\\\/\\\/x.com\\\/wopg\",\"https:\\\/\\\/www.instagram.com\\\/wopgofficial\\\/\"]}]}<\/script>\n<!-- \/ Yoast SEO plugin. -->","yoast_head_json":{"title":"\u00dcber Prem Rawat | Words of Peace","robots":{"index":"index","follow":"follow","max-snippet":"max-snippet:-1","max-image-preview":"max-image-preview:large","max-video-preview":"max-video-preview:-1"},"canonical":"https:\/\/www.wopg.org\/de\/prem-rawat-2\/","og_locale":"de_DE","og_type":"article","og_title":"\u00dcber Prem Rawat | Words of Peace","og_description":"Prem RawatEin Leben im Dienst des Friedens Seit nahezu 60 Jahren vermittelt Prem Rawat Menschen auf aller Welteine zeitlose Botschaft: Die Erfahrung pers\u00f6nlichen Friedens ist m\u00f6glich.Mit viel Engagement, Weisheit und Witz hat er Millionen von Menschen in \u00fcber 100 L\u00e4ndern erreicht.Hier finden Sie\u00a0die interaktive Chronik seiner weltweiten Aktivit\u00e4ten.\u201eFrieden ist m\u00f6glich, und er beginnt bei jedem [&hellip;]","og_url":"https:\/\/www.wopg.org\/de\/prem-rawat-2\/","og_site_name":"Words of Peace","article_publisher":"https:\/\/www.facebook.com\/wordsofpeaceglobal","article_modified_time":"2026-05-13T17:27:13+00:00","twitter_card":"summary_large_image","twitter_site":"@wopg","twitter_misc":{"Gesch\u00e4tzte Lesezeit":"4\u00a0Minuten"},"schema":{"@context":"https:\/\/schema.org","@graph":[{"@type":"WebPage","@id":"https:\/\/www.wopg.org\/de\/prem-rawat-2\/","url":"https:\/\/www.wopg.org\/de\/prem-rawat-2\/","name":"\u00dcber Prem Rawat | Words of Peace","isPartOf":{"@id":"https:\/\/www.wopg.org\/de\/#website"},"datePublished":"2024-10-06T12:07:23+00:00","dateModified":"2026-05-13T17:27:13+00:00","breadcrumb":{"@id":"https:\/\/www.wopg.org\/de\/prem-rawat-2\/#breadcrumb"},"inLanguage":"de","potentialAction":[{"@type":"ReadAction","target":["https:\/\/www.wopg.org\/de\/prem-rawat-2\/"]}]},{"@type":"BreadcrumbList","@id":"https:\/\/www.wopg.org\/de\/prem-rawat-2\/#breadcrumb","itemListElement":[{"@type":"ListItem","position":1,"name":"Home","item":"https:\/\/www.wopg.org\/de\/"},{"@type":"ListItem","position":2,"name":"\u00dcber Prem Rawat"}]},{"@type":"WebSite","@id":"https:\/\/www.wopg.org\/de\/#website","url":"https:\/\/www.wopg.org\/de\/","name":"Words of Peace","description":"Practice Peace, Change Your World","publisher":{"@id":"https:\/\/www.wopg.org\/de\/#organization"},"potentialAction":[{"@type":"SearchAction","target":{"@type":"EntryPoint","urlTemplate":"https:\/\/www.wopg.org\/de\/?s={search_term_string}"},"query-input":{"@type":"PropertyValueSpecification","valueRequired":true,"valueName":"search_term_string"}}],"inLanguage":"de"},{"@type":"Organization","@id":"https:\/\/www.wopg.org\/de\/#organization","name":"Words of Peace","url":"https:\/\/www.wopg.org\/de\/","logo":{"@type":"ImageObject","inLanguage":"de","@id":"https:\/\/www.wopg.org\/de\/#\/schema\/logo\/image\/","url":"https:\/\/wopg.org\/wp-content\/uploads\/2022\/02\/Words-of-Peace-logo-website61x252.png","contentUrl":"https:\/\/wopg.org\/wp-content\/uploads\/2022\/02\/Words-of-Peace-logo-website61x252.png","width":252,"height":61,"caption":"Words of Peace"},"image":{"@id":"https:\/\/www.wopg.org\/de\/#\/schema\/logo\/image\/"},"sameAs":["https:\/\/www.facebook.com\/wordsofpeaceglobal","https:\/\/x.com\/wopg","https:\/\/www.instagram.com\/wopgofficial\/"]}]}},"_links":{"self":[{"href":"https:\/\/www.wopg.org\/de\/wp-json\/wp\/v2\/pages\/34984","targetHints":{"allow":["GET"]}}],"collection":[{"href":"https:\/\/www.wopg.org\/de\/wp-json\/wp\/v2\/pages"}],"about":[{"href":"https:\/\/www.wopg.org\/de\/wp-json\/wp\/v2\/types\/page"}],"author":[{"embeddable":true,"href":"https:\/\/www.wopg.org\/de\/wp-json\/wp\/v2\/users\/3"}],"replies":[{"embeddable":true,"href":"https:\/\/www.wopg.org\/de\/wp-json\/wp\/v2\/comments?post=34984"}],"version-history":[{"count":34,"href":"https:\/\/www.wopg.org\/de\/wp-json\/wp\/v2\/pages\/34984\/revisions"}],"predecessor-version":[{"id":49697,"href":"https:\/\/www.wopg.org\/de\/wp-json\/wp\/v2\/pages\/34984\/revisions\/49697"}],"wp:attachment":[{"href":"https:\/\/www.wopg.org\/de\/wp-json\/wp\/v2\/media?parent=34984"}],"wp:term":[{"taxonomy":"folder","embeddable":true,"href":"https:\/\/www.wopg.org\/de\/wp-json\/wp\/v2\/folder?post=34984"}],"curies":[{"name":"wp","href":"https:\/\/api.w.org\/{rel}","templated":true}]}}