{"id":40422,"date":"2025-05-06T10:22:13","date_gmt":"2025-05-06T10:22:13","guid":{"rendered":"https:\/\/www.wopg.org\/words-of-peace-jahresbericht-2024\/"},"modified":"2025-12-26T12:58:20","modified_gmt":"2025-12-26T12:58:20","slug":"words-of-peace-jahresbericht-2024","status":"publish","type":"page","link":"https:\/\/www.wopg.org\/de\/words-of-peace-jahresbericht-2024\/","title":{"rendered":"Words of Peace Jahresbericht 2024"},"content":{"rendered":"<p>[et_pb_section fb_built=&#8220;1&#8243; _builder_version=&#8220;4.27.4&#8243; _module_preset=&#8220;default&#8220; use_background_color_gradient=&#8220;on&#8220; background_color_gradient_stops=&#8220;rgba(255,255,255,0) 0%|#d5e1d0 100%&#8220; background_image=&#8220;https:\/\/eadn-wc03-5903292.nxedge.io\/wp-content\/uploads\/2023\/08\/design-Annual-report-tree-4.webp&#8220; background_size=&#8220;contain&#8220; background_position=&#8220;bottom_right&#8220; background_blend=&#8220;multiply&#8220; global_colors_info=&#8220;{}&#8220;][et_pb_row _builder_version=&#8220;4.21.0&#8243; _module_preset=&#8220;default&#8220; global_colors_info=&#8220;{}&#8220;][et_pb_column type=&#8220;4_4&#8243; _builder_version=&#8220;4.21.0&#8243; _module_preset=&#8220;default&#8220; global_colors_info=&#8220;{}&#8220;][et_pb_text _builder_version=&#8220;4.27.4&#8243; _module_preset=&#8220;default&#8220; hover_enabled=&#8220;0&#8243; custom_css_free_form=&#8220;.selector .et_pb_text_inner p {||  margin-bottom: 1rem;||}||||selector h1 {||  color: #008b73;||  font-weight: bold !important;||  text-align: left;||}||||selector h4 {||  color: #008b73;||  font-weight: bold !important;||  text-align: left;||}&#8220; global_colors_info=&#8220;{}&#8220; sticky_enabled=&#8220;0&#8243;]<\/p>\n<h1 class=\"p1\"><span class=\"s1\">Words of Peace Jahresbericht 2024<\/span><\/h1>\n<p><\/p>\n<p class=\"p1\">Seit mehr als sechs Jahrzehnten widmet sich Prem Rawat der Verbreitung seiner Botschaft pers\u00f6nlichen Friedens. Mit 67 ist sein Engagement ungebrochen.<\/p>\n<p><\/p>\n<p class=\"p1\">Im Jahr 2024 wurden dank der Gro\u00dfz\u00fcgigkeit unserer Spender \u2014 besonders an den Global Event Fund \u2014 60 Events in 21 L\u00e4ndern auf sechs Kontinenten mit Prem Rawat als Redner erm\u00f6glicht.<\/p>\n<p><\/p>\n<p class=\"p1\">Das hat deine Unterst\u00fctzung bewirkt:<\/p>\n<p><\/p>\n<h4 class=\"p1\" style=\"text-align: left;\">Highlights 2024<\/h4>\n<p><\/p>\n<h5 class=\"p1\" style=\"text-align: left;\"><strong>M\u00e4rz:<\/strong> Mexiko &#038; S\u00fcdamerika-Tour<\/h5>\n<p><\/p>\n<ul>\n<li class=\"p1\">Lang erwarteter Besuch in S\u00fcdamerika nach f\u00fcnf Jahren.<\/li>\n<li class=\"p1\">F\u00fcnf L\u00e4nder in f\u00fcnf Wochen, wobei 4.689 Personen erreicht wurden.<\/li>\n<li class=\"p1\">Interview auf Infobae TV, einem Sender f\u00fcr Spanisch sprechende Zuschauer in ganz Nord- und S\u00fcdamerika.<\/li>\n<\/ul>\n<p><\/p>\n<h5 class=\"p1\"><strong>Mai:<\/strong> Nordamerika &#038; Europa<\/h5>\n<p><\/p>\n<ul>\n<li class=\"p1\">Boston, USA \u2013 550 Teilnehmer.<\/li>\n<li class=\"p1\">Dubrovnik, Kroatien \u2013 Erstbesuch mit 475 Teilnehmern.<\/li>\n<\/ul>\n<p><\/p>\n<h5 class=\"p1\"><strong>Juni:<\/strong> Europa-Tour<\/h5>\n<p><\/p>\n<ul>\n<li class=\"p1\">Vier L\u00e4nder in vier Wochen, 5.589 Besucher.<\/li>\n<\/ul>\n<p><\/p>\n<h5 class=\"p1\"><strong>Juli:<\/strong> Internationale Konferenz in Malaysia<\/h5>\n<p><\/p>\n<ul>\n<li class=\"p1\">F\u00fcnft\u00e4gige Konferenz in Kuala Lumpur mit 404 Teilnehmern aus 59 L\u00e4ndern.<\/li>\n<li class=\"p1\">Co-finanziert von Words of Peace und der Prem Rawat Foundation (TPRF).<\/li>\n<li class=\"p1\">Es folgte ein \u00f6ffentlicher Event f\u00fcr 2.000 Teilnehmer.<\/li>\n<\/ul>\n<p><\/p>\n<h5 class=\"p1\"><strong>August:<\/strong> Fidschi<\/h5>\n<p><\/p>\n<ul>\n<li class=\"p1\">Von \u00f6rtlichen Kr\u00e4ften organisierter \u00f6ffentlicher Event in Nadi mit 604 Besuchern.<\/li>\n<\/ul>\n<p><\/p>\n<h5 class=\"p1\"><strong>September:<\/strong> Australien &#038; Neuseeland<\/h5>\n<p><\/p>\n<ul>\n<li class=\"p1\">Neun Outdoor-Events in New South Wales, trotz schwieriger Wetterbedingungen, mit 2.492 Teilnehmern.<\/li>\n<li class=\"p1\">Auckland, Neuseeland \u2013 613 Teilnehmer.<\/li>\n<\/ul>\n<p><\/p>\n<h5 class=\"p1\"><strong>Oktober:<\/strong> S\u00fcdkorea &#038; Japan<\/h5>\n<p><\/p>\n<ul>\n<li class=\"p1\">Seoul, S\u00fcdkorea \u2013 Pr\u00e4sentation der koreanischen Ausgabe von \u201eHear Yourself\u201d im S\u00fcdkoreanischen Presseclub.<\/li>\n<li class=\"p1\">Kyoto, Japan \u2013 Pr\u00e4sentation der japanischen Ausgabe.<\/li>\n<li class=\"p1\">In beiden L\u00e4ndern nahmen insgesamt 376 Personen teil.<\/li>\n<\/ul>\n<p><\/p>\n<h5 class=\"p1\"><strong>November\/Dezember:<\/strong> Afrika-Tour<\/h5>\n<p><\/p>\n<ul>\n<li class=\"p1\">Toamasina, Madagaskar \u2013 467 Besucher, darunter der Pr\u00e4sident von Madagaskar und f\u00fchrende Regierungsmitglieder.<\/li>\n<li class=\"p1\">Johannesburg, S\u00fcdafrika \u2013 597 Besucher, von denen sich viele auf das Erlernen der Techniken des Wissens vorbereiteten.<\/li>\n<li class=\"p1\">Interviews auf Heart FM &#038; Bush FM, mit einer potenziellen Reichweite von 1 bis 2 Millionen H\u00f6rern.<\/li>\n<li class=\"p1\">Cotonou, Benin \u2013 1.150 Besucher, darunter K\u00f6nig Sinagonrigui Tukosari II. und \u00f6rtliche W\u00fcrdentr\u00e4ger.<\/li>\n<li class=\"p1\">Cotonou, Benin \u2013 Live-\u00dcbertragung in 3 Gef\u00e4ngnisse und die n\u00e4here Umgebung, mit 3.500 Zuschauern.<\/li>\n<li class=\"p1\">Cotonou, Benin \u2013 Ausstrahlung auch auf TVC Benin, mit einer potenziellen Reichweite von 1 Million Zuschauern.<\/li>\n<li class=\"p1\">Barcelona, Spanien \u2013 Letzter Event des Jahres, von 1.726 Personen besucht.<\/li>\n<\/ul>\n<p><\/p>\n<p class=\"p1\">Neben diesen Events f\u00fchrte Prem Rawat kleinere Meetings durch, nahm Verpflichtungen in Indien wahr und sprach auf Special Events, die von der Prem Rawat Foundation (TPRF) gesponsert wurden.<\/p>\n<p><\/p>\n<h4 class=\"p1\" style=\"text-align: left;\">In Zahlen:<\/h4>\n<p><\/p>\n<ul>\n<li class=\"p1\"><strong>60<\/strong> Vortragsveranstaltungen &#038; Interviews<\/li>\n<li class=\"p1\"><strong>310.613<\/strong> Pr\u00e4senz-Teilnehmer<\/li>\n<li class=\"p1\"><strong>6.016.241<\/strong> Online-Teilnehmer<\/li>\n<li class=\"p1\"><strong>80.051<\/strong> Follower auf Facebook (Englisch, Spanisch, Hindi)<\/li>\n<li class=\"p1\"><strong>7.745<\/strong> Follower auf X (Twitter)<\/li>\n<li class=\"p1\"><strong>33.678<\/strong> Follower auf YouTube<\/li>\n<li class=\"p1\"><strong>189.326<\/strong> YouTube-Aufrufe<\/li>\n<li class=\"p1\"><strong>141<\/strong> L\u00e4nder mit Website-Besuchern<\/li>\n<li class=\"p1\"><strong>105.632<\/strong> Website-Aufrufe<\/li>\n<li class=\"p1\"><strong>\u20ac 2.060.521<\/strong> Spenden erhalten<\/li>\n<\/ul>\n<p>[\/et_pb_text][et_pb_text _builder_version=&#8220;4.27.4&#8243; _module_preset=&#8220;default&#8220; custom_css_free_form=&#8220;selector h5 {||  color: #4d4d4d;||  text-align: left;||}&#8220; global_colors_info=&#8220;{}&#8220;]<\/p>\n<h5 class=\"p1\">All das wurde durch deine Unterst\u00fctzung erm\u00f6glicht. Danke f\u00fcr dein Engagement!<\/h5>\n<p>[\/et_pb_text][\/et_pb_column][\/et_pb_row][\/et_pb_section]<\/p>\n","protected":false},"excerpt":{"rendered":"<p>Words of Peace Jahresbericht 2024Seit mehr als sechs Jahrzehnten widmet sich Prem Rawat der Verbreitung seiner Botschaft pers\u00f6nlichen Friedens. Mit 67 ist sein Engagement ungebrochen.Im Jahr 2024 wurden dank der Gro\u00dfz\u00fcgigkeit unserer Spender \u2014 besonders an den Global Event Fund \u2014 60 Events in 21 L\u00e4ndern auf sechs Kontinenten mit Prem Rawat als Redner erm\u00f6glicht.Das [&hellip;]<\/p>\n","protected":false},"author":3,"featured_media":0,"parent":0,"menu_order":0,"comment_status":"closed","ping_status":"closed","template":"","meta":{"_et_pb_use_builder":"on","_et_pb_old_content":"","_et_gb_content_width":"","footnotes":""},"folder":[],"class_list":["post-40422","page","type-page","status-publish","hentry"],"yoast_head":"<!-- This site is optimized with the Yoast SEO plugin v27.3 - https:\/\/yoast.com\/product\/yoast-seo-wordpress\/ -->\n<title>Words of Peace Jahresbericht 2024 | Words of Peace<\/title>\n<meta name=\"robots\" content=\"index, follow, max-snippet:-1, max-image-preview:large, max-video-preview:-1\" \/>\n<link rel=\"canonical\" href=\"https:\/\/www.wopg.org\/de\/words-of-peace-jahresbericht-2024\/\" \/>\n<meta property=\"og:locale\" content=\"de_DE\" \/>\n<meta property=\"og:type\" content=\"article\" \/>\n<meta property=\"og:title\" content=\"Words of Peace Jahresbericht 2024 | Words of Peace\" \/>\n<meta property=\"og:description\" content=\"Words of Peace Jahresbericht 2024Seit mehr als sechs Jahrzehnten widmet sich Prem Rawat der Verbreitung seiner Botschaft pers\u00f6nlichen Friedens. Mit 67 ist sein Engagement ungebrochen.Im Jahr 2024 wurden dank der Gro\u00dfz\u00fcgigkeit unserer Spender \u2014 besonders an den Global Event Fund \u2014 60 Events in 21 L\u00e4ndern auf sechs Kontinenten mit Prem Rawat als Redner erm\u00f6glicht.Das [&hellip;]\" \/>\n<meta property=\"og:url\" content=\"https:\/\/www.wopg.org\/de\/words-of-peace-jahresbericht-2024\/\" \/>\n<meta property=\"og:site_name\" content=\"Words of Peace\" \/>\n<meta property=\"article:publisher\" content=\"https:\/\/www.facebook.com\/wordsofpeaceglobal\" \/>\n<meta property=\"article:modified_time\" content=\"2025-12-26T12:58:20+00:00\" \/>\n<meta name=\"twitter:card\" content=\"summary_large_image\" \/>\n<meta name=\"twitter:site\" content=\"@wopg\" \/>\n<meta name=\"twitter:label1\" content=\"Gesch\u00e4tzte Lesezeit\" \/>\n\t<meta name=\"twitter:data1\" content=\"3\u00a0Minuten\" \/>\n<script type=\"application\/ld+json\" class=\"yoast-schema-graph\">{\"@context\":\"https:\\\/\\\/schema.org\",\"@graph\":[{\"@type\":\"WebPage\",\"@id\":\"https:\\\/\\\/www.wopg.org\\\/de\\\/words-of-peace-jahresbericht-2024\\\/\",\"url\":\"https:\\\/\\\/www.wopg.org\\\/de\\\/words-of-peace-jahresbericht-2024\\\/\",\"name\":\"Words of Peace Jahresbericht 2024 | Words of Peace\",\"isPartOf\":{\"@id\":\"https:\\\/\\\/www.wopg.org\\\/de\\\/#website\"},\"datePublished\":\"2025-05-06T10:22:13+00:00\",\"dateModified\":\"2025-12-26T12:58:20+00:00\",\"breadcrumb\":{\"@id\":\"https:\\\/\\\/www.wopg.org\\\/de\\\/words-of-peace-jahresbericht-2024\\\/#breadcrumb\"},\"inLanguage\":\"de\",\"potentialAction\":[{\"@type\":\"ReadAction\",\"target\":[\"https:\\\/\\\/www.wopg.org\\\/de\\\/words-of-peace-jahresbericht-2024\\\/\"]}]},{\"@type\":\"BreadcrumbList\",\"@id\":\"https:\\\/\\\/www.wopg.org\\\/de\\\/words-of-peace-jahresbericht-2024\\\/#breadcrumb\",\"itemListElement\":[{\"@type\":\"ListItem\",\"position\":1,\"name\":\"Home\",\"item\":\"https:\\\/\\\/www.wopg.org\\\/de\\\/\"},{\"@type\":\"ListItem\",\"position\":2,\"name\":\"Words of Peace Jahresbericht 2024\"}]},{\"@type\":\"WebSite\",\"@id\":\"https:\\\/\\\/www.wopg.org\\\/de\\\/#website\",\"url\":\"https:\\\/\\\/www.wopg.org\\\/de\\\/\",\"name\":\"Words of Peace\",\"description\":\"Practice Peace, Change Your World\",\"publisher\":{\"@id\":\"https:\\\/\\\/www.wopg.org\\\/de\\\/#organization\"},\"potentialAction\":[{\"@type\":\"SearchAction\",\"target\":{\"@type\":\"EntryPoint\",\"urlTemplate\":\"https:\\\/\\\/www.wopg.org\\\/de\\\/?s={search_term_string}\"},\"query-input\":{\"@type\":\"PropertyValueSpecification\",\"valueRequired\":true,\"valueName\":\"search_term_string\"}}],\"inLanguage\":\"de\"},{\"@type\":\"Organization\",\"@id\":\"https:\\\/\\\/www.wopg.org\\\/de\\\/#organization\",\"name\":\"Words of Peace\",\"url\":\"https:\\\/\\\/www.wopg.org\\\/de\\\/\",\"logo\":{\"@type\":\"ImageObject\",\"inLanguage\":\"de\",\"@id\":\"https:\\\/\\\/www.wopg.org\\\/de\\\/#\\\/schema\\\/logo\\\/image\\\/\",\"url\":\"https:\\\/\\\/wopg.org\\\/wp-content\\\/uploads\\\/2022\\\/02\\\/Words-of-Peace-logo-website61x252.png\",\"contentUrl\":\"https:\\\/\\\/wopg.org\\\/wp-content\\\/uploads\\\/2022\\\/02\\\/Words-of-Peace-logo-website61x252.png\",\"width\":252,\"height\":61,\"caption\":\"Words of Peace\"},\"image\":{\"@id\":\"https:\\\/\\\/www.wopg.org\\\/de\\\/#\\\/schema\\\/logo\\\/image\\\/\"},\"sameAs\":[\"https:\\\/\\\/www.facebook.com\\\/wordsofpeaceglobal\",\"https:\\\/\\\/x.com\\\/wopg\",\"https:\\\/\\\/www.instagram.com\\\/wopgofficial\\\/\"]}]}<\/script>\n<!-- \/ Yoast SEO plugin. -->","yoast_head_json":{"title":"Words of Peace Jahresbericht 2024 | Words of Peace","robots":{"index":"index","follow":"follow","max-snippet":"max-snippet:-1","max-image-preview":"max-image-preview:large","max-video-preview":"max-video-preview:-1"},"canonical":"https:\/\/www.wopg.org\/de\/words-of-peace-jahresbericht-2024\/","og_locale":"de_DE","og_type":"article","og_title":"Words of Peace Jahresbericht 2024 | Words of Peace","og_description":"Words of Peace Jahresbericht 2024Seit mehr als sechs Jahrzehnten widmet sich Prem Rawat der Verbreitung seiner Botschaft pers\u00f6nlichen Friedens. Mit 67 ist sein Engagement ungebrochen.Im Jahr 2024 wurden dank der Gro\u00dfz\u00fcgigkeit unserer Spender \u2014 besonders an den Global Event Fund \u2014 60 Events in 21 L\u00e4ndern auf sechs Kontinenten mit Prem Rawat als Redner erm\u00f6glicht.Das [&hellip;]","og_url":"https:\/\/www.wopg.org\/de\/words-of-peace-jahresbericht-2024\/","og_site_name":"Words of Peace","article_publisher":"https:\/\/www.facebook.com\/wordsofpeaceglobal","article_modified_time":"2025-12-26T12:58:20+00:00","twitter_card":"summary_large_image","twitter_site":"@wopg","twitter_misc":{"Gesch\u00e4tzte Lesezeit":"3\u00a0Minuten"},"schema":{"@context":"https:\/\/schema.org","@graph":[{"@type":"WebPage","@id":"https:\/\/www.wopg.org\/de\/words-of-peace-jahresbericht-2024\/","url":"https:\/\/www.wopg.org\/de\/words-of-peace-jahresbericht-2024\/","name":"Words of Peace Jahresbericht 2024 | Words of Peace","isPartOf":{"@id":"https:\/\/www.wopg.org\/de\/#website"},"datePublished":"2025-05-06T10:22:13+00:00","dateModified":"2025-12-26T12:58:20+00:00","breadcrumb":{"@id":"https:\/\/www.wopg.org\/de\/words-of-peace-jahresbericht-2024\/#breadcrumb"},"inLanguage":"de","potentialAction":[{"@type":"ReadAction","target":["https:\/\/www.wopg.org\/de\/words-of-peace-jahresbericht-2024\/"]}]},{"@type":"BreadcrumbList","@id":"https:\/\/www.wopg.org\/de\/words-of-peace-jahresbericht-2024\/#breadcrumb","itemListElement":[{"@type":"ListItem","position":1,"name":"Home","item":"https:\/\/www.wopg.org\/de\/"},{"@type":"ListItem","position":2,"name":"Words of Peace Jahresbericht 2024"}]},{"@type":"WebSite","@id":"https:\/\/www.wopg.org\/de\/#website","url":"https:\/\/www.wopg.org\/de\/","name":"Words of Peace","description":"Practice Peace, Change Your World","publisher":{"@id":"https:\/\/www.wopg.org\/de\/#organization"},"potentialAction":[{"@type":"SearchAction","target":{"@type":"EntryPoint","urlTemplate":"https:\/\/www.wopg.org\/de\/?s={search_term_string}"},"query-input":{"@type":"PropertyValueSpecification","valueRequired":true,"valueName":"search_term_string"}}],"inLanguage":"de"},{"@type":"Organization","@id":"https:\/\/www.wopg.org\/de\/#organization","name":"Words of Peace","url":"https:\/\/www.wopg.org\/de\/","logo":{"@type":"ImageObject","inLanguage":"de","@id":"https:\/\/www.wopg.org\/de\/#\/schema\/logo\/image\/","url":"https:\/\/wopg.org\/wp-content\/uploads\/2022\/02\/Words-of-Peace-logo-website61x252.png","contentUrl":"https:\/\/wopg.org\/wp-content\/uploads\/2022\/02\/Words-of-Peace-logo-website61x252.png","width":252,"height":61,"caption":"Words of Peace"},"image":{"@id":"https:\/\/www.wopg.org\/de\/#\/schema\/logo\/image\/"},"sameAs":["https:\/\/www.facebook.com\/wordsofpeaceglobal","https:\/\/x.com\/wopg","https:\/\/www.instagram.com\/wopgofficial\/"]}]}},"_links":{"self":[{"href":"https:\/\/www.wopg.org\/de\/wp-json\/wp\/v2\/pages\/40422","targetHints":{"allow":["GET"]}}],"collection":[{"href":"https:\/\/www.wopg.org\/de\/wp-json\/wp\/v2\/pages"}],"about":[{"href":"https:\/\/www.wopg.org\/de\/wp-json\/wp\/v2\/types\/page"}],"author":[{"embeddable":true,"href":"https:\/\/www.wopg.org\/de\/wp-json\/wp\/v2\/users\/3"}],"replies":[{"embeddable":true,"href":"https:\/\/www.wopg.org\/de\/wp-json\/wp\/v2\/comments?post=40422"}],"version-history":[{"count":8,"href":"https:\/\/www.wopg.org\/de\/wp-json\/wp\/v2\/pages\/40422\/revisions"}],"predecessor-version":[{"id":45652,"href":"https:\/\/www.wopg.org\/de\/wp-json\/wp\/v2\/pages\/40422\/revisions\/45652"}],"wp:attachment":[{"href":"https:\/\/www.wopg.org\/de\/wp-json\/wp\/v2\/media?parent=40422"}],"wp:term":[{"taxonomy":"folder","embeddable":true,"href":"https:\/\/www.wopg.org\/de\/wp-json\/wp\/v2\/folder?post=40422"}],"curies":[{"name":"wp","href":"https:\/\/api.w.org\/{rel}","templated":true}]}}