{"id":40642,"date":"2025-05-08T12:38:21","date_gmt":"2025-05-08T12:38:21","guid":{"rendered":"https:\/\/www.wopg.org\/unsere-statuten-2025-2026\/"},"modified":"2025-12-26T13:34:24","modified_gmt":"2025-12-26T13:34:24","slug":"unsere-statuten-2025-2026","status":"publish","type":"page","link":"https:\/\/www.wopg.org\/de\/unsere-statuten-2025-2026\/","title":{"rendered":"Unsere Statuten 2025 \u2013 2026"},"content":{"rendered":"<p>[et_pb_section fb_built=&#8220;1&#8243; admin_label=&#8220;section&#8220; _builder_version=&#8220;4.16&#8243; global_colors_info=&#8220;{}&#8220;][et_pb_row admin_label=&#8220;row&#8220; _builder_version=&#8220;4.16&#8243; background_size=&#8220;initial&#8220; background_position=&#8220;top_left&#8220; background_repeat=&#8220;repeat&#8220; global_colors_info=&#8220;{}&#8220;][et_pb_column type=&#8220;4_4&#8243; _builder_version=&#8220;4.16&#8243; custom_padding=&#8220;|||&#8220; global_colors_info=&#8220;{}&#8220; custom_padding__hover=&#8220;|||&#8220;][et_pb_text admin_label=&#8220;Text&#8220; _builder_version=&#8220;4.27.4&#8243; link_font=&#8220;|700|||||||&#8220; background_size=&#8220;initial&#8220; background_position=&#8220;top_left&#8220; background_repeat=&#8220;repeat&#8220; hover_enabled=&#8220;0&#8243; global_colors_info=&#8220;{}&#8220; sticky_enabled=&#8220;0&#8243;]<\/p>\n<h2 class=\"s1\">Words of Peace Global<\/h2>\n<p><\/p>\n<p>Unsere Statuten 2025 \u2013 2026<br \/>Handelskammer Amsterdam: 34312991<br \/>RSIN: 819929803<\/p>\n<p><\/p>\n<p>&nbsp;<\/p>\n<p><\/p>\n<h3>Inhaltsverzeichnis<\/h3>\n<p><\/p>\n<ol id=\"l1\">\n<li data-list-text=\"1.\"><strong>Stiftungszweck<\/strong><\/li>\n<li data-list-text=\"2.\"><strong>Beschreibung<\/strong><\/li>\n<li data-list-text=\"3.\"><strong>Governance-Aktivit\u00e4ten<\/strong><\/li>\n<li data-list-text=\"4.\"><strong>Aktivit\u00e4ten der Stiftung<\/strong><\/li>\n<li data-list-text=\"5.\"><strong>Fundraising<\/strong><\/li>\n<li data-list-text=\"6.\"><strong>Kapitalmanagement<\/strong><\/li>\n<li data-list-text=\"7.\"><strong>Allgemeine Verwaltung<\/strong><\/li>\n<li data-list-text=\"8.\"><strong>Finanzverwaltung<\/strong><\/li>\n<\/ol>\n<p><\/p>\n<p>&nbsp;<\/p>\n<p><\/p>\n<p><strong>1. Stiftungszweck<\/strong><\/p>\n<p><\/p>\n<p>Der Text der Satzung hinsichtlich des Ziels lautet: \u201eDer Zweck, f\u00fcr den diese Stiftung gegr\u00fcndet wurde, umfasst gemeinn\u00fctzige, p\u00e4dagogische und wissenschaftliche Ziele, einschlie\u00dflich der F\u00f6rderung der von Prem Rawat formulierten Friedensbotschaft.\u201c<\/p>\n<p><\/p>\n<p>Konkret bedeutet dies, dass die Aktivit\u00e4ten der Words of Peace Global Foundation (im Folgenden: WOPG) darauf abzielen, die breite \u00d6ffentlichkeit weltweit \u00fcber die M\u00f6glichkeit pers\u00f6nlichen Friedens zu informieren, wie sie von Prem Rawat angeboten wird.<\/p>\n<p><\/p>\n<p><strong>2. Beschreibung<\/strong><\/p>\n<p><\/p>\n<p>2008 gegr\u00fcndet, setzt sich WOPG durchgehend f\u00fcr Transparenz und ethische Finanzpraktiken ein und ist politisch und finanziell unabh\u00e4ngig von Regierungen, politischen Ideologien, wirtschaftlichen Interessen oder religi\u00f6sem Glauben.<\/p>\n<p><\/p>\n<p>Die Stiftung ist gemeinn\u00fctzig und nimmt keine Geldaussch\u00fcttungen oder sonstigen Zahlungen zugunsten des pers\u00f6nlichen Nutzens einer Privatperson vor. Die Interessen sind ihrem Charakter nach rein allgemeiner Natur. WOPG ist von den niederl\u00e4ndischen Steuerbeh\u00f6rden als gemeinn\u00fctzige Einrichtung (ANBI) anerkannt.<\/p>\n<p><\/p>\n<p>WOPG ist bei der Handelskammer Amsterdam unter der Nummer 34312991 registriert; die RSIN (fr\u00fcher Steuernummer) lautet 819929803. Eingetragener Firmensitz ist Tweede J. van Campenstraat 117C, 1073 XR in Amsterdam.<\/p>\n<p><\/p>\n<p>Die Postanschrift lautet: P.O. Box 20627, NL \u2013 1001 NP, Amsterdam.<\/p>\n<p><\/p>\n<p>Informationen findest du auf <a href=\"https:\/\/www.wopg.org\/de\" target=\"_blank\" rel=\"noopener\">www.wopg.org<\/a>.<\/p>\n<p><\/p>\n<p><strong>3. Governance-Aktivit\u00e4ten<\/strong><\/p>\n<p><\/p>\n<p>Der Vorstand von WOPG besteht aus folgenden Mitgliedern:<\/p>\n<p><\/p>\n<ul id=\"l3\">\n<li data-list-text=\"\uf0a7\">Herr Roland Peter Klepzig, Vorsitzender, Schatzmeister und CEO<\/li>\n<li data-list-text=\"\uf0a7\">Herr Bart Bender, Sekret\u00e4r<\/li>\n<li data-list-text=\"\uf0a7\">Herr Gerardus Theodorus Johannes Heinst, Direktor<\/li>\n<\/ul>\n<p><\/p>\n<p>Die Vorstandsmitglieder erhalten au\u00dfer der Deckung ihrer Auslagen keine Verg\u00fctung.<\/p>\n<p><\/p>\n<p>Der Vorstand tagt, sooft es die Aktivit\u00e4ten erfordern, mindestens jedoch einmal im Jahr. \u00dcber jede formelle Sitzung wird ein Bericht erstellt. Zwischen den formellen Sitzungen stehen die Vorstandsmitglieder per E-Mail, Telefon und Zoom in Kontakt.<\/p>\n<p><\/p>\n<p>In den Vorstandssitzungen werden unter anderem die von mindestens zwei Vorstandsmitgliedern in den letzten Monaten getroffenen Entscheidungen best\u00e4tigt und die durchgef\u00fchrten oder durchzuf\u00fchrenden Aktivit\u00e4ten besprochen.<\/p>\n<p><\/p>\n<p>Im November eines jeden Jahres wird ein Jahreshaushalt erstellt, der im Dezember dem Vorstand vorgelegt wird. Bei Bedarf werden im Laufe des Jahres \u00fcberarbeitete Budgets erstellt. Bis zum 1. Juli werden durch den Vorstand die Bilanz sowie die Einnahmen- und Ausgabenrechnung der Stiftung vorbereitet und erstellt. Diese werden zeitnah auf der WOPG-Website ver\u00f6ffentlicht, in \u00dcbereinstimmung mit der aktuellen Gesetzgebung hinsichtlich ANBIs.\n<\/p>\n<p><\/p>\n<p><strong>4. Aktivit\u00e4ten der Stiftung<\/strong><\/p>\n<p><\/p>\n<p>WOPG erreicht seine Ziele durch folgende Aktivit\u00e4ten:<\/p>\n<p><\/p>\n<p>4.1. Unterst\u00fctzung von Veranstaltungen weltweit (Konferenzen, Tagungen, Seminare, Sitzungen) zum Thema pers\u00f6nlicher Frieden und Selbsterkenntnis das Thema ist. Die Besucherzahlen bei solchen Veranstaltungen reichen von 20 bis zu 300.000 Personen.<\/p>\n<p><\/p>\n<p>4.2. Unterst\u00fctzung von juristischen Personen (Organisationen und Personengruppen) in allen Teilen der Welt bei der Aus\u00fcbung gemeinn\u00fctziger Aktivit\u00e4ten, die sich &#8211; im Einklang mit den gemeinn\u00fctzigen Zielen der Stiftung &#8211; aus den konkreten Aktivit\u00e4ten dieser juristischen Personen ergeben.<\/p>\n<p><\/p>\n<p>4.3.  Bereitstellung von Informationen f\u00fcr die breite \u00d6ffentlichkeit \u00fcber bevorstehende Veranstaltungen und, sofern erforderlich, die Notwendigkeit ihrer finanziellen Unterst\u00fctzung.<\/p>\n<p><\/p>\n<p>Veranstaltungen und Treffen werden das ganze Jahr \u00fcber organisiert, entweder durch Bekanntmachung an die \u00d6ffentlichkeit bzw. an unterst\u00fctzende Kreise oder auf Einladung, durch die Teilnahme von Organisationen in verschiedenen L\u00e4ndern, wie z. B. in Abschnitt 4.2 oben erw\u00e4hnt. Regierungen und Parlamente, Bildungseinrichtungen (einschlie\u00dflich Universit\u00e4ten), Regierungsbeh\u00f6rden, gro\u00dfe Unternehmen und andere interessierte Gruppen k\u00f6nnen ebenfalls als Organisatoren f\u00fcr diese Veranstaltungen fungieren.<\/p>\n<p><\/p>\n<p>Eine \u00dcbersicht \u00fcber die wichtigsten von WOPG weltweit unterst\u00fctzten Veranstaltungen wird j\u00e4hrlich in Form eines\u00a0<i>Aktivit\u00e4tsberichts\u00a0<\/i>auf der WOPG-Website ver\u00f6ffentlicht.<\/p>\n<p><\/p>\n<p class=\"s8\">Aufzeichnungen der Veranstaltungen k\u00f6nnen im Internet eingesehen werden, beispielsweise auf YouTube; Teile davon bilden die Grundlage f\u00fcr kostenlose Kurse, die von ehrenamtlichen Helfern durchgef\u00fchrt werden, wie zum Beispiel das\u00a0<strong><a href=\"https:\/\/tprf.org\/de\/category\/friedens-bildungs-programm\/\" target=\"_blank\" rel=\"noopener\">Friedens-Bildungs-Programm<\/a><\/strong>\u00a0(Peace Education Program, kurz PEP), das sich in vielen Arten von Institutionen weltweit als \u00e4u\u00dferst effektiv erwiesen hat. Das\u00a0<strong><a href=\"https:\/\/tprf.org\/de\/italienische-haftanstalten-weiten-friedens-bildungs-programm-aus\/\" target=\"_blank\" rel=\"noopener\">italienische Justizministerium<\/a><\/strong>, stellt beispielsweise das PEP allen Gef\u00e4ngnissen kostenfrei zur Verf\u00fcgung.<\/p>\n<p><\/p>\n<p><strong>5. Fundraising<\/strong><\/p>\n<p><\/p>\n<p>Um ihre gemeinn\u00fctzigen Ziele erf\u00fcllen zu k\u00f6nnen, f\u00fchrt WOPG Spendenkampagnen durch. WOPG bezieht seine Einnahmen ausschlie\u00dflich aus Spenden und Zusch\u00fcssen, einschlie\u00dflich gelegentlicher Verm\u00e4chtnisse. Die Spenden stammen haupts\u00e4chlich von vielen Tausend Einzelpersonen auf der ganzen Welt, beinhalten aber auch Zusch\u00fcsse gleichgesinnter Organisationen wie \u201eWords of Peace International\u201c, einer gem\u00e4\u00df 501(c)(3) registrierten Wohlt\u00e4tigkeitsorganisation in den Vereinigten Staaten.<\/p>\n<p><\/p>\n<p>Die einmaligen und wiederkehrenden monatlichen Spenden gehen \u00fcber die Website von WOPG bzw. per Bank\u00fcberweisung direkt auf den Bankkonten von WOPG ein. \u00dcber die Verwendung der Zuwendungen zur Verwirklichung der Stiftungszwecke entscheidet der Vorstand von WOPG. WOPG legt einen Rechenschaftsbericht vor, in dem alle eingegangenen Spenden aufgef\u00fchrt sind.<\/p>\n<p><\/p>\n<p>Zum Zweck der Mittelbeschaffung geh\u00f6rt es, dass die Stiftung Schenkungen oder Zusch\u00fcsse an juristische Personen mit demselben Ziel leisten kann, welches sich aus der konkreten T\u00e4tigkeit dieser juristischen Personen ergibt. F\u00fcr Schenkungen oder Zuwendungen an ausl\u00e4ndische juristische Personen gilt die strikte Anwendung der aktuellen Steuergesetze und in der Regel erfolgen alle Schenkungen bzw. Zuwendungen auf der Grundlage einer schriftlichen Zuwendungsvereinbarung, in der der Zweck dokumentiert ist, f\u00fcr den die Schenkung bzw. Zuwendung erfolgt. Spenden erfolgen grunds\u00e4tzlich nur an nat\u00fcrliche oder juristische Personen, um eine gemeinn\u00fctzige T\u00e4tigkeit finanziell zu unterst\u00fctzen, die im Rahmen der T\u00e4tigkeiten liegt, die gem\u00e4\u00df den eigenen gemeinn\u00fctzigen Zielen von WOPG zul\u00e4ssig w\u00e4ren.<\/p>\n<p><\/p>\n<p><strong>6. Kapitalmanagement<\/strong><\/p>\n<p><\/p>\n<p>\u00dcber das von der Stiftung angesammelte Kapital kann nicht ein Vorstandsmitglied allein verf\u00fcgen, sondern nur zwei Vorstandsmitglieder gemeinsam. Die Stiftung stellt nicht mehr Kapital bereit, als f\u00fcr die ordnungsgem\u00e4\u00dfe Fortf\u00fchrung der voraussichtlichen Aktivit\u00e4ten im Zusammenhang mit der Erreichung der Stiftungsziele als angemessen und notwendig erachtet wird.<\/p>\n<p><\/p>\n<p>Wie in Absatz 5 erw\u00e4hnt, entscheidet der Vorstand von WOPG \u00fcber die Verwendung der Spenden zur Erreichung der Stiftungszwecke und WOPG erstellt einen Rechenschaftsbericht, der alle erhaltenen Spenden enth\u00e4lt.<\/p>\n<p><\/p>\n<p>S\u00e4mtliche durch WOPG get\u00e4tigte Zahlungen erfolgen elektronisch per Online-Banking. F\u00fcr alle Konten besteht eine Doppelvollmacht durch Zeichnungsberechtigte. Es werden nur vorab genehmigte Zahlungen autorisiert. Die Verm\u00f6genswerte von WOPG werden \u00fcberwiegend als Bankguthaben gehalten. Girokonten werden bei der Bank ABN AMRO in den Niederlanden gef\u00fchrt.<\/p>\n<p><\/p>\n<p>Es bestehen keine Spar- oder Anlagekonten.<\/p>\n<p><\/p>\n<p>Um die verschiedenen Prozesse innerhalb von WOPG strukturiert und kontrolliert verwalten zu k\u00f6nnen, wurden die folgenden Verfahren zur Bereitstellung von Spenden erarbeitet:<\/p>\n<p><\/p>\n<ul id=\"l5\">\n<li data-list-text=\"\uf0a7\">Personen und gemeinn\u00fctzige Organisationen, die eine Spende erhalten m\u00f6chten, m\u00fcssen einen Antrag bei WOPG stellen.<\/li>\n<li data-list-text=\"\uf0a7\">Den Spendenanfragen muss eine Beschreibung des Zwecks beiliegen, f\u00fcr den die Spende verwendet werden soll.<\/li>\n<li data-list-text=\"\uf0a7\">\u00dcber die Gew\u00e4hrung der beantragten Spende entscheidet der WOPG-Vorstand ( mindestens zwei Mitglieder). Der Vorstand kann die Bereitstellung der Spende hinsichtlich des genauen Verwendungszwecks an bestimmte Bedingungen kn\u00fcpfen.<\/li>\n<li data-list-text=\"\uf0a7\">WOPG erwartet vom Empf\u00e4nger, dass er den Erhalt der Spende mit einem Bericht best\u00e4tigt, aus dem hervorgeht, dass die Mittel f\u00fcr den gew\u00fcnschten Zweck verwendet wurden.<\/li>\n<li data-list-text=\"\uf0a7\">Das Auswahl-Management der F\u00f6rderantr\u00e4ge erfolgt durch den Vorstand.<\/li>\n<\/ul>\n<p><\/p>\n<p><strong>7. Allgemeine Verwaltung<\/strong><\/p>\n<p><\/p>\n<p>Die Konten von WOPG werden klar und transparent gef\u00fchrt. Die Verwaltungs- und Fundraisingkosten werden regelm\u00e4\u00dfig evaluiert, um sicherzustellen, dass sie auf das erforderliche Minimum begrenzt werden.In der Verwaltung werden unter anderem folgende Dokumente aufbewahrt:<\/p>\n<p><\/p>\n<ul id=\"l6\">\n<li data-list-text=\"\uf0a7\">Abrechnungen und Nachweise \u00fcber gew\u00e4hrte Spenden.<\/li>\n<li data-list-text=\"\uf0a7\">Art und Umfang der Ertr\u00e4ge und des Stiftungskapitals.<\/li>\n<li data-list-text=\"\uf0a7\">Die Betr\u00e4ge, die f\u00fcr die Mittelbeschaffung und die Verwaltung der Stiftung aufgewendet werden. Es muss ein angemessenes Verh\u00e4ltnis zwischen Kosten und Aufwand bestehen; die Kontrolle obliegt dem Vorstand.<\/li>\n<li data-list-text=\"\uf0a7\">Die Betr\u00e4ge, die einem Vorstandsmitglied zur Kostenerstattung gezahlt werden.<\/li>\n<li data-list-text=\"\uf0a7\">Allgemeine Finanzbuchhaltung.<\/li>\n<\/ul>\n<p><\/p>\n<p><strong>8. Finanzverwaltung<\/strong><\/p>\n<p><\/p>\n<p>Die Finanzverwaltung ist so organisiert, dass die folgenden Punkte transparent und sichtbar sind:<\/p>\n<p><\/p>\n<ul id=\"l7\">\n<li data-list-text=\"\uf0a7\">Die Verwaltungskosten liegen deutlich unter der Norm, da WOPG haupts\u00e4chlich mit ehrenamtlichen Helfern arbeitet. Die Managementpolitik zielt darauf ab, diesen Ansatz beizubehalten.<\/li>\n<li data-list-text=\"\uf0a7\">Auch die H\u00f6he der Aufwendungen f\u00fcr die Mittelbeschaffung war in den letzten Jahren moderat. Der Vorstand ist bestrebt, dies als Ansatz f\u00fcr die Mittelbeschaffung beizubehalten.<\/li>\n<li data-list-text=\"\uf0a7\">Neben den Verwaltungskosten und den Kosten der Mittelbeschaffung werden alle verf\u00fcgbaren Mittel entsprechend dem satzungsgem\u00e4\u00dfen Stiftungszweck verwendet. Diese Verfahrensweise ist struktureller Natur.<\/li>\n<li data-list-text=\"\uf0a7\">Gem\u00e4\u00df der Stiftungssatzung erhalten Vorstandsmitglieder keine Verg\u00fctung, k\u00f6nnen jedoch Auslagen erstattet bekommen. Die Einstellungs- und Verg\u00fctungspolitik des Managements und des Personals basiert auf folgenden Grunds\u00e4tzen: F\u00fchrungs- und Stabsfunktionen auf allen Ebenen werden nach M\u00f6glichkeit von qualifizierten Ehrenamtlichen wahrgenommen. Nur wenn es unbedingt erforderlich ist, werden Management- und Personalfunktionen von WOPG durch Mitarbeiter oder Auftragnehmer wahrgenommen. Diese Mitarbeiter\/Auftragnehmer erhalten eine bescheidene Verg\u00fctung.<\/li>\n<li data-list-text=\"\uf0a7\">Datensicherheit: WOPG nutzt externe Anbieter f\u00fcr ihr Spender-Verwaltungssystem und ihre Buchhaltungsunterlagen. Beide Anbieter haben die Sicherheit ihrer Systeme im Hinblick auf den Schutz vor Datenschutzverletzungen \u00fcberpr\u00fcft und sichern die Daten regelm\u00e4\u00dfig auf unabh\u00e4ngigen Servern. Dar\u00fcber hinaus sichert WOPG auch die Buchhaltungsdaten. Falls erforderlich, k\u00f6nnten Buchhaltungsunterlagen (mit einigem Aufwand) unabh\u00e4ngig und ohne R\u00fcckgriff auf den Anbieter wiederhergestellt werden. Akten und Dokumente in Papierform werden bei den WOPG-Mitarbeitern der Buchhaltung zu Hause aufbewahrt, bis sie in das sichere Archiv in Amsterdam \u00fcberf\u00fchrt werden. Ein Risiko wird dadurch minimiert, dass alle Dokumente auch elektronisch abgelegt werden und mehr als ein Mitarbeiter darauf Zugriff hat.<\/li>\n<\/ul>\n<p>[\/et_pb_text][et_pb_button button_url=&#8220;https:\/\/eadn-wc03-5903292.nxedge.io\/wp-content\/uploads\/2025\/05\/WOPG-Policy-Plan-May-2025-2026_DE.pdf&#8220; button_text=&#8220;Druckversion&#8220; button_alignment=&#8220;right&#8220; _builder_version=&#8220;4.27.4&#8243; _module_preset=&#8220;default&#8220; global_colors_info=&#8220;{}&#8220;][\/et_pb_button][\/et_pb_column][\/et_pb_row][\/et_pb_section]<\/p>\n","protected":false},"excerpt":{"rendered":"<p>Words of Peace GlobalUnsere Statuten 2025 \u2013 2026Handelskammer Amsterdam: 34312991RSIN: 819929803&nbsp;Inhaltsverzeichnis Stiftungszweck Beschreibung Governance-Aktivit\u00e4ten Aktivit\u00e4ten der Stiftung Fundraising Kapitalmanagement Allgemeine Verwaltung Finanzverwaltung &nbsp;1. StiftungszweckDer Text der Satzung hinsichtlich des Ziels lautet: \u201eDer Zweck, f\u00fcr den diese Stiftung gegr\u00fcndet wurde, umfasst gemeinn\u00fctzige, p\u00e4dagogische und wissenschaftliche Ziele, einschlie\u00dflich der F\u00f6rderung der von Prem Rawat formulierten Friedensbotschaft.\u201cKonkret bedeutet [&hellip;]<\/p>\n","protected":false},"author":14,"featured_media":0,"parent":0,"menu_order":0,"comment_status":"closed","ping_status":"closed","template":"","meta":{"_et_pb_use_builder":"on","_et_pb_old_content":"","_et_gb_content_width":"","footnotes":""},"folder":[],"class_list":["post-40642","page","type-page","status-publish","hentry"],"yoast_head":"<!-- This site is optimized with the Yoast SEO plugin v27.3 - https:\/\/yoast.com\/product\/yoast-seo-wordpress\/ -->\n<title>Unsere Statuten 2025 \u2013 2026 | Words of Peace<\/title>\n<meta name=\"robots\" content=\"index, follow, max-snippet:-1, max-image-preview:large, max-video-preview:-1\" \/>\n<link rel=\"canonical\" href=\"https:\/\/www.wopg.org\/de\/unsere-statuten-2025-2026\/\" \/>\n<meta property=\"og:locale\" content=\"de_DE\" \/>\n<meta property=\"og:type\" content=\"article\" \/>\n<meta property=\"og:title\" content=\"Unsere Statuten 2025 \u2013 2026 | Words of Peace\" \/>\n<meta property=\"og:description\" content=\"Words of Peace GlobalUnsere Statuten 2025 \u2013 2026Handelskammer Amsterdam: 34312991RSIN: 819929803&nbsp;Inhaltsverzeichnis Stiftungszweck Beschreibung Governance-Aktivit\u00e4ten Aktivit\u00e4ten der Stiftung Fundraising Kapitalmanagement Allgemeine Verwaltung Finanzverwaltung &nbsp;1. StiftungszweckDer Text der Satzung hinsichtlich des Ziels lautet: \u201eDer Zweck, f\u00fcr den diese Stiftung gegr\u00fcndet wurde, umfasst gemeinn\u00fctzige, p\u00e4dagogische und wissenschaftliche Ziele, einschlie\u00dflich der F\u00f6rderung der von Prem Rawat formulierten Friedensbotschaft.\u201cKonkret bedeutet [&hellip;]\" \/>\n<meta property=\"og:url\" content=\"https:\/\/www.wopg.org\/de\/unsere-statuten-2025-2026\/\" \/>\n<meta property=\"og:site_name\" content=\"Words of Peace\" \/>\n<meta property=\"article:publisher\" content=\"https:\/\/www.facebook.com\/wordsofpeaceglobal\" \/>\n<meta property=\"article:modified_time\" content=\"2025-12-26T13:34:24+00:00\" \/>\n<meta name=\"twitter:card\" content=\"summary_large_image\" \/>\n<meta name=\"twitter:site\" content=\"@wopg\" \/>\n<meta name=\"twitter:label1\" content=\"Gesch\u00e4tzte Lesezeit\" \/>\n\t<meta name=\"twitter:data1\" content=\"8\u00a0Minuten\" \/>\n<script type=\"application\/ld+json\" class=\"yoast-schema-graph\">{\"@context\":\"https:\\\/\\\/schema.org\",\"@graph\":[{\"@type\":\"WebPage\",\"@id\":\"https:\\\/\\\/www.wopg.org\\\/de\\\/unsere-statuten-2025-2026\\\/\",\"url\":\"https:\\\/\\\/www.wopg.org\\\/de\\\/unsere-statuten-2025-2026\\\/\",\"name\":\"Unsere Statuten 2025 \u2013 2026 | Words of Peace\",\"isPartOf\":{\"@id\":\"https:\\\/\\\/www.wopg.org\\\/de\\\/#website\"},\"datePublished\":\"2025-05-08T12:38:21+00:00\",\"dateModified\":\"2025-12-26T13:34:24+00:00\",\"breadcrumb\":{\"@id\":\"https:\\\/\\\/www.wopg.org\\\/de\\\/unsere-statuten-2025-2026\\\/#breadcrumb\"},\"inLanguage\":\"de\",\"potentialAction\":[{\"@type\":\"ReadAction\",\"target\":[\"https:\\\/\\\/www.wopg.org\\\/de\\\/unsere-statuten-2025-2026\\\/\"]}]},{\"@type\":\"BreadcrumbList\",\"@id\":\"https:\\\/\\\/www.wopg.org\\\/de\\\/unsere-statuten-2025-2026\\\/#breadcrumb\",\"itemListElement\":[{\"@type\":\"ListItem\",\"position\":1,\"name\":\"Home\",\"item\":\"https:\\\/\\\/www.wopg.org\\\/de\\\/\"},{\"@type\":\"ListItem\",\"position\":2,\"name\":\"Unsere Statuten 2025 \u2013 2026\"}]},{\"@type\":\"WebSite\",\"@id\":\"https:\\\/\\\/www.wopg.org\\\/de\\\/#website\",\"url\":\"https:\\\/\\\/www.wopg.org\\\/de\\\/\",\"name\":\"Words of Peace\",\"description\":\"Practice Peace, Change Your World\",\"publisher\":{\"@id\":\"https:\\\/\\\/www.wopg.org\\\/de\\\/#organization\"},\"potentialAction\":[{\"@type\":\"SearchAction\",\"target\":{\"@type\":\"EntryPoint\",\"urlTemplate\":\"https:\\\/\\\/www.wopg.org\\\/de\\\/?s={search_term_string}\"},\"query-input\":{\"@type\":\"PropertyValueSpecification\",\"valueRequired\":true,\"valueName\":\"search_term_string\"}}],\"inLanguage\":\"de\"},{\"@type\":\"Organization\",\"@id\":\"https:\\\/\\\/www.wopg.org\\\/de\\\/#organization\",\"name\":\"Words of Peace\",\"url\":\"https:\\\/\\\/www.wopg.org\\\/de\\\/\",\"logo\":{\"@type\":\"ImageObject\",\"inLanguage\":\"de\",\"@id\":\"https:\\\/\\\/www.wopg.org\\\/de\\\/#\\\/schema\\\/logo\\\/image\\\/\",\"url\":\"https:\\\/\\\/wopg.org\\\/wp-content\\\/uploads\\\/2022\\\/02\\\/Words-of-Peace-logo-website61x252.png\",\"contentUrl\":\"https:\\\/\\\/wopg.org\\\/wp-content\\\/uploads\\\/2022\\\/02\\\/Words-of-Peace-logo-website61x252.png\",\"width\":252,\"height\":61,\"caption\":\"Words of Peace\"},\"image\":{\"@id\":\"https:\\\/\\\/www.wopg.org\\\/de\\\/#\\\/schema\\\/logo\\\/image\\\/\"},\"sameAs\":[\"https:\\\/\\\/www.facebook.com\\\/wordsofpeaceglobal\",\"https:\\\/\\\/x.com\\\/wopg\",\"https:\\\/\\\/www.instagram.com\\\/wopgofficial\\\/\"]}]}<\/script>\n<!-- \/ Yoast SEO plugin. -->","yoast_head_json":{"title":"Unsere Statuten 2025 \u2013 2026 | Words of Peace","robots":{"index":"index","follow":"follow","max-snippet":"max-snippet:-1","max-image-preview":"max-image-preview:large","max-video-preview":"max-video-preview:-1"},"canonical":"https:\/\/www.wopg.org\/de\/unsere-statuten-2025-2026\/","og_locale":"de_DE","og_type":"article","og_title":"Unsere Statuten 2025 \u2013 2026 | Words of Peace","og_description":"Words of Peace GlobalUnsere Statuten 2025 \u2013 2026Handelskammer Amsterdam: 34312991RSIN: 819929803&nbsp;Inhaltsverzeichnis Stiftungszweck Beschreibung Governance-Aktivit\u00e4ten Aktivit\u00e4ten der Stiftung Fundraising Kapitalmanagement Allgemeine Verwaltung Finanzverwaltung &nbsp;1. StiftungszweckDer Text der Satzung hinsichtlich des Ziels lautet: \u201eDer Zweck, f\u00fcr den diese Stiftung gegr\u00fcndet wurde, umfasst gemeinn\u00fctzige, p\u00e4dagogische und wissenschaftliche Ziele, einschlie\u00dflich der F\u00f6rderung der von Prem Rawat formulierten Friedensbotschaft.\u201cKonkret bedeutet [&hellip;]","og_url":"https:\/\/www.wopg.org\/de\/unsere-statuten-2025-2026\/","og_site_name":"Words of Peace","article_publisher":"https:\/\/www.facebook.com\/wordsofpeaceglobal","article_modified_time":"2025-12-26T13:34:24+00:00","twitter_card":"summary_large_image","twitter_site":"@wopg","twitter_misc":{"Gesch\u00e4tzte Lesezeit":"8\u00a0Minuten"},"schema":{"@context":"https:\/\/schema.org","@graph":[{"@type":"WebPage","@id":"https:\/\/www.wopg.org\/de\/unsere-statuten-2025-2026\/","url":"https:\/\/www.wopg.org\/de\/unsere-statuten-2025-2026\/","name":"Unsere Statuten 2025 \u2013 2026 | Words of Peace","isPartOf":{"@id":"https:\/\/www.wopg.org\/de\/#website"},"datePublished":"2025-05-08T12:38:21+00:00","dateModified":"2025-12-26T13:34:24+00:00","breadcrumb":{"@id":"https:\/\/www.wopg.org\/de\/unsere-statuten-2025-2026\/#breadcrumb"},"inLanguage":"de","potentialAction":[{"@type":"ReadAction","target":["https:\/\/www.wopg.org\/de\/unsere-statuten-2025-2026\/"]}]},{"@type":"BreadcrumbList","@id":"https:\/\/www.wopg.org\/de\/unsere-statuten-2025-2026\/#breadcrumb","itemListElement":[{"@type":"ListItem","position":1,"name":"Home","item":"https:\/\/www.wopg.org\/de\/"},{"@type":"ListItem","position":2,"name":"Unsere Statuten 2025 \u2013 2026"}]},{"@type":"WebSite","@id":"https:\/\/www.wopg.org\/de\/#website","url":"https:\/\/www.wopg.org\/de\/","name":"Words of Peace","description":"Practice Peace, Change Your World","publisher":{"@id":"https:\/\/www.wopg.org\/de\/#organization"},"potentialAction":[{"@type":"SearchAction","target":{"@type":"EntryPoint","urlTemplate":"https:\/\/www.wopg.org\/de\/?s={search_term_string}"},"query-input":{"@type":"PropertyValueSpecification","valueRequired":true,"valueName":"search_term_string"}}],"inLanguage":"de"},{"@type":"Organization","@id":"https:\/\/www.wopg.org\/de\/#organization","name":"Words of Peace","url":"https:\/\/www.wopg.org\/de\/","logo":{"@type":"ImageObject","inLanguage":"de","@id":"https:\/\/www.wopg.org\/de\/#\/schema\/logo\/image\/","url":"https:\/\/wopg.org\/wp-content\/uploads\/2022\/02\/Words-of-Peace-logo-website61x252.png","contentUrl":"https:\/\/wopg.org\/wp-content\/uploads\/2022\/02\/Words-of-Peace-logo-website61x252.png","width":252,"height":61,"caption":"Words of Peace"},"image":{"@id":"https:\/\/www.wopg.org\/de\/#\/schema\/logo\/image\/"},"sameAs":["https:\/\/www.facebook.com\/wordsofpeaceglobal","https:\/\/x.com\/wopg","https:\/\/www.instagram.com\/wopgofficial\/"]}]}},"_links":{"self":[{"href":"https:\/\/www.wopg.org\/de\/wp-json\/wp\/v2\/pages\/40642","targetHints":{"allow":["GET"]}}],"collection":[{"href":"https:\/\/www.wopg.org\/de\/wp-json\/wp\/v2\/pages"}],"about":[{"href":"https:\/\/www.wopg.org\/de\/wp-json\/wp\/v2\/types\/page"}],"author":[{"embeddable":true,"href":"https:\/\/www.wopg.org\/de\/wp-json\/wp\/v2\/users\/14"}],"replies":[{"embeddable":true,"href":"https:\/\/www.wopg.org\/de\/wp-json\/wp\/v2\/comments?post=40642"}],"version-history":[{"count":8,"href":"https:\/\/www.wopg.org\/de\/wp-json\/wp\/v2\/pages\/40642\/revisions"}],"predecessor-version":[{"id":45669,"href":"https:\/\/www.wopg.org\/de\/wp-json\/wp\/v2\/pages\/40642\/revisions\/45669"}],"wp:attachment":[{"href":"https:\/\/www.wopg.org\/de\/wp-json\/wp\/v2\/media?parent=40642"}],"wp:term":[{"taxonomy":"folder","embeddable":true,"href":"https:\/\/www.wopg.org\/de\/wp-json\/wp\/v2\/folder?post=40642"}],"curies":[{"name":"wp","href":"https:\/\/api.w.org\/{rel}","templated":true}]}}