{"id":44784,"date":"2025-11-17T17:46:02","date_gmt":"2025-11-17T17:46:02","guid":{"rendered":"https:\/\/www.wopg.org\/mithilfe\/"},"modified":"2026-04-04T16:08:25","modified_gmt":"2026-04-04T16:08:25","slug":"mithilfe","status":"publish","type":"page","link":"https:\/\/www.wopg.org\/de\/mithilfe\/","title":{"rendered":"MITHILFE"},"content":{"rendered":"<p>[et_pb_section fb_built=&#8220;1&#8243; fullwidth=&#8220;on&#8220; _builder_version=&#8220;4.24.3&#8243; _module_preset=&#8220;default&#8220; background_color=&#8220;RGBA(255,255,255,0)&#8220; global_colors_info=&#8220;{}&#8220;][et_pb_fullwidth_image src=&#8220;https:\/\/eadn-wc03-5903292.nxedge.io\/wp-content\/uploads\/2025\/11\/Volunteers-01.jpg&#8220; alt=&#8220;Prem Rawat&#8220; title_text=&#8220;Volunteers-01&#8243; _builder_version=&#8220;4.27.4&#8243; _module_preset=&#8220;default&#8220; global_colors_info=&#8220;{}&#8220;][\/et_pb_fullwidth_image][\/et_pb_section][et_pb_section fb_built=&#8220;1&#8243; _builder_version=&#8220;4.27.4&#8243; background_color=&#8220;RGBA(255,255,255,0)&#8220; custom_padding=&#8220;||0px||false|false&#8220; global_colors_info=&#8220;{}&#8220;][et_pb_row column_padding_mobile=&#8220;on&#8220; _builder_version=&#8220;4.24.3&#8243; background_size=&#8220;initial&#8220; background_position=&#8220;top_left&#8220; background_repeat=&#8220;repeat&#8220; custom_padding=&#8220;0px||0px||false|false&#8220; border_color_bottom=&#8220;#008B73&#8243; make_fullwidth=&#8220;off&#8220; use_custom_width=&#8220;off&#8220; width_unit=&#8220;on&#8220; global_colors_info=&#8220;{}&#8220;][et_pb_column type=&#8220;4_4&#8243; _builder_version=&#8220;4.18.0&#8243; global_colors_info=&#8220;{}&#8220; custom_padding__hover=&#8220;|||&#8220; custom_padding__hover_enabled=&#8220;on|desktop&#8220;][et_pb_text _builder_version=&#8220;4.27.5&#8243; header_text_color=&#8220;#008B73&#8243; header_2_line_height=&#8220;2em&#8220; header_3_line_height=&#8220;2em&#8220; header_4_text_color=&#8220;#4D4D4D&#8220; header_4_font_size=&#8220;30px&#8220; header_4_line_height=&#8220;2.5em&#8220; background_size=&#8220;initial&#8220; background_position=&#8220;top_left&#8220; background_repeat=&#8220;repeat&#8220; text_orientation=&#8220;center&#8220; module_alignment=&#8220;center&#8220; use_border_color=&#8220;off&#8220; global_colors_info=&#8220;{}&#8220;]<\/p>\n<h1 class=\"p1\"><span style=\"font-weight: 400;\">Angebote f\u00fcr Volunteers vom Words of Peace Event Team<\/span><\/h1>\n<p>[\/et_pb_text][et_pb_text disabled_on=&#8220;off|off|off&#8220; _builder_version=&#8220;4.27.5&#8243; _module_preset=&#8220;default&#8220; custom_margin=&#8220;||0px||false|false&#8220; hover_enabled=&#8220;0&#8243; global_colors_info=&#8220;{}&#8220; sticky_enabled=&#8220;0&#8243;]<\/p>\n<p dir=\"ltr\"><span style=\"font-weight: 400;\">Words of Peace erneuert seinen Ansatz zu einer st\u00e4rkeren Regionalisierung des Event Teams. Dies erm\u00f6glicht mehr Flexibilit\u00e4t bei der Planung von Prem Rawats Events und ist f\u00fcr dich als Volunteer eine Gelegenheit, Teil des Teams zu werden \u2013 sowohl im Bereich Productions als auch bei anderen Event-Aktivit\u00e4ten.<\/span><\/p>\n<p><\/p>\n<p><span style=\"font-weight: 400;\">Folgende Funktionen sind zu besetzen:<\/span><\/p>\n<p>[\/et_pb_text][\/et_pb_column][\/et_pb_row][\/et_pb_section][et_pb_section fb_built=&#8220;1&#8243; disabled_on=&#8220;off|off|off&#8220; _builder_version=&#8220;4.27.5&#8243; _module_preset=&#8220;default&#8220; custom_padding=&#8220;0px||0px||false|false&#8220; global_colors_info=&#8220;{}&#8220;][et_pb_row _builder_version=&#8220;4.27.4&#8243; _module_preset=&#8220;default&#8220; global_colors_info=&#8220;{}&#8220;][et_pb_column type=&#8220;4_4&#8243; _builder_version=&#8220;4.27.4&#8243; _module_preset=&#8220;default&#8220; global_colors_info=&#8220;{}&#8220;][et_pb_text _builder_version=&#8220;4.27.5&#8243; _module_preset=&#8220;default&#8220; ul_line_height=&#8220;2em&#8220; header_3_font=&#8220;||||||||&#8220; header_3_text_color=&#8220;#008B73&#8243; header_3_font_size=&#8220;24px&#8220; header_3_line_height=&#8220;2em&#8220; custom_padding=&#8220;|||20px|false|false&#8220; hover_enabled=&#8220;0&#8243; global_colors_info=&#8220;{}&#8220; sticky_enabled=&#8220;0&#8243;]<\/p>\n<ul>\n<li><span> Local Audio Manager &amp; Operator<\/span><\/li>\n<li><span>Local Driver &amp; Gofer<\/span><\/li>\n<li><span>Global Event Productions Design Assistant<\/span><\/li>\n<li><span>Local Productions Manager<\/span><\/li>\n<li><span>Regional Purchases &amp; Bookings Representative<\/span><\/li>\n<li><span>Local Setup Manager<\/span><\/li>\n<li><span>Local Staging Assistant<\/span><\/li>\n<li><span>Local Staging Assistant &amp; Fabricator<\/span><\/li>\n<li><span>Local Staging Manager<\/span><\/li>\n<li><span>Regional Translation Technical Manager<\/span><\/li>\n<li><span>Local Video Manager &amp; Operator<\/span><\/li>\n<li><span>Local Lighting Manager &amp; Operator<\/span><\/li>\n<li><span>Local Event Coordinator<\/span><\/li>\n<li><span>Local Ticketing &amp; Seating Manager<\/span><\/li>\n<li><span>Regional Productions Contact<\/span><\/li>\n<li><span>Local Ticketing &amp; Seating Support<\/span><\/li>\n<li><span>Regional Registration Manager<\/span><\/li>\n<li><span>Local Front Seating Coordinator<\/span><\/li>\n<li><span>Local Lobby Coordinator<\/span><\/li>\n<li><span>Local Lobby Helpers<\/span><\/li>\n<li><span>Local Usher<\/span><\/li>\n<li><span>Local Usher Coordinator<\/span><\/li>\n<li><span>Local Productions Assistant<\/span><\/li>\n<\/ul>\n<p>[\/et_pb_text][et_pb_text _builder_version=&#8220;4.27.5&#8243; _module_preset=&#8220;default&#8220; custom_margin=&#8220;||0px||false|false&#8220; global_colors_info=&#8220;{}&#8220;]<\/p>\n<p><a href=\"https:\/\/gamma.app\/docs\/German-Volunteer-Portal-Guide-EVOL-6knrwo1wbpe0ws9?mode=present#card-zo7n5augewz60dh\" target=\"_blank\" rel=\"noopener\">Freiwilligenportal-Leitfaden<\/a>. Mehr herausfinden<\/span>: <strong><a href=\"https:\/\/www.wopg.org\/de\/evol-ist-jetzt-live\/\" target=\"_blank\" rel=\"noopener\">EVOL<\/a><\/strong><\/p>\n<p>[\/et_pb_text][\/et_pb_column][\/et_pb_row][\/et_pb_section][et_pb_section fb_built=&#8220;1&#8243; disabled_on=&#8220;on|on|on&#8220; _builder_version=&#8220;4.27.5&#8243; _module_preset=&#8220;default&#8220; custom_padding=&#8220;0px||0px||false|false&#8220; disabled=&#8220;on&#8220; global_colors_info=&#8220;{}&#8220;][et_pb_row _builder_version=&#8220;4.27.5&#8243; _module_preset=&#8220;default&#8220; global_colors_info=&#8220;{}&#8220;][et_pb_column type=&#8220;4_4&#8243; _builder_version=&#8220;4.27.5&#8243; _module_preset=&#8220;default&#8220; global_colors_info=&#8220;{}&#8220;][et_pb_text _builder_version=&#8220;4.27.5&#8243; _module_preset=&#8220;default&#8220; global_colors_info=&#8220;{}&#8220;]<\/p>\n<p dir=\"ltr\"><span><span style=\"font-weight: 400;\">Klicke auf die Aufgaben, die dich interessieren, um die jeweiligen Anforderungen einzusehen, und bereite deinen Lebenslauf entsprechend den Position(en) vor, die am besten zu deinen Interessen, F\u00e4higkeiten und Erfahrungen passen. Weitere Informationen zu den Aufgaben und zum Bewerbungsprozess findest du unter<\/span>\u00a0<a href=\"https:\/\/www.wopg.org\/de\/event-team-volunteers-fragen-antworten\/\" target=\"_blank\" rel=\"noopener\">www.wopg.org\/de\/event-team-volunteers-fragen-antworten\/<\/a><\/span><\/p>\n<p><\/p>\n<p><span style=\"font-weight: 400;\">Unsere n\u00e4chste E-Mail Mitte Januar wird einen Link enthalten, \u00fcber den du dich bewerben kannst. Deine Bewerbung(en) wird\/werden in einem strukturierten Auswahlverfahren gepr\u00fcft, und die ausgew\u00e4hlten Volunteers werden vom Team kontaktiert.<\/span><\/p>\n<p><\/p>\n<p><span><span style=\"font-weight: 400;\">Falls du das Video von Words of Peace \u201eHinter den Kulissen: Event Team Evolution\u201c \u00fcber diese Initiative noch nicht gesehen hast,<\/span>\u00a0<\/span><a href=\"https:\/\/www.wopg.org\/de\/hinter-den-kulissen-2026-neuaufstellung-des-event-teams\/\" target=\"_blank\" rel=\"noopener\">klicke\u00a0bitte hier<\/a><span>.<\/span><\/p>\n<p><\/p>\n<p><span><span style=\"font-weight: 400;\">Aufgaben f\u00fcr Volunteers werden laufend ausgeschrieben. Bei Interesse besuche diese Seite <\/span>regelm\u00e4\u00dfig um mehr zu erfahren.<\/span><\/p>\n<p><\/p>\n<ul dir=\"ltr\"><\/ul>\n<p>[\/et_pb_text][\/et_pb_column][\/et_pb_row][\/et_pb_section][et_pb_section fb_built=&#8220;1&#8243; disabled_on=&#8220;on|on|on&#8220; _builder_version=&#8220;4.27.5&#8243; _module_preset=&#8220;default&#8220; custom_padding=&#8220;0px||||false|false&#8220; disabled=&#8220;on&#8220; global_colors_info=&#8220;{}&#8220;][et_pb_row _builder_version=&#8220;4.27.4&#8243; _module_preset=&#8220;default&#8220; global_colors_info=&#8220;{}&#8220;][et_pb_column type=&#8220;4_4&#8243; _builder_version=&#8220;4.27.4&#8243; _module_preset=&#8220;default&#8220; global_colors_info=&#8220;{}&#8220;][et_pb_text _builder_version=&#8220;4.27.5&#8243; _module_preset=&#8220;default&#8220; global_colors_info=&#8220;{}&#8220;]<\/p>\n<p><i><span style=\"font-weight: 400;\">Words of Peace nimmt den Schutz deiner Privatsph\u00e4re im Internet ernst und sch\u00fctzt die Informationen, die du mit uns teilst. Weitere Informationen dazu: <\/span><\/i><a href=\"https:\/\/www.wopg.org\/de\/datenschutzrichtlinie\/\" target=\"_blank\" rel=\"noopener\"><i><span style=\"font-weight: 400;\">www.wopg.org\/de\/datenschutzrichtlinie\/<\/span><\/i> <\/a><\/p>\n<p>[\/et_pb_text][\/et_pb_column][\/et_pb_row][\/et_pb_section]<\/p>\n","protected":false},"excerpt":{"rendered":"<p>Angebote f\u00fcr Volunteers vom Words of Peace Event TeamWords of Peace erneuert seinen Ansatz zu einer st\u00e4rkeren Regionalisierung des Event Teams. Dies erm\u00f6glicht mehr Flexibilit\u00e4t bei der Planung von Prem Rawats Events und ist f\u00fcr dich als Volunteer eine Gelegenheit, Teil des Teams zu werden \u2013 sowohl im Bereich Productions als auch bei anderen Event-Aktivit\u00e4ten.Folgende [&hellip;]<\/p>\n","protected":false},"author":3,"featured_media":0,"parent":0,"menu_order":0,"comment_status":"closed","ping_status":"closed","template":"","meta":{"_et_pb_use_builder":"on","_et_pb_old_content":"","_et_gb_content_width":"","cybocfi_hide_featured_image":"","footnotes":""},"folder":[],"class_list":["post-44784","page","type-page","status-publish","hentry"],"yoast_head":"<!-- This site is optimized with the Yoast SEO plugin v27.3 - https:\/\/yoast.com\/product\/yoast-seo-wordpress\/ -->\n<title>MITHILFE | Words of Peace<\/title>\n<meta name=\"robots\" content=\"index, follow, max-snippet:-1, max-image-preview:large, max-video-preview:-1\" \/>\n<link rel=\"canonical\" href=\"https:\/\/www.wopg.org\/de\/mithilfe\/\" \/>\n<meta property=\"og:locale\" content=\"de_DE\" \/>\n<meta property=\"og:type\" content=\"article\" \/>\n<meta property=\"og:title\" content=\"MITHILFE | Words of Peace\" \/>\n<meta property=\"og:description\" content=\"Angebote f\u00fcr Volunteers vom Words of Peace Event TeamWords of Peace erneuert seinen Ansatz zu einer st\u00e4rkeren Regionalisierung des Event Teams. Dies erm\u00f6glicht mehr Flexibilit\u00e4t bei der Planung von Prem Rawats Events und ist f\u00fcr dich als Volunteer eine Gelegenheit, Teil des Teams zu werden \u2013 sowohl im Bereich Productions als auch bei anderen Event-Aktivit\u00e4ten.Folgende [&hellip;]\" \/>\n<meta property=\"og:url\" content=\"https:\/\/www.wopg.org\/de\/mithilfe\/\" \/>\n<meta property=\"og:site_name\" content=\"Words of Peace\" \/>\n<meta property=\"article:publisher\" content=\"https:\/\/www.facebook.com\/wordsofpeaceglobal\" \/>\n<meta property=\"article:modified_time\" content=\"2026-04-04T16:08:25+00:00\" \/>\n<meta name=\"twitter:card\" content=\"summary_large_image\" \/>\n<meta name=\"twitter:site\" content=\"@wopg\" \/>\n<meta name=\"twitter:label1\" content=\"Gesch\u00e4tzte Lesezeit\" \/>\n\t<meta name=\"twitter:data1\" content=\"4\u00a0Minuten\" \/>\n<script type=\"application\/ld+json\" class=\"yoast-schema-graph\">{\"@context\":\"https:\\\/\\\/schema.org\",\"@graph\":[{\"@type\":\"WebPage\",\"@id\":\"https:\\\/\\\/www.wopg.org\\\/de\\\/mithilfe\\\/\",\"url\":\"https:\\\/\\\/www.wopg.org\\\/de\\\/mithilfe\\\/\",\"name\":\"MITHILFE | Words of Peace\",\"isPartOf\":{\"@id\":\"https:\\\/\\\/www.wopg.org\\\/de\\\/#website\"},\"datePublished\":\"2025-11-17T17:46:02+00:00\",\"dateModified\":\"2026-04-04T16:08:25+00:00\",\"breadcrumb\":{\"@id\":\"https:\\\/\\\/www.wopg.org\\\/de\\\/mithilfe\\\/#breadcrumb\"},\"inLanguage\":\"de\",\"potentialAction\":[{\"@type\":\"ReadAction\",\"target\":[\"https:\\\/\\\/www.wopg.org\\\/de\\\/mithilfe\\\/\"]}]},{\"@type\":\"BreadcrumbList\",\"@id\":\"https:\\\/\\\/www.wopg.org\\\/de\\\/mithilfe\\\/#breadcrumb\",\"itemListElement\":[{\"@type\":\"ListItem\",\"position\":1,\"name\":\"Home\",\"item\":\"https:\\\/\\\/www.wopg.org\\\/de\\\/\"},{\"@type\":\"ListItem\",\"position\":2,\"name\":\"MITHILFE\"}]},{\"@type\":\"WebSite\",\"@id\":\"https:\\\/\\\/www.wopg.org\\\/de\\\/#website\",\"url\":\"https:\\\/\\\/www.wopg.org\\\/de\\\/\",\"name\":\"Words of Peace\",\"description\":\"Practice Peace, Change Your World\",\"publisher\":{\"@id\":\"https:\\\/\\\/www.wopg.org\\\/de\\\/#organization\"},\"potentialAction\":[{\"@type\":\"SearchAction\",\"target\":{\"@type\":\"EntryPoint\",\"urlTemplate\":\"https:\\\/\\\/www.wopg.org\\\/de\\\/?s={search_term_string}\"},\"query-input\":{\"@type\":\"PropertyValueSpecification\",\"valueRequired\":true,\"valueName\":\"search_term_string\"}}],\"inLanguage\":\"de\"},{\"@type\":\"Organization\",\"@id\":\"https:\\\/\\\/www.wopg.org\\\/de\\\/#organization\",\"name\":\"Words of Peace\",\"url\":\"https:\\\/\\\/www.wopg.org\\\/de\\\/\",\"logo\":{\"@type\":\"ImageObject\",\"inLanguage\":\"de\",\"@id\":\"https:\\\/\\\/www.wopg.org\\\/de\\\/#\\\/schema\\\/logo\\\/image\\\/\",\"url\":\"https:\\\/\\\/wopg.org\\\/wp-content\\\/uploads\\\/2022\\\/02\\\/Words-of-Peace-logo-website61x252.png\",\"contentUrl\":\"https:\\\/\\\/wopg.org\\\/wp-content\\\/uploads\\\/2022\\\/02\\\/Words-of-Peace-logo-website61x252.png\",\"width\":252,\"height\":61,\"caption\":\"Words of Peace\"},\"image\":{\"@id\":\"https:\\\/\\\/www.wopg.org\\\/de\\\/#\\\/schema\\\/logo\\\/image\\\/\"},\"sameAs\":[\"https:\\\/\\\/www.facebook.com\\\/wordsofpeaceglobal\",\"https:\\\/\\\/x.com\\\/wopg\",\"https:\\\/\\\/www.instagram.com\\\/wopgofficial\\\/\"]}]}<\/script>\n<!-- \/ Yoast SEO plugin. -->","yoast_head_json":{"title":"MITHILFE | Words of Peace","robots":{"index":"index","follow":"follow","max-snippet":"max-snippet:-1","max-image-preview":"max-image-preview:large","max-video-preview":"max-video-preview:-1"},"canonical":"https:\/\/www.wopg.org\/de\/mithilfe\/","og_locale":"de_DE","og_type":"article","og_title":"MITHILFE | Words of Peace","og_description":"Angebote f\u00fcr Volunteers vom Words of Peace Event TeamWords of Peace erneuert seinen Ansatz zu einer st\u00e4rkeren Regionalisierung des Event Teams. Dies erm\u00f6glicht mehr Flexibilit\u00e4t bei der Planung von Prem Rawats Events und ist f\u00fcr dich als Volunteer eine Gelegenheit, Teil des Teams zu werden \u2013 sowohl im Bereich Productions als auch bei anderen Event-Aktivit\u00e4ten.Folgende [&hellip;]","og_url":"https:\/\/www.wopg.org\/de\/mithilfe\/","og_site_name":"Words of Peace","article_publisher":"https:\/\/www.facebook.com\/wordsofpeaceglobal","article_modified_time":"2026-04-04T16:08:25+00:00","twitter_card":"summary_large_image","twitter_site":"@wopg","twitter_misc":{"Gesch\u00e4tzte Lesezeit":"4\u00a0Minuten"},"schema":{"@context":"https:\/\/schema.org","@graph":[{"@type":"WebPage","@id":"https:\/\/www.wopg.org\/de\/mithilfe\/","url":"https:\/\/www.wopg.org\/de\/mithilfe\/","name":"MITHILFE | Words of Peace","isPartOf":{"@id":"https:\/\/www.wopg.org\/de\/#website"},"datePublished":"2025-11-17T17:46:02+00:00","dateModified":"2026-04-04T16:08:25+00:00","breadcrumb":{"@id":"https:\/\/www.wopg.org\/de\/mithilfe\/#breadcrumb"},"inLanguage":"de","potentialAction":[{"@type":"ReadAction","target":["https:\/\/www.wopg.org\/de\/mithilfe\/"]}]},{"@type":"BreadcrumbList","@id":"https:\/\/www.wopg.org\/de\/mithilfe\/#breadcrumb","itemListElement":[{"@type":"ListItem","position":1,"name":"Home","item":"https:\/\/www.wopg.org\/de\/"},{"@type":"ListItem","position":2,"name":"MITHILFE"}]},{"@type":"WebSite","@id":"https:\/\/www.wopg.org\/de\/#website","url":"https:\/\/www.wopg.org\/de\/","name":"Words of Peace","description":"Practice Peace, Change Your World","publisher":{"@id":"https:\/\/www.wopg.org\/de\/#organization"},"potentialAction":[{"@type":"SearchAction","target":{"@type":"EntryPoint","urlTemplate":"https:\/\/www.wopg.org\/de\/?s={search_term_string}"},"query-input":{"@type":"PropertyValueSpecification","valueRequired":true,"valueName":"search_term_string"}}],"inLanguage":"de"},{"@type":"Organization","@id":"https:\/\/www.wopg.org\/de\/#organization","name":"Words of Peace","url":"https:\/\/www.wopg.org\/de\/","logo":{"@type":"ImageObject","inLanguage":"de","@id":"https:\/\/www.wopg.org\/de\/#\/schema\/logo\/image\/","url":"https:\/\/wopg.org\/wp-content\/uploads\/2022\/02\/Words-of-Peace-logo-website61x252.png","contentUrl":"https:\/\/wopg.org\/wp-content\/uploads\/2022\/02\/Words-of-Peace-logo-website61x252.png","width":252,"height":61,"caption":"Words of Peace"},"image":{"@id":"https:\/\/www.wopg.org\/de\/#\/schema\/logo\/image\/"},"sameAs":["https:\/\/www.facebook.com\/wordsofpeaceglobal","https:\/\/x.com\/wopg","https:\/\/www.instagram.com\/wopgofficial\/"]}]}},"_links":{"self":[{"href":"https:\/\/www.wopg.org\/de\/wp-json\/wp\/v2\/pages\/44784","targetHints":{"allow":["GET"]}}],"collection":[{"href":"https:\/\/www.wopg.org\/de\/wp-json\/wp\/v2\/pages"}],"about":[{"href":"https:\/\/www.wopg.org\/de\/wp-json\/wp\/v2\/types\/page"}],"author":[{"embeddable":true,"href":"https:\/\/www.wopg.org\/de\/wp-json\/wp\/v2\/users\/3"}],"replies":[{"embeddable":true,"href":"https:\/\/www.wopg.org\/de\/wp-json\/wp\/v2\/comments?post=44784"}],"version-history":[{"count":42,"href":"https:\/\/www.wopg.org\/de\/wp-json\/wp\/v2\/pages\/44784\/revisions"}],"predecessor-version":[{"id":48131,"href":"https:\/\/www.wopg.org\/de\/wp-json\/wp\/v2\/pages\/44784\/revisions\/48131"}],"wp:attachment":[{"href":"https:\/\/www.wopg.org\/de\/wp-json\/wp\/v2\/media?parent=44784"}],"wp:term":[{"taxonomy":"folder","embeddable":true,"href":"https:\/\/www.wopg.org\/de\/wp-json\/wp\/v2\/folder?post=44784"}],"curies":[{"name":"wp","href":"https:\/\/api.w.org\/{rel}","templated":true}]}}