{"id":45033,"date":"2025-12-05T18:48:06","date_gmt":"2025-12-05T18:48:06","guid":{"rendered":"https:\/\/www.wopg.org\/event-team-volunteers-fragen-antworten\/"},"modified":"2026-01-05T20:45:03","modified_gmt":"2026-01-05T20:45:03","slug":"event-team-volunteers-fragen-antworten","status":"publish","type":"page","link":"https:\/\/www.wopg.org\/de\/event-team-volunteers-fragen-antworten\/","title":{"rendered":"Event Team Volunteers \u2013 Fragen &#038; Antworten"},"content":{"rendered":"<p>[et_pb_section fb_built=&#8220;1&#8243; disabled_on=&#8220;off|off|off&#8220; _builder_version=&#8220;4.27.4&#8243; _module_preset=&#8220;default&#8220; custom_padding=&#8220;0px||||false|false&#8220; locked=&#8220;off&#8220; global_colors_info=&#8220;{}&#8220;][et_pb_row _builder_version=&#8220;4.16&#8243; background_size=&#8220;initial&#8220; background_position=&#8220;top_left&#8220; background_repeat=&#8220;repeat&#8220; locked=&#8220;off&#8220; global_colors_info=&#8220;{}&#8220;][et_pb_column type=&#8220;4_4&#8243; _builder_version=&#8220;4.16&#8243; custom_padding=&#8220;|||&#8220; global_colors_info=&#8220;{}&#8220; custom_padding__hover=&#8220;|||&#8220;][et_pb_text admin_label=&#8220;KNOWLEDGE&#8220; _builder_version=&#8220;4.27.4&#8243; header_text_color=&#8220;#4D4D4D&#8220; header_line_height=&#8220;1.5em&#8220; header_4_text_color=&#8220;#4D4D4D&#8220; header_4_font_size=&#8220;30px&#8220; background_size=&#8220;initial&#8220; background_position=&#8220;top_left&#8220; background_repeat=&#8220;repeat&#8220; text_orientation=&#8220;center&#8220; module_alignment=&#8220;center&#8220; use_border_color=&#8220;off&#8220; border_color=&#8220;#ffffff&#8220; border_style=&#8220;solid&#8220; global_colors_info=&#8220;{}&#8220;]<\/p>\n<h1 style=\"text-align: left;\">Event Team Volunteers \u2013 Fragen &#038; Antworten<\/h1>\n<p>[\/et_pb_text][et_pb_accordion open_toggle_text_color=&#8220;#4D4D4D&#8220; closed_toggle_text_color=&#8220;#4D4D4D&#8220; use_icon_font_size=&#8220;on&#8220; icon_font_size=&#8220;24px&#8220; _builder_version=&#8220;4.27.5&#8243; hover_enabled=&#8220;0&#8243; use_border_color=&#8220;off&#8220; border_color=&#8220;#ffffff&#8220; border_style=&#8220;solid&#8220; global_colors_info=&#8220;{}&#8220; sticky_enabled=&#8220;0&#8243;][et_pb_accordion_item title=&#8220;Kann ich mich auf mehr als eine Funktion bewerben?&#8220; open=&#8220;on&#8220; _builder_version=&#8220;4.27.4&#8243; global_colors_info=&#8220;{}&#8220;]<\/p>\n<p><span style=\"font-weight: 400;\">Ja. Du kannst dich bei entsprechenden Skills und Verf\u00fcgbarkeiten auf mehrere Funktionen bewerben. W\u00e4hrend des Auswahlprozesses identifiziert unser Team die beste \u00dcbereinstimmung basierend auf deiner Erfahrung, deinen Interessen und den Event-Anforderungen.<\/span><\/p>\n<p>[\/et_pb_accordion_item][et_pb_accordion_item title=&#8220;Was passiert, nachdem ich mich beworben habe?&#8220; _builder_version=&#8220;4.27.5&#8243; global_colors_info=&#8220;{}&#8220; open=&#8220;off&#8220;]<\/p>\n<p><span style=\"font-weight: 400;\">Deine Bewerbung wird vom Volunteer Recruitment Team bei WOPG gepr\u00fcft. Wenn dein Profil den Anforderungen entspricht, wirst du eventuell zu einem kurzen Gespr\u00e4ch oder R\u00fcckruf eingeladen. Die endg\u00fcltige Auswahl erfolgt basierend auf Skills, Erfahrung, Verf\u00fcgbarkeit und den Event-Anforderungen.<\/span><\/p>\n<p>[\/et_pb_accordion_item][et_pb_accordion_item title=&#8220;Werden Schulungen oder Orientierungs-Sessions angeboten?&#8220; _builder_version=&#8220;4.27.5&#8243; _module_preset=&#8220;default&#8220; global_colors_info=&#8220;{}&#8220; open=&#8220;off&#8220;]<\/p>\n<p><span style=\"font-weight: 400;\">Ja. Die ausgew\u00e4hlten Volunteers werden im Vorfeld der ihnen zugewiesenen Events zu Orientierungs-Sessions eingeladen. Diese Sessions sorgen f\u00fcr Klarheit, Bereitschaft und \u00dcbereinstimmung mit den Qualit\u00e4tsstandards von WOPG.<\/span><\/p>\n<p>[\/et_pb_accordion_item][et_pb_accordion_item title=&#8220;Kann ich in mehr als einer Stadt oder Region als Volunteer t\u00e4tig sein?&#8220; _builder_version=&#8220;4.27.5&#8243; _module_preset=&#8220;default&#8220; global_colors_info=&#8220;{}&#8220; open=&#8220;off&#8220;]<\/p>\n<p><span style=\"font-weight: 400;\">Ja, entsprechend Event-Zeitplan und Verf\u00fcgbarkeit. Einige Funktionen sind standortspezifisch, w\u00e4hrend andere eine T\u00e4tigkeit in mehreren Regionen erlauben. Einzelheiten werden w\u00e4hrend des Auswahlprozesses besprochen.<\/span><\/p>\n<p>[\/et_pb_accordion_item][et_pb_accordion_item title=&#8220;Wie werden die Volunteers ausgew\u00e4hlt?&#8220; _builder_version=&#8220;4.27.5&#8243; _module_preset=&#8220;default&#8220; global_colors_info=&#8220;{}&#8220; open=&#8220;off&#8220;]<\/p>\n<p><span style=\"font-weight: 400;\">Volunteers werden auf Basis ihrer Eignung f\u00fcr die Funktion, Erfahrung, Skills, Engagement und \u00dcbereinstimmung mit den Werten von WOPG ausgew\u00e4hlt. Bestimmte Funktionen, die technisches Fachwissen erfordern, k\u00f6nnen eine zus\u00e4tzliche Pr\u00fcfung oder Kompetenzbewertung beinhalten.<\/span><\/p>\n<p>[\/et_pb_accordion_item][et_pb_accordion_item title=&#8220;Wann werden die ausgew\u00e4hlten Volunteers benachrichtigt?&#8220; _builder_version=&#8220;4.27.5&#8243; _module_preset=&#8220;default&#8220; global_colors_info=&#8220;{}&#8220; open=&#8220;off&#8220;]<\/p>\n<p><span style=\"font-weight: 400;\">Du wirst benachrichtigt, sobald der Auswahlprozess f\u00fcr die Funktion, auf die du dich beworben hast, abgeschlossen ist. Der Zeitrahmen kann je nach Eventplanung und Teamkoordination variieren, aber wir bem\u00fchen uns, die Ergebnisse so schnell wie m\u00f6glich mitzuteilen.<\/span><\/p>\n<p>[\/et_pb_accordion_item][et_pb_accordion_item title=&#8220;M\u00fcssen Volunteers Vereinbarungen unterzeichnen?&#8220; _builder_version=&#8220;4.27.5&#8243; _module_preset=&#8220;default&#8220; global_colors_info=&#8220;{}&#8220; open=&#8220;off&#8220;]<\/p>\n<p><span style=\"font-weight: 400;\">Ja. Um Klarheit \u00fcber Erwartungen, Vertraulichkeit und Professionalit\u00e4t zu gew\u00e4hrleisten, m\u00fcssen die ausgew\u00e4hlten Volunteers vor Aufnahme ihrer T\u00e4tigkeit eine Volunteer-Vereinbarung oder entsprechende auf ihre Funktion bezogene Richtlinien unterzeichnen.<\/span><\/p>\n<p>[\/et_pb_accordion_item][et_pb_accordion_item title=&#8220;An wen kann ich mich bei Fragen zum Datenschutz wenden?&#8220; _builder_version=&#8220;4.27.5&#8243; _module_preset=&#8220;default&#8220; global_colors_info=&#8220;{}&#8220; open=&#8220;off&#8220;]<\/p>\n<p><span style=\"font-weight: 400;\">Bei Fragen zur Erhebung, Speicherung und Verwendung deiner Daten kannst du dich an den Datenschutzbeauftragten von WOPG wenden oder eine E-Mail an <\/span><a href=\"mailto:privacy@wopg.org\"><b>privacy@wopg.org<\/b><\/a><span style=\"font-weight: 400;\"> schreiben. Weitere Informationen findest du hier: <a href=\"https:\/\/www.wopg.org\/de\/datenschutzrichtlinie\/\" target=\"_blank\" rel=\"noopener\">www.wopg.org\/datenschutzrichtlinie<\/a>.<\/span><\/p>\n<p>[\/et_pb_accordion_item][\/et_pb_accordion][\/et_pb_column][\/et_pb_row][\/et_pb_section]<\/p>\n","protected":false},"excerpt":{"rendered":"<p>Event Team Volunteers \u2013 Fragen &#038; AntwortenJa. Du kannst dich bei entsprechenden Skills und Verf\u00fcgbarkeiten auf mehrere Funktionen bewerben. W\u00e4hrend des Auswahlprozesses identifiziert unser Team die beste \u00dcbereinstimmung basierend auf deiner Erfahrung, deinen Interessen und den Event-Anforderungen.Deine Bewerbung wird vom Volunteer Recruitment Team bei WOPG gepr\u00fcft. Wenn dein Profil den Anforderungen entspricht, wirst du eventuell [&hellip;]<\/p>\n","protected":false},"author":3,"featured_media":0,"parent":0,"menu_order":0,"comment_status":"closed","ping_status":"closed","template":"","meta":{"_et_pb_use_builder":"on","_et_pb_old_content":"","_et_gb_content_width":"","footnotes":""},"folder":[],"class_list":["post-45033","page","type-page","status-publish","hentry"],"yoast_head":"<!-- This site is optimized with the Yoast SEO plugin v27.3 - https:\/\/yoast.com\/product\/yoast-seo-wordpress\/ -->\n<title>Event Team Volunteers \u2013 Fragen &amp; Antworten | Words of Peace<\/title>\n<meta name=\"robots\" content=\"index, follow, max-snippet:-1, max-image-preview:large, max-video-preview:-1\" \/>\n<link rel=\"canonical\" href=\"https:\/\/www.wopg.org\/de\/event-team-volunteers-fragen-antworten\/\" \/>\n<meta property=\"og:locale\" content=\"de_DE\" \/>\n<meta property=\"og:type\" content=\"article\" \/>\n<meta property=\"og:title\" content=\"Event Team Volunteers \u2013 Fragen &amp; Antworten | Words of Peace\" \/>\n<meta property=\"og:description\" content=\"Event Team Volunteers \u2013 Fragen &amp; AntwortenJa. Du kannst dich bei entsprechenden Skills und Verf\u00fcgbarkeiten auf mehrere Funktionen bewerben. W\u00e4hrend des Auswahlprozesses identifiziert unser Team die beste \u00dcbereinstimmung basierend auf deiner Erfahrung, deinen Interessen und den Event-Anforderungen.Deine Bewerbung wird vom Volunteer Recruitment Team bei WOPG gepr\u00fcft. Wenn dein Profil den Anforderungen entspricht, wirst du eventuell [&hellip;]\" \/>\n<meta property=\"og:url\" content=\"https:\/\/www.wopg.org\/de\/event-team-volunteers-fragen-antworten\/\" \/>\n<meta property=\"og:site_name\" content=\"Words of Peace\" \/>\n<meta property=\"article:publisher\" content=\"https:\/\/www.facebook.com\/wordsofpeaceglobal\" \/>\n<meta property=\"article:modified_time\" content=\"2026-01-05T20:45:03+00:00\" \/>\n<meta name=\"twitter:card\" content=\"summary_large_image\" \/>\n<meta name=\"twitter:site\" content=\"@wopg\" \/>\n<meta name=\"twitter:label1\" content=\"Gesch\u00e4tzte Lesezeit\" \/>\n\t<meta name=\"twitter:data1\" content=\"3\u00a0Minuten\" \/>\n<script type=\"application\/ld+json\" class=\"yoast-schema-graph\">{\"@context\":\"https:\\\/\\\/schema.org\",\"@graph\":[{\"@type\":\"WebPage\",\"@id\":\"https:\\\/\\\/www.wopg.org\\\/de\\\/event-team-volunteers-fragen-antworten\\\/\",\"url\":\"https:\\\/\\\/www.wopg.org\\\/de\\\/event-team-volunteers-fragen-antworten\\\/\",\"name\":\"Event Team Volunteers \u2013 Fragen & Antworten | Words of Peace\",\"isPartOf\":{\"@id\":\"https:\\\/\\\/www.wopg.org\\\/de\\\/#website\"},\"datePublished\":\"2025-12-05T18:48:06+00:00\",\"dateModified\":\"2026-01-05T20:45:03+00:00\",\"breadcrumb\":{\"@id\":\"https:\\\/\\\/www.wopg.org\\\/de\\\/event-team-volunteers-fragen-antworten\\\/#breadcrumb\"},\"inLanguage\":\"de\",\"potentialAction\":[{\"@type\":\"ReadAction\",\"target\":[\"https:\\\/\\\/www.wopg.org\\\/de\\\/event-team-volunteers-fragen-antworten\\\/\"]}]},{\"@type\":\"BreadcrumbList\",\"@id\":\"https:\\\/\\\/www.wopg.org\\\/de\\\/event-team-volunteers-fragen-antworten\\\/#breadcrumb\",\"itemListElement\":[{\"@type\":\"ListItem\",\"position\":1,\"name\":\"Home\",\"item\":\"https:\\\/\\\/www.wopg.org\\\/de\\\/\"},{\"@type\":\"ListItem\",\"position\":2,\"name\":\"Event Team Volunteers \u2013 Fragen &#038; Antworten\"}]},{\"@type\":\"WebSite\",\"@id\":\"https:\\\/\\\/www.wopg.org\\\/de\\\/#website\",\"url\":\"https:\\\/\\\/www.wopg.org\\\/de\\\/\",\"name\":\"Words of Peace\",\"description\":\"Practice Peace, Change Your World\",\"publisher\":{\"@id\":\"https:\\\/\\\/www.wopg.org\\\/de\\\/#organization\"},\"potentialAction\":[{\"@type\":\"SearchAction\",\"target\":{\"@type\":\"EntryPoint\",\"urlTemplate\":\"https:\\\/\\\/www.wopg.org\\\/de\\\/?s={search_term_string}\"},\"query-input\":{\"@type\":\"PropertyValueSpecification\",\"valueRequired\":true,\"valueName\":\"search_term_string\"}}],\"inLanguage\":\"de\"},{\"@type\":\"Organization\",\"@id\":\"https:\\\/\\\/www.wopg.org\\\/de\\\/#organization\",\"name\":\"Words of Peace\",\"url\":\"https:\\\/\\\/www.wopg.org\\\/de\\\/\",\"logo\":{\"@type\":\"ImageObject\",\"inLanguage\":\"de\",\"@id\":\"https:\\\/\\\/www.wopg.org\\\/de\\\/#\\\/schema\\\/logo\\\/image\\\/\",\"url\":\"https:\\\/\\\/wopg.org\\\/wp-content\\\/uploads\\\/2022\\\/02\\\/Words-of-Peace-logo-website61x252.png\",\"contentUrl\":\"https:\\\/\\\/wopg.org\\\/wp-content\\\/uploads\\\/2022\\\/02\\\/Words-of-Peace-logo-website61x252.png\",\"width\":252,\"height\":61,\"caption\":\"Words of Peace\"},\"image\":{\"@id\":\"https:\\\/\\\/www.wopg.org\\\/de\\\/#\\\/schema\\\/logo\\\/image\\\/\"},\"sameAs\":[\"https:\\\/\\\/www.facebook.com\\\/wordsofpeaceglobal\",\"https:\\\/\\\/x.com\\\/wopg\",\"https:\\\/\\\/www.instagram.com\\\/wopgofficial\\\/\"]}]}<\/script>\n<!-- \/ Yoast SEO plugin. -->","yoast_head_json":{"title":"Event Team Volunteers \u2013 Fragen & Antworten | Words of Peace","robots":{"index":"index","follow":"follow","max-snippet":"max-snippet:-1","max-image-preview":"max-image-preview:large","max-video-preview":"max-video-preview:-1"},"canonical":"https:\/\/www.wopg.org\/de\/event-team-volunteers-fragen-antworten\/","og_locale":"de_DE","og_type":"article","og_title":"Event Team Volunteers \u2013 Fragen & Antworten | Words of Peace","og_description":"Event Team Volunteers \u2013 Fragen & AntwortenJa. Du kannst dich bei entsprechenden Skills und Verf\u00fcgbarkeiten auf mehrere Funktionen bewerben. W\u00e4hrend des Auswahlprozesses identifiziert unser Team die beste \u00dcbereinstimmung basierend auf deiner Erfahrung, deinen Interessen und den Event-Anforderungen.Deine Bewerbung wird vom Volunteer Recruitment Team bei WOPG gepr\u00fcft. Wenn dein Profil den Anforderungen entspricht, wirst du eventuell [&hellip;]","og_url":"https:\/\/www.wopg.org\/de\/event-team-volunteers-fragen-antworten\/","og_site_name":"Words of Peace","article_publisher":"https:\/\/www.facebook.com\/wordsofpeaceglobal","article_modified_time":"2026-01-05T20:45:03+00:00","twitter_card":"summary_large_image","twitter_site":"@wopg","twitter_misc":{"Gesch\u00e4tzte Lesezeit":"3\u00a0Minuten"},"schema":{"@context":"https:\/\/schema.org","@graph":[{"@type":"WebPage","@id":"https:\/\/www.wopg.org\/de\/event-team-volunteers-fragen-antworten\/","url":"https:\/\/www.wopg.org\/de\/event-team-volunteers-fragen-antworten\/","name":"Event Team Volunteers \u2013 Fragen & Antworten | Words of Peace","isPartOf":{"@id":"https:\/\/www.wopg.org\/de\/#website"},"datePublished":"2025-12-05T18:48:06+00:00","dateModified":"2026-01-05T20:45:03+00:00","breadcrumb":{"@id":"https:\/\/www.wopg.org\/de\/event-team-volunteers-fragen-antworten\/#breadcrumb"},"inLanguage":"de","potentialAction":[{"@type":"ReadAction","target":["https:\/\/www.wopg.org\/de\/event-team-volunteers-fragen-antworten\/"]}]},{"@type":"BreadcrumbList","@id":"https:\/\/www.wopg.org\/de\/event-team-volunteers-fragen-antworten\/#breadcrumb","itemListElement":[{"@type":"ListItem","position":1,"name":"Home","item":"https:\/\/www.wopg.org\/de\/"},{"@type":"ListItem","position":2,"name":"Event Team Volunteers \u2013 Fragen &#038; Antworten"}]},{"@type":"WebSite","@id":"https:\/\/www.wopg.org\/de\/#website","url":"https:\/\/www.wopg.org\/de\/","name":"Words of Peace","description":"Practice Peace, Change Your World","publisher":{"@id":"https:\/\/www.wopg.org\/de\/#organization"},"potentialAction":[{"@type":"SearchAction","target":{"@type":"EntryPoint","urlTemplate":"https:\/\/www.wopg.org\/de\/?s={search_term_string}"},"query-input":{"@type":"PropertyValueSpecification","valueRequired":true,"valueName":"search_term_string"}}],"inLanguage":"de"},{"@type":"Organization","@id":"https:\/\/www.wopg.org\/de\/#organization","name":"Words of Peace","url":"https:\/\/www.wopg.org\/de\/","logo":{"@type":"ImageObject","inLanguage":"de","@id":"https:\/\/www.wopg.org\/de\/#\/schema\/logo\/image\/","url":"https:\/\/wopg.org\/wp-content\/uploads\/2022\/02\/Words-of-Peace-logo-website61x252.png","contentUrl":"https:\/\/wopg.org\/wp-content\/uploads\/2022\/02\/Words-of-Peace-logo-website61x252.png","width":252,"height":61,"caption":"Words of Peace"},"image":{"@id":"https:\/\/www.wopg.org\/de\/#\/schema\/logo\/image\/"},"sameAs":["https:\/\/www.facebook.com\/wordsofpeaceglobal","https:\/\/x.com\/wopg","https:\/\/www.instagram.com\/wopgofficial\/"]}]}},"_links":{"self":[{"href":"https:\/\/www.wopg.org\/de\/wp-json\/wp\/v2\/pages\/45033","targetHints":{"allow":["GET"]}}],"collection":[{"href":"https:\/\/www.wopg.org\/de\/wp-json\/wp\/v2\/pages"}],"about":[{"href":"https:\/\/www.wopg.org\/de\/wp-json\/wp\/v2\/types\/page"}],"author":[{"embeddable":true,"href":"https:\/\/www.wopg.org\/de\/wp-json\/wp\/v2\/users\/3"}],"replies":[{"embeddable":true,"href":"https:\/\/www.wopg.org\/de\/wp-json\/wp\/v2\/comments?post=45033"}],"version-history":[{"count":6,"href":"https:\/\/www.wopg.org\/de\/wp-json\/wp\/v2\/pages\/45033\/revisions"}],"predecessor-version":[{"id":45858,"href":"https:\/\/www.wopg.org\/de\/wp-json\/wp\/v2\/pages\/45033\/revisions\/45858"}],"wp:attachment":[{"href":"https:\/\/www.wopg.org\/de\/wp-json\/wp\/v2\/media?parent=45033"}],"wp:term":[{"taxonomy":"folder","embeddable":true,"href":"https:\/\/www.wopg.org\/de\/wp-json\/wp\/v2\/folder?post=45033"}],"curies":[{"name":"wp","href":"https:\/\/api.w.org\/{rel}","templated":true}]}}