{"id":1624,"date":"2022-02-22T18:27:45","date_gmt":"2022-02-22T18:27:45","guid":{"rendered":"http:\/\/wopg01.local\/terminos-y-condiciones\/"},"modified":"2022-02-22T18:29:49","modified_gmt":"2022-02-22T18:29:49","slug":"terminos-y-condiciones","status":"publish","type":"page","link":"https:\/\/www.wopg.org\/es\/terminos-y-condiciones\/","title":{"rendered":"T\u00e9rminos y Condiciones"},"content":{"rendered":"<p>[et_pb_section fb_built=\u00bb1&#8243; _builder_version=\u00bb3.22&#8243; global_colors_info=\u00bb{}\u00bb][et_pb_row _builder_version=\u00bb3.25&#8243; background_size=\u00bbinitial\u00bb background_position=\u00bbtop_left\u00bb background_repeat=\u00bbrepeat\u00bb global_colors_info=\u00bb{}\u00bb][et_pb_column type=\u00bb4_4&#8243; _builder_version=\u00bb3.25&#8243; custom_padding=\u00bb|||\u00bb global_colors_info=\u00bb{}\u00bb custom_padding__hover=\u00bb|||\u00bb][et_pb_text _builder_version=\u00bb4.14.7&#8243; background_size=\u00bbinitial\u00bb background_position=\u00bbtop_left\u00bb background_repeat=\u00bbrepeat\u00bb hover_enabled=\u00bb0&#8243; global_colors_info=\u00bb{}\u00bb sticky_enabled=\u00bb0&#8243;]<\/p>\n<div class=\"et_pb_module et_pb_text et_pb_text_0 et_pb_text_align_left et_pb_bg_layout_light\">\n<div class=\"et_pb_text_inner\">\n<p><strong>Stichting Words Of Peace Global<\/strong><br \/>\nPostbus 20627, 1001 NP Amsterdam, Pa\u00edses Bajos<\/p>\n<p>N\u00famero registrado 34312991, tel. (+31) 20 416 2050, email <a href=\"mailto:info@wopg.nl\">info@wopg.nl<\/a><\/p>\n<\/div>\n<\/div>\n<div class=\"et_pb_module et_pb_divider et_pb_divider_0 et_pb_divider_position_ et_pb_space\">\n<div class=\"et_pb_divider_internal\">\n<hr \/>\n<\/div>\n<\/div>\n<div class=\"et_pb_module et_pb_text et_pb_text_1 et_pb_text_align_left et_pb_bg_layout_light\">\n<div class=\"et_pb_text_inner\">\n<h1>T\u00e9rminos y Condiciones<\/h1>\n<p>Wopg.org es un servicio de la Fundaci\u00f3n Words of Peace Global (WOPG). Estos T\u00e9rminos y Condiciones regulan el uso del servicio y la web wopg.org. Al utilizar, visitar o navegar por la web y\/o suscribirse al servicio facilitado por wopg.org, usted acepta estos T\u00e9rminos y Condiciones. Si usted no los acepta, no deber\u00eda utilizar esta web. Debe tener 18 a\u00f1os para suscribirse a esta web.<\/p>\n<p>Estos T\u00e9rminos y Condiciones afectan a sus derechos, por lo que deber\u00eda leerlos cuidadosamente. WOPG se reserva el derecho de cambiar en cualquier momento estos T\u00e9rminos y Condiciones con absoluta discrecionalidad. Puede conocer la \u00faltima versi\u00f3n de estos T\u00e9rminos y Condiciones haciendo click en el enlace \u201cT\u00e9rminos y Condiciones\u201d que puede encontrar en todas las p\u00e1ginas de esta web. Su utilizaci\u00f3n de la web o su uso continuado de nuestro servicio despu\u00e9s de los cambios implica su conformidad con los mismos.<\/p>\n<p>WOPG puede, de forma discrecional y sin previo aviso, impedir su acceso a esta web si entiende probado que usted ha violado estos T\u00e9rminos y Condiciones u otros acuerdos o directrices asociados con el uso de esta web.<\/p>\n<p><strong>Propiedad Intelectual<\/strong><\/p>\n<p>Todos los derechos, incluidos los de propiedad intelectual, existentes en los contenidos de la web de WOPG son propiedad de WOPG o se encuentran bajo su control legal y se hayan protegidos por las leyes de propiedad intelectual de Holanda y por los convenios internacionales. Al acceder a esta web, usted acepta que solo podr\u00e1 descargarse los contenidos de la web para su uso personal y sin fines comerciales. No le est\u00e1 permitido retransmitir, mostrar en p\u00fablico, adaptar o modificar en modo alguno el contenido de esta web sin el consentimiento previo y por escrito de WOPG.<\/p>\n<p><strong>Exclusi\u00f3n de Garant\u00edas y de Responsabilidad<\/strong><\/p>\n<p>El servicio y sitio web de WOPG y sus contenidos se ofrecen \u201ctal como est\u00e1n\u201d y no hacemos ninguna declaraci\u00f3n, ni expresa ni impl\u00edcita en relaci\u00f3n con el servicio, el sitio web o su contenido. No asumimos ninguna responsabilidad por cualquier error u omisi\u00f3n en el contenido del sitio web, cualquier fallo, retraso, o interrupci\u00f3n en la entrega de cualquier contenido del sitio web, por las p\u00e9rdidas o da\u00f1os y perjuicios derivados del uso del contenido proporcionado por este sitio web, o por la conducta de los usuarios del sitio web. Excluimos expresamente cualquier tipo de garant\u00eda, como, por ejemplo, la garant\u00eda de comerciabilidad, aptitud para un prop\u00f3sito en particular y no infracci\u00f3n.<\/p>\n<p>En ning\u00fan caso, WOPG o sus directores o empleados, o cualquier filial de WOPG, predecesor o causahabiente o cualquiera de sus directores o empleados ser\u00e1 responsable, individual o solidariamente ante Usted por los da\u00f1os y perjuicios de toda naturaleza, como los resultantes de la falta de disponibilidad, p\u00e9rdida de datos o lucro cesante, ya sea o no advertida la posibilidad de dichos da\u00f1os, y siguiendo cualquier teor\u00eda de la responsabilidad, que se deriven del uso o funcionamiento del sitio web de WOPG, sus contenidos o el servicio.<\/p>\n<p>Como un servicio de utilidad para usted, WOPG puede proporcionarle en este sitio web, enlaces a sitios web operados por otras entidades. Si usted utiliza estos sitios web, abandonar\u00e1 el sitio web de WOPG. Si usted decide visitar cualquier sitio web enlazado, lo hace a su riesgo y ventura, siendo su responsabilidad adoptar las medidas de protecci\u00f3n necesarias para evitar virus y otros elementos destructivos. WOPG no asume responsabilidad alguna en relaci\u00f3n con los sitios web enlazados ni con los contenidos, productos o servicios ofrecidos en dichos sitios web.<\/p>\n<p><strong>Ley aplicable y Jurisdicci\u00f3n<\/strong><\/p>\n<p>Estos T\u00e9rminos y Condiciones se regir\u00e1n e interpretar\u00e1n seg\u00fan las leyes holandesas, excluyendo las normas de conflictos de leyes. Se acuerda expresamente que cualquier controversia surgida como consecuencia de estos T\u00e9rminos y Condiciones o del uso de este sitio web se someter\u00e1n a la jurisdicci\u00f3n de los Juzgados y Tribunales de Amsterdam.<\/p>\n<\/div>\n<\/div>\n<p>[\/et_pb_text][\/et_pb_column][\/et_pb_row][\/et_pb_section]<\/p>\n","protected":false},"excerpt":{"rendered":"<p>Stichting Words Of Peace Global Postbus 20627, 1001 NP Amsterdam, Pa\u00edses Bajos N\u00famero registrado 34312991, tel. (+31) 20 416 2050, email info@wopg.nl T\u00e9rminos y Condiciones Wopg.org es un servicio de la Fundaci\u00f3n Words of Peace Global (WOPG). Estos T\u00e9rminos y Condiciones regulan el uso del servicio y la web wopg.org. Al utilizar, visitar o navegar [&hellip;]<\/p>\n","protected":false},"author":3,"featured_media":0,"parent":0,"menu_order":0,"comment_status":"closed","ping_status":"closed","template":"","meta":{"_et_pb_use_builder":"on","_et_pb_old_content":"","_et_gb_content_width":"","footnotes":""},"folder":[],"class_list":["post-1624","page","type-page","status-publish","hentry"],"yoast_head":"<!-- This site is optimized with the Yoast SEO plugin v27.3 - https:\/\/yoast.com\/product\/yoast-seo-wordpress\/ -->\n<title>T\u00e9rminos y Condiciones | Words of Peace<\/title>\n<meta name=\"robots\" content=\"index, follow, max-snippet:-1, max-image-preview:large, max-video-preview:-1\" \/>\n<link rel=\"canonical\" href=\"https:\/\/www.wopg.org\/es\/terminos-y-condiciones\/\" \/>\n<meta property=\"og:locale\" content=\"es_ES\" \/>\n<meta property=\"og:type\" content=\"article\" \/>\n<meta property=\"og:title\" content=\"T\u00e9rminos y Condiciones | Words of Peace\" \/>\n<meta property=\"og:description\" content=\"Stichting Words Of Peace Global Postbus 20627, 1001 NP Amsterdam, Pa\u00edses Bajos N\u00famero registrado 34312991, tel. (+31) 20 416 2050, email info@wopg.nl T\u00e9rminos y Condiciones Wopg.org es un servicio de la Fundaci\u00f3n Words of Peace Global (WOPG). Estos T\u00e9rminos y Condiciones regulan el uso del servicio y la web wopg.org. Al utilizar, visitar o navegar [&hellip;]\" \/>\n<meta property=\"og:url\" content=\"https:\/\/www.wopg.org\/es\/terminos-y-condiciones\/\" \/>\n<meta property=\"og:site_name\" content=\"Words of Peace\" \/>\n<meta property=\"article:publisher\" content=\"https:\/\/www.facebook.com\/wordsofpeaceglobal\" \/>\n<meta property=\"article:modified_time\" content=\"2022-02-22T18:29:49+00:00\" \/>\n<meta name=\"twitter:card\" content=\"summary_large_image\" \/>\n<meta name=\"twitter:site\" content=\"@wopg\" \/>\n<meta name=\"twitter:label1\" content=\"Tiempo de lectura\" \/>\n\t<meta name=\"twitter:data1\" content=\"4 minutos\" \/>\n<script type=\"application\/ld+json\" class=\"yoast-schema-graph\">{\"@context\":\"https:\\\/\\\/schema.org\",\"@graph\":[{\"@type\":\"WebPage\",\"@id\":\"https:\\\/\\\/www.wopg.org\\\/es\\\/terminos-y-condiciones\\\/\",\"url\":\"https:\\\/\\\/www.wopg.org\\\/es\\\/terminos-y-condiciones\\\/\",\"name\":\"T\u00e9rminos y Condiciones | Words of Peace\",\"isPartOf\":{\"@id\":\"https:\\\/\\\/www.wopg.org\\\/es\\\/#website\"},\"datePublished\":\"2022-02-22T18:27:45+00:00\",\"dateModified\":\"2022-02-22T18:29:49+00:00\",\"breadcrumb\":{\"@id\":\"https:\\\/\\\/www.wopg.org\\\/es\\\/terminos-y-condiciones\\\/#breadcrumb\"},\"inLanguage\":\"es\",\"potentialAction\":[{\"@type\":\"ReadAction\",\"target\":[\"https:\\\/\\\/www.wopg.org\\\/es\\\/terminos-y-condiciones\\\/\"]}]},{\"@type\":\"BreadcrumbList\",\"@id\":\"https:\\\/\\\/www.wopg.org\\\/es\\\/terminos-y-condiciones\\\/#breadcrumb\",\"itemListElement\":[{\"@type\":\"ListItem\",\"position\":1,\"name\":\"Home\",\"item\":\"https:\\\/\\\/www.wopg.org\\\/es\\\/\"},{\"@type\":\"ListItem\",\"position\":2,\"name\":\"T\u00e9rminos y Condiciones\"}]},{\"@type\":\"WebSite\",\"@id\":\"https:\\\/\\\/www.wopg.org\\\/es\\\/#website\",\"url\":\"https:\\\/\\\/www.wopg.org\\\/es\\\/\",\"name\":\"Words of Peace\",\"description\":\"Practice Peace, Change Your World\",\"publisher\":{\"@id\":\"https:\\\/\\\/www.wopg.org\\\/es\\\/#organization\"},\"potentialAction\":[{\"@type\":\"SearchAction\",\"target\":{\"@type\":\"EntryPoint\",\"urlTemplate\":\"https:\\\/\\\/www.wopg.org\\\/es\\\/?s={search_term_string}\"},\"query-input\":{\"@type\":\"PropertyValueSpecification\",\"valueRequired\":true,\"valueName\":\"search_term_string\"}}],\"inLanguage\":\"es\"},{\"@type\":\"Organization\",\"@id\":\"https:\\\/\\\/www.wopg.org\\\/es\\\/#organization\",\"name\":\"Words of Peace\",\"url\":\"https:\\\/\\\/www.wopg.org\\\/es\\\/\",\"logo\":{\"@type\":\"ImageObject\",\"inLanguage\":\"es\",\"@id\":\"https:\\\/\\\/www.wopg.org\\\/es\\\/#\\\/schema\\\/logo\\\/image\\\/\",\"url\":\"https:\\\/\\\/wopg.org\\\/wp-content\\\/uploads\\\/2022\\\/02\\\/Words-of-Peace-logo-website61x252.png\",\"contentUrl\":\"https:\\\/\\\/wopg.org\\\/wp-content\\\/uploads\\\/2022\\\/02\\\/Words-of-Peace-logo-website61x252.png\",\"width\":252,\"height\":61,\"caption\":\"Words of Peace\"},\"image\":{\"@id\":\"https:\\\/\\\/www.wopg.org\\\/es\\\/#\\\/schema\\\/logo\\\/image\\\/\"},\"sameAs\":[\"https:\\\/\\\/www.facebook.com\\\/wordsofpeaceglobal\",\"https:\\\/\\\/x.com\\\/wopg\",\"https:\\\/\\\/www.instagram.com\\\/wopgofficial\\\/\"]}]}<\/script>\n<!-- \/ Yoast SEO plugin. -->","yoast_head_json":{"title":"T\u00e9rminos y Condiciones | Words of Peace","robots":{"index":"index","follow":"follow","max-snippet":"max-snippet:-1","max-image-preview":"max-image-preview:large","max-video-preview":"max-video-preview:-1"},"canonical":"https:\/\/www.wopg.org\/es\/terminos-y-condiciones\/","og_locale":"es_ES","og_type":"article","og_title":"T\u00e9rminos y Condiciones | Words of Peace","og_description":"Stichting Words Of Peace Global Postbus 20627, 1001 NP Amsterdam, Pa\u00edses Bajos N\u00famero registrado 34312991, tel. (+31) 20 416 2050, email info@wopg.nl T\u00e9rminos y Condiciones Wopg.org es un servicio de la Fundaci\u00f3n Words of Peace Global (WOPG). Estos T\u00e9rminos y Condiciones regulan el uso del servicio y la web wopg.org. Al utilizar, visitar o navegar [&hellip;]","og_url":"https:\/\/www.wopg.org\/es\/terminos-y-condiciones\/","og_site_name":"Words of Peace","article_publisher":"https:\/\/www.facebook.com\/wordsofpeaceglobal","article_modified_time":"2022-02-22T18:29:49+00:00","twitter_card":"summary_large_image","twitter_site":"@wopg","twitter_misc":{"Tiempo de lectura":"4 minutos"},"schema":{"@context":"https:\/\/schema.org","@graph":[{"@type":"WebPage","@id":"https:\/\/www.wopg.org\/es\/terminos-y-condiciones\/","url":"https:\/\/www.wopg.org\/es\/terminos-y-condiciones\/","name":"T\u00e9rminos y Condiciones | Words of Peace","isPartOf":{"@id":"https:\/\/www.wopg.org\/es\/#website"},"datePublished":"2022-02-22T18:27:45+00:00","dateModified":"2022-02-22T18:29:49+00:00","breadcrumb":{"@id":"https:\/\/www.wopg.org\/es\/terminos-y-condiciones\/#breadcrumb"},"inLanguage":"es","potentialAction":[{"@type":"ReadAction","target":["https:\/\/www.wopg.org\/es\/terminos-y-condiciones\/"]}]},{"@type":"BreadcrumbList","@id":"https:\/\/www.wopg.org\/es\/terminos-y-condiciones\/#breadcrumb","itemListElement":[{"@type":"ListItem","position":1,"name":"Home","item":"https:\/\/www.wopg.org\/es\/"},{"@type":"ListItem","position":2,"name":"T\u00e9rminos y Condiciones"}]},{"@type":"WebSite","@id":"https:\/\/www.wopg.org\/es\/#website","url":"https:\/\/www.wopg.org\/es\/","name":"Words of Peace","description":"Practice Peace, Change Your World","publisher":{"@id":"https:\/\/www.wopg.org\/es\/#organization"},"potentialAction":[{"@type":"SearchAction","target":{"@type":"EntryPoint","urlTemplate":"https:\/\/www.wopg.org\/es\/?s={search_term_string}"},"query-input":{"@type":"PropertyValueSpecification","valueRequired":true,"valueName":"search_term_string"}}],"inLanguage":"es"},{"@type":"Organization","@id":"https:\/\/www.wopg.org\/es\/#organization","name":"Words of Peace","url":"https:\/\/www.wopg.org\/es\/","logo":{"@type":"ImageObject","inLanguage":"es","@id":"https:\/\/www.wopg.org\/es\/#\/schema\/logo\/image\/","url":"https:\/\/wopg.org\/wp-content\/uploads\/2022\/02\/Words-of-Peace-logo-website61x252.png","contentUrl":"https:\/\/wopg.org\/wp-content\/uploads\/2022\/02\/Words-of-Peace-logo-website61x252.png","width":252,"height":61,"caption":"Words of Peace"},"image":{"@id":"https:\/\/www.wopg.org\/es\/#\/schema\/logo\/image\/"},"sameAs":["https:\/\/www.facebook.com\/wordsofpeaceglobal","https:\/\/x.com\/wopg","https:\/\/www.instagram.com\/wopgofficial\/"]}]}},"_links":{"self":[{"href":"https:\/\/www.wopg.org\/es\/wp-json\/wp\/v2\/pages\/1624","targetHints":{"allow":["GET"]}}],"collection":[{"href":"https:\/\/www.wopg.org\/es\/wp-json\/wp\/v2\/pages"}],"about":[{"href":"https:\/\/www.wopg.org\/es\/wp-json\/wp\/v2\/types\/page"}],"author":[{"embeddable":true,"href":"https:\/\/www.wopg.org\/es\/wp-json\/wp\/v2\/users\/3"}],"replies":[{"embeddable":true,"href":"https:\/\/www.wopg.org\/es\/wp-json\/wp\/v2\/comments?post=1624"}],"version-history":[{"count":8,"href":"https:\/\/www.wopg.org\/es\/wp-json\/wp\/v2\/pages\/1624\/revisions"}],"predecessor-version":[{"id":1632,"href":"https:\/\/www.wopg.org\/es\/wp-json\/wp\/v2\/pages\/1624\/revisions\/1632"}],"wp:attachment":[{"href":"https:\/\/www.wopg.org\/es\/wp-json\/wp\/v2\/media?parent=1624"}],"wp:term":[{"taxonomy":"folder","embeddable":true,"href":"https:\/\/www.wopg.org\/es\/wp-json\/wp\/v2\/folder?post=1624"}],"curies":[{"name":"wp","href":"https:\/\/api.w.org\/{rel}","templated":true}]}}