{"id":40437,"date":"2025-05-06T11:34:00","date_gmt":"2025-05-06T11:34:00","guid":{"rendered":"https:\/\/www.wopg.org\/informe-anual-2024\/"},"modified":"2025-05-11T08:00:09","modified_gmt":"2025-05-11T08:00:09","slug":"informe-anual-2024","status":"publish","type":"page","link":"https:\/\/www.wopg.org\/es\/informe-anual-2024\/","title":{"rendered":"Informe anual 2024"},"content":{"rendered":"<p>[et_pb_section fb_built=\u00bb1&#8243; _builder_version=\u00bb4.27.4&#8243; _module_preset=\u00bbdefault\u00bb use_background_color_gradient=\u00bbon\u00bb background_color_gradient_stops=\u00bbrgba(255,255,255,0) 0%|#d5e1d0 100%\u00bb background_image=\u00bbhttps:\/\/eadn-wc03-5903292.nxedge.io\/wp-content\/uploads\/2023\/08\/design-Annual-report-tree-4.webp\u00bb background_size=\u00bbcontain\u00bb background_position=\u00bbbottom_right\u00bb background_blend=\u00bbmultiply\u00bb global_colors_info=\u00bb{}\u00bb][et_pb_row _builder_version=\u00bb4.21.0&#8243; _module_preset=\u00bbdefault\u00bb global_colors_info=\u00bb{}\u00bb][et_pb_column type=\u00bb4_4&#8243; _builder_version=\u00bb4.21.0&#8243; _module_preset=\u00bbdefault\u00bb global_colors_info=\u00bb{}\u00bb][et_pb_text _builder_version=\u00bb4.27.4&#8243; _module_preset=\u00bbdefault\u00bb hover_enabled=\u00bb0&#8243; custom_css_free_form=\u00bb.selector .et_pb_text_inner p {||  margin-bottom: 1rem;||}||||selector h1 {||  color: #008b73;||  font-weight: bold !important;||  text-align: left;||}||||selector h4 {||  color: #008b73;||  font-weight: bold !important;||  text-align: left;||}\u00bb global_colors_info=\u00bb{}\u00bb sticky_enabled=\u00bb0&#8243;]<\/p>\n<h1 class=\"p1\">Informe anual 2024 de Words of Peace<\/h1>\n<p>Prem Rawat se ha dedicado a compartir su mensaje de paz personal durante m\u00e1s de seis d\u00e9cadas. A los 67 a\u00f1os, su compromiso sigue siendo inquebrantable.<\/p>\n<p>Gracias a la generosidad de los patrocinadores de Words of Peace, a trav\u00e9s del Fondo de Eventos Global en 2024 se han podido llevar a cabo 60 conferencias de Prem Rawat en 21 pa\u00edses de seis continentes.<\/p>\n<p class=\"p1\">He aqu\u00ed lo que se ha logrado gracias a tu apoyo:<\/p>\n<h4 class=\"p1\" style=\"text-align: left;\">Hitos 2024<\/h4>\n<h5 class=\"p1\" style=\"text-align: left;\"><strong>Marzo:<\/strong> gira por M\u00e9xico y Sudam\u00e9rica<\/h5>\n<ul>\n<li class=\"p1\">Esperado regreso a Sudam\u00e9rica despu\u00e9s de cinco a\u00f1os.<\/li>\n<li class=\"p1\">Cinco pa\u00edses en cinco semanas, con 4689 asistentes.<\/li>\n<li class=\"p1\">Destacada entrevista en Infobae TV, transmitida a audiencias de habla hispana de Am\u00e9rica del Norte y del Sur.<\/li>\n<\/ul>\n<h5 class=\"p1\"><strong>Mayo:<\/strong> Am\u00e9rica del Norte y Europa<\/h5>\n<ul>\n<li class=\"p1\">Boston, EE.UU: 550 asistentes.<\/li>\n<li class=\"p1\">Dubrovnik, Croacia: primera visita con 475 asistentes.<\/li>\n<\/ul>\n<h5 class=\"p1\"><strong>Junio:<\/strong> Gira Europea<\/h5>\n<ul>\n<li class=\"p1\">Cuatro pa\u00edses en cuatro semanas, present\u00e1ndose ante 5589 personas.<\/li>\n<\/ul>\n<h5 class=\"p1\"><strong>Julio:<\/strong> Conferencia internacional en Malasia<\/h5>\n<ul>\n<li class=\"p1\">Conferencia de cinco d\u00edas en Kuala Lumpur para 404 representantes de 59 pa\u00edses.<\/li>\n<li class=\"p1\">Co-patrocinada por Words of Peace y la Fundaci\u00f3n Prem Rawat (TPRF).<\/li>\n<li class=\"p1\">Evento p\u00fablico para 2000 asistentes celebrado a continuaci\u00f3n.<\/li>\n<\/ul>\n<h5 class=\"p1\"><strong>Agosto:<\/strong> Fiji<\/h5>\n<ul>\n<li class=\"p1\">Evento p\u00fablico organizado por la comunidad de Nadi, al que asistieron 604 personas.<\/li>\n<\/ul>\n<h5 class=\"p1\"><strong>Septiembre:<\/strong> Australia y Nueva Zelandia<\/h5>\n<ul>\n<li class=\"p1\">Nueve eventos al aire libre en Nueva Gales del Sur, a pesar de las dif\u00edciles condiciones meteorol\u00f3gicas, con asistencia de 2492 personas.<\/li>\n<li class=\"p1\">Auckland, Nueva Zelandia: 613 asistentes.<\/li>\n<\/ul>\n<h5 class=\"p1\"><strong>Octubre:<\/strong> Corea del Sur y Jap\u00f3n<\/h5>\n<ul>\n<li class=\"p1\">Se\u00fal, Corea del Sur: lanzamiento de la edici\u00f3n coreana de \u201cHear Yourself\u201d con un evento para los medios en el Club de Prensa de Corea del Sur.<\/li>\n<li class=\"p1\">Kioto, Jap\u00f3n: lanzamiento de la edici\u00f3n japonesa.<\/li>\n<li class=\"p1\">Asistencia de 376 personas en ambos pa\u00edses.<\/li>\n<\/ul>\n<h5 class=\"p1\"><strong>Noviembre-Diciembre:<\/strong> Gira por \u00c1frica<\/h5>\n<ul>\n<li class=\"p1\">Toamasina, Madagascar: 467 asistentes, entre ellos el presidente de Madagascar y altos funcionarios de Gobierno.<\/li>\n<li class=\"p1\">Johannesburgo, Sud\u00e1frica: 597 asistentes, muchos de ellos dispuestos a aprender las t\u00e9cnicas del Conocimiento.<\/li>\n<li class=\"p1\">Entrevistas destacadas en Heart FM y Bush FM, con audiencia potencial de entre 1 y 2 millones de oyentes.<\/li>\n<li class=\"p1\">Coton\u00fa, Ben\u00edn: 1150 asistentes, entre ellos el rey Sinagonrigui Tukosari II y dignatarios locales.<\/li>\n<li class=\"p1\">Transmisi\u00f3n en directo a tres prisiones y zonas vecinas, con audiencia de 3500 espectadores.<\/li>\n<li class=\"p1\">Transmisi\u00f3n adicional en TVC Ben\u00edn, con una audiencia potencial de un mill\u00f3n de espectadores.<\/li>\n<li class=\"p1\">Barcelona, Espa\u00f1a: evento final del a\u00f1o, al que asistieron 1726 personas.<\/li>\n<\/ul>\n<p class=\"p1\">Adem\u00e1s de estos eventos, Prem Rawat tambi\u00e9n llev\u00f3 a cabo reuniones privadas, compromisos en India y eventos especiales patrocinados por la Fundaci\u00f3n Prem Rawat (TPRF).<\/p>\n<h4 class=\"p1\" style=\"text-align: left;\">En cifras:<\/h4>\n<ul>\n<li class=\"p1\">60 conferencias y entrevistas<\/li>\n<li class=\"p1\">310.613 asistentes presenciales<\/li>\n<li class=\"p1\">6.016.241 asistentes online<\/li>\n<li class=\"p1\">80.051 seguidores en Facebook (ingl\u00e9s, espa\u00f1ol, hindi)<\/li>\n<li class=\"p1\">7745 seguidores en Twitter<\/li>\n<li class=\"p1\">33.678 seguidores en YouTube<\/li>\n<li class=\"p1\">189.326 visualizaciones en YouTube<\/li>\n<li class=\"p1\">141 pa\u00edses de visitantes del sitio web<\/li>\n<li class=\"p1\">105.632 sesiones en el sitio web<\/li>\n<li class=\"p1\">\u20ac 2.060.521 en donaciones<\/li>\n<\/ul>\n<p>[\/et_pb_text][et_pb_text _builder_version=\u00bb4.27.4&#8243; _module_preset=\u00bbdefault\u00bb custom_css_free_form=\u00bbselector h5 {||  color: #4d4d4d;||  text-align: left;||}\u00bb global_colors_info=\u00bb{}\u00bb]<\/p>\n<h5 class=\"p1\">Tu apoyo ha permitido que todo esto sea posible. \u00a1Gracias por formar parte de este viaje!<\/h5>\n<p>[\/et_pb_text][\/et_pb_column][\/et_pb_row][\/et_pb_section]<\/p>\n","protected":false},"excerpt":{"rendered":"<p>Informe anual 2024 de Words of Peace Prem Rawat se ha dedicado a compartir su mensaje de paz personal durante m\u00e1s de seis d\u00e9cadas. A los 67 a\u00f1os, su compromiso sigue siendo inquebrantable. Gracias a la generosidad de los patrocinadores de Words of Peace, a trav\u00e9s del Fondo de Eventos Global en 2024 se han [&hellip;]<\/p>\n","protected":false},"author":3,"featured_media":0,"parent":0,"menu_order":0,"comment_status":"closed","ping_status":"closed","template":"","meta":{"_et_pb_use_builder":"on","_et_pb_old_content":"","_et_gb_content_width":"","footnotes":""},"folder":[],"class_list":["post-40437","page","type-page","status-publish","hentry"],"yoast_head":"<!-- This site is optimized with the Yoast SEO plugin v27.3 - https:\/\/yoast.com\/product\/yoast-seo-wordpress\/ -->\n<title>Informe anual 2024 | Words of Peace<\/title>\n<meta name=\"robots\" content=\"index, follow, max-snippet:-1, max-image-preview:large, max-video-preview:-1\" \/>\n<link rel=\"canonical\" href=\"https:\/\/www.wopg.org\/es\/informe-anual-2024\/\" \/>\n<meta property=\"og:locale\" content=\"es_ES\" \/>\n<meta property=\"og:type\" content=\"article\" \/>\n<meta property=\"og:title\" content=\"Informe anual 2024 | Words of Peace\" \/>\n<meta property=\"og:description\" content=\"Informe anual 2024 de Words of Peace Prem Rawat se ha dedicado a compartir su mensaje de paz personal durante m\u00e1s de seis d\u00e9cadas. A los 67 a\u00f1os, su compromiso sigue siendo inquebrantable. Gracias a la generosidad de los patrocinadores de Words of Peace, a trav\u00e9s del Fondo de Eventos Global en 2024 se han [&hellip;]\" \/>\n<meta property=\"og:url\" content=\"https:\/\/www.wopg.org\/es\/informe-anual-2024\/\" \/>\n<meta property=\"og:site_name\" content=\"Words of Peace\" \/>\n<meta property=\"article:publisher\" content=\"https:\/\/www.facebook.com\/wordsofpeaceglobal\" \/>\n<meta property=\"article:modified_time\" content=\"2025-05-11T08:00:09+00:00\" \/>\n<meta name=\"twitter:card\" content=\"summary_large_image\" \/>\n<meta name=\"twitter:site\" content=\"@wopg\" \/>\n<meta name=\"twitter:label1\" content=\"Tiempo de lectura\" \/>\n\t<meta name=\"twitter:data1\" content=\"3 minutos\" \/>\n<script type=\"application\/ld+json\" class=\"yoast-schema-graph\">{\"@context\":\"https:\\\/\\\/schema.org\",\"@graph\":[{\"@type\":\"WebPage\",\"@id\":\"https:\\\/\\\/www.wopg.org\\\/es\\\/informe-anual-2024\\\/\",\"url\":\"https:\\\/\\\/www.wopg.org\\\/es\\\/informe-anual-2024\\\/\",\"name\":\"Informe anual 2024 | Words of Peace\",\"isPartOf\":{\"@id\":\"https:\\\/\\\/www.wopg.org\\\/es\\\/#website\"},\"datePublished\":\"2025-05-06T11:34:00+00:00\",\"dateModified\":\"2025-05-11T08:00:09+00:00\",\"breadcrumb\":{\"@id\":\"https:\\\/\\\/www.wopg.org\\\/es\\\/informe-anual-2024\\\/#breadcrumb\"},\"inLanguage\":\"es\",\"potentialAction\":[{\"@type\":\"ReadAction\",\"target\":[\"https:\\\/\\\/www.wopg.org\\\/es\\\/informe-anual-2024\\\/\"]}]},{\"@type\":\"BreadcrumbList\",\"@id\":\"https:\\\/\\\/www.wopg.org\\\/es\\\/informe-anual-2024\\\/#breadcrumb\",\"itemListElement\":[{\"@type\":\"ListItem\",\"position\":1,\"name\":\"Home\",\"item\":\"https:\\\/\\\/www.wopg.org\\\/es\\\/\"},{\"@type\":\"ListItem\",\"position\":2,\"name\":\"Informe anual 2024\"}]},{\"@type\":\"WebSite\",\"@id\":\"https:\\\/\\\/www.wopg.org\\\/es\\\/#website\",\"url\":\"https:\\\/\\\/www.wopg.org\\\/es\\\/\",\"name\":\"Words of Peace\",\"description\":\"Practice Peace, Change Your World\",\"publisher\":{\"@id\":\"https:\\\/\\\/www.wopg.org\\\/es\\\/#organization\"},\"potentialAction\":[{\"@type\":\"SearchAction\",\"target\":{\"@type\":\"EntryPoint\",\"urlTemplate\":\"https:\\\/\\\/www.wopg.org\\\/es\\\/?s={search_term_string}\"},\"query-input\":{\"@type\":\"PropertyValueSpecification\",\"valueRequired\":true,\"valueName\":\"search_term_string\"}}],\"inLanguage\":\"es\"},{\"@type\":\"Organization\",\"@id\":\"https:\\\/\\\/www.wopg.org\\\/es\\\/#organization\",\"name\":\"Words of Peace\",\"url\":\"https:\\\/\\\/www.wopg.org\\\/es\\\/\",\"logo\":{\"@type\":\"ImageObject\",\"inLanguage\":\"es\",\"@id\":\"https:\\\/\\\/www.wopg.org\\\/es\\\/#\\\/schema\\\/logo\\\/image\\\/\",\"url\":\"https:\\\/\\\/wopg.org\\\/wp-content\\\/uploads\\\/2022\\\/02\\\/Words-of-Peace-logo-website61x252.png\",\"contentUrl\":\"https:\\\/\\\/wopg.org\\\/wp-content\\\/uploads\\\/2022\\\/02\\\/Words-of-Peace-logo-website61x252.png\",\"width\":252,\"height\":61,\"caption\":\"Words of Peace\"},\"image\":{\"@id\":\"https:\\\/\\\/www.wopg.org\\\/es\\\/#\\\/schema\\\/logo\\\/image\\\/\"},\"sameAs\":[\"https:\\\/\\\/www.facebook.com\\\/wordsofpeaceglobal\",\"https:\\\/\\\/x.com\\\/wopg\",\"https:\\\/\\\/www.instagram.com\\\/wopgofficial\\\/\"]}]}<\/script>\n<!-- \/ Yoast SEO plugin. -->","yoast_head_json":{"title":"Informe anual 2024 | Words of Peace","robots":{"index":"index","follow":"follow","max-snippet":"max-snippet:-1","max-image-preview":"max-image-preview:large","max-video-preview":"max-video-preview:-1"},"canonical":"https:\/\/www.wopg.org\/es\/informe-anual-2024\/","og_locale":"es_ES","og_type":"article","og_title":"Informe anual 2024 | Words of Peace","og_description":"Informe anual 2024 de Words of Peace Prem Rawat se ha dedicado a compartir su mensaje de paz personal durante m\u00e1s de seis d\u00e9cadas. A los 67 a\u00f1os, su compromiso sigue siendo inquebrantable. Gracias a la generosidad de los patrocinadores de Words of Peace, a trav\u00e9s del Fondo de Eventos Global en 2024 se han [&hellip;]","og_url":"https:\/\/www.wopg.org\/es\/informe-anual-2024\/","og_site_name":"Words of Peace","article_publisher":"https:\/\/www.facebook.com\/wordsofpeaceglobal","article_modified_time":"2025-05-11T08:00:09+00:00","twitter_card":"summary_large_image","twitter_site":"@wopg","twitter_misc":{"Tiempo de lectura":"3 minutos"},"schema":{"@context":"https:\/\/schema.org","@graph":[{"@type":"WebPage","@id":"https:\/\/www.wopg.org\/es\/informe-anual-2024\/","url":"https:\/\/www.wopg.org\/es\/informe-anual-2024\/","name":"Informe anual 2024 | Words of Peace","isPartOf":{"@id":"https:\/\/www.wopg.org\/es\/#website"},"datePublished":"2025-05-06T11:34:00+00:00","dateModified":"2025-05-11T08:00:09+00:00","breadcrumb":{"@id":"https:\/\/www.wopg.org\/es\/informe-anual-2024\/#breadcrumb"},"inLanguage":"es","potentialAction":[{"@type":"ReadAction","target":["https:\/\/www.wopg.org\/es\/informe-anual-2024\/"]}]},{"@type":"BreadcrumbList","@id":"https:\/\/www.wopg.org\/es\/informe-anual-2024\/#breadcrumb","itemListElement":[{"@type":"ListItem","position":1,"name":"Home","item":"https:\/\/www.wopg.org\/es\/"},{"@type":"ListItem","position":2,"name":"Informe anual 2024"}]},{"@type":"WebSite","@id":"https:\/\/www.wopg.org\/es\/#website","url":"https:\/\/www.wopg.org\/es\/","name":"Words of Peace","description":"Practice Peace, Change Your World","publisher":{"@id":"https:\/\/www.wopg.org\/es\/#organization"},"potentialAction":[{"@type":"SearchAction","target":{"@type":"EntryPoint","urlTemplate":"https:\/\/www.wopg.org\/es\/?s={search_term_string}"},"query-input":{"@type":"PropertyValueSpecification","valueRequired":true,"valueName":"search_term_string"}}],"inLanguage":"es"},{"@type":"Organization","@id":"https:\/\/www.wopg.org\/es\/#organization","name":"Words of Peace","url":"https:\/\/www.wopg.org\/es\/","logo":{"@type":"ImageObject","inLanguage":"es","@id":"https:\/\/www.wopg.org\/es\/#\/schema\/logo\/image\/","url":"https:\/\/wopg.org\/wp-content\/uploads\/2022\/02\/Words-of-Peace-logo-website61x252.png","contentUrl":"https:\/\/wopg.org\/wp-content\/uploads\/2022\/02\/Words-of-Peace-logo-website61x252.png","width":252,"height":61,"caption":"Words of Peace"},"image":{"@id":"https:\/\/www.wopg.org\/es\/#\/schema\/logo\/image\/"},"sameAs":["https:\/\/www.facebook.com\/wordsofpeaceglobal","https:\/\/x.com\/wopg","https:\/\/www.instagram.com\/wopgofficial\/"]}]}},"_links":{"self":[{"href":"https:\/\/www.wopg.org\/es\/wp-json\/wp\/v2\/pages\/40437","targetHints":{"allow":["GET"]}}],"collection":[{"href":"https:\/\/www.wopg.org\/es\/wp-json\/wp\/v2\/pages"}],"about":[{"href":"https:\/\/www.wopg.org\/es\/wp-json\/wp\/v2\/types\/page"}],"author":[{"embeddable":true,"href":"https:\/\/www.wopg.org\/es\/wp-json\/wp\/v2\/users\/3"}],"replies":[{"embeddable":true,"href":"https:\/\/www.wopg.org\/es\/wp-json\/wp\/v2\/comments?post=40437"}],"version-history":[{"count":5,"href":"https:\/\/www.wopg.org\/es\/wp-json\/wp\/v2\/pages\/40437\/revisions"}],"predecessor-version":[{"id":40793,"href":"https:\/\/www.wopg.org\/es\/wp-json\/wp\/v2\/pages\/40437\/revisions\/40793"}],"wp:attachment":[{"href":"https:\/\/www.wopg.org\/es\/wp-json\/wp\/v2\/media?parent=40437"}],"wp:term":[{"taxonomy":"folder","embeddable":true,"href":"https:\/\/www.wopg.org\/es\/wp-json\/wp\/v2\/folder?post=40437"}],"curies":[{"name":"wp","href":"https:\/\/api.w.org\/{rel}","templated":true}]}}