{"id":40661,"date":"2025-05-08T15:43:20","date_gmt":"2025-05-08T15:43:20","guid":{"rendered":"https:\/\/www.wopg.org\/plan-de-politicas-2025-2026\/"},"modified":"2025-05-11T16:20:49","modified_gmt":"2025-05-11T16:20:49","slug":"plan-de-politicas-2025-2026","status":"publish","type":"page","link":"https:\/\/www.wopg.org\/es\/plan-de-politicas-2025-2026\/","title":{"rendered":"Plan de acc\u00edon 2025 &#8211; 2026"},"content":{"rendered":"<p>[et_pb_section fb_built=\u00bb1&#8243; admin_label=\u00bbsection\u00bb _builder_version=\u00bb4.16&#8243; global_colors_info=\u00bb{}\u00bb][et_pb_row admin_label=\u00bbrow\u00bb _builder_version=\u00bb4.16&#8243; background_size=\u00bbinitial\u00bb background_position=\u00bbtop_left\u00bb background_repeat=\u00bbrepeat\u00bb global_colors_info=\u00bb{}\u00bb][et_pb_column type=\u00bb4_4&#8243; _builder_version=\u00bb4.16&#8243; custom_padding=\u00bb|||\u00bb global_colors_info=\u00bb{}\u00bb custom_padding__hover=\u00bb|||\u00bb][et_pb_text admin_label=\u00bbText\u00bb _builder_version=\u00bb4.27.4&#8243; link_font=\u00bb|700|||||||\u00bb background_size=\u00bbinitial\u00bb background_position=\u00bbtop_left\u00bb background_repeat=\u00bbrepeat\u00bb hover_enabled=\u00bb0&#8243; global_colors_info=\u00bb{}\u00bb sticky_enabled=\u00bb0&#8243;]<\/p>\n<h2 class=\"s1\">Words of Peace Global<\/h2>\n<p>Plan de acc\u00edon 2025 &#8211; 2026<br \/>C\u00e1mara de Comercio de \u00c1msterdam: 34312991<br \/>RSIN: 819929803<\/p>\n<p>&nbsp;<\/p>\n<h4>Tabla de contenido<\/h4>\n<ol>\n<li><strong>Objetivo<\/strong><strong> de la Fundaci\u00f3n<\/strong><\/li>\n<li><strong>Descripci\u00f3n <\/strong><\/li>\n<li><strong>Actividades de gobierno<\/strong><\/li>\n<li><strong>Actividades de la Fundaci\u00f3n<\/strong><\/li>\n<li><strong>Recaudaci\u00f3n de fondos<\/strong><\/li>\n<li><strong>Gesti\u00f3n de Capital <\/strong><\/li>\n<li><strong>Administraci\u00f3n General<\/strong><\/li>\n<li><strong>Administraci\u00f3n financiera<\/strong><\/li>\n<\/ol>\n<p>&nbsp;<\/p>\n<p><strong>\u00a0<\/strong><\/p>\n<p><strong>1. Objetivo<\/strong><strong> de la Fundaci\u00f3n<\/strong><\/p>\n<p>El texto de los estatutos relativo al objetivo es el siguiente: \u201cEl prop\u00f3sito para el que se\u00a0establece esta fundaci\u00f3n comprende fines ben\u00e9ficos, educativos y cient\u00edficos, incluida la\u00a0promoci\u00f3n del mensaje de paz tal y como lo articula Prem Rawat\u201d.<\/p>\n<p>Esto significa en la pr\u00e1ctica que todas las actividades de WOPG se basan en el suministro\u00a0mundial de informaci\u00f3n al p\u00fablico en general sobre la posibilidad de la paz personal, tal y como la ofrece Prem Rawat.<\/p>\n<p><strong>2. Descripci\u00f3n <\/strong><\/p>\n<p>WOPG, fundada en 2008, est\u00e1 completamente comprometida con la transparencia y las pr\u00e1cticas financieras \u00e9ticas, y es pol\u00edtica y financieramente independiente de cualquier gobierno, ideolog\u00eda pol\u00edtica, inter\u00e9s econ\u00f3mico o fe religiosa.<\/p>\n<p>La fundaci\u00f3n no tiene fines de lucro y no realiza ninguna distribuci\u00f3n de ingresos u otros pagos en beneficio personal de ning\u00fan particular. Los intereses son de car\u00e1cter puramente general. WOPG est\u00e1 reconocida por las autoridades fiscales holandesas como una instituci\u00f3n de beneficio p\u00fablico (ANBI).<\/p>\n<p>WOPG est\u00e1 registrada en la C\u00e1mara de Comercio de \u00c1msterdam con el n\u00famero 34312991; el RSIN (antiguo n\u00famero fiscal) es: 819929803. El domicilio social se encuentra en la direcci\u00f3n Tweede J. van Campenstraat 117C, 1073 XR en Amsterdam.<\/p>\n<p>La direcci\u00f3n postal es: P.O. Box 20627, 1001 NP en Amsterdam.<\/p>\n<p>Se puede encontrar informaci\u00f3n en el sitio web <a href=\"https:\/\/www.wopg.org\/es\" target=\"_blank\" rel=\"noopener\">www.wopg.org<\/a>.<\/p>\n<p><strong>3. Actividades de gobierno<\/strong><\/p>\n<p>El Consejo Directivo de WOPG est\u00e1 formado por los siguientes miembros.<\/p>\n<ul>\n<li>Roland Peter Klepzig, presidente, tesorero y director ejecutivo<\/li>\n<li>Bart Bender, secretario<\/li>\n<li>Gerardus Theodorus Johannes Heinst, director<\/li>\n<p>Los miembros del Consejo Directivo no perciben remuneraci\u00f3n alguna, salvo la cobertura de gastos.<\/p>\n<p>El Consejo se reunir\u00e1 con la frecuencia que requieran las actividades, no obstante, al menos formalmente dos veces al a\u00f1o. De cada reuni\u00f3n formal se elabora un informe. Entre las reuniones formales, el Consejo se mantiene en contacto por correo electr\u00f3nico, tel\u00e9fono o Zoom.<\/p>\n<p>Entre otras cosas, las reuniones del Consejo Directivo confirman las decisiones tomadas por al menos dos miembros del Consejo en los \u00faltimos meses, y discuten las actividades emprendidas o por emprender.<\/p>\n<p>En noviembre de cada a\u00f1o se prepara un presupuesto anual que se presenta al Consejo en diciembre. Se preparan presupuestos revisados si es necesario durante el a\u00f1o. Antes del 1 de julio, el Consejo preparar\u00e1 y elaborar\u00e1 el balance y el estado de ingresos y gastos de la fundaci\u00f3n. \u00c9stos se publicar\u00e1n oportunamente en la p\u00e1gina web del WOPG, de acuerdo con la legislaci\u00f3n vigente en materia de ANBI.<\/p>\n<p><strong>4. Actividades de la fundaci\u00f3n<\/strong><\/p>\n<p>WOPG logra sus objetivos mediante las siguientes actividades:<\/p>\n<p>4.1 Apoyar eventos en todo el mundo (conferencias, convenciones, seminarios, reuniones) donde se transmita el mensaje de paz personal y autoconocimiento. La asistencia a estos eventos var\u00eda de 20 a 300.000 personas.<\/p>\n<p>4.2 Apoyar a entidades jur\u00eddicas (organizaciones y grupos de personas) de cualquier parte del mundo en la realizaci\u00f3n de actividades sin fines de lucro que sean coherentes con los objetivos ben\u00e9ficos de la fundaci\u00f3n, tal y como lo demuestran las actividades concretas de estas entidades jur\u00eddicas.<\/p>\n<p>4.3 Proporcionar informaci\u00f3n al p\u00fablico en general sobre los pr\u00f3ximos eventos y la necesidad de su apoyo financiero, cuando sea necesario.<\/p>\n<p>Los eventos y reuniones se organizan durante todo el a\u00f1o, promocion\u00e1ndolos al p\u00fablico en general y\/o simpatizantes, y tambi\u00e9n por invitaci\u00f3n, a trav\u00e9s de la participaci\u00f3n de organizaciones de varios pa\u00edses, como las mencionadas en el punto 4.2. Gobiernos y parlamentos, universidades, grandes empresas y otros grupos interesados tambi\u00e9n pueden actuar como entidades organizadoras de estos eventos.<\/p>\n<p>Cada a\u00f1o se publica en el sitio web de WOPG un resumen de los acontecimientos m\u00e1s importantes apoyados por WOPG en todo el mundo en forma de <i>Informe Anual (de actividades)<\/i>.<\/p>\n<p>Las grabaciones de los eventos pueden verse en Internet, por ejemplo YouTube. Fragmentos de los mismos constituyen la base de algunos cursos gratuitos impartidos por voluntarios, como el <a href=\"https:\/\/tprf.org\/es\/category\/peace-education-program-es\/\" target=\"_blank\" rel=\"noopener\">Programa de Educaci\u00f3n para la Paz<\/a> (PEP), que ha demostrado gran eficacia en muchos tipos de instituciones de todo el mundo. El <a href=\"https:\/\/tprf.org\/es\/las-instituciones-correccionales-italianas-expanden-el-programa-de-educacion-para-la-paz\/\" target=\"_blank\" rel=\"noopener\">Ministerio Italiano de Justicia<\/a>, por ejemplo, ha dispuesto el libre acceso al PEP en todas las prisiones de Italia.<\/p>\n<p><strong>5. Recaudaci\u00f3n de fondos<\/strong><\/p>\n<p><strong>\u00a0<\/strong>Para poder cumplir con sus objetivos ben\u00e9ficos, WOPG participa en campa\u00f1as de recaudaci\u00f3n de fondos. Los ingresos de WOPG proceden exclusivamente de donaciones y subvenciones, incluidos legados ocasionales. Las donaciones provienen principalmente de muchos miles de personas de todo el mundo, pero tambi\u00e9n comprenden subvenciones de organizaciones afines, como Words of Peace International, una organizaci\u00f3n ben\u00e9fica registrada en Estados Unidos seg\u00fan la secci\u00f3n 501(c)(3) del C\u00f3digo Fiscal.<\/p>\n<p>Las donaciones \u00fanicas y las mensuales recurrentes se reciben a trav\u00e9s de la p\u00e1gina web de WOPG, as\u00ed como directamente en las cuentas bancarias de WOPG a trav\u00e9s de transferencias bancarias. El Consejo de WOPG decide el uso de las donaciones para el cumplimiento de los fines de la fundaci\u00f3n. WOPG proporcionar\u00e1 un estado de cuentas que incluya todas las donaciones recibidas.<\/p>\n<p>Parte del objetivo de la recaudaci\u00f3n de fondos es que la fundaci\u00f3n pueda realizar donaciones o subvenciones a entidades jur\u00eddicas con el mismo objetivo, como lo demuestran las actividades concretas de estas entidades jur\u00eddicas. En el caso de donaciones o subvenciones a entidades jur\u00eddicas extranjeras, la normativa fiscal vigente se aplica estrictamente y, por lo general, todas las donaciones o subvenciones se realizan sobre la base de un acuerdo de subvenci\u00f3n por escrito, en el que se documenta el prop\u00f3sito para el que se realiza la donaci\u00f3n o subvenci\u00f3n. Las donaciones solo se otorgan a personas o entidades jur\u00eddicas con el fin de brindar apoyo financiero a una actividad sin fines de lucro que sea coherente con el alcance de las actividades que se permitir\u00edan de acuerdo con los propios objetivos ben\u00e9ficos de WOPG.<\/p>\n<p><strong>6. Gesti\u00f3n de capital <\/strong><\/p>\n<p>El capital devengado por la fundaci\u00f3n no puede ser dispuesto por un solo consejero, sino\u00a0\u00fanicamente por dos consejeros actuando conjuntamente. La fundaci\u00f3n no otorgar\u00e1 m\u00e1s capital del que se considere razonable y necesario para la adecuada continuaci\u00f3n de las actividades previstas, relacionadas con el logro de las metas de la fundaci\u00f3n.<\/p>\n<p>Como se menciona en el p\u00e1rrafo 5, el Consejo Directivo de WOPG decide el uso de las\u00a0donaciones para lograr los prop\u00f3sitos de la fundaci\u00f3n y WOPG proporcionar\u00e1 un estado de cuentas que incluya todas las donaciones recibidas.<\/p>\n<p>Todos los pagos realizados por WOPG se realizan electr\u00f3nicamente a trav\u00e9s de la banca en l\u00ednea. Existe una doble autorizaci\u00f3n de signatarios autorizados en todas las cuentas. Solo se autorizan los pagos preaprobados. Los activos de WOPG se mantienen predominantemente en efectivo. Las cuentas corrientes se mantienen en el banco ABN AMRO en los Pa\u00edses Bajos.<\/p>\n<p>No hay cuentas de ahorro ni de inversi\u00f3n.<\/p>\n<p>Para poder gestionar los distintos procesos dentro de WOPG de forma estructurada y controlada, se han elaborado los siguientes procedimientos para la realizaci\u00f3n de donaciones.<\/p>\n<ul>\n<li>Las personas y organizaciones sin fines de lucro que deseen recibir una donaci\u00f3n deben realizar una solicitud a WOPG.<\/li>\n<li>Dichas solicitudes de donaci\u00f3n deben ir acompa\u00f1adas de una descripci\u00f3n del prop\u00f3sito para el cual se utilizar\u00e1 la donaci\u00f3n.<\/li>\n<li>El Consejo Directivo del WOPG (al menos dos miembros) decide si se har\u00e1 la donaci\u00f3n solicitada. El Consejo puede imponer ciertas condiciones a la provisi\u00f3n de la donaci\u00f3n con respecto al prop\u00f3sito preciso de su uso.<\/li>\n<li>WOPG espera que el destinatario confirme la recepci\u00f3n de la donaci\u00f3n con un informe que muestre que los fondos se han utilizado para el prop\u00f3sito solicitado.<\/li>\n<li>El Consejo realiza la gesti\u00f3n de selecci\u00f3n de las solicitudes de financiaci\u00f3n.<\/li>\n<\/ul>\n<p><strong>7. Administraci\u00f3n general<\/strong><\/p>\n<p>La contabilidad de WOPG se lleva de forma clara y transparente. Los gastos de gesti\u00f3n y recaudaci\u00f3n de fondos se eval\u00faan peri\u00f3dicamente para garantizar que se limiten al m\u00ednimo necesario. En la administraci\u00f3n se conservan, entre otros, los siguientes documentos:<\/p>\n<ul>\n<li>Estados de cuentas y evidencia de donaciones otorgadas.<\/li>\n<li>Tipo y tama\u00f1o de los ingresos y capital de la fundaci\u00f3n.<\/li>\n<li>Las sumas gastadas en la recaudaci\u00f3n de fondos y en la gesti\u00f3n de la fundaci\u00f3n. Debe existir una relaci\u00f3n razonable entre los costos y los gastos. Esto ser\u00e1 gestionado por el Consejo.<\/li>\n<li>Las cantidades pagadas a cualquier consejero por reembolso de gastos.<\/li>\n<li>Contabilidad financiera general.<\/li>\n<\/ul>\n<p><strong>8. Administraci\u00f3n financiera<\/strong><\/p>\n<p>La administraci\u00f3n financiera est\u00e1 organizada de tal manera que los siguientes puntos son\u00a0visibles de forma transparente.<\/p>\n<ul>\n<li>Los costos de gesti\u00f3n est\u00e1n muy por debajo de la norma, porque WOPG trabaja principalmente con voluntarios. La pol\u00edtica de gesti\u00f3n tiene como objetivo mantener este punto de partida.<\/li>\n<li>La cantidad de fondos destinados a la recaudaci\u00f3n de fondos tambi\u00e9n ha sido moderada en los \u00faltimos a\u00f1os. El Consejo se esfuerza por mantener esto como un punto de partida para la recaudaci\u00f3n de fondos.<\/li>\n<li>Adem\u00e1s de los costos de gesti\u00f3n y los costos de recaudaci\u00f3n de fondos, todos los fondos disponibles se gastan de acuerdo con el objetivo legal de la fundaci\u00f3n. Esta pol\u00edtica es de car\u00e1cter estructural.<\/li>\n<li>De acuerdo con los estatutos de la fundaci\u00f3n, los miembros del Consejo no son remunerados, pero pueden recibir reembolsos por gastos. La pol\u00edtica de contrataci\u00f3n y retribuci\u00f3n de la direcci\u00f3n y del personal se basa en los siguientes principios: siempre que sea posible, las funciones de administraci\u00f3n y personal en todos los niveles las realizan voluntarios calificados. Solo cuando sea estrictamente necesario, las funciones de administraci\u00f3n y personal de WOPG son realizadas por empleados o contratistas. La remuneraci\u00f3n de estos empleados\/contratistas sigue siendo modesta.<\/li>\n<li>Seguridad de los datos: WOPG utiliza proveedores externos para su Sistema de Gesti\u00f3n de Donantes y sus registros contables. Ambos proveedores han verificado la seguridad de sus sistemas en cuanto a protecci\u00f3n contra las violaciones de datos y ambos realizan copias de seguridad peri\u00f3dicas de los datos en servidores independientes. Adem\u00e1s, WOPG tambi\u00e9n hace una copia de seguridad de los datos contables, por lo que, si fuera necesario, los registros contables podr\u00edan (con algo de trabajo) reconstruirse de forma independiente sin recurrir al proveedor. Los archivos y documentos impresos se guardan en los domicilios del personal de contabilidad de WOPG hasta que se guardan en un archivo seguro en \u00c1msterdam. El riesgo de esto se mitiga por el hecho de que todos los documentos tambi\u00e9n se archivan electr\u00f3nicamente, teniendo acceso a ellos m\u00e1s de un miembro del personal.<\/li>\n<\/ul>\n<p>[\/et_pb_text][et_pb_button button_url=\u00bbhttps:\/\/eadn-wc03-5903292.nxedge.io\/wp-content\/uploads\/2025\/05\/WOPG-Policy-Plan-May-2025-2026_ES-2.pdf\u00bb button_text=\u00bbVersi\u00f3n para imprimir\u00bb button_alignment=\u00bbright\u00bb _builder_version=\u00bb4.27.4&#8243; _module_preset=\u00bbdefault\u00bb global_colors_info=\u00bb{}\u00bb][\/et_pb_button][\/et_pb_column][\/et_pb_row][\/et_pb_section]<\/p>\n","protected":false},"excerpt":{"rendered":"<p>Words of Peace Global Plan de acc\u00edon 2025 &#8211; 2026C\u00e1mara de Comercio de \u00c1msterdam: 34312991RSIN: 819929803 &nbsp; Tabla de contenido Objetivo de la Fundaci\u00f3n Descripci\u00f3n Actividades de gobierno Actividades de la Fundaci\u00f3n Recaudaci\u00f3n de fondos Gesti\u00f3n de Capital Administraci\u00f3n General Administraci\u00f3n financiera &nbsp; \u00a0 1. Objetivo de la Fundaci\u00f3n El texto de los estatutos relativo [&hellip;]<\/p>\n","protected":false},"author":14,"featured_media":0,"parent":0,"menu_order":0,"comment_status":"closed","ping_status":"closed","template":"","meta":{"_et_pb_use_builder":"on","_et_pb_old_content":"","_et_gb_content_width":"","footnotes":""},"folder":[],"class_list":["post-40661","page","type-page","status-publish","hentry"],"yoast_head":"<!-- This site is optimized with the Yoast SEO plugin v27.3 - https:\/\/yoast.com\/product\/yoast-seo-wordpress\/ -->\n<title>Plan de acc\u00edon 2025 - 2026 | Words of Peace<\/title>\n<meta name=\"robots\" content=\"index, follow, max-snippet:-1, max-image-preview:large, max-video-preview:-1\" \/>\n<link rel=\"canonical\" href=\"https:\/\/www.wopg.org\/es\/plan-de-politicas-2025-2026\/\" \/>\n<meta property=\"og:locale\" content=\"es_ES\" \/>\n<meta property=\"og:type\" content=\"article\" \/>\n<meta property=\"og:title\" content=\"Plan de acc\u00edon 2025 - 2026 | Words of Peace\" \/>\n<meta property=\"og:description\" content=\"Words of Peace Global Plan de acc\u00edon 2025 - 2026C\u00e1mara de Comercio de \u00c1msterdam: 34312991RSIN: 819929803 &nbsp; Tabla de contenido Objetivo de la Fundaci\u00f3n Descripci\u00f3n Actividades de gobierno Actividades de la Fundaci\u00f3n Recaudaci\u00f3n de fondos Gesti\u00f3n de Capital Administraci\u00f3n General Administraci\u00f3n financiera &nbsp; \u00a0 1. Objetivo de la Fundaci\u00f3n El texto de los estatutos relativo [&hellip;]\" \/>\n<meta property=\"og:url\" content=\"https:\/\/www.wopg.org\/es\/plan-de-politicas-2025-2026\/\" \/>\n<meta property=\"og:site_name\" content=\"Words of Peace\" \/>\n<meta property=\"article:publisher\" content=\"https:\/\/www.facebook.com\/wordsofpeaceglobal\" \/>\n<meta property=\"article:modified_time\" content=\"2025-05-11T16:20:49+00:00\" \/>\n<meta name=\"twitter:card\" content=\"summary_large_image\" \/>\n<meta name=\"twitter:site\" content=\"@wopg\" \/>\n<meta name=\"twitter:label1\" content=\"Tiempo de lectura\" \/>\n\t<meta name=\"twitter:data1\" content=\"10 minutos\" \/>\n<script type=\"application\/ld+json\" class=\"yoast-schema-graph\">{\"@context\":\"https:\\\/\\\/schema.org\",\"@graph\":[{\"@type\":\"WebPage\",\"@id\":\"https:\\\/\\\/www.wopg.org\\\/es\\\/plan-de-politicas-2025-2026\\\/\",\"url\":\"https:\\\/\\\/www.wopg.org\\\/es\\\/plan-de-politicas-2025-2026\\\/\",\"name\":\"Plan de acc\u00edon 2025 - 2026 | Words of Peace\",\"isPartOf\":{\"@id\":\"https:\\\/\\\/www.wopg.org\\\/es\\\/#website\"},\"datePublished\":\"2025-05-08T15:43:20+00:00\",\"dateModified\":\"2025-05-11T16:20:49+00:00\",\"breadcrumb\":{\"@id\":\"https:\\\/\\\/www.wopg.org\\\/es\\\/plan-de-politicas-2025-2026\\\/#breadcrumb\"},\"inLanguage\":\"es\",\"potentialAction\":[{\"@type\":\"ReadAction\",\"target\":[\"https:\\\/\\\/www.wopg.org\\\/es\\\/plan-de-politicas-2025-2026\\\/\"]}]},{\"@type\":\"BreadcrumbList\",\"@id\":\"https:\\\/\\\/www.wopg.org\\\/es\\\/plan-de-politicas-2025-2026\\\/#breadcrumb\",\"itemListElement\":[{\"@type\":\"ListItem\",\"position\":1,\"name\":\"Home\",\"item\":\"https:\\\/\\\/www.wopg.org\\\/es\\\/\"},{\"@type\":\"ListItem\",\"position\":2,\"name\":\"Plan de acc\u00edon 2025 &#8211; 2026\"}]},{\"@type\":\"WebSite\",\"@id\":\"https:\\\/\\\/www.wopg.org\\\/es\\\/#website\",\"url\":\"https:\\\/\\\/www.wopg.org\\\/es\\\/\",\"name\":\"Words of Peace\",\"description\":\"Practice Peace, Change Your World\",\"publisher\":{\"@id\":\"https:\\\/\\\/www.wopg.org\\\/es\\\/#organization\"},\"potentialAction\":[{\"@type\":\"SearchAction\",\"target\":{\"@type\":\"EntryPoint\",\"urlTemplate\":\"https:\\\/\\\/www.wopg.org\\\/es\\\/?s={search_term_string}\"},\"query-input\":{\"@type\":\"PropertyValueSpecification\",\"valueRequired\":true,\"valueName\":\"search_term_string\"}}],\"inLanguage\":\"es\"},{\"@type\":\"Organization\",\"@id\":\"https:\\\/\\\/www.wopg.org\\\/es\\\/#organization\",\"name\":\"Words of Peace\",\"url\":\"https:\\\/\\\/www.wopg.org\\\/es\\\/\",\"logo\":{\"@type\":\"ImageObject\",\"inLanguage\":\"es\",\"@id\":\"https:\\\/\\\/www.wopg.org\\\/es\\\/#\\\/schema\\\/logo\\\/image\\\/\",\"url\":\"https:\\\/\\\/wopg.org\\\/wp-content\\\/uploads\\\/2022\\\/02\\\/Words-of-Peace-logo-website61x252.png\",\"contentUrl\":\"https:\\\/\\\/wopg.org\\\/wp-content\\\/uploads\\\/2022\\\/02\\\/Words-of-Peace-logo-website61x252.png\",\"width\":252,\"height\":61,\"caption\":\"Words of Peace\"},\"image\":{\"@id\":\"https:\\\/\\\/www.wopg.org\\\/es\\\/#\\\/schema\\\/logo\\\/image\\\/\"},\"sameAs\":[\"https:\\\/\\\/www.facebook.com\\\/wordsofpeaceglobal\",\"https:\\\/\\\/x.com\\\/wopg\",\"https:\\\/\\\/www.instagram.com\\\/wopgofficial\\\/\"]}]}<\/script>\n<!-- \/ Yoast SEO plugin. -->","yoast_head_json":{"title":"Plan de acc\u00edon 2025 - 2026 | Words of Peace","robots":{"index":"index","follow":"follow","max-snippet":"max-snippet:-1","max-image-preview":"max-image-preview:large","max-video-preview":"max-video-preview:-1"},"canonical":"https:\/\/www.wopg.org\/es\/plan-de-politicas-2025-2026\/","og_locale":"es_ES","og_type":"article","og_title":"Plan de acc\u00edon 2025 - 2026 | Words of Peace","og_description":"Words of Peace Global Plan de acc\u00edon 2025 - 2026C\u00e1mara de Comercio de \u00c1msterdam: 34312991RSIN: 819929803 &nbsp; Tabla de contenido Objetivo de la Fundaci\u00f3n Descripci\u00f3n Actividades de gobierno Actividades de la Fundaci\u00f3n Recaudaci\u00f3n de fondos Gesti\u00f3n de Capital Administraci\u00f3n General Administraci\u00f3n financiera &nbsp; \u00a0 1. Objetivo de la Fundaci\u00f3n El texto de los estatutos relativo [&hellip;]","og_url":"https:\/\/www.wopg.org\/es\/plan-de-politicas-2025-2026\/","og_site_name":"Words of Peace","article_publisher":"https:\/\/www.facebook.com\/wordsofpeaceglobal","article_modified_time":"2025-05-11T16:20:49+00:00","twitter_card":"summary_large_image","twitter_site":"@wopg","twitter_misc":{"Tiempo de lectura":"10 minutos"},"schema":{"@context":"https:\/\/schema.org","@graph":[{"@type":"WebPage","@id":"https:\/\/www.wopg.org\/es\/plan-de-politicas-2025-2026\/","url":"https:\/\/www.wopg.org\/es\/plan-de-politicas-2025-2026\/","name":"Plan de acc\u00edon 2025 - 2026 | Words of Peace","isPartOf":{"@id":"https:\/\/www.wopg.org\/es\/#website"},"datePublished":"2025-05-08T15:43:20+00:00","dateModified":"2025-05-11T16:20:49+00:00","breadcrumb":{"@id":"https:\/\/www.wopg.org\/es\/plan-de-politicas-2025-2026\/#breadcrumb"},"inLanguage":"es","potentialAction":[{"@type":"ReadAction","target":["https:\/\/www.wopg.org\/es\/plan-de-politicas-2025-2026\/"]}]},{"@type":"BreadcrumbList","@id":"https:\/\/www.wopg.org\/es\/plan-de-politicas-2025-2026\/#breadcrumb","itemListElement":[{"@type":"ListItem","position":1,"name":"Home","item":"https:\/\/www.wopg.org\/es\/"},{"@type":"ListItem","position":2,"name":"Plan de acc\u00edon 2025 &#8211; 2026"}]},{"@type":"WebSite","@id":"https:\/\/www.wopg.org\/es\/#website","url":"https:\/\/www.wopg.org\/es\/","name":"Words of Peace","description":"Practice Peace, Change Your World","publisher":{"@id":"https:\/\/www.wopg.org\/es\/#organization"},"potentialAction":[{"@type":"SearchAction","target":{"@type":"EntryPoint","urlTemplate":"https:\/\/www.wopg.org\/es\/?s={search_term_string}"},"query-input":{"@type":"PropertyValueSpecification","valueRequired":true,"valueName":"search_term_string"}}],"inLanguage":"es"},{"@type":"Organization","@id":"https:\/\/www.wopg.org\/es\/#organization","name":"Words of Peace","url":"https:\/\/www.wopg.org\/es\/","logo":{"@type":"ImageObject","inLanguage":"es","@id":"https:\/\/www.wopg.org\/es\/#\/schema\/logo\/image\/","url":"https:\/\/wopg.org\/wp-content\/uploads\/2022\/02\/Words-of-Peace-logo-website61x252.png","contentUrl":"https:\/\/wopg.org\/wp-content\/uploads\/2022\/02\/Words-of-Peace-logo-website61x252.png","width":252,"height":61,"caption":"Words of Peace"},"image":{"@id":"https:\/\/www.wopg.org\/es\/#\/schema\/logo\/image\/"},"sameAs":["https:\/\/www.facebook.com\/wordsofpeaceglobal","https:\/\/x.com\/wopg","https:\/\/www.instagram.com\/wopgofficial\/"]}]}},"_links":{"self":[{"href":"https:\/\/www.wopg.org\/es\/wp-json\/wp\/v2\/pages\/40661","targetHints":{"allow":["GET"]}}],"collection":[{"href":"https:\/\/www.wopg.org\/es\/wp-json\/wp\/v2\/pages"}],"about":[{"href":"https:\/\/www.wopg.org\/es\/wp-json\/wp\/v2\/types\/page"}],"author":[{"embeddable":true,"href":"https:\/\/www.wopg.org\/es\/wp-json\/wp\/v2\/users\/14"}],"replies":[{"embeddable":true,"href":"https:\/\/www.wopg.org\/es\/wp-json\/wp\/v2\/comments?post=40661"}],"version-history":[{"count":11,"href":"https:\/\/www.wopg.org\/es\/wp-json\/wp\/v2\/pages\/40661\/revisions"}],"predecessor-version":[{"id":40814,"href":"https:\/\/www.wopg.org\/es\/wp-json\/wp\/v2\/pages\/40661\/revisions\/40814"}],"wp:attachment":[{"href":"https:\/\/www.wopg.org\/es\/wp-json\/wp\/v2\/media?parent=40661"}],"wp:term":[{"taxonomy":"folder","embeddable":true,"href":"https:\/\/www.wopg.org\/es\/wp-json\/wp\/v2\/folder?post=40661"}],"curies":[{"name":"wp","href":"https:\/\/api.w.org\/{rel}","templated":true}]}}