{"id":43466,"date":"2025-08-26T13:21:29","date_gmt":"2025-08-26T13:21:29","guid":{"rendered":"https:\/\/www.wopg.org\/acerca-de-prem-rawat\/"},"modified":"2025-08-29T18:01:23","modified_gmt":"2025-08-29T18:01:23","slug":"acerca-de-prem-rawat","status":"publish","type":"page","link":"https:\/\/www.wopg.org\/es\/acerca-de-prem-rawat\/","title":{"rendered":"Acerca de Prem Rawat"},"content":{"rendered":"<p>[et_pb_section fb_built=\u00bb1&#8243; _builder_version=\u00bb4.27.0&#8243; _module_preset=\u00bbdefault\u00bb custom_padding=\u00bb0px||||false|false\u00bb global_colors_info=\u00bb{}\u00bb][et_pb_row _builder_version=\u00bb4.27.0&#8243; _module_preset=\u00bbdefault\u00bb width=\u00bb100%\u00bb global_colors_info=\u00bb{}\u00bb][et_pb_column type=\u00bb4_4&#8243; _builder_version=\u00bb4.27.0&#8243; _module_preset=\u00bbdefault\u00bb global_colors_info=\u00bb{}\u00bb][et_pb_image src=\u00bbhttps:\/\/eadn-wc03-5903292.nxedge.io\/wp-content\/uploads\/2024\/09\/about-prem-grey-bkg-2.jpg\u00bb title_text=\u00bbabout-prem-grey-bkg-2&#8243; align=\u00bbcenter\u00bb _builder_version=\u00bb4.27.0&#8243; _module_preset=\u00bbdefault\u00bb border_radii=\u00bboff|13px|13px||\u00bb global_colors_info=\u00bb{}\u00bb][\/et_pb_image][et_pb_text _builder_version=\u00bb4.27.0&#8243; _module_preset=\u00bbdefault\u00bb header_font=\u00bb|700|||||||\u00bb header_text_align=\u00bbcenter\u00bb header_text_color=\u00bb#FFFFFF\u00bb background_color=\u00bb#1565b7&#8243; width=\u00bb350px\u00bb width_tablet=\u00bb300px\u00bb width_phone=\u00bb100%\u00bb width_last_edited=\u00bbon|phone\u00bb module_alignment=\u00bbleft\u00bb custom_margin=\u00bb-150px||||false|false\u00bb custom_margin_tablet=\u00bb-150px||||false|false\u00bb custom_margin_phone=\u00bb-30px||||false|false\u00bb custom_margin_last_edited=\u00bbon|tablet\u00bb header_font_size_tablet=\u00bb\u00bb header_font_size_phone=\u00bb24px\u00bb header_font_size_last_edited=\u00bbon|phone\u00bb border_radii=\u00bboff||13px|13px|\u00bb border_radii_tablet=\u00bboff||13px|13px|\u00bb border_radii_phone=\u00bboff||0px|0px|\u00bb border_radii_last_edited=\u00bbon|phone\u00bb global_colors_info=\u00bb{}\u00bb]<\/p>\n<h1>Prem Rawat<\/h1>\n<p>[\/et_pb_text][et_pb_text _builder_version=\u00bb4.27.0&#8243; _module_preset=\u00bbdefault\u00bb custom_margin=\u00bb60px||||false|false\u00bb custom_padding=\u00bb|10%||10%|false|true\u00bb global_colors_info=\u00bb{}\u00bb]<\/p>\n<h2 style=\"text-align: center;\">Toda una vida dedicada a la paz.<\/h2>\n<p style=\"text-align: center;\">Durante m\u00e1s de 50 a\u00f1os, Prem Rawat ha compartido su perdurable mensaje de paz, con personas de todo el mundo, al margen de su nacionalidad, religi\u00f3n o estilo de vida. El mensaje establece que la paz interior no es solo posible, sino que pertenece al ser humano como derecho de nacimiento. Con un enorme compromiso, una gran sabidur\u00eda e ingenio, ha conseguido llegar a cientos de millones de personas en m\u00e1s de 100 pa\u00edses.\u00a0<a href=\"https:\/\/www.premrawat.com\/es\/globo-interactivo\/\" target=\"_blank\" rel=\"noopener\">Visite aqu\u00ed<\/a>\u00a0para una l\u00ednea de tiempo interactiva de sus actividades globales<\/p>\n<p>[\/et_pb_text][et_pb_text _builder_version=\u00bb4.27.0&#8243; _module_preset=\u00bbdefault\u00bb text_text_color=\u00bb#FFFFFF\u00bb header_text_color=\u00bb#FFFFFF\u00bb header_3_text_color=\u00bb#FFFFFF\u00bb header_4_text_color=\u00bb#FFFFFF\u00bb background_color=\u00bb#1565b7&#8243; custom_padding=\u00bb3%|3%|3%|3%|true|true\u00bb border_radii=\u00bboff|||13px|13px\u00bb global_colors_info=\u00bb{}\u00bb]<\/p>\n<h3 style=\"text-align: center;\">\u00abLa paz es posible, y comienza dentro<br \/>de cada uno de nosotros\u00bb.<\/h3>\n<h4 style=\"text-align: center;\">\u2013 Prem Rawat<\/h4>\n<p>[\/et_pb_text][\/et_pb_column][\/et_pb_row][et_pb_row _builder_version=\u00bb4.27.0&#8243; _module_preset=\u00bbdefault\u00bb global_colors_info=\u00bb{}\u00bb][et_pb_column type=\u00bb4_4&#8243; _builder_version=\u00bb4.27.0&#8243; _module_preset=\u00bbdefault\u00bb global_colors_info=\u00bb{}\u00bb][et_pb_text _builder_version=\u00bb4.27.4&#8243; _module_preset=\u00bbdefault\u00bb hover_enabled=\u00bb0&#8243; global_colors_info=\u00bb{}\u00bb sticky_enabled=\u00bb0&#8243;]<\/p>\n<p>Como escritor de best-sellers, Prem ha logrado hacer que esas verdades eternas y universales, est\u00e9n accesibles a todas esas personas. Su \u00faltimo libro,\u00a0Hear Yourself-Esc\u00fachate, \u00a0ha recibido cr\u00edticas \u00fanicas y debutado en la lista del New York Times de libros m\u00e1s vendidos, dos semanas antes de su publicaci\u00f3n el 14 de Setiembre.<\/p>\n<p>Este libro, a d\u00eda de hoy, ha sido publicado en Espa\u00f1ol (Esc\u00fachate), Franc\u00e9s (<em>Apprendre \u00e0 s\u2019\u00e9couter<\/em>),\u00a0Italiano (Impara ad ascoltarti)\u00a0 y Portugu\u00e9s (<em>Ouve<\/em><em> A<\/em><em> Tua Voz<\/em>).<\/p>\n<p>Otros libros de los cuales es autor, incluyen\u00a0: La paz es posible (tambi\u00e9n titulado Splitting the Arrow), The Pot With The Hole, (El balde agujereado) yThe Stonecutter.<\/p>\n<p>Buscando siempre modos nuevos e innovadores de comunicar su mensaje, Prem ha creado el\u00a0<a href=\"https:\/\/www.premrawat.com\/es\/peak-conocete-a-ti-mismo\/\" target=\"_blank\" rel=\"noopener\">PEAK<\/a>,\u00a0Peace Education and Knowledge-Educaci\u00f3n para la Paz y el Conocimiento, un curso online de autodescubrimiento, basado en v\u00eddeo, disponible para todos de forma gratuita en TimelessToday, su plataforma multimedia.<\/p>\n<p>Otra forma en que Prem comunica su inspirador mensaje es el\u00a0<a href=\"https:\/\/tprf.org\/es\/programa-de-educacion-para-la-paz\/\" target=\"_blank\" rel=\"noopener\">PEP<\/a>\u00a0(Peace Education Program- Programa de Educaci\u00f3n para la Paz) que ha sido extraordinariamente bien recibido en prisiones, escuelas, academias de polic\u00eda, hospitales, residencias de ancianos, orfanatos y centros de veteranos, de m\u00e1s de 80 pa\u00edses.<\/p>\n<p>Y, m\u00e1s recientemente, Prem ha a\u00f1adido otra especia a su guiso\u00a0:\u00a0\u00a0Intelligent Existence-Existencia Inteligente, un curso que te atrapa y que est\u00e1 basado en tres premisas b\u00e1sicas\u00a0:<\/p>\n<p>1 \u2013 con\u00f3cete a ti mismo<br \/>2 \u2013 vive la vida conscientemente<br \/>3 \u2013 que tu coraz\u00f3n est\u00e9 lleno de gratitud.<\/p>\n<p>Tambi\u00e9n se dedica a labores humanitarias, y para ello fund\u00f3\u00a0<a href=\"https:\/\/tprf.org\/es\" target=\"_blank\" rel=\"noopener\">The Prem Rawat Foundation<\/a>\u00a0\u2013 La Fundaci\u00f3n Prem Rawat, en 2001, con la cual apoya diferentes actividades caritativas por todo el mundo, ya sea en desastres naturales, brindando ayuda oftalm\u00f3logica, programas de distribuci\u00f3n alimentaria y los esfuerzos de su Programa de Educaci\u00f3n para la Paz.<\/p>\n<p>Adem\u00e1s de todo esto, Prem es un piloto experimentado, que ya tiene m\u00e1s de 14.000 horas de vuelo, al servicio de su compromiso permanente\u00a0: llevar su mensaje de paz a cuantas personas sea posible.<\/p>\n<p>\u00bfSus entretenimientos\u00a0? Componer m\u00fasica, cocinar, la restauraci\u00f3n de autos antiguos y la fotograf\u00eda.<\/p>\n<p>En lo que se refiere a su familia, est\u00e1 casado con Marilyn Johnson desde 1974, tiene cuatro hijos y otros cuatro nietos<\/p>\n<p>Si quieres mandarle un mensaje, por favor,\u00a0<a href=\"https:\/\/www.premrawat.com\/es\/contact\/\" target=\"_blank\" rel=\"noopener\">aprieta aqu\u00ed<\/a><\/p>\n<p>[\/et_pb_text][\/et_pb_column][\/et_pb_row][\/et_pb_section]<\/p>\n","protected":false},"excerpt":{"rendered":"<p>Prem RawatToda una vida dedicada a la paz. Durante m\u00e1s de 50 a\u00f1os, Prem Rawat ha compartido su perdurable mensaje de paz, con personas de todo el mundo, al margen de su nacionalidad, religi\u00f3n o estilo de vida. El mensaje establece que la paz interior no es solo posible, sino que pertenece al ser humano [&hellip;]<\/p>\n","protected":false},"author":3,"featured_media":0,"parent":0,"menu_order":0,"comment_status":"closed","ping_status":"closed","template":"","meta":{"_et_pb_use_builder":"on","_et_pb_old_content":"","_et_gb_content_width":"","cybocfi_hide_featured_image":"","footnotes":""},"folder":[],"class_list":["post-43466","page","type-page","status-publish","hentry"],"yoast_head":"<!-- This site is optimized with the Yoast SEO plugin v27.3 - https:\/\/yoast.com\/product\/yoast-seo-wordpress\/ -->\n<title>Acerca de Prem Rawat | Words of Peace<\/title>\n<meta name=\"robots\" content=\"index, follow, max-snippet:-1, max-image-preview:large, max-video-preview:-1\" \/>\n<link rel=\"canonical\" href=\"https:\/\/www.wopg.org\/es\/acerca-de-prem-rawat\/\" \/>\n<meta property=\"og:locale\" content=\"es_ES\" \/>\n<meta property=\"og:type\" content=\"article\" \/>\n<meta property=\"og:title\" content=\"Acerca de Prem Rawat | Words of Peace\" \/>\n<meta property=\"og:description\" content=\"Prem RawatToda una vida dedicada a la paz. Durante m\u00e1s de 50 a\u00f1os, Prem Rawat ha compartido su perdurable mensaje de paz, con personas de todo el mundo, al margen de su nacionalidad, religi\u00f3n o estilo de vida. El mensaje establece que la paz interior no es solo posible, sino que pertenece al ser humano [&hellip;]\" \/>\n<meta property=\"og:url\" content=\"https:\/\/www.wopg.org\/es\/acerca-de-prem-rawat\/\" \/>\n<meta property=\"og:site_name\" content=\"Words of Peace\" \/>\n<meta property=\"article:publisher\" content=\"https:\/\/www.facebook.com\/wordsofpeaceglobal\" \/>\n<meta property=\"article:modified_time\" content=\"2025-08-29T18:01:23+00:00\" \/>\n<meta name=\"twitter:card\" content=\"summary_large_image\" \/>\n<meta name=\"twitter:site\" content=\"@wopg\" \/>\n<meta name=\"twitter:label1\" content=\"Tiempo de lectura\" \/>\n\t<meta name=\"twitter:data1\" content=\"4 minutos\" \/>\n<script type=\"application\/ld+json\" class=\"yoast-schema-graph\">{\"@context\":\"https:\\\/\\\/schema.org\",\"@graph\":[{\"@type\":\"WebPage\",\"@id\":\"https:\\\/\\\/www.wopg.org\\\/es\\\/acerca-de-prem-rawat\\\/\",\"url\":\"https:\\\/\\\/www.wopg.org\\\/es\\\/acerca-de-prem-rawat\\\/\",\"name\":\"Acerca de Prem Rawat | Words of Peace\",\"isPartOf\":{\"@id\":\"https:\\\/\\\/www.wopg.org\\\/es\\\/#website\"},\"datePublished\":\"2025-08-26T13:21:29+00:00\",\"dateModified\":\"2025-08-29T18:01:23+00:00\",\"breadcrumb\":{\"@id\":\"https:\\\/\\\/www.wopg.org\\\/es\\\/acerca-de-prem-rawat\\\/#breadcrumb\"},\"inLanguage\":\"es\",\"potentialAction\":[{\"@type\":\"ReadAction\",\"target\":[\"https:\\\/\\\/www.wopg.org\\\/es\\\/acerca-de-prem-rawat\\\/\"]}]},{\"@type\":\"BreadcrumbList\",\"@id\":\"https:\\\/\\\/www.wopg.org\\\/es\\\/acerca-de-prem-rawat\\\/#breadcrumb\",\"itemListElement\":[{\"@type\":\"ListItem\",\"position\":1,\"name\":\"Home\",\"item\":\"https:\\\/\\\/www.wopg.org\\\/es\\\/\"},{\"@type\":\"ListItem\",\"position\":2,\"name\":\"Acerca de Prem Rawat\"}]},{\"@type\":\"WebSite\",\"@id\":\"https:\\\/\\\/www.wopg.org\\\/es\\\/#website\",\"url\":\"https:\\\/\\\/www.wopg.org\\\/es\\\/\",\"name\":\"Words of Peace\",\"description\":\"Practice Peace, Change Your World\",\"publisher\":{\"@id\":\"https:\\\/\\\/www.wopg.org\\\/es\\\/#organization\"},\"potentialAction\":[{\"@type\":\"SearchAction\",\"target\":{\"@type\":\"EntryPoint\",\"urlTemplate\":\"https:\\\/\\\/www.wopg.org\\\/es\\\/?s={search_term_string}\"},\"query-input\":{\"@type\":\"PropertyValueSpecification\",\"valueRequired\":true,\"valueName\":\"search_term_string\"}}],\"inLanguage\":\"es\"},{\"@type\":\"Organization\",\"@id\":\"https:\\\/\\\/www.wopg.org\\\/es\\\/#organization\",\"name\":\"Words of Peace\",\"url\":\"https:\\\/\\\/www.wopg.org\\\/es\\\/\",\"logo\":{\"@type\":\"ImageObject\",\"inLanguage\":\"es\",\"@id\":\"https:\\\/\\\/www.wopg.org\\\/es\\\/#\\\/schema\\\/logo\\\/image\\\/\",\"url\":\"https:\\\/\\\/wopg.org\\\/wp-content\\\/uploads\\\/2022\\\/02\\\/Words-of-Peace-logo-website61x252.png\",\"contentUrl\":\"https:\\\/\\\/wopg.org\\\/wp-content\\\/uploads\\\/2022\\\/02\\\/Words-of-Peace-logo-website61x252.png\",\"width\":252,\"height\":61,\"caption\":\"Words of Peace\"},\"image\":{\"@id\":\"https:\\\/\\\/www.wopg.org\\\/es\\\/#\\\/schema\\\/logo\\\/image\\\/\"},\"sameAs\":[\"https:\\\/\\\/www.facebook.com\\\/wordsofpeaceglobal\",\"https:\\\/\\\/x.com\\\/wopg\",\"https:\\\/\\\/www.instagram.com\\\/wopgofficial\\\/\"]}]}<\/script>\n<!-- \/ Yoast SEO plugin. -->","yoast_head_json":{"title":"Acerca de Prem Rawat | Words of Peace","robots":{"index":"index","follow":"follow","max-snippet":"max-snippet:-1","max-image-preview":"max-image-preview:large","max-video-preview":"max-video-preview:-1"},"canonical":"https:\/\/www.wopg.org\/es\/acerca-de-prem-rawat\/","og_locale":"es_ES","og_type":"article","og_title":"Acerca de Prem Rawat | Words of Peace","og_description":"Prem RawatToda una vida dedicada a la paz. Durante m\u00e1s de 50 a\u00f1os, Prem Rawat ha compartido su perdurable mensaje de paz, con personas de todo el mundo, al margen de su nacionalidad, religi\u00f3n o estilo de vida. El mensaje establece que la paz interior no es solo posible, sino que pertenece al ser humano [&hellip;]","og_url":"https:\/\/www.wopg.org\/es\/acerca-de-prem-rawat\/","og_site_name":"Words of Peace","article_publisher":"https:\/\/www.facebook.com\/wordsofpeaceglobal","article_modified_time":"2025-08-29T18:01:23+00:00","twitter_card":"summary_large_image","twitter_site":"@wopg","twitter_misc":{"Tiempo de lectura":"4 minutos"},"schema":{"@context":"https:\/\/schema.org","@graph":[{"@type":"WebPage","@id":"https:\/\/www.wopg.org\/es\/acerca-de-prem-rawat\/","url":"https:\/\/www.wopg.org\/es\/acerca-de-prem-rawat\/","name":"Acerca de Prem Rawat | Words of Peace","isPartOf":{"@id":"https:\/\/www.wopg.org\/es\/#website"},"datePublished":"2025-08-26T13:21:29+00:00","dateModified":"2025-08-29T18:01:23+00:00","breadcrumb":{"@id":"https:\/\/www.wopg.org\/es\/acerca-de-prem-rawat\/#breadcrumb"},"inLanguage":"es","potentialAction":[{"@type":"ReadAction","target":["https:\/\/www.wopg.org\/es\/acerca-de-prem-rawat\/"]}]},{"@type":"BreadcrumbList","@id":"https:\/\/www.wopg.org\/es\/acerca-de-prem-rawat\/#breadcrumb","itemListElement":[{"@type":"ListItem","position":1,"name":"Home","item":"https:\/\/www.wopg.org\/es\/"},{"@type":"ListItem","position":2,"name":"Acerca de Prem Rawat"}]},{"@type":"WebSite","@id":"https:\/\/www.wopg.org\/es\/#website","url":"https:\/\/www.wopg.org\/es\/","name":"Words of Peace","description":"Practice Peace, Change Your World","publisher":{"@id":"https:\/\/www.wopg.org\/es\/#organization"},"potentialAction":[{"@type":"SearchAction","target":{"@type":"EntryPoint","urlTemplate":"https:\/\/www.wopg.org\/es\/?s={search_term_string}"},"query-input":{"@type":"PropertyValueSpecification","valueRequired":true,"valueName":"search_term_string"}}],"inLanguage":"es"},{"@type":"Organization","@id":"https:\/\/www.wopg.org\/es\/#organization","name":"Words of Peace","url":"https:\/\/www.wopg.org\/es\/","logo":{"@type":"ImageObject","inLanguage":"es","@id":"https:\/\/www.wopg.org\/es\/#\/schema\/logo\/image\/","url":"https:\/\/wopg.org\/wp-content\/uploads\/2022\/02\/Words-of-Peace-logo-website61x252.png","contentUrl":"https:\/\/wopg.org\/wp-content\/uploads\/2022\/02\/Words-of-Peace-logo-website61x252.png","width":252,"height":61,"caption":"Words of Peace"},"image":{"@id":"https:\/\/www.wopg.org\/es\/#\/schema\/logo\/image\/"},"sameAs":["https:\/\/www.facebook.com\/wordsofpeaceglobal","https:\/\/x.com\/wopg","https:\/\/www.instagram.com\/wopgofficial\/"]}]}},"_links":{"self":[{"href":"https:\/\/www.wopg.org\/es\/wp-json\/wp\/v2\/pages\/43466","targetHints":{"allow":["GET"]}}],"collection":[{"href":"https:\/\/www.wopg.org\/es\/wp-json\/wp\/v2\/pages"}],"about":[{"href":"https:\/\/www.wopg.org\/es\/wp-json\/wp\/v2\/types\/page"}],"author":[{"embeddable":true,"href":"https:\/\/www.wopg.org\/es\/wp-json\/wp\/v2\/users\/3"}],"replies":[{"embeddable":true,"href":"https:\/\/www.wopg.org\/es\/wp-json\/wp\/v2\/comments?post=43466"}],"version-history":[{"count":7,"href":"https:\/\/www.wopg.org\/es\/wp-json\/wp\/v2\/pages\/43466\/revisions"}],"predecessor-version":[{"id":43500,"href":"https:\/\/www.wopg.org\/es\/wp-json\/wp\/v2\/pages\/43466\/revisions\/43500"}],"wp:attachment":[{"href":"https:\/\/www.wopg.org\/es\/wp-json\/wp\/v2\/media?parent=43466"}],"wp:term":[{"taxonomy":"folder","embeddable":true,"href":"https:\/\/www.wopg.org\/es\/wp-json\/wp\/v2\/folder?post=43466"}],"curies":[{"name":"wp","href":"https:\/\/api.w.org\/{rel}","templated":true}]}}