{"id":44781,"date":"2025-11-17T17:44:50","date_gmt":"2025-11-17T17:44:50","guid":{"rendered":"https:\/\/www.wopg.org\/voluntariado\/"},"modified":"2026-04-04T16:34:45","modified_gmt":"2026-04-04T16:34:45","slug":"voluntariado","status":"publish","type":"page","link":"https:\/\/www.wopg.org\/es\/voluntariado\/","title":{"rendered":"Voluntariado"},"content":{"rendered":"<p>[et_pb_section fb_built=\u00bb1&#8243; fullwidth=\u00bbon\u00bb _builder_version=\u00bb4.24.3&#8243; _module_preset=\u00bbdefault\u00bb background_color=\u00bbRGBA(255,255,255,0)\u00bb global_colors_info=\u00bb{}\u00bb][et_pb_fullwidth_image src=\u00bbhttps:\/\/eadn-wc03-5903292.nxedge.io\/wp-content\/uploads\/2025\/11\/Volunteers-01.jpg\u00bb alt=\u00bbPrem Rawat\u00bb title_text=\u00bbVolunteers-01&#8243; _builder_version=\u00bb4.27.4&#8243; _module_preset=\u00bbdefault\u00bb global_colors_info=\u00bb{}\u00bb][\/et_pb_fullwidth_image][\/et_pb_section][et_pb_section fb_built=\u00bb1&#8243; _builder_version=\u00bb4.27.4&#8243; background_color=\u00bbRGBA(255,255,255,0)\u00bb custom_padding=\u00bb||0px||false|false\u00bb global_colors_info=\u00bb{}\u00bb][et_pb_row column_padding_mobile=\u00bbon\u00bb _builder_version=\u00bb4.24.3&#8243; background_size=\u00bbinitial\u00bb background_position=\u00bbtop_left\u00bb background_repeat=\u00bbrepeat\u00bb custom_padding=\u00bb0px||0px||false|false\u00bb border_color_bottom=\u00bb#008B73&#8243; make_fullwidth=\u00bboff\u00bb use_custom_width=\u00bboff\u00bb width_unit=\u00bbon\u00bb global_colors_info=\u00bb{}\u00bb][et_pb_column type=\u00bb4_4&#8243; _builder_version=\u00bb4.18.0&#8243; global_colors_info=\u00bb{}\u00bb custom_padding__hover=\u00bb|||\u00bb custom_padding__hover_enabled=\u00bbon|desktop\u00bb][et_pb_text _builder_version=\u00bb4.27.5&#8243; header_text_color=\u00bb#008B73&#8243; header_2_line_height=\u00bb2em\u00bb header_3_line_height=\u00bb2em\u00bb header_4_text_color=\u00bb#4D4D4D\u00bb header_4_font_size=\u00bb30px\u00bb header_4_line_height=\u00bb2.5em\u00bb background_size=\u00bbinitial\u00bb background_position=\u00bbtop_left\u00bb background_repeat=\u00bbrepeat\u00bb text_orientation=\u00bbcenter\u00bb module_alignment=\u00bbcenter\u00bb use_border_color=\u00bboff\u00bb global_colors_info=\u00bb{}\u00bb]<\/p>\n<h1 class=\"p1\"><span style=\"font-weight: 400;\">Oportunidades de voluntariado en el equipo de eventos de Words of Peace (Palabras de Paz)<\/span><\/h1>\n<p>[\/et_pb_text][et_pb_text disabled_on=\u00bboff|off|off\u00bb _builder_version=\u00bb4.27.5&#8243; _module_preset=\u00bbdefault\u00bb custom_margin=\u00bb||0px||false|false\u00bb hover_enabled=\u00bb0&#8243; global_colors_info=\u00bb{}\u00bb sticky_enabled=\u00bb0&#8243;]<\/p>\n<p dir=\"ltr\"><span style=\"font-weight: 400;\">Words of Peace presenta un enfoque renovado para regionalizar la estructura del equipo de eventos.  Esto permitir\u00e1 una mayor flexibilidad en la planificaci\u00f3n de los eventos de Prem Rawat y te brindar\u00e1 la oportunidad, como voluntario, de unirte al equipo de producci\u00f3n y otras actividades relacionadas con los eventos.<\/span><\/p>\n<p><\/p>\n<p><span style=\"font-weight: 400;\">Actualmente se ofrecen los siguientes puestos:<\/span><\/p>\n<p>[\/et_pb_text][\/et_pb_column][\/et_pb_row][\/et_pb_section][et_pb_section fb_built=\u00bb1&#8243; disabled_on=\u00bboff|off|off\u00bb _builder_version=\u00bb4.27.5&#8243; _module_preset=\u00bbdefault\u00bb custom_padding=\u00bb0px||0px||false|false\u00bb global_colors_info=\u00bb{}\u00bb][et_pb_row _builder_version=\u00bb4.27.4&#8243; _module_preset=\u00bbdefault\u00bb global_colors_info=\u00bb{}\u00bb][et_pb_column type=\u00bb4_4&#8243; _builder_version=\u00bb4.27.4&#8243; _module_preset=\u00bbdefault\u00bb global_colors_info=\u00bb{}\u00bb][et_pb_text _builder_version=\u00bb4.27.5&#8243; _module_preset=\u00bbdefault\u00bb ul_line_height=\u00bb2em\u00bb header_3_font=\u00bb||||||||\u00bb header_3_text_color=\u00bb#008B73&#8243; header_3_font_size=\u00bb24px\u00bb header_3_line_height=\u00bb2em\u00bb custom_padding=\u00bb|||20px|false|false\u00bb hover_enabled=\u00bb0&#8243; global_colors_info=\u00bb{}\u00bb sticky_enabled=\u00bb0&#8243;]<\/p>\n<ul>\n<li class=\"p1\">Gerente \/ Operador\/a de Audio Local<\/li>\n<li class=\"p1\">Conductor\/a y Cadete Local<\/li>\n<li class=\"p1\">Asistente de Dise\u00f1o de Producci\u00f3n Global<\/li>\n<li class=\"p1\">Gerente de Producci\u00f3n Local<\/li>\n<li class=\"p1\">Representante de Compras y Reservas Regional<\/li>\n<li class=\"p1\">Gerente de Montaje Local<\/li>\n<li class=\"p1\">Asistente de Montaje de Escenario Local<\/li>\n<li class=\"p1\">Asistente de Montaje y Constructor de Escenario Local<\/li>\n<li class=\"p1\">Gerente de Montaje de Escenario Local<\/li>\n<li class=\"p1\">Gerente T\u00e9cnico_a de Traducci\u00f3n Regional<\/li>\n<li class=\"p1\">Gerente\/Operador\/a de Video Local<\/li>\n<li class=\"p1\">Gerente\/Operador\/a de Iluminaci\u00f3n Local<\/li>\n<li class=\"p1\">Coordinador\/a de Eventos Local<\/li>\n<li class=\"p1\">Gerente Local de Venta de Entradas y Asignaci\u00f3n de Asientos<\/li>\n<li class=\"p1\">Contacto de Producci\u00f3n Regional<\/li>\n<li class=\"p1\">Apoyo Local de Venta de Entradas y Asignaci\u00f3n de Asientos<\/li>\n<li class=\"p1\">Gerente Regional de Registraci\u00f3n<\/li>\n<li class=\"p1\">Coordinador\/a Local de Asientos Delanteros<\/li>\n<li class=\"p1\">Coordinador\/a Local de Vest\u00edbulo<\/li>\n<li class=\"p1\">Auxiliares de Vest\u00edbulo Locales<\/li>\n<li class=\"p1\">Acomodador\/a Local<\/li>\n<li class=\"p1\">Coordinador\/a Local de Acomodadores<\/li>\n<li class=\"p1\">Asistente de Producci\u00f3n Local<\/li>\n<\/ul>\n<p>[\/et_pb_text][et_pb_text _builder_version=\u00bb4.27.5&#8243; _module_preset=\u00bbdefault\u00bb custom_margin=\u00bb||0px||false|false\u00bb global_colors_info=\u00bb{}\u00bb]<\/p>\n<p><a href=\"https:\/\/gamma.app\/docs\/Spanish-Volunteer-Portal-Guide-EVOL-b3q97u1huhkbisz?mode=present#card-uur5motzu7m19fm\" target=\"_blank\" rel=\"noopener\">Gu\u00eda del Portal de Voluntarios<\/a>. Descubre m\u00e1s aqu\u00ed<\/span>: <strong><a href=\"https:\/\/www.wopg.org\/es\/evol-ya-esta-abierto\/\" target=\"_blank\" rel=\"noopener\">EVOL<\/a><\/strong><\/p>\n<p>[\/et_pb_text][\/et_pb_column][\/et_pb_row][\/et_pb_section][et_pb_section fb_built=\u00bb1&#8243; disabled_on=\u00bbon|on|on\u00bb _builder_version=\u00bb4.27.5&#8243; _module_preset=\u00bbdefault\u00bb custom_padding=\u00bb0px||0px||false|false\u00bb disabled=\u00bbon\u00bb global_colors_info=\u00bb{}\u00bb][et_pb_row _builder_version=\u00bb4.27.5&#8243; _module_preset=\u00bbdefault\u00bb global_colors_info=\u00bb{}\u00bb][et_pb_column type=\u00bb4_4&#8243; _builder_version=\u00bb4.27.5&#8243; _module_preset=\u00bbdefault\u00bb global_colors_info=\u00bb{}\u00bb][et_pb_text _builder_version=\u00bb4.27.5&#8243; _module_preset=\u00bbdefault\u00bb global_colors_info=\u00bb{}\u00bb]<\/p>\n<p dir=\"ltr\"><span><span style=\"font-weight: 400;\">Haz clic en el t\u00edtulo del puesto que prefieres para ver los requisitos, y prepara tu curr\u00edculum vitae de acuerdo con el puesto o puestos que mejor se adapten a tus intereses, habilidades y experiencia.  Si deseas obtener m\u00e1s informaci\u00f3n sobre los puestos y el proceso de solicitud, visita<\/span>\u00a0<a href=\"https:\/\/www.wopg.org\/es\/preguntas-frecuentes-sobre-el-equipo-de-voluntarios-de-los-eventos\/\" target=\"_blank\" rel=\"noopener\">www.wopg.org\/es\/preguntas-frecuentes-sobre-el-equipo-de-voluntarios-de-los-eventos\/<\/a><\/span><\/p>\n<p><\/p>\n<p><span style=\"font-weight: 400;\">Nuestro pr\u00f3ximo correo electr\u00f3nico se enviar\u00e1 a mediados de enero e incluir\u00e1 un enlace para postularse. Tu solicitud ser\u00e1 revisada mediante un proceso de selecci\u00f3n estructurado, y el equipo se pondr\u00e1 en contacto con los voluntarios preseleccionados.<\/span><\/p>\n<p><\/p>\n<p><span><span style=\"font-weight: 400;\">Si a\u00fan no has visto el video \u00abEntre bastidores: La evoluci\u00f3n del equipo de eventos\u00bb de Words of Peace, que presenta esta iniciativa,<\/span>\u00a0<\/span><a href=\"https:\/\/www.wopg.org\/es\/entre-bastidores-2026-evolucion-del-equipo-de-eventos\/\" target=\"_blank\" rel=\"noopener\">haz clic aqu\u00ed<\/a><span>.<\/span><\/p>\n<p><\/p>\n<p><span><span style=\"font-weight: 400;\">Los puestos de voluntariado se publican de forma continua. Si est\u00e1s interesado, visita regularmente esta p\u00e1gina <\/span>para obtener m\u00e1s informaci\u00f3n.<\/span><\/p>\n<p><\/p>\n<ul dir=\"ltr\"><\/ul>\n<p>[\/et_pb_text][\/et_pb_column][\/et_pb_row][\/et_pb_section][et_pb_section fb_built=\u00bb1&#8243; disabled_on=\u00bbon|on|on\u00bb _builder_version=\u00bb4.27.5&#8243; _module_preset=\u00bbdefault\u00bb custom_padding=\u00bb0px||||false|false\u00bb disabled=\u00bbon\u00bb global_colors_info=\u00bb{}\u00bb][et_pb_row _builder_version=\u00bb4.27.4&#8243; _module_preset=\u00bbdefault\u00bb global_colors_info=\u00bb{}\u00bb][et_pb_column type=\u00bb4_4&#8243; _builder_version=\u00bb4.27.4&#8243; _module_preset=\u00bbdefault\u00bb global_colors_info=\u00bb{}\u00bb][et_pb_text _builder_version=\u00bb4.27.5&#8243; _module_preset=\u00bbdefault\u00bb global_colors_info=\u00bb{}\u00bb]<\/p>\n<p><i><span style=\"font-weight: 400;\">Words of Peace est\u00e1 firmemente comprometido con la protecci\u00f3n de tu privacidad en l\u00ednea y ha tomado medidas para proteger la informaci\u00f3n que compartes con nosotros. Para m\u00e1s informaci\u00f3n, visita: <\/span><\/i><a href=\"https:\/\/www.wopg.org\/es\/politica-de-privacidad\/\" target=\"_blank\" rel=\"noopener\"><i><span style=\"font-weight: 400;\">www.wopg.org\/es\/politica-de-privacidad\/<\/span><\/i> <\/a><\/p>\n<p>[\/et_pb_text][\/et_pb_column][\/et_pb_row][\/et_pb_section]<\/p>\n","protected":false},"excerpt":{"rendered":"<p>Oportunidades de voluntariado en el equipo de eventos de Words of Peace (Palabras de Paz)Words of Peace presenta un enfoque renovado para regionalizar la estructura del equipo de eventos. Esto permitir\u00e1 una mayor flexibilidad en la planificaci\u00f3n de los eventos de Prem Rawat y te brindar\u00e1 la oportunidad, como voluntario, de unirte al equipo de [&hellip;]<\/p>\n","protected":false},"author":3,"featured_media":0,"parent":0,"menu_order":0,"comment_status":"closed","ping_status":"closed","template":"","meta":{"_et_pb_use_builder":"on","_et_pb_old_content":"","_et_gb_content_width":"","cybocfi_hide_featured_image":"","footnotes":""},"folder":[],"class_list":["post-44781","page","type-page","status-publish","hentry"],"yoast_head":"<!-- This site is optimized with the Yoast SEO plugin v27.3 - https:\/\/yoast.com\/product\/yoast-seo-wordpress\/ -->\n<title>Voluntariado | Words of Peace<\/title>\n<meta name=\"robots\" content=\"index, follow, max-snippet:-1, max-image-preview:large, max-video-preview:-1\" \/>\n<link rel=\"canonical\" href=\"https:\/\/www.wopg.org\/es\/voluntariado\/\" \/>\n<meta property=\"og:locale\" content=\"es_ES\" \/>\n<meta property=\"og:type\" content=\"article\" \/>\n<meta property=\"og:title\" content=\"Voluntariado | Words of Peace\" \/>\n<meta property=\"og:description\" content=\"Oportunidades de voluntariado en el equipo de eventos de Words of Peace (Palabras de Paz)Words of Peace presenta un enfoque renovado para regionalizar la estructura del equipo de eventos. Esto permitir\u00e1 una mayor flexibilidad en la planificaci\u00f3n de los eventos de Prem Rawat y te brindar\u00e1 la oportunidad, como voluntario, de unirte al equipo de [&hellip;]\" \/>\n<meta property=\"og:url\" content=\"https:\/\/www.wopg.org\/es\/voluntariado\/\" \/>\n<meta property=\"og:site_name\" content=\"Words of Peace\" \/>\n<meta property=\"article:publisher\" content=\"https:\/\/www.facebook.com\/wordsofpeaceglobal\" \/>\n<meta property=\"article:modified_time\" content=\"2026-04-04T16:34:45+00:00\" \/>\n<meta name=\"twitter:card\" content=\"summary_large_image\" \/>\n<meta name=\"twitter:site\" content=\"@wopg\" \/>\n<meta name=\"twitter:label1\" content=\"Tiempo de lectura\" \/>\n\t<meta name=\"twitter:data1\" content=\"4 minutos\" \/>\n<script type=\"application\/ld+json\" class=\"yoast-schema-graph\">{\"@context\":\"https:\\\/\\\/schema.org\",\"@graph\":[{\"@type\":\"WebPage\",\"@id\":\"https:\\\/\\\/www.wopg.org\\\/es\\\/voluntariado\\\/\",\"url\":\"https:\\\/\\\/www.wopg.org\\\/es\\\/voluntariado\\\/\",\"name\":\"Voluntariado | Words of Peace\",\"isPartOf\":{\"@id\":\"https:\\\/\\\/www.wopg.org\\\/es\\\/#website\"},\"datePublished\":\"2025-11-17T17:44:50+00:00\",\"dateModified\":\"2026-04-04T16:34:45+00:00\",\"breadcrumb\":{\"@id\":\"https:\\\/\\\/www.wopg.org\\\/es\\\/voluntariado\\\/#breadcrumb\"},\"inLanguage\":\"es\",\"potentialAction\":[{\"@type\":\"ReadAction\",\"target\":[\"https:\\\/\\\/www.wopg.org\\\/es\\\/voluntariado\\\/\"]}]},{\"@type\":\"BreadcrumbList\",\"@id\":\"https:\\\/\\\/www.wopg.org\\\/es\\\/voluntariado\\\/#breadcrumb\",\"itemListElement\":[{\"@type\":\"ListItem\",\"position\":1,\"name\":\"Home\",\"item\":\"https:\\\/\\\/www.wopg.org\\\/es\\\/\"},{\"@type\":\"ListItem\",\"position\":2,\"name\":\"Voluntariado\"}]},{\"@type\":\"WebSite\",\"@id\":\"https:\\\/\\\/www.wopg.org\\\/es\\\/#website\",\"url\":\"https:\\\/\\\/www.wopg.org\\\/es\\\/\",\"name\":\"Words of Peace\",\"description\":\"Practice Peace, Change Your World\",\"publisher\":{\"@id\":\"https:\\\/\\\/www.wopg.org\\\/es\\\/#organization\"},\"potentialAction\":[{\"@type\":\"SearchAction\",\"target\":{\"@type\":\"EntryPoint\",\"urlTemplate\":\"https:\\\/\\\/www.wopg.org\\\/es\\\/?s={search_term_string}\"},\"query-input\":{\"@type\":\"PropertyValueSpecification\",\"valueRequired\":true,\"valueName\":\"search_term_string\"}}],\"inLanguage\":\"es\"},{\"@type\":\"Organization\",\"@id\":\"https:\\\/\\\/www.wopg.org\\\/es\\\/#organization\",\"name\":\"Words of Peace\",\"url\":\"https:\\\/\\\/www.wopg.org\\\/es\\\/\",\"logo\":{\"@type\":\"ImageObject\",\"inLanguage\":\"es\",\"@id\":\"https:\\\/\\\/www.wopg.org\\\/es\\\/#\\\/schema\\\/logo\\\/image\\\/\",\"url\":\"https:\\\/\\\/wopg.org\\\/wp-content\\\/uploads\\\/2022\\\/02\\\/Words-of-Peace-logo-website61x252.png\",\"contentUrl\":\"https:\\\/\\\/wopg.org\\\/wp-content\\\/uploads\\\/2022\\\/02\\\/Words-of-Peace-logo-website61x252.png\",\"width\":252,\"height\":61,\"caption\":\"Words of Peace\"},\"image\":{\"@id\":\"https:\\\/\\\/www.wopg.org\\\/es\\\/#\\\/schema\\\/logo\\\/image\\\/\"},\"sameAs\":[\"https:\\\/\\\/www.facebook.com\\\/wordsofpeaceglobal\",\"https:\\\/\\\/x.com\\\/wopg\",\"https:\\\/\\\/www.instagram.com\\\/wopgofficial\\\/\"]}]}<\/script>\n<!-- \/ Yoast SEO plugin. -->","yoast_head_json":{"title":"Voluntariado | Words of Peace","robots":{"index":"index","follow":"follow","max-snippet":"max-snippet:-1","max-image-preview":"max-image-preview:large","max-video-preview":"max-video-preview:-1"},"canonical":"https:\/\/www.wopg.org\/es\/voluntariado\/","og_locale":"es_ES","og_type":"article","og_title":"Voluntariado | Words of Peace","og_description":"Oportunidades de voluntariado en el equipo de eventos de Words of Peace (Palabras de Paz)Words of Peace presenta un enfoque renovado para regionalizar la estructura del equipo de eventos. Esto permitir\u00e1 una mayor flexibilidad en la planificaci\u00f3n de los eventos de Prem Rawat y te brindar\u00e1 la oportunidad, como voluntario, de unirte al equipo de [&hellip;]","og_url":"https:\/\/www.wopg.org\/es\/voluntariado\/","og_site_name":"Words of Peace","article_publisher":"https:\/\/www.facebook.com\/wordsofpeaceglobal","article_modified_time":"2026-04-04T16:34:45+00:00","twitter_card":"summary_large_image","twitter_site":"@wopg","twitter_misc":{"Tiempo de lectura":"4 minutos"},"schema":{"@context":"https:\/\/schema.org","@graph":[{"@type":"WebPage","@id":"https:\/\/www.wopg.org\/es\/voluntariado\/","url":"https:\/\/www.wopg.org\/es\/voluntariado\/","name":"Voluntariado | Words of Peace","isPartOf":{"@id":"https:\/\/www.wopg.org\/es\/#website"},"datePublished":"2025-11-17T17:44:50+00:00","dateModified":"2026-04-04T16:34:45+00:00","breadcrumb":{"@id":"https:\/\/www.wopg.org\/es\/voluntariado\/#breadcrumb"},"inLanguage":"es","potentialAction":[{"@type":"ReadAction","target":["https:\/\/www.wopg.org\/es\/voluntariado\/"]}]},{"@type":"BreadcrumbList","@id":"https:\/\/www.wopg.org\/es\/voluntariado\/#breadcrumb","itemListElement":[{"@type":"ListItem","position":1,"name":"Home","item":"https:\/\/www.wopg.org\/es\/"},{"@type":"ListItem","position":2,"name":"Voluntariado"}]},{"@type":"WebSite","@id":"https:\/\/www.wopg.org\/es\/#website","url":"https:\/\/www.wopg.org\/es\/","name":"Words of Peace","description":"Practice Peace, Change Your World","publisher":{"@id":"https:\/\/www.wopg.org\/es\/#organization"},"potentialAction":[{"@type":"SearchAction","target":{"@type":"EntryPoint","urlTemplate":"https:\/\/www.wopg.org\/es\/?s={search_term_string}"},"query-input":{"@type":"PropertyValueSpecification","valueRequired":true,"valueName":"search_term_string"}}],"inLanguage":"es"},{"@type":"Organization","@id":"https:\/\/www.wopg.org\/es\/#organization","name":"Words of Peace","url":"https:\/\/www.wopg.org\/es\/","logo":{"@type":"ImageObject","inLanguage":"es","@id":"https:\/\/www.wopg.org\/es\/#\/schema\/logo\/image\/","url":"https:\/\/wopg.org\/wp-content\/uploads\/2022\/02\/Words-of-Peace-logo-website61x252.png","contentUrl":"https:\/\/wopg.org\/wp-content\/uploads\/2022\/02\/Words-of-Peace-logo-website61x252.png","width":252,"height":61,"caption":"Words of Peace"},"image":{"@id":"https:\/\/www.wopg.org\/es\/#\/schema\/logo\/image\/"},"sameAs":["https:\/\/www.facebook.com\/wordsofpeaceglobal","https:\/\/x.com\/wopg","https:\/\/www.instagram.com\/wopgofficial\/"]}]}},"_links":{"self":[{"href":"https:\/\/www.wopg.org\/es\/wp-json\/wp\/v2\/pages\/44781","targetHints":{"allow":["GET"]}}],"collection":[{"href":"https:\/\/www.wopg.org\/es\/wp-json\/wp\/v2\/pages"}],"about":[{"href":"https:\/\/www.wopg.org\/es\/wp-json\/wp\/v2\/types\/page"}],"author":[{"embeddable":true,"href":"https:\/\/www.wopg.org\/es\/wp-json\/wp\/v2\/users\/3"}],"replies":[{"embeddable":true,"href":"https:\/\/www.wopg.org\/es\/wp-json\/wp\/v2\/comments?post=44781"}],"version-history":[{"count":32,"href":"https:\/\/www.wopg.org\/es\/wp-json\/wp\/v2\/pages\/44781\/revisions"}],"predecessor-version":[{"id":48137,"href":"https:\/\/www.wopg.org\/es\/wp-json\/wp\/v2\/pages\/44781\/revisions\/48137"}],"wp:attachment":[{"href":"https:\/\/www.wopg.org\/es\/wp-json\/wp\/v2\/media?parent=44781"}],"wp:term":[{"taxonomy":"folder","embeddable":true,"href":"https:\/\/www.wopg.org\/es\/wp-json\/wp\/v2\/folder?post=44781"}],"curies":[{"name":"wp","href":"https:\/\/api.w.org\/{rel}","templated":true}]}}