{"id":45018,"date":"2025-12-05T18:20:44","date_gmt":"2025-12-05T18:20:44","guid":{"rendered":"https:\/\/www.wopg.org\/preguntas-frecuentes-sobre-el-equipo-de-voluntarios-de-los-eventos\/"},"modified":"2026-01-05T20:43:24","modified_gmt":"2026-01-05T20:43:24","slug":"preguntas-frecuentes-sobre-el-equipo-de-voluntarios-de-los-eventos","status":"publish","type":"page","link":"https:\/\/www.wopg.org\/es\/preguntas-frecuentes-sobre-el-equipo-de-voluntarios-de-los-eventos\/","title":{"rendered":"Preguntas frecuentes sobre el equipo de voluntarios de los eventos"},"content":{"rendered":"<p>[et_pb_section fb_built=\u00bb1&#8243; disabled_on=\u00bboff|off|off\u00bb _builder_version=\u00bb4.27.4&#8243; _module_preset=\u00bbdefault\u00bb custom_padding=\u00bb0px||||false|false\u00bb locked=\u00bboff\u00bb global_colors_info=\u00bb{}\u00bb][et_pb_row _builder_version=\u00bb4.16&#8243; background_size=\u00bbinitial\u00bb background_position=\u00bbtop_left\u00bb background_repeat=\u00bbrepeat\u00bb locked=\u00bboff\u00bb global_colors_info=\u00bb{}\u00bb][et_pb_column type=\u00bb4_4&#8243; _builder_version=\u00bb4.16&#8243; custom_padding=\u00bb|||\u00bb global_colors_info=\u00bb{}\u00bb custom_padding__hover=\u00bb|||\u00bb][et_pb_text admin_label=\u00bbKNOWLEDGE\u00bb _builder_version=\u00bb4.27.4&#8243; header_text_color=\u00bb#4D4D4D\u00bb header_line_height=\u00bb1.5em\u00bb header_4_text_color=\u00bb#4D4D4D\u00bb header_4_font_size=\u00bb30px\u00bb background_size=\u00bbinitial\u00bb background_position=\u00bbtop_left\u00bb background_repeat=\u00bbrepeat\u00bb text_orientation=\u00bbcenter\u00bb module_alignment=\u00bbcenter\u00bb use_border_color=\u00bboff\u00bb border_color=\u00bb#ffffff\u00bb border_style=\u00bbsolid\u00bb global_colors_info=\u00bb{}\u00bb]<\/p>\n<h1 style=\"text-align: left;\">Preguntas frecuentes sobre el equipo de voluntarios de los eventos<\/h1>\n<p>[\/et_pb_text][et_pb_accordion open_toggle_text_color=\u00bb#4D4D4D\u00bb closed_toggle_text_color=\u00bb#4D4D4D\u00bb use_icon_font_size=\u00bbon\u00bb icon_font_size=\u00bb24px\u00bb _builder_version=\u00bb4.27.5&#8243; hover_enabled=\u00bb0&#8243; use_border_color=\u00bboff\u00bb border_color=\u00bb#ffffff\u00bb border_style=\u00bbsolid\u00bb global_colors_info=\u00bb{}\u00bb sticky_enabled=\u00bb0&#8243;][et_pb_accordion_item title=\u00bb\u00bfPuedo postularme a m\u00e1s de un puesto?\u00bb open=\u00bbon\u00bb _builder_version=\u00bb4.27.4&#8243; global_colors_info=\u00bb{}\u00bb]<\/p>\n<p><span style=\"font-weight: 400;\">S\u00ed. Puedes postularte a varios puestos si consideras que tus habilidades y disponibilidad son las adecuadas. Durante el proceso de evaluaci\u00f3n, nuestro equipo identificar\u00e1 la mejor opci\u00f3n acorde a tu experiencia, intereses y las necesidades del evento.<\/span><\/p>\n<p>[\/et_pb_accordion_item][et_pb_accordion_item title=\u00bb\u00bfQu\u00e9 pasa despu\u00e9s de presentar mi solicitud?\u00bb _builder_version=\u00bb4.27.5&#8243; global_colors_info=\u00bb{}\u00bb open=\u00bboff\u00bb]<\/p>\n<p><span style=\"font-weight: 400;\">El Equipo de Recursos Humanos de WOPG revisar\u00e1 tu solicitud. Si tu perfil se ajusta a los requisitos del puesto, puede que te inviten a una breve charla o recibas una llamada telef\u00f3nica. La selecci\u00f3n final se basar\u00e1 en tus habilidades, tu experiencia, tu disponibilidad y las necesidades del evento.<\/span><\/p>\n<p>[\/et_pb_accordion_item][et_pb_accordion_item title=\u00bb\u00bfSe ofrecen sesiones de capacitaci\u00f3n u orientaci\u00f3n?\u00bb _builder_version=\u00bb4.27.5&#8243; _module_preset=\u00bbdefault\u00bb global_colors_info=\u00bb{}\u00bb open=\u00bboff\u00bb]<\/p>\n<p><span style=\"font-weight: 400;\">S\u00ed. Los voluntarios seleccionados ser\u00e1n invitados a participar en sesiones de orientaci\u00f3n antes de los eventos asignados. Estas sesiones garantizan claridad, preparaci\u00f3n y adecuaci\u00f3n a los est\u00e1ndares de calidad de WOPG.<\/span><\/p>\n<p>[\/et_pb_accordion_item][et_pb_accordion_item title=\u00bb\u00bfPuedo ofrecerme como voluntario en m\u00e1s de una ciudad o localidad?\u00bb _builder_version=\u00bb4.27.5&#8243; _module_preset=\u00bbdefault\u00bb global_colors_info=\u00bb{}\u00bb open=\u00bboff\u00bb]<\/p>\n<p><span style=\"font-weight: 400;\">S\u00ed, dependiendo de la programaci\u00f3n de los eventos y tu disponibilidad. Algunos puestos pueden ser espec\u00edficos para un lugar determinado, mientras que otros pueden permitir la participaci\u00f3n en varias regiones. Estos detalles se aclarar\u00e1n durante el proceso de selecci\u00f3n.<\/span><\/p>\n<p>[\/et_pb_accordion_item][et_pb_accordion_item title=\u00bb\u00bfC\u00f3mo se seleccionan los voluntarios?\u00bb _builder_version=\u00bb4.27.5&#8243; _module_preset=\u00bbdefault\u00bb global_colors_info=\u00bb{}\u00bb open=\u00bboff\u00bb]<\/p>\n<p><span style=\"font-weight: 400;\">Los voluntarios se seleccionan en funci\u00f3n de su idoneidad para el puesto, experiencia, habilidades, su compromiso y su adhesi\u00f3n a los valores de WOPG. Ciertos puestos que requieren conocimientos t\u00e9cnicos pueden implicar una revisi\u00f3n adicional o una verificaci\u00f3n de aptitud.<\/span><\/p>\n<p>[\/et_pb_accordion_item][et_pb_accordion_item title=\u00bb\u00bfCu\u00e1ndo se informar\u00e1 a los voluntarios que han sido seleccionados?\u00bb _builder_version=\u00bb4.27.5&#8243; _module_preset=\u00bbdefault\u00bb global_colors_info=\u00bb{}\u00bb open=\u00bboff\u00bb]<\/p>\n<p><span style=\"font-weight: 400;\">Una vez finalizado el proceso de selecci\u00f3n para el puesto solicitado, se les notificar\u00e1. Los plazos pueden variar seg\u00fan la programaci\u00f3n de los eventos y la coordinaci\u00f3n del equipo, pero nos esforzaremos en comunicar los resultados lo antes posible.<br \/>\n<\/span><\/p>\n<p>[\/et_pb_accordion_item][et_pb_accordion_item title=\u00bb\u00bfLos voluntarios deben firmar alg\u00fan acuerdo?\u00bb _builder_version=\u00bb4.27.5&#8243; _module_preset=\u00bbdefault\u00bb global_colors_info=\u00bb{}\u00bb open=\u00bboff\u00bb]<\/p>\n<p><span style=\"font-weight: 400;\">S\u00ed, los voluntarios seleccionados deber\u00e1n firmar un Acuerdo de Voluntariado referente a las directrices espec\u00edficas de su puesto antes de comenzar su tarea. Es para aclarar lo que se espera de ellos, su profesionalidad y confidencialidad.<\/span><\/p>\n<p>[\/et_pb_accordion_item][et_pb_accordion_item title=\u00bb\u00bfCon qui\u00e9n puedo contactar si tengo alguna preocupaci\u00f3n sobre la privacidad de mis datos?\u00bb _builder_version=\u00bb4.27.5&#8243; _module_preset=\u00bbdefault\u00bb global_colors_info=\u00bb{}\u00bb open=\u00bboff\u00bb]<\/p>\n<p><span style=\"font-weight: 400;\">Si tiene alguna inquietud sobre c\u00f3mo se recopila, almacena o utiliza tu informaci\u00f3n personal, puede contactar al Responsable de Protecci\u00f3n de Datos de WOPG o escribir a <\/span><a href=\"mailto:privacy@wopg.org\"><b>privacy@wopg.org<\/b><\/a><span style=\"font-weight: 400;\"> Para m\u00e1s informaci\u00f3n, visite: <a href=\"https:\/\/www.wopg.org\/es\/politica-de-privacidad\/\" target=\"_blank\" rel=\"noopener\">www.wopg.org\/politica-de-privacidad<\/a>.<\/span><\/p>\n<p>[\/et_pb_accordion_item][\/et_pb_accordion][\/et_pb_column][\/et_pb_row][\/et_pb_section]<\/p>\n","protected":false},"excerpt":{"rendered":"<p>Preguntas frecuentes sobre el equipo de voluntarios de los eventosS\u00ed. Puedes postularte a varios puestos si consideras que tus habilidades y disponibilidad son las adecuadas. Durante el proceso de evaluaci\u00f3n, nuestro equipo identificar\u00e1 la mejor opci\u00f3n acorde a tu experiencia, intereses y las necesidades del evento.El Equipo de Recursos Humanos de WOPG revisar\u00e1 tu solicitud. [&hellip;]<\/p>\n","protected":false},"author":3,"featured_media":0,"parent":0,"menu_order":0,"comment_status":"closed","ping_status":"closed","template":"","meta":{"_et_pb_use_builder":"on","_et_pb_old_content":"","_et_gb_content_width":"","footnotes":""},"folder":[],"class_list":["post-45018","page","type-page","status-publish","hentry"],"yoast_head":"<!-- This site is optimized with the Yoast SEO plugin v27.3 - https:\/\/yoast.com\/product\/yoast-seo-wordpress\/ -->\n<title>Preguntas frecuentes sobre el equipo de voluntarios de los eventos | Words of Peace<\/title>\n<meta name=\"robots\" content=\"index, follow, max-snippet:-1, max-image-preview:large, max-video-preview:-1\" \/>\n<link rel=\"canonical\" href=\"https:\/\/www.wopg.org\/es\/preguntas-frecuentes-sobre-el-equipo-de-voluntarios-de-los-eventos\/\" \/>\n<meta property=\"og:locale\" content=\"es_ES\" \/>\n<meta property=\"og:type\" content=\"article\" \/>\n<meta property=\"og:title\" content=\"Preguntas frecuentes sobre el equipo de voluntarios de los eventos | Words of Peace\" \/>\n<meta property=\"og:description\" content=\"Preguntas frecuentes sobre el equipo de voluntarios de los eventosS\u00ed. Puedes postularte a varios puestos si consideras que tus habilidades y disponibilidad son las adecuadas. Durante el proceso de evaluaci\u00f3n, nuestro equipo identificar\u00e1 la mejor opci\u00f3n acorde a tu experiencia, intereses y las necesidades del evento.El Equipo de Recursos Humanos de WOPG revisar\u00e1 tu solicitud. [&hellip;]\" \/>\n<meta property=\"og:url\" content=\"https:\/\/www.wopg.org\/es\/preguntas-frecuentes-sobre-el-equipo-de-voluntarios-de-los-eventos\/\" \/>\n<meta property=\"og:site_name\" content=\"Words of Peace\" \/>\n<meta property=\"article:publisher\" content=\"https:\/\/www.facebook.com\/wordsofpeaceglobal\" \/>\n<meta property=\"article:modified_time\" content=\"2026-01-05T20:43:24+00:00\" \/>\n<meta name=\"twitter:card\" content=\"summary_large_image\" \/>\n<meta name=\"twitter:site\" content=\"@wopg\" \/>\n<meta name=\"twitter:label1\" content=\"Tiempo de lectura\" \/>\n\t<meta name=\"twitter:data1\" content=\"4 minutos\" \/>\n<script type=\"application\/ld+json\" class=\"yoast-schema-graph\">{\"@context\":\"https:\\\/\\\/schema.org\",\"@graph\":[{\"@type\":\"WebPage\",\"@id\":\"https:\\\/\\\/www.wopg.org\\\/es\\\/preguntas-frecuentes-sobre-el-equipo-de-voluntarios-de-los-eventos\\\/\",\"url\":\"https:\\\/\\\/www.wopg.org\\\/es\\\/preguntas-frecuentes-sobre-el-equipo-de-voluntarios-de-los-eventos\\\/\",\"name\":\"Preguntas frecuentes sobre el equipo de voluntarios de los eventos | Words of Peace\",\"isPartOf\":{\"@id\":\"https:\\\/\\\/www.wopg.org\\\/es\\\/#website\"},\"datePublished\":\"2025-12-05T18:20:44+00:00\",\"dateModified\":\"2026-01-05T20:43:24+00:00\",\"breadcrumb\":{\"@id\":\"https:\\\/\\\/www.wopg.org\\\/es\\\/preguntas-frecuentes-sobre-el-equipo-de-voluntarios-de-los-eventos\\\/#breadcrumb\"},\"inLanguage\":\"es\",\"potentialAction\":[{\"@type\":\"ReadAction\",\"target\":[\"https:\\\/\\\/www.wopg.org\\\/es\\\/preguntas-frecuentes-sobre-el-equipo-de-voluntarios-de-los-eventos\\\/\"]}]},{\"@type\":\"BreadcrumbList\",\"@id\":\"https:\\\/\\\/www.wopg.org\\\/es\\\/preguntas-frecuentes-sobre-el-equipo-de-voluntarios-de-los-eventos\\\/#breadcrumb\",\"itemListElement\":[{\"@type\":\"ListItem\",\"position\":1,\"name\":\"Home\",\"item\":\"https:\\\/\\\/www.wopg.org\\\/es\\\/\"},{\"@type\":\"ListItem\",\"position\":2,\"name\":\"Preguntas frecuentes sobre el equipo de voluntarios de los eventos\"}]},{\"@type\":\"WebSite\",\"@id\":\"https:\\\/\\\/www.wopg.org\\\/es\\\/#website\",\"url\":\"https:\\\/\\\/www.wopg.org\\\/es\\\/\",\"name\":\"Words of Peace\",\"description\":\"Practice Peace, Change Your World\",\"publisher\":{\"@id\":\"https:\\\/\\\/www.wopg.org\\\/es\\\/#organization\"},\"potentialAction\":[{\"@type\":\"SearchAction\",\"target\":{\"@type\":\"EntryPoint\",\"urlTemplate\":\"https:\\\/\\\/www.wopg.org\\\/es\\\/?s={search_term_string}\"},\"query-input\":{\"@type\":\"PropertyValueSpecification\",\"valueRequired\":true,\"valueName\":\"search_term_string\"}}],\"inLanguage\":\"es\"},{\"@type\":\"Organization\",\"@id\":\"https:\\\/\\\/www.wopg.org\\\/es\\\/#organization\",\"name\":\"Words of Peace\",\"url\":\"https:\\\/\\\/www.wopg.org\\\/es\\\/\",\"logo\":{\"@type\":\"ImageObject\",\"inLanguage\":\"es\",\"@id\":\"https:\\\/\\\/www.wopg.org\\\/es\\\/#\\\/schema\\\/logo\\\/image\\\/\",\"url\":\"https:\\\/\\\/wopg.org\\\/wp-content\\\/uploads\\\/2022\\\/02\\\/Words-of-Peace-logo-website61x252.png\",\"contentUrl\":\"https:\\\/\\\/wopg.org\\\/wp-content\\\/uploads\\\/2022\\\/02\\\/Words-of-Peace-logo-website61x252.png\",\"width\":252,\"height\":61,\"caption\":\"Words of Peace\"},\"image\":{\"@id\":\"https:\\\/\\\/www.wopg.org\\\/es\\\/#\\\/schema\\\/logo\\\/image\\\/\"},\"sameAs\":[\"https:\\\/\\\/www.facebook.com\\\/wordsofpeaceglobal\",\"https:\\\/\\\/x.com\\\/wopg\",\"https:\\\/\\\/www.instagram.com\\\/wopgofficial\\\/\"]}]}<\/script>\n<!-- \/ Yoast SEO plugin. -->","yoast_head_json":{"title":"Preguntas frecuentes sobre el equipo de voluntarios de los eventos | Words of Peace","robots":{"index":"index","follow":"follow","max-snippet":"max-snippet:-1","max-image-preview":"max-image-preview:large","max-video-preview":"max-video-preview:-1"},"canonical":"https:\/\/www.wopg.org\/es\/preguntas-frecuentes-sobre-el-equipo-de-voluntarios-de-los-eventos\/","og_locale":"es_ES","og_type":"article","og_title":"Preguntas frecuentes sobre el equipo de voluntarios de los eventos | Words of Peace","og_description":"Preguntas frecuentes sobre el equipo de voluntarios de los eventosS\u00ed. Puedes postularte a varios puestos si consideras que tus habilidades y disponibilidad son las adecuadas. Durante el proceso de evaluaci\u00f3n, nuestro equipo identificar\u00e1 la mejor opci\u00f3n acorde a tu experiencia, intereses y las necesidades del evento.El Equipo de Recursos Humanos de WOPG revisar\u00e1 tu solicitud. [&hellip;]","og_url":"https:\/\/www.wopg.org\/es\/preguntas-frecuentes-sobre-el-equipo-de-voluntarios-de-los-eventos\/","og_site_name":"Words of Peace","article_publisher":"https:\/\/www.facebook.com\/wordsofpeaceglobal","article_modified_time":"2026-01-05T20:43:24+00:00","twitter_card":"summary_large_image","twitter_site":"@wopg","twitter_misc":{"Tiempo de lectura":"4 minutos"},"schema":{"@context":"https:\/\/schema.org","@graph":[{"@type":"WebPage","@id":"https:\/\/www.wopg.org\/es\/preguntas-frecuentes-sobre-el-equipo-de-voluntarios-de-los-eventos\/","url":"https:\/\/www.wopg.org\/es\/preguntas-frecuentes-sobre-el-equipo-de-voluntarios-de-los-eventos\/","name":"Preguntas frecuentes sobre el equipo de voluntarios de los eventos | Words of Peace","isPartOf":{"@id":"https:\/\/www.wopg.org\/es\/#website"},"datePublished":"2025-12-05T18:20:44+00:00","dateModified":"2026-01-05T20:43:24+00:00","breadcrumb":{"@id":"https:\/\/www.wopg.org\/es\/preguntas-frecuentes-sobre-el-equipo-de-voluntarios-de-los-eventos\/#breadcrumb"},"inLanguage":"es","potentialAction":[{"@type":"ReadAction","target":["https:\/\/www.wopg.org\/es\/preguntas-frecuentes-sobre-el-equipo-de-voluntarios-de-los-eventos\/"]}]},{"@type":"BreadcrumbList","@id":"https:\/\/www.wopg.org\/es\/preguntas-frecuentes-sobre-el-equipo-de-voluntarios-de-los-eventos\/#breadcrumb","itemListElement":[{"@type":"ListItem","position":1,"name":"Home","item":"https:\/\/www.wopg.org\/es\/"},{"@type":"ListItem","position":2,"name":"Preguntas frecuentes sobre el equipo de voluntarios de los eventos"}]},{"@type":"WebSite","@id":"https:\/\/www.wopg.org\/es\/#website","url":"https:\/\/www.wopg.org\/es\/","name":"Words of Peace","description":"Practice Peace, Change Your World","publisher":{"@id":"https:\/\/www.wopg.org\/es\/#organization"},"potentialAction":[{"@type":"SearchAction","target":{"@type":"EntryPoint","urlTemplate":"https:\/\/www.wopg.org\/es\/?s={search_term_string}"},"query-input":{"@type":"PropertyValueSpecification","valueRequired":true,"valueName":"search_term_string"}}],"inLanguage":"es"},{"@type":"Organization","@id":"https:\/\/www.wopg.org\/es\/#organization","name":"Words of Peace","url":"https:\/\/www.wopg.org\/es\/","logo":{"@type":"ImageObject","inLanguage":"es","@id":"https:\/\/www.wopg.org\/es\/#\/schema\/logo\/image\/","url":"https:\/\/wopg.org\/wp-content\/uploads\/2022\/02\/Words-of-Peace-logo-website61x252.png","contentUrl":"https:\/\/wopg.org\/wp-content\/uploads\/2022\/02\/Words-of-Peace-logo-website61x252.png","width":252,"height":61,"caption":"Words of Peace"},"image":{"@id":"https:\/\/www.wopg.org\/es\/#\/schema\/logo\/image\/"},"sameAs":["https:\/\/www.facebook.com\/wordsofpeaceglobal","https:\/\/x.com\/wopg","https:\/\/www.instagram.com\/wopgofficial\/"]}]}},"_links":{"self":[{"href":"https:\/\/www.wopg.org\/es\/wp-json\/wp\/v2\/pages\/45018","targetHints":{"allow":["GET"]}}],"collection":[{"href":"https:\/\/www.wopg.org\/es\/wp-json\/wp\/v2\/pages"}],"about":[{"href":"https:\/\/www.wopg.org\/es\/wp-json\/wp\/v2\/types\/page"}],"author":[{"embeddable":true,"href":"https:\/\/www.wopg.org\/es\/wp-json\/wp\/v2\/users\/3"}],"replies":[{"embeddable":true,"href":"https:\/\/www.wopg.org\/es\/wp-json\/wp\/v2\/comments?post=45018"}],"version-history":[{"count":8,"href":"https:\/\/www.wopg.org\/es\/wp-json\/wp\/v2\/pages\/45018\/revisions"}],"predecessor-version":[{"id":45854,"href":"https:\/\/www.wopg.org\/es\/wp-json\/wp\/v2\/pages\/45018\/revisions\/45854"}],"wp:attachment":[{"href":"https:\/\/www.wopg.org\/es\/wp-json\/wp\/v2\/media?parent=45018"}],"wp:term":[{"taxonomy":"folder","embeddable":true,"href":"https:\/\/www.wopg.org\/es\/wp-json\/wp\/v2\/folder?post=45018"}],"curies":[{"name":"wp","href":"https:\/\/api.w.org\/{rel}","templated":true}]}}