{"id":5047,"date":"2022-03-28T23:44:50","date_gmt":"2022-03-28T23:44:50","guid":{"rendered":"https:\/\/test1.wopg.org\/otras-formas-de-donar\/"},"modified":"2024-10-05T09:10:17","modified_gmt":"2024-10-05T09:10:17","slug":"otras-formas-de-donar","status":"publish","type":"page","link":"https:\/\/www.wopg.org\/es\/otras-formas-de-donar\/","title":{"rendered":"Otras formas de donar"},"content":{"rendered":"<p>[et_pb_section fb_built=\u00bb1&#8243; _builder_version=\u00bb4.16&#8243; _module_preset=\u00bbdefault\u00bb custom_padding=\u00bb||0px||false|false\u00bb global_colors_info=\u00bb{}\u00bb][et_pb_row _builder_version=\u00bb4.16&#8243; _module_preset=\u00bbdefault\u00bb global_colors_info=\u00bb{}\u00bb][et_pb_column type=\u00bb4_4&#8243; _builder_version=\u00bb4.16&#8243; _module_preset=\u00bbdefault\u00bb global_colors_info=\u00bb{}\u00bb][et_pb_text _builder_version=\u00bb4.16&#8243; _module_preset=\u00bbdefault\u00bb header_font=\u00bb|||on|||||\u00bb header_text_align=\u00bbcenter\u00bb hover_enabled=\u00bb0&#8243; global_colors_info=\u00bb{}\u00bb sticky_enabled=\u00bb0&#8243;]<\/p>\n<h1>Otras formas de donar<\/h1>\n<p>[\/et_pb_text][\/et_pb_column][\/et_pb_row][\/et_pb_section][et_pb_section fb_built=\u00bb1&#8243; _builder_version=\u00bb4.16&#8243; _module_preset=\u00bbdefault\u00bb background_color=\u00bbRGBA(255,255,255,0)\u00bb custom_padding=\u00bb0px||0px||false|false\u00bb global_colors_info=\u00bb{}\u00bb][et_pb_row _builder_version=\u00bb4.16&#8243; _module_preset=\u00bbdefault\u00bb custom_padding=\u00bb0px||0px||false|false\u00bb border_width_top=\u00bb1px\u00bb border_color_top=\u00bb#4D4D4D\u00bb border_width_bottom=\u00bb1px\u00bb border_color_bottom=\u00bb#4D4D4D\u00bb global_colors_info=\u00bb{}\u00bb][et_pb_column type=\u00bb4_4&#8243; _builder_version=\u00bb4.16&#8243; _module_preset=\u00bbdefault\u00bb global_colors_info=\u00bb{}\u00bb][et_pb_text _builder_version=\u00bb4.27.0&#8243; _module_preset=\u00bbdefault\u00bb text_font=\u00bb||||||||\u00bb link_font=\u00bb|700|||||||\u00bb text_orientation=\u00bbcenter\u00bb module_alignment=\u00bbcenter\u00bb custom_padding=\u00bb2%||||false|false\u00bb hover_enabled=\u00bb0&#8243; global_colors_info=\u00bb{}\u00bb sticky_enabled=\u00bb0&#8243;]<\/p>\n<p><strong><span style=\"color: #ff0000;\">Si eres contribuyente en Estados Unidos, haz <\/span><a href=\"#wopi\">click aqu\u00ed<\/a> para conocer otras formas de donar a Words of Peace International (WOPI).<\/strong><\/p>\n<p>[\/et_pb_text][\/et_pb_column][\/et_pb_row][\/et_pb_section][et_pb_section fb_built=\u00bb1&#8243; _builder_version=\u00bb4.16&#8243; _module_preset=\u00bbdefault\u00bb custom_padding=\u00bb0px||||false|false\u00bb global_colors_info=\u00bb{}\u00bb][et_pb_row _builder_version=\u00bb4.16&#8243; _module_preset=\u00bbdefault\u00bb global_colors_info=\u00bb{}\u00bb][et_pb_column type=\u00bb4_4&#8243; _builder_version=\u00bb4.16&#8243; _module_preset=\u00bbdefault\u00bb global_colors_info=\u00bb{}\u00bb][et_pb_text _builder_version=\u00bb4.27.0&#8243; _module_preset=\u00bbdefault\u00bb link_font=\u00bb|700|||||||\u00bb ol_font=\u00bb|700|||||||\u00bb header_3_font=\u00bb||||||||\u00bb header_3_font_size=\u00bb30px\u00bb header_3_line_height=\u00bb1.6em\u00bb hover_enabled=\u00bb0&#8243; global_colors_info=\u00bb{}\u00bb sticky_enabled=\u00bb0&#8243;]<\/p>\n<h3>Otras formas de donar a Words of Peace Global (WOPG):<\/h3>\n<p>&nbsp;<\/p>\n<ol>\n<li>Transferencia bancaria<\/li>\n<\/ol>\n<p style=\"padding-left: 40px;\">Puedes donar desde tu cuenta bancaria en las monedas siguientes: euro, d\u00f3lar estadounidense, d\u00f3lar canadiense, d\u00f3lar australiano y libra esterlina. Lamentablemente, el banco de WOPG en los Pa\u00edses Bajos ya no acepta cheques bancarios.<\/p>\n<p style=\"padding-left: 40px;\">Para m\u00e1s informaci\u00f3n sobre transferencias bancarias, <a href=\"http:\/\/eadn-wc03-5903292.nxedge.io\/wp-content\/uploads\/2022\/03\/220118-Bank-transfer-form.Bank-acount-nos_etc_V4_ES.pdf\" target=\"_blank\" rel=\"noopener\">click aqu\u00ed<\/a>.<\/p>\n<ol start=\"2\">\n<li>Donar en memoria de<\/li>\n<\/ol>\n<p style=\"padding-left: 40px;\">Si deseas donar en memoria de alguien, puedes hacerlo presionando \u201cS\u00cd\u201d en la p\u00e1gina de donaci\u00f3n debajo de la pregunta: \u201c\u00bfTe gustar\u00eda donar en memoria de alguien?\u201d.<\/p>\n<p style=\"padding-left: 40px;\">Si deseas que notifiquemos a un familiar acerca de tu donaci\u00f3n, por favor proporciona la informaci\u00f3n del contacto cuando completes el formulario de donaci\u00f3n en l\u00ednea.<\/p>\n<ol start=\"3\">\n<li>Nombrar a WOPG como beneficiario en tu testamento<\/li>\n<\/ol>\n<p style=\"padding-left: 40px;\">Words of Peace Global es una fundaci\u00f3n sin fines de lucro registrada en los Pa\u00edses Bajos con estatus ANBI (organizaci\u00f3n ben\u00e9fica). Sus datos son:<\/p>\n<p style=\"padding-left: 40px;\"><strong>Words of Peace Global<\/strong><br \/><strong>Registration number is 34312991<\/strong><br \/><strong>Address is P.O. Box 20627, 1001 NP Amsterdam<\/strong><\/p>\n<p style=\"padding-left: 40px;\">Si tienes alguna pregunta sobre c\u00f3mo hacer un legado a WOPG, escribe a <a href=\"mailto:donations@wopg.org\">donations@wopg.org<\/a>.<\/p>\n<p>&nbsp;<\/p>\n<p style=\"text-align: center;\"><strong>Gracias por tu apoyo<\/strong><\/p>\n<p>&nbsp;<\/p>\n<p>[\/et_pb_text][\/et_pb_column][\/et_pb_row][\/et_pb_section][et_pb_section fb_built=\u00bb1&#8243; module_id=\u00bbwopi\u00bb _builder_version=\u00bb4.16&#8243; _module_preset=\u00bbdefault\u00bb custom_padding=\u00bb0px||0px||false|false\u00bb global_colors_info=\u00bb{}\u00bb][et_pb_row _builder_version=\u00bb4.16&#8243; _module_preset=\u00bbdefault\u00bb global_colors_info=\u00bb{}\u00bb][et_pb_column type=\u00bb4_4&#8243; _builder_version=\u00bb4.16&#8243; _module_preset=\u00bbdefault\u00bb global_colors_info=\u00bb{}\u00bb][et_pb_divider _builder_version=\u00bb4.14.9&#8243; _module_preset=\u00bbdefault\u00bb global_colors_info=\u00bb{}\u00bb][\/et_pb_divider][\/et_pb_column][\/et_pb_row][\/et_pb_section][et_pb_section fb_built=\u00bb1&#8243; _builder_version=\u00bb4.16&#8243; _module_preset=\u00bbdefault\u00bb global_colors_info=\u00bb{}\u00bb][et_pb_row _builder_version=\u00bb4.16&#8243; _module_preset=\u00bbdefault\u00bb global_colors_info=\u00bb{}\u00bb][et_pb_column type=\u00bb4_4&#8243; _builder_version=\u00bb4.16&#8243; _module_preset=\u00bbdefault\u00bb global_colors_info=\u00bb{}\u00bb][et_pb_text _builder_version=\u00bb4.27.0&#8243; _module_preset=\u00bbdefault\u00bb link_font=\u00bb|700|||||||\u00bb ol_font=\u00bb|700|||||||\u00bb header_3_font_size=\u00bb30px\u00bb header_3_line_height=\u00bb1.6em\u00bb hover_enabled=\u00bb0&#8243; global_colors_info=\u00bb{}\u00bb sticky_enabled=\u00bb0&#8243;]<\/p>\n<h3>Otras formas de donar a Words of Peace International (WOPI):<\/h3>\n<p>&nbsp;<\/p>\n<ol>\n<li>Acciones<\/li>\n<\/ol>\n<p style=\"padding-left: 40px;\">Si deseas donar acciones, por favor contacta a la oficina de WOPI en  <a href=\"mailto:donations@wopintl.org\">donations@wopintl.org<\/a> o llama al (805)388-1596.<\/p>\n<ol start=\"2\">\n<li>RMD (distribuci\u00f3n m\u00ednima requerida) de una cuenta de jubilaci\u00f3n<\/li>\n<\/ol>\n<p style=\"padding-left: 40px;\">\u00a0A partir de los 70 a\u00f1os y medio la donaci\u00f3n de un RMD directamente a un 501c3 (tal como WOPI), es una distribuci\u00f3n caritativa calificada y no ser\u00e1 gravada hasta $100.000. Tu contador, conociendo los detalles de tus finanzas, podr\u00e1 asesorarte mejor.<\/p>\n<ol start=\"3\">\n<li>Donaciones complementarias<\/li>\n<\/ol>\n<p style=\"padding-left: 40px;\">Pregunta a tu empleador si ellos ofrecen un programa de contribuciones equivalentes. Si lo hacen y WOPI no es una de las opciones en la lista, por favor informa a la oficina de WOPI y nos uniremos al programa. Puedes llamar al (805)388-1596 o escribir a <a href=\"mailto:donations@wopintl.org\">donations@wopintl.org<\/a>.<\/p>\n<ol start=\"4\">\n<li>Nombrar a WOPI en tu testamento como beneficiario de tu pensi\u00f3n de retiro<\/li>\n<\/ol>\n<p style=\"padding-left: 40px;\">Comun\u00edcate con la oficina de WOPI escribiendo a <a href=\"mailto:donations@wopintl.org\">donations@wopintl.org<\/a> o llamando al (805)388-1596 y estaremos encantados de guiarte a trav\u00e9s del proceso.<\/p>\n<ol start=\"5\">\n<li>Donar en memoria de<\/li>\n<\/ol>\n<p style=\"padding-left: 40px;\">Si deseas donar en memoria de alguien, puedes hacerlo presionando \u201cS\u00cd\u201d en la p\u00e1gina de donaci\u00f3n debajo de la pregunta: \u201c\u00bfTe gustar\u00eda donar en memoria de alguien?\u201d.<\/p>\n<p style=\"padding-left: 40px;\">Si deseas que notifiquemos a un familiar acerca de tu donaci\u00f3n, por favor proporciona la informaci\u00f3n del contacto cuando completes el formulario de donaci\u00f3n en l\u00ednea.<\/p>\n<ol start=\"6\">\n<li>Donar com cheque<\/li>\n<\/ol>\n<p style=\"padding-left: 40px;\">Env\u00ede su cheque, a nombre de Words of Peace International, a:<\/p>\n<p style=\"padding-left: 40px;\"><strong>Words of Peace International<\/strong><br \/><strong>4607 Lakeview Canyon Rd #570<\/strong><br \/><strong>Westlake Village, CA 91361<\/strong><\/p>\n<p>&nbsp;<\/p>\n<p style=\"text-align: center;\"><strong>Gracias por tu apoyo<\/strong><\/p>\n<p>&nbsp;[\/et_pb_text][\/et_pb_column][\/et_pb_row][\/et_pb_section]<\/p>\n","protected":false},"excerpt":{"rendered":"<p>Otras formas de donarSi eres contribuyente en Estados Unidos, haz click aqu\u00ed para conocer otras formas de donar a Words of Peace International (WOPI).Otras formas de donar a Words of Peace Global (WOPG): &nbsp; Transferencia bancaria Puedes donar desde tu cuenta bancaria en las monedas siguientes: euro, d\u00f3lar estadounidense, d\u00f3lar canadiense, d\u00f3lar australiano y libra [&hellip;]<\/p>\n","protected":false},"author":3,"featured_media":0,"parent":0,"menu_order":0,"comment_status":"closed","ping_status":"closed","template":"","meta":{"_et_pb_use_builder":"on","_et_pb_old_content":"","_et_gb_content_width":"","footnotes":""},"folder":[],"class_list":["post-5047","page","type-page","status-publish","hentry"],"yoast_head":"<!-- This site is optimized with the Yoast SEO plugin v27.3 - https:\/\/yoast.com\/product\/yoast-seo-wordpress\/ -->\n<title>Otras formas de donar | Words of Peace<\/title>\n<meta name=\"robots\" content=\"index, follow, max-snippet:-1, max-image-preview:large, max-video-preview:-1\" \/>\n<link rel=\"canonical\" href=\"https:\/\/www.wopg.org\/es\/otras-formas-de-donar\/\" \/>\n<meta property=\"og:locale\" content=\"es_ES\" \/>\n<meta property=\"og:type\" content=\"article\" \/>\n<meta property=\"og:title\" content=\"Otras formas de donar | Words of Peace\" \/>\n<meta property=\"og:description\" content=\"Otras formas de donarSi eres contribuyente en Estados Unidos, haz click aqu\u00ed para conocer otras formas de donar a Words of Peace International (WOPI).Otras formas de donar a Words of Peace Global (WOPG): &nbsp; Transferencia bancaria Puedes donar desde tu cuenta bancaria en las monedas siguientes: euro, d\u00f3lar estadounidense, d\u00f3lar canadiense, d\u00f3lar australiano y libra [&hellip;]\" \/>\n<meta property=\"og:url\" content=\"https:\/\/www.wopg.org\/es\/otras-formas-de-donar\/\" \/>\n<meta property=\"og:site_name\" content=\"Words of Peace\" \/>\n<meta property=\"article:publisher\" content=\"https:\/\/www.facebook.com\/wordsofpeaceglobal\" \/>\n<meta property=\"article:modified_time\" content=\"2024-10-05T09:10:17+00:00\" \/>\n<meta name=\"twitter:card\" content=\"summary_large_image\" \/>\n<meta name=\"twitter:site\" content=\"@wopg\" \/>\n<meta name=\"twitter:label1\" content=\"Tiempo de lectura\" \/>\n\t<meta name=\"twitter:data1\" content=\"5 minutos\" \/>\n<script type=\"application\/ld+json\" class=\"yoast-schema-graph\">{\"@context\":\"https:\\\/\\\/schema.org\",\"@graph\":[{\"@type\":\"WebPage\",\"@id\":\"https:\\\/\\\/www.wopg.org\\\/es\\\/otras-formas-de-donar\\\/\",\"url\":\"https:\\\/\\\/www.wopg.org\\\/es\\\/otras-formas-de-donar\\\/\",\"name\":\"Otras formas de donar | Words of Peace\",\"isPartOf\":{\"@id\":\"https:\\\/\\\/www.wopg.org\\\/es\\\/#website\"},\"datePublished\":\"2022-03-28T23:44:50+00:00\",\"dateModified\":\"2024-10-05T09:10:17+00:00\",\"breadcrumb\":{\"@id\":\"https:\\\/\\\/www.wopg.org\\\/es\\\/otras-formas-de-donar\\\/#breadcrumb\"},\"inLanguage\":\"es\",\"potentialAction\":[{\"@type\":\"ReadAction\",\"target\":[\"https:\\\/\\\/www.wopg.org\\\/es\\\/otras-formas-de-donar\\\/\"]}]},{\"@type\":\"BreadcrumbList\",\"@id\":\"https:\\\/\\\/www.wopg.org\\\/es\\\/otras-formas-de-donar\\\/#breadcrumb\",\"itemListElement\":[{\"@type\":\"ListItem\",\"position\":1,\"name\":\"Home\",\"item\":\"https:\\\/\\\/www.wopg.org\\\/es\\\/\"},{\"@type\":\"ListItem\",\"position\":2,\"name\":\"Otras formas de donar\"}]},{\"@type\":\"WebSite\",\"@id\":\"https:\\\/\\\/www.wopg.org\\\/es\\\/#website\",\"url\":\"https:\\\/\\\/www.wopg.org\\\/es\\\/\",\"name\":\"Words of Peace\",\"description\":\"Practice Peace, Change Your World\",\"publisher\":{\"@id\":\"https:\\\/\\\/www.wopg.org\\\/es\\\/#organization\"},\"potentialAction\":[{\"@type\":\"SearchAction\",\"target\":{\"@type\":\"EntryPoint\",\"urlTemplate\":\"https:\\\/\\\/www.wopg.org\\\/es\\\/?s={search_term_string}\"},\"query-input\":{\"@type\":\"PropertyValueSpecification\",\"valueRequired\":true,\"valueName\":\"search_term_string\"}}],\"inLanguage\":\"es\"},{\"@type\":\"Organization\",\"@id\":\"https:\\\/\\\/www.wopg.org\\\/es\\\/#organization\",\"name\":\"Words of Peace\",\"url\":\"https:\\\/\\\/www.wopg.org\\\/es\\\/\",\"logo\":{\"@type\":\"ImageObject\",\"inLanguage\":\"es\",\"@id\":\"https:\\\/\\\/www.wopg.org\\\/es\\\/#\\\/schema\\\/logo\\\/image\\\/\",\"url\":\"https:\\\/\\\/wopg.org\\\/wp-content\\\/uploads\\\/2022\\\/02\\\/Words-of-Peace-logo-website61x252.png\",\"contentUrl\":\"https:\\\/\\\/wopg.org\\\/wp-content\\\/uploads\\\/2022\\\/02\\\/Words-of-Peace-logo-website61x252.png\",\"width\":252,\"height\":61,\"caption\":\"Words of Peace\"},\"image\":{\"@id\":\"https:\\\/\\\/www.wopg.org\\\/es\\\/#\\\/schema\\\/logo\\\/image\\\/\"},\"sameAs\":[\"https:\\\/\\\/www.facebook.com\\\/wordsofpeaceglobal\",\"https:\\\/\\\/x.com\\\/wopg\",\"https:\\\/\\\/www.instagram.com\\\/wopgofficial\\\/\"]}]}<\/script>\n<!-- \/ Yoast SEO plugin. -->","yoast_head_json":{"title":"Otras formas de donar | Words of Peace","robots":{"index":"index","follow":"follow","max-snippet":"max-snippet:-1","max-image-preview":"max-image-preview:large","max-video-preview":"max-video-preview:-1"},"canonical":"https:\/\/www.wopg.org\/es\/otras-formas-de-donar\/","og_locale":"es_ES","og_type":"article","og_title":"Otras formas de donar | Words of Peace","og_description":"Otras formas de donarSi eres contribuyente en Estados Unidos, haz click aqu\u00ed para conocer otras formas de donar a Words of Peace International (WOPI).Otras formas de donar a Words of Peace Global (WOPG): &nbsp; Transferencia bancaria Puedes donar desde tu cuenta bancaria en las monedas siguientes: euro, d\u00f3lar estadounidense, d\u00f3lar canadiense, d\u00f3lar australiano y libra [&hellip;]","og_url":"https:\/\/www.wopg.org\/es\/otras-formas-de-donar\/","og_site_name":"Words of Peace","article_publisher":"https:\/\/www.facebook.com\/wordsofpeaceglobal","article_modified_time":"2024-10-05T09:10:17+00:00","twitter_card":"summary_large_image","twitter_site":"@wopg","twitter_misc":{"Tiempo de lectura":"5 minutos"},"schema":{"@context":"https:\/\/schema.org","@graph":[{"@type":"WebPage","@id":"https:\/\/www.wopg.org\/es\/otras-formas-de-donar\/","url":"https:\/\/www.wopg.org\/es\/otras-formas-de-donar\/","name":"Otras formas de donar | Words of Peace","isPartOf":{"@id":"https:\/\/www.wopg.org\/es\/#website"},"datePublished":"2022-03-28T23:44:50+00:00","dateModified":"2024-10-05T09:10:17+00:00","breadcrumb":{"@id":"https:\/\/www.wopg.org\/es\/otras-formas-de-donar\/#breadcrumb"},"inLanguage":"es","potentialAction":[{"@type":"ReadAction","target":["https:\/\/www.wopg.org\/es\/otras-formas-de-donar\/"]}]},{"@type":"BreadcrumbList","@id":"https:\/\/www.wopg.org\/es\/otras-formas-de-donar\/#breadcrumb","itemListElement":[{"@type":"ListItem","position":1,"name":"Home","item":"https:\/\/www.wopg.org\/es\/"},{"@type":"ListItem","position":2,"name":"Otras formas de donar"}]},{"@type":"WebSite","@id":"https:\/\/www.wopg.org\/es\/#website","url":"https:\/\/www.wopg.org\/es\/","name":"Words of Peace","description":"Practice Peace, Change Your World","publisher":{"@id":"https:\/\/www.wopg.org\/es\/#organization"},"potentialAction":[{"@type":"SearchAction","target":{"@type":"EntryPoint","urlTemplate":"https:\/\/www.wopg.org\/es\/?s={search_term_string}"},"query-input":{"@type":"PropertyValueSpecification","valueRequired":true,"valueName":"search_term_string"}}],"inLanguage":"es"},{"@type":"Organization","@id":"https:\/\/www.wopg.org\/es\/#organization","name":"Words of Peace","url":"https:\/\/www.wopg.org\/es\/","logo":{"@type":"ImageObject","inLanguage":"es","@id":"https:\/\/www.wopg.org\/es\/#\/schema\/logo\/image\/","url":"https:\/\/wopg.org\/wp-content\/uploads\/2022\/02\/Words-of-Peace-logo-website61x252.png","contentUrl":"https:\/\/wopg.org\/wp-content\/uploads\/2022\/02\/Words-of-Peace-logo-website61x252.png","width":252,"height":61,"caption":"Words of Peace"},"image":{"@id":"https:\/\/www.wopg.org\/es\/#\/schema\/logo\/image\/"},"sameAs":["https:\/\/www.facebook.com\/wordsofpeaceglobal","https:\/\/x.com\/wopg","https:\/\/www.instagram.com\/wopgofficial\/"]}]}},"_links":{"self":[{"href":"https:\/\/www.wopg.org\/es\/wp-json\/wp\/v2\/pages\/5047","targetHints":{"allow":["GET"]}}],"collection":[{"href":"https:\/\/www.wopg.org\/es\/wp-json\/wp\/v2\/pages"}],"about":[{"href":"https:\/\/www.wopg.org\/es\/wp-json\/wp\/v2\/types\/page"}],"author":[{"embeddable":true,"href":"https:\/\/www.wopg.org\/es\/wp-json\/wp\/v2\/users\/3"}],"replies":[{"embeddable":true,"href":"https:\/\/www.wopg.org\/es\/wp-json\/wp\/v2\/comments?post=5047"}],"version-history":[{"count":46,"href":"https:\/\/www.wopg.org\/es\/wp-json\/wp\/v2\/pages\/5047\/revisions"}],"predecessor-version":[{"id":34982,"href":"https:\/\/www.wopg.org\/es\/wp-json\/wp\/v2\/pages\/5047\/revisions\/34982"}],"wp:attachment":[{"href":"https:\/\/www.wopg.org\/es\/wp-json\/wp\/v2\/media?parent=5047"}],"wp:term":[{"taxonomy":"folder","embeddable":true,"href":"https:\/\/www.wopg.org\/es\/wp-json\/wp\/v2\/folder?post=5047"}],"curies":[{"name":"wp","href":"https:\/\/api.w.org\/{rel}","templated":true}]}}