{"id":1633,"date":"2022-02-22T18:32:32","date_gmt":"2022-02-22T18:32:32","guid":{"rendered":"http:\/\/wopg01.local\/conditions-dutilisation\/"},"modified":"2022-02-22T18:32:33","modified_gmt":"2022-02-22T18:32:33","slug":"conditions-dutilisation","status":"publish","type":"page","link":"https:\/\/www.wopg.org\/fr\/conditions-dutilisation\/","title":{"rendered":"Conditions d&rsquo;utilisation"},"content":{"rendered":"<p>[et_pb_section fb_built=\u00a0\u00bb1&Prime; _builder_version=\u00a0\u00bb3.22&Prime; global_colors_info=\u00a0\u00bb{}\u00a0\u00bb][et_pb_row _builder_version=\u00a0\u00bb3.25&Prime; background_size=\u00a0\u00bbinitial\u00a0\u00bb background_position=\u00a0\u00bbtop_left\u00a0\u00bb background_repeat=\u00a0\u00bbrepeat\u00a0\u00bb global_colors_info=\u00a0\u00bb{}\u00a0\u00bb][et_pb_column type=\u00a0\u00bb4_4&Prime; _builder_version=\u00a0\u00bb3.25&Prime; custom_padding=\u00a0\u00bb|||\u00a0\u00bb global_colors_info=\u00a0\u00bb{}\u00a0\u00bb custom_padding__hover=\u00a0\u00bb|||\u00a0\u00bb][et_pb_text _builder_version=\u00a0\u00bb4.14.7&Prime; background_size=\u00a0\u00bbinitial\u00a0\u00bb background_position=\u00a0\u00bbtop_left\u00a0\u00bb background_repeat=\u00a0\u00bbrepeat\u00a0\u00bb hover_enabled=\u00a0\u00bb0&Prime; global_colors_info=\u00a0\u00bb{}\u00a0\u00bb sticky_enabled=\u00a0\u00bb0&Prime;]<\/p>\n<div class=\"et_pb_module et_pb_text et_pb_text_0 et_pb_text_align_left et_pb_bg_layout_light\">\n<div class=\"et_pb_text_inner\">\n<p><strong>Stichting Words Of Peace Global<\/strong><br \/>\nP.O. Box 20627, 1001 NP Amsterdam, Paya-Bas<\/p>\n<p>num\u00e9ro enregistr\u00e9 34312991, tel. (+31) 20 416 2050, email <a href=\"mailto:info@wopg.nl\">info@wopg.nl<\/a><\/p>\n<\/div>\n<\/div>\n<div class=\"et_pb_module et_pb_divider et_pb_divider_0 et_pb_divider_position_ et_pb_space\">\n<div class=\"et_pb_divider_internal\">\n<hr \/>\n<\/div>\n<\/div>\n<div class=\"et_pb_module et_pb_text et_pb_text_1 et_pb_text_align_left et_pb_bg_layout_light\">\n<div class=\"et_pb_text_inner\">\n<h1>CONDITIONS D\u2019UTILISATION<\/h1>\n<p>Wopg.org est un service de la Fondation Words of Peace Global (WOPG). Les pr\u00e9sentes conditions d\u2019utilisation r\u00e9gissent l\u2019utilisation faite par l\u2019usager du service et du site wopg.org. En utilisant, consultant ou parcourant ce site, et\/ou en vous abonnant au service wopg.org, vous acceptez et approuvez les pr\u00e9sentes conditions d\u2019utilisation. Si vous n\u2019acceptez pas ces conditions, vous ne devez pas utiliser le site. Vous devez \u00eatre \u00e2g\u00e9 de dix-huit ans au moins pour vous inscrire sur le site.<\/p>\n<p>Les pr\u00e9sentes conditions d\u2019utilisation r\u00e9gissent vos droits, et vous devez les lire attentivement. Nous nous r\u00e9servons le droit de les modifier p\u00e9riodiquement \u00e0 notre seule discr\u00e9tion. La version la plus r\u00e9cente peut \u00eatre consult\u00e9e en cliquant sur le lien \u00ab Conditions d\u2019utilisation \u00bb dans n\u2019importe quelle page du site. En utilisant le site ou en continuant \u00e0 utiliser notre service apr\u00e8s que ces modifications ont pris effet, vous acceptez de respecter les conditions d\u2019utilisation dans leur nouvelle version.<\/p>\n<p>WOPG peut, \u00e0 sa seule discr\u00e9tion et sans pr\u00e9avis, mettre fin \u00e0 votre acc\u00e8s au site s\u2019il s\u2019av\u00e8re que vous ne respectez pas les pr\u00e9sentes conditions d\u2019utilisation, les autres accords ou directives pouvant \u00eatre li\u00e9s \u00e0 votre utilisation du site.<\/p>\n<p><strong>Propri\u00e9t\u00e9 intellectuelle<\/strong><\/p>\n<p>Tous les droits, y compris les droits d\u2019auteur, sur le contenu du site web de WOPG, sont d\u00e9tenus ou contr\u00f4l\u00e9s \u00e0 ces fins par WOPG et sont prot\u00e9g\u00e9s par les lois n\u00e9erlandaises et internationales sur la protection des droits d\u2019auteur. En acc\u00e9dant au pr\u00e9sent site web, vous acceptez de n\u2019en t\u00e9l\u00e9charger le contenu que dans le cadre d\u2019une utilisation exclusivement personnelle et non commerciale. Vous n\u2019\u00eates pas autoris\u00e9 \u00e0 diffuser, transmettre, exposer ou pr\u00e9senter en public, adapter ou modifier de quelque mani\u00e8re que ce soit le contenu du pr\u00e9sent site web sans autorisation \u00e9crite pr\u00e9alable de WOPG, \u00e0 l\u2019exception des \u00e9l\u00e9ments mis \u00e0 disposition pour permettre une insertion dans un blog, une page personnelle sur des r\u00e9seaux sociaux ou un autre support de ce type.<br \/>\n<strong><br \/>\nExon\u00e9rations de garanties et limites de responsabilit\u00e9<br \/>\n<\/strong><\/p>\n<p>Le service et le site de WOPG ainsi que son contenu sont fournis \u00ab en l\u2019\u00e9tat \u00bb, sans assurance ou garantie d\u2019aucune sorte, explicite ou implicite, concernant notre service, le site web ou son contenu. Nous d\u00e9clinons toute responsabilit\u00e9 li\u00e9e \u00e0 d\u2019\u00e9ventuelles erreurs ou omissions dans le contenu du site, \u00e0 des pannes, retards ou interruptions pouvant affecter la distribution de tout \u00e9l\u00e9ment du contenu du site, ou des actions d\u2019utilisateurs du service ou du site de WOPG. Nous n\u2019offrons aucune assurance ou garantie, comprenant par exemple, garantie de conformit\u00e9, d\u2019ad\u00e9quation \u00e0 un usage particulier ou de protection des droits.<\/p>\n<p>WOPG, ses directeurs, agents ou employ\u00e9s, ses entit\u00e9s associ\u00e9es, filiales, pr\u00e9d\u00e9cesseurs, ayants droit ou successeurs ainsi que les directeurs, agents ou employ\u00e9s de ces derniers, ne pourront en aucun cas \u00eatre tenus, conjointement ou individuellement, responsables envers vous, d\u2019aucun dommage d\u2019aucune sorte ou pr\u00e9judice particulier, fortuit, direct ou indirect, ni d\u2019aucun dommage li\u00e9 \u00e0 une mauvaise utilisation ou \u00e0 une perte d\u2019usage, de donn\u00e9es ou de b\u00e9n\u00e9fices \u2013 que vous ayez \u00e9t\u00e9 avis\u00e9 ou non de la possibilit\u00e9 de tels dommages. Il en est de m\u00eame de toute responsabilit\u00e9 th\u00e9orique ou pr\u00e9sum\u00e9e li\u00e9e \u00e0 l\u2019usage ou au fonctionnement du site de WOPG, \u00e0 son contenu ou aux services qu\u2019il offre.<\/p>\n<p>WOPG peut mettre \u00e0 disposition sur le pr\u00e9sent site web des liens vers des sites d\u2019autres entit\u00e9s. L\u2019utilisation de ces liens vous fait quitter le site de WOPG. La consultation de ces autres sites s\u2019exerce \u00e0 vos propres risques et il est de votre responsabilit\u00e9 de prendre toutes les mesures n\u00e9cessaires pour vous prot\u00e9ger contre les virus ou les autres \u00e9l\u00e9ments nocifs. WOPG d\u00e9cline toute responsabilit\u00e9 concernant ces sites et ne garantit en aucune mani\u00e8re les informations qui y sont pr\u00e9sent\u00e9es ou les produits ou services qui y sont d\u00e9crits.<\/p>\n<p><strong>Loi applicable et juridiction comp\u00e9tente<\/strong><\/p>\n<p>Les pr\u00e9sentes conditions d\u2019utilisation sont soumises \u00e0 la loi des Pays-Bas et doivent \u00eatre interpr\u00e9t\u00e9es conform\u00e9ment \u00e0 cette loi, \u00e0 l\u2019exclusion des conflits de l\u00e9gislation. Il est express\u00e9ment convenu que la seule juridiction comp\u00e9tente pour toute r\u00e9clamation ou action intent\u00e9e en rapport avec les pr\u00e9sentes conditions d\u2019utilisation ou l\u2019utilisation du pr\u00e9sent site sera celle des tribunaux d\u2019Amsterdam.<\/p>\n<\/div>\n<\/div>\n<p>[\/et_pb_text][\/et_pb_column][\/et_pb_row][\/et_pb_section]<\/p>\n","protected":false},"excerpt":{"rendered":"<p>Stichting Words Of Peace Global P.O. Box 20627, 1001 NP Amsterdam, Paya-Bas num\u00e9ro enregistr\u00e9 34312991, tel. (+31) 20 416 2050, email info@wopg.nl CONDITIONS D\u2019UTILISATION Wopg.org est un service de la Fondation Words of Peace Global (WOPG). Les pr\u00e9sentes conditions d\u2019utilisation r\u00e9gissent l\u2019utilisation faite par l\u2019usager du service et du site wopg.org. En utilisant, consultant ou [&hellip;]<\/p>\n","protected":false},"author":3,"featured_media":0,"parent":0,"menu_order":0,"comment_status":"closed","ping_status":"closed","template":"","meta":{"_et_pb_use_builder":"on","_et_pb_old_content":"","_et_gb_content_width":"","cybocfi_hide_featured_image":"","footnotes":""},"folder":[],"class_list":["post-1633","page","type-page","status-publish","hentry"],"yoast_head":"<!-- This site is optimized with the Yoast SEO plugin v27.3 - https:\/\/yoast.com\/product\/yoast-seo-wordpress\/ -->\n<title>Conditions d&#039;utilisation | Words of Peace<\/title>\n<meta name=\"robots\" content=\"index, follow, max-snippet:-1, max-image-preview:large, max-video-preview:-1\" \/>\n<link rel=\"canonical\" href=\"https:\/\/www.wopg.org\/fr\/conditions-dutilisation\/\" \/>\n<meta property=\"og:locale\" content=\"fr_FR\" \/>\n<meta property=\"og:type\" content=\"article\" \/>\n<meta property=\"og:title\" content=\"Conditions d&#039;utilisation | Words of Peace\" \/>\n<meta property=\"og:description\" content=\"Stichting Words Of Peace Global P.O. Box 20627, 1001 NP Amsterdam, Paya-Bas num\u00e9ro enregistr\u00e9 34312991, tel. (+31) 20 416 2050, email info@wopg.nl CONDITIONS D\u2019UTILISATION Wopg.org est un service de la Fondation Words of Peace Global (WOPG). Les pr\u00e9sentes conditions d\u2019utilisation r\u00e9gissent l\u2019utilisation faite par l\u2019usager du service et du site wopg.org. En utilisant, consultant ou [&hellip;]\" \/>\n<meta property=\"og:url\" content=\"https:\/\/www.wopg.org\/fr\/conditions-dutilisation\/\" \/>\n<meta property=\"og:site_name\" content=\"Words of Peace\" \/>\n<meta property=\"article:publisher\" content=\"https:\/\/www.facebook.com\/wordsofpeaceglobal\" \/>\n<meta property=\"article:modified_time\" content=\"2022-02-22T18:32:33+00:00\" \/>\n<meta name=\"twitter:card\" content=\"summary_large_image\" \/>\n<meta name=\"twitter:site\" content=\"@wopg\" \/>\n<meta name=\"twitter:label1\" content=\"Dur\u00e9e de lecture estim\u00e9e\" \/>\n\t<meta name=\"twitter:data1\" content=\"4 minutes\" \/>\n<script type=\"application\/ld+json\" class=\"yoast-schema-graph\">{\"@context\":\"https:\\\/\\\/schema.org\",\"@graph\":[{\"@type\":\"WebPage\",\"@id\":\"https:\\\/\\\/www.wopg.org\\\/fr\\\/conditions-dutilisation\\\/\",\"url\":\"https:\\\/\\\/www.wopg.org\\\/fr\\\/conditions-dutilisation\\\/\",\"name\":\"Conditions d'utilisation | Words of Peace\",\"isPartOf\":{\"@id\":\"https:\\\/\\\/www.wopg.org\\\/fr\\\/#website\"},\"datePublished\":\"2022-02-22T18:32:32+00:00\",\"dateModified\":\"2022-02-22T18:32:33+00:00\",\"breadcrumb\":{\"@id\":\"https:\\\/\\\/www.wopg.org\\\/fr\\\/conditions-dutilisation\\\/#breadcrumb\"},\"inLanguage\":\"fr-FR\",\"potentialAction\":[{\"@type\":\"ReadAction\",\"target\":[\"https:\\\/\\\/www.wopg.org\\\/fr\\\/conditions-dutilisation\\\/\"]}]},{\"@type\":\"BreadcrumbList\",\"@id\":\"https:\\\/\\\/www.wopg.org\\\/fr\\\/conditions-dutilisation\\\/#breadcrumb\",\"itemListElement\":[{\"@type\":\"ListItem\",\"position\":1,\"name\":\"Home\",\"item\":\"https:\\\/\\\/www.wopg.org\\\/fr\\\/\"},{\"@type\":\"ListItem\",\"position\":2,\"name\":\"Conditions d&#8217;utilisation\"}]},{\"@type\":\"WebSite\",\"@id\":\"https:\\\/\\\/www.wopg.org\\\/fr\\\/#website\",\"url\":\"https:\\\/\\\/www.wopg.org\\\/fr\\\/\",\"name\":\"Words of Peace\",\"description\":\"Practice Peace, Change Your World\",\"publisher\":{\"@id\":\"https:\\\/\\\/www.wopg.org\\\/fr\\\/#organization\"},\"potentialAction\":[{\"@type\":\"SearchAction\",\"target\":{\"@type\":\"EntryPoint\",\"urlTemplate\":\"https:\\\/\\\/www.wopg.org\\\/fr\\\/?s={search_term_string}\"},\"query-input\":{\"@type\":\"PropertyValueSpecification\",\"valueRequired\":true,\"valueName\":\"search_term_string\"}}],\"inLanguage\":\"fr-FR\"},{\"@type\":\"Organization\",\"@id\":\"https:\\\/\\\/www.wopg.org\\\/fr\\\/#organization\",\"name\":\"Words of Peace\",\"url\":\"https:\\\/\\\/www.wopg.org\\\/fr\\\/\",\"logo\":{\"@type\":\"ImageObject\",\"inLanguage\":\"fr-FR\",\"@id\":\"https:\\\/\\\/www.wopg.org\\\/fr\\\/#\\\/schema\\\/logo\\\/image\\\/\",\"url\":\"https:\\\/\\\/wopg.org\\\/wp-content\\\/uploads\\\/2022\\\/02\\\/Words-of-Peace-logo-website61x252.png\",\"contentUrl\":\"https:\\\/\\\/wopg.org\\\/wp-content\\\/uploads\\\/2022\\\/02\\\/Words-of-Peace-logo-website61x252.png\",\"width\":252,\"height\":61,\"caption\":\"Words of Peace\"},\"image\":{\"@id\":\"https:\\\/\\\/www.wopg.org\\\/fr\\\/#\\\/schema\\\/logo\\\/image\\\/\"},\"sameAs\":[\"https:\\\/\\\/www.facebook.com\\\/wordsofpeaceglobal\",\"https:\\\/\\\/x.com\\\/wopg\",\"https:\\\/\\\/www.instagram.com\\\/wopgofficial\\\/\"]}]}<\/script>\n<!-- \/ Yoast SEO plugin. -->","yoast_head_json":{"title":"Conditions d'utilisation | Words of Peace","robots":{"index":"index","follow":"follow","max-snippet":"max-snippet:-1","max-image-preview":"max-image-preview:large","max-video-preview":"max-video-preview:-1"},"canonical":"https:\/\/www.wopg.org\/fr\/conditions-dutilisation\/","og_locale":"fr_FR","og_type":"article","og_title":"Conditions d'utilisation | Words of Peace","og_description":"Stichting Words Of Peace Global P.O. Box 20627, 1001 NP Amsterdam, Paya-Bas num\u00e9ro enregistr\u00e9 34312991, tel. (+31) 20 416 2050, email info@wopg.nl CONDITIONS D\u2019UTILISATION Wopg.org est un service de la Fondation Words of Peace Global (WOPG). Les pr\u00e9sentes conditions d\u2019utilisation r\u00e9gissent l\u2019utilisation faite par l\u2019usager du service et du site wopg.org. En utilisant, consultant ou [&hellip;]","og_url":"https:\/\/www.wopg.org\/fr\/conditions-dutilisation\/","og_site_name":"Words of Peace","article_publisher":"https:\/\/www.facebook.com\/wordsofpeaceglobal","article_modified_time":"2022-02-22T18:32:33+00:00","twitter_card":"summary_large_image","twitter_site":"@wopg","twitter_misc":{"Dur\u00e9e de lecture estim\u00e9e":"4 minutes"},"schema":{"@context":"https:\/\/schema.org","@graph":[{"@type":"WebPage","@id":"https:\/\/www.wopg.org\/fr\/conditions-dutilisation\/","url":"https:\/\/www.wopg.org\/fr\/conditions-dutilisation\/","name":"Conditions d'utilisation | Words of Peace","isPartOf":{"@id":"https:\/\/www.wopg.org\/fr\/#website"},"datePublished":"2022-02-22T18:32:32+00:00","dateModified":"2022-02-22T18:32:33+00:00","breadcrumb":{"@id":"https:\/\/www.wopg.org\/fr\/conditions-dutilisation\/#breadcrumb"},"inLanguage":"fr-FR","potentialAction":[{"@type":"ReadAction","target":["https:\/\/www.wopg.org\/fr\/conditions-dutilisation\/"]}]},{"@type":"BreadcrumbList","@id":"https:\/\/www.wopg.org\/fr\/conditions-dutilisation\/#breadcrumb","itemListElement":[{"@type":"ListItem","position":1,"name":"Home","item":"https:\/\/www.wopg.org\/fr\/"},{"@type":"ListItem","position":2,"name":"Conditions d&#8217;utilisation"}]},{"@type":"WebSite","@id":"https:\/\/www.wopg.org\/fr\/#website","url":"https:\/\/www.wopg.org\/fr\/","name":"Words of Peace","description":"Practice Peace, Change Your World","publisher":{"@id":"https:\/\/www.wopg.org\/fr\/#organization"},"potentialAction":[{"@type":"SearchAction","target":{"@type":"EntryPoint","urlTemplate":"https:\/\/www.wopg.org\/fr\/?s={search_term_string}"},"query-input":{"@type":"PropertyValueSpecification","valueRequired":true,"valueName":"search_term_string"}}],"inLanguage":"fr-FR"},{"@type":"Organization","@id":"https:\/\/www.wopg.org\/fr\/#organization","name":"Words of Peace","url":"https:\/\/www.wopg.org\/fr\/","logo":{"@type":"ImageObject","inLanguage":"fr-FR","@id":"https:\/\/www.wopg.org\/fr\/#\/schema\/logo\/image\/","url":"https:\/\/wopg.org\/wp-content\/uploads\/2022\/02\/Words-of-Peace-logo-website61x252.png","contentUrl":"https:\/\/wopg.org\/wp-content\/uploads\/2022\/02\/Words-of-Peace-logo-website61x252.png","width":252,"height":61,"caption":"Words of Peace"},"image":{"@id":"https:\/\/www.wopg.org\/fr\/#\/schema\/logo\/image\/"},"sameAs":["https:\/\/www.facebook.com\/wordsofpeaceglobal","https:\/\/x.com\/wopg","https:\/\/www.instagram.com\/wopgofficial\/"]}]}},"_links":{"self":[{"href":"https:\/\/www.wopg.org\/fr\/wp-json\/wp\/v2\/pages\/1633","targetHints":{"allow":["GET"]}}],"collection":[{"href":"https:\/\/www.wopg.org\/fr\/wp-json\/wp\/v2\/pages"}],"about":[{"href":"https:\/\/www.wopg.org\/fr\/wp-json\/wp\/v2\/types\/page"}],"author":[{"embeddable":true,"href":"https:\/\/www.wopg.org\/fr\/wp-json\/wp\/v2\/users\/3"}],"replies":[{"embeddable":true,"href":"https:\/\/www.wopg.org\/fr\/wp-json\/wp\/v2\/comments?post=1633"}],"version-history":[{"count":2,"href":"https:\/\/www.wopg.org\/fr\/wp-json\/wp\/v2\/pages\/1633\/revisions"}],"predecessor-version":[{"id":1635,"href":"https:\/\/www.wopg.org\/fr\/wp-json\/wp\/v2\/pages\/1633\/revisions\/1635"}],"wp:attachment":[{"href":"https:\/\/www.wopg.org\/fr\/wp-json\/wp\/v2\/media?parent=1633"}],"wp:term":[{"taxonomy":"folder","embeddable":true,"href":"https:\/\/www.wopg.org\/fr\/wp-json\/wp\/v2\/folder?post=1633"}],"curies":[{"name":"wp","href":"https:\/\/api.w.org\/{rel}","templated":true}]}}