{"id":40443,"date":"2025-05-06T11:48:19","date_gmt":"2025-05-06T11:48:19","guid":{"rendered":"https:\/\/www.wopg.org\/rapport-annuel-2024\/"},"modified":"2025-05-06T11:48:20","modified_gmt":"2025-05-06T11:48:20","slug":"rapport-annuel-2024","status":"publish","type":"page","link":"https:\/\/www.wopg.org\/fr\/rapport-annuel-2024\/","title":{"rendered":"Rapport annuel 2024"},"content":{"rendered":"<p>[et_pb_section fb_built=\u00a0\u00bb1&Prime; _builder_version=\u00a0\u00bb4.27.4&Prime; _module_preset=\u00a0\u00bbdefault\u00a0\u00bb use_background_color_gradient=\u00a0\u00bbon\u00a0\u00bb background_color_gradient_stops=\u00a0\u00bbrgba(255,255,255,0) 0%|#d5e1d0 100%\u00a0\u00bb background_image=\u00a0\u00bbhttps:\/\/eadn-wc03-5903292.nxedge.io\/wp-content\/uploads\/2023\/08\/design-Annual-report-tree-4.webp\u00a0\u00bb background_size=\u00a0\u00bbcontain\u00a0\u00bb background_position=\u00a0\u00bbbottom_right\u00a0\u00bb background_blend=\u00a0\u00bbmultiply\u00a0\u00bb global_colors_info=\u00a0\u00bb{}\u00a0\u00bb][et_pb_row _builder_version=\u00a0\u00bb4.21.0&Prime; _module_preset=\u00a0\u00bbdefault\u00a0\u00bb global_colors_info=\u00a0\u00bb{}\u00a0\u00bb][et_pb_column type=\u00a0\u00bb4_4&Prime; _builder_version=\u00a0\u00bb4.21.0&Prime; _module_preset=\u00a0\u00bbdefault\u00a0\u00bb global_colors_info=\u00a0\u00bb{}\u00a0\u00bb][et_pb_text _builder_version=\u00a0\u00bb4.27.4&Prime; _module_preset=\u00a0\u00bbdefault\u00a0\u00bb hover_enabled=\u00a0\u00bb0&Prime; custom_css_free_form=\u00a0\u00bb.selector .et_pb_text_inner p {||  margin-bottom: 1rem;||}||||selector h1 {||  color: #008b73;||  font-weight: bold !important;||  text-align: left;||}||||selector h4 {||  color: #008b73;||  font-weight: bold !important;||  text-align: left;||}\u00a0\u00bb global_colors_info=\u00a0\u00bb{}\u00a0\u00bb sticky_enabled=\u00a0\u00bb0&Prime;]<\/p>\n<h1 class=\"p1\">Rapport annuel Words of Peace 2024<\/h1>\n<p>Depuis six d\u00e9cennies, Prem Rawat se consacre \u00e0 transmettre son message de paix personnelle. \u00c0 67 ans, son engagement reste entier.<\/p>\n<p>Gr\u00e2ce \u00e0 la g\u00e9n\u00e9rosit\u00e9 des donateurs de Words of Peace, en particulier par l&rsquo;interm\u00e9diaire du Fonds des \u00e9v\u00e9nements internationaux, Prem Rawat a pu donner 60 conf\u00e9rences en 2024, dans 21 pays sur six continents.<\/p>\n<p class=\"p1\">Voici ce que votre soutien a permis de r\u00e9aliser :<\/p>\n<h4 class=\"p1\" style=\"text-align: left;\">Faits marquants de 2024<\/h4>\n<h5 class=\"p1\" style=\"text-align: left;\"><strong>Mars<\/strong> : Tourn\u00e9e au Mexique et en Am\u00e9rique du Sud<\/h5>\n<ul>\n<li class=\"p1\">Un retour tr\u00e8s attendu en Am\u00e9rique du Sud apr\u00e8s cinq ans.<\/li>\n<li class=\"p1\">Cinq pays en cinq semaines, avec 4 689 participants.<\/li>\n<li class=\"p1\">Une interview sur Infobae TV, diffus\u00e9e aupr\u00e8s des publics hispanophones d&rsquo;Am\u00e9rique du Nord et d&rsquo;Am\u00e9rique du Sud.<\/li>\n<\/ul>\n<h5 class=\"p1\"><strong>Mai<\/strong> : Am\u00e9rique du Nord et Europe<\/h5>\n<ul>\n<li class=\"p1\">Boston, \u00c9tats-Unis, 500 invit\u00e9s.<\/li>\n<li class=\"p1\">Dubrovnik, Croatie, toute premi\u00e8re visite avec 475 participants.<\/li>\n<\/ul>\n<h5 class=\"p1\"><strong>Juin<\/strong> : Tourn\u00e9e europ\u00e9enne<\/h5>\n<ul>\n<li class=\"p1\">Quatre pays en quatre semaines, pour un public total de 5 589 personnes.<\/li>\n<\/ul>\n<h5 class=\"p1\"><strong>Juillet<\/strong> : Conf\u00e9rence internationale en Malaisie<\/h5>\n<ul>\n<li class=\"p1\">Une conf\u00e9rence de cinq jours \u00e0 Kuala Lumpur pour 404 repr\u00e9sentants de 59 pays.<\/li>\n<li class=\"p1\">Coparrain\u00e9e par Words of Peace et la Fondation Prem Rawat (TPRF).<\/li>\n<li class=\"p1\">Un \u00e9v\u00e9nement public r\u00e9unissant 2 000 participants a suivi.<\/li>\n<\/ul>\n<h5 class=\"p1\"><strong>Ao\u00fbt<\/strong> : Fidji<\/h5>\n<ul>\n<li class=\"p1\">Un \u00e9v\u00e9nement public organis\u00e9 par la communaut\u00e9 locale de Nadi, auquel ont particip\u00e9 604 personnes.<\/li>\n<\/ul>\n<h5 class=\"p1\"><strong>Septembre<\/strong> : Australie et Nouvelle-Z\u00e9lande<\/h5>\n<ul>\n<li class=\"p1\">Neuf \u00e9v\u00e9nements en ext\u00e9rieur en Nouvelle-Galles du Sud, malgr\u00e9 des conditions m\u00e9t\u00e9orologiques difficiles, ont attir\u00e9 2 492 participants.<\/li>\n<li class=\"p1\">Auckland, Nouvelle-Z\u00e9lande : 613 participants.<\/li>\n<\/ul>\n<h5 class=\"p1\"><strong>Octobre<\/strong> : Cor\u00e9e du Sud et Japon<\/h5>\n<ul>\n<li class=\"p1\">S\u00e9oul, Cor\u00e9e du Sud : lancement de l&rsquo;\u00e9dition cor\u00e9enne du livre \u201cApprendre \u00e0 s\u2019\u00e9couter\u201d, avec un \u00e9v\u00e9nement m\u00e9diatique au Club de la presse sud-cor\u00e9en.<\/li>\n<li class=\"p1\">Kyoto, Japon : lancement de l&rsquo;\u00e9dition japonaise.<\/li>\n<li class=\"p1\">376 personnes ont particip\u00e9 dans les deux pays.<\/li>\n<\/ul>\n<h5 class=\"p1\"><strong>Novembre \u2013 D\u00e9cembre<\/strong> : Tourn\u00e9e africaine<\/h5>\n<ul>\n<li class=\"p1\">Toamasina, Madagascar &#8211; 467 participants, dont le pr\u00e9sident de Madagascar et de hauts fonctionnaires.<\/li>\n<li class=\"p1\">Johannesburg, Afrique du Sud : 597 participants, dont beaucoup se pr\u00e9parent \u00e0 apprendre les techniques de la Connaissance.<\/li>\n<li class=\"p1\">Interviews sur Heart FM et Bush FM, avec une port\u00e9e potentielle de 1 \u00e0 2 millions d&rsquo;auditeurs.<\/li>\n<li class=\"p1\">Cotonou, B\u00e9nin : 1 150 participants, dont le roi Sinagonrigui Tukosari II et des dignitaires locaux.<\/li>\n<li class=\"p1\">Diffusion en direct dans 3 prisons et dans les r\u00e9gions voisines, touchant 3 500 t\u00e9l\u00e9spectateurs.<\/li>\n<li class=\"p1\">Diffusion \u00e9galement sur TVC B\u00e9nin, avec une audience potentielle d&rsquo;un million de personnes.<\/li>\n<li class=\"p1\">Barcelone, Espagne : dernier \u00e9v\u00e9nement de l&rsquo;ann\u00e9e, auquel ont assist\u00e9 1 726 personnes.<\/li>\n<\/ul>\n<p class=\"p1\">Outre ces \u00e9v\u00e9nements, Prem Rawat a \u00e9galement particip\u00e9 \u00e0 des r\u00e9unions priv\u00e9es, \u00e0 des missions en Inde et \u00e0 des \u00e9v\u00e9nements sp\u00e9ciaux parrain\u00e9s par la Fondation Prem Rawat (TPRF).<\/p>\n<h4 class=\"p1\" style=\"text-align: left;\">En chiffres :<\/h4>\n<ul>\n<li class=\"p1\">60 conf\u00e9rences et interviews<\/li>\n<li class=\"p1\">310 613 personnes pr\u00e9sentes<\/li>\n<li class=\"p1\">6 016 241 spectateurs en ligne<\/li>\n<li class=\"p1\">80 051 followers sur Facebook (en anglais, espagnol, hindi)<\/li>\n<li class=\"p1\">7 745 followers sur X (Twitter)<\/li>\n<li class=\"p1\">33 678 followers sur YouTube<\/li>\n<li class=\"p1\">189 326 vues sur YouTube<\/li>\n<li class=\"p1\">141 pays avec les internautes<\/li>\n<li class=\"p1\">105 632 sessions sur le site<\/li>\n<li class=\"p1\">2 060 521 \u20ac en dons<\/li>\n<\/ul>\n<p>[\/et_pb_text][et_pb_text _builder_version=\u00a0\u00bb4.27.4&Prime; _module_preset=\u00a0\u00bbdefault\u00a0\u00bb custom_css_free_form=\u00a0\u00bbselector h5 {||  color: #4d4d4d;||  text-align: left;||}\u00a0\u00bb global_colors_info=\u00a0\u00bb{}\u00a0\u00bb]<\/p>\n<h5 class=\"p1\">Votre soutien rend tout cela possible. Merci de participer \u00e0 cette aventure !<\/h5>\n<p>[\/et_pb_text][\/et_pb_column][\/et_pb_row][\/et_pb_section]<\/p>\n","protected":false},"excerpt":{"rendered":"<p>Rapport annuel Words of Peace 2024 Depuis six d\u00e9cennies, Prem Rawat se consacre \u00e0 transmettre son message de paix personnelle. \u00c0 67 ans, son engagement reste entier. Gr\u00e2ce \u00e0 la g\u00e9n\u00e9rosit\u00e9 des donateurs de Words of Peace, en particulier par l&rsquo;interm\u00e9diaire du Fonds des \u00e9v\u00e9nements internationaux, Prem Rawat a pu donner 60 conf\u00e9rences en 2024, [&hellip;]<\/p>\n","protected":false},"author":3,"featured_media":0,"parent":0,"menu_order":0,"comment_status":"closed","ping_status":"closed","template":"","meta":{"_et_pb_use_builder":"on","_et_pb_old_content":"","_et_gb_content_width":"","footnotes":""},"folder":[],"class_list":["post-40443","page","type-page","status-publish","hentry"],"yoast_head":"<!-- This site is optimized with the Yoast SEO plugin v27.3 - https:\/\/yoast.com\/product\/yoast-seo-wordpress\/ -->\n<title>Rapport annuel 2024 | Words of Peace<\/title>\n<meta name=\"robots\" content=\"index, follow, max-snippet:-1, max-image-preview:large, max-video-preview:-1\" \/>\n<link rel=\"canonical\" href=\"https:\/\/www.wopg.org\/fr\/rapport-annuel-2024\/\" \/>\n<meta property=\"og:locale\" content=\"fr_FR\" \/>\n<meta property=\"og:type\" content=\"article\" \/>\n<meta property=\"og:title\" content=\"Rapport annuel 2024 | Words of Peace\" \/>\n<meta property=\"og:description\" content=\"Rapport annuel Words of Peace 2024 Depuis six d\u00e9cennies, Prem Rawat se consacre \u00e0 transmettre son message de paix personnelle. \u00c0 67 ans, son engagement reste entier. Gr\u00e2ce \u00e0 la g\u00e9n\u00e9rosit\u00e9 des donateurs de Words of Peace, en particulier par l&#039;interm\u00e9diaire du Fonds des \u00e9v\u00e9nements internationaux, Prem Rawat a pu donner 60 conf\u00e9rences en 2024, [&hellip;]\" \/>\n<meta property=\"og:url\" content=\"https:\/\/www.wopg.org\/fr\/rapport-annuel-2024\/\" \/>\n<meta property=\"og:site_name\" content=\"Words of Peace\" \/>\n<meta property=\"article:publisher\" content=\"https:\/\/www.facebook.com\/wordsofpeaceglobal\" \/>\n<meta property=\"article:modified_time\" content=\"2025-05-06T11:48:20+00:00\" \/>\n<meta name=\"twitter:card\" content=\"summary_large_image\" \/>\n<meta name=\"twitter:site\" content=\"@wopg\" \/>\n<meta name=\"twitter:label1\" content=\"Dur\u00e9e de lecture estim\u00e9e\" \/>\n\t<meta name=\"twitter:data1\" content=\"3 minutes\" \/>\n<script type=\"application\/ld+json\" class=\"yoast-schema-graph\">{\"@context\":\"https:\\\/\\\/schema.org\",\"@graph\":[{\"@type\":\"WebPage\",\"@id\":\"https:\\\/\\\/www.wopg.org\\\/fr\\\/rapport-annuel-2024\\\/\",\"url\":\"https:\\\/\\\/www.wopg.org\\\/fr\\\/rapport-annuel-2024\\\/\",\"name\":\"Rapport annuel 2024 | Words of Peace\",\"isPartOf\":{\"@id\":\"https:\\\/\\\/www.wopg.org\\\/fr\\\/#website\"},\"datePublished\":\"2025-05-06T11:48:19+00:00\",\"dateModified\":\"2025-05-06T11:48:20+00:00\",\"breadcrumb\":{\"@id\":\"https:\\\/\\\/www.wopg.org\\\/fr\\\/rapport-annuel-2024\\\/#breadcrumb\"},\"inLanguage\":\"fr-FR\",\"potentialAction\":[{\"@type\":\"ReadAction\",\"target\":[\"https:\\\/\\\/www.wopg.org\\\/fr\\\/rapport-annuel-2024\\\/\"]}]},{\"@type\":\"BreadcrumbList\",\"@id\":\"https:\\\/\\\/www.wopg.org\\\/fr\\\/rapport-annuel-2024\\\/#breadcrumb\",\"itemListElement\":[{\"@type\":\"ListItem\",\"position\":1,\"name\":\"Home\",\"item\":\"https:\\\/\\\/www.wopg.org\\\/fr\\\/\"},{\"@type\":\"ListItem\",\"position\":2,\"name\":\"Rapport annuel 2024\"}]},{\"@type\":\"WebSite\",\"@id\":\"https:\\\/\\\/www.wopg.org\\\/fr\\\/#website\",\"url\":\"https:\\\/\\\/www.wopg.org\\\/fr\\\/\",\"name\":\"Words of Peace\",\"description\":\"Practice Peace, Change Your World\",\"publisher\":{\"@id\":\"https:\\\/\\\/www.wopg.org\\\/fr\\\/#organization\"},\"potentialAction\":[{\"@type\":\"SearchAction\",\"target\":{\"@type\":\"EntryPoint\",\"urlTemplate\":\"https:\\\/\\\/www.wopg.org\\\/fr\\\/?s={search_term_string}\"},\"query-input\":{\"@type\":\"PropertyValueSpecification\",\"valueRequired\":true,\"valueName\":\"search_term_string\"}}],\"inLanguage\":\"fr-FR\"},{\"@type\":\"Organization\",\"@id\":\"https:\\\/\\\/www.wopg.org\\\/fr\\\/#organization\",\"name\":\"Words of Peace\",\"url\":\"https:\\\/\\\/www.wopg.org\\\/fr\\\/\",\"logo\":{\"@type\":\"ImageObject\",\"inLanguage\":\"fr-FR\",\"@id\":\"https:\\\/\\\/www.wopg.org\\\/fr\\\/#\\\/schema\\\/logo\\\/image\\\/\",\"url\":\"https:\\\/\\\/wopg.org\\\/wp-content\\\/uploads\\\/2022\\\/02\\\/Words-of-Peace-logo-website61x252.png\",\"contentUrl\":\"https:\\\/\\\/wopg.org\\\/wp-content\\\/uploads\\\/2022\\\/02\\\/Words-of-Peace-logo-website61x252.png\",\"width\":252,\"height\":61,\"caption\":\"Words of Peace\"},\"image\":{\"@id\":\"https:\\\/\\\/www.wopg.org\\\/fr\\\/#\\\/schema\\\/logo\\\/image\\\/\"},\"sameAs\":[\"https:\\\/\\\/www.facebook.com\\\/wordsofpeaceglobal\",\"https:\\\/\\\/x.com\\\/wopg\",\"https:\\\/\\\/www.instagram.com\\\/wopgofficial\\\/\"]}]}<\/script>\n<!-- \/ Yoast SEO plugin. -->","yoast_head_json":{"title":"Rapport annuel 2024 | Words of Peace","robots":{"index":"index","follow":"follow","max-snippet":"max-snippet:-1","max-image-preview":"max-image-preview:large","max-video-preview":"max-video-preview:-1"},"canonical":"https:\/\/www.wopg.org\/fr\/rapport-annuel-2024\/","og_locale":"fr_FR","og_type":"article","og_title":"Rapport annuel 2024 | Words of Peace","og_description":"Rapport annuel Words of Peace 2024 Depuis six d\u00e9cennies, Prem Rawat se consacre \u00e0 transmettre son message de paix personnelle. \u00c0 67 ans, son engagement reste entier. Gr\u00e2ce \u00e0 la g\u00e9n\u00e9rosit\u00e9 des donateurs de Words of Peace, en particulier par l'interm\u00e9diaire du Fonds des \u00e9v\u00e9nements internationaux, Prem Rawat a pu donner 60 conf\u00e9rences en 2024, [&hellip;]","og_url":"https:\/\/www.wopg.org\/fr\/rapport-annuel-2024\/","og_site_name":"Words of Peace","article_publisher":"https:\/\/www.facebook.com\/wordsofpeaceglobal","article_modified_time":"2025-05-06T11:48:20+00:00","twitter_card":"summary_large_image","twitter_site":"@wopg","twitter_misc":{"Dur\u00e9e de lecture estim\u00e9e":"3 minutes"},"schema":{"@context":"https:\/\/schema.org","@graph":[{"@type":"WebPage","@id":"https:\/\/www.wopg.org\/fr\/rapport-annuel-2024\/","url":"https:\/\/www.wopg.org\/fr\/rapport-annuel-2024\/","name":"Rapport annuel 2024 | Words of Peace","isPartOf":{"@id":"https:\/\/www.wopg.org\/fr\/#website"},"datePublished":"2025-05-06T11:48:19+00:00","dateModified":"2025-05-06T11:48:20+00:00","breadcrumb":{"@id":"https:\/\/www.wopg.org\/fr\/rapport-annuel-2024\/#breadcrumb"},"inLanguage":"fr-FR","potentialAction":[{"@type":"ReadAction","target":["https:\/\/www.wopg.org\/fr\/rapport-annuel-2024\/"]}]},{"@type":"BreadcrumbList","@id":"https:\/\/www.wopg.org\/fr\/rapport-annuel-2024\/#breadcrumb","itemListElement":[{"@type":"ListItem","position":1,"name":"Home","item":"https:\/\/www.wopg.org\/fr\/"},{"@type":"ListItem","position":2,"name":"Rapport annuel 2024"}]},{"@type":"WebSite","@id":"https:\/\/www.wopg.org\/fr\/#website","url":"https:\/\/www.wopg.org\/fr\/","name":"Words of Peace","description":"Practice Peace, Change Your World","publisher":{"@id":"https:\/\/www.wopg.org\/fr\/#organization"},"potentialAction":[{"@type":"SearchAction","target":{"@type":"EntryPoint","urlTemplate":"https:\/\/www.wopg.org\/fr\/?s={search_term_string}"},"query-input":{"@type":"PropertyValueSpecification","valueRequired":true,"valueName":"search_term_string"}}],"inLanguage":"fr-FR"},{"@type":"Organization","@id":"https:\/\/www.wopg.org\/fr\/#organization","name":"Words of Peace","url":"https:\/\/www.wopg.org\/fr\/","logo":{"@type":"ImageObject","inLanguage":"fr-FR","@id":"https:\/\/www.wopg.org\/fr\/#\/schema\/logo\/image\/","url":"https:\/\/wopg.org\/wp-content\/uploads\/2022\/02\/Words-of-Peace-logo-website61x252.png","contentUrl":"https:\/\/wopg.org\/wp-content\/uploads\/2022\/02\/Words-of-Peace-logo-website61x252.png","width":252,"height":61,"caption":"Words of Peace"},"image":{"@id":"https:\/\/www.wopg.org\/fr\/#\/schema\/logo\/image\/"},"sameAs":["https:\/\/www.facebook.com\/wordsofpeaceglobal","https:\/\/x.com\/wopg","https:\/\/www.instagram.com\/wopgofficial\/"]}]}},"_links":{"self":[{"href":"https:\/\/www.wopg.org\/fr\/wp-json\/wp\/v2\/pages\/40443","targetHints":{"allow":["GET"]}}],"collection":[{"href":"https:\/\/www.wopg.org\/fr\/wp-json\/wp\/v2\/pages"}],"about":[{"href":"https:\/\/www.wopg.org\/fr\/wp-json\/wp\/v2\/types\/page"}],"author":[{"embeddable":true,"href":"https:\/\/www.wopg.org\/fr\/wp-json\/wp\/v2\/users\/3"}],"replies":[{"embeddable":true,"href":"https:\/\/www.wopg.org\/fr\/wp-json\/wp\/v2\/comments?post=40443"}],"version-history":[{"count":2,"href":"https:\/\/www.wopg.org\/fr\/wp-json\/wp\/v2\/pages\/40443\/revisions"}],"predecessor-version":[{"id":40445,"href":"https:\/\/www.wopg.org\/fr\/wp-json\/wp\/v2\/pages\/40443\/revisions\/40445"}],"wp:attachment":[{"href":"https:\/\/www.wopg.org\/fr\/wp-json\/wp\/v2\/media?parent=40443"}],"wp:term":[{"taxonomy":"folder","embeddable":true,"href":"https:\/\/www.wopg.org\/fr\/wp-json\/wp\/v2\/folder?post=40443"}],"curies":[{"name":"wp","href":"https:\/\/api.w.org\/{rel}","templated":true}]}}