{"id":40584,"date":"2025-05-07T16:49:31","date_gmt":"2025-05-07T16:49:31","guid":{"rendered":"https:\/\/www.wopg.org\/statuts-2025-2026\/"},"modified":"2025-05-11T07:49:59","modified_gmt":"2025-05-11T07:49:59","slug":"statuts-2025-2026","status":"publish","type":"page","link":"https:\/\/www.wopg.org\/fr\/statuts-2025-2026\/","title":{"rendered":"Statuts 2025 &#8211; 2026"},"content":{"rendered":"<p>[et_pb_section fb_built=\u00a0\u00bb1&Prime; admin_label=\u00a0\u00bbsection\u00a0\u00bb _builder_version=\u00a0\u00bb4.16&Prime; global_colors_info=\u00a0\u00bb{}\u00a0\u00bb][et_pb_row admin_label=\u00a0\u00bbrow\u00a0\u00bb _builder_version=\u00a0\u00bb4.16&Prime; background_size=\u00a0\u00bbinitial\u00a0\u00bb background_position=\u00a0\u00bbtop_left\u00a0\u00bb background_repeat=\u00a0\u00bbrepeat\u00a0\u00bb global_colors_info=\u00a0\u00bb{}\u00a0\u00bb][et_pb_column type=\u00a0\u00bb4_4&Prime; _builder_version=\u00a0\u00bb4.16&Prime; custom_padding=\u00a0\u00bb|||\u00a0\u00bb global_colors_info=\u00a0\u00bb{}\u00a0\u00bb custom_padding__hover=\u00a0\u00bb|||\u00a0\u00bb][et_pb_text admin_label=\u00a0\u00bbText\u00a0\u00bb _builder_version=\u00a0\u00bb4.27.4&Prime; link_font=\u00a0\u00bb|700|||||||\u00a0\u00bb background_size=\u00a0\u00bbinitial\u00a0\u00bb background_position=\u00a0\u00bbtop_left\u00a0\u00bb background_repeat=\u00a0\u00bbrepeat\u00a0\u00bb hover_enabled=\u00a0\u00bb0&Prime; global_colors_info=\u00a0\u00bb{}\u00a0\u00bb sticky_enabled=\u00a0\u00bb0&Prime;]<\/p>\n<h2 class=\"s1\">Words of Peace Global<\/h2>\n<p>Statuts 2025 &#8211; 2026<br \/>Chambre de commerce d\u2019Amsterdam : 34312991<br \/>RSIN : 819929803<\/p>\n<p>&nbsp;<\/p>\n<h3>Table des mati\u00e8res<\/h3>\n<ol id=\"l1\">\n<li data-list-text=\"1.\"><strong>Objectif de la fondation<\/strong><\/li>\n<li data-list-text=\"2.\"><strong>Description<\/strong><\/li>\n<li data-list-text=\"3.\"><strong>Activit\u00e9s de gouvernance<\/strong><\/li>\n<li data-list-text=\"4.\"><strong>Activit\u00e9s de la fondation<\/strong><\/li>\n<li data-list-text=\"5.\"><strong>Financement<\/strong><\/li>\n<li data-list-text=\"6.\"><strong>Gestion du capital<\/strong><\/li>\n<li data-list-text=\"7.\"><strong>Administration g\u00e9n\u00e9rale<\/strong><\/li>\n<li data-list-text=\"8.\"><strong>Administration financi\u00e8re<\/strong><\/li>\n<\/ol>\n<p>&nbsp;<\/p>\n<p><strong>1. Objectif de la fondation<\/strong><\/p>\n<p>Le texte des r\u00e8glements concernant les objectifs est le suivant : \u201cLe but pour lequel cette fondation est \u00e9tablie contient des objectifs charitables, \u00e9ducatifs et scientifiques, incluant la promotion du message de paix tel qu\u2019exprim\u00e9 par Prem Rawat.\u201d<\/p>\n<p>En termes concrets cela signifie que les activit\u00e9s de la Fondation Words of Peace Global (WOPG) sont destin\u00e9es \u00e0 informer le grand public du monde entier de la possibilit\u00e9 de paix personnelle, offerte par Prem Rawat.<\/p>\n<p><strong>2. Description<\/strong><\/p>\n<p>WOPG, fond\u00e9e en 2008, s\u2019engage \u00e0 la transparence et aux pratiques financi\u00e8res \u00e9thiques \u00e0 tout point de vue et est politiquement et financi\u00e8rement ind\u00e9pendante de tout gouvernement, id\u00e9ologie politique, int\u00e9r\u00eat \u00e9conomique ou conviction religieuse.<\/p>\n<p>La fondation est \u00e0 but non lucratif et ne verse aucun revenu ou autre paiement au profit personnel d&rsquo;un particulier. Les int\u00e9r\u00eats ont un caract\u00e8re purement g\u00e9n\u00e9ral. WOPG est reconnu par les autorit\u00e9s fiscales n\u00e9erlandaises comme une Institution d\u2019int\u00e9r\u00eat public (ANBI).<\/p>\n<p>WOPG est enregistr\u00e9 aupr\u00e8s de la Chambre de Commerce d\u2019Amsterdam sous le n\u00b0 34312991 ; le RSIN (anciennement num\u00e9ro fiscal) est : 819929803. Le si\u00e8ge social est situ\u00e9 \u00e0 : Tweede J. van Campenstraat 117C, 1073 XR, Amsterdam.<\/p>\n<p>L\u2019adresse postale est : P.O. Box 20627, 1001 NP, Amsterdam.<\/p>\n<p>Les informations se trouvent sur le site Web <a href=\"https:\/\/www.wopg.org\/fr\" target=\"_blank\" rel=\"noopener\">www.wopg.org<\/a>.<\/p>\n<p><strong>3. Activit\u00e9s de gouvernance<\/strong><\/p>\n<p>Le conseil d\u2019administration de WOPG se compose des membres suivants :<\/p>\n<ul id=\"l3\">\n<li data-list-text=\"\uf0a7\">M. Roland Peter Klepzig, pr\u00e9sident, tr\u00e9sorier et directeur g\u00e9n\u00e9ral<\/li>\n<li data-list-text=\"\uf0a7\">M. Bart Bender, secr\u00e9taire<\/li>\n<li data-list-text=\"\uf0a7\">M. Gerardus Theodorus Johannes Heinst, administrateur<\/li>\n<\/ul>\n<p>Les membres du Conseil d\u2019administration ne re\u00e7oivent aucune r\u00e9mun\u00e9ration, \u00e0 l&rsquo;exception de la prise en charge de leurs frais.<\/p>\n<p>Le conseil se r\u00e9unit aussi souvent que l&rsquo;exigent les activit\u00e9s, mais au moins deux fois par an de mani\u00e8re formelle. Chaque r\u00e9union formelle fait l&rsquo;objet d&rsquo;un rapport. Entre les r\u00e9unions formelles, le conseil reste en contact par courriel, par t\u00e9l\u00e9phone ou par Zoom.<\/p>\n<p>Entre autres choses, les r\u00e9unions du conseil d\u2019administration confirment les d\u00e9cisions prises par au moins deux membres du conseil au cours des derniers mois et discutent des activit\u00e9s entreprises ou \u00e0 entreprendre.<\/p>\n<p>Un budget annuel est pr\u00e9par\u00e9 en novembre de chaque ann\u00e9e pour \u00eatre pr\u00e9sent\u00e9 au conseil d&rsquo;administration en d\u00e9cembre. Des budgets r\u00e9vis\u00e9s sont pr\u00e9par\u00e9s si n\u00e9cessaire au cours de l\u2019ann\u00e9e. Avant le 1er juillet, le conseil d\u2019administration pr\u00e9pare et \u00e9tablit le bilan et l\u2019\u00e9tat des recettes et des d\u00e9penses de la fondation. Ceux-ci seront publi\u00e9s en temps opportun sur le site WOPG, conform\u00e9ment \u00e0 la l\u00e9gislation en vigueur concernant les ANBI (Institutions d\u2019int\u00e9r\u00eat public).<\/p>\n<p><strong>4. Activit\u00e9s de la fondation<\/strong><\/p>\n<p>WOPG atteint ses objectifs au moyen des activit\u00e9s suivantes :<\/p>\n<p>4.1 Soutenir tout autour du monde les \u00e9v\u00e9nements (conf\u00e9rences, conventions, s\u00e9minaires, rencontres) o\u00f9 le message de paix personnelle et de connaissance de soi est transmis. L\u2019assistance \u00e0 de tels \u00e9v\u00e9nements varie de 20 \u00e0 300 000 personnes.<\/p>\n<p>4.2 Soutenir dans toute partie du monde les entit\u00e9s juridiques (organisations et groupes de personnes) qui poursuivent des buts non lucratifs conformes aux objectifs charitables de la fondation, prouv\u00e9s par les activit\u00e9s concr\u00e8tes de ces entit\u00e9s juridiques.<\/p>\n<p>4.3  Fournir de l\u2019information au grand public sur les \u00e9v\u00e9nements \u00e0 venir et leur besoin de financement, si n\u00e9cessaire.<\/p>\n<p>Des \u00e9v\u00e9nements et des rencontres sont organis\u00e9s tout au long de l\u2019ann\u00e9e par une promotion aupr\u00e8s du grand public ou des supporters, ou sur invitation, avec la participation d\u2019organisations de divers pays, comme mentionn\u00e9 en 4.2. Les gouvernements et les parlements, les institutions \u00e9ducatives (y compris les universit\u00e9s), les agences gouvernementales, les grandes entreprises et les autres groupes int\u00e9ress\u00e9s peuvent aussi agir en tant qu\u2019entit\u00e9s organisatrices de ces \u00e9v\u00e9nements.<\/p>\n<p>Une pr\u00e9sentation des \u00e9v\u00e8nements les plus importants soutenus par WOPG dans le monde entier est publi\u00e9e chaque ann\u00e9e sous forme de\u00a0<i>Rapport annuel d\u2019activit\u00e9\u00a0<\/i>sur le site web de WOPG.<\/p>\n<p class=\"s8\">Des enregistrements d\u2019\u00e9v\u00e9nements peuvent \u00eatre visionn\u00e9s sur internet, sur YouTube par exemple; des parties de ces enregistrements forment la base d\u2019ateliers gratuits men\u00e9s par des b\u00e9n\u00e9voles, comme ceux du\u00a0<strong><a href=\"https:\/\/tprf.org\/fr\/category\/programme-deducation-pour-la-paix\/\" target=\"_blank\" rel=\"noopener\">Programme d\u2019\u00e9ducation pour la paix<\/a><\/strong>\u00a0(PEP) qui a prouv\u00e9 son efficacit\u00e9 dans beaucoup d\u2019institutions diff\u00e9rentes du monde entier. Le\u00a0<strong><a href=\"https:\/\/tprf.org\/fr\/le-programme-deducation-pour-la-paix-bientot-dans-tous-les-etablissements-penitentiaires-italiens\/\" target=\"_blank\" rel=\"noopener\">Ministre italien de la justice<\/a><\/strong>, par exemple, a fait en sorte que le PEP soit propos\u00e9 gratuitement dans toutes les prisons italiennes.<\/p>\n<p><strong>5. Financement<\/strong><\/p>\n<p>Afin de pouvoir atteindre ses objectifs caritatifs, WOPG participe \u00e0 des campagnes de collecte de fonds. Les revenus de WOPG proviennent exclusivement de dons et de subventions, y compris de legs occasionnels. Les dons proviennent essentiellement de milliers de particuliers dans le monde entier, mais aussi d&rsquo;organisations partageant les m\u00eames convictions, telles que Words of Peace International, une organisation caritative enregistr\u00e9e aux \u00c9tats-Unis sous le num\u00e9ro 501(c)(3).<\/p>\n<p>Les dons mensuels uniques et r\u00e9guliers sont re\u00e7us via le site Web de WOPG ainsi que directement sur les comptes bancaires de WOPG par virement. Le Conseil d\u2019administration de WOPG d\u00e9cide de l\u2019utilisation des dons pour la r\u00e9alisation des objectifs de la fondation. WOPG fournit un \u00e9tat des comptes qui inclut tous les dons re\u00e7us.<\/p>\n<p>Un des objectifs de la collecte de fonds est de permettre \u00e0 la fondation de verser des dons ou des aides \u00e0 des personnes morales partageant le m\u00eame objectif, attest\u00e9 par les activit\u00e9s concr\u00e8tes de ces entit\u00e9s juridiques. Dans le cas de dons ou de subventions \u00e0 des personnes morales \u00e9trang\u00e8res, les r\u00e9glementations fiscales en vigueur sont strictement appliqu\u00e9es et, en r\u00e8gle g\u00e9n\u00e9rale, tous les dons ou aides sont faits sur la base d\u2019un accord de subvention \u00e9crit, qui documente l&rsquo;objectif pour lequel le don ou la subvention est effectu\u00e9. Les dons ne sont accord\u00e9s \u00e0 des personnes ou \u00e0 des entit\u00e9s juridiques que dans le but de fournir un soutien financier \u00e0 une activit\u00e9 sans but lucratif, coh\u00e9rente avec le champ des activit\u00e9s autoris\u00e9es, conform\u00e9ment aux propres objectifs caritatifs de WOPG.<\/p>\n<p><strong>6. Gestion du capital<\/strong><\/p>\n<p>Le capital accumul\u00e9 par la fondation ne peut \u00eatre g\u00e9r\u00e9 par un seul membre du conseil d\u2019administration, mais seulement par deux membres du conseil agissant ensemble. La fondation n\u2019accordera pas plus de capital que ce qui est jug\u00e9 raisonnable et n\u00e9cessaire pour la poursuite saine des activit\u00e9s pr\u00e9vues li\u00e9es \u00e0 la r\u00e9alisation des objectifs de la fondation.<\/p>\n<p>Comme mentionn\u00e9 au paragraphe 5, le Conseil d\u2019administration de WOPG d\u00e9cide de l\u2019utilisation des dons pour atteindre les objectifs de la fondation et WOPG fournit un \u00e9tat des comptes qui inclut tous les dons re\u00e7us.<\/p>\n<p>Tous les paiements effectu\u00e9s par WOPG sont r\u00e9alis\u00e9s \u00e9lectroniquement via les services bancaires en ligne. Une double autorisation des signataires autoris\u00e9s est appliqu\u00e9e sur tous les comptes. Seuls les paiements pr\u00e9alablement approuv\u00e9s sont autoris\u00e9s. Les actifs de WOPG sont principalement d\u00e9tenus en esp\u00e8ces. Les comptes courants sont d\u00e9tenus par la banque ABN AMRO aux Pays-Bas.<\/p>\n<p>Il n\u2019y a pas de comptes d\u2019\u00e9pargne ou de placement.<\/p>\n<p>Afin de pouvoir g\u00e9rer les diff\u00e9rents processus au sein de WOPG de mani\u00e8re structur\u00e9e et contr\u00f4l\u00e9e, des proc\u00e9dures relatives \u00e0 l&rsquo;octroi de dons ont \u00e9t\u00e9 r\u00e9dig\u00e9es :<\/p>\n<ul id=\"l5\">\n<li data-list-text=\"\uf0a7\">Les personnes et les organisations sans but lucratif qui souhaitent recevoir un don doivent en faire la demande \u00e0 WOPG.<\/li>\n<li data-list-text=\"\uf0a7\">Ces demandes de don doivent \u00eatre accompagn\u00e9es de la description de l\u2019objectif pour lequel le don sera utilis\u00e9.<\/li>\n<li data-list-text=\"\uf0a7\">Le conseil d\u2019administration de WOPG (au moins deux membres) d\u00e9cide si le don demand\u00e9 doit \u00eatre accord\u00e9. Le conseil peut fixer certaines conditions \u00e0 l&rsquo;octroi du don concernant l\u2019objectif pr\u00e9cis de son utilisation.<\/li>\n<li data-list-text=\"\uf0a7\">WOPG demande que le b\u00e9n\u00e9ficiaire confirme la r\u00e9ception du don par un rapport montrant que les fonds ont \u00e9t\u00e9 utilis\u00e9s conform\u00e9ment \u00e0 l&rsquo;objectif demand\u00e9.<\/li>\n<li data-list-text=\"\uf0a7\">Le conseil assure la s\u00e9lection des demandes de financement.<\/li>\n<\/ul>\n<p><strong>7. Administration g\u00e9n\u00e9rale<\/strong><\/p>\n<p>Les comptes de WOPG sont tenus de mani\u00e8re claire et transparente. Les co\u00fbts de gestion et de collecte de fonds sont r\u00e9guli\u00e8rement \u00e9valu\u00e9s afin de s\u2019assurer qu\u2019ils sont limit\u00e9s au strict n\u00e9cessaire. Les documents suivants, entre autres, sont conserv\u00e9s dans l\u2019administration.<\/p>\n<ul id=\"l6\">\n<li data-list-text=\"\uf0a7\">Relev\u00e9s de comptes et justificatifs des dons accord\u00e9s.<\/li>\n<li data-list-text=\"\uf0a7\">Nature et volume des revenus et du capital de la fondation.<\/li>\n<li data-list-text=\"\uf0a7\">D\u00e9penses li\u00e9es \u00e0 la collecte de fonds et \u00e0 la gestion de la fondation. Une relation raisonnable doit exister entre les co\u00fbts et les d\u00e9penses. Cette gestion sera assur\u00e9e par le conseil d\u2019administration.<\/li>\n<li data-list-text=\"\uf0a7\">Sommes vers\u00e9es \u00e0 tout membre du conseil pour le remboursement de frais.<\/li>\n<li data-list-text=\"\uf0a7\">Tenue de la comptabilit\u00e9 financi\u00e8re g\u00e9n\u00e9rale.<\/li>\n<\/ul>\n<p><strong>8. Administration financi\u00e8re<\/strong><\/p>\n<p>L\u2019administration financi\u00e8re est organis\u00e9e de telle sorte que les points suivants apparaissent de mani\u00e8re transparente :<\/p>\n<ul id=\"l7\">\n<li data-list-text=\"\uf0a7\">Les co\u00fbts de gestion sont bien inf\u00e9rieurs \u00e0 la norme, car WOPG travaille principalement avec des b\u00e9n\u00e9voles. La politique de gestion vise \u00e0 maintenir ce principe de base.<\/li>\n<li data-list-text=\"\uf0a7\">Les sommes utilis\u00e9es pour la collecte de fonds ont \u00e9galement \u00e9t\u00e9 mod\u00e9r\u00e9es ces derni\u00e8res ann\u00e9es. Le conseil s\u2019efforce de garder cela comme principe de base dans le recrutement de fonds.<\/li>\n<li data-list-text=\"\uf0a7\">Outre les frais de gestion et de collecte de fonds, tous les fonds disponibles sont d\u00e9pens\u00e9s conform\u00e9ment \u00e0 l\u2019objectif statutaire de la fondation. Cette politique est de nature structurelle.<\/li>\n<li data-list-text=\"\uf0a7\">Conform\u00e9ment aux statuts de la fondation, les membres du conseil d&rsquo;administration ne sont pas r\u00e9mun\u00e9r\u00e9s, mais peuvent \u00eatre rembours\u00e9s de leurs frais. La politique de recrutement et de r\u00e9mun\u00e9ration de la direction et du personnel est bas\u00e9e sur les principes suivants. Dans la mesure du possible, les fonctions de gestion et de personnel \u00e0 tous les niveaux sont remplies par des b\u00e9n\u00e9voles qualifi\u00e9s. Seulement lorsque cela est strictement n\u00e9cessaire, les fonctions et la gestion du personnel de WOPG sont remplies par des employ\u00e9s ou des entrepreneurs contractuels. La r\u00e9mun\u00e9ration de ces employ\u00e9s ou contractuels reste modeste.<\/li>\n<li data-list-text=\"\uf0a7\">S\u00e9curit\u00e9 des donn\u00e9es : WOPG fait appel \u00e0 des fournisseurs externes pour son syst\u00e8me de gestion des donateurs et pour ses registres comptables. Les deux fournisseurs ont v\u00e9rifi\u00e9 la s\u00e9curit\u00e9 de leurs syst\u00e8mes en termes de protection contre la violation des donn\u00e9es et tous deux sauvegardent r\u00e9guli\u00e8rement les donn\u00e9es sur des serveurs ind\u00e9pendants. En outre, WOPG sauvegarde \u00e9galement les donn\u00e9es comptables, de sorte que si cela s&rsquo;av\u00e9rait n\u00e9cessaire, les documents comptables pourraient (moyennant un certain travail) \u00eatre reconstruits de mani\u00e8re ind\u00e9pendante sans avoir recours au fournisseur. Les dossiers et documents sur papier sont conserv\u00e9s au domicile du personnel comptable de WOPG jusqu\u2019\u00e0 ce qu\u2019ils soient conserv\u00e9s dans les archives s\u00e9curis\u00e9es d\u2019Amsterdam. Le risque est r\u00e9duit par le fait que tous les documents sont \u00e9galement class\u00e9s \u00e9lectroniquement et que plus d&rsquo;un membre du personnel y a acc\u00e8s.<\/li>\n<\/ul>\n<p>[\/et_pb_text][et_pb_button button_url=\u00a0\u00bbhttps:\/\/eadn-wc03-5903292.nxedge.io\/wp-content\/uploads\/2025\/05\/WOPG-Policy-Plan-May-2025-2026_FR-2.pdf\u00a0\u00bb button_text=\u00a0\u00bbVersion imprimable\u00a0\u00bb button_alignment=\u00a0\u00bbright\u00a0\u00bb _builder_version=\u00a0\u00bb4.27.4&Prime; _module_preset=\u00a0\u00bbdefault\u00a0\u00bb global_colors_info=\u00a0\u00bb{}\u00a0\u00bb][\/et_pb_button][\/et_pb_column][\/et_pb_row][\/et_pb_section]<\/p>\n","protected":false},"excerpt":{"rendered":"<p>Words of Peace Global Statuts 2025 &#8211; 2026Chambre de commerce d\u2019Amsterdam : 34312991RSIN : 819929803 &nbsp; Table des mati\u00e8res Objectif de la fondation Description Activit\u00e9s de gouvernance Activit\u00e9s de la fondation Financement Gestion du capital Administration g\u00e9n\u00e9rale Administration financi\u00e8re &nbsp; 1. Objectif de la fondation Le texte des r\u00e8glements concernant les objectifs est le suivant [&hellip;]<\/p>\n","protected":false},"author":14,"featured_media":0,"parent":0,"menu_order":0,"comment_status":"closed","ping_status":"closed","template":"","meta":{"_et_pb_use_builder":"on","_et_pb_old_content":"","_et_gb_content_width":"","footnotes":""},"folder":[],"class_list":["post-40584","page","type-page","status-publish","hentry"],"yoast_head":"<!-- This site is optimized with the Yoast SEO plugin v27.3 - https:\/\/yoast.com\/product\/yoast-seo-wordpress\/ -->\n<title>Statuts 2025 - 2026 | Words of Peace<\/title>\n<meta name=\"robots\" content=\"index, follow, max-snippet:-1, max-image-preview:large, max-video-preview:-1\" \/>\n<link rel=\"canonical\" href=\"https:\/\/www.wopg.org\/fr\/statuts-2025-2026\/\" \/>\n<meta property=\"og:locale\" content=\"fr_FR\" \/>\n<meta property=\"og:type\" content=\"article\" \/>\n<meta property=\"og:title\" content=\"Statuts 2025 - 2026 | Words of Peace\" \/>\n<meta property=\"og:description\" content=\"Words of Peace Global Statuts 2025 - 2026Chambre de commerce d\u2019Amsterdam : 34312991RSIN : 819929803 &nbsp; Table des mati\u00e8res Objectif de la fondation Description Activit\u00e9s de gouvernance Activit\u00e9s de la fondation Financement Gestion du capital Administration g\u00e9n\u00e9rale Administration financi\u00e8re &nbsp; 1. Objectif de la fondation Le texte des r\u00e8glements concernant les objectifs est le suivant [&hellip;]\" \/>\n<meta property=\"og:url\" content=\"https:\/\/www.wopg.org\/fr\/statuts-2025-2026\/\" \/>\n<meta property=\"og:site_name\" content=\"Words of Peace\" \/>\n<meta property=\"article:publisher\" content=\"https:\/\/www.facebook.com\/wordsofpeaceglobal\" \/>\n<meta property=\"article:modified_time\" content=\"2025-05-11T07:49:59+00:00\" \/>\n<meta name=\"twitter:card\" content=\"summary_large_image\" \/>\n<meta name=\"twitter:site\" content=\"@wopg\" \/>\n<meta name=\"twitter:label1\" content=\"Dur\u00e9e de lecture estim\u00e9e\" \/>\n\t<meta name=\"twitter:data1\" content=\"10 minutes\" \/>\n<script type=\"application\/ld+json\" class=\"yoast-schema-graph\">{\"@context\":\"https:\\\/\\\/schema.org\",\"@graph\":[{\"@type\":\"WebPage\",\"@id\":\"https:\\\/\\\/www.wopg.org\\\/fr\\\/statuts-2025-2026\\\/\",\"url\":\"https:\\\/\\\/www.wopg.org\\\/fr\\\/statuts-2025-2026\\\/\",\"name\":\"Statuts 2025 - 2026 | Words of Peace\",\"isPartOf\":{\"@id\":\"https:\\\/\\\/www.wopg.org\\\/fr\\\/#website\"},\"datePublished\":\"2025-05-07T16:49:31+00:00\",\"dateModified\":\"2025-05-11T07:49:59+00:00\",\"breadcrumb\":{\"@id\":\"https:\\\/\\\/www.wopg.org\\\/fr\\\/statuts-2025-2026\\\/#breadcrumb\"},\"inLanguage\":\"fr-FR\",\"potentialAction\":[{\"@type\":\"ReadAction\",\"target\":[\"https:\\\/\\\/www.wopg.org\\\/fr\\\/statuts-2025-2026\\\/\"]}]},{\"@type\":\"BreadcrumbList\",\"@id\":\"https:\\\/\\\/www.wopg.org\\\/fr\\\/statuts-2025-2026\\\/#breadcrumb\",\"itemListElement\":[{\"@type\":\"ListItem\",\"position\":1,\"name\":\"Home\",\"item\":\"https:\\\/\\\/www.wopg.org\\\/fr\\\/\"},{\"@type\":\"ListItem\",\"position\":2,\"name\":\"Statuts 2025 &#8211; 2026\"}]},{\"@type\":\"WebSite\",\"@id\":\"https:\\\/\\\/www.wopg.org\\\/fr\\\/#website\",\"url\":\"https:\\\/\\\/www.wopg.org\\\/fr\\\/\",\"name\":\"Words of Peace\",\"description\":\"Practice Peace, Change Your World\",\"publisher\":{\"@id\":\"https:\\\/\\\/www.wopg.org\\\/fr\\\/#organization\"},\"potentialAction\":[{\"@type\":\"SearchAction\",\"target\":{\"@type\":\"EntryPoint\",\"urlTemplate\":\"https:\\\/\\\/www.wopg.org\\\/fr\\\/?s={search_term_string}\"},\"query-input\":{\"@type\":\"PropertyValueSpecification\",\"valueRequired\":true,\"valueName\":\"search_term_string\"}}],\"inLanguage\":\"fr-FR\"},{\"@type\":\"Organization\",\"@id\":\"https:\\\/\\\/www.wopg.org\\\/fr\\\/#organization\",\"name\":\"Words of Peace\",\"url\":\"https:\\\/\\\/www.wopg.org\\\/fr\\\/\",\"logo\":{\"@type\":\"ImageObject\",\"inLanguage\":\"fr-FR\",\"@id\":\"https:\\\/\\\/www.wopg.org\\\/fr\\\/#\\\/schema\\\/logo\\\/image\\\/\",\"url\":\"https:\\\/\\\/wopg.org\\\/wp-content\\\/uploads\\\/2022\\\/02\\\/Words-of-Peace-logo-website61x252.png\",\"contentUrl\":\"https:\\\/\\\/wopg.org\\\/wp-content\\\/uploads\\\/2022\\\/02\\\/Words-of-Peace-logo-website61x252.png\",\"width\":252,\"height\":61,\"caption\":\"Words of Peace\"},\"image\":{\"@id\":\"https:\\\/\\\/www.wopg.org\\\/fr\\\/#\\\/schema\\\/logo\\\/image\\\/\"},\"sameAs\":[\"https:\\\/\\\/www.facebook.com\\\/wordsofpeaceglobal\",\"https:\\\/\\\/x.com\\\/wopg\",\"https:\\\/\\\/www.instagram.com\\\/wopgofficial\\\/\"]}]}<\/script>\n<!-- \/ Yoast SEO plugin. -->","yoast_head_json":{"title":"Statuts 2025 - 2026 | Words of Peace","robots":{"index":"index","follow":"follow","max-snippet":"max-snippet:-1","max-image-preview":"max-image-preview:large","max-video-preview":"max-video-preview:-1"},"canonical":"https:\/\/www.wopg.org\/fr\/statuts-2025-2026\/","og_locale":"fr_FR","og_type":"article","og_title":"Statuts 2025 - 2026 | Words of Peace","og_description":"Words of Peace Global Statuts 2025 - 2026Chambre de commerce d\u2019Amsterdam : 34312991RSIN : 819929803 &nbsp; Table des mati\u00e8res Objectif de la fondation Description Activit\u00e9s de gouvernance Activit\u00e9s de la fondation Financement Gestion du capital Administration g\u00e9n\u00e9rale Administration financi\u00e8re &nbsp; 1. Objectif de la fondation Le texte des r\u00e8glements concernant les objectifs est le suivant [&hellip;]","og_url":"https:\/\/www.wopg.org\/fr\/statuts-2025-2026\/","og_site_name":"Words of Peace","article_publisher":"https:\/\/www.facebook.com\/wordsofpeaceglobal","article_modified_time":"2025-05-11T07:49:59+00:00","twitter_card":"summary_large_image","twitter_site":"@wopg","twitter_misc":{"Dur\u00e9e de lecture estim\u00e9e":"10 minutes"},"schema":{"@context":"https:\/\/schema.org","@graph":[{"@type":"WebPage","@id":"https:\/\/www.wopg.org\/fr\/statuts-2025-2026\/","url":"https:\/\/www.wopg.org\/fr\/statuts-2025-2026\/","name":"Statuts 2025 - 2026 | Words of Peace","isPartOf":{"@id":"https:\/\/www.wopg.org\/fr\/#website"},"datePublished":"2025-05-07T16:49:31+00:00","dateModified":"2025-05-11T07:49:59+00:00","breadcrumb":{"@id":"https:\/\/www.wopg.org\/fr\/statuts-2025-2026\/#breadcrumb"},"inLanguage":"fr-FR","potentialAction":[{"@type":"ReadAction","target":["https:\/\/www.wopg.org\/fr\/statuts-2025-2026\/"]}]},{"@type":"BreadcrumbList","@id":"https:\/\/www.wopg.org\/fr\/statuts-2025-2026\/#breadcrumb","itemListElement":[{"@type":"ListItem","position":1,"name":"Home","item":"https:\/\/www.wopg.org\/fr\/"},{"@type":"ListItem","position":2,"name":"Statuts 2025 &#8211; 2026"}]},{"@type":"WebSite","@id":"https:\/\/www.wopg.org\/fr\/#website","url":"https:\/\/www.wopg.org\/fr\/","name":"Words of Peace","description":"Practice Peace, Change Your World","publisher":{"@id":"https:\/\/www.wopg.org\/fr\/#organization"},"potentialAction":[{"@type":"SearchAction","target":{"@type":"EntryPoint","urlTemplate":"https:\/\/www.wopg.org\/fr\/?s={search_term_string}"},"query-input":{"@type":"PropertyValueSpecification","valueRequired":true,"valueName":"search_term_string"}}],"inLanguage":"fr-FR"},{"@type":"Organization","@id":"https:\/\/www.wopg.org\/fr\/#organization","name":"Words of Peace","url":"https:\/\/www.wopg.org\/fr\/","logo":{"@type":"ImageObject","inLanguage":"fr-FR","@id":"https:\/\/www.wopg.org\/fr\/#\/schema\/logo\/image\/","url":"https:\/\/wopg.org\/wp-content\/uploads\/2022\/02\/Words-of-Peace-logo-website61x252.png","contentUrl":"https:\/\/wopg.org\/wp-content\/uploads\/2022\/02\/Words-of-Peace-logo-website61x252.png","width":252,"height":61,"caption":"Words of Peace"},"image":{"@id":"https:\/\/www.wopg.org\/fr\/#\/schema\/logo\/image\/"},"sameAs":["https:\/\/www.facebook.com\/wordsofpeaceglobal","https:\/\/x.com\/wopg","https:\/\/www.instagram.com\/wopgofficial\/"]}]}},"_links":{"self":[{"href":"https:\/\/www.wopg.org\/fr\/wp-json\/wp\/v2\/pages\/40584","targetHints":{"allow":["GET"]}}],"collection":[{"href":"https:\/\/www.wopg.org\/fr\/wp-json\/wp\/v2\/pages"}],"about":[{"href":"https:\/\/www.wopg.org\/fr\/wp-json\/wp\/v2\/types\/page"}],"author":[{"embeddable":true,"href":"https:\/\/www.wopg.org\/fr\/wp-json\/wp\/v2\/users\/14"}],"replies":[{"embeddable":true,"href":"https:\/\/www.wopg.org\/fr\/wp-json\/wp\/v2\/comments?post=40584"}],"version-history":[{"count":12,"href":"https:\/\/www.wopg.org\/fr\/wp-json\/wp\/v2\/pages\/40584\/revisions"}],"predecessor-version":[{"id":40790,"href":"https:\/\/www.wopg.org\/fr\/wp-json\/wp\/v2\/pages\/40584\/revisions\/40790"}],"wp:attachment":[{"href":"https:\/\/www.wopg.org\/fr\/wp-json\/wp\/v2\/media?parent=40584"}],"wp:term":[{"taxonomy":"folder","embeddable":true,"href":"https:\/\/www.wopg.org\/fr\/wp-json\/wp\/v2\/folder?post=40584"}],"curies":[{"name":"wp","href":"https:\/\/api.w.org\/{rel}","templated":true}]}}