{"id":44790,"date":"2025-11-17T17:58:02","date_gmt":"2025-11-17T17:58:02","guid":{"rendered":"https:\/\/www.wopg.org\/benevolat\/"},"modified":"2026-04-04T16:19:15","modified_gmt":"2026-04-04T16:19:15","slug":"benevolat","status":"publish","type":"page","link":"https:\/\/www.wopg.org\/fr\/benevolat\/","title":{"rendered":"B\u00e9n\u00e9volat"},"content":{"rendered":"<p>[et_pb_section fb_built=\u00a0\u00bb1&Prime; fullwidth=\u00a0\u00bbon\u00a0\u00bb _builder_version=\u00a0\u00bb4.24.3&Prime; _module_preset=\u00a0\u00bbdefault\u00a0\u00bb background_color=\u00a0\u00bbRGBA(255,255,255,0)\u00a0\u00bb global_colors_info=\u00a0\u00bb{}\u00a0\u00bb][et_pb_fullwidth_image src=\u00a0\u00bbhttps:\/\/eadn-wc03-5903292.nxedge.io\/wp-content\/uploads\/2025\/11\/Volunteers-01.jpg\u00a0\u00bb alt=\u00a0\u00bbPrem Rawat\u00a0\u00bb title_text=\u00a0\u00bbVolunteers-01&Prime; _builder_version=\u00a0\u00bb4.27.4&Prime; _module_preset=\u00a0\u00bbdefault\u00a0\u00bb global_colors_info=\u00a0\u00bb{}\u00a0\u00bb][\/et_pb_fullwidth_image][\/et_pb_section][et_pb_section fb_built=\u00a0\u00bb1&Prime; _builder_version=\u00a0\u00bb4.27.4&Prime; background_color=\u00a0\u00bbRGBA(255,255,255,0)\u00a0\u00bb custom_padding=\u00a0\u00bb||0px||false|false\u00a0\u00bb global_colors_info=\u00a0\u00bb{}\u00a0\u00bb][et_pb_row column_padding_mobile=\u00a0\u00bbon\u00a0\u00bb _builder_version=\u00a0\u00bb4.24.3&Prime; background_size=\u00a0\u00bbinitial\u00a0\u00bb background_position=\u00a0\u00bbtop_left\u00a0\u00bb background_repeat=\u00a0\u00bbrepeat\u00a0\u00bb custom_padding=\u00a0\u00bb0px||0px||false|false\u00a0\u00bb border_color_bottom=\u00a0\u00bb#008B73&Prime; make_fullwidth=\u00a0\u00bboff\u00a0\u00bb use_custom_width=\u00a0\u00bboff\u00a0\u00bb width_unit=\u00a0\u00bbon\u00a0\u00bb global_colors_info=\u00a0\u00bb{}\u00a0\u00bb][et_pb_column type=\u00a0\u00bb4_4&Prime; _builder_version=\u00a0\u00bb4.18.0&Prime; global_colors_info=\u00a0\u00bb{}\u00a0\u00bb custom_padding__hover=\u00a0\u00bb|||\u00a0\u00bb custom_padding__hover_enabled=\u00a0\u00bbon|desktop\u00a0\u00bb][et_pb_text _builder_version=\u00a0\u00bb4.27.5&Prime; header_text_color=\u00a0\u00bb#008B73&Prime; header_2_line_height=\u00a0\u00bb2em\u00a0\u00bb header_3_line_height=\u00a0\u00bb2em\u00a0\u00bb header_4_text_color=\u00a0\u00bb#4D4D4D\u00a0\u00bb header_4_font_size=\u00a0\u00bb30px\u00a0\u00bb header_4_line_height=\u00a0\u00bb2.5em\u00a0\u00bb background_size=\u00a0\u00bbinitial\u00a0\u00bb background_position=\u00a0\u00bbtop_left\u00a0\u00bb background_repeat=\u00a0\u00bbrepeat\u00a0\u00bb text_orientation=\u00a0\u00bbcenter\u00a0\u00bb module_alignment=\u00a0\u00bbcenter\u00a0\u00bb use_border_color=\u00a0\u00bboff\u00a0\u00bb global_colors_info=\u00a0\u00bb{}\u00a0\u00bb]<\/p>\n<h1 class=\"p1\"><span style=\"font-weight: 400;\">Opportunit\u00e9s de b\u00e9n\u00e9volat de l\u2019\u00e9quipe des \u00e9v\u00e9nements de Words of Peace<\/span><\/h1>\n<p>[\/et_pb_text][et_pb_text disabled_on=\u00a0\u00bboff|off|off\u00a0\u00bb _builder_version=\u00a0\u00bb4.27.5&Prime; _module_preset=\u00a0\u00bbdefault\u00a0\u00bb custom_margin=\u00a0\u00bb||0px||false|false\u00a0\u00bb hover_enabled=\u00a0\u00bb0&Prime; global_colors_info=\u00a0\u00bb{}\u00a0\u00bb sticky_enabled=\u00a0\u00bb0&Prime;]<\/p>\n<p dir=\"ltr\"><span style=\"font-weight: 400;\">Words of Peace pr\u00e9sente une nouvelle approche visant \u00e0 r\u00e9gionaliser la structure de l&rsquo;\u00e9quipe charg\u00e9e de l&rsquo;organisation des \u00e9v\u00e9nements. Cela permettra une plus grande flexibilit\u00e9 dans la planification des \u00e9v\u00e9nements de Prem Rawat et vous donnera l&rsquo;occasion, en tant que b\u00e9n\u00e9vole, de rejoindre l&rsquo;\u00e9quipe des conf\u00e9rences et autres activit\u00e9s li\u00e9es aux \u00e9v\u00e9nements.<\/span><\/p>\n<p><\/p>\n<p><span style=\"font-weight: 400;\">Les postes suivants sont actuellement \u00e0 pourvoir :<\/span><\/p>\n<p>[\/et_pb_text][\/et_pb_column][\/et_pb_row][\/et_pb_section][et_pb_section fb_built=\u00a0\u00bb1&Prime; disabled_on=\u00a0\u00bboff|off|off\u00a0\u00bb _builder_version=\u00a0\u00bb4.27.5&Prime; _module_preset=\u00a0\u00bbdefault\u00a0\u00bb custom_padding=\u00a0\u00bb0px||0px||false|false\u00a0\u00bb global_colors_info=\u00a0\u00bb{}\u00a0\u00bb][et_pb_row _builder_version=\u00a0\u00bb4.27.4&Prime; _module_preset=\u00a0\u00bbdefault\u00a0\u00bb global_colors_info=\u00a0\u00bb{}\u00a0\u00bb][et_pb_column type=\u00a0\u00bb4_4&Prime; _builder_version=\u00a0\u00bb4.27.4&Prime; _module_preset=\u00a0\u00bbdefault\u00a0\u00bb global_colors_info=\u00a0\u00bb{}\u00a0\u00bb][et_pb_text _builder_version=\u00a0\u00bb4.27.5&Prime; _module_preset=\u00a0\u00bbdefault\u00a0\u00bb ul_line_height=\u00a0\u00bb2em\u00a0\u00bb header_3_font=\u00a0\u00bb||||||||\u00a0\u00bb header_3_text_color=\u00a0\u00bb#008B73&Prime; header_3_font_size=\u00a0\u00bb24px\u00a0\u00bb header_3_line_height=\u00a0\u00bb2em\u00a0\u00bb custom_padding=\u00a0\u00bb|||20px|false|false\u00a0\u00bb hover_enabled=\u00a0\u00bb0&Prime; global_colors_info=\u00a0\u00bb{}\u00a0\u00bb sticky_enabled=\u00a0\u00bb0&Prime;]<\/p>\n<ul>\n<li class=\"p2\">Responsable local Audio<\/li>\n<li class=\"p2\">Chauffeur-Coursier local<\/li>\n<li class=\"p2\">Assistant design (CAO) global<\/li>\n<li class=\"p2\">Responsable local des productions<\/li>\n<li class=\"p2\">Responsable r\u00e9gional des achats et des r\u00e9servations<\/li>\n<li class=\"p2\">Responsable local de l&rsquo;organisation<\/li>\n<li class=\"p2\">Assistant local \u00e0 l\u2019installation de la sc\u00e8ne<\/li>\n<li class=\"p2\">Assistant local \u00e0 l\u2018installation de la sc\u00e8ne et constructeur<\/li>\n<li class=\"p2\">Responsable local de l\u2019installation de la sc\u00e8ne<\/li>\n<li class=\"p2\">Responsable technique r\u00e9gional de la traduction<\/li>\n<li class=\"p2\">Responsable local vid\u00e9o<\/li>\n<li class=\"p2\">Responsable local \u00e9clairage et op\u00e9rateur<\/li>\n<li class=\"p2\">Coordinateur local d\u2019\u00e9v\u00e9nements<\/li>\n<li class=\"p2\">Responsable local de la billetterie et de l&rsquo;attribution des si\u00e8ges<\/li>\n<li class=\"p2\">Contact r\u00e9gional des productions<\/li>\n<li class=\"p2\">Aide local \u00e0 la billetterie et l\u2019attribution des places<\/li>\n<li class=\"p2\">Responsable r\u00e9gional des inscriptions<\/li>\n<li class=\"p2\">Coordinateur local de l\u2019accueil premiers rangs<\/li>\n<li class=\"p2\">Coordinateur local du hall<\/li>\n<li class=\"p2\">Assistants locaux du hall<\/li>\n<li class=\"p2\">Accueil local<\/li>\n<li class=\"p2\">Coordinateur local de l\u2019accueil<\/li>\n<li class=\"p2\">Assistant local aux Productions<\/li>\n<\/ul>\n<p>[\/et_pb_text][et_pb_text _builder_version=\u00a0\u00bb4.27.5&Prime; _module_preset=\u00a0\u00bbdefault\u00a0\u00bb custom_margin=\u00a0\u00bb||0px||false|false\u00a0\u00bb global_colors_info=\u00a0\u00bb{}\u00a0\u00bb]<\/p>\n<p><a href=\"https:\/\/gamma.app\/docs\/French-Volunteer-Portal-Guide-EVOL-tyfbl60hcya45vp?mode=present#card-o5sat7mojwenqpm\" target=\"_blank\" rel=\"noopener\">Guide du Portail des B\u00e9n\u00e9voles<\/a>. Pour en savoir plus, cliquer ici<\/span>: <strong><a href=\"https:\/\/www.wopg.org\/fr\/evol-est-desormais-en-ligne\/\" target=\"_blank\" rel=\"noopener\">EVOL<\/a><\/strong><\/p>\n<p>[\/et_pb_text][\/et_pb_column][\/et_pb_row][\/et_pb_section][et_pb_section fb_built=\u00a0\u00bb1&Prime; disabled_on=\u00a0\u00bbon|on|on\u00a0\u00bb _builder_version=\u00a0\u00bb4.27.5&Prime; _module_preset=\u00a0\u00bbdefault\u00a0\u00bb custom_padding=\u00a0\u00bb0px||0px||false|false\u00a0\u00bb disabled=\u00a0\u00bbon\u00a0\u00bb global_colors_info=\u00a0\u00bb{}\u00a0\u00bb][et_pb_row _builder_version=\u00a0\u00bb4.27.5&Prime; _module_preset=\u00a0\u00bbdefault\u00a0\u00bb global_colors_info=\u00a0\u00bb{}\u00a0\u00bb][et_pb_column type=\u00a0\u00bb4_4&Prime; _builder_version=\u00a0\u00bb4.27.5&Prime; _module_preset=\u00a0\u00bbdefault\u00a0\u00bb global_colors_info=\u00a0\u00bb{}\u00a0\u00bb][et_pb_text _builder_version=\u00a0\u00bb4.27.5&Prime; _module_preset=\u00a0\u00bbdefault\u00a0\u00bb global_colors_info=\u00a0\u00bb{}\u00a0\u00bb]<\/p>\n<p dir=\"ltr\"><span><span style=\"font-weight: 400;\">Cliquez sur le(s) titre(s) de poste qui vous int\u00e9resse(nt) pour consulter les exigences du poste, puis pr\u00e9parez votre CV en fonction du ou des postes qui correspondent le mieux \u00e0 vos int\u00e9r\u00eats, vos comp\u00e9tences et votre exp\u00e9rience.  Si vous souhaitez obtenir des informations suppl\u00e9mentaires sur les postes et le processus de candidature, rendez-vous sur<\/span>\u00a0<a href=\"https:\/\/www.wopg.org\/fr\/qfp-benevolat-pour-lequipe-des-evenements\/\" target=\"_blank\" rel=\"noopener\">www.wopg.org\/fr\/qfp-benevolat-pour-lequipe-des-evenements\/<\/a><\/span><\/p>\n<p><\/p>\n<p><span style=\"font-weight: 400;\">Notre prochain email sera envoy\u00e9 \u00e0 la mi-janvier, et nous posterons un lien pour postuler. Chaque candidature sera examin\u00e9e dans le cadre d&rsquo;un processus de s\u00e9lection rigoureux, et les b\u00e9n\u00e9voles pr\u00e9s\u00e9lectionn\u00e9s seront contact\u00e9s par l&rsquo;\u00e9quipe.<\/span><\/p>\n<p><\/p>\n<p><span><span style=\"font-weight: 400;\">Si vous n\u2019avez pas vu la vid\u00e9o \u00ab En coulisses : \u00e9volution de l\u2019\u00e9quipe des \u00e9v\u00e9nements \u00bb de Words of Peace qui pr\u00e9sente cette initiative,<\/span>\u00a0<\/span><a href=\"https:\/\/www.wopg.org\/fr\/en-coulisses-2026-evolution-de-lequipe-des-evenements\/\" target=\"_blank\" rel=\"noopener\">cliquez ici<\/a><span>.<\/span><\/p>\n<p><\/p>\n<p><span><span style=\"font-weight: 400;\">Les postes de b\u00e9n\u00e9voles sont publi\u00e9s r\u00e9guli\u00e8rement. Si cela vous int\u00e9resse, veuillez visiter r\u00e9guli\u00e8rement cette page <\/span>pour en savoir plus.<\/span><\/p>\n<p><\/p>\n<ul dir=\"ltr\"><\/ul>\n<p>[\/et_pb_text][\/et_pb_column][\/et_pb_row][\/et_pb_section][et_pb_section fb_built=\u00a0\u00bb1&Prime; disabled_on=\u00a0\u00bbon|on|on\u00a0\u00bb _builder_version=\u00a0\u00bb4.27.5&Prime; _module_preset=\u00a0\u00bbdefault\u00a0\u00bb custom_padding=\u00a0\u00bb0px||||false|false\u00a0\u00bb disabled=\u00a0\u00bbon\u00a0\u00bb global_colors_info=\u00a0\u00bb{}\u00a0\u00bb][et_pb_row _builder_version=\u00a0\u00bb4.27.4&Prime; _module_preset=\u00a0\u00bbdefault\u00a0\u00bb global_colors_info=\u00a0\u00bb{}\u00a0\u00bb][et_pb_column type=\u00a0\u00bb4_4&Prime; _builder_version=\u00a0\u00bb4.27.4&Prime; _module_preset=\u00a0\u00bbdefault\u00a0\u00bb global_colors_info=\u00a0\u00bb{}\u00a0\u00bb][et_pb_text _builder_version=\u00a0\u00bb4.27.5&Prime; _module_preset=\u00a0\u00bbdefault\u00a0\u00bb global_colors_info=\u00a0\u00bb{}\u00a0\u00bb]<\/p>\n<p><i><span style=\"font-weight: 400;\">Words of Peace est tr\u00e8s attach\u00e9 \u00e0 la protection de votre vie priv\u00e9e en ligne et a pris des mesures pour prot\u00e9ger les informations que vous partagez avec nous. Pour en savoir plus, cliquez ici : <\/span><\/i><a href=\"https:\/\/www.wopg.org\/fr\/politique-de-confidentialite\/\" target=\"_blank\" rel=\"noopener\"><i><span style=\"font-weight: 400;\">www.wopg.org\/fr\/politique-de-confidentialite\/<\/span><\/i> <\/a><\/p>\n<p>[\/et_pb_text][\/et_pb_column][\/et_pb_row][\/et_pb_section]<\/p>\n","protected":false},"excerpt":{"rendered":"<p>Opportunit\u00e9s de b\u00e9n\u00e9volat de l\u2019\u00e9quipe des \u00e9v\u00e9nements de Words of PeaceWords of Peace pr\u00e9sente une nouvelle approche visant \u00e0 r\u00e9gionaliser la structure de l&rsquo;\u00e9quipe charg\u00e9e de l&rsquo;organisation des \u00e9v\u00e9nements. Cela permettra une plus grande flexibilit\u00e9 dans la planification des \u00e9v\u00e9nements de Prem Rawat et vous donnera l&rsquo;occasion, en tant que b\u00e9n\u00e9vole, de rejoindre l&rsquo;\u00e9quipe des [&hellip;]<\/p>\n","protected":false},"author":3,"featured_media":0,"parent":0,"menu_order":0,"comment_status":"closed","ping_status":"closed","template":"","meta":{"_et_pb_use_builder":"on","_et_pb_old_content":"","_et_gb_content_width":"","cybocfi_hide_featured_image":"","footnotes":""},"folder":[],"class_list":["post-44790","page","type-page","status-publish","hentry"],"yoast_head":"<!-- This site is optimized with the Yoast SEO plugin v27.3 - https:\/\/yoast.com\/product\/yoast-seo-wordpress\/ -->\n<title>B\u00e9n\u00e9volat | Words of Peace<\/title>\n<meta name=\"robots\" content=\"index, follow, max-snippet:-1, max-image-preview:large, max-video-preview:-1\" \/>\n<link rel=\"canonical\" href=\"https:\/\/www.wopg.org\/fr\/benevolat\/\" \/>\n<meta property=\"og:locale\" content=\"fr_FR\" \/>\n<meta property=\"og:type\" content=\"article\" \/>\n<meta property=\"og:title\" content=\"B\u00e9n\u00e9volat | Words of Peace\" \/>\n<meta property=\"og:description\" content=\"Opportunit\u00e9s de b\u00e9n\u00e9volat de l\u2019\u00e9quipe des \u00e9v\u00e9nements de Words of PeaceWords of Peace pr\u00e9sente une nouvelle approche visant \u00e0 r\u00e9gionaliser la structure de l&#039;\u00e9quipe charg\u00e9e de l&#039;organisation des \u00e9v\u00e9nements. Cela permettra une plus grande flexibilit\u00e9 dans la planification des \u00e9v\u00e9nements de Prem Rawat et vous donnera l&#039;occasion, en tant que b\u00e9n\u00e9vole, de rejoindre l&#039;\u00e9quipe des [&hellip;]\" \/>\n<meta property=\"og:url\" content=\"https:\/\/www.wopg.org\/fr\/benevolat\/\" \/>\n<meta property=\"og:site_name\" content=\"Words of Peace\" \/>\n<meta property=\"article:publisher\" content=\"https:\/\/www.facebook.com\/wordsofpeaceglobal\" \/>\n<meta property=\"article:modified_time\" content=\"2026-04-04T16:19:15+00:00\" \/>\n<meta name=\"twitter:card\" content=\"summary_large_image\" \/>\n<meta name=\"twitter:site\" content=\"@wopg\" \/>\n<meta name=\"twitter:label1\" content=\"Dur\u00e9e de lecture estim\u00e9e\" \/>\n\t<meta name=\"twitter:data1\" content=\"5 minutes\" \/>\n<script type=\"application\/ld+json\" class=\"yoast-schema-graph\">{\"@context\":\"https:\\\/\\\/schema.org\",\"@graph\":[{\"@type\":\"WebPage\",\"@id\":\"https:\\\/\\\/www.wopg.org\\\/fr\\\/benevolat\\\/\",\"url\":\"https:\\\/\\\/www.wopg.org\\\/fr\\\/benevolat\\\/\",\"name\":\"B\u00e9n\u00e9volat | Words of Peace\",\"isPartOf\":{\"@id\":\"https:\\\/\\\/www.wopg.org\\\/fr\\\/#website\"},\"datePublished\":\"2025-11-17T17:58:02+00:00\",\"dateModified\":\"2026-04-04T16:19:15+00:00\",\"breadcrumb\":{\"@id\":\"https:\\\/\\\/www.wopg.org\\\/fr\\\/benevolat\\\/#breadcrumb\"},\"inLanguage\":\"fr-FR\",\"potentialAction\":[{\"@type\":\"ReadAction\",\"target\":[\"https:\\\/\\\/www.wopg.org\\\/fr\\\/benevolat\\\/\"]}]},{\"@type\":\"BreadcrumbList\",\"@id\":\"https:\\\/\\\/www.wopg.org\\\/fr\\\/benevolat\\\/#breadcrumb\",\"itemListElement\":[{\"@type\":\"ListItem\",\"position\":1,\"name\":\"Home\",\"item\":\"https:\\\/\\\/www.wopg.org\\\/fr\\\/\"},{\"@type\":\"ListItem\",\"position\":2,\"name\":\"B\u00e9n\u00e9volat\"}]},{\"@type\":\"WebSite\",\"@id\":\"https:\\\/\\\/www.wopg.org\\\/fr\\\/#website\",\"url\":\"https:\\\/\\\/www.wopg.org\\\/fr\\\/\",\"name\":\"Words of Peace\",\"description\":\"Practice Peace, Change Your World\",\"publisher\":{\"@id\":\"https:\\\/\\\/www.wopg.org\\\/fr\\\/#organization\"},\"potentialAction\":[{\"@type\":\"SearchAction\",\"target\":{\"@type\":\"EntryPoint\",\"urlTemplate\":\"https:\\\/\\\/www.wopg.org\\\/fr\\\/?s={search_term_string}\"},\"query-input\":{\"@type\":\"PropertyValueSpecification\",\"valueRequired\":true,\"valueName\":\"search_term_string\"}}],\"inLanguage\":\"fr-FR\"},{\"@type\":\"Organization\",\"@id\":\"https:\\\/\\\/www.wopg.org\\\/fr\\\/#organization\",\"name\":\"Words of Peace\",\"url\":\"https:\\\/\\\/www.wopg.org\\\/fr\\\/\",\"logo\":{\"@type\":\"ImageObject\",\"inLanguage\":\"fr-FR\",\"@id\":\"https:\\\/\\\/www.wopg.org\\\/fr\\\/#\\\/schema\\\/logo\\\/image\\\/\",\"url\":\"https:\\\/\\\/wopg.org\\\/wp-content\\\/uploads\\\/2022\\\/02\\\/Words-of-Peace-logo-website61x252.png\",\"contentUrl\":\"https:\\\/\\\/wopg.org\\\/wp-content\\\/uploads\\\/2022\\\/02\\\/Words-of-Peace-logo-website61x252.png\",\"width\":252,\"height\":61,\"caption\":\"Words of Peace\"},\"image\":{\"@id\":\"https:\\\/\\\/www.wopg.org\\\/fr\\\/#\\\/schema\\\/logo\\\/image\\\/\"},\"sameAs\":[\"https:\\\/\\\/www.facebook.com\\\/wordsofpeaceglobal\",\"https:\\\/\\\/x.com\\\/wopg\",\"https:\\\/\\\/www.instagram.com\\\/wopgofficial\\\/\"]}]}<\/script>\n<!-- \/ Yoast SEO plugin. -->","yoast_head_json":{"title":"B\u00e9n\u00e9volat | Words of Peace","robots":{"index":"index","follow":"follow","max-snippet":"max-snippet:-1","max-image-preview":"max-image-preview:large","max-video-preview":"max-video-preview:-1"},"canonical":"https:\/\/www.wopg.org\/fr\/benevolat\/","og_locale":"fr_FR","og_type":"article","og_title":"B\u00e9n\u00e9volat | Words of Peace","og_description":"Opportunit\u00e9s de b\u00e9n\u00e9volat de l\u2019\u00e9quipe des \u00e9v\u00e9nements de Words of PeaceWords of Peace pr\u00e9sente une nouvelle approche visant \u00e0 r\u00e9gionaliser la structure de l'\u00e9quipe charg\u00e9e de l'organisation des \u00e9v\u00e9nements. Cela permettra une plus grande flexibilit\u00e9 dans la planification des \u00e9v\u00e9nements de Prem Rawat et vous donnera l'occasion, en tant que b\u00e9n\u00e9vole, de rejoindre l'\u00e9quipe des [&hellip;]","og_url":"https:\/\/www.wopg.org\/fr\/benevolat\/","og_site_name":"Words of Peace","article_publisher":"https:\/\/www.facebook.com\/wordsofpeaceglobal","article_modified_time":"2026-04-04T16:19:15+00:00","twitter_card":"summary_large_image","twitter_site":"@wopg","twitter_misc":{"Dur\u00e9e de lecture estim\u00e9e":"5 minutes"},"schema":{"@context":"https:\/\/schema.org","@graph":[{"@type":"WebPage","@id":"https:\/\/www.wopg.org\/fr\/benevolat\/","url":"https:\/\/www.wopg.org\/fr\/benevolat\/","name":"B\u00e9n\u00e9volat | Words of Peace","isPartOf":{"@id":"https:\/\/www.wopg.org\/fr\/#website"},"datePublished":"2025-11-17T17:58:02+00:00","dateModified":"2026-04-04T16:19:15+00:00","breadcrumb":{"@id":"https:\/\/www.wopg.org\/fr\/benevolat\/#breadcrumb"},"inLanguage":"fr-FR","potentialAction":[{"@type":"ReadAction","target":["https:\/\/www.wopg.org\/fr\/benevolat\/"]}]},{"@type":"BreadcrumbList","@id":"https:\/\/www.wopg.org\/fr\/benevolat\/#breadcrumb","itemListElement":[{"@type":"ListItem","position":1,"name":"Home","item":"https:\/\/www.wopg.org\/fr\/"},{"@type":"ListItem","position":2,"name":"B\u00e9n\u00e9volat"}]},{"@type":"WebSite","@id":"https:\/\/www.wopg.org\/fr\/#website","url":"https:\/\/www.wopg.org\/fr\/","name":"Words of Peace","description":"Practice Peace, Change Your World","publisher":{"@id":"https:\/\/www.wopg.org\/fr\/#organization"},"potentialAction":[{"@type":"SearchAction","target":{"@type":"EntryPoint","urlTemplate":"https:\/\/www.wopg.org\/fr\/?s={search_term_string}"},"query-input":{"@type":"PropertyValueSpecification","valueRequired":true,"valueName":"search_term_string"}}],"inLanguage":"fr-FR"},{"@type":"Organization","@id":"https:\/\/www.wopg.org\/fr\/#organization","name":"Words of Peace","url":"https:\/\/www.wopg.org\/fr\/","logo":{"@type":"ImageObject","inLanguage":"fr-FR","@id":"https:\/\/www.wopg.org\/fr\/#\/schema\/logo\/image\/","url":"https:\/\/wopg.org\/wp-content\/uploads\/2022\/02\/Words-of-Peace-logo-website61x252.png","contentUrl":"https:\/\/wopg.org\/wp-content\/uploads\/2022\/02\/Words-of-Peace-logo-website61x252.png","width":252,"height":61,"caption":"Words of Peace"},"image":{"@id":"https:\/\/www.wopg.org\/fr\/#\/schema\/logo\/image\/"},"sameAs":["https:\/\/www.facebook.com\/wordsofpeaceglobal","https:\/\/x.com\/wopg","https:\/\/www.instagram.com\/wopgofficial\/"]}]}},"_links":{"self":[{"href":"https:\/\/www.wopg.org\/fr\/wp-json\/wp\/v2\/pages\/44790","targetHints":{"allow":["GET"]}}],"collection":[{"href":"https:\/\/www.wopg.org\/fr\/wp-json\/wp\/v2\/pages"}],"about":[{"href":"https:\/\/www.wopg.org\/fr\/wp-json\/wp\/v2\/types\/page"}],"author":[{"embeddable":true,"href":"https:\/\/www.wopg.org\/fr\/wp-json\/wp\/v2\/users\/3"}],"replies":[{"embeddable":true,"href":"https:\/\/www.wopg.org\/fr\/wp-json\/wp\/v2\/comments?post=44790"}],"version-history":[{"count":44,"href":"https:\/\/www.wopg.org\/fr\/wp-json\/wp\/v2\/pages\/44790\/revisions"}],"predecessor-version":[{"id":48133,"href":"https:\/\/www.wopg.org\/fr\/wp-json\/wp\/v2\/pages\/44790\/revisions\/48133"}],"wp:attachment":[{"href":"https:\/\/www.wopg.org\/fr\/wp-json\/wp\/v2\/media?parent=44790"}],"wp:term":[{"taxonomy":"folder","embeddable":true,"href":"https:\/\/www.wopg.org\/fr\/wp-json\/wp\/v2\/folder?post=44790"}],"curies":[{"name":"wp","href":"https:\/\/api.w.org\/{rel}","templated":true}]}}