{"id":45023,"date":"2025-12-05T18:31:08","date_gmt":"2025-12-05T18:31:08","guid":{"rendered":"https:\/\/www.wopg.org\/qfp-benevolat-pour-lequipe-des-evenements\/"},"modified":"2026-01-05T20:46:09","modified_gmt":"2026-01-05T20:46:09","slug":"qfp-benevolat-pour-lequipe-des-evenements","status":"publish","type":"page","link":"https:\/\/www.wopg.org\/fr\/qfp-benevolat-pour-lequipe-des-evenements\/","title":{"rendered":"QFP \u2013 B\u00e9n\u00e9volat pour l\u2019\u00e9quipe des \u00e9v\u00e9nements"},"content":{"rendered":"<p>[et_pb_section fb_built=\u00a0\u00bb1&Prime; disabled_on=\u00a0\u00bboff|off|off\u00a0\u00bb _builder_version=\u00a0\u00bb4.27.4&Prime; _module_preset=\u00a0\u00bbdefault\u00a0\u00bb custom_padding=\u00a0\u00bb0px||||false|false\u00a0\u00bb locked=\u00a0\u00bboff\u00a0\u00bb global_colors_info=\u00a0\u00bb{}\u00a0\u00bb][et_pb_row _builder_version=\u00a0\u00bb4.16&Prime; background_size=\u00a0\u00bbinitial\u00a0\u00bb background_position=\u00a0\u00bbtop_left\u00a0\u00bb background_repeat=\u00a0\u00bbrepeat\u00a0\u00bb locked=\u00a0\u00bboff\u00a0\u00bb global_colors_info=\u00a0\u00bb{}\u00a0\u00bb][et_pb_column type=\u00a0\u00bb4_4&Prime; _builder_version=\u00a0\u00bb4.16&Prime; custom_padding=\u00a0\u00bb|||\u00a0\u00bb global_colors_info=\u00a0\u00bb{}\u00a0\u00bb custom_padding__hover=\u00a0\u00bb|||\u00a0\u00bb][et_pb_text admin_label=\u00a0\u00bbKNOWLEDGE\u00a0\u00bb _builder_version=\u00a0\u00bb4.27.4&Prime; header_text_color=\u00a0\u00bb#4D4D4D\u00a0\u00bb header_line_height=\u00a0\u00bb1.5em\u00a0\u00bb header_4_text_color=\u00a0\u00bb#4D4D4D\u00a0\u00bb header_4_font_size=\u00a0\u00bb30px\u00a0\u00bb background_size=\u00a0\u00bbinitial\u00a0\u00bb background_position=\u00a0\u00bbtop_left\u00a0\u00bb background_repeat=\u00a0\u00bbrepeat\u00a0\u00bb text_orientation=\u00a0\u00bbcenter\u00a0\u00bb module_alignment=\u00a0\u00bbcenter\u00a0\u00bb use_border_color=\u00a0\u00bboff\u00a0\u00bb border_color=\u00a0\u00bb#ffffff\u00a0\u00bb border_style=\u00a0\u00bbsolid\u00a0\u00bb global_colors_info=\u00a0\u00bb{}\u00a0\u00bb]<\/p>\n<h1 style=\"text-align: left;\">Questions fr\u00e9quemment pos\u00e9es sur le b\u00e9n\u00e9volat pour l\u2019\u00e9quipe des \u00e9v\u00e9nements<\/h1>\n<p>[\/et_pb_text][et_pb_accordion open_toggle_text_color=\u00a0\u00bb#4D4D4D\u00a0\u00bb closed_toggle_text_color=\u00a0\u00bb#4D4D4D\u00a0\u00bb use_icon_font_size=\u00a0\u00bbon\u00a0\u00bb icon_font_size=\u00a0\u00bb24px\u00a0\u00bb _builder_version=\u00a0\u00bb4.27.5&Prime; hover_enabled=\u00a0\u00bb0&Prime; use_border_color=\u00a0\u00bboff\u00a0\u00bb border_color=\u00a0\u00bb#ffffff\u00a0\u00bb border_style=\u00a0\u00bbsolid\u00a0\u00bb global_colors_info=\u00a0\u00bb{}\u00a0\u00bb sticky_enabled=\u00a0\u00bb0&Prime;][et_pb_accordion_item title=\u00a0\u00bbPuis-je candidater \u00e0 plusieurs postes ?\u00a0\u00bb open=\u00a0\u00bbon\u00a0\u00bb _builder_version=\u00a0\u00bb4.27.4&Prime; global_colors_info=\u00a0\u00bb{}\u00a0\u00bb]<\/p>\n<p><span style=\"font-weight: 400;\">Oui, vous pouvez candidater \u00e0 plusieurs postes si vous estimez que vos comp\u00e9tences et votre disponibilit\u00e9 correspondent aux exigences. Au cours du processus de s\u00e9lection, notre \u00e9quipe identifiera la personne la mieux adapt\u00e9e en fonction de son exp\u00e9rience, de ses int\u00e9r\u00eats et des besoins de l&rsquo;\u00e9v\u00e9nement.<\/span><\/p>\n<p>[\/et_pb_accordion_item][et_pb_accordion_item title=\u00a0\u00bbQue se passe-t-il apr\u00e8s ma candidature ?\u00a0\u00bb _builder_version=\u00a0\u00bb4.27.5&Prime; global_colors_info=\u00a0\u00bb{}\u00a0\u00bb open=\u00a0\u00bboff\u00a0\u00bb]<\/p>\n<p><span style=\"font-weight: 400;\">Votre candidature sera examin\u00e9e par l&rsquo;\u00c9quipe des Ressources Humaines de WOPG. Si votre profil correspond aux exigences du poste, vous serez peut-\u00eatre invit\u00e9 \u00e0 participer \u00e0 un bref entretien ou \u00e0 une conversation t\u00e9l\u00e9phonique. La s\u00e9lection finale se fera en fonction des comp\u00e9tences, de l&rsquo;exp\u00e9rience, de la disponibilit\u00e9 et des besoins li\u00e9s \u00e0 l&rsquo;\u00e9v\u00e9nement.<\/span><\/p>\n<p>[\/et_pb_accordion_item][et_pb_accordion_item title=\u00a0\u00bbDes s\u00e9ances de formation ou d&apos;orientation sont-elles propos\u00e9es ?\u00a0\u00bb _builder_version=\u00a0\u00bb4.27.5&Prime; _module_preset=\u00a0\u00bbdefault\u00a0\u00bb global_colors_info=\u00a0\u00bb{}\u00a0\u00bb open=\u00a0\u00bboff\u00a0\u00bb]<\/p>\n<p><span style=\"font-weight: 400;\">Oui, les b\u00e9n\u00e9voles s\u00e9lectionn\u00e9s seront invit\u00e9s \u00e0 participer \u00e0 des s\u00e9ances d&rsquo;orientation avant les \u00e9v\u00e9nements auxquels ils seront affect\u00e9s. Ces s\u00e9ances permettent de garantir la clart\u00e9, la pr\u00e9paration et la conformit\u00e9 aux normes de qualit\u00e9 de WOPG.<\/span><\/p>\n<p>[\/et_pb_accordion_item][et_pb_accordion_item title=\u00a0\u00bbPeut-on faire du b\u00e9n\u00e9volat dans plusieurs villes ou r\u00e9gions ?\u00a0\u00bb _builder_version=\u00a0\u00bb4.27.5&Prime; _module_preset=\u00a0\u00bbdefault\u00a0\u00bb global_colors_info=\u00a0\u00bb{}\u00a0\u00bb open=\u00a0\u00bboff\u00a0\u00bb]<\/p>\n<p><span style=\"font-weight: 400;\">Oui, en fonction du calendrier des \u00e9v\u00e9nements et de votre disponibilit\u00e9. Certains r\u00f4les peuvent \u00eatre sp\u00e9cifiques \u00e0 un lieu, tandis que d&rsquo;autres peuvent permettre une participation dans plusieurs r\u00e9gions. Les d\u00e9tails seront discut\u00e9s au cours du processus de s\u00e9lection.<\/span><\/p>\n<p>[\/et_pb_accordion_item][et_pb_accordion_item title=\u00a0\u00bbComment les b\u00e9n\u00e9voles sont-ils s\u00e9lectionn\u00e9s ?\u00a0\u00bb _builder_version=\u00a0\u00bb4.27.5&Prime; _module_preset=\u00a0\u00bbdefault\u00a0\u00bb global_colors_info=\u00a0\u00bb{}\u00a0\u00bb open=\u00a0\u00bboff\u00a0\u00bb]<\/p>\n<p><span style=\"font-weight: 400;\">Les b\u00e9n\u00e9voles sont s\u00e9lectionn\u00e9s en fonction de leur aptitude \u00e0 remplir leur r\u00f4le, de leur exp\u00e9rience, de leurs comp\u00e9tences, de leur engagement et de leur adh\u00e9sion aux valeurs de WOPG. Certains r\u00f4les n\u00e9cessitant une expertise technique peuvent faire l&rsquo;objet d&rsquo;un examen suppl\u00e9mentaire ou d&rsquo;une v\u00e9rification des comp\u00e9tences.<\/span><\/p>\n<p>[\/et_pb_accordion_item][et_pb_accordion_item title=\u00a0\u00bbQuand les b\u00e9n\u00e9voles s\u00e9lectionn\u00e9s seront-ils inform\u00e9s ?\u00a0\u00bb _builder_version=\u00a0\u00bb4.27.5&Prime; _module_preset=\u00a0\u00bbdefault\u00a0\u00bb global_colors_info=\u00a0\u00bb{}\u00a0\u00bb open=\u00a0\u00bboff\u00a0\u00bb]<\/p>\n<p><span style=\"font-weight: 400;\">Vous serez inform\u00e9 d\u00e8s que le processus de s\u00e9lection pour le poste auquel vous avez postul\u00e9 sera termin\u00e9. Les d\u00e9lais peuvent varier en fonction du calendrier des \u00e9v\u00e9nements et de la coordination des \u00e9quipes, mais nous nous effor\u00e7ons de communiquer les r\u00e9sultats dans les meilleurs d\u00e9lais.<\/span><\/p>\n<p>[\/et_pb_accordion_item][et_pb_accordion_item title=\u00a0\u00bbLes b\u00e9n\u00e9voles doivent-ils signer un accord ?\u00a0\u00bb _builder_version=\u00a0\u00bb4.27.5&Prime; _module_preset=\u00a0\u00bbdefault\u00a0\u00bb global_colors_info=\u00a0\u00bb{}\u00a0\u00bb open=\u00a0\u00bboff\u00a0\u00bb]<\/p>\n<p><span style=\"font-weight: 400;\">Oui. Afin de garantir la clart\u00e9 des attentes, la confidentialit\u00e9 et le professionnalisme, les b\u00e9n\u00e9voles s\u00e9lectionn\u00e9s devront signer un accord de b\u00e9n\u00e9volat ou des directives sp\u00e9cifiques \u00e0 leur r\u00f4le avant de commencer leur mission.<\/span><\/p>\n<p>[\/et_pb_accordion_item][et_pb_accordion_item title=\u00a0\u00bbQui puis-je contacter pour toute question relative \u00e0 la confidentialit\u00e9 des donn\u00e9es ?\u00a0\u00bb _builder_version=\u00a0\u00bb4.27.5&Prime; _module_preset=\u00a0\u00bbdefault\u00a0\u00bb global_colors_info=\u00a0\u00bb{}\u00a0\u00bb open=\u00a0\u00bboff\u00a0\u00bb]<\/p>\n<p><span style=\"font-weight: 400;\">Vous pouvez contacter le responsable de la protection des donn\u00e9es de WOPG ou envoyer un e-mail \u00e0 <\/span><a href=\"mailto:privacy@wopg.org\"><b>privacy@wopg.org<\/b><\/a><span style=\"font-weight: 400;\"> pour toute question relative \u00e0 la mani\u00e8re dont vos informations personnelles sont collect\u00e9es, stock\u00e9es ou utilis\u00e9es. Pour en savoir plus : <a href=\"https:\/\/www.wopg.org\/fr\/politique-de-confidentialite\/\" target=\"_blank\" rel=\"noopener\">www.wopg.org\/politique-de-confidentialite<\/a>.<\/span><\/p>\n<p>[\/et_pb_accordion_item][\/et_pb_accordion][\/et_pb_column][\/et_pb_row][\/et_pb_section]<\/p>\n","protected":false},"excerpt":{"rendered":"<p>Questions fr\u00e9quemment pos\u00e9es sur le b\u00e9n\u00e9volat pour l\u2019\u00e9quipe des \u00e9v\u00e9nementsOui, vous pouvez candidater \u00e0 plusieurs postes si vous estimez que vos comp\u00e9tences et votre disponibilit\u00e9 correspondent aux exigences. Au cours du processus de s\u00e9lection, notre \u00e9quipe identifiera la personne la mieux adapt\u00e9e en fonction de son exp\u00e9rience, de ses int\u00e9r\u00eats et des besoins de l&rsquo;\u00e9v\u00e9nement.Votre [&hellip;]<\/p>\n","protected":false},"author":3,"featured_media":0,"parent":0,"menu_order":0,"comment_status":"closed","ping_status":"closed","template":"","meta":{"_et_pb_use_builder":"on","_et_pb_old_content":"","_et_gb_content_width":"","footnotes":""},"folder":[],"class_list":["post-45023","page","type-page","status-publish","hentry"],"yoast_head":"<!-- This site is optimized with the Yoast SEO plugin v27.3 - https:\/\/yoast.com\/product\/yoast-seo-wordpress\/ -->\n<title>QFP \u2013 B\u00e9n\u00e9volat pour l\u2019\u00e9quipe des \u00e9v\u00e9nements | Words of Peace<\/title>\n<meta name=\"robots\" content=\"index, follow, max-snippet:-1, max-image-preview:large, max-video-preview:-1\" \/>\n<link rel=\"canonical\" href=\"https:\/\/www.wopg.org\/fr\/qfp-benevolat-pour-lequipe-des-evenements\/\" \/>\n<meta property=\"og:locale\" content=\"fr_FR\" \/>\n<meta property=\"og:type\" content=\"article\" \/>\n<meta property=\"og:title\" content=\"QFP \u2013 B\u00e9n\u00e9volat pour l\u2019\u00e9quipe des \u00e9v\u00e9nements | Words of Peace\" \/>\n<meta property=\"og:description\" content=\"Questions fr\u00e9quemment pos\u00e9es sur le b\u00e9n\u00e9volat pour l\u2019\u00e9quipe des \u00e9v\u00e9nementsOui, vous pouvez candidater \u00e0 plusieurs postes si vous estimez que vos comp\u00e9tences et votre disponibilit\u00e9 correspondent aux exigences. Au cours du processus de s\u00e9lection, notre \u00e9quipe identifiera la personne la mieux adapt\u00e9e en fonction de son exp\u00e9rience, de ses int\u00e9r\u00eats et des besoins de l&#039;\u00e9v\u00e9nement.Votre [&hellip;]\" \/>\n<meta property=\"og:url\" content=\"https:\/\/www.wopg.org\/fr\/qfp-benevolat-pour-lequipe-des-evenements\/\" \/>\n<meta property=\"og:site_name\" content=\"Words of Peace\" \/>\n<meta property=\"article:publisher\" content=\"https:\/\/www.facebook.com\/wordsofpeaceglobal\" \/>\n<meta property=\"article:modified_time\" content=\"2026-01-05T20:46:09+00:00\" \/>\n<meta name=\"twitter:card\" content=\"summary_large_image\" \/>\n<meta name=\"twitter:site\" content=\"@wopg\" \/>\n<meta name=\"twitter:label1\" content=\"Dur\u00e9e de lecture estim\u00e9e\" \/>\n\t<meta name=\"twitter:data1\" content=\"4 minutes\" \/>\n<script type=\"application\/ld+json\" class=\"yoast-schema-graph\">{\"@context\":\"https:\\\/\\\/schema.org\",\"@graph\":[{\"@type\":\"WebPage\",\"@id\":\"https:\\\/\\\/www.wopg.org\\\/fr\\\/qfp-benevolat-pour-lequipe-des-evenements\\\/\",\"url\":\"https:\\\/\\\/www.wopg.org\\\/fr\\\/qfp-benevolat-pour-lequipe-des-evenements\\\/\",\"name\":\"QFP \u2013 B\u00e9n\u00e9volat pour l\u2019\u00e9quipe des \u00e9v\u00e9nements | Words of Peace\",\"isPartOf\":{\"@id\":\"https:\\\/\\\/www.wopg.org\\\/fr\\\/#website\"},\"datePublished\":\"2025-12-05T18:31:08+00:00\",\"dateModified\":\"2026-01-05T20:46:09+00:00\",\"breadcrumb\":{\"@id\":\"https:\\\/\\\/www.wopg.org\\\/fr\\\/qfp-benevolat-pour-lequipe-des-evenements\\\/#breadcrumb\"},\"inLanguage\":\"fr-FR\",\"potentialAction\":[{\"@type\":\"ReadAction\",\"target\":[\"https:\\\/\\\/www.wopg.org\\\/fr\\\/qfp-benevolat-pour-lequipe-des-evenements\\\/\"]}]},{\"@type\":\"BreadcrumbList\",\"@id\":\"https:\\\/\\\/www.wopg.org\\\/fr\\\/qfp-benevolat-pour-lequipe-des-evenements\\\/#breadcrumb\",\"itemListElement\":[{\"@type\":\"ListItem\",\"position\":1,\"name\":\"Home\",\"item\":\"https:\\\/\\\/www.wopg.org\\\/fr\\\/\"},{\"@type\":\"ListItem\",\"position\":2,\"name\":\"QFP \u2013 B\u00e9n\u00e9volat pour l\u2019\u00e9quipe des \u00e9v\u00e9nements\"}]},{\"@type\":\"WebSite\",\"@id\":\"https:\\\/\\\/www.wopg.org\\\/fr\\\/#website\",\"url\":\"https:\\\/\\\/www.wopg.org\\\/fr\\\/\",\"name\":\"Words of Peace\",\"description\":\"Practice Peace, Change Your World\",\"publisher\":{\"@id\":\"https:\\\/\\\/www.wopg.org\\\/fr\\\/#organization\"},\"potentialAction\":[{\"@type\":\"SearchAction\",\"target\":{\"@type\":\"EntryPoint\",\"urlTemplate\":\"https:\\\/\\\/www.wopg.org\\\/fr\\\/?s={search_term_string}\"},\"query-input\":{\"@type\":\"PropertyValueSpecification\",\"valueRequired\":true,\"valueName\":\"search_term_string\"}}],\"inLanguage\":\"fr-FR\"},{\"@type\":\"Organization\",\"@id\":\"https:\\\/\\\/www.wopg.org\\\/fr\\\/#organization\",\"name\":\"Words of Peace\",\"url\":\"https:\\\/\\\/www.wopg.org\\\/fr\\\/\",\"logo\":{\"@type\":\"ImageObject\",\"inLanguage\":\"fr-FR\",\"@id\":\"https:\\\/\\\/www.wopg.org\\\/fr\\\/#\\\/schema\\\/logo\\\/image\\\/\",\"url\":\"https:\\\/\\\/wopg.org\\\/wp-content\\\/uploads\\\/2022\\\/02\\\/Words-of-Peace-logo-website61x252.png\",\"contentUrl\":\"https:\\\/\\\/wopg.org\\\/wp-content\\\/uploads\\\/2022\\\/02\\\/Words-of-Peace-logo-website61x252.png\",\"width\":252,\"height\":61,\"caption\":\"Words of Peace\"},\"image\":{\"@id\":\"https:\\\/\\\/www.wopg.org\\\/fr\\\/#\\\/schema\\\/logo\\\/image\\\/\"},\"sameAs\":[\"https:\\\/\\\/www.facebook.com\\\/wordsofpeaceglobal\",\"https:\\\/\\\/x.com\\\/wopg\",\"https:\\\/\\\/www.instagram.com\\\/wopgofficial\\\/\"]}]}<\/script>\n<!-- \/ Yoast SEO plugin. -->","yoast_head_json":{"title":"QFP \u2013 B\u00e9n\u00e9volat pour l\u2019\u00e9quipe des \u00e9v\u00e9nements | Words of Peace","robots":{"index":"index","follow":"follow","max-snippet":"max-snippet:-1","max-image-preview":"max-image-preview:large","max-video-preview":"max-video-preview:-1"},"canonical":"https:\/\/www.wopg.org\/fr\/qfp-benevolat-pour-lequipe-des-evenements\/","og_locale":"fr_FR","og_type":"article","og_title":"QFP \u2013 B\u00e9n\u00e9volat pour l\u2019\u00e9quipe des \u00e9v\u00e9nements | Words of Peace","og_description":"Questions fr\u00e9quemment pos\u00e9es sur le b\u00e9n\u00e9volat pour l\u2019\u00e9quipe des \u00e9v\u00e9nementsOui, vous pouvez candidater \u00e0 plusieurs postes si vous estimez que vos comp\u00e9tences et votre disponibilit\u00e9 correspondent aux exigences. Au cours du processus de s\u00e9lection, notre \u00e9quipe identifiera la personne la mieux adapt\u00e9e en fonction de son exp\u00e9rience, de ses int\u00e9r\u00eats et des besoins de l'\u00e9v\u00e9nement.Votre [&hellip;]","og_url":"https:\/\/www.wopg.org\/fr\/qfp-benevolat-pour-lequipe-des-evenements\/","og_site_name":"Words of Peace","article_publisher":"https:\/\/www.facebook.com\/wordsofpeaceglobal","article_modified_time":"2026-01-05T20:46:09+00:00","twitter_card":"summary_large_image","twitter_site":"@wopg","twitter_misc":{"Dur\u00e9e de lecture estim\u00e9e":"4 minutes"},"schema":{"@context":"https:\/\/schema.org","@graph":[{"@type":"WebPage","@id":"https:\/\/www.wopg.org\/fr\/qfp-benevolat-pour-lequipe-des-evenements\/","url":"https:\/\/www.wopg.org\/fr\/qfp-benevolat-pour-lequipe-des-evenements\/","name":"QFP \u2013 B\u00e9n\u00e9volat pour l\u2019\u00e9quipe des \u00e9v\u00e9nements | Words of Peace","isPartOf":{"@id":"https:\/\/www.wopg.org\/fr\/#website"},"datePublished":"2025-12-05T18:31:08+00:00","dateModified":"2026-01-05T20:46:09+00:00","breadcrumb":{"@id":"https:\/\/www.wopg.org\/fr\/qfp-benevolat-pour-lequipe-des-evenements\/#breadcrumb"},"inLanguage":"fr-FR","potentialAction":[{"@type":"ReadAction","target":["https:\/\/www.wopg.org\/fr\/qfp-benevolat-pour-lequipe-des-evenements\/"]}]},{"@type":"BreadcrumbList","@id":"https:\/\/www.wopg.org\/fr\/qfp-benevolat-pour-lequipe-des-evenements\/#breadcrumb","itemListElement":[{"@type":"ListItem","position":1,"name":"Home","item":"https:\/\/www.wopg.org\/fr\/"},{"@type":"ListItem","position":2,"name":"QFP \u2013 B\u00e9n\u00e9volat pour l\u2019\u00e9quipe des \u00e9v\u00e9nements"}]},{"@type":"WebSite","@id":"https:\/\/www.wopg.org\/fr\/#website","url":"https:\/\/www.wopg.org\/fr\/","name":"Words of Peace","description":"Practice Peace, Change Your World","publisher":{"@id":"https:\/\/www.wopg.org\/fr\/#organization"},"potentialAction":[{"@type":"SearchAction","target":{"@type":"EntryPoint","urlTemplate":"https:\/\/www.wopg.org\/fr\/?s={search_term_string}"},"query-input":{"@type":"PropertyValueSpecification","valueRequired":true,"valueName":"search_term_string"}}],"inLanguage":"fr-FR"},{"@type":"Organization","@id":"https:\/\/www.wopg.org\/fr\/#organization","name":"Words of Peace","url":"https:\/\/www.wopg.org\/fr\/","logo":{"@type":"ImageObject","inLanguage":"fr-FR","@id":"https:\/\/www.wopg.org\/fr\/#\/schema\/logo\/image\/","url":"https:\/\/wopg.org\/wp-content\/uploads\/2022\/02\/Words-of-Peace-logo-website61x252.png","contentUrl":"https:\/\/wopg.org\/wp-content\/uploads\/2022\/02\/Words-of-Peace-logo-website61x252.png","width":252,"height":61,"caption":"Words of Peace"},"image":{"@id":"https:\/\/www.wopg.org\/fr\/#\/schema\/logo\/image\/"},"sameAs":["https:\/\/www.facebook.com\/wordsofpeaceglobal","https:\/\/x.com\/wopg","https:\/\/www.instagram.com\/wopgofficial\/"]}]}},"_links":{"self":[{"href":"https:\/\/www.wopg.org\/fr\/wp-json\/wp\/v2\/pages\/45023","targetHints":{"allow":["GET"]}}],"collection":[{"href":"https:\/\/www.wopg.org\/fr\/wp-json\/wp\/v2\/pages"}],"about":[{"href":"https:\/\/www.wopg.org\/fr\/wp-json\/wp\/v2\/types\/page"}],"author":[{"embeddable":true,"href":"https:\/\/www.wopg.org\/fr\/wp-json\/wp\/v2\/users\/3"}],"replies":[{"embeddable":true,"href":"https:\/\/www.wopg.org\/fr\/wp-json\/wp\/v2\/comments?post=45023"}],"version-history":[{"count":12,"href":"https:\/\/www.wopg.org\/fr\/wp-json\/wp\/v2\/pages\/45023\/revisions"}],"predecessor-version":[{"id":45860,"href":"https:\/\/www.wopg.org\/fr\/wp-json\/wp\/v2\/pages\/45023\/revisions\/45860"}],"wp:attachment":[{"href":"https:\/\/www.wopg.org\/fr\/wp-json\/wp\/v2\/media?parent=45023"}],"wp:term":[{"taxonomy":"folder","embeddable":true,"href":"https:\/\/www.wopg.org\/fr\/wp-json\/wp\/v2\/folder?post=45023"}],"curies":[{"name":"wp","href":"https:\/\/api.w.org\/{rel}","templated":true}]}}