{"id":5113,"date":"2022-03-29T14:41:43","date_gmt":"2022-03-29T14:41:43","guid":{"rendered":"https:\/\/test1.wopg.org\/autres-moyens-de-faire-un-don\/"},"modified":"2024-10-05T08:59:59","modified_gmt":"2024-10-05T08:59:59","slug":"autres-moyens-de-faire-un-don","status":"publish","type":"page","link":"https:\/\/www.wopg.org\/fr\/autres-moyens-de-faire-un-don\/","title":{"rendered":"Autres moyens de faire un don"},"content":{"rendered":"<p>[et_pb_section fb_built=\u00a0\u00bb1&Prime; _builder_version=\u00a0\u00bb4.16&Prime; _module_preset=\u00a0\u00bbdefault\u00a0\u00bb custom_padding=\u00a0\u00bb||0px||false|false\u00a0\u00bb global_colors_info=\u00a0\u00bb{}\u00a0\u00bb][et_pb_row _builder_version=\u00a0\u00bb4.16&Prime; _module_preset=\u00a0\u00bbdefault\u00a0\u00bb global_colors_info=\u00a0\u00bb{}\u00a0\u00bb][et_pb_column type=\u00a0\u00bb4_4&Prime; _builder_version=\u00a0\u00bb4.16&Prime; _module_preset=\u00a0\u00bbdefault\u00a0\u00bb global_colors_info=\u00a0\u00bb{}\u00a0\u00bb][et_pb_text _builder_version=\u00a0\u00bb4.16&Prime; _module_preset=\u00a0\u00bbdefault\u00a0\u00bb header_font=\u00a0\u00bb|||on|||||\u00a0\u00bb header_text_align=\u00a0\u00bbcenter\u00a0\u00bb hover_enabled=\u00a0\u00bb0&Prime; global_colors_info=\u00a0\u00bb{}\u00a0\u00bb sticky_enabled=\u00a0\u00bb0&Prime;]<\/p>\n<h1>Autres moyens de faire un don<\/h1>\n<p>[\/et_pb_text][\/et_pb_column][\/et_pb_row][\/et_pb_section][et_pb_section fb_built=\u00a0\u00bb1&Prime; _builder_version=\u00a0\u00bb4.16&Prime; _module_preset=\u00a0\u00bbdefault\u00a0\u00bb background_color=\u00a0\u00bbRGBA(255,255,255,0)\u00a0\u00bb custom_padding=\u00a0\u00bb0px||0px||false|false\u00a0\u00bb global_colors_info=\u00a0\u00bb{}\u00a0\u00bb][et_pb_row _builder_version=\u00a0\u00bb4.16&Prime; _module_preset=\u00a0\u00bbdefault\u00a0\u00bb custom_padding=\u00a0\u00bb0px||0px||false|false\u00a0\u00bb border_width_top=\u00a0\u00bb1px\u00a0\u00bb border_color_top=\u00a0\u00bb#4D4D4D\u00a0\u00bb border_width_bottom=\u00a0\u00bb1px\u00a0\u00bb border_color_bottom=\u00a0\u00bb#4D4D4D\u00a0\u00bb global_colors_info=\u00a0\u00bb{}\u00a0\u00bb][et_pb_column type=\u00a0\u00bb4_4&Prime; _builder_version=\u00a0\u00bb4.16&Prime; _module_preset=\u00a0\u00bbdefault\u00a0\u00bb global_colors_info=\u00a0\u00bb{}\u00a0\u00bb][et_pb_text _builder_version=\u00a0\u00bb4.27.0&Prime; _module_preset=\u00a0\u00bbdefault\u00a0\u00bb text_font=\u00a0\u00bb||||||||\u00a0\u00bb link_font=\u00a0\u00bb|700|||||||\u00a0\u00bb text_orientation=\u00a0\u00bbcenter\u00a0\u00bb module_alignment=\u00a0\u00bbcenter\u00a0\u00bb custom_padding=\u00a0\u00bb2%||||false|false\u00a0\u00bb hover_enabled=\u00a0\u00bb0&Prime; global_colors_info=\u00a0\u00bb{}\u00a0\u00bb sticky_enabled=\u00a0\u00bb0&Prime;]<\/p>\n<p><strong><span style=\"color: #ff0000;\">Si vous \u00eates contribuable am\u00e9ricain<\/span>, vous devez utiliser d&rsquo;autres moyens de faire un don \u00e0 Words of Peace International (WOPI) : <a href=\"#wopi\">cliquez ici<\/a><br \/>\n<\/strong><\/p>\n<p>[\/et_pb_text][\/et_pb_column][\/et_pb_row][\/et_pb_section][et_pb_section fb_built=\u00a0\u00bb1&Prime; _builder_version=\u00a0\u00bb4.16&Prime; _module_preset=\u00a0\u00bbdefault\u00a0\u00bb custom_padding=\u00a0\u00bb0px||||false|false\u00a0\u00bb global_colors_info=\u00a0\u00bb{}\u00a0\u00bb][et_pb_row _builder_version=\u00a0\u00bb4.16&Prime; _module_preset=\u00a0\u00bbdefault\u00a0\u00bb global_colors_info=\u00a0\u00bb{}\u00a0\u00bb][et_pb_column type=\u00a0\u00bb4_4&Prime; _builder_version=\u00a0\u00bb4.16&Prime; _module_preset=\u00a0\u00bbdefault\u00a0\u00bb global_colors_info=\u00a0\u00bb{}\u00a0\u00bb][et_pb_text _builder_version=\u00a0\u00bb4.27.0&Prime; _module_preset=\u00a0\u00bbdefault\u00a0\u00bb link_font=\u00a0\u00bb|700|||||||\u00a0\u00bb ol_font=\u00a0\u00bb|700|||||||\u00a0\u00bb header_3_font=\u00a0\u00bb||||||||\u00a0\u00bb header_3_font_size=\u00a0\u00bb30px\u00a0\u00bb header_3_line_height=\u00a0\u00bb1.6em\u00a0\u00bb hover_enabled=\u00a0\u00bb0&Prime; global_colors_info=\u00a0\u00bb{}\u00a0\u00bb sticky_enabled=\u00a0\u00bb0&Prime;]<\/p>\n<h3>Autres moyens de faire un don \u00e0 Words of Peace Global (WOPG) :<\/h3>\n<p>&nbsp;<\/p>\n<ol>\n<li>Virement bancaire<\/li>\n<\/ol>\n<p style=\"padding-left: 40px;\">Vous pouvez faire un don \u00e0 partir de votre compte bancaire dans les devises suivantes : Euro, Dollar am\u00e9ricain, Dollar canadien, Dollar australien et Livre Sterling. Malheureusement, la banque de WOPG aux Pays-Bas n\u2019accepte plus les ch\u00e8ques de banque.<\/p>\n<p style=\"padding-left: 40px;\">Veuillez <a href=\"http:\/\/eadn-wc03-5903292.nxedge.io\/wp-content\/uploads\/2022\/03\/220118-Bank-transfer-form.Bank-acount-nos_etc_V4_FR.pdf\" target=\"_blank\" rel=\"noopener\">cliquer ici<\/a> pour plus d\u2019information sur les virements bancaires.<\/p>\n<ol start=\"2\">\n<li>Faire un don en m\u00e9moire de quelqu&rsquo;un<\/li>\n<\/ol>\n<p style=\"padding-left: 40px;\">Si vous souhaitez faire un don en m\u00e9moire de quelqu\u2019un, vous pouvez le faire en cliquant \u201cOUI\u201d sur la page de don sous la question \u00ab  Souhaitez-vous faire un don en m\u00e9moire de quelqu\u2019un? \u00bb<\/p>\n<p style=\"padding-left: 40px;\">Si vous souhaitez que nous informions un membre de votre famille de votre don, veuillez indiquer ses coordonn\u00e9es lorsque vous remplissez le formulaire de don en ligne.<\/p>\n<ol start=\"3\">\n<li>D\u00e9signer WOPG comme b\u00e9n\u00e9ficiaire dans votre testament<\/li>\n<\/ol>\n<p style=\"padding-left: 40px;\">Words of Peace Global est une fondation \u00e0 but non lucratif enregistr\u00e9e aux Pays-Bas avec le statut ANBI (organisation caritative). Ses coordonn\u00e9es sont :<\/p>\n<p style=\"padding-left: 40px;\"><strong>Words of Peace Global<\/strong><br \/><strong>Registration number is 34312991<\/strong><br \/><strong>Address is P.O. Box 20627, 1001 NP Amsterdam<\/strong><\/p>\n<p style=\"padding-left: 40px;\">Si vous avez des questions concernant les legs \u00e0 WOPG, veuillez \u00e9crire \u00e0  <a href=\"mailto:donations@wopg.org\">donations@wopg.org<\/a>.<\/p>\n<p>&nbsp;<\/p>\n<p style=\"text-align: center;\"><strong>Merci pour votre soutien<\/strong><\/p>\n<p>&nbsp;<\/p>\n<p>[\/et_pb_text][\/et_pb_column][\/et_pb_row][\/et_pb_section][et_pb_section fb_built=\u00a0\u00bb1&Prime; module_id=\u00a0\u00bbwopi\u00a0\u00bb _builder_version=\u00a0\u00bb4.16&Prime; _module_preset=\u00a0\u00bbdefault\u00a0\u00bb custom_padding=\u00a0\u00bb0px||0px||false|false\u00a0\u00bb global_colors_info=\u00a0\u00bb{}\u00a0\u00bb][et_pb_row _builder_version=\u00a0\u00bb4.16&Prime; _module_preset=\u00a0\u00bbdefault\u00a0\u00bb global_colors_info=\u00a0\u00bb{}\u00a0\u00bb][et_pb_column type=\u00a0\u00bb4_4&Prime; _builder_version=\u00a0\u00bb4.16&Prime; _module_preset=\u00a0\u00bbdefault\u00a0\u00bb global_colors_info=\u00a0\u00bb{}\u00a0\u00bb][et_pb_divider _builder_version=\u00a0\u00bb4.14.9&Prime; _module_preset=\u00a0\u00bbdefault\u00a0\u00bb global_colors_info=\u00a0\u00bb{}\u00a0\u00bb][\/et_pb_divider][\/et_pb_column][\/et_pb_row][\/et_pb_section][et_pb_section fb_built=\u00a0\u00bb1&Prime; _builder_version=\u00a0\u00bb4.16&Prime; _module_preset=\u00a0\u00bbdefault\u00a0\u00bb global_colors_info=\u00a0\u00bb{}\u00a0\u00bb][et_pb_row _builder_version=\u00a0\u00bb4.16&Prime; _module_preset=\u00a0\u00bbdefault\u00a0\u00bb global_colors_info=\u00a0\u00bb{}\u00a0\u00bb][et_pb_column type=\u00a0\u00bb4_4&Prime; _builder_version=\u00a0\u00bb4.16&Prime; _module_preset=\u00a0\u00bbdefault\u00a0\u00bb global_colors_info=\u00a0\u00bb{}\u00a0\u00bb][et_pb_text _builder_version=\u00a0\u00bb4.27.0&Prime; _module_preset=\u00a0\u00bbdefault\u00a0\u00bb link_font=\u00a0\u00bb|700|||||||\u00a0\u00bb ol_font=\u00a0\u00bb|700|||||||\u00a0\u00bb header_3_font_size=\u00a0\u00bb30px\u00a0\u00bb header_3_line_height=\u00a0\u00bb1.6em\u00a0\u00bb hover_enabled=\u00a0\u00bb0&Prime; global_colors_info=\u00a0\u00bb{}\u00a0\u00bb sticky_enabled=\u00a0\u00bb0&Prime;]<\/p>\n<h3>Autres moyens de faire un don \u00e0 Words of Peace International (WOPI) :<\/h3>\n<p>&nbsp;<\/p>\n<ol>\n<li>Dons en actions<\/li>\n<\/ol>\n<p style=\"padding-left: 40px;\">Si vous souhaitez faire un don en actions, veuillez envoyer un mail \u00e0 l\u2019\u00e9quipe WOPI \u00e0 <a href=\"mailto:donations@wopintl.org\">donations@wopintl.org<\/a> ou appeler le (805)388-1596.<\/p>\n<ol start=\"2\">\n<li>RMD (distribution minimale requise) d&rsquo;un compte de retraite<\/li>\n<\/ol>\n<p style=\"padding-left: 40px;\">\u00c0 partir de 70 ans \u00bd le don d&rsquo;un RMD directement \u00e0 une association \u00e0 but non lucratif (telle que WOPI) est une donation caritative qualifi\u00e9e qui ne sera pas impos\u00e9e jusqu&rsquo;\u00e0 100 000 $. Votre comptable, connaissant les sp\u00e9cificit\u00e9s de vos finances, peut vous conseiller.<\/p>\n<ol start=\"3\">\n<li>Dons de contrepartie<\/li>\n<\/ol>\n<p style=\"padding-left: 40px;\">Demandez \u00e0 votre employeur s&rsquo;il propose un programme de contributions de contrepartie. Si c&rsquo;est le cas et que WOPI ne figure pas sur la liste des options, veuillez en informer le bureau de WOPI et nous nous joindrons au programme. Vous pouvez appeler le (805)388-1596 ou \u00e9crire \u00e0 <a href=\"mailto:donations@wopintl.org\">donations@wopintl.org<\/a>.<\/p>\n<ol start=\"4\">\n<li>D\u00e9signer WOPI dans votre testament ou comme b\u00e9n\u00e9ficiaire de votre compte retraite<\/li>\n<\/ol>\n<p style=\"padding-left: 40px;\">Veuillez \u00e9crire \u00e0 l\u2019\u00e9quipe WOPI \u00e0 <a href=\"mailto:donations@wopintl.org\">donations@wopintl.org<\/a> ou appeler le (805)388-1596 et nous nous ferons un plaisir de vous informer sur la marche \u00e0 suivre.<\/p>\n<ol start=\"5\">\n<li>Faire un don en m\u00e9moire de<\/li>\n<\/ol>\n<p style=\"padding-left: 40px;\">Si vous souhaitez faire un don en m\u00e9moire de quelqu\u2019un, vous pouvez le faire en cliquant \u201cOUI\u201d sur la page de don sous la question \u00ab Souhaitez-vous faire un don en m\u00e9moire de quelqu\u2019un ? \u00bb<\/p>\n<p style=\"padding-left: 40px;\">Si vous souhaitez que nous informions un membre de votre famille de votre don, veuillez indiquer ses coordonn\u00e9es lorsque vous remplissez le formulaire de don en ligne.<\/p>\n<ol start=\"6\">\n<li>Faire un don par ch\u00e8que<\/li>\n<\/ol>\n<p style=\"padding-left: 40px;\">Veuillez envoyer votre ch\u00e8que, libell\u00e9 \u00e0 l&rsquo;ordre de Words of Peace International, \u00e0 :<\/p>\n<p style=\"padding-left: 40px;\"><strong>Words of Peace International<\/strong><br \/><strong>4607 Lakeview Canyon Rd #570<\/strong><br \/><strong>Westlake Village, CA 91361<\/strong><\/p>\n<p>&nbsp;<\/p>\n<p style=\"text-align: center;\"><strong>Merci pour votre soutien<\/strong><\/p>\n<p>&nbsp;<\/p>\n<p>[\/et_pb_text][\/et_pb_column][\/et_pb_row][\/et_pb_section]<\/p>\n","protected":false},"excerpt":{"rendered":"<p>Autres moyens de faire un donSi vous \u00eates contribuable am\u00e9ricain, vous devez utiliser d&rsquo;autres moyens de faire un don \u00e0 Words of Peace International (WOPI) : cliquez ici Autres moyens de faire un don \u00e0 Words of Peace Global (WOPG) : &nbsp; Virement bancaire Vous pouvez faire un don \u00e0 partir de votre compte bancaire [&hellip;]<\/p>\n","protected":false},"author":3,"featured_media":0,"parent":0,"menu_order":0,"comment_status":"closed","ping_status":"closed","template":"","meta":{"_et_pb_use_builder":"on","_et_pb_old_content":"","_et_gb_content_width":"","footnotes":""},"folder":[],"class_list":["post-5113","page","type-page","status-publish","hentry"],"yoast_head":"<!-- This site is optimized with the Yoast SEO plugin v27.3 - https:\/\/yoast.com\/product\/yoast-seo-wordpress\/ -->\n<title>Autres moyens de faire un don | Words of Peace<\/title>\n<meta name=\"robots\" content=\"index, follow, max-snippet:-1, max-image-preview:large, max-video-preview:-1\" \/>\n<link rel=\"canonical\" href=\"https:\/\/www.wopg.org\/fr\/autres-moyens-de-faire-un-don\/\" \/>\n<meta property=\"og:locale\" content=\"fr_FR\" \/>\n<meta property=\"og:type\" content=\"article\" \/>\n<meta property=\"og:title\" content=\"Autres moyens de faire un don | Words of Peace\" \/>\n<meta property=\"og:description\" content=\"Autres moyens de faire un donSi vous \u00eates contribuable am\u00e9ricain, vous devez utiliser d&#039;autres moyens de faire un don \u00e0 Words of Peace International (WOPI) : cliquez ici Autres moyens de faire un don \u00e0 Words of Peace Global (WOPG) : &nbsp; Virement bancaire Vous pouvez faire un don \u00e0 partir de votre compte bancaire [&hellip;]\" \/>\n<meta property=\"og:url\" content=\"https:\/\/www.wopg.org\/fr\/autres-moyens-de-faire-un-don\/\" \/>\n<meta property=\"og:site_name\" content=\"Words of Peace\" \/>\n<meta property=\"article:publisher\" content=\"https:\/\/www.facebook.com\/wordsofpeaceglobal\" \/>\n<meta property=\"article:modified_time\" content=\"2024-10-05T08:59:59+00:00\" \/>\n<meta name=\"twitter:card\" content=\"summary_large_image\" \/>\n<meta name=\"twitter:site\" content=\"@wopg\" \/>\n<meta name=\"twitter:label1\" content=\"Dur\u00e9e de lecture estim\u00e9e\" \/>\n\t<meta name=\"twitter:data1\" content=\"5 minutes\" \/>\n<script type=\"application\/ld+json\" class=\"yoast-schema-graph\">{\"@context\":\"https:\\\/\\\/schema.org\",\"@graph\":[{\"@type\":\"WebPage\",\"@id\":\"https:\\\/\\\/www.wopg.org\\\/fr\\\/autres-moyens-de-faire-un-don\\\/\",\"url\":\"https:\\\/\\\/www.wopg.org\\\/fr\\\/autres-moyens-de-faire-un-don\\\/\",\"name\":\"Autres moyens de faire un don | Words of Peace\",\"isPartOf\":{\"@id\":\"https:\\\/\\\/www.wopg.org\\\/fr\\\/#website\"},\"datePublished\":\"2022-03-29T14:41:43+00:00\",\"dateModified\":\"2024-10-05T08:59:59+00:00\",\"breadcrumb\":{\"@id\":\"https:\\\/\\\/www.wopg.org\\\/fr\\\/autres-moyens-de-faire-un-don\\\/#breadcrumb\"},\"inLanguage\":\"fr-FR\",\"potentialAction\":[{\"@type\":\"ReadAction\",\"target\":[\"https:\\\/\\\/www.wopg.org\\\/fr\\\/autres-moyens-de-faire-un-don\\\/\"]}]},{\"@type\":\"BreadcrumbList\",\"@id\":\"https:\\\/\\\/www.wopg.org\\\/fr\\\/autres-moyens-de-faire-un-don\\\/#breadcrumb\",\"itemListElement\":[{\"@type\":\"ListItem\",\"position\":1,\"name\":\"Home\",\"item\":\"https:\\\/\\\/www.wopg.org\\\/fr\\\/\"},{\"@type\":\"ListItem\",\"position\":2,\"name\":\"Autres moyens de faire un don\"}]},{\"@type\":\"WebSite\",\"@id\":\"https:\\\/\\\/www.wopg.org\\\/fr\\\/#website\",\"url\":\"https:\\\/\\\/www.wopg.org\\\/fr\\\/\",\"name\":\"Words of Peace\",\"description\":\"Practice Peace, Change Your World\",\"publisher\":{\"@id\":\"https:\\\/\\\/www.wopg.org\\\/fr\\\/#organization\"},\"potentialAction\":[{\"@type\":\"SearchAction\",\"target\":{\"@type\":\"EntryPoint\",\"urlTemplate\":\"https:\\\/\\\/www.wopg.org\\\/fr\\\/?s={search_term_string}\"},\"query-input\":{\"@type\":\"PropertyValueSpecification\",\"valueRequired\":true,\"valueName\":\"search_term_string\"}}],\"inLanguage\":\"fr-FR\"},{\"@type\":\"Organization\",\"@id\":\"https:\\\/\\\/www.wopg.org\\\/fr\\\/#organization\",\"name\":\"Words of Peace\",\"url\":\"https:\\\/\\\/www.wopg.org\\\/fr\\\/\",\"logo\":{\"@type\":\"ImageObject\",\"inLanguage\":\"fr-FR\",\"@id\":\"https:\\\/\\\/www.wopg.org\\\/fr\\\/#\\\/schema\\\/logo\\\/image\\\/\",\"url\":\"https:\\\/\\\/wopg.org\\\/wp-content\\\/uploads\\\/2022\\\/02\\\/Words-of-Peace-logo-website61x252.png\",\"contentUrl\":\"https:\\\/\\\/wopg.org\\\/wp-content\\\/uploads\\\/2022\\\/02\\\/Words-of-Peace-logo-website61x252.png\",\"width\":252,\"height\":61,\"caption\":\"Words of Peace\"},\"image\":{\"@id\":\"https:\\\/\\\/www.wopg.org\\\/fr\\\/#\\\/schema\\\/logo\\\/image\\\/\"},\"sameAs\":[\"https:\\\/\\\/www.facebook.com\\\/wordsofpeaceglobal\",\"https:\\\/\\\/x.com\\\/wopg\",\"https:\\\/\\\/www.instagram.com\\\/wopgofficial\\\/\"]}]}<\/script>\n<!-- \/ Yoast SEO plugin. -->","yoast_head_json":{"title":"Autres moyens de faire un don | Words of Peace","robots":{"index":"index","follow":"follow","max-snippet":"max-snippet:-1","max-image-preview":"max-image-preview:large","max-video-preview":"max-video-preview:-1"},"canonical":"https:\/\/www.wopg.org\/fr\/autres-moyens-de-faire-un-don\/","og_locale":"fr_FR","og_type":"article","og_title":"Autres moyens de faire un don | Words of Peace","og_description":"Autres moyens de faire un donSi vous \u00eates contribuable am\u00e9ricain, vous devez utiliser d'autres moyens de faire un don \u00e0 Words of Peace International (WOPI) : cliquez ici Autres moyens de faire un don \u00e0 Words of Peace Global (WOPG) : &nbsp; Virement bancaire Vous pouvez faire un don \u00e0 partir de votre compte bancaire [&hellip;]","og_url":"https:\/\/www.wopg.org\/fr\/autres-moyens-de-faire-un-don\/","og_site_name":"Words of Peace","article_publisher":"https:\/\/www.facebook.com\/wordsofpeaceglobal","article_modified_time":"2024-10-05T08:59:59+00:00","twitter_card":"summary_large_image","twitter_site":"@wopg","twitter_misc":{"Dur\u00e9e de lecture estim\u00e9e":"5 minutes"},"schema":{"@context":"https:\/\/schema.org","@graph":[{"@type":"WebPage","@id":"https:\/\/www.wopg.org\/fr\/autres-moyens-de-faire-un-don\/","url":"https:\/\/www.wopg.org\/fr\/autres-moyens-de-faire-un-don\/","name":"Autres moyens de faire un don | Words of Peace","isPartOf":{"@id":"https:\/\/www.wopg.org\/fr\/#website"},"datePublished":"2022-03-29T14:41:43+00:00","dateModified":"2024-10-05T08:59:59+00:00","breadcrumb":{"@id":"https:\/\/www.wopg.org\/fr\/autres-moyens-de-faire-un-don\/#breadcrumb"},"inLanguage":"fr-FR","potentialAction":[{"@type":"ReadAction","target":["https:\/\/www.wopg.org\/fr\/autres-moyens-de-faire-un-don\/"]}]},{"@type":"BreadcrumbList","@id":"https:\/\/www.wopg.org\/fr\/autres-moyens-de-faire-un-don\/#breadcrumb","itemListElement":[{"@type":"ListItem","position":1,"name":"Home","item":"https:\/\/www.wopg.org\/fr\/"},{"@type":"ListItem","position":2,"name":"Autres moyens de faire un don"}]},{"@type":"WebSite","@id":"https:\/\/www.wopg.org\/fr\/#website","url":"https:\/\/www.wopg.org\/fr\/","name":"Words of Peace","description":"Practice Peace, Change Your World","publisher":{"@id":"https:\/\/www.wopg.org\/fr\/#organization"},"potentialAction":[{"@type":"SearchAction","target":{"@type":"EntryPoint","urlTemplate":"https:\/\/www.wopg.org\/fr\/?s={search_term_string}"},"query-input":{"@type":"PropertyValueSpecification","valueRequired":true,"valueName":"search_term_string"}}],"inLanguage":"fr-FR"},{"@type":"Organization","@id":"https:\/\/www.wopg.org\/fr\/#organization","name":"Words of Peace","url":"https:\/\/www.wopg.org\/fr\/","logo":{"@type":"ImageObject","inLanguage":"fr-FR","@id":"https:\/\/www.wopg.org\/fr\/#\/schema\/logo\/image\/","url":"https:\/\/wopg.org\/wp-content\/uploads\/2022\/02\/Words-of-Peace-logo-website61x252.png","contentUrl":"https:\/\/wopg.org\/wp-content\/uploads\/2022\/02\/Words-of-Peace-logo-website61x252.png","width":252,"height":61,"caption":"Words of Peace"},"image":{"@id":"https:\/\/www.wopg.org\/fr\/#\/schema\/logo\/image\/"},"sameAs":["https:\/\/www.facebook.com\/wordsofpeaceglobal","https:\/\/x.com\/wopg","https:\/\/www.instagram.com\/wopgofficial\/"]}]}},"_links":{"self":[{"href":"https:\/\/www.wopg.org\/fr\/wp-json\/wp\/v2\/pages\/5113","targetHints":{"allow":["GET"]}}],"collection":[{"href":"https:\/\/www.wopg.org\/fr\/wp-json\/wp\/v2\/pages"}],"about":[{"href":"https:\/\/www.wopg.org\/fr\/wp-json\/wp\/v2\/types\/page"}],"author":[{"embeddable":true,"href":"https:\/\/www.wopg.org\/fr\/wp-json\/wp\/v2\/users\/3"}],"replies":[{"embeddable":true,"href":"https:\/\/www.wopg.org\/fr\/wp-json\/wp\/v2\/comments?post=5113"}],"version-history":[{"count":74,"href":"https:\/\/www.wopg.org\/fr\/wp-json\/wp\/v2\/pages\/5113\/revisions"}],"predecessor-version":[{"id":34974,"href":"https:\/\/www.wopg.org\/fr\/wp-json\/wp\/v2\/pages\/5113\/revisions\/34974"}],"wp:attachment":[{"href":"https:\/\/www.wopg.org\/fr\/wp-json\/wp\/v2\/media?parent=5113"}],"wp:term":[{"taxonomy":"folder","embeddable":true,"href":"https:\/\/www.wopg.org\/fr\/wp-json\/wp\/v2\/folder?post=5113"}],"curies":[{"name":"wp","href":"https:\/\/api.w.org\/{rel}","templated":true}]}}