{"id":1594,"date":"2022-02-22T16:34:09","date_gmt":"2022-02-22T16:34:09","guid":{"rendered":"http:\/\/wopg01.local\/privacy-policy\/"},"modified":"2022-03-30T19:05:15","modified_gmt":"2022-03-30T19:05:15","slug":"privacy-policy","status":"publish","type":"page","link":"https:\/\/www.wopg.org\/it\/privacy-policy\/","title":{"rendered":"Privacy Policy"},"content":{"rendered":"<p>[et_pb_section fb_built=&#8221;1&#8243; _builder_version=&#8221;4.14.7&#8243; _module_preset=&#8221;default&#8221; global_colors_info=&#8221;{}&#8221;][et_pb_row _builder_version=&#8221;4.14.7&#8243; _module_preset=&#8221;default&#8221; global_colors_info=&#8221;{}&#8221;][et_pb_column type=&#8221;4_4&#8243; _builder_version=&#8221;4.14.7&#8243; _module_preset=&#8221;default&#8221; global_colors_info=&#8221;{}&#8221;][et_pb_text _builder_version=&#8221;4.14.9&#8243; _module_preset=&#8221;default&#8221; hover_enabled=&#8221;0&#8243; global_colors_info=&#8221;{}&#8221; sticky_enabled=&#8221;0&#8243;]<\/p>\n<div class=\"et_pb_module et_pb_text et_pb_text_0 et_pb_text_align_left et_pb_bg_layout_light\">\n<div class=\"et_pb_text_inner\">\n<p><strong>Stichting Words Of Peace Global<\/strong><br \/>\nP.O. Box 20627, 1001 NP Amsterdam, Paesi Bassi<br \/>\nregistrata al numero 34312991, tel. (+31) 20 416 2050, email\u00a0<a href=\"mailto:info@wopg.nl\">info@wopg.nl<\/a><\/p>\n<\/div>\n<\/div>\n<div class=\"et_pb_module et_pb_divider et_pb_divider_0 et_pb_divider_position_ et_pb_space\">\n<div class=\"et_pb_divider_internal\">\n<hr \/>\n<\/div>\n<\/div>\n<div class=\"et_pb_module et_pb_text et_pb_text_1 et_pb_text_align_left et_pb_bg_layout_light\">\n<div class=\"et_pb_text_inner\">\n<h1>Norme sulla privacy<\/h1>\n<p><strong>Entrata in vigore il 30 aprile 2018<\/strong><\/p>\n<p>Words of Peace Global (\u201cWOPG\u201d, \u201cnoi\u201d, \u201cnostro\u201d) gestisce il\u00a0<a href=\"https:\/\/wopg.org\/it\/\">https:\/\/www.wopg.org\/it\/<\/a>\u00a0sito web (\u201cservizio\u201d). Ci impegniamo fermamente a proteggere la tua privacy online e abbiamo fatto i passi necessari per salvaguardare le informazioni che condividi con noi. WOPG raccoglie alcune informazioni personali per fornirti servizi e contenuti su misura.<\/p>\n<p>Questa pagina ti informa delle nostre norme sulla raccolta, l\u2019uso e la divulgazione dei dati personali in essere quando usi il nostro servizio e quali scelte hai associato con quei dati.<\/p>\n<p>Utilizziamo i tuoi dati per fornirti il servizio e per migliorarlo. Usando il servizio, tu acconsenti alla raccolta e all\u2019uso delle informazioni secondo queste norme.<\/p>\n<h3>Definizioni<\/h3>\n<p><strong>Dati personali<\/strong><br \/>\nCon \u201cDati personali\u201d si intendono i dati riguardanti un individuo vivente che tramite questi dati pu\u00f2 essere identificato (o da quelle e altre informazioni, che siano in nostro possesso o che stiano per essere).<\/p>\n<p><strong>Dati di utilizzo<\/strong><br \/>\nI dati di utilizzo sono dati raccolti automaticamente sia con l\u2019uso del servizio o dall\u2019infrastruttura stessa del servizio (ad esempio: la durata di una visita ad una pagina).<\/p>\n<p><strong>Cookies<\/strong><br \/>\nI cookies sono files che contengono piccole quantit\u00e0 di dati memorizzati sul dispositivo di un utente.<\/p>\n<p><strong>Titolare del trattamento dei dati<\/strong><br \/>\nIl Titolare del trattamento dei dati \u00e8 una persona che (sia da sola che insieme ad altri) determina per quali scopi e in quali maniere sono o devono essere trattati i dati.<\/p>\n<p>Per gli scopi di queste norme per la privacy, noi siamo i titolari del trattamento dei tuoi dati.<\/p>\n<p><strong>Responsabile del trattamento dei dati (o di terze parti per i provider di servizi)<\/strong><br \/>\nIl Responsabile del trattamento dei dati (o di terze parti per i provider di servizi) \u00e8 qualunque persona (che non sia impiegata del Titolare del trattamento dei dati) che elabora i dati per conto del Titolare del trattamento dei dati.<\/p>\n<p>Noi possiamo utilizzare i servizi di terze parti di diversi provider di servizi per elaborare i dati in modo pi\u00f9 efficace.<\/p>\n<p><strong>Persona interessata<\/strong><br \/>\nLa persona interessata \u00e8 la persona fisica oggetto dei dati personali.<\/p>\n<p><strong>Utente<\/strong><br \/>\nL\u2019utente \u00e8 l\u2019individuo che utilizza il nostro servizio. L\u2019utente corrisponde alla persona interessata, che \u00e8 oggetto dei dati personali.<\/p>\n<h3>Raccolta e uso delle informazioni<\/h3>\n<p>Noi raccogliamo diversi tipi di informazioni per vari scopi al fine di fornirti dei servizi e di migliorarli.<\/p>\n<h4>Tipo di dati raccolti<\/h4>\n<p><strong>Dati personali<\/strong><br \/>\nMentre utilizzi i nostri servizi, potremmo chiederti di darci certe informazioni personali identificabili che possano essere usate per contattarti o identificarti. (Dati personali) Informazioni di identificazione personale possono includere (ma non sono limitate a):<\/p>\n<ul>\n<li>Indirizzo email<\/li>\n<li>Nome e Cognome<\/li>\n<li>Cookies e Dati di utilizzo<\/li>\n<\/ul>\n<p>Noi possiamo utilizzare i tuoi dati personali per contattarti con notiziari, materiale promozionale o marketing e altre informazioni che potrebbero interessarti. Tu puoi scegliere di non ricevere da noi qualcuna o nessuna di queste comunicazioni, seguendo il link per annullare l\u2019iscrizione o le istruzioni fornite in ogni email che ti mandiamo, oppure contattandoci all\u2019indirizzo: <a href=\"mailto:privacy@wopg.org\">privacy@wopg.org<\/a>.<\/p>\n<p><strong>Dati di utilizzo<\/strong><br \/>\nPotremmo inoltre raccogliere informazioni su accesso ed utilizzo del servizio (Dati di utilizzo). Questi dati di utilizzo possono includere informazioni quali l\u2019indirizzo del Protocollo Internet del computer (Indirizzo IP), tipo di browser, versione del browser, le pagine del nostro servizio che visiti, l\u2019ora e la data della tua visita, il tempo trascorso su quelle pagine, l\u2019identificativo univoco del dispositivo e altri dati diagnostici.<\/p>\n<p><strong>Dati di tracciamento cookies<\/strong><br \/>\nI cookies sono files che contengono piccole quantit\u00e0 di dati, che possono includere un identificativo univoco anonimo. I cookies vengono inviati al tuo browser da un sito web e immagazzinati nel tuo dispositivo.<\/p>\n<p>Nelle nostre email usiamo dei tracciatori (web beacons), che sono immagini grafiche (gif) di un solo pixel. Quando mandiamo una email agli iscritti, possiamo tracciare dei comportamenti, come chi ha aperto l\u2019email e chi ha cliccato sui link. Questo ci permette di monitorare l\u2019efficacia delle nostre campagne email, e a migliorare le nostre caratteristiche per specifici segmenti di utenti.<\/p>\n<h4>Utilizzo dei dati<\/h4>\n<p>WOPG utilizza i dati per diversi scopi:<\/p>\n<ul>\n<li>Per fornire e mantenere il nostro servizio<\/li>\n<li>Per informarti dei cambiamenti del nostro servizio<\/li>\n<li>Per permetterti di partecipare a sessioni interattive del nostro servizio qualora tu decida di farlo<\/li>\n<li>Per fornire il servizio clienti<\/li>\n<li>Per raccogliere analisi o informazioni di rilievo per permetterci di migliorare il nostro servizio<\/li>\n<li>Per monitorare l\u2019utilizzo del nostro servizio<\/li>\n<li>Per scoprire, prevenire e risolvere problemi tecnici<\/li>\n<li>Per fornirti notizie, offerte speciali e informazioni generali su altri beni, servizi ed eventi che offriamo, simili a quelli che tu hai gi\u00e0 acquistato o su cui hai chiesto informazioni, a meno che tu non abbia scelto di non ricevere tali informazioni<\/li>\n<\/ul>\n<h4>Conservazione dei dati<\/h4>\n<p>WOPG conserver\u00e0 i tuoi dati solo per il tempo necessario per gli scopi dichiarati in queste norme per la privacy. Conserveremo e utilizzeremo i tuoi dati personali per il periodo necessario per rispettare i nostri obblighi legali, (ad esempio; se ci viene richiesto di conservare i tuoi dati per osservare le leggi vigenti), risolvere dispute, e applicare i nostri accordi legali e normativi.<\/p>\n<p>WOPG inoltre conserver\u00e0 i dati di utilizzo per le proprie necessit\u00e0 di analisi. I dati di utilizzo in genere si conservano per un periodo di tempo pi\u00f9 breve, eccetto quando tali dati siano usati per rafforzare la sicurezza o per migliorare la funzionalit\u00e0 del nostro servizio, o se siamo obbligati per legge a conservare questi dati per periodi di tempo maggiori.<\/p>\n<h4>Trasferimento dei dati<\/h4>\n<p>Le tue informazioni, compresi i dati personali, possono essere trasferiti a (e conservati in) computer situati al di fuori del tuo stato, provincia, regione o altre giurisdizioni territoriali in cui le leggi sulla protezione dei dati possono differire da quelle della tua giurisdizione.<\/p>\n<p>Se tu ti trovi fuori dagli Stati Uniti e scegli di fornirci delle informazioni, sei pregato di notare che noi trasferiamo i dati, compresi i dati personali, agli Stati Uniti e li elaboriamo l\u00e0.<\/p>\n<p>Il tuo consenso a queste norme per la privacy seguito dall\u2019invio di tali informazioni rappresenta il tuo consenso a tale trasferimento.<\/p>\n<p>WOPG far\u00e0 tutti i passi ragionevolmente necessari per accertarsi che i tuoi dati siano trattati in modo sicuro e secondo queste norme per la privacy, e non ci sar\u00e0 alcun trasferimento dei tuoi dati personali ad alcuna organizzazione o Paese a meno che non siano in atto controlli adeguati, inclusa la sicurezza dei tuoi dati e di altre informazioni personali.<\/p>\n<h4>Divulgazione dei dati<\/h4>\n<p><strong>Divulgazione per applicazione della legge<\/strong><br \/>\nIn determinate circostanze, a WOPG pu\u00f2 venire richiesto di rivelare i tuoi dati personali, se necessario per legge o in risposta a valida richiesta dell\u2019autorit\u00e0 pubblica (ad esempio un tribunale o agenzia governativa).<\/p>\n<p><strong>Obblighi legali<\/strong><br \/>\nWOPG pu\u00f2 rivelare i tuoi dati personali in buona fede se tale azione si rendesse necessaria per:<\/p>\n<ul>\n<li>Adempiere obblighi legali<\/li>\n<li>Proteggere e difendere i diritti di propriet\u00e0 di WOPG<\/li>\n<li>Prevenire o scoprire possibili misfatti connessi col servizio<\/li>\n<li>Proteggere la sicurezza personale degli utenti del servizio o del pubblico<\/li>\n<li>Proteggerci da responsabilit\u00e0 legali<\/li>\n<\/ul>\n<p><strong>Sicurezza dei dati<\/strong><br \/>\nLa sicurezza dei tuoi dati per noi \u00e8 importante, ma ricorda che non c\u2019\u00e8 metodo di trasmissione via internet, o di memoria elettronica che sia sicuro al 100%. Mentre facciamo il possibile per utilizzare mezzi commercialmente accettabili per proteggere i tuoi dati personali, non possiamo garantire la loro assoluta sicurezza.<\/p>\n<p><strong>Funzione di \u201cNon Tracciatura\u201d<\/strong><br \/>\nNon sosteniamo la funzione \u201cDNT\u201d (Non Tracciatura). La funzione \u201cDNT\u201d \u00e8 una preferenza che si pu\u00f2 scegliere sul proprio browser Internet per informare i siti web che non si vuole essere tracciati.<\/p>\n<p>Puoi abilitare o disabilitare la Non Tracciatura guardando le Preferenze o la pagina delle impostazioni del tuo browser.<\/p>\n<p><strong>I tuoi diritti<\/strong><br \/>\nWOPG tende a fare tutti i passi necessari per permetterti di correggere, modificare, cancellare o limitare l\u2019uso dei tuoi dati personali.<\/p>\n<p>Se desideri venire informato di quali dei tuoi dati personali siamo in possesso, e se vuoi che essi vengano rimossi dai nostri sistemi, o modificati, ti preghiamo di contattarci a questo indirizzo:\u00a0 <a href=\"mailto:privacy@wopg.org\">privacy@wopg.org<\/a>.<\/p>\n<p>In certe circostanze, tu hai il diritto:<\/p>\n<ul>\n<li>Di accedere e ricevere una copia dei tuoi dati personali conservati presso di noi<\/li>\n<li>Di rettificare qualunque dei tuoi dati personali sia inesatto<\/li>\n<li>Di richiedere la cancellazione dei tuoi dati personali conservati presso di noi<\/li>\n<li>Di limitare l\u2019uso dei tuoi dati personali<\/li>\n<\/ul>\n<p>L\u2019Autorit\u00e0 Olandese per la protezione dei dati (Autoriteit Persoonsgegevens, AP) \u00e8<br \/>\nl\u2019organismo incaricato di sorvegliare il completamento degli obblighi per la protezione dei dati. Si trova presso Autoriteit Persoonsgegevens. Postbus 93374. 2509 AJ DEN HAAG, tel. (+31) \u2013 (0)70 \u2013 888 85 00.<\/p>\n<p>Tu hai il diritto di portabilit\u00e0 dei dati per le informazioni che hai fornito a WOPG. Puoi richiedere di ottenere una copia dei tuoi dati personali in un formato elettronico usato comunemente in modo tale che \u00e8 possibile gestirlo e spostarlo. Sappi che potremmo chiederti di verificare la tua identit\u00e0 prima di rispondere a tali richieste.<\/p>\n<h3>Terze parti per i provider di servizi<\/h3>\n<p>Ci serviamo di alcune ditte o individui per facilitare il nostro servizio (Terze parti per i provider di servizi) per fornire il servizio in vece nostra, per fornire servizi o per assisterci nell\u2019analisi di come venga utilizzato il nostro servizio.<\/p>\n<p>Le Terze parti hanno accesso ai tuoi dati personali solo per svolgere queste mansioni a nostro nome e non possono rivelarli o utilizzarli per alcun altro scopo. Puoi far rimuovere qualunque dei tuoi dati personali da queste Terze parti per i provider di servizi mandando un email a: <a href=\"mailto:privacy@wopg.org\">privacy@wopg.org<\/a>.<\/p>\n<p>Utilizziamo le seguenti Terze parti per i provider di servizi per monitorare e analizzare l\u2019uso del nostro servizio:<\/p>\n<p><strong>GOOGLE ANALYTICS<\/strong><br \/>\nUsiamo Google Analytics per statistiche del sito tramite l\u2019uso di cookies con la cosiddetta anonimizzazione dell\u2019IP. GA pu\u00f2 darci informazioni quali il comportamento sul sito, se \u00e8 un nuovo utente o no, dove si trova, che lingua usa, che apparecchio, che sistema operativo e che provider utilizza.<\/p>\n<p><strong>MAILCHIMP<\/strong><br \/>\nMailchimp \u00e8 una piattaforma automatica di marketing che ci aiuta a condividere email e campagne pubblicitarie con terzi interessati. Mailchimps utilizza i tracciatori (web beacons), che sono immagini grafiche (gif) di un singolo pixel, nelle nostre email. Quando mandiamo delle email agli iscritti, possiamo scoprire comportamenti come chi ha aperto l\u2019email e chi ha cliccato sui link. Questo ci permette di misurare l\u2019efficacia delle nostre campagne via email, e di migliorare le nostre caratteristiche per specifici segmenti di utenti.<\/p>\n<p><strong>SUPPORTBEE<\/strong><br \/>\nSupportBee \u00e8 un pacchetto software che WOPG usa per creare funzionalit\u00e0 di servizio clienti (funzione di \u201cServizio Assistenza\u201d) e pu\u00f2 raccogliere il tuo indirizzo IP, indirizzo email, e qualunque altra informazione tu immetta volontariamente, per assisterti con problemi tecnici o altro. SupportBee archivia inoltre i messaggi di richiesta di aiuto e le risposte che ottengono.<\/p>\n<p><strong>IESys<\/strong><br \/>\nIESys mantiene a nostro nome un database esterno degli sponsor che contiene informazioni personali, incluso nome, numero di telefono, indirizzo email, indirizzo stradale, nonch\u00e9 informazioni bancarie e della carta di credito. Tali informazioni vengono fornite dagli sponsor tramite la pagina \u201cDona\u201d all\u2019indirizzo: <a href=\"https:\/\/wopg.org\/it\/dona\/\">https:\/\/www.wopg.org\/it\/dona\/<\/a>. Tramite la pagina \u201cDona\u201d gli sponsor forniscono a IESys queste informazioni. A questo database possono venire aggiunte anche informazioni fornite con donazioni fatte di persona (moduli cartacei).<\/p>\n<p>In WOPG le informazioni personali sono gestite esclusivamente dagli amministratori finanziari, vincolati da un accordo di riservatezza e nel rispetto delle norme sulla privacy. Se un donatore desidera revocare la propria donazione, le sue informazioni personali saranno rimosse immediatamente dal database dei donatori e conservate solo in copia cartacea per sette anni come richiesto dalla legge.<\/p>\n<h3>Link ad altri siti<\/h3>\n<p>Il nostro servizio pu\u00f2 contenere link ad altri siti che non sono gestiti da noi. Se clicchi su un link di terzi, sarai reindirizzato a quel sito esterno. Ti raccomandiamo fortemente di leggere le norme per la privacy di ogni sito che visiti.<\/p>\n<p>Su questi siti o servizi noi non abbiamo controllo e non assumiamo alcuna responsabilit\u00e0 per i loro contenuti, le loro norme sulla privacy o le loro prassi.<\/p>\n<p><strong>Privacy dei bambini<\/strong><br \/>\nIl nostro servizio non \u00e8 rivolto a nessuno sotto i 13 anni di et\u00e0. (Bambini).<\/p>\n<p>Noi non raccogliamo consapevolmente informazioni di identificazione personale di alcuno al di sotto dei 13 anni di et\u00e0. Se sei genitore o tutore e vieni a conoscenza che tuo figlio ci ha fornito i suoi dati personali, sei pregato di contattarci. Se noi veniamo a sapere di aver raccolto dei dati personali di bambini senza aver verificato il consenso genitoriale, faremo in modo di cancellare quelle informazioni dai nostri server.<\/p>\n<h3>Modifiche a queste norme sulla privacy<\/h3>\n<p>Di quando in quando potremmo aggiornare le nostre norme sulla privacy. Ti renderemo nota ogni modifica postando su questa pagina le nuove norme per la privacy.<\/p>\n<p>Ti avviseremo via email e\/o con un avviso che comparir\u00e0 sul nostro servizio, prima che il cambiamento diventi effettivo, e aggiorneremo la data di entrata in vigore in cima a queste norme per la privacy.<\/p>\n<p>Ti consigliamo di rivedere di quando in quando queste norme per la privacy per verificare se vi sono stati cambiamenti. I cambiamenti a queste norme sulla privacy sono effettivi quando sono postati su questa pagina.<\/p>\n<p><strong>Contattaci<\/strong><br \/>\nSe hai qualche domanda su queste norme per la privacy, sei pregato di contattarci:<br \/>\n\u2022 Via email: <a href=\"mailto:privacy@wopg.org\">privacy@wopg.org<\/a><br \/>\n\u2022 Visitando <a href=\"https:\/\/wopg.org\/it\/contatti\/\">https:\/\/www.wopg.org\/it\/contatti<\/a> sul nostro sito.<\/p>\n<\/div>\n<\/div>\n<p>[\/et_pb_text][\/et_pb_column][\/et_pb_row][\/et_pb_section]<\/p>\n","protected":false},"excerpt":{"rendered":"<p>Stichting Words Of Peace Global P.O. Box 20627, 1001 NP Amsterdam, Paesi Bassi registrata al numero 34312991, tel. (+31) 20 416 2050, email\u00a0info@wopg.nl Norme sulla privacy Entrata in vigore il 30 aprile 2018 Words of Peace Global (\u201cWOPG\u201d, \u201cnoi\u201d, \u201cnostro\u201d) gestisce il\u00a0https:\/\/www.wopg.org\/it\/\u00a0sito web (\u201cservizio\u201d). Ci impegniamo fermamente a proteggere la tua privacy online e abbiamo [&hellip;]<\/p>\n","protected":false},"author":3,"featured_media":0,"parent":0,"menu_order":0,"comment_status":"closed","ping_status":"closed","template":"","meta":{"_et_pb_use_builder":"on","_et_pb_old_content":"","_et_gb_content_width":"","footnotes":""},"folder":[],"class_list":["post-1594","page","type-page","status-publish","hentry"],"yoast_head":"<!-- This site is optimized with the Yoast SEO plugin v27.3 - https:\/\/yoast.com\/product\/yoast-seo-wordpress\/ -->\n<title>Privacy Policy | Words of Peace<\/title>\n<meta name=\"robots\" content=\"index, follow, max-snippet:-1, max-image-preview:large, max-video-preview:-1\" \/>\n<link rel=\"canonical\" href=\"https:\/\/www.wopg.org\/it\/privacy-policy\/\" \/>\n<meta property=\"og:locale\" content=\"it_IT\" \/>\n<meta property=\"og:type\" content=\"article\" \/>\n<meta property=\"og:title\" content=\"Privacy Policy | Words of Peace\" \/>\n<meta property=\"og:description\" content=\"Stichting Words Of Peace Global P.O. Box 20627, 1001 NP Amsterdam, Paesi Bassi registrata al numero 34312991, tel. (+31) 20 416 2050, email\u00a0info@wopg.nl Norme sulla privacy Entrata in vigore il 30 aprile 2018 Words of Peace Global (\u201cWOPG\u201d, \u201cnoi\u201d, \u201cnostro\u201d) gestisce il\u00a0https:\/\/www.wopg.org\/it\/\u00a0sito web (\u201cservizio\u201d). Ci impegniamo fermamente a proteggere la tua privacy online e abbiamo [&hellip;]\" \/>\n<meta property=\"og:url\" content=\"https:\/\/www.wopg.org\/it\/privacy-policy\/\" \/>\n<meta property=\"og:site_name\" content=\"Words of Peace\" \/>\n<meta property=\"article:publisher\" content=\"https:\/\/www.facebook.com\/wordsofpeaceglobal\" \/>\n<meta property=\"article:modified_time\" content=\"2022-03-30T19:05:15+00:00\" \/>\n<meta name=\"twitter:card\" content=\"summary_large_image\" \/>\n<meta name=\"twitter:site\" content=\"@wopg\" \/>\n<meta name=\"twitter:label1\" content=\"Tempo di lettura stimato\" \/>\n\t<meta name=\"twitter:data1\" content=\"11 minuti\" \/>\n<script type=\"application\/ld+json\" class=\"yoast-schema-graph\">{\"@context\":\"https:\\\/\\\/schema.org\",\"@graph\":[{\"@type\":\"WebPage\",\"@id\":\"https:\\\/\\\/www.wopg.org\\\/it\\\/privacy-policy\\\/\",\"url\":\"https:\\\/\\\/www.wopg.org\\\/it\\\/privacy-policy\\\/\",\"name\":\"Privacy Policy | Words of Peace\",\"isPartOf\":{\"@id\":\"https:\\\/\\\/www.wopg.org\\\/it\\\/#website\"},\"datePublished\":\"2022-02-22T16:34:09+00:00\",\"dateModified\":\"2022-03-30T19:05:15+00:00\",\"breadcrumb\":{\"@id\":\"https:\\\/\\\/www.wopg.org\\\/it\\\/privacy-policy\\\/#breadcrumb\"},\"inLanguage\":\"it-IT\",\"potentialAction\":[{\"@type\":\"ReadAction\",\"target\":[\"https:\\\/\\\/www.wopg.org\\\/it\\\/privacy-policy\\\/\"]}]},{\"@type\":\"BreadcrumbList\",\"@id\":\"https:\\\/\\\/www.wopg.org\\\/it\\\/privacy-policy\\\/#breadcrumb\",\"itemListElement\":[{\"@type\":\"ListItem\",\"position\":1,\"name\":\"Home\",\"item\":\"https:\\\/\\\/www.wopg.org\\\/it\\\/\"},{\"@type\":\"ListItem\",\"position\":2,\"name\":\"Privacy Policy\"}]},{\"@type\":\"WebSite\",\"@id\":\"https:\\\/\\\/www.wopg.org\\\/it\\\/#website\",\"url\":\"https:\\\/\\\/www.wopg.org\\\/it\\\/\",\"name\":\"Words of Peace\",\"description\":\"Practice Peace, Change Your World\",\"publisher\":{\"@id\":\"https:\\\/\\\/www.wopg.org\\\/it\\\/#organization\"},\"potentialAction\":[{\"@type\":\"SearchAction\",\"target\":{\"@type\":\"EntryPoint\",\"urlTemplate\":\"https:\\\/\\\/www.wopg.org\\\/it\\\/?s={search_term_string}\"},\"query-input\":{\"@type\":\"PropertyValueSpecification\",\"valueRequired\":true,\"valueName\":\"search_term_string\"}}],\"inLanguage\":\"it-IT\"},{\"@type\":\"Organization\",\"@id\":\"https:\\\/\\\/www.wopg.org\\\/it\\\/#organization\",\"name\":\"Words of Peace\",\"url\":\"https:\\\/\\\/www.wopg.org\\\/it\\\/\",\"logo\":{\"@type\":\"ImageObject\",\"inLanguage\":\"it-IT\",\"@id\":\"https:\\\/\\\/www.wopg.org\\\/it\\\/#\\\/schema\\\/logo\\\/image\\\/\",\"url\":\"https:\\\/\\\/wopg.org\\\/wp-content\\\/uploads\\\/2022\\\/02\\\/Words-of-Peace-logo-website61x252.png\",\"contentUrl\":\"https:\\\/\\\/wopg.org\\\/wp-content\\\/uploads\\\/2022\\\/02\\\/Words-of-Peace-logo-website61x252.png\",\"width\":252,\"height\":61,\"caption\":\"Words of Peace\"},\"image\":{\"@id\":\"https:\\\/\\\/www.wopg.org\\\/it\\\/#\\\/schema\\\/logo\\\/image\\\/\"},\"sameAs\":[\"https:\\\/\\\/www.facebook.com\\\/wordsofpeaceglobal\",\"https:\\\/\\\/x.com\\\/wopg\",\"https:\\\/\\\/www.instagram.com\\\/wopgofficial\\\/\"]}]}<\/script>\n<!-- \/ Yoast SEO plugin. -->","yoast_head_json":{"title":"Privacy Policy | Words of Peace","robots":{"index":"index","follow":"follow","max-snippet":"max-snippet:-1","max-image-preview":"max-image-preview:large","max-video-preview":"max-video-preview:-1"},"canonical":"https:\/\/www.wopg.org\/it\/privacy-policy\/","og_locale":"it_IT","og_type":"article","og_title":"Privacy Policy | Words of Peace","og_description":"Stichting Words Of Peace Global P.O. Box 20627, 1001 NP Amsterdam, Paesi Bassi registrata al numero 34312991, tel. (+31) 20 416 2050, email\u00a0info@wopg.nl Norme sulla privacy Entrata in vigore il 30 aprile 2018 Words of Peace Global (\u201cWOPG\u201d, \u201cnoi\u201d, \u201cnostro\u201d) gestisce il\u00a0https:\/\/www.wopg.org\/it\/\u00a0sito web (\u201cservizio\u201d). Ci impegniamo fermamente a proteggere la tua privacy online e abbiamo [&hellip;]","og_url":"https:\/\/www.wopg.org\/it\/privacy-policy\/","og_site_name":"Words of Peace","article_publisher":"https:\/\/www.facebook.com\/wordsofpeaceglobal","article_modified_time":"2022-03-30T19:05:15+00:00","twitter_card":"summary_large_image","twitter_site":"@wopg","twitter_misc":{"Tempo di lettura stimato":"11 minuti"},"schema":{"@context":"https:\/\/schema.org","@graph":[{"@type":"WebPage","@id":"https:\/\/www.wopg.org\/it\/privacy-policy\/","url":"https:\/\/www.wopg.org\/it\/privacy-policy\/","name":"Privacy Policy | Words of Peace","isPartOf":{"@id":"https:\/\/www.wopg.org\/it\/#website"},"datePublished":"2022-02-22T16:34:09+00:00","dateModified":"2022-03-30T19:05:15+00:00","breadcrumb":{"@id":"https:\/\/www.wopg.org\/it\/privacy-policy\/#breadcrumb"},"inLanguage":"it-IT","potentialAction":[{"@type":"ReadAction","target":["https:\/\/www.wopg.org\/it\/privacy-policy\/"]}]},{"@type":"BreadcrumbList","@id":"https:\/\/www.wopg.org\/it\/privacy-policy\/#breadcrumb","itemListElement":[{"@type":"ListItem","position":1,"name":"Home","item":"https:\/\/www.wopg.org\/it\/"},{"@type":"ListItem","position":2,"name":"Privacy Policy"}]},{"@type":"WebSite","@id":"https:\/\/www.wopg.org\/it\/#website","url":"https:\/\/www.wopg.org\/it\/","name":"Words of Peace","description":"Practice Peace, Change Your World","publisher":{"@id":"https:\/\/www.wopg.org\/it\/#organization"},"potentialAction":[{"@type":"SearchAction","target":{"@type":"EntryPoint","urlTemplate":"https:\/\/www.wopg.org\/it\/?s={search_term_string}"},"query-input":{"@type":"PropertyValueSpecification","valueRequired":true,"valueName":"search_term_string"}}],"inLanguage":"it-IT"},{"@type":"Organization","@id":"https:\/\/www.wopg.org\/it\/#organization","name":"Words of Peace","url":"https:\/\/www.wopg.org\/it\/","logo":{"@type":"ImageObject","inLanguage":"it-IT","@id":"https:\/\/www.wopg.org\/it\/#\/schema\/logo\/image\/","url":"https:\/\/wopg.org\/wp-content\/uploads\/2022\/02\/Words-of-Peace-logo-website61x252.png","contentUrl":"https:\/\/wopg.org\/wp-content\/uploads\/2022\/02\/Words-of-Peace-logo-website61x252.png","width":252,"height":61,"caption":"Words of Peace"},"image":{"@id":"https:\/\/www.wopg.org\/it\/#\/schema\/logo\/image\/"},"sameAs":["https:\/\/www.facebook.com\/wordsofpeaceglobal","https:\/\/x.com\/wopg","https:\/\/www.instagram.com\/wopgofficial\/"]}]}},"_links":{"self":[{"href":"https:\/\/www.wopg.org\/it\/wp-json\/wp\/v2\/pages\/1594","targetHints":{"allow":["GET"]}}],"collection":[{"href":"https:\/\/www.wopg.org\/it\/wp-json\/wp\/v2\/pages"}],"about":[{"href":"https:\/\/www.wopg.org\/it\/wp-json\/wp\/v2\/types\/page"}],"author":[{"embeddable":true,"href":"https:\/\/www.wopg.org\/it\/wp-json\/wp\/v2\/users\/3"}],"replies":[{"embeddable":true,"href":"https:\/\/www.wopg.org\/it\/wp-json\/wp\/v2\/comments?post=1594"}],"version-history":[{"count":13,"href":"https:\/\/www.wopg.org\/it\/wp-json\/wp\/v2\/pages\/1594\/revisions"}],"predecessor-version":[{"id":5258,"href":"https:\/\/www.wopg.org\/it\/wp-json\/wp\/v2\/pages\/1594\/revisions\/5258"}],"wp:attachment":[{"href":"https:\/\/www.wopg.org\/it\/wp-json\/wp\/v2\/media?parent=1594"}],"wp:term":[{"taxonomy":"folder","embeddable":true,"href":"https:\/\/www.wopg.org\/it\/wp-json\/wp\/v2\/folder?post=1594"}],"curies":[{"name":"wp","href":"https:\/\/api.w.org\/{rel}","templated":true}]}}