{"id":1618,"date":"2022-02-22T18:23:50","date_gmt":"2022-02-22T18:23:50","guid":{"rendered":"http:\/\/wopg01.local\/termini-e-condizioni\/"},"modified":"2022-02-22T18:23:51","modified_gmt":"2022-02-22T18:23:51","slug":"termini-e-condizioni","status":"publish","type":"page","link":"https:\/\/www.wopg.org\/it\/termini-e-condizioni\/","title":{"rendered":"Termini e Condizioni"},"content":{"rendered":"<p>[et_pb_section fb_built=&#8221;1&#8243; _builder_version=&#8221;3.22&#8243; global_colors_info=&#8221;{}&#8221;][et_pb_row _builder_version=&#8221;3.25&#8243; background_size=&#8221;initial&#8221; background_position=&#8221;top_left&#8221; background_repeat=&#8221;repeat&#8221; global_colors_info=&#8221;{}&#8221;][et_pb_column type=&#8221;4_4&#8243; _builder_version=&#8221;3.25&#8243; custom_padding=&#8221;|||&#8221; global_colors_info=&#8221;{}&#8221; custom_padding__hover=&#8221;|||&#8221;][et_pb_text _builder_version=&#8221;4.14.7&#8243; background_size=&#8221;initial&#8221; background_position=&#8221;top_left&#8221; background_repeat=&#8221;repeat&#8221; hover_enabled=&#8221;0&#8243; global_colors_info=&#8221;{}&#8221; sticky_enabled=&#8221;0&#8243;]<\/p>\n<div class=\"et_pb_module et_pb_text et_pb_text_0 et_pb_text_align_left et_pb_bg_layout_light\">\n<div class=\"et_pb_text_inner\">\n<p><strong>Stichting Words Of Peace Global<\/strong><br \/>\nP.O. Box 20627, 1001 NP Amsterdam, Paesi Bassi<\/p>\n<p>registrata al numero 34312991, tel. (+31) 20 416 2050, email <a href=\"mailto:info@wopg.nl\">info@wopg.nl<\/a><\/p>\n<\/div>\n<\/div>\n<div class=\"et_pb_module et_pb_divider et_pb_divider_0 et_pb_divider_position_ et_pb_space\">\n<div class=\"et_pb_divider_internal\">\n<hr \/>\n<\/div>\n<\/div>\n<div class=\"et_pb_module et_pb_text et_pb_text_1 et_pb_text_align_left et_pb_bg_layout_light\">\n<div class=\"et_pb_text_inner\">\n<h1>Termini e Condizioni<\/h1>\n<p>Wopg.org \u00e8 un servizio della Fondazione Words of Peace Global (WOPG). Questi Termini e Condizioni regolano l\u2019utilizzo dei servizi di wopg.org e del sito internet. Utilizzando, visitando, o navigando nel sito e\/o iscrivendosi a Wopg.org, l\u2019utente accetta di essere vincolato da questi Termini e Condizioni. Se non si accettano questi termini e condizioni, non si deve utilizzare il sito web. Per iscriversi al sito l\u2019utente deve aver compiuto i 18 anni di et\u00e0.<\/p>\n<p>Si prega di leggere con attenzione i presenti Termini e Condizioni perch\u00e9 riguardano i diritti dell\u2019utente. Ci riserviamo il diritto di cambiare questi Termini e Condizioni di quando in quando, a nostra esclusiva e assoluta discrezione. Per conoscere la versione pi\u00f9 recente di questi Termini e Condizioni si pu\u00f2 cliccare sul link \u201cTermini e Condizioni\u201d che si trova in tutte le pagine del sito. L\u2019utilizzo del sito web e dei nostri servizi dopo che siano state apportate modifiche, comporta che l\u2019utente accetti di essere vincolato da tali modifiche.<\/p>\n<p>WOPG pu\u00f2, a sua discrezione e senza preavviso, negare l\u2019accesso a questo sito internet qualora fosse accertato che l\u2019utente abbia violato i presenti Termini e Condizioni o altri accordi o linee guida che possono essere associati con l\u2019uso di questo sito internet.<\/p>\n<p><strong>Propriet\u00e0 intellettuale<\/strong><\/p>\n<p>Tutti i diritti esistenti nei contenuti della pagina internet WOPG, compresi i diritti d\u2019autore, sono di propriet\u00e0 di o controllati da WOPG e sono protetti sia dalle leggi olandesi, sia dalle leggi internazionali sul copyright. Accedendo a questo sito, l\u2019utente accetta di poterne scaricare i contenuti soltanto per uso personale e non commerciale. Non \u00e8 consentito trasmettere, riprodurre in pubblico, adattare o modificare in alcun modo il contenuto di questo sito senza la previa autorizzazione scritta di WOPG, con l\u2019eccezione dei contenuti del sito messi a disposizione in un modo tale che permetta di incorporarli nel vostro blog personale, o pagina di social network, e altri usi similari.<\/p>\n<p><strong>Esclusione di garanzie e limitazioni di responsabilit\u00e0<\/strong><\/p>\n<p>Sia il servizio che il sito internet WOPG con i suoi contenuti vengono forniti agli utenti \u201cnello stato in cui sono\u201d e noi non rilasciamo garanzie in alcun modo, n\u00e9 esplicito n\u00e9 implicito, riguardo al nostro servizio, al sito internet, o al suo contenuto. Non ci assumiamo alcun obbligo n\u00e9 alcuna responsabilit\u00e0 per eventuali errori od omissioni nei contenuti del sito internet, n\u00e9 per eventuali mancanze, ritardi o interruzioni nella fornitura di qualsivoglia contenuto presente sul sito, o per eventuali danni o perdite derivanti dall\u2019uso dei contenuti del sito internet, o dovuti al comportamento degli utenti del sito. Decliniamo ogni tipo di responsabilit\u00e0 o garanzia, tra cui, ad esempio, le garanzie di commerciabilit\u00e0, di idoneit\u00e0 per un scopo particolare e di non-violazione.<\/p>\n<p>In nessun caso WOPG e i suoi dirigenti, agenti o dipendenti o qualunque suo affiliato consociato, predecessore, avente diritto o sostituto di WOPG o uno qualunque dei loro dirigenti, agenti o dipendenti, sar\u00e0 responsabile, congiuntamente o disgiuntamente, per alcun danno o perdita di alcun genere, sia esso diretto, incidentale o indiretto, n\u00e9 per alcun danno derivante dalla perdita dell\u2019uso, di dati o di profitti, consapevole o meno della possibilit\u00e0 di danno, n\u00e9 per alcuna teoria di responsabilit\u00e0 che dovesse insorgere da o in connessione con l\u2019utilizzo del sito internet di WOPG, dei suoi contenuti o del nostro servizio.<\/p>\n<p>Per vostra comodit\u00e0, WOPG pu\u00f2 fornire su questo sito collegamenti testuali (link) a siti web gestiti da altre entit\u00e0. Se si utilizzano questi siti, si abbandona il sito di WOPG. Se si decide di visitare un sito collegato, lo si fa a proprio rischio e responsabilit\u00e0, assumendosi l\u2019onere di prendere tutte le misure necessarie per proteggersi contro virus o altri elementi distruttivi. WOPG non garantisce n\u00e9 tutela circa eventuali siti collegati o le informazioni in essi contenute o uno qualunque dei prodotti o dei servizi descritti in quei siti.<\/p>\n<p><strong>Norme di Diritto e Giurisdizione<\/strong><\/p>\n<p>I presenti Termini e Condizioni saranno regolate e interpretate ai sensi delle leggi dei Paesi Bassi, ad esclusione dei conflitti di norme di diritto. \u00c8 espressamente convenuto che la giurisdizione esclusiva per ogni rivendicazione o azione derivante o relativa ai presenti Termini e Condizioni o l\u2019utilizzo di questo sito internet deve essere presentata unicamente nei tribunali situati ad Amsterdam.<\/p>\n<\/div>\n<\/div>\n<p>[\/et_pb_text][\/et_pb_column][\/et_pb_row][\/et_pb_section]<\/p>\n","protected":false},"excerpt":{"rendered":"<p>Stichting Words Of Peace Global P.O. Box 20627, 1001 NP Amsterdam, Paesi Bassi registrata al numero 34312991, tel. (+31) 20 416 2050, email info@wopg.nl Termini e Condizioni Wopg.org \u00e8 un servizio della Fondazione Words of Peace Global (WOPG). Questi Termini e Condizioni regolano l\u2019utilizzo dei servizi di wopg.org e del sito internet. Utilizzando, visitando, o [&hellip;]<\/p>\n","protected":false},"author":3,"featured_media":0,"parent":0,"menu_order":0,"comment_status":"closed","ping_status":"closed","template":"","meta":{"_et_pb_use_builder":"on","_et_pb_old_content":"","_et_gb_content_width":"","cybocfi_hide_featured_image":"","footnotes":""},"folder":[],"class_list":["post-1618","page","type-page","status-publish","hentry"],"yoast_head":"<!-- This site is optimized with the Yoast SEO plugin v27.3 - https:\/\/yoast.com\/product\/yoast-seo-wordpress\/ -->\n<title>Termini e Condizioni | Words of Peace<\/title>\n<meta name=\"robots\" content=\"index, follow, max-snippet:-1, max-image-preview:large, max-video-preview:-1\" \/>\n<link rel=\"canonical\" href=\"https:\/\/www.wopg.org\/it\/termini-e-condizioni\/\" \/>\n<meta property=\"og:locale\" content=\"it_IT\" \/>\n<meta property=\"og:type\" content=\"article\" \/>\n<meta property=\"og:title\" content=\"Termini e Condizioni | Words of Peace\" \/>\n<meta property=\"og:description\" content=\"Stichting Words Of Peace Global P.O. Box 20627, 1001 NP Amsterdam, Paesi Bassi registrata al numero 34312991, tel. (+31) 20 416 2050, email info@wopg.nl Termini e Condizioni Wopg.org \u00e8 un servizio della Fondazione Words of Peace Global (WOPG). Questi Termini e Condizioni regolano l\u2019utilizzo dei servizi di wopg.org e del sito internet. Utilizzando, visitando, o [&hellip;]\" \/>\n<meta property=\"og:url\" content=\"https:\/\/www.wopg.org\/it\/termini-e-condizioni\/\" \/>\n<meta property=\"og:site_name\" content=\"Words of Peace\" \/>\n<meta property=\"article:publisher\" content=\"https:\/\/www.facebook.com\/wordsofpeaceglobal\" \/>\n<meta property=\"article:modified_time\" content=\"2022-02-22T18:23:51+00:00\" \/>\n<meta name=\"twitter:card\" content=\"summary_large_image\" \/>\n<meta name=\"twitter:site\" content=\"@wopg\" \/>\n<meta name=\"twitter:label1\" content=\"Tempo di lettura stimato\" \/>\n\t<meta name=\"twitter:data1\" content=\"4 minuti\" \/>\n<script type=\"application\/ld+json\" class=\"yoast-schema-graph\">{\"@context\":\"https:\\\/\\\/schema.org\",\"@graph\":[{\"@type\":\"WebPage\",\"@id\":\"https:\\\/\\\/www.wopg.org\\\/it\\\/termini-e-condizioni\\\/\",\"url\":\"https:\\\/\\\/www.wopg.org\\\/it\\\/termini-e-condizioni\\\/\",\"name\":\"Termini e Condizioni | Words of Peace\",\"isPartOf\":{\"@id\":\"https:\\\/\\\/www.wopg.org\\\/it\\\/#website\"},\"datePublished\":\"2022-02-22T18:23:50+00:00\",\"dateModified\":\"2022-02-22T18:23:51+00:00\",\"breadcrumb\":{\"@id\":\"https:\\\/\\\/www.wopg.org\\\/it\\\/termini-e-condizioni\\\/#breadcrumb\"},\"inLanguage\":\"it-IT\",\"potentialAction\":[{\"@type\":\"ReadAction\",\"target\":[\"https:\\\/\\\/www.wopg.org\\\/it\\\/termini-e-condizioni\\\/\"]}]},{\"@type\":\"BreadcrumbList\",\"@id\":\"https:\\\/\\\/www.wopg.org\\\/it\\\/termini-e-condizioni\\\/#breadcrumb\",\"itemListElement\":[{\"@type\":\"ListItem\",\"position\":1,\"name\":\"Home\",\"item\":\"https:\\\/\\\/www.wopg.org\\\/it\\\/\"},{\"@type\":\"ListItem\",\"position\":2,\"name\":\"Termini e Condizioni\"}]},{\"@type\":\"WebSite\",\"@id\":\"https:\\\/\\\/www.wopg.org\\\/it\\\/#website\",\"url\":\"https:\\\/\\\/www.wopg.org\\\/it\\\/\",\"name\":\"Words of Peace\",\"description\":\"Practice Peace, Change Your World\",\"publisher\":{\"@id\":\"https:\\\/\\\/www.wopg.org\\\/it\\\/#organization\"},\"potentialAction\":[{\"@type\":\"SearchAction\",\"target\":{\"@type\":\"EntryPoint\",\"urlTemplate\":\"https:\\\/\\\/www.wopg.org\\\/it\\\/?s={search_term_string}\"},\"query-input\":{\"@type\":\"PropertyValueSpecification\",\"valueRequired\":true,\"valueName\":\"search_term_string\"}}],\"inLanguage\":\"it-IT\"},{\"@type\":\"Organization\",\"@id\":\"https:\\\/\\\/www.wopg.org\\\/it\\\/#organization\",\"name\":\"Words of Peace\",\"url\":\"https:\\\/\\\/www.wopg.org\\\/it\\\/\",\"logo\":{\"@type\":\"ImageObject\",\"inLanguage\":\"it-IT\",\"@id\":\"https:\\\/\\\/www.wopg.org\\\/it\\\/#\\\/schema\\\/logo\\\/image\\\/\",\"url\":\"https:\\\/\\\/wopg.org\\\/wp-content\\\/uploads\\\/2022\\\/02\\\/Words-of-Peace-logo-website61x252.png\",\"contentUrl\":\"https:\\\/\\\/wopg.org\\\/wp-content\\\/uploads\\\/2022\\\/02\\\/Words-of-Peace-logo-website61x252.png\",\"width\":252,\"height\":61,\"caption\":\"Words of Peace\"},\"image\":{\"@id\":\"https:\\\/\\\/www.wopg.org\\\/it\\\/#\\\/schema\\\/logo\\\/image\\\/\"},\"sameAs\":[\"https:\\\/\\\/www.facebook.com\\\/wordsofpeaceglobal\",\"https:\\\/\\\/x.com\\\/wopg\",\"https:\\\/\\\/www.instagram.com\\\/wopgofficial\\\/\"]}]}<\/script>\n<!-- \/ Yoast SEO plugin. -->","yoast_head_json":{"title":"Termini e Condizioni | Words of Peace","robots":{"index":"index","follow":"follow","max-snippet":"max-snippet:-1","max-image-preview":"max-image-preview:large","max-video-preview":"max-video-preview:-1"},"canonical":"https:\/\/www.wopg.org\/it\/termini-e-condizioni\/","og_locale":"it_IT","og_type":"article","og_title":"Termini e Condizioni | Words of Peace","og_description":"Stichting Words Of Peace Global P.O. Box 20627, 1001 NP Amsterdam, Paesi Bassi registrata al numero 34312991, tel. (+31) 20 416 2050, email info@wopg.nl Termini e Condizioni Wopg.org \u00e8 un servizio della Fondazione Words of Peace Global (WOPG). Questi Termini e Condizioni regolano l\u2019utilizzo dei servizi di wopg.org e del sito internet. Utilizzando, visitando, o [&hellip;]","og_url":"https:\/\/www.wopg.org\/it\/termini-e-condizioni\/","og_site_name":"Words of Peace","article_publisher":"https:\/\/www.facebook.com\/wordsofpeaceglobal","article_modified_time":"2022-02-22T18:23:51+00:00","twitter_card":"summary_large_image","twitter_site":"@wopg","twitter_misc":{"Tempo di lettura stimato":"4 minuti"},"schema":{"@context":"https:\/\/schema.org","@graph":[{"@type":"WebPage","@id":"https:\/\/www.wopg.org\/it\/termini-e-condizioni\/","url":"https:\/\/www.wopg.org\/it\/termini-e-condizioni\/","name":"Termini e Condizioni | Words of Peace","isPartOf":{"@id":"https:\/\/www.wopg.org\/it\/#website"},"datePublished":"2022-02-22T18:23:50+00:00","dateModified":"2022-02-22T18:23:51+00:00","breadcrumb":{"@id":"https:\/\/www.wopg.org\/it\/termini-e-condizioni\/#breadcrumb"},"inLanguage":"it-IT","potentialAction":[{"@type":"ReadAction","target":["https:\/\/www.wopg.org\/it\/termini-e-condizioni\/"]}]},{"@type":"BreadcrumbList","@id":"https:\/\/www.wopg.org\/it\/termini-e-condizioni\/#breadcrumb","itemListElement":[{"@type":"ListItem","position":1,"name":"Home","item":"https:\/\/www.wopg.org\/it\/"},{"@type":"ListItem","position":2,"name":"Termini e Condizioni"}]},{"@type":"WebSite","@id":"https:\/\/www.wopg.org\/it\/#website","url":"https:\/\/www.wopg.org\/it\/","name":"Words of Peace","description":"Practice Peace, Change Your World","publisher":{"@id":"https:\/\/www.wopg.org\/it\/#organization"},"potentialAction":[{"@type":"SearchAction","target":{"@type":"EntryPoint","urlTemplate":"https:\/\/www.wopg.org\/it\/?s={search_term_string}"},"query-input":{"@type":"PropertyValueSpecification","valueRequired":true,"valueName":"search_term_string"}}],"inLanguage":"it-IT"},{"@type":"Organization","@id":"https:\/\/www.wopg.org\/it\/#organization","name":"Words of Peace","url":"https:\/\/www.wopg.org\/it\/","logo":{"@type":"ImageObject","inLanguage":"it-IT","@id":"https:\/\/www.wopg.org\/it\/#\/schema\/logo\/image\/","url":"https:\/\/wopg.org\/wp-content\/uploads\/2022\/02\/Words-of-Peace-logo-website61x252.png","contentUrl":"https:\/\/wopg.org\/wp-content\/uploads\/2022\/02\/Words-of-Peace-logo-website61x252.png","width":252,"height":61,"caption":"Words of Peace"},"image":{"@id":"https:\/\/www.wopg.org\/it\/#\/schema\/logo\/image\/"},"sameAs":["https:\/\/www.facebook.com\/wordsofpeaceglobal","https:\/\/x.com\/wopg","https:\/\/www.instagram.com\/wopgofficial\/"]}]}},"_links":{"self":[{"href":"https:\/\/www.wopg.org\/it\/wp-json\/wp\/v2\/pages\/1618","targetHints":{"allow":["GET"]}}],"collection":[{"href":"https:\/\/www.wopg.org\/it\/wp-json\/wp\/v2\/pages"}],"about":[{"href":"https:\/\/www.wopg.org\/it\/wp-json\/wp\/v2\/types\/page"}],"author":[{"embeddable":true,"href":"https:\/\/www.wopg.org\/it\/wp-json\/wp\/v2\/users\/3"}],"replies":[{"embeddable":true,"href":"https:\/\/www.wopg.org\/it\/wp-json\/wp\/v2\/comments?post=1618"}],"version-history":[{"count":2,"href":"https:\/\/www.wopg.org\/it\/wp-json\/wp\/v2\/pages\/1618\/revisions"}],"predecessor-version":[{"id":1620,"href":"https:\/\/www.wopg.org\/it\/wp-json\/wp\/v2\/pages\/1618\/revisions\/1620"}],"wp:attachment":[{"href":"https:\/\/www.wopg.org\/it\/wp-json\/wp\/v2\/media?parent=1618"}],"wp:term":[{"taxonomy":"folder","embeddable":true,"href":"https:\/\/www.wopg.org\/it\/wp-json\/wp\/v2\/folder?post=1618"}],"curies":[{"name":"wp","href":"https:\/\/api.w.org\/{rel}","templated":true}]}}