{"id":40556,"date":"2025-05-07T16:22:21","date_gmt":"2025-05-07T16:22:21","guid":{"rendered":"https:\/\/www.wopg.org\/?page_id=40556"},"modified":"2025-05-18T08:11:49","modified_gmt":"2025-05-18T08:11:49","slug":"piano-dazione-2025-2026","status":"publish","type":"page","link":"https:\/\/www.wopg.org\/it\/piano-dazione-2025-2026\/","title":{"rendered":"Piano d&#8217;azione 2025 &#8211; 2026"},"content":{"rendered":"<p>[et_pb_section fb_built=&#8221;1&#8243; admin_label=&#8221;section&#8221; _builder_version=&#8221;4.16&#8243; global_colors_info=&#8221;{}&#8221;][et_pb_row admin_label=&#8221;row&#8221; _builder_version=&#8221;4.16&#8243; background_size=&#8221;initial&#8221; background_position=&#8221;top_left&#8221; background_repeat=&#8221;repeat&#8221; global_colors_info=&#8221;{}&#8221;][et_pb_column type=&#8221;4_4&#8243; _builder_version=&#8221;4.16&#8243; custom_padding=&#8221;|||&#8221; global_colors_info=&#8221;{}&#8221; custom_padding__hover=&#8221;|||&#8221;][et_pb_text admin_label=&#8221;Text&#8221; _builder_version=&#8221;4.27.4&#8243; link_font=&#8221;|700|||||||&#8221; background_size=&#8221;initial&#8221; background_position=&#8221;top_left&#8221; background_repeat=&#8221;repeat&#8221; hover_enabled=&#8221;0&#8243; global_colors_info=&#8221;{}&#8221; sticky_enabled=&#8221;0&#8243;]<\/p>\n<h2 class=\"s1\">Words of Peace Global<\/h2>\n<p>Piano d&#8217;azione 2025 &#8211; 2026<br \/>Camera di Commercio di Amsterdam: 34312991<br \/>RSIN: 819929803<\/p>\n<p>&nbsp;<\/p>\n<h3>Indice<\/h3>\n<ol id=\"l1\">\n<li data-list-text=\"1.\"><strong>Scopo della fondazione<\/strong><\/li>\n<li data-list-text=\"2.\"><strong>Descrizione<\/strong><\/li>\n<li data-list-text=\"3.\"><strong>Attivit\u00e0 di governance<\/strong><\/li>\n<li data-list-text=\"4.\"><strong>Attivit\u00e0 della fondazione<\/strong><\/li>\n<li data-list-text=\"5.\"><strong>Raccolta fondi<\/strong><\/li>\n<li data-list-text=\"6.\"><strong>Gestione del capitale<\/strong><\/li>\n<li data-list-text=\"7.\"><strong>Amministrazione generale<\/strong><\/li>\n<li data-list-text=\"8.\"><strong>Amministrazione finanziaria<\/strong><\/li>\n<\/ol>\n<p>&nbsp;<\/p>\n<p><strong>1. Scopo della fondazione<\/strong><\/p>\n<p>Il testo dello statuto relativo all&#8217;obiettivo \u00e8 il seguente: &#8220;Lo scopo per il quale questa fondazione \u00e8 stata istituita comprende attivit\u00e0 di beneficenza, educative e scientifiche, compresa la promozione del messaggio di pace come lo esprime il Sig. Prem Rawat&#8221;.<\/p>\n<p>Ci\u00f2 significa in pratica che tutte le attivit\u00e0 di Words Of Peace Global Foundation (WOPG) hanno il fine di informare in tutto il mondo il pubblico sulla possibilit\u00e0 di pace personale, come viene offerta da Prem Rawat.<\/p>\n<p><strong>2. Descrizione<\/strong><\/p>\n<p>Fondata nel 2008, WOPG, si impegna alla trasparenza e alle pratiche finanziarie etiche dall&#8217;alto verso il basso ed \u00e8 politicamente e finanziariamente indipendente da qualunque governo, ideologia politica, interesse economico o fede religiosa.<\/p>\n<p>La fondazione non ha scopo di lucro e non d\u00e0 alcuna distribuzione di reddito o altri pagamenti a beneficio personale di alcun privato. Gli interessi sono puramente generali nel loro carattere. WOPG \u00e8 riconosciuta dalle autorit\u00e0 fiscali olandesi come Ente di pubblica utilit\u00e0 (ANBI).<\/p>\n<p>WOPG \u00e8 iscritta alla Camera di Commercio di Amsterdam con il numero 34312991; l&#8217;RSIN (in precedenza numero fiscale) \u00e8: 819929803. La sede legale si trova all&#8217;indirizzo Tweede J. van Campenstraat 117C, 1073 XR ad Amsterdam.<\/p>\n<p>L&#8217;indirizzo postale \u00e8: P.O. Box 20627, 1001 NP ad Amsterdam.<\/p>\n<p>Le informazioni sono disponibili sul sito web <a href=\"https:\/\/www.wopg.org\/it\" target=\"_blank\" rel=\"noopener\">www.wopg.org<\/a>.<\/p>\n<p><strong>3. Attivit\u00e0 di governance<\/strong><\/p>\n<p>Il consiglio di amministrazione di WOPG \u00e8 composto dai seguenti membri.<\/p>\n<ul id=\"l3\">\n<li data-list-text=\"\uf0a7\">Mr. Roland Peter Klepzig, presidente, tesoriere e CEO<\/li>\n<li data-list-text=\"\uf0a7\">Mr. Bart Bender, segretario<\/li>\n<li data-list-text=\"\uf0a7\">Mr. Gerardus Theodorus Johannes Heinst, consigliere<\/li>\n<\/ul>\n<p>I membri del Consiglio non ricevono alcuna retribuzione se non la copertura delle spese.<\/p>\n<p>Il consiglio si riunir\u00e0 tutte le volte che le attivit\u00e0 lo richiederanno, ma almeno formalmente due volte all&#8217;anno. Sar\u00e0 tenuta una relazione ad ogni riunione formale. Tra una riunione formale e l&#8217;altra, il consiglio si tiene in contatto via e-mail, telefono o Zoom.<\/p>\n<p>Tra le altre cose, le riunioni del consiglio confermano le decisioni prese da almeno due membri del consiglio di amministrazione negli ultimi mesi e discutono le attivit\u00e0 intraprese o da intraprendere.<\/p>\n<p>Ogni anno a novembre viene redatto un bilancio annuale che sar\u00e0 poi presentato al consiglio di amministrazione in dicembre. I bilanci riveduti sono preparati, se necessario, nel corso dell&#8217;anno. Prima del 1\u00b0 luglio il consiglio di amministrazione prepara ed elabora il bilancio e lo stato delle entrate e delle spese della fondazione, che saranno tempestivamente pubblicati sul sito web di WOPG in conformit\u00e0 con la normativa vigente in materia di ANBI.<\/p>\n<p><strong>4. Attivit\u00e0 della fondazione<\/strong><\/p>\n<p>WOPG raggiunge i suoi obiettivi tramite le seguenti attivit\u00e0:<\/p>\n<p>4.1 Sostenere in tutto il mondo eventi in cui viene trasmesso il messaggio di pace personale e di conoscenza di s\u00e9 (conferenze, convegni, seminari, incontri). La partecipazione a tali eventi varia da 20 individui a 300.000.<\/p>\n<p>4.2 Sostenere le persone giuridiche (organizzazioni e gruppi di persone) in qualunque parte del mondo nel perseguimento di attivit\u00e0 senza scopo di lucro coerenti con gli obiettivi filantropici della fondazione, come dimostrano le attivit\u00e0 concrete di tali persone giuridiche.<\/p>\n<p>4.3  Dare informazioni al pubblico sui prossimi eventi e sulla necessit\u00e0 del loro sostegno finanziario, ove necessario.<\/p>\n<p>Durante tutto l\u2019anno vengono organizzati eventi e incontri pubblicizzati al pubblico e\/o ai sostenitori, nonch\u00e9 per invito, con la partecipazione di organizzazioni in vari paesi, come indicato al punto 4.2. Anche i governi e i parlamenti, le istituzioni educative (universit\u00e0 incluse), istituzioni statali, le grandi imprese e altri gruppi interessati possono fungere da entit\u00e0 organizzatrici per questi eventi.<\/p>\n<p>Ogni anno viene pubblicata una panoramica degli eventi pi\u00f9 importanti sostenuti da WOPG in tutto il mondo, sotto forma di <i>Relazione di Attivit\u00e0<\/i>, sul sito web di WOPG.<\/p>\n<p class=\"s8\">I video registrati dagli eventi si possono guardare su Internet, ad esempio su YouTube; parti di essi costituiscono la base di alcuni corsi gratuiti gestiti da volontari, come il\u00a0<strong><a href=\"https:\/\/tprf.org\/it\/category\/peace-education-program-it\/\" target=\"_blank\" rel=\"noopener\">Programma di Educazione alla Pace<\/a><\/strong>\u00a0(PEP), che si \u00e8 dimostrato molto efficace in molti tipi di istituzioni in tutto il mondo. Ad esempio, il\u00a0<strong><a href=\"https:\/\/tprf.org\/it\/gli-istituti-di-correzione-italiani-estendono-il-programma-di-educazione-alla-pace\/\" target=\"_blank\" rel=\"noopener\">Ministero della Giustizia italiano<\/a><\/strong>, ha ritenuto si possa estendere il programma PEP a tutti gli istituti di correzione italiani.<\/p>\n<p><strong>5. Raccolta fondi<\/strong><\/p>\n<p>Per poter realizzare i propri obiettivi caritatevoli, WOPG \u00e8 coinvolta in campagne di raccolta fondi. WOPG riceve i suoi ricavi esclusivamente da donazioni e sovvenzioni, inclusi lasciti occasionali. Le donazioni provengono principalmente da molte migliaia di individui di tutto il mondo, ma comprendono anche sovvenzioni di organizzazioni che la pensano allo stesso modo, come Words of Peace International, un\u2019organizzazione senza scopo di lucro classificata come 501 (c) (3) negli Stati Uniti.<\/p>\n<p>Le donazioni mensili singole e ricorrenti vengono ricevute tramite il sito Web di WOPG e anche direttamente sui conti bancari di WOPG tramite bonifici bancari. Il Consiglio di WOPG decide l&#8217;uso delle donazioni per realizzare gli scopi della fondazione. WOPG fornir\u00e0 un rendiconto che include tutte le donazioni ricevute.<\/p>\n<p>Parte dell&#8217;obiettivo della raccolta fondi, \u00e8 che la fondazione possa effettuare donazioni o sovvenzioni a persone giuridiche con lo stesso obiettivo, come evidenziato dalle attivit\u00e0 concrete di queste persone giuridiche. Nel caso di donazioni o sovvenzioni a persone giuridiche straniere, le normative fiscali vigenti sono rigorosamente applicate e in genere tutte le donazioni o sovvenzioni vengono effettuate sulla base di un accordo di sovvenzione scritto, documentando lo scopo per cui viene effettuata la donazione o la sovvenzione. Le donazioni vengono sempre concesse solo a persone o persone giuridiche allo scopo di fornire sostegno finanziario per un&#8217;attivit\u00e0 senza scopo di lucro coerente con la portata delle attivit\u00e0 che sarebbero consentite in conformit\u00e0 con gli obiettivi di beneficenza di WOPG.<\/p>\n<p><strong>6. Gestione del capitale<\/strong><\/p>\n<p>Il capitale maturato dalla fondazione non pu\u00f2 essere destinato da un solo membro del consiglio di amministrazione, ma solo da due membri del consiglio di amministrazione che agiscono insieme. La fondazione non destiner\u00e0 pi\u00f9 capitale di quello ritenuto ragionevole e necessario per la buona prosecuzione delle attivit\u00e0 previste per il raggiungimento degli obiettivi della fondazione.<\/p>\n<p>Come accennato al paragrafo 5, il Consiglio di WOPG decide l&#8217;uso delle donazioni per realizzare gli scopi della fondazione e WOPG fornir\u00e0 un rendiconto che include tutte le donazioni ricevute.<\/p>\n<p>Tutti i pagamenti effettuati da WOPG vengono effettuati elettronicamente tramite online banking. La doppia autorizzazione da parte dei firmatari autorizzati \u00e8 in vigore su tutti i conti. Sono autorizzati solo i pagamenti pre-approvati. Le attivit\u00e0 di WOPG sono prevalentemente in contanti. I conti correnti sono tenuti presso la banca ABN AMRO nei Paesi Bassi.<\/p>\n<p>Non ci sono conti di risparmio o di investimento.<\/p>\n<p>Al fine di poter gestire i vari processi all&#8217;interno di WOPG in modo strutturato e controllato, sono state redatte le seguenti procedure per la concessione di donazioni.<\/p>\n<ul id=\"l5\" style=\"text-align: left;\">\n<li data-list-text=\"\uf0a7\">Le persone e le organizzazioni senza scopo di lucro che desiderano ricevere una donazione devono presentare una richiesta a WOPG.<\/li>\n<li data-list-text=\"\uf0a7\">Tali richieste di donazione devono essere accompagnate da una descrizione dello scopo per cui deve essere utilizzata la donazione.<\/li>\n<li data-list-text=\"\uf0a7\">Il consiglio di WOPG (almeno due membri) decide se la donazione richiesta debba essere erogata. Il consiglio pu\u00f2 mettere determinate condizioni alla concessione della donazione per quanto riguarda lo scopo preciso del suo utilizzo.<\/li>\n<li data-list-text=\"\uf0a7\">WOPG si aspetta che il destinatario confermi la ricezione della donazione con una relazione che dimostri che i fondi sono stati utilizzati per lo scopo richiesto.<\/li>\n<li data-list-text=\"\uf0a7\">Il consiglio di amministrazione svolge la selezione in relazione alle richieste di finanziamento.<\/li>\n<\/ul>\n<p><strong>7. Amministrazione generale<\/strong><\/p>\n<p>I conti di WOPG sono mantenuti in modo chiaro e trasparente. I costi di gestione e raccolta fondi vengono regolarmente valutati, per garantire che siano limitati al minimo necessario. Tra gli altri, sono conservati nell&#8217;amministrazione i seguenti documenti:<\/p>\n<ul id=\"l6\" style=\"text-align: left;\">\n<li data-list-text=\"\uf0a7\">Estratti dei conti e prove relative alle donazioni concesse.<\/li>\n<li data-list-text=\"\uf0a7\">La tipologia e l\u2019ammontare delle entrate e del capitale della fondazione.<\/li>\n<li data-list-text=\"\uf0a7\">Le somme spese per la raccolta fondi e per la gestione della fondazione. Deve esistere un rapporto ragionevole tra costi e spese, e ci\u00f2 sar\u00e0 gestito dal consiglio.<\/li>\n<li data-list-text=\"\uf0a7\">Gli importi versati a qualsiasi membro del consiglio di amministrazione per il rimborso delle spese.<\/li>\n<li data-list-text=\"\uf0a7\">Contabilit\u00e0 finanziaria generale.<\/li>\n<\/ul>\n<p><strong>8. Amministrazione finanziaria <\/strong><\/p>\n<p>L&#8217;amministrazione finanziaria \u00e8 organizzata in modo tale che i seguenti punti siano visibili in modo trasparente.<\/p>\n<ul id=\"l7\">\n<li style=\"text-align: left;\" data-list-text=\"\uf0a7\">I costi di gestione sono ben al di sotto della norma, perch\u00e9 WOPG lavora principalmente con volontari. La politica di gestione mira a mantenere questo punto di partenza.<\/li>\n<li style=\"text-align: left;\" data-list-text=\"\uf0a7\">Anche l&#8217;importo dei fondi utilizzati per la raccolta fondi \u00e8 stato moderato, negli ultimi anni. Il consiglio si sforza di mantenere questo come punto di partenza nella raccolta di fondi.<\/li>\n<li style=\"text-align: left;\" data-list-text=\"\uf0a7\">Oltre ai costi di gestione e ai costi di raccolta fondi, tutti i fondi disponibili vengono spesi in conformit\u00e0 con l&#8217;obiettivo statutario della fondazione. Questa strategia \u00e8 di natura strutturale.<\/li>\n<li style=\"text-align: left;\" data-list-text=\"\uf0a7\">Secondo lo statuto della Fondazione i membri della direzione non vengono retribuiti, ma possono ricevere rimborsi spese. La politica di assunzione e remunerazione della dirigenza e del personale si basa sui seguenti principi: Ove possibile, le funzioni direttive e del personale a tutti i livelli sono svolte da volontari qualificati. Solo quando strettamente necessario, le funzioni direttive e del personale di WOPG sono svolte da impiegati o appaltatori. La remunerazione di questi impiegati\/appaltatori \u00e8 modesta.<\/li>\n<li style=\"text-align: left;\" data-list-text=\"\uf0a7\">Sicurezza dei dati: WOPG utilizza fornitori esterni per il suo sistema di gestione dei donatori e per i suoi registri contabili. Entrambi i fornitori hanno verificato la sicurezza dei loro sistemi in termini di protezione dalle violazioni dei dati ed entrambi effettuano regolarmente copie di sicurezza dei dati su server indipendenti. Inoltre, WOPG ha una copia di sicurezza anche dei dati contabili, quindi se si rendesse necessario, le scritture contabili potrebbero (con un po\u2019 di lavoro) essere ricostruite in modo indipendente senza ricorrere al fornitore. I file e i documenti cartacei vengono conservati presso le abitazioni del personale contabile di WOPG fino a quando non vengono conservati nell&#8217;archivio sicuro di Amsterdam. Il rischio di ci\u00f2 \u00e8 mitigato dal fatto che tutti i documenti sono anche depositati elettronicamente presso pi\u00f9 di un membro del personale che ha accesso.<\/li>\n<\/ul>\n<p>[\/et_pb_text][et_pb_button button_url=&#8221;https:\/\/eadn-wc03-5903292.nxedge.io\/wp-content\/uploads\/2025\/05\/WOPG-Policy-Plan-May-2025-2026_ITA-4.pdf&#8221; button_text=&#8221;Versione stampabile&#8221; button_alignment=&#8221;right&#8221; _builder_version=&#8221;4.27.4&#8243; _module_preset=&#8221;default&#8221; global_colors_info=&#8221;{}&#8221;][\/et_pb_button][\/et_pb_column][\/et_pb_row][\/et_pb_section]<\/p>\n","protected":false},"excerpt":{"rendered":"<p>Words of Peace Global Piano d&#8217;azione 2025 &#8211; 2026Camera di Commercio di Amsterdam: 34312991RSIN: 819929803 &nbsp; Indice Scopo della fondazione Descrizione Attivit\u00e0 di governance Attivit\u00e0 della fondazione Raccolta fondi Gestione del capitale Amministrazione generale Amministrazione finanziaria &nbsp; 1. Scopo della fondazione Il testo dello statuto relativo all&#8217;obiettivo \u00e8 il seguente: &#8220;Lo scopo per il quale [&hellip;]<\/p>\n","protected":false},"author":14,"featured_media":0,"parent":0,"menu_order":0,"comment_status":"closed","ping_status":"closed","template":"","meta":{"_et_pb_use_builder":"on","_et_pb_old_content":"","_et_gb_content_width":"","footnotes":""},"folder":[],"class_list":["post-40556","page","type-page","status-publish","hentry"],"yoast_head":"<!-- This site is optimized with the Yoast SEO plugin v27.3 - https:\/\/yoast.com\/product\/yoast-seo-wordpress\/ -->\n<title>Piano d&#039;azione 2025 - 2026 | Words of Peace<\/title>\n<meta name=\"robots\" content=\"index, follow, max-snippet:-1, max-image-preview:large, max-video-preview:-1\" \/>\n<link rel=\"canonical\" href=\"https:\/\/www.wopg.org\/it\/piano-dazione-2025-2026\/\" \/>\n<meta property=\"og:locale\" content=\"it_IT\" \/>\n<meta property=\"og:type\" content=\"article\" \/>\n<meta property=\"og:title\" content=\"Piano d&#039;azione 2025 - 2026 | Words of Peace\" \/>\n<meta property=\"og:description\" content=\"Words of Peace Global Piano d&#039;azione 2025 - 2026Camera di Commercio di Amsterdam: 34312991RSIN: 819929803 &nbsp; Indice Scopo della fondazione Descrizione Attivit\u00e0 di governance Attivit\u00e0 della fondazione Raccolta fondi Gestione del capitale Amministrazione generale Amministrazione finanziaria &nbsp; 1. Scopo della fondazione Il testo dello statuto relativo all&#039;obiettivo \u00e8 il seguente: &quot;Lo scopo per il quale [&hellip;]\" \/>\n<meta property=\"og:url\" content=\"https:\/\/www.wopg.org\/it\/piano-dazione-2025-2026\/\" \/>\n<meta property=\"og:site_name\" content=\"Words of Peace\" \/>\n<meta property=\"article:publisher\" content=\"https:\/\/www.facebook.com\/wordsofpeaceglobal\" \/>\n<meta property=\"article:modified_time\" content=\"2025-05-18T08:11:49+00:00\" \/>\n<meta name=\"twitter:card\" content=\"summary_large_image\" \/>\n<meta name=\"twitter:site\" content=\"@wopg\" \/>\n<meta name=\"twitter:label1\" content=\"Tempo di lettura stimato\" \/>\n\t<meta name=\"twitter:data1\" content=\"9 minuti\" \/>\n<script type=\"application\/ld+json\" class=\"yoast-schema-graph\">{\"@context\":\"https:\\\/\\\/schema.org\",\"@graph\":[{\"@type\":\"WebPage\",\"@id\":\"https:\\\/\\\/www.wopg.org\\\/it\\\/piano-dazione-2025-2026\\\/\",\"url\":\"https:\\\/\\\/www.wopg.org\\\/it\\\/piano-dazione-2025-2026\\\/\",\"name\":\"Piano d'azione 2025 - 2026 | Words of Peace\",\"isPartOf\":{\"@id\":\"https:\\\/\\\/www.wopg.org\\\/it\\\/#website\"},\"datePublished\":\"2025-05-07T16:22:21+00:00\",\"dateModified\":\"2025-05-18T08:11:49+00:00\",\"breadcrumb\":{\"@id\":\"https:\\\/\\\/www.wopg.org\\\/it\\\/piano-dazione-2025-2026\\\/#breadcrumb\"},\"inLanguage\":\"it-IT\",\"potentialAction\":[{\"@type\":\"ReadAction\",\"target\":[\"https:\\\/\\\/www.wopg.org\\\/it\\\/piano-dazione-2025-2026\\\/\"]}]},{\"@type\":\"BreadcrumbList\",\"@id\":\"https:\\\/\\\/www.wopg.org\\\/it\\\/piano-dazione-2025-2026\\\/#breadcrumb\",\"itemListElement\":[{\"@type\":\"ListItem\",\"position\":1,\"name\":\"Home\",\"item\":\"https:\\\/\\\/www.wopg.org\\\/it\\\/\"},{\"@type\":\"ListItem\",\"position\":2,\"name\":\"Piano d&#8217;azione 2025 &#8211; 2026\"}]},{\"@type\":\"WebSite\",\"@id\":\"https:\\\/\\\/www.wopg.org\\\/it\\\/#website\",\"url\":\"https:\\\/\\\/www.wopg.org\\\/it\\\/\",\"name\":\"Words of Peace\",\"description\":\"Practice Peace, Change Your World\",\"publisher\":{\"@id\":\"https:\\\/\\\/www.wopg.org\\\/it\\\/#organization\"},\"potentialAction\":[{\"@type\":\"SearchAction\",\"target\":{\"@type\":\"EntryPoint\",\"urlTemplate\":\"https:\\\/\\\/www.wopg.org\\\/it\\\/?s={search_term_string}\"},\"query-input\":{\"@type\":\"PropertyValueSpecification\",\"valueRequired\":true,\"valueName\":\"search_term_string\"}}],\"inLanguage\":\"it-IT\"},{\"@type\":\"Organization\",\"@id\":\"https:\\\/\\\/www.wopg.org\\\/it\\\/#organization\",\"name\":\"Words of Peace\",\"url\":\"https:\\\/\\\/www.wopg.org\\\/it\\\/\",\"logo\":{\"@type\":\"ImageObject\",\"inLanguage\":\"it-IT\",\"@id\":\"https:\\\/\\\/www.wopg.org\\\/it\\\/#\\\/schema\\\/logo\\\/image\\\/\",\"url\":\"https:\\\/\\\/wopg.org\\\/wp-content\\\/uploads\\\/2022\\\/02\\\/Words-of-Peace-logo-website61x252.png\",\"contentUrl\":\"https:\\\/\\\/wopg.org\\\/wp-content\\\/uploads\\\/2022\\\/02\\\/Words-of-Peace-logo-website61x252.png\",\"width\":252,\"height\":61,\"caption\":\"Words of Peace\"},\"image\":{\"@id\":\"https:\\\/\\\/www.wopg.org\\\/it\\\/#\\\/schema\\\/logo\\\/image\\\/\"},\"sameAs\":[\"https:\\\/\\\/www.facebook.com\\\/wordsofpeaceglobal\",\"https:\\\/\\\/x.com\\\/wopg\",\"https:\\\/\\\/www.instagram.com\\\/wopgofficial\\\/\"]}]}<\/script>\n<!-- \/ Yoast SEO plugin. -->","yoast_head_json":{"title":"Piano d'azione 2025 - 2026 | Words of Peace","robots":{"index":"index","follow":"follow","max-snippet":"max-snippet:-1","max-image-preview":"max-image-preview:large","max-video-preview":"max-video-preview:-1"},"canonical":"https:\/\/www.wopg.org\/it\/piano-dazione-2025-2026\/","og_locale":"it_IT","og_type":"article","og_title":"Piano d'azione 2025 - 2026 | Words of Peace","og_description":"Words of Peace Global Piano d'azione 2025 - 2026Camera di Commercio di Amsterdam: 34312991RSIN: 819929803 &nbsp; Indice Scopo della fondazione Descrizione Attivit\u00e0 di governance Attivit\u00e0 della fondazione Raccolta fondi Gestione del capitale Amministrazione generale Amministrazione finanziaria &nbsp; 1. Scopo della fondazione Il testo dello statuto relativo all'obiettivo \u00e8 il seguente: \"Lo scopo per il quale [&hellip;]","og_url":"https:\/\/www.wopg.org\/it\/piano-dazione-2025-2026\/","og_site_name":"Words of Peace","article_publisher":"https:\/\/www.facebook.com\/wordsofpeaceglobal","article_modified_time":"2025-05-18T08:11:49+00:00","twitter_card":"summary_large_image","twitter_site":"@wopg","twitter_misc":{"Tempo di lettura stimato":"9 minuti"},"schema":{"@context":"https:\/\/schema.org","@graph":[{"@type":"WebPage","@id":"https:\/\/www.wopg.org\/it\/piano-dazione-2025-2026\/","url":"https:\/\/www.wopg.org\/it\/piano-dazione-2025-2026\/","name":"Piano d'azione 2025 - 2026 | Words of Peace","isPartOf":{"@id":"https:\/\/www.wopg.org\/it\/#website"},"datePublished":"2025-05-07T16:22:21+00:00","dateModified":"2025-05-18T08:11:49+00:00","breadcrumb":{"@id":"https:\/\/www.wopg.org\/it\/piano-dazione-2025-2026\/#breadcrumb"},"inLanguage":"it-IT","potentialAction":[{"@type":"ReadAction","target":["https:\/\/www.wopg.org\/it\/piano-dazione-2025-2026\/"]}]},{"@type":"BreadcrumbList","@id":"https:\/\/www.wopg.org\/it\/piano-dazione-2025-2026\/#breadcrumb","itemListElement":[{"@type":"ListItem","position":1,"name":"Home","item":"https:\/\/www.wopg.org\/it\/"},{"@type":"ListItem","position":2,"name":"Piano d&#8217;azione 2025 &#8211; 2026"}]},{"@type":"WebSite","@id":"https:\/\/www.wopg.org\/it\/#website","url":"https:\/\/www.wopg.org\/it\/","name":"Words of Peace","description":"Practice Peace, Change Your World","publisher":{"@id":"https:\/\/www.wopg.org\/it\/#organization"},"potentialAction":[{"@type":"SearchAction","target":{"@type":"EntryPoint","urlTemplate":"https:\/\/www.wopg.org\/it\/?s={search_term_string}"},"query-input":{"@type":"PropertyValueSpecification","valueRequired":true,"valueName":"search_term_string"}}],"inLanguage":"it-IT"},{"@type":"Organization","@id":"https:\/\/www.wopg.org\/it\/#organization","name":"Words of Peace","url":"https:\/\/www.wopg.org\/it\/","logo":{"@type":"ImageObject","inLanguage":"it-IT","@id":"https:\/\/www.wopg.org\/it\/#\/schema\/logo\/image\/","url":"https:\/\/wopg.org\/wp-content\/uploads\/2022\/02\/Words-of-Peace-logo-website61x252.png","contentUrl":"https:\/\/wopg.org\/wp-content\/uploads\/2022\/02\/Words-of-Peace-logo-website61x252.png","width":252,"height":61,"caption":"Words of Peace"},"image":{"@id":"https:\/\/www.wopg.org\/it\/#\/schema\/logo\/image\/"},"sameAs":["https:\/\/www.facebook.com\/wordsofpeaceglobal","https:\/\/x.com\/wopg","https:\/\/www.instagram.com\/wopgofficial\/"]}]}},"_links":{"self":[{"href":"https:\/\/www.wopg.org\/it\/wp-json\/wp\/v2\/pages\/40556","targetHints":{"allow":["GET"]}}],"collection":[{"href":"https:\/\/www.wopg.org\/it\/wp-json\/wp\/v2\/pages"}],"about":[{"href":"https:\/\/www.wopg.org\/it\/wp-json\/wp\/v2\/types\/page"}],"author":[{"embeddable":true,"href":"https:\/\/www.wopg.org\/it\/wp-json\/wp\/v2\/users\/14"}],"replies":[{"embeddable":true,"href":"https:\/\/www.wopg.org\/it\/wp-json\/wp\/v2\/comments?post=40556"}],"version-history":[{"count":25,"href":"https:\/\/www.wopg.org\/it\/wp-json\/wp\/v2\/pages\/40556\/revisions"}],"predecessor-version":[{"id":40935,"href":"https:\/\/www.wopg.org\/it\/wp-json\/wp\/v2\/pages\/40556\/revisions\/40935"}],"wp:attachment":[{"href":"https:\/\/www.wopg.org\/it\/wp-json\/wp\/v2\/media?parent=40556"}],"wp:term":[{"taxonomy":"folder","embeddable":true,"href":"https:\/\/www.wopg.org\/it\/wp-json\/wp\/v2\/folder?post=40556"}],"curies":[{"name":"wp","href":"https:\/\/api.w.org\/{rel}","templated":true}]}}