{"id":44787,"date":"2025-11-17T17:56:32","date_gmt":"2025-11-17T17:56:32","guid":{"rendered":"https:\/\/www.wopg.org\/volontariato\/"},"modified":"2026-04-04T16:06:30","modified_gmt":"2026-04-04T16:06:30","slug":"volontariato","status":"publish","type":"page","link":"https:\/\/www.wopg.org\/it\/volontariato\/","title":{"rendered":"Volontariato"},"content":{"rendered":"<p>[et_pb_section fb_built=&#8221;1&#8243; fullwidth=&#8221;on&#8221; _builder_version=&#8221;4.24.3&#8243; _module_preset=&#8221;default&#8221; background_color=&#8221;RGBA(255,255,255,0)&#8221; global_colors_info=&#8221;{}&#8221;][et_pb_fullwidth_image src=&#8221;https:\/\/eadn-wc03-5903292.nxedge.io\/wp-content\/uploads\/2025\/11\/Volunteers-01.jpg&#8221; alt=&#8221;Prem Rawat&#8221; title_text=&#8221;Volunteers-01&#8243; _builder_version=&#8221;4.27.4&#8243; _module_preset=&#8221;default&#8221; global_colors_info=&#8221;{}&#8221;][\/et_pb_fullwidth_image][\/et_pb_section][et_pb_section fb_built=&#8221;1&#8243; _builder_version=&#8221;4.27.4&#8243; background_color=&#8221;RGBA(255,255,255,0)&#8221; custom_padding=&#8221;||0px||false|false&#8221; global_colors_info=&#8221;{}&#8221;][et_pb_row column_padding_mobile=&#8221;on&#8221; _builder_version=&#8221;4.24.3&#8243; background_size=&#8221;initial&#8221; background_position=&#8221;top_left&#8221; background_repeat=&#8221;repeat&#8221; custom_padding=&#8221;0px||0px||false|false&#8221; border_color_bottom=&#8221;#008B73&#8243; make_fullwidth=&#8221;off&#8221; use_custom_width=&#8221;off&#8221; width_unit=&#8221;on&#8221; global_colors_info=&#8221;{}&#8221;][et_pb_column type=&#8221;4_4&#8243; _builder_version=&#8221;4.18.0&#8243; global_colors_info=&#8221;{}&#8221; custom_padding__hover=&#8221;|||&#8221; custom_padding__hover_enabled=&#8221;on|desktop&#8221;][et_pb_text _builder_version=&#8221;4.27.5&#8243; header_text_color=&#8221;#008B73&#8243; header_2_line_height=&#8221;2em&#8221; header_3_line_height=&#8221;2em&#8221; header_4_text_color=&#8221;#4D4D4D&#8221; header_4_font_size=&#8221;30px&#8221; header_4_line_height=&#8221;2.5em&#8221; background_size=&#8221;initial&#8221; background_position=&#8221;top_left&#8221; background_repeat=&#8221;repeat&#8221; text_orientation=&#8221;center&#8221; module_alignment=&#8221;center&#8221; use_border_color=&#8221;off&#8221; global_colors_info=&#8221;{}&#8221;]<\/p>\n<h1 class=\"p1\"><span style=\"font-weight: 400;\">Opportunit\u00e0 di volontariato nel Team Eventi di Words of Peace<\/span><\/h1>\n<p>[\/et_pb_text][et_pb_text disabled_on=&#8221;off|off|off&#8221; _builder_version=&#8221;4.27.5&#8243; _module_preset=&#8221;default&#8221; custom_margin=&#8221;||0px||false|false&#8221; hover_enabled=&#8221;0&#8243; global_colors_info=&#8221;{}&#8221; sticky_enabled=&#8221;0&#8243;]<\/p>\n<p dir=\"ltr\"><span style=\"font-weight: 400;\">Words of Peace sta introducendo un nuovo approccio per regionalizzare la struttura del team degli eventi. Questo permetter\u00e0 maggiore flessibilit\u00e0 nella pianificazione degli eventi di Prem Rawat e ti dar\u00e0 l&#8217;opportunit\u00e0, come volontario, di unirti al team nelle produzioni e in altre attivit\u00e0 dell&#8217;evento.<\/span><\/p>\n<p><\/p>\n<p><span style=\"font-weight: 400;\">Ora vengono offerti i seguenti ruoli:<\/span><\/p>\n<p>[\/et_pb_text][\/et_pb_column][\/et_pb_row][\/et_pb_section][et_pb_section fb_built=&#8221;1&#8243; disabled_on=&#8221;off|off|off&#8221; _builder_version=&#8221;4.27.5&#8243; _module_preset=&#8221;default&#8221; custom_padding=&#8221;0px||0px||false|false&#8221; global_colors_info=&#8221;{}&#8221;][et_pb_row _builder_version=&#8221;4.27.4&#8243; _module_preset=&#8221;default&#8221; global_colors_info=&#8221;{}&#8221;][et_pb_column type=&#8221;4_4&#8243; _builder_version=&#8221;4.27.4&#8243; _module_preset=&#8221;default&#8221; global_colors_info=&#8221;{}&#8221;][et_pb_text _builder_version=&#8221;4.27.5&#8243; _module_preset=&#8221;default&#8221; ul_line_height=&#8221;2em&#8221; header_3_font=&#8221;||||||||&#8221; header_3_text_color=&#8221;#008B73&#8243; header_3_font_size=&#8221;24px&#8221; header_3_line_height=&#8221;2em&#8221; custom_padding=&#8221;|||20px|false|false&#8221; hover_enabled=&#8221;0&#8243; global_colors_info=&#8221;{}&#8221; sticky_enabled=&#8221;0&#8243;]<\/p>\n<ul>\n<li class=\"p1\">Responsabile locale audio e operatore<\/li>\n<li class=\"p1\">Autista e trovarobe locale<\/li>\n<li class=\"p1\">Assistente globale progettazione<\/li>\n<li class=\"p1\">Responsabile locale produzioni<\/li>\n<li class=\"p1\">Addetto regionale agli acquisti e prenotazioni<\/li>\n<li class=\"p1\">Responsabile locale allestimento<\/li>\n<li class=\"p1\">Assistente locale allestimento palco<\/li>\n<li class=\"p1\">Assistente locale allestimento palco e falegname<\/li>\n<li class=\"p1\">Responsabile locale allestimento palco<\/li>\n<li class=\"p1\">Responsabile tecnico traduzioni regionale<\/li>\n<li class=\"p1\">Responsabile e operatore video locale<\/li>\n<li class=\"p1\">Responsabile e operatore luci locale<\/li>\n<li class=\"p1\">Coordinatore locale evento<\/li>\n<li class=\"p1\">Responsabile locale biglietteria e assegnazione posti<\/li>\n<li class=\"p1\">Contatto regionale per le produzioni<\/li>\n<li class=\"p1\">Assistente locale biglietteria e assegnazione posti<\/li>\n<li class=\"p1\">Responsabile regionale registrazioni<\/li>\n<li class=\"p1\">Coordinatore locale posti prime file<\/li>\n<li class=\"p1\">Coordinatore locale della lobby<\/li>\n<li class=\"p1\">Assistenti locali per la lobby<\/li>\n<li class=\"p1\">Addetto locale all\u2019accoglienza<\/li>\n<li class=\"p1\">Coordinatore locale degli addetti all\u2019accoglienza<\/li>\n<li class=\"p1\">Assistente locale produzioni<\/li>\n<\/ul>\n<p>[\/et_pb_text][et_pb_text _builder_version=&#8221;4.27.5&#8243; _module_preset=&#8221;default&#8221; custom_margin=&#8221;||0px||false|false&#8221; global_colors_info=&#8221;{}&#8221;]<\/p>\n<p><a href=\"https:\/\/gamma.app\/docs\/Italian-Volunteer-Portal-Guide-EVOL-rwwtd1atappndft?mode=present#card-nj1d923g1fu1swz\" target=\"_blank\" rel=\"noopener\">Guida al Portale dei Volontari<\/a>. Scopri di pi\u00f9 qui<\/span>: <strong><a href=\"https:\/\/www.wopg.org\/it\/evol-e-ora-attivo\/\" target=\"_blank\" rel=\"noopener\">EVOL<\/a><\/strong><\/p>\n<p>[\/et_pb_text][\/et_pb_column][\/et_pb_row][\/et_pb_section][et_pb_section fb_built=&#8221;1&#8243; disabled_on=&#8221;on|on|on&#8221; _builder_version=&#8221;4.27.5&#8243; _module_preset=&#8221;default&#8221; custom_padding=&#8221;0px||0px||false|false&#8221; disabled=&#8221;on&#8221; global_colors_info=&#8221;{}&#8221;][et_pb_row _builder_version=&#8221;4.27.5&#8243; _module_preset=&#8221;default&#8221; global_colors_info=&#8221;{}&#8221;][et_pb_column type=&#8221;4_4&#8243; _builder_version=&#8221;4.27.5&#8243; _module_preset=&#8221;default&#8221; global_colors_info=&#8221;{}&#8221;][et_pb_text _builder_version=&#8221;4.27.5&#8243; _module_preset=&#8221;default&#8221; global_colors_info=&#8221;{}&#8221;]<\/p>\n<p dir=\"ltr\"><span><span style=\"font-weight: 400;\">Clicca sul titolo(i) di ruolo che preferisci per visualizzare i requisiti del ruolo e prepara il tuo CV in linea con la (e) posizione (i) che meglio corrispondono ai tuoi interessi, competenze ed esperienza. Se vuoi ulteriori informazioni sui ruoli e sul processo di candidatura, vai su<\/span>\u00a0<a href=\"https:\/\/www.wopg.org\/it\/domande-frequenti-sul-volontariato-nel-team-eventi\/\" target=\"_blank\" rel=\"noopener\">www.wopg.org\/it\/domande-frequenti-sul-volontariato-nel-team-eventi\/<\/a><\/span><\/p>\n<p><\/p>\n<p><span style=\"font-weight: 400;\">La nostra prossima email sar\u00e0 inviata a met\u00e0 gennaio e includer\u00e0 un link per candidarsi. La tua candidatura sar\u00e0 esaminata tramite un processo di selezione strutturato e i volontari selezionati saranno contattati dal team.<\/span><\/p>\n<p><\/p>\n<p><span><span style=\"font-weight: 400;\">Se non hai visto il video \u201cdietro le quinte: Evoluzione del team eventi\u201d di words of Peace che presenta questa iniziativa,<\/span>\u00a0<\/span><a href=\"https:\/\/www.wopg.org\/it\/dietro-le-quinte-2026-evoluzione-del-team-eventi\/\" target=\"_blank\" rel=\"noopener\">clicca qui<\/a><span>.<\/span><\/p>\n<p><\/p>\n<p><span><span style=\"font-weight: 400;\">I ruoli di volontariato vengono pubblicati in modo continuativo. Se sei interessato, ti invitiamo a visitare regolarmente questa pagina <\/span>per saperne di pi\u00f9.<\/span><\/p>\n<p><\/p>\n<ul dir=\"ltr\"><\/ul>\n<p>[\/et_pb_text][\/et_pb_column][\/et_pb_row][\/et_pb_section][et_pb_section fb_built=&#8221;1&#8243; disabled_on=&#8221;on|on|on&#8221; _builder_version=&#8221;4.27.5&#8243; _module_preset=&#8221;default&#8221; custom_padding=&#8221;0px||||false|false&#8221; disabled=&#8221;on&#8221; global_colors_info=&#8221;{}&#8221;][et_pb_row _builder_version=&#8221;4.27.4&#8243; _module_preset=&#8221;default&#8221; global_colors_info=&#8221;{}&#8221;][et_pb_column type=&#8221;4_4&#8243; _builder_version=&#8221;4.27.4&#8243; _module_preset=&#8221;default&#8221; global_colors_info=&#8221;{}&#8221;][et_pb_text _builder_version=&#8221;4.27.5&#8243; _module_preset=&#8221;default&#8221; global_colors_info=&#8221;{}&#8221;]<\/p>\n<p><i><span style=\"font-weight: 400;\">Words of Peace \u00e8 fortemente impegnata a proteggere la tua privacy online e ha adottato delle misure per proteggere le informazioni che condividi con noi. Scopri di pi\u00f9 qui: <\/span><\/i><a href=\"https:\/\/www.wopg.org\/it\/privacy-policy\/\" target=\"_blank\" rel=\"noopener\"><i><span style=\"font-weight: 400;\">www.wopg.org\/it\/privacy-policy\/<\/span><\/i> <\/a><\/p>\n<p>[\/et_pb_text][\/et_pb_column][\/et_pb_row][\/et_pb_section]<\/p>\n","protected":false},"excerpt":{"rendered":"<p>Opportunit\u00e0 di volontariato nel Team Eventi di Words of PeaceWords of Peace sta introducendo un nuovo approccio per regionalizzare la struttura del team degli eventi. Questo permetter\u00e0 maggiore flessibilit\u00e0 nella pianificazione degli eventi di Prem Rawat e ti dar\u00e0 l&#8217;opportunit\u00e0, come volontario, di unirti al team nelle produzioni e in altre attivit\u00e0 dell&#8217;evento.Ora vengono offerti [&hellip;]<\/p>\n","protected":false},"author":3,"featured_media":0,"parent":0,"menu_order":0,"comment_status":"closed","ping_status":"closed","template":"","meta":{"_et_pb_use_builder":"on","_et_pb_old_content":"","_et_gb_content_width":"","cybocfi_hide_featured_image":"","footnotes":""},"folder":[],"class_list":["post-44787","page","type-page","status-publish","hentry"],"yoast_head":"<!-- This site is optimized with the Yoast SEO plugin v27.3 - https:\/\/yoast.com\/product\/yoast-seo-wordpress\/ -->\n<title>Volontariato | Words of Peace<\/title>\n<meta name=\"robots\" content=\"index, follow, max-snippet:-1, max-image-preview:large, max-video-preview:-1\" \/>\n<link rel=\"canonical\" href=\"https:\/\/www.wopg.org\/it\/volontariato\/\" \/>\n<meta property=\"og:locale\" content=\"it_IT\" \/>\n<meta property=\"og:type\" content=\"article\" \/>\n<meta property=\"og:title\" content=\"Volontariato | Words of Peace\" \/>\n<meta property=\"og:description\" content=\"Opportunit\u00e0 di volontariato nel Team Eventi di Words of PeaceWords of Peace sta introducendo un nuovo approccio per regionalizzare la struttura del team degli eventi. Questo permetter\u00e0 maggiore flessibilit\u00e0 nella pianificazione degli eventi di Prem Rawat e ti dar\u00e0 l&#039;opportunit\u00e0, come volontario, di unirti al team nelle produzioni e in altre attivit\u00e0 dell&#039;evento.Ora vengono offerti [&hellip;]\" \/>\n<meta property=\"og:url\" content=\"https:\/\/www.wopg.org\/it\/volontariato\/\" \/>\n<meta property=\"og:site_name\" content=\"Words of Peace\" \/>\n<meta property=\"article:publisher\" content=\"https:\/\/www.facebook.com\/wordsofpeaceglobal\" \/>\n<meta property=\"article:modified_time\" content=\"2026-04-04T16:06:30+00:00\" \/>\n<meta name=\"twitter:card\" content=\"summary_large_image\" \/>\n<meta name=\"twitter:site\" content=\"@wopg\" \/>\n<meta name=\"twitter:label1\" content=\"Tempo di lettura stimato\" \/>\n\t<meta name=\"twitter:data1\" content=\"4 minuti\" \/>\n<script type=\"application\/ld+json\" class=\"yoast-schema-graph\">{\"@context\":\"https:\\\/\\\/schema.org\",\"@graph\":[{\"@type\":\"WebPage\",\"@id\":\"https:\\\/\\\/www.wopg.org\\\/it\\\/volontariato\\\/\",\"url\":\"https:\\\/\\\/www.wopg.org\\\/it\\\/volontariato\\\/\",\"name\":\"Volontariato | Words of Peace\",\"isPartOf\":{\"@id\":\"https:\\\/\\\/www.wopg.org\\\/it\\\/#website\"},\"datePublished\":\"2025-11-17T17:56:32+00:00\",\"dateModified\":\"2026-04-04T16:06:30+00:00\",\"breadcrumb\":{\"@id\":\"https:\\\/\\\/www.wopg.org\\\/it\\\/volontariato\\\/#breadcrumb\"},\"inLanguage\":\"it-IT\",\"potentialAction\":[{\"@type\":\"ReadAction\",\"target\":[\"https:\\\/\\\/www.wopg.org\\\/it\\\/volontariato\\\/\"]}]},{\"@type\":\"BreadcrumbList\",\"@id\":\"https:\\\/\\\/www.wopg.org\\\/it\\\/volontariato\\\/#breadcrumb\",\"itemListElement\":[{\"@type\":\"ListItem\",\"position\":1,\"name\":\"Home\",\"item\":\"https:\\\/\\\/www.wopg.org\\\/it\\\/\"},{\"@type\":\"ListItem\",\"position\":2,\"name\":\"Volontariato\"}]},{\"@type\":\"WebSite\",\"@id\":\"https:\\\/\\\/www.wopg.org\\\/it\\\/#website\",\"url\":\"https:\\\/\\\/www.wopg.org\\\/it\\\/\",\"name\":\"Words of Peace\",\"description\":\"Practice Peace, Change Your World\",\"publisher\":{\"@id\":\"https:\\\/\\\/www.wopg.org\\\/it\\\/#organization\"},\"potentialAction\":[{\"@type\":\"SearchAction\",\"target\":{\"@type\":\"EntryPoint\",\"urlTemplate\":\"https:\\\/\\\/www.wopg.org\\\/it\\\/?s={search_term_string}\"},\"query-input\":{\"@type\":\"PropertyValueSpecification\",\"valueRequired\":true,\"valueName\":\"search_term_string\"}}],\"inLanguage\":\"it-IT\"},{\"@type\":\"Organization\",\"@id\":\"https:\\\/\\\/www.wopg.org\\\/it\\\/#organization\",\"name\":\"Words of Peace\",\"url\":\"https:\\\/\\\/www.wopg.org\\\/it\\\/\",\"logo\":{\"@type\":\"ImageObject\",\"inLanguage\":\"it-IT\",\"@id\":\"https:\\\/\\\/www.wopg.org\\\/it\\\/#\\\/schema\\\/logo\\\/image\\\/\",\"url\":\"https:\\\/\\\/wopg.org\\\/wp-content\\\/uploads\\\/2022\\\/02\\\/Words-of-Peace-logo-website61x252.png\",\"contentUrl\":\"https:\\\/\\\/wopg.org\\\/wp-content\\\/uploads\\\/2022\\\/02\\\/Words-of-Peace-logo-website61x252.png\",\"width\":252,\"height\":61,\"caption\":\"Words of Peace\"},\"image\":{\"@id\":\"https:\\\/\\\/www.wopg.org\\\/it\\\/#\\\/schema\\\/logo\\\/image\\\/\"},\"sameAs\":[\"https:\\\/\\\/www.facebook.com\\\/wordsofpeaceglobal\",\"https:\\\/\\\/x.com\\\/wopg\",\"https:\\\/\\\/www.instagram.com\\\/wopgofficial\\\/\"]}]}<\/script>\n<!-- \/ Yoast SEO plugin. -->","yoast_head_json":{"title":"Volontariato | Words of Peace","robots":{"index":"index","follow":"follow","max-snippet":"max-snippet:-1","max-image-preview":"max-image-preview:large","max-video-preview":"max-video-preview:-1"},"canonical":"https:\/\/www.wopg.org\/it\/volontariato\/","og_locale":"it_IT","og_type":"article","og_title":"Volontariato | Words of Peace","og_description":"Opportunit\u00e0 di volontariato nel Team Eventi di Words of PeaceWords of Peace sta introducendo un nuovo approccio per regionalizzare la struttura del team degli eventi. Questo permetter\u00e0 maggiore flessibilit\u00e0 nella pianificazione degli eventi di Prem Rawat e ti dar\u00e0 l'opportunit\u00e0, come volontario, di unirti al team nelle produzioni e in altre attivit\u00e0 dell'evento.Ora vengono offerti [&hellip;]","og_url":"https:\/\/www.wopg.org\/it\/volontariato\/","og_site_name":"Words of Peace","article_publisher":"https:\/\/www.facebook.com\/wordsofpeaceglobal","article_modified_time":"2026-04-04T16:06:30+00:00","twitter_card":"summary_large_image","twitter_site":"@wopg","twitter_misc":{"Tempo di lettura stimato":"4 minuti"},"schema":{"@context":"https:\/\/schema.org","@graph":[{"@type":"WebPage","@id":"https:\/\/www.wopg.org\/it\/volontariato\/","url":"https:\/\/www.wopg.org\/it\/volontariato\/","name":"Volontariato | Words of Peace","isPartOf":{"@id":"https:\/\/www.wopg.org\/it\/#website"},"datePublished":"2025-11-17T17:56:32+00:00","dateModified":"2026-04-04T16:06:30+00:00","breadcrumb":{"@id":"https:\/\/www.wopg.org\/it\/volontariato\/#breadcrumb"},"inLanguage":"it-IT","potentialAction":[{"@type":"ReadAction","target":["https:\/\/www.wopg.org\/it\/volontariato\/"]}]},{"@type":"BreadcrumbList","@id":"https:\/\/www.wopg.org\/it\/volontariato\/#breadcrumb","itemListElement":[{"@type":"ListItem","position":1,"name":"Home","item":"https:\/\/www.wopg.org\/it\/"},{"@type":"ListItem","position":2,"name":"Volontariato"}]},{"@type":"WebSite","@id":"https:\/\/www.wopg.org\/it\/#website","url":"https:\/\/www.wopg.org\/it\/","name":"Words of Peace","description":"Practice Peace, Change Your World","publisher":{"@id":"https:\/\/www.wopg.org\/it\/#organization"},"potentialAction":[{"@type":"SearchAction","target":{"@type":"EntryPoint","urlTemplate":"https:\/\/www.wopg.org\/it\/?s={search_term_string}"},"query-input":{"@type":"PropertyValueSpecification","valueRequired":true,"valueName":"search_term_string"}}],"inLanguage":"it-IT"},{"@type":"Organization","@id":"https:\/\/www.wopg.org\/it\/#organization","name":"Words of Peace","url":"https:\/\/www.wopg.org\/it\/","logo":{"@type":"ImageObject","inLanguage":"it-IT","@id":"https:\/\/www.wopg.org\/it\/#\/schema\/logo\/image\/","url":"https:\/\/wopg.org\/wp-content\/uploads\/2022\/02\/Words-of-Peace-logo-website61x252.png","contentUrl":"https:\/\/wopg.org\/wp-content\/uploads\/2022\/02\/Words-of-Peace-logo-website61x252.png","width":252,"height":61,"caption":"Words of Peace"},"image":{"@id":"https:\/\/www.wopg.org\/it\/#\/schema\/logo\/image\/"},"sameAs":["https:\/\/www.facebook.com\/wordsofpeaceglobal","https:\/\/x.com\/wopg","https:\/\/www.instagram.com\/wopgofficial\/"]}]}},"_links":{"self":[{"href":"https:\/\/www.wopg.org\/it\/wp-json\/wp\/v2\/pages\/44787","targetHints":{"allow":["GET"]}}],"collection":[{"href":"https:\/\/www.wopg.org\/it\/wp-json\/wp\/v2\/pages"}],"about":[{"href":"https:\/\/www.wopg.org\/it\/wp-json\/wp\/v2\/types\/page"}],"author":[{"embeddable":true,"href":"https:\/\/www.wopg.org\/it\/wp-json\/wp\/v2\/users\/3"}],"replies":[{"embeddable":true,"href":"https:\/\/www.wopg.org\/it\/wp-json\/wp\/v2\/comments?post=44787"}],"version-history":[{"count":40,"href":"https:\/\/www.wopg.org\/it\/wp-json\/wp\/v2\/pages\/44787\/revisions"}],"predecessor-version":[{"id":48129,"href":"https:\/\/www.wopg.org\/it\/wp-json\/wp\/v2\/pages\/44787\/revisions\/48129"}],"wp:attachment":[{"href":"https:\/\/www.wopg.org\/it\/wp-json\/wp\/v2\/media?parent=44787"}],"wp:term":[{"taxonomy":"folder","embeddable":true,"href":"https:\/\/www.wopg.org\/it\/wp-json\/wp\/v2\/folder?post=44787"}],"curies":[{"name":"wp","href":"https:\/\/api.w.org\/{rel}","templated":true}]}}