{"id":45028,"date":"2025-12-05T18:39:44","date_gmt":"2025-12-05T18:39:44","guid":{"rendered":"https:\/\/www.wopg.org\/domande-frequenti-sul-volontariato-nel-team-eventi\/"},"modified":"2026-01-05T20:43:42","modified_gmt":"2026-01-05T20:43:42","slug":"domande-frequenti-sul-volontariato-nel-team-eventi","status":"publish","type":"page","link":"https:\/\/www.wopg.org\/it\/domande-frequenti-sul-volontariato-nel-team-eventi\/","title":{"rendered":"Domande Frequenti sul volontariato nel Team Eventi"},"content":{"rendered":"<p>[et_pb_section fb_built=&#8221;1&#8243; disabled_on=&#8221;off|off|off&#8221; _builder_version=&#8221;4.27.4&#8243; _module_preset=&#8221;default&#8221; custom_padding=&#8221;0px||||false|false&#8221; locked=&#8221;off&#8221; global_colors_info=&#8221;{}&#8221;][et_pb_row _builder_version=&#8221;4.16&#8243; background_size=&#8221;initial&#8221; background_position=&#8221;top_left&#8221; background_repeat=&#8221;repeat&#8221; locked=&#8221;off&#8221; global_colors_info=&#8221;{}&#8221;][et_pb_column type=&#8221;4_4&#8243; _builder_version=&#8221;4.16&#8243; custom_padding=&#8221;|||&#8221; global_colors_info=&#8221;{}&#8221; custom_padding__hover=&#8221;|||&#8221;][et_pb_text admin_label=&#8221;KNOWLEDGE&#8221; _builder_version=&#8221;4.27.4&#8243; header_text_color=&#8221;#4D4D4D&#8221; header_line_height=&#8221;1.5em&#8221; header_4_text_color=&#8221;#4D4D4D&#8221; header_4_font_size=&#8221;30px&#8221; background_size=&#8221;initial&#8221; background_position=&#8221;top_left&#8221; background_repeat=&#8221;repeat&#8221; text_orientation=&#8221;center&#8221; module_alignment=&#8221;center&#8221; use_border_color=&#8221;off&#8221; border_color=&#8221;#ffffff&#8221; border_style=&#8221;solid&#8221; global_colors_info=&#8221;{}&#8221;]<\/p>\n<h1 style=\"text-align: left;\">Domande Frequenti sul volontariato nel Team Eventi<\/h1>\n<p>[\/et_pb_text][et_pb_accordion open_toggle_text_color=&#8221;#4D4D4D&#8221; closed_toggle_text_color=&#8221;#4D4D4D&#8221; use_icon_font_size=&#8221;on&#8221; icon_font_size=&#8221;24px&#8221; _builder_version=&#8221;4.27.5&#8243; hover_enabled=&#8221;0&#8243; use_border_color=&#8221;off&#8221; border_color=&#8221;#ffffff&#8221; border_style=&#8221;solid&#8221; global_colors_info=&#8221;{}&#8221; sticky_enabled=&#8221;0&#8243;][et_pb_accordion_item title=&#8221;Posso candidarmi per pi\u00f9 di un solo ruolo?&#8221; open=&#8221;on&#8221; _builder_version=&#8221;4.27.4&#8243; global_colors_info=&#8221;{}&#8221;]<\/p>\n<p><span style=\"font-weight: 400;\">S\u00ec. Puoi candidarti per pi\u00f9 ruoli se pensi di averne le capacit\u00e0 e disponibilit\u00e0 di tempo richieste. Durante il processo di revisione, il nostro team individuer\u00e0 il ruolo pi\u00f9 adatto in base alla tua esperienza, ai tuoi interessi e alle esigenze dell&#8217;evento.<\/span><\/p>\n<p>[\/et_pb_accordion_item][et_pb_accordion_item title=&#8221;Cosa succede dopo che mi sono candidato?&#8221; _builder_version=&#8221;4.27.5&#8243; global_colors_info=&#8221;{}&#8221; open=&#8221;off&#8221;]<\/p>\n<p><span style=\"font-weight: 400;\">La tua candidatura sar\u00e0 esaminata dal Team Risorse Umane WOPG. Se il tuo profilo \u00e8 in linea con i requisiti del ruolo, potresti essere invitato a una breve intervista o a una chiamata di approfondimento. Le scelte finali vengono fatte in base a competenze, esperienza, disponibilit\u00e0 ed esigenze dell\u2019evento.<\/span><\/p>\n<p>[\/et_pb_accordion_item][et_pb_accordion_item title=&#8221;Ci saranno dei training o delle sessioni di orientamento?&#8221; _builder_version=&#8221;4.27.5&#8243; _module_preset=&#8221;default&#8221; global_colors_info=&#8221;{}&#8221; open=&#8221;off&#8221;]<\/p>\n<p><span style=\"font-weight: 400;\">S\u00ec. I volontari selezionati saranno invitati a partecipare alle sessioni di orientamento prima degli eventi a cui si riferiscono. Queste sessioni garantiscono chiarezza, prontezza e allineamento agli standard di qualit\u00e0 di WOPG.<\/span><\/p>\n<p>[\/et_pb_accordion_item][et_pb_accordion_item title=&#8221;Posso candidarmi in pi\u00f9 di una citt\u00e0 o localit\u00e0?&#8221; _builder_version=&#8221;4.27.5&#8243; _module_preset=&#8221;default&#8221; global_colors_info=&#8221;{}&#8221; open=&#8221;off&#8221;]<\/p>\n<p><span style=\"font-weight: 400;\">S\u00ec, a seconda delle scadenze degli eventi e della tua disponibilit\u00e0. Alcuni ruoli potranno essere legati al luogo specifico, mentre altri potranno permettere di partecipare in diverse regioni. I dettagli saranno discussi durante il processo di selezione.<\/span><\/p>\n<p>[\/et_pb_accordion_item][et_pb_accordion_item title=&#8221;Come vengono selezionati i volontari?&#8221; _builder_version=&#8221;4.27.5&#8243; _module_preset=&#8221;default&#8221; global_colors_info=&#8221;{}&#8221; open=&#8221;off&#8221;]<\/p>\n<p><span style=\"font-weight: 400;\">I volontari vengono scelti in base alla loro idoneit\u00e0 al ruolo, esperienza, competenze, impegno e in linea con gli standard di WOPG. Certi ruoli che richiedono esperienza tecnica potranno avere ulteriori verifiche o un controllo di competenza.<\/span><\/p>\n<p>[\/et_pb_accordion_item][et_pb_accordion_item title=&#8221;Quando saranno informati i volontari selezionati?&#8221; _builder_version=&#8221;4.27.5&#8243; _module_preset=&#8221;default&#8221; global_colors_info=&#8221;{}&#8221; open=&#8221;off&#8221;]<\/p>\n<p><span style=\"font-weight: 400;\">Ti verr\u00e0 notificato una volta che sar\u00e0 stato completato il processo di selezione per il ruolo in cui ti sei candidato. Le tempistiche possono variare a seconda della programmazione degli eventi e del coordinamento del team, ma ci impegniamo a comunicare i risultati il pi\u00f9 presto possibile.<\/span><\/p>\n<p>[\/et_pb_accordion_item][et_pb_accordion_item title=&#8221;I volontari sono tenuti a firmare qualche accordo?&#8221; _builder_version=&#8221;4.27.5&#8243; _module_preset=&#8221;default&#8221; global_colors_info=&#8221;{}&#8221; open=&#8221;off&#8221;]<\/p>\n<p><span style=\"font-weight: 400;\">S\u00ec. Per garantire chiarezza sulle aspettative, la riservatezza e la professionalit\u00e0, i volontari selezionati dovranno firmare un Accordo di Volontariato o linee guida specifiche per il ruolo prima di iniziare il loro incarico.<\/span><\/p>\n<p>[\/et_pb_accordion_item][et_pb_accordion_item title=&#8221;Chi posso contattare riguardo alla privacy dei dati?&#8221; _builder_version=&#8221;4.27.5&#8243; _module_preset=&#8221;default&#8221; global_colors_info=&#8221;{}&#8221; open=&#8221;off&#8221;]<\/p>\n<p><span style=\"font-weight: 400;\">Puoi contattare il Responsabile per la protezione dei dati WOPG o scrivere a <\/span><a href=\"mailto:privacy@wopg.org\"><b>privacy@wopg.org<\/b><\/a><span style=\"font-weight: 400;\"> per qualunque dubbio riguardo a come vengono raccolte, archiviate e utilizzate le tue informazioni personali. Scopri di pi\u00f9 qui: <a href=\"https:\/\/www.wopg.org\/it\/privacy-policy\/\" target=\"_blank\" rel=\"noopener\">www.wopg.org\/it\/privacy-policy<\/a>.<\/span><\/p>\n<p>[\/et_pb_accordion_item][\/et_pb_accordion][\/et_pb_column][\/et_pb_row][\/et_pb_section]<\/p>\n","protected":false},"excerpt":{"rendered":"<p>Domande Frequenti sul volontariato nel Team EventiS\u00ec. Puoi candidarti per pi\u00f9 ruoli se pensi di averne le capacit\u00e0 e disponibilit\u00e0 di tempo richieste. Durante il processo di revisione, il nostro team individuer\u00e0 il ruolo pi\u00f9 adatto in base alla tua esperienza, ai tuoi interessi e alle esigenze dell&#8217;evento.La tua candidatura sar\u00e0 esaminata dal Team Risorse [&hellip;]<\/p>\n","protected":false},"author":3,"featured_media":0,"parent":0,"menu_order":0,"comment_status":"closed","ping_status":"closed","template":"","meta":{"_et_pb_use_builder":"on","_et_pb_old_content":"","_et_gb_content_width":"","footnotes":""},"folder":[],"class_list":["post-45028","page","type-page","status-publish","hentry"],"yoast_head":"<!-- This site is optimized with the Yoast SEO plugin v27.3 - https:\/\/yoast.com\/product\/yoast-seo-wordpress\/ -->\n<title>Domande Frequenti sul volontariato nel Team Eventi | Words of Peace<\/title>\n<meta name=\"robots\" content=\"index, follow, max-snippet:-1, max-image-preview:large, max-video-preview:-1\" \/>\n<link rel=\"canonical\" href=\"https:\/\/www.wopg.org\/it\/domande-frequenti-sul-volontariato-nel-team-eventi\/\" \/>\n<meta property=\"og:locale\" content=\"it_IT\" \/>\n<meta property=\"og:type\" content=\"article\" \/>\n<meta property=\"og:title\" content=\"Domande Frequenti sul volontariato nel Team Eventi | Words of Peace\" \/>\n<meta property=\"og:description\" content=\"Domande Frequenti sul volontariato nel Team EventiS\u00ec. Puoi candidarti per pi\u00f9 ruoli se pensi di averne le capacit\u00e0 e disponibilit\u00e0 di tempo richieste. Durante il processo di revisione, il nostro team individuer\u00e0 il ruolo pi\u00f9 adatto in base alla tua esperienza, ai tuoi interessi e alle esigenze dell&#039;evento.La tua candidatura sar\u00e0 esaminata dal Team Risorse [&hellip;]\" \/>\n<meta property=\"og:url\" content=\"https:\/\/www.wopg.org\/it\/domande-frequenti-sul-volontariato-nel-team-eventi\/\" \/>\n<meta property=\"og:site_name\" content=\"Words of Peace\" \/>\n<meta property=\"article:publisher\" content=\"https:\/\/www.facebook.com\/wordsofpeaceglobal\" \/>\n<meta property=\"article:modified_time\" content=\"2026-01-05T20:43:42+00:00\" \/>\n<meta name=\"twitter:card\" content=\"summary_large_image\" \/>\n<meta name=\"twitter:site\" content=\"@wopg\" \/>\n<meta name=\"twitter:label1\" content=\"Tempo di lettura stimato\" \/>\n\t<meta name=\"twitter:data1\" content=\"4 minuti\" \/>\n<script type=\"application\/ld+json\" class=\"yoast-schema-graph\">{\"@context\":\"https:\\\/\\\/schema.org\",\"@graph\":[{\"@type\":\"WebPage\",\"@id\":\"https:\\\/\\\/www.wopg.org\\\/it\\\/domande-frequenti-sul-volontariato-nel-team-eventi\\\/\",\"url\":\"https:\\\/\\\/www.wopg.org\\\/it\\\/domande-frequenti-sul-volontariato-nel-team-eventi\\\/\",\"name\":\"Domande Frequenti sul volontariato nel Team Eventi | Words of Peace\",\"isPartOf\":{\"@id\":\"https:\\\/\\\/www.wopg.org\\\/it\\\/#website\"},\"datePublished\":\"2025-12-05T18:39:44+00:00\",\"dateModified\":\"2026-01-05T20:43:42+00:00\",\"breadcrumb\":{\"@id\":\"https:\\\/\\\/www.wopg.org\\\/it\\\/domande-frequenti-sul-volontariato-nel-team-eventi\\\/#breadcrumb\"},\"inLanguage\":\"it-IT\",\"potentialAction\":[{\"@type\":\"ReadAction\",\"target\":[\"https:\\\/\\\/www.wopg.org\\\/it\\\/domande-frequenti-sul-volontariato-nel-team-eventi\\\/\"]}]},{\"@type\":\"BreadcrumbList\",\"@id\":\"https:\\\/\\\/www.wopg.org\\\/it\\\/domande-frequenti-sul-volontariato-nel-team-eventi\\\/#breadcrumb\",\"itemListElement\":[{\"@type\":\"ListItem\",\"position\":1,\"name\":\"Home\",\"item\":\"https:\\\/\\\/www.wopg.org\\\/it\\\/\"},{\"@type\":\"ListItem\",\"position\":2,\"name\":\"Domande Frequenti sul volontariato nel Team Eventi\"}]},{\"@type\":\"WebSite\",\"@id\":\"https:\\\/\\\/www.wopg.org\\\/it\\\/#website\",\"url\":\"https:\\\/\\\/www.wopg.org\\\/it\\\/\",\"name\":\"Words of Peace\",\"description\":\"Practice Peace, Change Your World\",\"publisher\":{\"@id\":\"https:\\\/\\\/www.wopg.org\\\/it\\\/#organization\"},\"potentialAction\":[{\"@type\":\"SearchAction\",\"target\":{\"@type\":\"EntryPoint\",\"urlTemplate\":\"https:\\\/\\\/www.wopg.org\\\/it\\\/?s={search_term_string}\"},\"query-input\":{\"@type\":\"PropertyValueSpecification\",\"valueRequired\":true,\"valueName\":\"search_term_string\"}}],\"inLanguage\":\"it-IT\"},{\"@type\":\"Organization\",\"@id\":\"https:\\\/\\\/www.wopg.org\\\/it\\\/#organization\",\"name\":\"Words of Peace\",\"url\":\"https:\\\/\\\/www.wopg.org\\\/it\\\/\",\"logo\":{\"@type\":\"ImageObject\",\"inLanguage\":\"it-IT\",\"@id\":\"https:\\\/\\\/www.wopg.org\\\/it\\\/#\\\/schema\\\/logo\\\/image\\\/\",\"url\":\"https:\\\/\\\/wopg.org\\\/wp-content\\\/uploads\\\/2022\\\/02\\\/Words-of-Peace-logo-website61x252.png\",\"contentUrl\":\"https:\\\/\\\/wopg.org\\\/wp-content\\\/uploads\\\/2022\\\/02\\\/Words-of-Peace-logo-website61x252.png\",\"width\":252,\"height\":61,\"caption\":\"Words of Peace\"},\"image\":{\"@id\":\"https:\\\/\\\/www.wopg.org\\\/it\\\/#\\\/schema\\\/logo\\\/image\\\/\"},\"sameAs\":[\"https:\\\/\\\/www.facebook.com\\\/wordsofpeaceglobal\",\"https:\\\/\\\/x.com\\\/wopg\",\"https:\\\/\\\/www.instagram.com\\\/wopgofficial\\\/\"]}]}<\/script>\n<!-- \/ Yoast SEO plugin. -->","yoast_head_json":{"title":"Domande Frequenti sul volontariato nel Team Eventi | Words of Peace","robots":{"index":"index","follow":"follow","max-snippet":"max-snippet:-1","max-image-preview":"max-image-preview:large","max-video-preview":"max-video-preview:-1"},"canonical":"https:\/\/www.wopg.org\/it\/domande-frequenti-sul-volontariato-nel-team-eventi\/","og_locale":"it_IT","og_type":"article","og_title":"Domande Frequenti sul volontariato nel Team Eventi | Words of Peace","og_description":"Domande Frequenti sul volontariato nel Team EventiS\u00ec. Puoi candidarti per pi\u00f9 ruoli se pensi di averne le capacit\u00e0 e disponibilit\u00e0 di tempo richieste. Durante il processo di revisione, il nostro team individuer\u00e0 il ruolo pi\u00f9 adatto in base alla tua esperienza, ai tuoi interessi e alle esigenze dell'evento.La tua candidatura sar\u00e0 esaminata dal Team Risorse [&hellip;]","og_url":"https:\/\/www.wopg.org\/it\/domande-frequenti-sul-volontariato-nel-team-eventi\/","og_site_name":"Words of Peace","article_publisher":"https:\/\/www.facebook.com\/wordsofpeaceglobal","article_modified_time":"2026-01-05T20:43:42+00:00","twitter_card":"summary_large_image","twitter_site":"@wopg","twitter_misc":{"Tempo di lettura stimato":"4 minuti"},"schema":{"@context":"https:\/\/schema.org","@graph":[{"@type":"WebPage","@id":"https:\/\/www.wopg.org\/it\/domande-frequenti-sul-volontariato-nel-team-eventi\/","url":"https:\/\/www.wopg.org\/it\/domande-frequenti-sul-volontariato-nel-team-eventi\/","name":"Domande Frequenti sul volontariato nel Team Eventi | Words of Peace","isPartOf":{"@id":"https:\/\/www.wopg.org\/it\/#website"},"datePublished":"2025-12-05T18:39:44+00:00","dateModified":"2026-01-05T20:43:42+00:00","breadcrumb":{"@id":"https:\/\/www.wopg.org\/it\/domande-frequenti-sul-volontariato-nel-team-eventi\/#breadcrumb"},"inLanguage":"it-IT","potentialAction":[{"@type":"ReadAction","target":["https:\/\/www.wopg.org\/it\/domande-frequenti-sul-volontariato-nel-team-eventi\/"]}]},{"@type":"BreadcrumbList","@id":"https:\/\/www.wopg.org\/it\/domande-frequenti-sul-volontariato-nel-team-eventi\/#breadcrumb","itemListElement":[{"@type":"ListItem","position":1,"name":"Home","item":"https:\/\/www.wopg.org\/it\/"},{"@type":"ListItem","position":2,"name":"Domande Frequenti sul volontariato nel Team Eventi"}]},{"@type":"WebSite","@id":"https:\/\/www.wopg.org\/it\/#website","url":"https:\/\/www.wopg.org\/it\/","name":"Words of Peace","description":"Practice Peace, Change Your World","publisher":{"@id":"https:\/\/www.wopg.org\/it\/#organization"},"potentialAction":[{"@type":"SearchAction","target":{"@type":"EntryPoint","urlTemplate":"https:\/\/www.wopg.org\/it\/?s={search_term_string}"},"query-input":{"@type":"PropertyValueSpecification","valueRequired":true,"valueName":"search_term_string"}}],"inLanguage":"it-IT"},{"@type":"Organization","@id":"https:\/\/www.wopg.org\/it\/#organization","name":"Words of Peace","url":"https:\/\/www.wopg.org\/it\/","logo":{"@type":"ImageObject","inLanguage":"it-IT","@id":"https:\/\/www.wopg.org\/it\/#\/schema\/logo\/image\/","url":"https:\/\/wopg.org\/wp-content\/uploads\/2022\/02\/Words-of-Peace-logo-website61x252.png","contentUrl":"https:\/\/wopg.org\/wp-content\/uploads\/2022\/02\/Words-of-Peace-logo-website61x252.png","width":252,"height":61,"caption":"Words of Peace"},"image":{"@id":"https:\/\/www.wopg.org\/it\/#\/schema\/logo\/image\/"},"sameAs":["https:\/\/www.facebook.com\/wordsofpeaceglobal","https:\/\/x.com\/wopg","https:\/\/www.instagram.com\/wopgofficial\/"]}]}},"_links":{"self":[{"href":"https:\/\/www.wopg.org\/it\/wp-json\/wp\/v2\/pages\/45028","targetHints":{"allow":["GET"]}}],"collection":[{"href":"https:\/\/www.wopg.org\/it\/wp-json\/wp\/v2\/pages"}],"about":[{"href":"https:\/\/www.wopg.org\/it\/wp-json\/wp\/v2\/types\/page"}],"author":[{"embeddable":true,"href":"https:\/\/www.wopg.org\/it\/wp-json\/wp\/v2\/users\/3"}],"replies":[{"embeddable":true,"href":"https:\/\/www.wopg.org\/it\/wp-json\/wp\/v2\/comments?post=45028"}],"version-history":[{"count":8,"href":"https:\/\/www.wopg.org\/it\/wp-json\/wp\/v2\/pages\/45028\/revisions"}],"predecessor-version":[{"id":45856,"href":"https:\/\/www.wopg.org\/it\/wp-json\/wp\/v2\/pages\/45028\/revisions\/45856"}],"wp:attachment":[{"href":"https:\/\/www.wopg.org\/it\/wp-json\/wp\/v2\/media?parent=45028"}],"wp:term":[{"taxonomy":"folder","embeddable":true,"href":"https:\/\/www.wopg.org\/it\/wp-json\/wp\/v2\/folder?post=45028"}],"curies":[{"name":"wp","href":"https:\/\/api.w.org\/{rel}","templated":true}]}}