{"id":5110,"date":"2022-03-29T14:28:30","date_gmt":"2022-03-29T14:28:30","guid":{"rendered":"https:\/\/test1.wopg.org\/altri-modi-di-fare-donazioni\/"},"modified":"2024-10-05T09:04:37","modified_gmt":"2024-10-05T09:04:37","slug":"altri-modi-di-fare-donazioni","status":"publish","type":"page","link":"https:\/\/www.wopg.org\/it\/altri-modi-di-fare-donazioni\/","title":{"rendered":"Altri modi di fare donazioni"},"content":{"rendered":"<p>[et_pb_section fb_built=&#8221;1&#8243; _builder_version=&#8221;4.16&#8243; _module_preset=&#8221;default&#8221; custom_padding=&#8221;||0px||false|false&#8221; global_colors_info=&#8221;{}&#8221;][et_pb_row _builder_version=&#8221;4.16&#8243; _module_preset=&#8221;default&#8221; global_colors_info=&#8221;{}&#8221;][et_pb_column type=&#8221;4_4&#8243; _builder_version=&#8221;4.16&#8243; _module_preset=&#8221;default&#8221; global_colors_info=&#8221;{}&#8221;][et_pb_text _builder_version=&#8221;4.16&#8243; _module_preset=&#8221;default&#8221; header_font=&#8221;|||on|||||&#8221; header_text_align=&#8221;center&#8221; hover_enabled=&#8221;0&#8243; global_colors_info=&#8221;{}&#8221; sticky_enabled=&#8221;0&#8243;]<\/p>\n<h1>Altri modi di fare donazioni<\/h1>\n<p>[\/et_pb_text][\/et_pb_column][\/et_pb_row][\/et_pb_section][et_pb_section fb_built=&#8221;1&#8243; _builder_version=&#8221;4.16&#8243; _module_preset=&#8221;default&#8221; background_color=&#8221;RGBA(255,255,255,0)&#8221; custom_padding=&#8221;0px||0px||false|false&#8221; global_colors_info=&#8221;{}&#8221;][et_pb_row _builder_version=&#8221;4.16&#8243; _module_preset=&#8221;default&#8221; custom_padding=&#8221;0px||0px||false|false&#8221; border_width_top=&#8221;1px&#8221; border_color_top=&#8221;#4D4D4D&#8221; border_width_bottom=&#8221;1px&#8221; border_color_bottom=&#8221;#4D4D4D&#8221; global_colors_info=&#8221;{}&#8221;][et_pb_column type=&#8221;4_4&#8243; _builder_version=&#8221;4.16&#8243; _module_preset=&#8221;default&#8221; global_colors_info=&#8221;{}&#8221;][et_pb_text _builder_version=&#8221;4.27.0&#8243; _module_preset=&#8221;default&#8221; text_font=&#8221;||||||||&#8221; link_font=&#8221;|700|||||||&#8221; text_orientation=&#8221;center&#8221; module_alignment=&#8221;center&#8221; custom_padding=&#8221;2%||||false|false&#8221; hover_enabled=&#8221;0&#8243; global_colors_info=&#8221;{}&#8221; sticky_enabled=&#8221;0&#8243;]<\/p>\n<p><strong><span style=\"color: #ff0000;\">Se sei contribuente degli USA sei pregato di <\/span><a href=\"#wopi\">cliccare qui<\/a> per conoscere altri modi di donare a Words of Peace International (WOPI).<\/strong><\/p>\n<p>[\/et_pb_text][\/et_pb_column][\/et_pb_row][\/et_pb_section][et_pb_section fb_built=&#8221;1&#8243; _builder_version=&#8221;4.16&#8243; _module_preset=&#8221;default&#8221; custom_padding=&#8221;0px||||false|false&#8221; global_colors_info=&#8221;{}&#8221;][et_pb_row _builder_version=&#8221;4.16&#8243; _module_preset=&#8221;default&#8221; global_colors_info=&#8221;{}&#8221;][et_pb_column type=&#8221;4_4&#8243; _builder_version=&#8221;4.16&#8243; _module_preset=&#8221;default&#8221; global_colors_info=&#8221;{}&#8221;][et_pb_text _builder_version=&#8221;4.27.0&#8243; _module_preset=&#8221;default&#8221; link_font=&#8221;|700|||||||&#8221; ol_font=&#8221;|700|||||||&#8221; header_3_font=&#8221;||||||||&#8221; header_3_font_size=&#8221;30px&#8221; header_3_line_height=&#8221;1.6em&#8221; hover_enabled=&#8221;0&#8243; global_colors_info=&#8221;{}&#8221; sticky_enabled=&#8221;0&#8243;]<\/p>\n<h3>Altri modi di fare donazioni a Words of Peace Global (WOPG):<\/h3>\n<p>&nbsp;<\/p>\n<ol>\n<li>Bonifico bancario<\/li>\n<\/ol>\n<p style=\"padding-left: 40px;\">Puoi donare dal tuo conto corrente nelle seguenti valute: Euro, Dollaro USA,<br \/>\nDollaro Canadese, Dollaro Australiano e Sterlina inglese. Purtroppo la banca di WOPG in Olanda non accetta pi\u00f9 assegni.<\/p>\n<p style=\"padding-left: 40px;\"><a href=\"http:\/\/eadn-wc03-5903292.nxedge.io\/wp-content\/uploads\/2022\/03\/220118-Bank-transfer-form.Bank-acount-nos_etc_V4_IT.pdf\" target=\"_blank\" rel=\"noopener\">Clicca qui<\/a> per maggiori informazioni sui bonifici bancari.<\/p>\n<ol start=\"2\">\n<li>Donazioni alla memoria<\/li>\n<\/ol>\n<p style=\"padding-left: 40px;\">Se desideri fare una donazione alla memoria di qualcuno, puoi farlo clicando \u201cSI\u201d sulla pagina donazioni alla domanda: \u201cVuoi fare uma donazione in memoria di qualcuno?\u201d<\/p>\n<p style=\"padding-left: 40px;\">Se desideri che facciamo sapere a qualcuno della famiglia della tua donazione, sei pregato di fornirci i dati per contattarlo quando compili il modulo online.<\/p>\n<ol start=\"3\">\n<li>Fare un lascito a WOPG nel tuo testamento<\/li>\n<\/ol>\n<p style=\"padding-left: 40px;\">Words of Peace Global \u00e8 una organizzazione senza scopo di lucro registrata in Olanda con lo stato di ANBI (beneficenza). I suoi dati sono:<\/p>\n<p style=\"padding-left: 40px;\"><strong>Words of Peace Global<\/strong><br \/><strong>Registration number is 34312991<\/strong><br \/><strong>Address is P.O. Box 20627, 1001 NP Amsterdam<\/strong><\/p>\n<p style=\"padding-left: 40px;\">Se hai una domanda su come fare un lascito testamentario a WOPG sei pregato di scrivere a <a href=\"mailto:donations@wopg.org\">donations@wopg.org<\/a>.<\/p>\n<p>&nbsp;<\/p>\n<p style=\"text-align: center;\"><strong>Grazie per il tuo sostegno<\/strong><\/p>\n<p>&nbsp;<\/p>\n<p>[\/et_pb_text][\/et_pb_column][\/et_pb_row][\/et_pb_section][et_pb_section fb_built=&#8221;1&#8243; module_id=&#8221;wopi&#8221; _builder_version=&#8221;4.16&#8243; _module_preset=&#8221;default&#8221; custom_padding=&#8221;0px||0px||false|false&#8221; global_colors_info=&#8221;{}&#8221;][et_pb_row _builder_version=&#8221;4.16&#8243; _module_preset=&#8221;default&#8221; global_colors_info=&#8221;{}&#8221;][et_pb_column type=&#8221;4_4&#8243; _builder_version=&#8221;4.16&#8243; _module_preset=&#8221;default&#8221; global_colors_info=&#8221;{}&#8221;][et_pb_divider _builder_version=&#8221;4.14.9&#8243; _module_preset=&#8221;default&#8221; global_colors_info=&#8221;{}&#8221;][\/et_pb_divider][\/et_pb_column][\/et_pb_row][\/et_pb_section][et_pb_section fb_built=&#8221;1&#8243; _builder_version=&#8221;4.16&#8243; _module_preset=&#8221;default&#8221; global_colors_info=&#8221;{}&#8221;][et_pb_row _builder_version=&#8221;4.16&#8243; _module_preset=&#8221;default&#8221; global_colors_info=&#8221;{}&#8221;][et_pb_column type=&#8221;4_4&#8243; _builder_version=&#8221;4.16&#8243; _module_preset=&#8221;default&#8221; global_colors_info=&#8221;{}&#8221;][et_pb_text _builder_version=&#8221;4.27.0&#8243; _module_preset=&#8221;default&#8221; link_font=&#8221;|700|||||||&#8221; ol_font=&#8221;|700|||||||&#8221; header_3_font_size=&#8221;30px&#8221; header_3_line_height=&#8221;1.6em&#8221; hover_enabled=&#8221;0&#8243; global_colors_info=&#8221;{}&#8221; sticky_enabled=&#8221;0&#8243;]<\/p>\n<h3>Altri modi di fare donazioni a Words of Peace International (WOPI):<\/h3>\n<p>&nbsp;<\/p>\n<ol>\n<li>Donare Azioni<\/li>\n<\/ol>\n<p style=\"padding-left: 40px;\">Se desideri donare titoli azionari, ti preghiamo di contattare l\u2019ufficio di WOPI a <a href=\"mailto:donations@wopintl.org\">donations@wopintl.org<\/a> oppure telefona al numero (805)388-1596.<\/p>\n<ol start=\"2\">\n<li>RMD (Required Minimum Distribution \u2013 Importo Minimo Annuale) da un conto pensionistico<\/li>\n<\/ol>\n<p style=\"padding-left: 40px;\">A partire dai 70 anni e sei mesi la donazione di un RMD (Importo Minimo Annuale) da un conto pensionistico direttamente a una organizzazione iscritta alla sezione 501(c)(3) (come WOPI), \u00e8 considerata come prelievo per beneficenza e non \u00e8 tassabile fino a $ 100.000. Il tuo commercialista, conoscendo i dettagli delle tue finanze, pu\u00f2 ulteriormente consigliarti.<\/p>\n<ol start=\"3\">\n<li>Donazioni integrative<\/li>\n<\/ol>\n<p style=\"padding-left: 40px;\">Chiedi al tuo datore di lavoro se offre un programma di donazioni integrative. In caso positivo e se WOPI non \u00e8 sulla loro lista, sei pregato di informare l\u2019ufficio di WOPI e noi ci aggiungeremo a quella lista. Puoi chiamare il numero (805)388-1596 o scrivere a <a href=\"mailto:donations@wopintl.org\">donations@wopintl.org<\/a>.<\/p>\n<ol start=\"4\">\n<li>Disporre un lascito nel tuo testamento o nominare WOPI beneficiario della tua pensione<\/li>\n<\/ol>\n<p style=\"padding-left: 40px;\">Contatta l\u2019ufficio di WOPI scrivendo a <a href=\"mailto:donations@wopintl.org\">donations@wopintl.org<\/a> o chiamando al numero (805)388-1596, saremo lieti di guidarti in questo processo.<\/p>\n<ol start=\"5\">\n<li>Fare una donazione alla memoria di qualcuno<\/li>\n<\/ol>\n<p style=\"padding-left: 40px;\">Se desideri fare una donazione alla memoria di qualcuno, puoi farlo cliccando \u201cSI\u201d sulla pagina donazioni alla domanda: \u201cVuoi fare una donazione alla memoria di qualcuno?\u201d<\/p>\n<p style=\"padding-left: 40px;\">Se desideri che facciamo sapere della tua donazione a qualcuno della famiglia, informaci dei dati per contattarlo quando compili il modulo online per le donazioni.<\/p>\n<ol start=\"6\">\n<li>Dona con assegno<\/li>\n<\/ol>\n<p style=\"padding-left: 40px;\">Si prega di inviare l&#8217;assegno, intestato a Words of Peace International, a:<\/p>\n<p style=\"padding-left: 40px;\"><strong>Words of Peace International<\/strong><br \/><strong>4607 Lakeview Canyon Rd #570<\/strong><br \/><strong>Westlake Village, CA 91361<\/strong><\/p>\n<p>&nbsp;<\/p>\n<p style=\"text-align: center;\"><strong>Grazie per il tuo sostegno<\/strong><\/p>\n<p>&nbsp;<\/p>\n<p>[\/et_pb_text][\/et_pb_column][\/et_pb_row][\/et_pb_section]<\/p>\n","protected":false},"excerpt":{"rendered":"<p>Altri modi di fare donazioniSe sei contribuente degli USA sei pregato di cliccare qui per conoscere altri modi di donare a Words of Peace International (WOPI).Altri modi di fare donazioni a Words of Peace Global (WOPG): &nbsp; Bonifico bancario Puoi donare dal tuo conto corrente nelle seguenti valute: Euro, Dollaro USA, Dollaro Canadese, Dollaro Australiano [&hellip;]<\/p>\n","protected":false},"author":3,"featured_media":0,"parent":0,"menu_order":0,"comment_status":"closed","ping_status":"closed","template":"","meta":{"_et_pb_use_builder":"on","_et_pb_old_content":"","_et_gb_content_width":"","footnotes":""},"folder":[],"class_list":["post-5110","page","type-page","status-publish","hentry"],"yoast_head":"<!-- This site is optimized with the Yoast SEO plugin v27.3 - https:\/\/yoast.com\/product\/yoast-seo-wordpress\/ -->\n<title>Altri modi di fare donazioni | Words of Peace<\/title>\n<meta name=\"robots\" content=\"index, follow, max-snippet:-1, max-image-preview:large, max-video-preview:-1\" \/>\n<link rel=\"canonical\" href=\"https:\/\/www.wopg.org\/it\/altri-modi-di-fare-donazioni\/\" \/>\n<meta property=\"og:locale\" content=\"it_IT\" \/>\n<meta property=\"og:type\" content=\"article\" \/>\n<meta property=\"og:title\" content=\"Altri modi di fare donazioni | Words of Peace\" \/>\n<meta property=\"og:description\" content=\"Altri modi di fare donazioniSe sei contribuente degli USA sei pregato di cliccare qui per conoscere altri modi di donare a Words of Peace International (WOPI).Altri modi di fare donazioni a Words of Peace Global (WOPG): &nbsp; Bonifico bancario Puoi donare dal tuo conto corrente nelle seguenti valute: Euro, Dollaro USA, Dollaro Canadese, Dollaro Australiano [&hellip;]\" \/>\n<meta property=\"og:url\" content=\"https:\/\/www.wopg.org\/it\/altri-modi-di-fare-donazioni\/\" \/>\n<meta property=\"og:site_name\" content=\"Words of Peace\" \/>\n<meta property=\"article:publisher\" content=\"https:\/\/www.facebook.com\/wordsofpeaceglobal\" \/>\n<meta property=\"article:modified_time\" content=\"2024-10-05T09:04:37+00:00\" \/>\n<meta name=\"twitter:card\" content=\"summary_large_image\" \/>\n<meta name=\"twitter:site\" content=\"@wopg\" \/>\n<meta name=\"twitter:label1\" content=\"Tempo di lettura stimato\" \/>\n\t<meta name=\"twitter:data1\" content=\"4 minuti\" \/>\n<script type=\"application\/ld+json\" class=\"yoast-schema-graph\">{\"@context\":\"https:\\\/\\\/schema.org\",\"@graph\":[{\"@type\":\"WebPage\",\"@id\":\"https:\\\/\\\/www.wopg.org\\\/it\\\/altri-modi-di-fare-donazioni\\\/\",\"url\":\"https:\\\/\\\/www.wopg.org\\\/it\\\/altri-modi-di-fare-donazioni\\\/\",\"name\":\"Altri modi di fare donazioni | Words of Peace\",\"isPartOf\":{\"@id\":\"https:\\\/\\\/www.wopg.org\\\/it\\\/#website\"},\"datePublished\":\"2022-03-29T14:28:30+00:00\",\"dateModified\":\"2024-10-05T09:04:37+00:00\",\"breadcrumb\":{\"@id\":\"https:\\\/\\\/www.wopg.org\\\/it\\\/altri-modi-di-fare-donazioni\\\/#breadcrumb\"},\"inLanguage\":\"it-IT\",\"potentialAction\":[{\"@type\":\"ReadAction\",\"target\":[\"https:\\\/\\\/www.wopg.org\\\/it\\\/altri-modi-di-fare-donazioni\\\/\"]}]},{\"@type\":\"BreadcrumbList\",\"@id\":\"https:\\\/\\\/www.wopg.org\\\/it\\\/altri-modi-di-fare-donazioni\\\/#breadcrumb\",\"itemListElement\":[{\"@type\":\"ListItem\",\"position\":1,\"name\":\"Home\",\"item\":\"https:\\\/\\\/www.wopg.org\\\/it\\\/\"},{\"@type\":\"ListItem\",\"position\":2,\"name\":\"Altri modi di fare donazioni\"}]},{\"@type\":\"WebSite\",\"@id\":\"https:\\\/\\\/www.wopg.org\\\/it\\\/#website\",\"url\":\"https:\\\/\\\/www.wopg.org\\\/it\\\/\",\"name\":\"Words of Peace\",\"description\":\"Practice Peace, Change Your World\",\"publisher\":{\"@id\":\"https:\\\/\\\/www.wopg.org\\\/it\\\/#organization\"},\"potentialAction\":[{\"@type\":\"SearchAction\",\"target\":{\"@type\":\"EntryPoint\",\"urlTemplate\":\"https:\\\/\\\/www.wopg.org\\\/it\\\/?s={search_term_string}\"},\"query-input\":{\"@type\":\"PropertyValueSpecification\",\"valueRequired\":true,\"valueName\":\"search_term_string\"}}],\"inLanguage\":\"it-IT\"},{\"@type\":\"Organization\",\"@id\":\"https:\\\/\\\/www.wopg.org\\\/it\\\/#organization\",\"name\":\"Words of Peace\",\"url\":\"https:\\\/\\\/www.wopg.org\\\/it\\\/\",\"logo\":{\"@type\":\"ImageObject\",\"inLanguage\":\"it-IT\",\"@id\":\"https:\\\/\\\/www.wopg.org\\\/it\\\/#\\\/schema\\\/logo\\\/image\\\/\",\"url\":\"https:\\\/\\\/wopg.org\\\/wp-content\\\/uploads\\\/2022\\\/02\\\/Words-of-Peace-logo-website61x252.png\",\"contentUrl\":\"https:\\\/\\\/wopg.org\\\/wp-content\\\/uploads\\\/2022\\\/02\\\/Words-of-Peace-logo-website61x252.png\",\"width\":252,\"height\":61,\"caption\":\"Words of Peace\"},\"image\":{\"@id\":\"https:\\\/\\\/www.wopg.org\\\/it\\\/#\\\/schema\\\/logo\\\/image\\\/\"},\"sameAs\":[\"https:\\\/\\\/www.facebook.com\\\/wordsofpeaceglobal\",\"https:\\\/\\\/x.com\\\/wopg\",\"https:\\\/\\\/www.instagram.com\\\/wopgofficial\\\/\"]}]}<\/script>\n<!-- \/ Yoast SEO plugin. -->","yoast_head_json":{"title":"Altri modi di fare donazioni | Words of Peace","robots":{"index":"index","follow":"follow","max-snippet":"max-snippet:-1","max-image-preview":"max-image-preview:large","max-video-preview":"max-video-preview:-1"},"canonical":"https:\/\/www.wopg.org\/it\/altri-modi-di-fare-donazioni\/","og_locale":"it_IT","og_type":"article","og_title":"Altri modi di fare donazioni | Words of Peace","og_description":"Altri modi di fare donazioniSe sei contribuente degli USA sei pregato di cliccare qui per conoscere altri modi di donare a Words of Peace International (WOPI).Altri modi di fare donazioni a Words of Peace Global (WOPG): &nbsp; Bonifico bancario Puoi donare dal tuo conto corrente nelle seguenti valute: Euro, Dollaro USA, Dollaro Canadese, Dollaro Australiano [&hellip;]","og_url":"https:\/\/www.wopg.org\/it\/altri-modi-di-fare-donazioni\/","og_site_name":"Words of Peace","article_publisher":"https:\/\/www.facebook.com\/wordsofpeaceglobal","article_modified_time":"2024-10-05T09:04:37+00:00","twitter_card":"summary_large_image","twitter_site":"@wopg","twitter_misc":{"Tempo di lettura stimato":"4 minuti"},"schema":{"@context":"https:\/\/schema.org","@graph":[{"@type":"WebPage","@id":"https:\/\/www.wopg.org\/it\/altri-modi-di-fare-donazioni\/","url":"https:\/\/www.wopg.org\/it\/altri-modi-di-fare-donazioni\/","name":"Altri modi di fare donazioni | Words of Peace","isPartOf":{"@id":"https:\/\/www.wopg.org\/it\/#website"},"datePublished":"2022-03-29T14:28:30+00:00","dateModified":"2024-10-05T09:04:37+00:00","breadcrumb":{"@id":"https:\/\/www.wopg.org\/it\/altri-modi-di-fare-donazioni\/#breadcrumb"},"inLanguage":"it-IT","potentialAction":[{"@type":"ReadAction","target":["https:\/\/www.wopg.org\/it\/altri-modi-di-fare-donazioni\/"]}]},{"@type":"BreadcrumbList","@id":"https:\/\/www.wopg.org\/it\/altri-modi-di-fare-donazioni\/#breadcrumb","itemListElement":[{"@type":"ListItem","position":1,"name":"Home","item":"https:\/\/www.wopg.org\/it\/"},{"@type":"ListItem","position":2,"name":"Altri modi di fare donazioni"}]},{"@type":"WebSite","@id":"https:\/\/www.wopg.org\/it\/#website","url":"https:\/\/www.wopg.org\/it\/","name":"Words of Peace","description":"Practice Peace, Change Your World","publisher":{"@id":"https:\/\/www.wopg.org\/it\/#organization"},"potentialAction":[{"@type":"SearchAction","target":{"@type":"EntryPoint","urlTemplate":"https:\/\/www.wopg.org\/it\/?s={search_term_string}"},"query-input":{"@type":"PropertyValueSpecification","valueRequired":true,"valueName":"search_term_string"}}],"inLanguage":"it-IT"},{"@type":"Organization","@id":"https:\/\/www.wopg.org\/it\/#organization","name":"Words of Peace","url":"https:\/\/www.wopg.org\/it\/","logo":{"@type":"ImageObject","inLanguage":"it-IT","@id":"https:\/\/www.wopg.org\/it\/#\/schema\/logo\/image\/","url":"https:\/\/wopg.org\/wp-content\/uploads\/2022\/02\/Words-of-Peace-logo-website61x252.png","contentUrl":"https:\/\/wopg.org\/wp-content\/uploads\/2022\/02\/Words-of-Peace-logo-website61x252.png","width":252,"height":61,"caption":"Words of Peace"},"image":{"@id":"https:\/\/www.wopg.org\/it\/#\/schema\/logo\/image\/"},"sameAs":["https:\/\/www.facebook.com\/wordsofpeaceglobal","https:\/\/x.com\/wopg","https:\/\/www.instagram.com\/wopgofficial\/"]}]}},"_links":{"self":[{"href":"https:\/\/www.wopg.org\/it\/wp-json\/wp\/v2\/pages\/5110","targetHints":{"allow":["GET"]}}],"collection":[{"href":"https:\/\/www.wopg.org\/it\/wp-json\/wp\/v2\/pages"}],"about":[{"href":"https:\/\/www.wopg.org\/it\/wp-json\/wp\/v2\/types\/page"}],"author":[{"embeddable":true,"href":"https:\/\/www.wopg.org\/it\/wp-json\/wp\/v2\/users\/3"}],"replies":[{"embeddable":true,"href":"https:\/\/www.wopg.org\/it\/wp-json\/wp\/v2\/comments?post=5110"}],"version-history":[{"count":53,"href":"https:\/\/www.wopg.org\/it\/wp-json\/wp\/v2\/pages\/5110\/revisions"}],"predecessor-version":[{"id":34978,"href":"https:\/\/www.wopg.org\/it\/wp-json\/wp\/v2\/pages\/5110\/revisions\/34978"}],"wp:attachment":[{"href":"https:\/\/www.wopg.org\/it\/wp-json\/wp\/v2\/media?parent=5110"}],"wp:term":[{"taxonomy":"folder","embeddable":true,"href":"https:\/\/www.wopg.org\/it\/wp-json\/wp\/v2\/folder?post=5110"}],"curies":[{"name":"wp","href":"https:\/\/api.w.org\/{rel}","templated":true}]}}