{"id":1221,"date":"2022-02-18T17:39:55","date_gmt":"2022-02-18T17:39:55","guid":{"rendered":"http:\/\/wopg01.local\/eventos\/"},"modified":"2026-05-06T18:10:52","modified_gmt":"2026-05-06T18:10:52","slug":"eventos","status":"publish","type":"page","link":"https:\/\/www.wopg.org\/pt-br\/eventos\/","title":{"rendered":"Eventos"},"content":{"rendered":"<p>[et_pb_section fb_built=&#8221;1&#8243; fullwidth=&#8221;on&#8221; _builder_version=&#8221;4.16&#8243; _module_preset=&#8221;default&#8221; global_colors_info=&#8221;{}&#8221;][et_pb_fullwidth_image src=&#8221;https:\/\/eadn-wc03-5903292.nxedge.io\/wp-content\/uploads\/2026\/04\/Boston-Mosaic-Man_1080x608-web.jpg&#8221; alt=&#8221;Milan Author Event&#8221; title_text=&#8221;Boston Mosaic Man_1080x608-web&#8221; _builder_version=&#8221;4.27.5&#8243; _module_preset=&#8221;default&#8221; hover_enabled=&#8221;0&#8243; global_colors_info=&#8221;{}&#8221; sticky_enabled=&#8221;0&#8243;][\/et_pb_fullwidth_image][\/et_pb_section][et_pb_section fb_built=&#8221;1&#8243; custom_padding_last_edited=&#8221;on|desktop&#8221; _builder_version=&#8221;4.16&#8243; background_enable_image=&#8221;off&#8221; custom_margin=&#8221;||||false|false&#8221; custom_padding=&#8221;0px||0px||false|false&#8221; custom_padding_tablet=&#8221;|0||0|true|false&#8221; custom_padding_phone=&#8221;0px||0px||false|false&#8221; transparent_background=&#8221;off&#8221; make_fullwidth=&#8221;off&#8221; use_custom_width=&#8221;off&#8221; width_unit=&#8221;on&#8221; global_colors_info=&#8221;{}&#8221;][et_pb_row column_padding_mobile=&#8221;on&#8221; disabled_on=&#8221;off|off|off&#8221; _builder_version=&#8221;4.24.3&#8243; background_size=&#8221;initial&#8221; background_position=&#8221;top_left&#8221; background_repeat=&#8221;repeat&#8221; custom_padding=&#8221;||20px||false|false&#8221; make_fullwidth=&#8221;off&#8221; use_custom_width=&#8221;off&#8221; width_unit=&#8221;on&#8221; global_colors_info=&#8221;{}&#8221;][et_pb_column type=&#8221;4_4&#8243; _builder_version=&#8221;4.16&#8243; custom_padding=&#8221;|||&#8221; global_colors_info=&#8221;{}&#8221; custom_padding__hover=&#8221;|||&#8221;][et_pb_text admin_label=&#8221;List of confirmed events&#8221; _builder_version=&#8221;4.24.3&#8243; header_font=&#8221;|||on|||||&#8221; header_text_color=&#8221;#4D4D4D&#8221; header_line_height=&#8221;1.5em&#8221; background_size=&#8221;initial&#8221; background_position=&#8221;top_left&#8221; background_repeat=&#8221;repeat&#8221; text_orientation=&#8221;center&#8221; module_alignment=&#8221;center&#8221; header_font_size_tablet=&#8221;&#8221; header_font_size_phone=&#8221;8vw&#8221; header_font_size_last_edited=&#8221;on|tablet&#8221; border_color_bottom=&#8221;#008B73&#8243; border_style_bottom=&#8221;dotted&#8221; global_colors_info=&#8221;{}&#8221;]<\/p>\n<h1>PR\u00d3XIMOS EVENTOS<\/h1>\n<p>[\/et_pb_text][et_pb_text _builder_version=&#8221;4.27.2&#8243; _module_preset=&#8221;default&#8221; locked=&#8221;off&#8221; global_colors_info=&#8221;{}&#8221;]<\/p>\n<p style=\"text-align: center;\">Os eventos confirmados est\u00e3o listados\u00a0abaixo e novos eventos s\u00e3o adicionados assim que poss\u00edvel. <br \/><strong>A demanda por assentos pode ser alta, portanto, se voc\u00ea deseja participar, adquira seu ingresso com anteced\u00eancia.<\/strong><\/p>\n<p>[\/et_pb_text][\/et_pb_column][\/et_pb_row][et_pb_row disabled_on=&#8221;off|off|off&#8221; _builder_version=&#8221;4.27.2&#8243; _module_preset=&#8221;default&#8221; border_width_top=&#8221;1px&#8221; border_color_top=&#8221;RGBA(0,139,115,0.65)&#8221; locked=&#8221;off&#8221; global_colors_info=&#8221;{}&#8221;][et_pb_column type=&#8221;4_4&#8243; _builder_version=&#8221;4.21.0&#8243; _module_preset=&#8221;default&#8221; global_colors_info=&#8221;{}&#8221;][et_pb_text disabled_on=&#8221;on|on|on&#8221; _builder_version=&#8221;4.27.2&#8243; _module_preset=&#8221;default&#8221; background_color=&#8221;#EEEEEE&#8221; custom_padding=&#8221;1px|2%|1px|2%|true|true&#8221; disabled=&#8221;on&#8221; global_colors_info=&#8221;{}&#8221;]<\/p>\n<h2>Reserve a Data<\/h2>\n<p>[\/et_pb_text][et_pb_blog fullwidth=&#8221;off&#8221; include_categories=&#8221;40&#8243; use_manual_excerpt=&#8221;off&#8221; show_author=&#8221;off&#8221; show_date=&#8221;off&#8221; show_categories=&#8221;off&#8221; show_excerpt=&#8221;off&#8221; show_pagination=&#8221;off&#8221; _builder_version=&#8221;4.27.5&#8243; _module_preset=&#8221;default&#8221; header_font=&#8221;|700|||||||&#8221; header_text_color=&#8221;#008B73&#8243; header_font_size=&#8221;1.3em&#8221; header_font_size_tablet=&#8221;1.3em&#8221; header_font_size_phone=&#8221;1.3em&#8221; header_font_size_last_edited=&#8221;on|desktop&#8221; border_color_bottom_fullwidth=&#8221;#4D4D4D&#8221; global_colors_info=&#8221;{}&#8221;][\/et_pb_blog][\/et_pb_column][\/et_pb_row][et_pb_row disabled_on=&#8221;off|off|off&#8221; _builder_version=&#8221;4.27.2&#8243; _module_preset=&#8221;default&#8221; border_width_top=&#8221;1px&#8221; border_color_top=&#8221;RGBA(0,139,115,0.65)&#8221; locked=&#8221;off&#8221; global_colors_info=&#8221;{}&#8221;][et_pb_column type=&#8221;4_4&#8243; _builder_version=&#8221;4.21.0&#8243; _module_preset=&#8221;default&#8221; global_colors_info=&#8221;{}&#8221;][et_pb_text disabled_on=&#8221;off|off|off&#8221; _builder_version=&#8221;4.27.5&#8243; _module_preset=&#8221;default&#8221; background_color=&#8221;RGBA(255,255,255,0)&#8221; custom_padding=&#8221;1px|2%|1px|2%|true|true&#8221; global_colors_info=&#8221;{}&#8221;]<\/p>\n<h2>More languages<\/h2>\n<p>[\/et_pb_text][et_pb_blog fullwidth=&#8221;off&#8221; include_categories=&#8221;148&#8243; use_manual_excerpt=&#8221;off&#8221; show_author=&#8221;off&#8221; show_date=&#8221;off&#8221; show_categories=&#8221;off&#8221; show_excerpt=&#8221;off&#8221; show_pagination=&#8221;off&#8221; _builder_version=&#8221;4.27.5&#8243; _module_preset=&#8221;default&#8221; header_font=&#8221;|700|||||||&#8221; header_text_color=&#8221;#008B73&#8243; header_font_size=&#8221;1.3em&#8221; header_font_size_tablet=&#8221;1.3em&#8221; header_font_size_phone=&#8221;1.3em&#8221; header_font_size_last_edited=&#8221;on|desktop&#8221; border_color_bottom_fullwidth=&#8221;#4D4D4D&#8221; global_colors_info=&#8221;{}&#8221;][\/et_pb_blog][\/et_pb_column][\/et_pb_row][et_pb_row disabled_on=&#8221;on|on|on&#8221; _builder_version=&#8221;4.27.2&#8243; _module_preset=&#8221;default&#8221; border_width_top=&#8221;1px&#8221; border_color_top=&#8221;RGBA(0,139,115,0.65)&#8221; disabled=&#8221;on&#8221; locked=&#8221;off&#8221; global_colors_info=&#8221;{}&#8221;][et_pb_column type=&#8221;4_4&#8243; _builder_version=&#8221;4.21.0&#8243; _module_preset=&#8221;default&#8221; global_colors_info=&#8221;{}&#8221;][et_pb_text disabled_on=&#8221;off|off|off&#8221; _builder_version=&#8221;4.27.2&#8243; _module_preset=&#8221;default&#8221; background_color=&#8221;#EEEEEE&#8221; custom_padding=&#8221;1px|2%|1px|2%|true|true&#8221; global_colors_info=&#8221;{}&#8221;]<\/p>\n<h2>Eventos<\/h2>\n<p>[\/et_pb_text][et_pb_blog fullwidth=&#8221;off&#8221; include_categories=&#8221;39,85&#8243; use_manual_excerpt=&#8221;off&#8221; excerpt_length=&#8221;0&#8243; show_author=&#8221;off&#8221; show_date=&#8221;off&#8221; show_categories=&#8221;off&#8221; show_pagination=&#8221;off&#8221; disabled_on=&#8221;off|off|off&#8221; _builder_version=&#8221;4.27.2&#8243; _module_preset=&#8221;default&#8221; header_font=&#8221;|700|||||||&#8221; header_text_color=&#8221;#008B73&#8243; header_font_size=&#8221;1.3em&#8221; header_font_size_tablet=&#8221;1.3em&#8221; header_font_size_phone=&#8221;1.3em&#8221; header_font_size_last_edited=&#8221;on|desktop&#8221; border_color_bottom_fullwidth=&#8221;#4D4D4D&#8221; global_colors_info=&#8221;{}&#8221;][\/et_pb_blog][\/et_pb_column][\/et_pb_row][et_pb_row disabled_on=&#8221;on|on|on&#8221; _builder_version=&#8221;4.21.0&#8243; _module_preset=&#8221;default&#8221; border_width_top=&#8221;1px&#8221; border_color_top=&#8221;RGBA(0,139,115,0.65)&#8221; disabled=&#8221;on&#8221; locked=&#8221;off&#8221; global_colors_info=&#8221;{}&#8221;][et_pb_column type=&#8221;4_4&#8243; _builder_version=&#8221;4.21.0&#8243; _module_preset=&#8221;default&#8221; global_colors_info=&#8221;{}&#8221;][et_pb_text _builder_version=&#8221;4.24.3&#8243; _module_preset=&#8221;default&#8221; background_color=&#8221;#EEEEEE&#8221; custom_padding=&#8221;1px|2%|1px|2%|true|true&#8221; global_colors_info=&#8221;{}&#8221;]<\/p>\n<h2>Eventos Passados<\/h2>\n<p>[\/et_pb_text][et_pb_blog include_categories=&#8221;64&#8243; show_thumbnail=&#8221;off&#8221; use_manual_excerpt=&#8221;off&#8221; show_author=&#8221;off&#8221; show_date=&#8221;off&#8221; show_categories=&#8221;off&#8221; show_excerpt=&#8221;off&#8221; show_pagination=&#8221;off&#8221; _builder_version=&#8221;4.22.1&#8243; _module_preset=&#8221;default&#8221; header_font=&#8221;|700|||||||&#8221; header_text_color=&#8221;#008B73&#8243; header_font_size=&#8221;1.3em&#8221; header_font_size_tablet=&#8221;1.3em&#8221; header_font_size_phone=&#8221;1.3em&#8221; header_font_size_last_edited=&#8221;on|desktop&#8221; border_color_bottom_fullwidth=&#8221;#4D4D4D&#8221; global_colors_info=&#8221;{}&#8221;][\/et_pb_blog][\/et_pb_column][\/et_pb_row][\/et_pb_section][et_pb_section fb_built=&#8221;1&#8243; _builder_version=&#8221;4.27.2&#8243; _module_preset=&#8221;default&#8221; custom_padding=&#8221;0px||0px||false|false&#8221; global_colors_info=&#8221;{}&#8221;][et_pb_row _builder_version=&#8221;4.27.2&#8243; _module_preset=&#8221;default&#8221; custom_padding=&#8221;||0px||false|false&#8221; global_colors_info=&#8221;{}&#8221;][et_pb_column type=&#8221;4_4&#8243; _builder_version=&#8221;4.27.2&#8243; _module_preset=&#8221;default&#8221; global_colors_info=&#8221;{}&#8221;]<\/p>\n<p>[et_pb_divider _builder_version=&#8221;4.27.2&#8243; _module_preset=&#8221;default&#8221; global_colors_info=&#8221;{}&#8221;][\/et_pb_divider]<\/p>\n<p>[\/et_pb_column][\/et_pb_row][\/et_pb_section][et_pb_section fb_built=&#8221;1&#8243; _builder_version=&#8221;4.23.1&#8243; _module_preset=&#8221;default&#8221; custom_padding=&#8221;0px||||false|false&#8221; locked=&#8221;off&#8221; global_colors_info=&#8221;{}&#8221;][et_pb_row _builder_version=&#8221;4.16&#8243; _module_preset=&#8221;default&#8221; global_colors_info=&#8221;{}&#8221;][et_pb_column type=&#8221;4_4&#8243; _builder_version=&#8221;4.16&#8243; _module_preset=&#8221;default&#8221; global_colors_info=&#8221;{}&#8221;][et_pb_text _builder_version=&#8221;4.27.2&#8243; _module_preset=&#8221;default&#8221; link_font=&#8221;|700|||||||&#8221; header_2_text_color=&#8221;#4D4D4D&#8221; header_2_font_size=&#8221;42px&#8221; header_2_line_height=&#8221;1.5em&#8221; header_2_font_size_tablet=&#8221;42px&#8221; global_colors_info=&#8221;{}&#8221;]<\/p>\n<h2>O que \u00e9 um evento?<\/h2>\n<p><\/p>\n<p><a href=\"https:\/\/www.wopg.org\/pt-br\/prem-rawat\/\"><span style=\"font-weight: 400;\">Prem Rawat <\/span><\/a><span style=\"font-weight: 400;\">\u00e9 um palestrante respeitado internacionalmente, com uma perspectiva \u00fanica sobre a paz. Animados, convincentes, instigantes e din\u00e2micos, seus discursos p\u00fablicos s\u00e3o uma oportunidade de vivenciar pessoalmente sua mensagem. Sem roteiro e sem ensaio, ele fala ao p\u00fablico com o cora\u00e7\u00e3o.<\/span><\/p>\n<p><\/p>\n<p><span style=\"font-weight: 400;\">Os eventos acontecem em todo o mundo por demanda popular e podem variar desde um discurso ao ar livre at\u00e9 uma palestra em um audit\u00f3rio \u00edntimo ou um est\u00e1dio de grande capacidade. Cada um \u00e9 \u00fanico. Os eventos geralmente duram cerca de 1,5 a 2,5 horas.<\/span><\/p>\n<p><\/p>\n<p><span style=\"font-weight: 400;\">Prem Rawat doa seu tempo e n\u00e3o recebe honor\u00e1rios por falar em eventos.<\/span><\/p>\n<p><\/p>\n<p><a href=\"https:\/\/www.wopg.org\/pt-br\/perguntas-frequentes\/\">Mais respostas aqui<\/a><\/p>\n<p><\/p>\n<p><span style=\"font-weight: 400;\">Se voc\u00ea deseja ser notificado sobre os pr\u00f3ximos eventos\/reuni\u00f5es em sua \u00e1rea, inscreva-se com seu e-mail e pa\u00eds de resid\u00eancia na lista de endere\u00e7os da WOPG (veja o formul\u00e1rio de inscri\u00e7\u00e3o abaixo), bem como na lista de endere\u00e7os do seu pa\u00eds (entre em contato com o administrador da lista).<\/span><\/p>\n<p><\/p>\n<p><span style=\"font-weight: 400;\">Informa\u00e7\u00f5es sobre eventos virtuais podem ser encontradas em <\/span>\u00a0<a href=\"https:\/\/www.premrawat.com\/pt-br\/events-and-livestreams\/\" target=\"_blank\" rel=\"noopener\">www.premrawat.com<\/a><\/p>\n<p>[\/et_pb_text][\/et_pb_column][\/et_pb_row][\/et_pb_section][et_pb_section fb_built=&#8221;1&#8243; fullwidth=&#8221;on&#8221; _builder_version=&#8221;4.16&#8243; _module_preset=&#8221;default&#8221; global_colors_info=&#8221;{}&#8221;][et_pb_fullwidth_image src=&#8221;https:\/\/eadn-wc03-5903292.nxedge.io\/wp-content\/uploads\/2022\/12\/BCN_venue_2022.webp&#8221; alt=&#8221;BCN_venue_2022&#8243; title_text=&#8221;BCN_venue_2022&#8243; _builder_version=&#8221;4.18.0&#8243; _module_preset=&#8221;default&#8221; global_colors_info=&#8221;{}&#8221;][\/et_pb_fullwidth_image][\/et_pb_section][et_pb_section fb_built=&#8221;1&#8243; _builder_version=&#8221;4.16&#8243; _module_preset=&#8221;default&#8221; custom_padding=&#8221;0px||0px||false|false&#8221; locked=&#8221;off&#8221; global_colors_info=&#8221;{}&#8221;][et_pb_row _builder_version=&#8221;4.16&#8243; _module_preset=&#8221;default&#8221; custom_padding=&#8221;5px||||false|false&#8221; global_colors_info=&#8221;{}&#8221;][et_pb_column type=&#8221;4_4&#8243; _builder_version=&#8221;4.16&#8243; _module_preset=&#8221;default&#8221; global_colors_info=&#8221;{}&#8221;][et_pb_text module_id=&#8221;imgcaption&#8221; _builder_version=&#8221;4.18.0&#8243; _module_preset=&#8221;default&#8221; header_6_text_align=&#8221;center&#8221; header_6_line_height=&#8221;1.5em&#8221; global_colors_info=&#8221;{}&#8221;]<\/p>\n<p style=\"text-align: center;\">Auditorio Fira Barcelona, 2022<\/p>\n<p>[\/et_pb_text][\/et_pb_column][\/et_pb_row][\/et_pb_section]<\/p>\n","protected":false},"excerpt":{"rendered":"<p>PR\u00d3XIMOS EVENTOSOs eventos confirmados est\u00e3o listados\u00a0abaixo e novos eventos s\u00e3o adicionados assim que poss\u00edvel. A demanda por assentos pode ser alta, portanto, se voc\u00ea deseja participar, adquira seu ingresso com anteced\u00eancia.Reserve a DataMore languagesEventosEventos PassadosO que \u00e9 um evento?Prem Rawat \u00e9 um palestrante respeitado internacionalmente, com uma perspectiva \u00fanica sobre a paz. Animados, convincentes, instigantes [&hellip;]<\/p>\n","protected":false},"author":3,"featured_media":0,"parent":0,"menu_order":0,"comment_status":"closed","ping_status":"closed","template":"","meta":{"_et_pb_use_builder":"on","_et_pb_old_content":"","_et_gb_content_width":"","cybocfi_hide_featured_image":"","footnotes":""},"folder":[],"class_list":["post-1221","page","type-page","status-publish","hentry"],"yoast_head":"<!-- This site is optimized with the Yoast SEO plugin v27.3 - https:\/\/yoast.com\/product\/yoast-seo-wordpress\/ -->\n<title>Eventos | Words of Peace<\/title>\n<meta name=\"robots\" content=\"index, follow, max-snippet:-1, max-image-preview:large, max-video-preview:-1\" \/>\n<link rel=\"canonical\" href=\"https:\/\/www.wopg.org\/pt-br\/eventos\/\" \/>\n<meta property=\"og:locale\" content=\"pt_BR\" \/>\n<meta property=\"og:type\" content=\"article\" \/>\n<meta property=\"og:title\" content=\"Eventos | Words of Peace\" \/>\n<meta property=\"og:description\" content=\"PR\u00d3XIMOS EVENTOSOs eventos confirmados est\u00e3o listados\u00a0abaixo e novos eventos s\u00e3o adicionados assim que poss\u00edvel. A demanda por assentos pode ser alta, portanto, se voc\u00ea deseja participar, adquira seu ingresso com anteced\u00eancia.Reserve a DataMore languagesEventosEventos PassadosO que \u00e9 um evento?Prem Rawat \u00e9 um palestrante respeitado internacionalmente, com uma perspectiva \u00fanica sobre a paz. Animados, convincentes, instigantes [&hellip;]\" \/>\n<meta property=\"og:url\" content=\"https:\/\/www.wopg.org\/pt-br\/eventos\/\" \/>\n<meta property=\"og:site_name\" content=\"Words of Peace\" \/>\n<meta property=\"article:publisher\" content=\"https:\/\/www.facebook.com\/wordsofpeaceglobal\" \/>\n<meta property=\"article:modified_time\" content=\"2026-05-06T18:10:52+00:00\" \/>\n<meta name=\"twitter:card\" content=\"summary_large_image\" \/>\n<meta name=\"twitter:site\" content=\"@wopg\" \/>\n<meta name=\"twitter:label1\" content=\"Est. tempo de leitura\" \/>\n\t<meta name=\"twitter:data1\" content=\"7 minutos\" \/>\n<script type=\"application\/ld+json\" class=\"yoast-schema-graph\">{\"@context\":\"https:\\\/\\\/schema.org\",\"@graph\":[{\"@type\":\"WebPage\",\"@id\":\"https:\\\/\\\/www.wopg.org\\\/pt-br\\\/eventos\\\/\",\"url\":\"https:\\\/\\\/www.wopg.org\\\/pt-br\\\/eventos\\\/\",\"name\":\"Eventos | Words of Peace\",\"isPartOf\":{\"@id\":\"https:\\\/\\\/www.wopg.org\\\/pt-br\\\/#website\"},\"datePublished\":\"2022-02-18T17:39:55+00:00\",\"dateModified\":\"2026-05-06T18:10:52+00:00\",\"breadcrumb\":{\"@id\":\"https:\\\/\\\/www.wopg.org\\\/pt-br\\\/eventos\\\/#breadcrumb\"},\"inLanguage\":\"pt-BR\",\"potentialAction\":[{\"@type\":\"ReadAction\",\"target\":[\"https:\\\/\\\/www.wopg.org\\\/pt-br\\\/eventos\\\/\"]}]},{\"@type\":\"BreadcrumbList\",\"@id\":\"https:\\\/\\\/www.wopg.org\\\/pt-br\\\/eventos\\\/#breadcrumb\",\"itemListElement\":[{\"@type\":\"ListItem\",\"position\":1,\"name\":\"Home\",\"item\":\"https:\\\/\\\/www.wopg.org\\\/pt-br\\\/\"},{\"@type\":\"ListItem\",\"position\":2,\"name\":\"Eventos\"}]},{\"@type\":\"WebSite\",\"@id\":\"https:\\\/\\\/www.wopg.org\\\/pt-br\\\/#website\",\"url\":\"https:\\\/\\\/www.wopg.org\\\/pt-br\\\/\",\"name\":\"Words of Peace\",\"description\":\"Practice Peace, Change Your World\",\"publisher\":{\"@id\":\"https:\\\/\\\/www.wopg.org\\\/pt-br\\\/#organization\"},\"potentialAction\":[{\"@type\":\"SearchAction\",\"target\":{\"@type\":\"EntryPoint\",\"urlTemplate\":\"https:\\\/\\\/www.wopg.org\\\/pt-br\\\/?s={search_term_string}\"},\"query-input\":{\"@type\":\"PropertyValueSpecification\",\"valueRequired\":true,\"valueName\":\"search_term_string\"}}],\"inLanguage\":\"pt-BR\"},{\"@type\":\"Organization\",\"@id\":\"https:\\\/\\\/www.wopg.org\\\/pt-br\\\/#organization\",\"name\":\"Words of Peace\",\"url\":\"https:\\\/\\\/www.wopg.org\\\/pt-br\\\/\",\"logo\":{\"@type\":\"ImageObject\",\"inLanguage\":\"pt-BR\",\"@id\":\"https:\\\/\\\/www.wopg.org\\\/pt-br\\\/#\\\/schema\\\/logo\\\/image\\\/\",\"url\":\"https:\\\/\\\/wopg.org\\\/wp-content\\\/uploads\\\/2022\\\/02\\\/Words-of-Peace-logo-website61x252.png\",\"contentUrl\":\"https:\\\/\\\/wopg.org\\\/wp-content\\\/uploads\\\/2022\\\/02\\\/Words-of-Peace-logo-website61x252.png\",\"width\":252,\"height\":61,\"caption\":\"Words of Peace\"},\"image\":{\"@id\":\"https:\\\/\\\/www.wopg.org\\\/pt-br\\\/#\\\/schema\\\/logo\\\/image\\\/\"},\"sameAs\":[\"https:\\\/\\\/www.facebook.com\\\/wordsofpeaceglobal\",\"https:\\\/\\\/x.com\\\/wopg\",\"https:\\\/\\\/www.instagram.com\\\/wopgofficial\\\/\"]}]}<\/script>\n<!-- \/ Yoast SEO plugin. -->","yoast_head_json":{"title":"Eventos | Words of Peace","robots":{"index":"index","follow":"follow","max-snippet":"max-snippet:-1","max-image-preview":"max-image-preview:large","max-video-preview":"max-video-preview:-1"},"canonical":"https:\/\/www.wopg.org\/pt-br\/eventos\/","og_locale":"pt_BR","og_type":"article","og_title":"Eventos | Words of Peace","og_description":"PR\u00d3XIMOS EVENTOSOs eventos confirmados est\u00e3o listados\u00a0abaixo e novos eventos s\u00e3o adicionados assim que poss\u00edvel. A demanda por assentos pode ser alta, portanto, se voc\u00ea deseja participar, adquira seu ingresso com anteced\u00eancia.Reserve a DataMore languagesEventosEventos PassadosO que \u00e9 um evento?Prem Rawat \u00e9 um palestrante respeitado internacionalmente, com uma perspectiva \u00fanica sobre a paz. Animados, convincentes, instigantes [&hellip;]","og_url":"https:\/\/www.wopg.org\/pt-br\/eventos\/","og_site_name":"Words of Peace","article_publisher":"https:\/\/www.facebook.com\/wordsofpeaceglobal","article_modified_time":"2026-05-06T18:10:52+00:00","twitter_card":"summary_large_image","twitter_site":"@wopg","twitter_misc":{"Est. tempo de leitura":"7 minutos"},"schema":{"@context":"https:\/\/schema.org","@graph":[{"@type":"WebPage","@id":"https:\/\/www.wopg.org\/pt-br\/eventos\/","url":"https:\/\/www.wopg.org\/pt-br\/eventos\/","name":"Eventos | Words of Peace","isPartOf":{"@id":"https:\/\/www.wopg.org\/pt-br\/#website"},"datePublished":"2022-02-18T17:39:55+00:00","dateModified":"2026-05-06T18:10:52+00:00","breadcrumb":{"@id":"https:\/\/www.wopg.org\/pt-br\/eventos\/#breadcrumb"},"inLanguage":"pt-BR","potentialAction":[{"@type":"ReadAction","target":["https:\/\/www.wopg.org\/pt-br\/eventos\/"]}]},{"@type":"BreadcrumbList","@id":"https:\/\/www.wopg.org\/pt-br\/eventos\/#breadcrumb","itemListElement":[{"@type":"ListItem","position":1,"name":"Home","item":"https:\/\/www.wopg.org\/pt-br\/"},{"@type":"ListItem","position":2,"name":"Eventos"}]},{"@type":"WebSite","@id":"https:\/\/www.wopg.org\/pt-br\/#website","url":"https:\/\/www.wopg.org\/pt-br\/","name":"Words of Peace","description":"Practice Peace, Change Your World","publisher":{"@id":"https:\/\/www.wopg.org\/pt-br\/#organization"},"potentialAction":[{"@type":"SearchAction","target":{"@type":"EntryPoint","urlTemplate":"https:\/\/www.wopg.org\/pt-br\/?s={search_term_string}"},"query-input":{"@type":"PropertyValueSpecification","valueRequired":true,"valueName":"search_term_string"}}],"inLanguage":"pt-BR"},{"@type":"Organization","@id":"https:\/\/www.wopg.org\/pt-br\/#organization","name":"Words of Peace","url":"https:\/\/www.wopg.org\/pt-br\/","logo":{"@type":"ImageObject","inLanguage":"pt-BR","@id":"https:\/\/www.wopg.org\/pt-br\/#\/schema\/logo\/image\/","url":"https:\/\/wopg.org\/wp-content\/uploads\/2022\/02\/Words-of-Peace-logo-website61x252.png","contentUrl":"https:\/\/wopg.org\/wp-content\/uploads\/2022\/02\/Words-of-Peace-logo-website61x252.png","width":252,"height":61,"caption":"Words of Peace"},"image":{"@id":"https:\/\/www.wopg.org\/pt-br\/#\/schema\/logo\/image\/"},"sameAs":["https:\/\/www.facebook.com\/wordsofpeaceglobal","https:\/\/x.com\/wopg","https:\/\/www.instagram.com\/wopgofficial\/"]}]}},"_links":{"self":[{"href":"https:\/\/www.wopg.org\/pt-br\/wp-json\/wp\/v2\/pages\/1221","targetHints":{"allow":["GET"]}}],"collection":[{"href":"https:\/\/www.wopg.org\/pt-br\/wp-json\/wp\/v2\/pages"}],"about":[{"href":"https:\/\/www.wopg.org\/pt-br\/wp-json\/wp\/v2\/types\/page"}],"author":[{"embeddable":true,"href":"https:\/\/www.wopg.org\/pt-br\/wp-json\/wp\/v2\/users\/3"}],"replies":[{"embeddable":true,"href":"https:\/\/www.wopg.org\/pt-br\/wp-json\/wp\/v2\/comments?post=1221"}],"version-history":[{"count":528,"href":"https:\/\/www.wopg.org\/pt-br\/wp-json\/wp\/v2\/pages\/1221\/revisions"}],"predecessor-version":[{"id":49444,"href":"https:\/\/www.wopg.org\/pt-br\/wp-json\/wp\/v2\/pages\/1221\/revisions\/49444"}],"wp:attachment":[{"href":"https:\/\/www.wopg.org\/pt-br\/wp-json\/wp\/v2\/media?parent=1221"}],"wp:term":[{"taxonomy":"folder","embeddable":true,"href":"https:\/\/www.wopg.org\/pt-br\/wp-json\/wp\/v2\/folder?post=1221"}],"curies":[{"name":"wp","href":"https:\/\/api.w.org\/{rel}","templated":true}]}}