{"id":40434,"date":"2025-05-06T11:22:21","date_gmt":"2025-05-06T11:22:21","guid":{"rendered":"https:\/\/www.wopg.org\/relatorio-anual-de-2024\/"},"modified":"2025-05-06T11:22:21","modified_gmt":"2025-05-06T11:22:21","slug":"relatorio-anual-de-2024","status":"publish","type":"page","link":"https:\/\/www.wopg.org\/pt-br\/relatorio-anual-de-2024\/","title":{"rendered":"Relat\u00f3rio Anual de 2024"},"content":{"rendered":"<p>[et_pb_section fb_built=&#8221;1&#8243; _builder_version=&#8221;4.27.4&#8243; _module_preset=&#8221;default&#8221; use_background_color_gradient=&#8221;on&#8221; background_color_gradient_stops=&#8221;rgba(255,255,255,0) 0%|#d5e1d0 100%&#8221; background_image=&#8221;https:\/\/eadn-wc03-5903292.nxedge.io\/wp-content\/uploads\/2023\/08\/design-Annual-report-tree-4.webp&#8221; background_size=&#8221;contain&#8221; background_position=&#8221;bottom_right&#8221; background_blend=&#8221;multiply&#8221; global_colors_info=&#8221;{}&#8221;][et_pb_row _builder_version=&#8221;4.21.0&#8243; _module_preset=&#8221;default&#8221; global_colors_info=&#8221;{}&#8221;][et_pb_column type=&#8221;4_4&#8243; _builder_version=&#8221;4.21.0&#8243; _module_preset=&#8221;default&#8221; global_colors_info=&#8221;{}&#8221;][et_pb_text _builder_version=&#8221;4.27.4&#8243; _module_preset=&#8221;default&#8221; hover_enabled=&#8221;0&#8243; custom_css_free_form=&#8221;.selector .et_pb_text_inner p {||  margin-bottom: 1rem;||}||||selector h1 {||  color: #008b73;||  font-weight: bold !important;||  text-align: left;||}||||selector h4 {||  color: #008b73;||  font-weight: bold !important;||  text-align: left;||}&#8221; global_colors_info=&#8221;{}&#8221; sticky_enabled=&#8221;0&#8243;]<\/p>\n<h1 class=\"p1\">Relat\u00f3rio Anual Words of Peace 2024<\/h1>\n<p>Por mais de seis d\u00e9cadas, Prem Rawat se dedicou a compartilhar sua mensagem de paz pessoal. Aos 67 anos, seu compromisso permanece inabal\u00e1vel.<\/p>\n<p>Gra\u00e7as \u00e0 generosidade dos doadores da Words of Peace, especialmente por meio do Fundo Global de Eventos, 60 palestras de Prem Rawat em 2024 foram poss\u00edveis \u2014 abrangendo 21 pa\u00edses em seis continentes.<\/p>\n<p class=\"p1\">Veja o que seu apoio ajudou a alcan\u00e7ar:<\/p>\n<h4 class=\"p1\" style=\"text-align: left;\">Destaques de 2024<\/h4>\n<h5 class=\"p1\" style=\"text-align: left;\"><strong>Mar\u00e7o:<\/strong> Turn\u00ea pelo M\u00e9xico e Am\u00e9rica do Sul<\/h5>\n<ul>\n<li class=\"p1\">Um retorno muito aguardado \u00e0 Am\u00e9rica do Sul ap\u00f3s cinco anos.<\/li>\n<li class=\"p1\">Cinco pa\u00edses em cinco semanas, alcan\u00e7ando 4.689 participantes.<\/li>\n<li class=\"p1\">Uma entrevista em destaque na Infobae TV, transmitida para o p\u00fablico de l\u00edngua espanhola na Am\u00e9rica do Norte e do Sul.<\/li>\n<\/ul>\n<h5 class=\"p1\"><strong>Maio:<\/strong> Am\u00e9rica do Norte e Europa<\/h5>\n<ul>\n<li><span style=\"font-weight: 400;\"> Boston, EUA \u2013 550 participantes.<\/span><\/li>\n<li><span style=\"font-weight: 400;\"> Dubrovnik, Cro\u00e1cia \u2013 Primeira visita com 475 participantes.<\/span><\/li>\n<\/ul>\n<h5 class=\"p1\"><strong>Junho:<\/strong> Turn\u00ea pela Europa<\/h5>\n<ul>\n<li class=\"p1\"><span style=\"font-weight: 400;\">Quatro pa\u00edses em quatro semanas, falando para 5.589 pessoas.<\/span><\/li>\n<\/ul>\n<h5 class=\"p1\"><strong>Julho:<\/strong> <span style=\"font-weight: 400;\">Confer\u00eancia Internacional na Mal\u00e1sia<\/span><\/h5>\n<ul>\n<li><span style=\"font-weight: 400;\"> Uma confer\u00eancia de cinco dias em Kuala Lumpur para 404 representantes de 59 pa\u00edses.<\/span><\/li>\n<li><span style=\"font-weight: 400;\"> Copatrocinada pela Words of Peace e pela Funda\u00e7\u00e3o Prem Rawat (TPRF).<\/span><\/li>\n<li><span style=\"font-weight: 400;\"> Um evento p\u00fablico para 2.000 participantes ocorreu em seguida.<\/span><\/li>\n<\/ul>\n<h5 class=\"p1\"><strong>Agosto:<\/strong> Fiji<\/h5>\n<ul>\n<li class=\"p1\"><span style=\"font-weight: 400;\">Um evento p\u00fablico liderado pela comunidade em Nadi, com a presen\u00e7a de 604 pessoas.<\/span><\/li>\n<\/ul>\n<h5 class=\"p1\"><strong>Setembro:<\/strong> Austr\u00e1lia e Nova Zel\u00e2ndia<\/h5>\n<ul>\n<li><span style=\"font-weight: 400;\"> Nove eventos ao ar livre em Nova Gales do Sul, apesar do clima desafiador, alcan\u00e7ando 2.492 participantes.<\/span><\/li>\n<li><span style=\"font-weight: 400;\"> Auckland, Nova Zel\u00e2ndia \u2013 613 participantes.<\/span><\/li>\n<\/ul>\n<h5 class=\"p1\"><strong>Outubro:<\/strong> <span style=\"font-weight: 400;\">Coreia do Sul e Jap\u00e3o<\/span><\/h5>\n<ul>\n<li><span style=\"font-weight: 400;\"> Seul, Coreia do Sul \u2013 Lan\u00e7amento da edi\u00e7\u00e3o coreana de \u201cHear Yourself\u201d, com um evento para a m\u00eddia no South Korean Press Club.<\/span><\/li>\n<li><span style=\"font-weight: 400;\"> Kyoto, Jap\u00e3o \u2013 Lan\u00e7amento da edi\u00e7\u00e3o japonesa.<\/span><\/li>\n<li><span style=\"font-weight: 400;\"> 376 pessoas presentes em ambos os pa\u00edses.<\/span><\/li>\n<\/ul>\n<h5 class=\"p1\"><strong>Novembro-Dezembro:<\/strong> Turn\u00ea Africana<\/h5>\n<ul>\n<li><span style=\"font-weight: 400;\"> Toamasina, Madagascar \u2013 467 participantes, incluindo o Presidente de Madagascar e altos funcion\u00e1rios do governo.<\/span><\/li>\n<li><span style=\"font-weight: 400;\"> Joanesburgo, \u00c1frica do Sul \u2013 597 participantes, muitos se preparando para aprender as t\u00e9cnicas do Conhecimento.<\/span><\/li>\n<li><span style=\"font-weight: 400;\"> Entrevistas em destaque nas r\u00e1dios Heart FM e Bush FM, com um alcance potencial de 1 a 2 milh\u00f5es de ouvintes.<\/span><\/li>\n<li><span style=\"font-weight: 400;\"> Cotonou, Benin \u2013 1.150 participantes, incluindo o Rei Sinagonrigui Tukosari II e autoridades locais.<\/span><\/li>\n<li><span style=\"font-weight: 400;\"> Transmiss\u00e3o ao vivo para 3 pris\u00f5es e \u00e1reas vizinhas, alcan\u00e7ando 3.500 espectadores.<\/span><\/li>\n<li><span style=\"font-weight: 400;\"> Transmiss\u00e3o tamb\u00e9m na TVC Benin, com um p\u00fablico potencial de 1 milh\u00e3o.<\/span><\/li>\n<li><span style=\"font-weight: 400;\"> Barcelona, \u200b\u200bEspanha \u2013 Evento final do ano, com a presen\u00e7a de 1.726 pessoas.<\/span><\/li>\n<\/ul>\n<p class=\"p1\"><span style=\"font-weight: 400;\">Al\u00e9m desses eventos, Prem Rawat tamb\u00e9m realizou reuni\u00f5es privadas, compromissos na \u00cdndia e eventos especiais patrocinados pela Funda\u00e7\u00e3o Prem Rawat (TPRF).<\/span><\/p>\n<h4 class=\"p1\" style=\"text-align: left;\">Em n\u00fameros:<\/h4>\n<ul>\n<li class=\"p1\">60 palestras e entrevistas<\/li>\n<li class=\"p1\">310.613 participantes presenciais<\/li>\n<li class=\"p1\">6.016.241 participantes online<\/li>\n<li class=\"p1\">80.051 seguidores no Facebook (ingl\u00eas, espanhol, hindi)<\/li>\n<li class=\"p1\">7.745 seguidores no Twitter<\/li>\n<li class=\"p1\">33.678 seguidores no YouTube<\/li>\n<li class=\"p1\">189.326 visualiza\u00e7\u00f5es no YouTube<\/li>\n<li class=\"p1\">141 pa\u00edses com visitantes no site<\/li>\n<li class=\"p1\">105.632 sess\u00f5es no site<\/li>\n<li class=\"p1\">\u20ac 2.060.521 em doa\u00e7\u00f5es<\/li>\n<\/ul>\n<p>[\/et_pb_text][et_pb_text _builder_version=&#8221;4.27.4&#8243; _module_preset=&#8221;default&#8221; custom_css_free_form=&#8221;selector h5 {||  color: #4d4d4d;||  text-align: left;||}&#8221; global_colors_info=&#8221;{}&#8221;]<\/p>\n<h5 class=\"p1\">Seu apoio tornou tudo isso poss\u00edvel. Obrigado por fazer parte dessa jornada!<\/h5>\n<p>[\/et_pb_text][\/et_pb_column][\/et_pb_row][\/et_pb_section]<\/p>\n","protected":false},"excerpt":{"rendered":"<p>Relat\u00f3rio Anual Words of Peace 2024 Por mais de seis d\u00e9cadas, Prem Rawat se dedicou a compartilhar sua mensagem de paz pessoal. Aos 67 anos, seu compromisso permanece inabal\u00e1vel. Gra\u00e7as \u00e0 generosidade dos doadores da Words of Peace, especialmente por meio do Fundo Global de Eventos, 60 palestras de Prem Rawat em 2024 foram poss\u00edveis [&hellip;]<\/p>\n","protected":false},"author":3,"featured_media":0,"parent":0,"menu_order":0,"comment_status":"closed","ping_status":"closed","template":"","meta":{"_et_pb_use_builder":"on","_et_pb_old_content":"","_et_gb_content_width":"","footnotes":""},"folder":[],"class_list":["post-40434","page","type-page","status-publish","hentry"],"yoast_head":"<!-- This site is optimized with the Yoast SEO plugin v27.3 - https:\/\/yoast.com\/product\/yoast-seo-wordpress\/ -->\n<title>Relat\u00f3rio Anual de 2024 | Words of Peace<\/title>\n<meta name=\"robots\" content=\"index, follow, max-snippet:-1, max-image-preview:large, max-video-preview:-1\" \/>\n<link rel=\"canonical\" href=\"https:\/\/www.wopg.org\/pt-br\/relatorio-anual-de-2024\/\" \/>\n<meta property=\"og:locale\" content=\"pt_BR\" \/>\n<meta property=\"og:type\" content=\"article\" \/>\n<meta property=\"og:title\" content=\"Relat\u00f3rio Anual de 2024 | Words of Peace\" \/>\n<meta property=\"og:description\" content=\"Relat\u00f3rio Anual Words of Peace 2024 Por mais de seis d\u00e9cadas, Prem Rawat se dedicou a compartilhar sua mensagem de paz pessoal. Aos 67 anos, seu compromisso permanece inabal\u00e1vel. Gra\u00e7as \u00e0 generosidade dos doadores da Words of Peace, especialmente por meio do Fundo Global de Eventos, 60 palestras de Prem Rawat em 2024 foram poss\u00edveis [&hellip;]\" \/>\n<meta property=\"og:url\" content=\"https:\/\/www.wopg.org\/pt-br\/relatorio-anual-de-2024\/\" \/>\n<meta property=\"og:site_name\" content=\"Words of Peace\" \/>\n<meta property=\"article:publisher\" content=\"https:\/\/www.facebook.com\/wordsofpeaceglobal\" \/>\n<meta name=\"twitter:card\" content=\"summary_large_image\" \/>\n<meta name=\"twitter:site\" content=\"@wopg\" \/>\n<meta name=\"twitter:label1\" content=\"Est. tempo de leitura\" \/>\n\t<meta name=\"twitter:data1\" content=\"3 minutos\" \/>\n<script type=\"application\/ld+json\" class=\"yoast-schema-graph\">{\"@context\":\"https:\\\/\\\/schema.org\",\"@graph\":[{\"@type\":\"WebPage\",\"@id\":\"https:\\\/\\\/www.wopg.org\\\/pt-br\\\/relatorio-anual-de-2024\\\/\",\"url\":\"https:\\\/\\\/www.wopg.org\\\/pt-br\\\/relatorio-anual-de-2024\\\/\",\"name\":\"Relat\u00f3rio Anual de 2024 | Words of Peace\",\"isPartOf\":{\"@id\":\"https:\\\/\\\/www.wopg.org\\\/pt-br\\\/#website\"},\"datePublished\":\"2025-05-06T11:22:21+00:00\",\"breadcrumb\":{\"@id\":\"https:\\\/\\\/www.wopg.org\\\/pt-br\\\/relatorio-anual-de-2024\\\/#breadcrumb\"},\"inLanguage\":\"pt-BR\",\"potentialAction\":[{\"@type\":\"ReadAction\",\"target\":[\"https:\\\/\\\/www.wopg.org\\\/pt-br\\\/relatorio-anual-de-2024\\\/\"]}]},{\"@type\":\"BreadcrumbList\",\"@id\":\"https:\\\/\\\/www.wopg.org\\\/pt-br\\\/relatorio-anual-de-2024\\\/#breadcrumb\",\"itemListElement\":[{\"@type\":\"ListItem\",\"position\":1,\"name\":\"Home\",\"item\":\"https:\\\/\\\/www.wopg.org\\\/pt-br\\\/\"},{\"@type\":\"ListItem\",\"position\":2,\"name\":\"Relat\u00f3rio Anual de 2024\"}]},{\"@type\":\"WebSite\",\"@id\":\"https:\\\/\\\/www.wopg.org\\\/pt-br\\\/#website\",\"url\":\"https:\\\/\\\/www.wopg.org\\\/pt-br\\\/\",\"name\":\"Words of Peace\",\"description\":\"Practice Peace, Change Your World\",\"publisher\":{\"@id\":\"https:\\\/\\\/www.wopg.org\\\/pt-br\\\/#organization\"},\"potentialAction\":[{\"@type\":\"SearchAction\",\"target\":{\"@type\":\"EntryPoint\",\"urlTemplate\":\"https:\\\/\\\/www.wopg.org\\\/pt-br\\\/?s={search_term_string}\"},\"query-input\":{\"@type\":\"PropertyValueSpecification\",\"valueRequired\":true,\"valueName\":\"search_term_string\"}}],\"inLanguage\":\"pt-BR\"},{\"@type\":\"Organization\",\"@id\":\"https:\\\/\\\/www.wopg.org\\\/pt-br\\\/#organization\",\"name\":\"Words of Peace\",\"url\":\"https:\\\/\\\/www.wopg.org\\\/pt-br\\\/\",\"logo\":{\"@type\":\"ImageObject\",\"inLanguage\":\"pt-BR\",\"@id\":\"https:\\\/\\\/www.wopg.org\\\/pt-br\\\/#\\\/schema\\\/logo\\\/image\\\/\",\"url\":\"https:\\\/\\\/wopg.org\\\/wp-content\\\/uploads\\\/2022\\\/02\\\/Words-of-Peace-logo-website61x252.png\",\"contentUrl\":\"https:\\\/\\\/wopg.org\\\/wp-content\\\/uploads\\\/2022\\\/02\\\/Words-of-Peace-logo-website61x252.png\",\"width\":252,\"height\":61,\"caption\":\"Words of Peace\"},\"image\":{\"@id\":\"https:\\\/\\\/www.wopg.org\\\/pt-br\\\/#\\\/schema\\\/logo\\\/image\\\/\"},\"sameAs\":[\"https:\\\/\\\/www.facebook.com\\\/wordsofpeaceglobal\",\"https:\\\/\\\/x.com\\\/wopg\",\"https:\\\/\\\/www.instagram.com\\\/wopgofficial\\\/\"]}]}<\/script>\n<!-- \/ Yoast SEO plugin. -->","yoast_head_json":{"title":"Relat\u00f3rio Anual de 2024 | Words of Peace","robots":{"index":"index","follow":"follow","max-snippet":"max-snippet:-1","max-image-preview":"max-image-preview:large","max-video-preview":"max-video-preview:-1"},"canonical":"https:\/\/www.wopg.org\/pt-br\/relatorio-anual-de-2024\/","og_locale":"pt_BR","og_type":"article","og_title":"Relat\u00f3rio Anual de 2024 | Words of Peace","og_description":"Relat\u00f3rio Anual Words of Peace 2024 Por mais de seis d\u00e9cadas, Prem Rawat se dedicou a compartilhar sua mensagem de paz pessoal. Aos 67 anos, seu compromisso permanece inabal\u00e1vel. Gra\u00e7as \u00e0 generosidade dos doadores da Words of Peace, especialmente por meio do Fundo Global de Eventos, 60 palestras de Prem Rawat em 2024 foram poss\u00edveis [&hellip;]","og_url":"https:\/\/www.wopg.org\/pt-br\/relatorio-anual-de-2024\/","og_site_name":"Words of Peace","article_publisher":"https:\/\/www.facebook.com\/wordsofpeaceglobal","twitter_card":"summary_large_image","twitter_site":"@wopg","twitter_misc":{"Est. tempo de leitura":"3 minutos"},"schema":{"@context":"https:\/\/schema.org","@graph":[{"@type":"WebPage","@id":"https:\/\/www.wopg.org\/pt-br\/relatorio-anual-de-2024\/","url":"https:\/\/www.wopg.org\/pt-br\/relatorio-anual-de-2024\/","name":"Relat\u00f3rio Anual de 2024 | Words of Peace","isPartOf":{"@id":"https:\/\/www.wopg.org\/pt-br\/#website"},"datePublished":"2025-05-06T11:22:21+00:00","breadcrumb":{"@id":"https:\/\/www.wopg.org\/pt-br\/relatorio-anual-de-2024\/#breadcrumb"},"inLanguage":"pt-BR","potentialAction":[{"@type":"ReadAction","target":["https:\/\/www.wopg.org\/pt-br\/relatorio-anual-de-2024\/"]}]},{"@type":"BreadcrumbList","@id":"https:\/\/www.wopg.org\/pt-br\/relatorio-anual-de-2024\/#breadcrumb","itemListElement":[{"@type":"ListItem","position":1,"name":"Home","item":"https:\/\/www.wopg.org\/pt-br\/"},{"@type":"ListItem","position":2,"name":"Relat\u00f3rio Anual de 2024"}]},{"@type":"WebSite","@id":"https:\/\/www.wopg.org\/pt-br\/#website","url":"https:\/\/www.wopg.org\/pt-br\/","name":"Words of Peace","description":"Practice Peace, Change Your World","publisher":{"@id":"https:\/\/www.wopg.org\/pt-br\/#organization"},"potentialAction":[{"@type":"SearchAction","target":{"@type":"EntryPoint","urlTemplate":"https:\/\/www.wopg.org\/pt-br\/?s={search_term_string}"},"query-input":{"@type":"PropertyValueSpecification","valueRequired":true,"valueName":"search_term_string"}}],"inLanguage":"pt-BR"},{"@type":"Organization","@id":"https:\/\/www.wopg.org\/pt-br\/#organization","name":"Words of Peace","url":"https:\/\/www.wopg.org\/pt-br\/","logo":{"@type":"ImageObject","inLanguage":"pt-BR","@id":"https:\/\/www.wopg.org\/pt-br\/#\/schema\/logo\/image\/","url":"https:\/\/wopg.org\/wp-content\/uploads\/2022\/02\/Words-of-Peace-logo-website61x252.png","contentUrl":"https:\/\/wopg.org\/wp-content\/uploads\/2022\/02\/Words-of-Peace-logo-website61x252.png","width":252,"height":61,"caption":"Words of Peace"},"image":{"@id":"https:\/\/www.wopg.org\/pt-br\/#\/schema\/logo\/image\/"},"sameAs":["https:\/\/www.facebook.com\/wordsofpeaceglobal","https:\/\/x.com\/wopg","https:\/\/www.instagram.com\/wopgofficial\/"]}]}},"_links":{"self":[{"href":"https:\/\/www.wopg.org\/pt-br\/wp-json\/wp\/v2\/pages\/40434","targetHints":{"allow":["GET"]}}],"collection":[{"href":"https:\/\/www.wopg.org\/pt-br\/wp-json\/wp\/v2\/pages"}],"about":[{"href":"https:\/\/www.wopg.org\/pt-br\/wp-json\/wp\/v2\/types\/page"}],"author":[{"embeddable":true,"href":"https:\/\/www.wopg.org\/pt-br\/wp-json\/wp\/v2\/users\/3"}],"replies":[{"embeddable":true,"href":"https:\/\/www.wopg.org\/pt-br\/wp-json\/wp\/v2\/comments?post=40434"}],"version-history":[{"count":2,"href":"https:\/\/www.wopg.org\/pt-br\/wp-json\/wp\/v2\/pages\/40434\/revisions"}],"predecessor-version":[{"id":40436,"href":"https:\/\/www.wopg.org\/pt-br\/wp-json\/wp\/v2\/pages\/40434\/revisions\/40436"}],"wp:attachment":[{"href":"https:\/\/www.wopg.org\/pt-br\/wp-json\/wp\/v2\/media?parent=40434"}],"wp:term":[{"taxonomy":"folder","embeddable":true,"href":"https:\/\/www.wopg.org\/pt-br\/wp-json\/wp\/v2\/folder?post=40434"}],"curies":[{"name":"wp","href":"https:\/\/api.w.org\/{rel}","templated":true}]}}