{"id":40670,"date":"2025-05-08T16:18:30","date_gmt":"2025-05-08T16:18:30","guid":{"rendered":"https:\/\/www.wopg.org\/plano-de-politicas-2025-2026\/"},"modified":"2025-05-09T15:46:32","modified_gmt":"2025-05-09T15:46:32","slug":"plano-de-politicas-2025-2026","status":"publish","type":"page","link":"https:\/\/www.wopg.org\/pt-br\/plano-de-politicas-2025-2026\/","title":{"rendered":"Plano de Pol\u00edticas 2025 &#8211; 2026"},"content":{"rendered":"<p>[et_pb_section fb_built=&#8221;1&#8243; admin_label=&#8221;section&#8221; _builder_version=&#8221;4.16&#8243; global_colors_info=&#8221;{}&#8221;][et_pb_row admin_label=&#8221;row&#8221; _builder_version=&#8221;4.16&#8243; background_size=&#8221;initial&#8221; background_position=&#8221;top_left&#8221; background_repeat=&#8221;repeat&#8221; global_colors_info=&#8221;{}&#8221;][et_pb_column type=&#8221;4_4&#8243; _builder_version=&#8221;4.16&#8243; custom_padding=&#8221;|||&#8221; global_colors_info=&#8221;{}&#8221; custom_padding__hover=&#8221;|||&#8221;][et_pb_text admin_label=&#8221;Text&#8221; _builder_version=&#8221;4.27.4&#8243; link_font=&#8221;|700|||||||&#8221; background_size=&#8221;initial&#8221; background_position=&#8221;top_left&#8221; background_repeat=&#8221;repeat&#8221; hover_enabled=&#8221;0&#8243; global_colors_info=&#8221;{}&#8221; sticky_enabled=&#8221;0&#8243;]<\/p>\n<h2 class=\"s1\">Words of Peace Global<\/h2>\n<p>Plano de Pol\u00edticas 2025 &#8211; 2026<br \/>C\u00e2mara de Com\u00e9rcio de Amsterd\u00e3: 34312991<br \/>RSIN: 819929803<\/p>\n<p>&nbsp;<\/p>\n<h3>\u00cdndice<\/h3>\n<ol id=\"l1\">\n<li><strong>Objetivo<\/strong><strong> da Funda\u00e7\u00e3o<\/strong><\/li>\n<li><strong>Descri\u00e7\u00e3o <\/strong><\/li>\n<li><strong>Atividades da Administra\u00e7\u00e3o<\/strong><\/li>\n<li><strong>Atividades da Funda\u00e7\u00e3o<\/strong><\/li>\n<li><strong>Capta\u00e7\u00e3o de recursos<\/strong><\/li>\n<li><strong>Gest\u00e3o de Capital <\/strong><\/li>\n<li><strong>Administra\u00e7\u00e3o Geral<\/strong><\/li>\n<li><strong>Administra\u00e7\u00e3o Financeira<\/strong><\/li>\n<\/ol>\n<p>&nbsp;<\/p>\n<p><strong>1. Objetivo<\/strong><strong> da Funda\u00e7\u00e3o<\/strong><\/p>\n<p><strong>\u00a0<\/strong>O texto do estatuto a respeito do objetivo \u00e9 o seguinte: &#8220;Esta funda\u00e7\u00e3o foi criada com os objetivos de benefic\u00eancia, educa\u00e7\u00e3o e quest\u00f5es cient\u00edficas, incluindo a promo\u00e7\u00e3o da mensagem de paz apresentada por Prem Rawat\u201d.<\/p>\n<p>Isso significa, na pr\u00e1tica, que todas as atividades da WOPG s\u00e3o baseadas no fornecimento mundial de informa\u00e7\u00f5es ao p\u00fablico em geral sobre a possibilidade de paz pessoal, oferecida por Prem Rawat.<\/p>\n<p><strong>2. Descri\u00e7\u00e3o <\/strong><\/p>\n<p>A WOPG, fundada em 2008, est\u00e1 comprometida com transpar\u00eancia e pr\u00e1ticas financeiras \u00e9ticas de ponta a ponta e \u00e9 pol\u00edtica e financeiramente independente de qualquer governo, ideologia pol\u00edtica, interesse econ\u00f4mico ou religi\u00e3o.<\/p>\n<p>A funda\u00e7\u00e3o n\u00e3o tem fins lucrativos e n\u00e3o faz nenhuma distribui\u00e7\u00e3o de renda ou outros pagamentos para benef\u00edcio pessoal de qualquer indiv\u00edduo. Os interesses s\u00e3o puramente gerais em seu car\u00e1ter. A WOPG \u00e9 reconhecida pelas autoridades fiscais holandesas como uma institui\u00e7\u00e3o de utilidade p\u00fablica (ANBI).<\/p>\n<p>A WOPG est\u00e1 registrada na C\u00e2mara de Com\u00e9rcio de Amsterd\u00e3 sob o n\u00famero 34312991 e o RSIN (antigo n\u00famero fiscal) \u00e9: 819929803. A sede social est\u00e1 localizada em: Tweede J. van Campenstraat 117C, 1073 XR em Amsterd\u00e3.<\/p>\n<p>O endere\u00e7o postal \u00e9: P.O. Box 20627, 1001 NP em Amsterd\u00e3.<\/p>\n<p>Informa\u00e7\u00f5es podem ser encontradas no website <a href=\"https:\/\/www.wopg.org\/pt-br\/\" target=\"_blank\" rel=\"noopener\">www.wopg.org<\/a>.<\/p>\n<p><strong>3. Atividades da Administra\u00e7\u00e3o<\/strong><\/p>\n<p><strong>\u00a0<\/strong>O conselho da WOPG consiste dos seguintes membros.<\/p>\n<ul>\n<li>Roland Peter Klepzig, presidente, tesoureiro e CEO<\/li>\n<li>Bart Bender, secret\u00e1rio<\/li>\n<li>Gerardus Theodorus Johannes Heinst, diretor<\/li>\n<\/ul>\n<p>Os membros do Conselho n\u00e3o recebem qualquer remunera\u00e7\u00e3o, exceto a cobertura de despesas.<\/p>\n<p>O conselho se reunir\u00e1 com a frequ\u00eancia exigida pelas atividades, no entanto, pelo menos formalmente duas vezes por ano. Um relat\u00f3rio \u00e9 feito de cada reuni\u00e3o formal. Entre as reuni\u00f5es formais, a diretoria mant\u00e9m contato via e-mail, telefone ou Zoom.<\/p>\n<p>Entre outras coisas, as reuni\u00f5es da diretoria confirmam as decis\u00f5es tomadas por pelo menos dois membros da diretoria nos \u00faltimos meses e discutem as atividades realizadas ou a serem\u00a0realizadas.<\/p>\n<p>Um or\u00e7amento anual \u00e9 preparado em Novembro de cada ano para apresenta\u00e7\u00e3o ao Conselho em Dezembro. Or\u00e7amentos revisados s\u00e3o preparados, se necess\u00e1rio, durante o ano. Antes de 1\u00ba de julho, o conselho deve preparar e elaborar o balan\u00e7o patrimonial e a declara\u00e7\u00e3o de receitas e despesas da funda\u00e7\u00e3o. Estes ser\u00e3o publicados oportunamente no site da WOPG de acordo com a legisla\u00e7\u00e3o em vigor no que diz respeito \u00e0 ANBI.<\/p>\n<p><strong>4. Atividades da Funda\u00e7\u00e3o<\/strong><\/p>\n<p>A WOPG atinge seus objetivos por meio das seguintes atividades:<\/p>\n<p>4.1 Apoio a eventos em todo o mundo (confer\u00eancias, conven\u00e7\u00f5es, semin\u00e1rios, reuni\u00f5es) onde a mensagem de paz pessoal e autoconhecimento \u00e9 transmitida. A participa\u00e7\u00e3o em tais eventos varia de 20 a 300.000 pessoas.<\/p>\n<p>4.2 Apoio a pessoas jur\u00eddicas (organiza\u00e7\u00f5es e grupos de pessoas) em qualquer parte do mundo na busca de atividades sem fins lucrativos consistentes com os objetivos de caridade da funda\u00e7\u00e3o, conforme evidenciado pelas atividades concretas dessas pessoas jur\u00eddicas.<\/p>\n<p>4.3 Fornecimento de informa\u00e7\u00f5es ao p\u00fablico em geral sobre os pr\u00f3ximos eventos e a necessidade de seu apoio financeiro, quando necess\u00e1rio.<\/p>\n<p>Os eventos e encontros s\u00e3o organizados ao longo do ano mediante a sua divulga\u00e7\u00e3o junto do grande p\u00fablico e\/ou apoiadores, e tamb\u00e9m a convite, mediante a participa\u00e7\u00e3o de entidades de diversos pa\u00edses, conforme referido no ponto 4.2. Governos e parlamentos, universidades, grandes empresas, e outros grupos interessados tamb\u00e9m podem atuar como entidades organizadoras desses eventos.<\/p>\n<p>Uma vis\u00e3o geral dos eventos mais importantes apoiados pela WOPG em todo o mundo \u00e9 publicada anualmente na forma de um Relat\u00f3rio Anual (atividade) no site da WOPG.<\/p>\n<p>As grava\u00e7\u00f5es dos eventos podem ser visualizadas na internet, por exemplo no YouTube; parte delas formam a base de alguns cursos gratuitos ministrados por volunt\u00e1rios, como o <a href=\"https:\/\/tprf.org\/pt-br\/category\/peace-education-program-pt-br\/\" target=\"_blank\" rel=\"noopener\">Programa de Educa\u00e7\u00e3o para a Paz<\/a> (PEP) que tem se mostrado altamente eficaz em diversos tipos de institui\u00e7\u00f5es em todo o mundo. O <a href=\"https:\/\/tprf.org\/pt-br\/instalacoes-correcionais-italianas-expandem-o-programa-de-educacao-para-a-paz\/\" target=\"_blank\" rel=\"noopener\">Minist\u00e9rio da Justi\u00e7a Italiano<\/a>, por exemplo, disponibilizou o PEP gratuitamente para todas as pris\u00f5es da It\u00e1lia.<\/p>\n<p><strong>5. Capta\u00e7\u00e3o de recursos<\/strong><\/p>\n<p><strong>\u00a0<\/strong>Para poder cumprir seus objetivos de caridade, a WOPG est\u00e1 envolvida em campanhas de arrecada\u00e7\u00e3o de fundos. A WOPG recebe sua receita exclusivamente de doa\u00e7\u00f5es e subs\u00eddios, incluindo legados ocasionais. As doa\u00e7\u00f5es derivam principalmente de muitos milhares de indiv\u00edduos em todo o mundo, mas tamb\u00e9m incluem doa\u00e7\u00f5es de organiza\u00e7\u00f5es com ideias semelhantes, como a Words of Peace International, uma institui\u00e7\u00e3o de caridade registrada 501 (c) (3) nos Estados Unidos.<\/p>\n<p>As doa\u00e7\u00f5es mensais \u00fanicas e recorrentes s\u00e3o recebidas por meio do site da WOPG, bem como diretamente nas contas banc\u00e1rias da WOPG por meio de transfer\u00eancias banc\u00e1rias. O Conselho da WOPG decide o uso dos presentes(doa\u00e7\u00f5es) para a realiza\u00e7\u00e3o dos prop\u00f3sitos da funda\u00e7\u00e3o. A WOPG fornecer\u00e1 um extrato de contas que inclui todas as doa\u00e7\u00f5es recebidas.<\/p>\n<p>Parte do objetivo da capta\u00e7\u00e3o de recursos \u00e9 que a funda\u00e7\u00e3o possa fazer doa\u00e7\u00f5es ou concess\u00f5es a pessoas jur\u00eddicas com o mesmo objetivo, conforme evidenciado pela atua\u00e7\u00e3o concreta dessas pessoas jur\u00eddicas. No caso de doa\u00e7\u00f5es ou concess\u00f5es a pessoas jur\u00eddicas estrangeiras, os regulamentos fiscais atuais s\u00e3o estritamente aplicados e, normalmente, todas as doa\u00e7\u00f5es ou concess\u00f5es s\u00e3o feitas com base em um acordo escrito, documentando a finalidade para a qual a doa\u00e7\u00e3o ou acordo \u00e9 feita. As doa\u00e7\u00f5es s\u00f3 s\u00e3o feitas a pessoas f\u00edsicas ou jur\u00eddicas com a finalidade de fornecer apoio financeiro para uma atividade sem fins lucrativos que seja consistente com o escopo das atividades que seriam permitidas de acordo com os pr\u00f3prios objetivos de caridade da WOPG.<\/p>\n<p><strong>6. Gest\u00e3o de Capital <\/strong><\/p>\n<p>O capital que vem sendo acumulado pela funda\u00e7\u00e3o n\u00e3o pode ser alienado por apenas um conselheiro, mas apenas por dois conselheiros agindo em conjunto. A funda\u00e7\u00e3o n\u00e3o conceder\u00e1 mais capital do que o considerado razo\u00e1vel e necess\u00e1rio para a boa continua\u00e7\u00e3o das atividades previstas relacionadas com o cumprimento dos objetivos da funda\u00e7\u00e3o.<\/p>\n<p>Conforme mencionado no par\u00e1grafo 5, a Diretoria da WOPG decide o uso de doa\u00e7\u00f5es para cumprir os objetivos da funda\u00e7\u00e3o e a WOPG fornecer\u00e1 um extrato de contas que inclui todas as doa\u00e7\u00f5es recebidas.<\/p>\n<p>Todos os pagamentos feitos pela WOPG s\u00e3o feitos eletronicamente via banco online. A autoriza\u00e7\u00e3o dupla por signat\u00e1rios autorizados est\u00e1 em vigor em todas as contas. Apenas pagamentos pr\u00e9-aprovados s\u00e3o autorizados. Os ativos da WOPG s\u00e3o predominantemente mantidos em dinheiro. As contas correntes s\u00e3o mantidas no banco ABN AMRO na Holanda.<\/p>\n<p>N\u00e3o existem contas de poupan\u00e7a ou investimento.<\/p>\n<p>A fim de ser capaz de gerenciar os v\u00e1rios processos dentro da WOPG de uma forma estruturada e de forma controlada, os procedimentos a seguir para fornecer doa\u00e7\u00f5es foram elaborados.<\/p>\n<ul>\n<li>Pessoas e organiza\u00e7\u00f5es sem fins lucrativos que desejam receber uma doa\u00e7\u00e3o devem fazer uma solicita\u00e7\u00e3o \u00e0 WOPG.<\/li>\n<li>Esses pedidos de doa\u00e7\u00e3o devem ser acompanhados por uma descri\u00e7\u00e3o da finalidade para a qual a doa\u00e7\u00e3o ser\u00e1 usada.<\/li>\n<li>O conselho da WOPG (pelo menos dois membros) decide se a doa\u00e7\u00e3o solicitada deve ser feita. O conselho pode estabelecer certas condi\u00e7\u00f5es para o fornecimento da doa\u00e7\u00e3o no que diz respeito \u00e0 finalidade precisa de seu uso.<\/li>\n<li>A WOPG espera que o receptor confirme o recebimento da doa\u00e7\u00e3o com um relat\u00f3rio mostrando que os fundos foram usados para o prop\u00f3sito solicitado.<\/li>\n<li>O conselho de administra\u00e7\u00e3o efetua a gest\u00e3o da sele\u00e7\u00e3o dos pedidos de financiamento.<\/li>\n<\/ul>\n<p><strong>7. Administra\u00e7\u00e3o Geral<\/strong><\/p>\n<p>As contas da WOPG s\u00e3o mantidas de forma clara e transparente. Os custos de gerenciamento e capta\u00e7\u00e3o de recursos s\u00e3o avaliados regularmente, para garantir que sejam limitados ao m\u00ednimo necess\u00e1rio. Os seguintes documentos, entre outros, s\u00e3o mantidos na administra\u00e7\u00e3o.<\/p>\n<ul>\n<li>Declara\u00e7\u00f5es de contas e evid\u00eancias sobre doa\u00e7\u00f5es concedidas.<\/li>\n<li>O tipo e o tamanho da receita e do capital da funda\u00e7\u00e3o.<\/li>\n<li>Os valores gastos na capta\u00e7\u00e3o de recursos e na gest\u00e3o da funda\u00e7\u00e3o. Deve haver a exist\u00eancia de uma rela\u00e7\u00e3o razo\u00e1vel entre os custos e despesas. Isso ser\u00e1 gerenciado pelo conselho.<\/li>\n<li>Os valores pagos a qualquer conselheiro para reembolso de despesas.<\/li>\n<li>Escritura\u00e7\u00e3o financeira geral.<\/li>\n<\/ul>\n<p><strong>8. Administra\u00e7\u00e3o Financeira<\/strong><\/p>\n<p>A administra\u00e7\u00e3o financeira \u00e9 organizada de forma que os seguintes pontos sejam vis\u00edveis de forma transparente.<\/p>\n<ul>\n<li>Os custos de gerenciamento est\u00e3o bem abaixo do normal, porque a WOPG trabalha principalmente com volunt\u00e1rios. A pol\u00edtica de gest\u00e3o visa manter este ponto de partida.<\/li>\n<li>A quantidade de recursos usados para a arrecada\u00e7\u00e3o de fundos tamb\u00e9m foi moderada nos \u00faltimos anos. O conselho se esfor\u00e7a para manter isso como um ponto de partida no recrutamento de fundos.<\/li>\n<li>Al\u00e9m dos custos de gest\u00e3o e de angaria\u00e7\u00e3o de fundos, todos os fundos dispon\u00edveis s\u00e3o gastos de acordo com o objetivo estatut\u00e1rio da funda\u00e7\u00e3o. Esta pol\u00edtica \u00e9 de natureza estrutural.<\/li>\n<li>Em conformidade com os estatutos da funda\u00e7\u00e3o, os membros do conselho n\u00e3o s\u00e3o remunerados, mas podem ser reembolsados pelas despesas. A pol\u00edtica em rela\u00e7\u00e3o ao recrutamento e a remunera\u00e7\u00e3o da administra\u00e7\u00e3o e do pessoal baseiam-se nos seguintes princ\u00edpios. Sempre que poss\u00edvel, as fun\u00e7\u00f5es de gest\u00e3o e pessoal em todos os n\u00edveis s\u00e3o desempenhadas por volunt\u00e1rios qualificados. Somente quando estritamente necess\u00e1rio, as fun\u00e7\u00f5es de gerenciamento e equipe da WOPG s\u00e3o desempenhadas por funcion\u00e1rios ou contratados. A remunera\u00e7\u00e3o desses funcion\u00e1rios contratados permanece modesta.<\/li>\n<li>Seguran\u00e7a de Dados: a WOPG usa fornecedores externos para seu Sistema de Gest\u00e3o de Doadores e seus registros cont\u00e1beis. Ambos os provedores verificaram a seguran\u00e7a de seus sistemas em termos de prote\u00e7\u00e3o contra viola\u00e7\u00f5es de dados e ambos fazem backups regulares dos dados em servidores independentes. Al\u00e9m disso, a WOPG tamb\u00e9m faz backup dos dados cont\u00e1beis, portanto, caso seja necess\u00e1rio, os registros cont\u00e1beis podem ser reconstru\u00eddos de forma independente, sem recurso ao provedor. Arquivos e documentos impressos s\u00e3o mantidos nas casas da equipe de contabilidade da WOPG at\u00e9 que sejam mantidos em um arquivo seguro em Amsterd\u00e3. O risco \u00e9 atenuado pelo fato de que todos os documentos tamb\u00e9m s\u00e3o arquivados eletronicamente, com mais de um funcion\u00e1rio tendo acesso.<\/li>\n<\/ul>\n<p>[\/et_pb_text][et_pb_button button_url=&#8221;https:\/\/eadn-wc03-5903292.nxedge.io\/wp-content\/uploads\/2025\/05\/WOPG-Policy-Plan-May-2025-2026_PT-2.pdf&#8221; button_text=&#8221;Vers\u00e3o para Impress\u00e3o&#8221; button_alignment=&#8221;right&#8221; _builder_version=&#8221;4.27.4&#8243; _module_preset=&#8221;default&#8221; global_colors_info=&#8221;{}&#8221;][\/et_pb_button][\/et_pb_column][\/et_pb_row][\/et_pb_section]<\/p>\n","protected":false},"excerpt":{"rendered":"<p>Words of Peace Global Plano de Pol\u00edticas 2025 &#8211; 2026C\u00e2mara de Com\u00e9rcio de Amsterd\u00e3: 34312991RSIN: 819929803 &nbsp; \u00cdndice Objetivo da Funda\u00e7\u00e3o Descri\u00e7\u00e3o Atividades da Administra\u00e7\u00e3o Atividades da Funda\u00e7\u00e3o Capta\u00e7\u00e3o de recursos Gest\u00e3o de Capital Administra\u00e7\u00e3o Geral Administra\u00e7\u00e3o Financeira &nbsp; 1. Objetivo da Funda\u00e7\u00e3o \u00a0O texto do estatuto a respeito do objetivo \u00e9 o seguinte: &#8220;Esta [&hellip;]<\/p>\n","protected":false},"author":14,"featured_media":0,"parent":0,"menu_order":0,"comment_status":"closed","ping_status":"closed","template":"","meta":{"_et_pb_use_builder":"on","_et_pb_old_content":"","_et_gb_content_width":"","footnotes":""},"folder":[],"class_list":["post-40670","page","type-page","status-publish","hentry"],"yoast_head":"<!-- This site is optimized with the Yoast SEO plugin v27.3 - https:\/\/yoast.com\/product\/yoast-seo-wordpress\/ -->\n<title>Plano de Pol\u00edticas 2025 - 2026 | Words of Peace<\/title>\n<meta name=\"robots\" content=\"index, follow, max-snippet:-1, max-image-preview:large, max-video-preview:-1\" \/>\n<link rel=\"canonical\" href=\"https:\/\/www.wopg.org\/pt-br\/plano-de-politicas-2025-2026\/\" \/>\n<meta property=\"og:locale\" content=\"pt_BR\" \/>\n<meta property=\"og:type\" content=\"article\" \/>\n<meta property=\"og:title\" content=\"Plano de Pol\u00edticas 2025 - 2026 | Words of Peace\" \/>\n<meta property=\"og:description\" content=\"Words of Peace Global Plano de Pol\u00edticas 2025 - 2026C\u00e2mara de Com\u00e9rcio de Amsterd\u00e3: 34312991RSIN: 819929803 &nbsp; \u00cdndice Objetivo da Funda\u00e7\u00e3o Descri\u00e7\u00e3o Atividades da Administra\u00e7\u00e3o Atividades da Funda\u00e7\u00e3o Capta\u00e7\u00e3o de recursos Gest\u00e3o de Capital Administra\u00e7\u00e3o Geral Administra\u00e7\u00e3o Financeira &nbsp; 1. Objetivo da Funda\u00e7\u00e3o \u00a0O texto do estatuto a respeito do objetivo \u00e9 o seguinte: &quot;Esta [&hellip;]\" \/>\n<meta property=\"og:url\" content=\"https:\/\/www.wopg.org\/pt-br\/plano-de-politicas-2025-2026\/\" \/>\n<meta property=\"og:site_name\" content=\"Words of Peace\" \/>\n<meta property=\"article:publisher\" content=\"https:\/\/www.facebook.com\/wordsofpeaceglobal\" \/>\n<meta property=\"article:modified_time\" content=\"2025-05-09T15:46:32+00:00\" \/>\n<meta name=\"twitter:card\" content=\"summary_large_image\" \/>\n<meta name=\"twitter:site\" content=\"@wopg\" \/>\n<meta name=\"twitter:label1\" content=\"Est. tempo de leitura\" \/>\n\t<meta name=\"twitter:data1\" content=\"10 minutos\" \/>\n<script type=\"application\/ld+json\" class=\"yoast-schema-graph\">{\"@context\":\"https:\\\/\\\/schema.org\",\"@graph\":[{\"@type\":\"WebPage\",\"@id\":\"https:\\\/\\\/www.wopg.org\\\/pt-br\\\/plano-de-politicas-2025-2026\\\/\",\"url\":\"https:\\\/\\\/www.wopg.org\\\/pt-br\\\/plano-de-politicas-2025-2026\\\/\",\"name\":\"Plano de Pol\u00edticas 2025 - 2026 | Words of Peace\",\"isPartOf\":{\"@id\":\"https:\\\/\\\/www.wopg.org\\\/pt-br\\\/#website\"},\"datePublished\":\"2025-05-08T16:18:30+00:00\",\"dateModified\":\"2025-05-09T15:46:32+00:00\",\"breadcrumb\":{\"@id\":\"https:\\\/\\\/www.wopg.org\\\/pt-br\\\/plano-de-politicas-2025-2026\\\/#breadcrumb\"},\"inLanguage\":\"pt-BR\",\"potentialAction\":[{\"@type\":\"ReadAction\",\"target\":[\"https:\\\/\\\/www.wopg.org\\\/pt-br\\\/plano-de-politicas-2025-2026\\\/\"]}]},{\"@type\":\"BreadcrumbList\",\"@id\":\"https:\\\/\\\/www.wopg.org\\\/pt-br\\\/plano-de-politicas-2025-2026\\\/#breadcrumb\",\"itemListElement\":[{\"@type\":\"ListItem\",\"position\":1,\"name\":\"Home\",\"item\":\"https:\\\/\\\/www.wopg.org\\\/pt-br\\\/\"},{\"@type\":\"ListItem\",\"position\":2,\"name\":\"Plano de Pol\u00edticas 2025 &#8211; 2026\"}]},{\"@type\":\"WebSite\",\"@id\":\"https:\\\/\\\/www.wopg.org\\\/pt-br\\\/#website\",\"url\":\"https:\\\/\\\/www.wopg.org\\\/pt-br\\\/\",\"name\":\"Words of Peace\",\"description\":\"Practice Peace, Change Your World\",\"publisher\":{\"@id\":\"https:\\\/\\\/www.wopg.org\\\/pt-br\\\/#organization\"},\"potentialAction\":[{\"@type\":\"SearchAction\",\"target\":{\"@type\":\"EntryPoint\",\"urlTemplate\":\"https:\\\/\\\/www.wopg.org\\\/pt-br\\\/?s={search_term_string}\"},\"query-input\":{\"@type\":\"PropertyValueSpecification\",\"valueRequired\":true,\"valueName\":\"search_term_string\"}}],\"inLanguage\":\"pt-BR\"},{\"@type\":\"Organization\",\"@id\":\"https:\\\/\\\/www.wopg.org\\\/pt-br\\\/#organization\",\"name\":\"Words of Peace\",\"url\":\"https:\\\/\\\/www.wopg.org\\\/pt-br\\\/\",\"logo\":{\"@type\":\"ImageObject\",\"inLanguage\":\"pt-BR\",\"@id\":\"https:\\\/\\\/www.wopg.org\\\/pt-br\\\/#\\\/schema\\\/logo\\\/image\\\/\",\"url\":\"https:\\\/\\\/wopg.org\\\/wp-content\\\/uploads\\\/2022\\\/02\\\/Words-of-Peace-logo-website61x252.png\",\"contentUrl\":\"https:\\\/\\\/wopg.org\\\/wp-content\\\/uploads\\\/2022\\\/02\\\/Words-of-Peace-logo-website61x252.png\",\"width\":252,\"height\":61,\"caption\":\"Words of Peace\"},\"image\":{\"@id\":\"https:\\\/\\\/www.wopg.org\\\/pt-br\\\/#\\\/schema\\\/logo\\\/image\\\/\"},\"sameAs\":[\"https:\\\/\\\/www.facebook.com\\\/wordsofpeaceglobal\",\"https:\\\/\\\/x.com\\\/wopg\",\"https:\\\/\\\/www.instagram.com\\\/wopgofficial\\\/\"]}]}<\/script>\n<!-- \/ Yoast SEO plugin. -->","yoast_head_json":{"title":"Plano de Pol\u00edticas 2025 - 2026 | Words of Peace","robots":{"index":"index","follow":"follow","max-snippet":"max-snippet:-1","max-image-preview":"max-image-preview:large","max-video-preview":"max-video-preview:-1"},"canonical":"https:\/\/www.wopg.org\/pt-br\/plano-de-politicas-2025-2026\/","og_locale":"pt_BR","og_type":"article","og_title":"Plano de Pol\u00edticas 2025 - 2026 | Words of Peace","og_description":"Words of Peace Global Plano de Pol\u00edticas 2025 - 2026C\u00e2mara de Com\u00e9rcio de Amsterd\u00e3: 34312991RSIN: 819929803 &nbsp; \u00cdndice Objetivo da Funda\u00e7\u00e3o Descri\u00e7\u00e3o Atividades da Administra\u00e7\u00e3o Atividades da Funda\u00e7\u00e3o Capta\u00e7\u00e3o de recursos Gest\u00e3o de Capital Administra\u00e7\u00e3o Geral Administra\u00e7\u00e3o Financeira &nbsp; 1. Objetivo da Funda\u00e7\u00e3o \u00a0O texto do estatuto a respeito do objetivo \u00e9 o seguinte: \"Esta [&hellip;]","og_url":"https:\/\/www.wopg.org\/pt-br\/plano-de-politicas-2025-2026\/","og_site_name":"Words of Peace","article_publisher":"https:\/\/www.facebook.com\/wordsofpeaceglobal","article_modified_time":"2025-05-09T15:46:32+00:00","twitter_card":"summary_large_image","twitter_site":"@wopg","twitter_misc":{"Est. tempo de leitura":"10 minutos"},"schema":{"@context":"https:\/\/schema.org","@graph":[{"@type":"WebPage","@id":"https:\/\/www.wopg.org\/pt-br\/plano-de-politicas-2025-2026\/","url":"https:\/\/www.wopg.org\/pt-br\/plano-de-politicas-2025-2026\/","name":"Plano de Pol\u00edticas 2025 - 2026 | Words of Peace","isPartOf":{"@id":"https:\/\/www.wopg.org\/pt-br\/#website"},"datePublished":"2025-05-08T16:18:30+00:00","dateModified":"2025-05-09T15:46:32+00:00","breadcrumb":{"@id":"https:\/\/www.wopg.org\/pt-br\/plano-de-politicas-2025-2026\/#breadcrumb"},"inLanguage":"pt-BR","potentialAction":[{"@type":"ReadAction","target":["https:\/\/www.wopg.org\/pt-br\/plano-de-politicas-2025-2026\/"]}]},{"@type":"BreadcrumbList","@id":"https:\/\/www.wopg.org\/pt-br\/plano-de-politicas-2025-2026\/#breadcrumb","itemListElement":[{"@type":"ListItem","position":1,"name":"Home","item":"https:\/\/www.wopg.org\/pt-br\/"},{"@type":"ListItem","position":2,"name":"Plano de Pol\u00edticas 2025 &#8211; 2026"}]},{"@type":"WebSite","@id":"https:\/\/www.wopg.org\/pt-br\/#website","url":"https:\/\/www.wopg.org\/pt-br\/","name":"Words of Peace","description":"Practice Peace, Change Your World","publisher":{"@id":"https:\/\/www.wopg.org\/pt-br\/#organization"},"potentialAction":[{"@type":"SearchAction","target":{"@type":"EntryPoint","urlTemplate":"https:\/\/www.wopg.org\/pt-br\/?s={search_term_string}"},"query-input":{"@type":"PropertyValueSpecification","valueRequired":true,"valueName":"search_term_string"}}],"inLanguage":"pt-BR"},{"@type":"Organization","@id":"https:\/\/www.wopg.org\/pt-br\/#organization","name":"Words of Peace","url":"https:\/\/www.wopg.org\/pt-br\/","logo":{"@type":"ImageObject","inLanguage":"pt-BR","@id":"https:\/\/www.wopg.org\/pt-br\/#\/schema\/logo\/image\/","url":"https:\/\/wopg.org\/wp-content\/uploads\/2022\/02\/Words-of-Peace-logo-website61x252.png","contentUrl":"https:\/\/wopg.org\/wp-content\/uploads\/2022\/02\/Words-of-Peace-logo-website61x252.png","width":252,"height":61,"caption":"Words of Peace"},"image":{"@id":"https:\/\/www.wopg.org\/pt-br\/#\/schema\/logo\/image\/"},"sameAs":["https:\/\/www.facebook.com\/wordsofpeaceglobal","https:\/\/x.com\/wopg","https:\/\/www.instagram.com\/wopgofficial\/"]}]}},"_links":{"self":[{"href":"https:\/\/www.wopg.org\/pt-br\/wp-json\/wp\/v2\/pages\/40670","targetHints":{"allow":["GET"]}}],"collection":[{"href":"https:\/\/www.wopg.org\/pt-br\/wp-json\/wp\/v2\/pages"}],"about":[{"href":"https:\/\/www.wopg.org\/pt-br\/wp-json\/wp\/v2\/types\/page"}],"author":[{"embeddable":true,"href":"https:\/\/www.wopg.org\/pt-br\/wp-json\/wp\/v2\/users\/14"}],"replies":[{"embeddable":true,"href":"https:\/\/www.wopg.org\/pt-br\/wp-json\/wp\/v2\/comments?post=40670"}],"version-history":[{"count":8,"href":"https:\/\/www.wopg.org\/pt-br\/wp-json\/wp\/v2\/pages\/40670\/revisions"}],"predecessor-version":[{"id":40696,"href":"https:\/\/www.wopg.org\/pt-br\/wp-json\/wp\/v2\/pages\/40670\/revisions\/40696"}],"wp:attachment":[{"href":"https:\/\/www.wopg.org\/pt-br\/wp-json\/wp\/v2\/media?parent=40670"}],"wp:term":[{"taxonomy":"folder","embeddable":true,"href":"https:\/\/www.wopg.org\/pt-br\/wp-json\/wp\/v2\/folder?post=40670"}],"curies":[{"name":"wp","href":"https:\/\/api.w.org\/{rel}","templated":true}]}}