{"id":43460,"date":"2025-08-26T13:15:15","date_gmt":"2025-08-26T13:15:15","guid":{"rendered":"https:\/\/www.wopg.org\/sobre-prem-rawat\/"},"modified":"2025-08-29T17:57:27","modified_gmt":"2025-08-29T17:57:27","slug":"sobre-prem-rawat","status":"publish","type":"page","link":"https:\/\/www.wopg.org\/pt-br\/sobre-prem-rawat\/","title":{"rendered":"Sobre Prem Rawat"},"content":{"rendered":"<p>[et_pb_section fb_built=&#8221;1&#8243; _builder_version=&#8221;4.27.0&#8243; _module_preset=&#8221;default&#8221; custom_padding=&#8221;0px||||false|false&#8221; global_colors_info=&#8221;{}&#8221;][et_pb_row _builder_version=&#8221;4.27.0&#8243; _module_preset=&#8221;default&#8221; width=&#8221;100%&#8221; global_colors_info=&#8221;{}&#8221;][et_pb_column type=&#8221;4_4&#8243; _builder_version=&#8221;4.27.0&#8243; _module_preset=&#8221;default&#8221; global_colors_info=&#8221;{}&#8221;][et_pb_image src=&#8221;https:\/\/eadn-wc03-5903292.nxedge.io\/wp-content\/uploads\/2024\/09\/about-prem-grey-bkg-2.jpg&#8221; title_text=&#8221;about-prem-grey-bkg-2&#8243; align=&#8221;center&#8221; _builder_version=&#8221;4.27.0&#8243; _module_preset=&#8221;default&#8221; border_radii=&#8221;off|13px|13px||&#8221; global_colors_info=&#8221;{}&#8221;][\/et_pb_image][et_pb_text _builder_version=&#8221;4.27.0&#8243; _module_preset=&#8221;default&#8221; header_font=&#8221;|700|||||||&#8221; header_text_align=&#8221;center&#8221; header_text_color=&#8221;#FFFFFF&#8221; background_color=&#8221;#1565b7&#8243; width=&#8221;350px&#8221; width_tablet=&#8221;300px&#8221; width_phone=&#8221;100%&#8221; width_last_edited=&#8221;on|phone&#8221; module_alignment=&#8221;left&#8221; custom_margin=&#8221;-150px||||false|false&#8221; custom_margin_tablet=&#8221;-150px||||false|false&#8221; custom_margin_phone=&#8221;-30px||||false|false&#8221; custom_margin_last_edited=&#8221;on|tablet&#8221; header_font_size_tablet=&#8221;&#8221; header_font_size_phone=&#8221;24px&#8221; header_font_size_last_edited=&#8221;on|phone&#8221; border_radii=&#8221;off||13px|13px|&#8221; border_radii_tablet=&#8221;off||13px|13px|&#8221; border_radii_phone=&#8221;off||0px|0px|&#8221; border_radii_last_edited=&#8221;on|phone&#8221; global_colors_info=&#8221;{}&#8221;]<\/p>\n<h1>Prem Rawat<\/h1>\n<p>[\/et_pb_text][et_pb_text _builder_version=&#8221;4.27.0&#8243; _module_preset=&#8221;default&#8221; custom_margin=&#8221;60px||||false|false&#8221; custom_padding=&#8221;|10%||10%|false|true&#8221; global_colors_info=&#8221;{}&#8221;]<\/p>\n<h1 style=\"text-align: center;\">Uma vida dedicada \u00e0 paz<\/h1>\n<p style=\"text-align: center;\">Por mais de cinquenta anos, Prem Rawat compartilhou sua mensagem duradoura de paz com pessoas de todo o mundo \u2013independentemente de nacionalidade, religi\u00e3o ou estilo de vida \u2013 uma mensagem de que a paz interior n\u00e3o \u00e9 apenas poss\u00edvel, mas um direito humano inato. Com grande comprometimento, sabedoria e intelig\u00eancia, ele alcan\u00e7ou centenas de milh\u00f5es de pessoas em mais de 100 pa\u00edses. <a href=\"https:\/\/www.premrawat.com\/pt-br\/globo-interativo\/\" target=\"_blank\" rel=\"noopener\">Visite aqui<\/a>\u00a0para ver uma linha do tempo interativa de suas atividades globais.<\/p>\n<p>[\/et_pb_text][et_pb_text _builder_version=&#8221;4.27.0&#8243; _module_preset=&#8221;default&#8221; text_text_color=&#8221;#FFFFFF&#8221; header_text_color=&#8221;#FFFFFF&#8221; header_3_text_color=&#8221;#FFFFFF&#8221; header_4_text_color=&#8221;#FFFFFF&#8221; background_color=&#8221;#1565b7&#8243; custom_padding=&#8221;3%|3%|3%|3%|true|true&#8221; border_radii=&#8221;off|||13px|13px&#8221; global_colors_info=&#8221;{}&#8221;]<\/p>\n<h3 style=\"text-align: center;\"><em>\u201cA paz \u00e9 poss\u00edvel e come\u00e7a dentro de cada um de n\u00f3s.\u201d<\/em><\/h3>\n<h4 style=\"text-align: center;\">\u2013 Prem Rawat<\/h4>\n<p>[\/et_pb_text][\/et_pb_column][\/et_pb_row][et_pb_row _builder_version=&#8221;4.27.0&#8243; _module_preset=&#8221;default&#8221; global_colors_info=&#8221;{}&#8221;][et_pb_column type=&#8221;4_4&#8243; _builder_version=&#8221;4.27.0&#8243; _module_preset=&#8221;default&#8221; global_colors_info=&#8221;{}&#8221;][et_pb_text _builder_version=&#8221;4.27.4&#8243; _module_preset=&#8221;default&#8221; hover_enabled=&#8221;0&#8243; global_colors_info=&#8221;{}&#8221; sticky_enabled=&#8221;0&#8243;]<\/p>\n<p>Como autor de best-sellers, Prem encontrou uma maneira de tornar verdades universais e atemporais acess\u00edveis a pessoas de todas as esferas da vida. Seu livro mais recente,\u00a0Hear Yourself, recebeu \u00f3timas cr\u00edticas e estreou na lista de mais vendidos do New York Times apenas duas semanas ap\u00f3s sua publica\u00e7\u00e3o em 14 de setembro. O livro, at\u00e9 o momento, tamb\u00e9m foi publicado em espanhol (<em>Esc\u00fachate<\/em>), franc\u00eas (<em>Apprendre \u00e0 s\u2019\u00e9couter<\/em>) e portugu\u00eas de Portugal (<em>Ouve a Tua Voz)<\/em>. Outros livros de autoria de Prem incluem:\u00a0<em>Peace is Possible (tamb\u00e9m conhecido como Splitting the Arrow), The Pot With The Hole\u00a0<\/em>e<em>\u00a0The Stonecutter<\/em>.<\/p>\n<p>Sempre em busca de maneiras inovadoras de comunicar sua mensagem, Prem criou o\u00a0<a href=\"https:\/\/www.premrawat.com\/pt\/ouvir-assista-ler\/peak-conheca-a-si-mesmo\" target=\"_blank\" rel=\"noopener\">Peace Education and Knowledge<\/a>\u00a0(<em>PEAK<\/em>) \u2014 um curso de autodescoberta em v\u00eddeo on-line, dispon\u00edvel para todos gratuitamente, no\u00a0TimelessToday, sua plataforma de m\u00eddia.<\/p>\n<p>Outra maneira pela qual Prem comunica sua mensagem inspiradora \u00e9 por meio de seu\u00a0<a href=\"https:\/\/tprf.org\/pt-br\/programa-de-educacao-para-a-paz\/\" target=\"_blank\" rel=\"noopener\">Programa de Educa\u00e7\u00e3o para a Paz\u00a0<\/a>(PEP), extraordinariamente bem recebido em pris\u00f5es, escolas, academias de pol\u00edcia, hospitais, lares de idosos e centros de veteranos, em mais de 80 pa\u00edses.<\/p>\n<p>Mais recentemente, Prem acrescentou outra cereja ao bolo \u2013\u00a0Exist\u00eancia Inteligente, um treinamento altamente envolvente que se concentra em tr\u00eas temas principais: 1) Conhecer a si mesmo; 2) Viver a vida conscientemente e 3) Ter um cora\u00e7\u00e3o cheio de gratid\u00e3o.<\/p>\n<p>Prem tamb\u00e9m \u00e9 um humanit\u00e1rio muito ativo.\u00a0<a href=\"https:\/\/tprf.org\/pt-br\" target=\"_blank\" rel=\"noopener\">The Prem Rawat Foundation<\/a>\u00a0(TPRF), estabelecida em 2001, apoia v\u00e1rias atividades beneficentes em todo o mundo \u2013 incluindo assist\u00eancia em desastres, bancos de olhos, programas de distribui\u00e7\u00e3o de alimentos e os esfor\u00e7os de alcance do Programa de Educa\u00e7\u00e3o para a Paz.<\/p>\n<p>Al\u00e9m disso, Prem \u00e9 um piloto talentoso, tendo registrado mais de 14.000 horas de voo em prol de seu compromisso de toda a vida de levar sua mensagem de paz ao maior n\u00famero de pessoas poss\u00edvel.<\/p>\n<p>Seus hobbies? Compor m\u00fasica, cozinhar, restaurar carros antigos, contar hist\u00f3rias e fotografia.<\/p>\n<p>Em termos de fam\u00edlia, Prem \u00e9 casado com Marolyn Johnson desde 1974, \u00e9 pai de quatro filhos e av\u00f4 de quatro netos. Se quiser enviar uma mensagem a Prem,\u00a0<a href=\"https:\/\/www.premrawat.com\/pt\/contato\" target=\"_blank\" rel=\"noopener\">clique aqui.<\/a><\/p>\n<p>[\/et_pb_text][\/et_pb_column][\/et_pb_row][\/et_pb_section]<\/p>\n","protected":false},"excerpt":{"rendered":"<p>Prem RawatUma vida dedicada \u00e0 paz Por mais de cinquenta anos, Prem Rawat compartilhou sua mensagem duradoura de paz com pessoas de todo o mundo \u2013independentemente de nacionalidade, religi\u00e3o ou estilo de vida \u2013 uma mensagem de que a paz interior n\u00e3o \u00e9 apenas poss\u00edvel, mas um direito humano inato. Com grande comprometimento, sabedoria e [&hellip;]<\/p>\n","protected":false},"author":3,"featured_media":0,"parent":0,"menu_order":0,"comment_status":"closed","ping_status":"closed","template":"","meta":{"_et_pb_use_builder":"on","_et_pb_old_content":"","_et_gb_content_width":"","cybocfi_hide_featured_image":"","footnotes":""},"folder":[],"class_list":["post-43460","page","type-page","status-publish","hentry"],"yoast_head":"<!-- This site is optimized with the Yoast SEO plugin v27.3 - https:\/\/yoast.com\/product\/yoast-seo-wordpress\/ -->\n<title>Sobre Prem Rawat | Words of Peace<\/title>\n<meta name=\"robots\" content=\"index, follow, max-snippet:-1, max-image-preview:large, max-video-preview:-1\" \/>\n<link rel=\"canonical\" href=\"https:\/\/www.wopg.org\/pt-br\/sobre-prem-rawat\/\" \/>\n<meta property=\"og:locale\" content=\"pt_BR\" \/>\n<meta property=\"og:type\" content=\"article\" \/>\n<meta property=\"og:title\" content=\"Sobre Prem Rawat | Words of Peace\" \/>\n<meta property=\"og:description\" content=\"Prem RawatUma vida dedicada \u00e0 paz Por mais de cinquenta anos, Prem Rawat compartilhou sua mensagem duradoura de paz com pessoas de todo o mundo \u2013independentemente de nacionalidade, religi\u00e3o ou estilo de vida \u2013 uma mensagem de que a paz interior n\u00e3o \u00e9 apenas poss\u00edvel, mas um direito humano inato. Com grande comprometimento, sabedoria e [&hellip;]\" \/>\n<meta property=\"og:url\" content=\"https:\/\/www.wopg.org\/pt-br\/sobre-prem-rawat\/\" \/>\n<meta property=\"og:site_name\" content=\"Words of Peace\" \/>\n<meta property=\"article:publisher\" content=\"https:\/\/www.facebook.com\/wordsofpeaceglobal\" \/>\n<meta property=\"article:modified_time\" content=\"2025-08-29T17:57:27+00:00\" \/>\n<meta name=\"twitter:card\" content=\"summary_large_image\" \/>\n<meta name=\"twitter:site\" content=\"@wopg\" \/>\n<meta name=\"twitter:label1\" content=\"Est. tempo de leitura\" \/>\n\t<meta name=\"twitter:data1\" content=\"4 minutos\" \/>\n<script type=\"application\/ld+json\" class=\"yoast-schema-graph\">{\"@context\":\"https:\\\/\\\/schema.org\",\"@graph\":[{\"@type\":\"WebPage\",\"@id\":\"https:\\\/\\\/www.wopg.org\\\/pt-br\\\/sobre-prem-rawat\\\/\",\"url\":\"https:\\\/\\\/www.wopg.org\\\/pt-br\\\/sobre-prem-rawat\\\/\",\"name\":\"Sobre Prem Rawat | Words of Peace\",\"isPartOf\":{\"@id\":\"https:\\\/\\\/www.wopg.org\\\/pt-br\\\/#website\"},\"datePublished\":\"2025-08-26T13:15:15+00:00\",\"dateModified\":\"2025-08-29T17:57:27+00:00\",\"breadcrumb\":{\"@id\":\"https:\\\/\\\/www.wopg.org\\\/pt-br\\\/sobre-prem-rawat\\\/#breadcrumb\"},\"inLanguage\":\"pt-BR\",\"potentialAction\":[{\"@type\":\"ReadAction\",\"target\":[\"https:\\\/\\\/www.wopg.org\\\/pt-br\\\/sobre-prem-rawat\\\/\"]}]},{\"@type\":\"BreadcrumbList\",\"@id\":\"https:\\\/\\\/www.wopg.org\\\/pt-br\\\/sobre-prem-rawat\\\/#breadcrumb\",\"itemListElement\":[{\"@type\":\"ListItem\",\"position\":1,\"name\":\"Home\",\"item\":\"https:\\\/\\\/www.wopg.org\\\/pt-br\\\/\"},{\"@type\":\"ListItem\",\"position\":2,\"name\":\"Sobre Prem Rawat\"}]},{\"@type\":\"WebSite\",\"@id\":\"https:\\\/\\\/www.wopg.org\\\/pt-br\\\/#website\",\"url\":\"https:\\\/\\\/www.wopg.org\\\/pt-br\\\/\",\"name\":\"Words of Peace\",\"description\":\"Practice Peace, Change Your World\",\"publisher\":{\"@id\":\"https:\\\/\\\/www.wopg.org\\\/pt-br\\\/#organization\"},\"potentialAction\":[{\"@type\":\"SearchAction\",\"target\":{\"@type\":\"EntryPoint\",\"urlTemplate\":\"https:\\\/\\\/www.wopg.org\\\/pt-br\\\/?s={search_term_string}\"},\"query-input\":{\"@type\":\"PropertyValueSpecification\",\"valueRequired\":true,\"valueName\":\"search_term_string\"}}],\"inLanguage\":\"pt-BR\"},{\"@type\":\"Organization\",\"@id\":\"https:\\\/\\\/www.wopg.org\\\/pt-br\\\/#organization\",\"name\":\"Words of Peace\",\"url\":\"https:\\\/\\\/www.wopg.org\\\/pt-br\\\/\",\"logo\":{\"@type\":\"ImageObject\",\"inLanguage\":\"pt-BR\",\"@id\":\"https:\\\/\\\/www.wopg.org\\\/pt-br\\\/#\\\/schema\\\/logo\\\/image\\\/\",\"url\":\"https:\\\/\\\/wopg.org\\\/wp-content\\\/uploads\\\/2022\\\/02\\\/Words-of-Peace-logo-website61x252.png\",\"contentUrl\":\"https:\\\/\\\/wopg.org\\\/wp-content\\\/uploads\\\/2022\\\/02\\\/Words-of-Peace-logo-website61x252.png\",\"width\":252,\"height\":61,\"caption\":\"Words of Peace\"},\"image\":{\"@id\":\"https:\\\/\\\/www.wopg.org\\\/pt-br\\\/#\\\/schema\\\/logo\\\/image\\\/\"},\"sameAs\":[\"https:\\\/\\\/www.facebook.com\\\/wordsofpeaceglobal\",\"https:\\\/\\\/x.com\\\/wopg\",\"https:\\\/\\\/www.instagram.com\\\/wopgofficial\\\/\"]}]}<\/script>\n<!-- \/ Yoast SEO plugin. -->","yoast_head_json":{"title":"Sobre Prem Rawat | Words of Peace","robots":{"index":"index","follow":"follow","max-snippet":"max-snippet:-1","max-image-preview":"max-image-preview:large","max-video-preview":"max-video-preview:-1"},"canonical":"https:\/\/www.wopg.org\/pt-br\/sobre-prem-rawat\/","og_locale":"pt_BR","og_type":"article","og_title":"Sobre Prem Rawat | Words of Peace","og_description":"Prem RawatUma vida dedicada \u00e0 paz Por mais de cinquenta anos, Prem Rawat compartilhou sua mensagem duradoura de paz com pessoas de todo o mundo \u2013independentemente de nacionalidade, religi\u00e3o ou estilo de vida \u2013 uma mensagem de que a paz interior n\u00e3o \u00e9 apenas poss\u00edvel, mas um direito humano inato. Com grande comprometimento, sabedoria e [&hellip;]","og_url":"https:\/\/www.wopg.org\/pt-br\/sobre-prem-rawat\/","og_site_name":"Words of Peace","article_publisher":"https:\/\/www.facebook.com\/wordsofpeaceglobal","article_modified_time":"2025-08-29T17:57:27+00:00","twitter_card":"summary_large_image","twitter_site":"@wopg","twitter_misc":{"Est. tempo de leitura":"4 minutos"},"schema":{"@context":"https:\/\/schema.org","@graph":[{"@type":"WebPage","@id":"https:\/\/www.wopg.org\/pt-br\/sobre-prem-rawat\/","url":"https:\/\/www.wopg.org\/pt-br\/sobre-prem-rawat\/","name":"Sobre Prem Rawat | Words of Peace","isPartOf":{"@id":"https:\/\/www.wopg.org\/pt-br\/#website"},"datePublished":"2025-08-26T13:15:15+00:00","dateModified":"2025-08-29T17:57:27+00:00","breadcrumb":{"@id":"https:\/\/www.wopg.org\/pt-br\/sobre-prem-rawat\/#breadcrumb"},"inLanguage":"pt-BR","potentialAction":[{"@type":"ReadAction","target":["https:\/\/www.wopg.org\/pt-br\/sobre-prem-rawat\/"]}]},{"@type":"BreadcrumbList","@id":"https:\/\/www.wopg.org\/pt-br\/sobre-prem-rawat\/#breadcrumb","itemListElement":[{"@type":"ListItem","position":1,"name":"Home","item":"https:\/\/www.wopg.org\/pt-br\/"},{"@type":"ListItem","position":2,"name":"Sobre Prem Rawat"}]},{"@type":"WebSite","@id":"https:\/\/www.wopg.org\/pt-br\/#website","url":"https:\/\/www.wopg.org\/pt-br\/","name":"Words of Peace","description":"Practice Peace, Change Your World","publisher":{"@id":"https:\/\/www.wopg.org\/pt-br\/#organization"},"potentialAction":[{"@type":"SearchAction","target":{"@type":"EntryPoint","urlTemplate":"https:\/\/www.wopg.org\/pt-br\/?s={search_term_string}"},"query-input":{"@type":"PropertyValueSpecification","valueRequired":true,"valueName":"search_term_string"}}],"inLanguage":"pt-BR"},{"@type":"Organization","@id":"https:\/\/www.wopg.org\/pt-br\/#organization","name":"Words of Peace","url":"https:\/\/www.wopg.org\/pt-br\/","logo":{"@type":"ImageObject","inLanguage":"pt-BR","@id":"https:\/\/www.wopg.org\/pt-br\/#\/schema\/logo\/image\/","url":"https:\/\/wopg.org\/wp-content\/uploads\/2022\/02\/Words-of-Peace-logo-website61x252.png","contentUrl":"https:\/\/wopg.org\/wp-content\/uploads\/2022\/02\/Words-of-Peace-logo-website61x252.png","width":252,"height":61,"caption":"Words of Peace"},"image":{"@id":"https:\/\/www.wopg.org\/pt-br\/#\/schema\/logo\/image\/"},"sameAs":["https:\/\/www.facebook.com\/wordsofpeaceglobal","https:\/\/x.com\/wopg","https:\/\/www.instagram.com\/wopgofficial\/"]}]}},"_links":{"self":[{"href":"https:\/\/www.wopg.org\/pt-br\/wp-json\/wp\/v2\/pages\/43460","targetHints":{"allow":["GET"]}}],"collection":[{"href":"https:\/\/www.wopg.org\/pt-br\/wp-json\/wp\/v2\/pages"}],"about":[{"href":"https:\/\/www.wopg.org\/pt-br\/wp-json\/wp\/v2\/types\/page"}],"author":[{"embeddable":true,"href":"https:\/\/www.wopg.org\/pt-br\/wp-json\/wp\/v2\/users\/3"}],"replies":[{"embeddable":true,"href":"https:\/\/www.wopg.org\/pt-br\/wp-json\/wp\/v2\/comments?post=43460"}],"version-history":[{"count":16,"href":"https:\/\/www.wopg.org\/pt-br\/wp-json\/wp\/v2\/pages\/43460\/revisions"}],"predecessor-version":[{"id":43497,"href":"https:\/\/www.wopg.org\/pt-br\/wp-json\/wp\/v2\/pages\/43460\/revisions\/43497"}],"wp:attachment":[{"href":"https:\/\/www.wopg.org\/pt-br\/wp-json\/wp\/v2\/media?parent=43460"}],"wp:term":[{"taxonomy":"folder","embeddable":true,"href":"https:\/\/www.wopg.org\/pt-br\/wp-json\/wp\/v2\/folder?post=43460"}],"curies":[{"name":"wp","href":"https:\/\/api.w.org\/{rel}","templated":true}]}}