{"id":44775,"date":"2025-11-17T17:42:51","date_gmt":"2025-11-17T17:42:51","guid":{"rendered":"https:\/\/www.wopg.org\/voluntariado\/"},"modified":"2026-04-04T16:27:19","modified_gmt":"2026-04-04T16:27:19","slug":"voluntariado","status":"publish","type":"page","link":"https:\/\/www.wopg.org\/pt-br\/voluntariado\/","title":{"rendered":"Voluntariado"},"content":{"rendered":"<p>[et_pb_section fb_built=&#8221;1&#8243; fullwidth=&#8221;on&#8221; _builder_version=&#8221;4.24.3&#8243; _module_preset=&#8221;default&#8221; background_color=&#8221;RGBA(255,255,255,0)&#8221; global_colors_info=&#8221;{}&#8221;][et_pb_fullwidth_image src=&#8221;https:\/\/eadn-wc03-5903292.nxedge.io\/wp-content\/uploads\/2025\/11\/Volunteers-01.jpg&#8221; alt=&#8221;Prem Rawat&#8221; title_text=&#8221;Volunteers-01&#8243; _builder_version=&#8221;4.27.4&#8243; _module_preset=&#8221;default&#8221; global_colors_info=&#8221;{}&#8221;][\/et_pb_fullwidth_image][\/et_pb_section][et_pb_section fb_built=&#8221;1&#8243; _builder_version=&#8221;4.27.4&#8243; background_color=&#8221;RGBA(255,255,255,0)&#8221; custom_padding=&#8221;||0px||false|false&#8221; global_colors_info=&#8221;{}&#8221;][et_pb_row column_padding_mobile=&#8221;on&#8221; _builder_version=&#8221;4.24.3&#8243; background_size=&#8221;initial&#8221; background_position=&#8221;top_left&#8221; background_repeat=&#8221;repeat&#8221; custom_padding=&#8221;0px||0px||false|false&#8221; border_color_bottom=&#8221;#008B73&#8243; make_fullwidth=&#8221;off&#8221; use_custom_width=&#8221;off&#8221; width_unit=&#8221;on&#8221; global_colors_info=&#8221;{}&#8221;][et_pb_column type=&#8221;4_4&#8243; _builder_version=&#8221;4.18.0&#8243; global_colors_info=&#8221;{}&#8221; custom_padding__hover=&#8221;|||&#8221; custom_padding__hover_enabled=&#8221;on|desktop&#8221;][et_pb_text _builder_version=&#8221;4.27.5&#8243; header_text_color=&#8221;#008B73&#8243; header_2_line_height=&#8221;2em&#8221; header_3_line_height=&#8221;2em&#8221; header_4_text_color=&#8221;#4D4D4D&#8221; header_4_font_size=&#8221;30px&#8221; header_4_line_height=&#8221;2.5em&#8221; background_size=&#8221;initial&#8221; background_position=&#8221;top_left&#8221; background_repeat=&#8221;repeat&#8221; text_orientation=&#8221;center&#8221; module_alignment=&#8221;center&#8221; use_border_color=&#8221;off&#8221; global_colors_info=&#8221;{}&#8221;]<\/p>\n<h1 class=\"p1\"><span style=\"font-weight: 400;\">Oportunidades de Voluntariado da Equipe de Eventos da Words of Peace<\/span><\/h1>\n<p>[\/et_pb_text][et_pb_text disabled_on=&#8221;off|off|off&#8221; _builder_version=&#8221;4.27.5&#8243; _module_preset=&#8221;default&#8221; custom_margin=&#8221;||0px||false|false&#8221; hover_enabled=&#8221;0&#8243; global_colors_info=&#8221;{}&#8221; sticky_enabled=&#8221;0&#8243;]<\/p>\n<p dir=\"ltr\"><span style=\"font-weight: 400;\">A Words of Peace est\u00e1 implementando uma abordagem renovada para regionalizar a estrutura da equipe de eventos. Isso proporcionar\u00e1 mais flexibilidade no planejamento dos eventos de Prem Rawat e lhe dar\u00e1 a oportunidade, como volunt\u00e1rio, de participar da equipe em produ\u00e7\u00f5es e outras atividades relacionadas aos eventos.<\/span><\/p>\n<p><\/p>\n<p><span style=\"font-weight: 400;\">As seguintes vagas est\u00e3o dispon\u00edveis:<\/span><\/p>\n<p>[\/et_pb_text][\/et_pb_column][\/et_pb_row][\/et_pb_section][et_pb_section fb_built=&#8221;1&#8243; disabled_on=&#8221;off|off|off&#8221; _builder_version=&#8221;4.27.5&#8243; _module_preset=&#8221;default&#8221; custom_padding=&#8221;0px||0px||false|false&#8221; global_colors_info=&#8221;{}&#8221;][et_pb_row _builder_version=&#8221;4.27.4&#8243; _module_preset=&#8221;default&#8221; global_colors_info=&#8221;{}&#8221;][et_pb_column type=&#8221;4_4&#8243; _builder_version=&#8221;4.27.4&#8243; _module_preset=&#8221;default&#8221; global_colors_info=&#8221;{}&#8221;][et_pb_text _builder_version=&#8221;4.27.5&#8243; _module_preset=&#8221;default&#8221; ul_line_height=&#8221;2em&#8221; header_3_font=&#8221;||||||||&#8221; header_3_text_color=&#8221;#008B73&#8243; header_3_font_size=&#8221;24px&#8221; header_3_line_height=&#8221;2em&#8221; custom_padding=&#8221;|||20px|false|false&#8221; hover_enabled=&#8221;0&#8243; global_colors_info=&#8221;{}&#8221; sticky_enabled=&#8221;0&#8243;]<\/p>\n<ul>\n<li class=\"p1\">Gerente e Operador de \u00c1udio Local<\/li>\n<li class=\"p1\">Motorista e Faz-Tudo Local<\/li>\n<li class=\"p1\">Assistente de Design de Produ\u00e7\u00e3o Global<\/li>\n<li class=\"p1\">Gerente de Produ\u00e7\u00e3o Local<\/li>\n<li class=\"p1\">Representante Regional de Compras e Reservas<\/li>\n<li class=\"p1\">Gerente de Montagem Local<\/li>\n<li class=\"p1\">Assistente de Palco Local<\/li>\n<li class=\"p1\">Assistente e Montador de Palco Local<\/li>\n<li class=\"p1\">Gerente de Palco Local<\/li>\n<li class=\"p1\">Gerente T\u00e9cnico de Tradu\u00e7\u00e3o Regional<\/li>\n<li class=\"p1\">Gerente e Operador de V\u00eddeo Local<\/li>\n<li class=\"p1\">Gerente e Operador de Ilumina\u00e7\u00e3o Local<\/li>\n<li class=\"p1\">Coordenador de Evento Local<\/li>\n<li class=\"p1\">Gerente de Bilheteria e Reserva de Assentos Local<\/li>\n<li class=\"p1\">Contato de Produ\u00e7\u00e3o Regional<\/li>\n<li class=\"p1\">Suporte de Bilheteria e Reserva de Assentos Local<\/li>\n<li class=\"p1\">Gerente Regional de Inscri\u00e7\u00f5es<\/li>\n<li class=\"p1\">Coordenador de Assentos Frontais Local<\/li>\n<li>Coordenador de Lobby Local<\/li>\n<li>Auxiliares de Recep\u00e7\u00e3o local<\/li>\n<li>Recepcionista Local<\/li>\n<li>Coordenador Local de Recep\u00e7\u00e3o (Usher)<\/li>\n<li>Assistente de Produ\u00e7\u00e3o Local<\/li>\n<\/ul>\n<p>[\/et_pb_text][et_pb_text _builder_version=&#8221;4.27.5&#8243; _module_preset=&#8221;default&#8221; custom_margin=&#8221;||0px||false|false&#8221; global_colors_info=&#8221;{}&#8221;]<\/p>\n<p><a href=\"https:\/\/gamma.app\/docs\/Portuguese-Volunteer-Portal-Guide-EVOL-aetk81psyk24ifq?mode=present#card-mz64ar4xebcm4sg\" target=\"_blank\" rel=\"noopener\">Guia do Portal do Volunt\u00e1rio<\/a>.<\/p>\n<p><\/p>\n<p>Saiba mais aqui: <strong><a href=\"https:\/\/www.wopg.org\/pt-br\/evol-ja-esta-disponivel\/\" target=\"_blank\" rel=\"noopener\">EVOL<\/a><\/strong><\/p>\n<p>[\/et_pb_text][\/et_pb_column][\/et_pb_row][\/et_pb_section][et_pb_section fb_built=&#8221;1&#8243; disabled_on=&#8221;on|on|on&#8221; _builder_version=&#8221;4.27.5&#8243; _module_preset=&#8221;default&#8221; custom_padding=&#8221;0px||0px||false|false&#8221; disabled=&#8221;on&#8221; global_colors_info=&#8221;{}&#8221;][et_pb_row _builder_version=&#8221;4.27.5&#8243; _module_preset=&#8221;default&#8221; global_colors_info=&#8221;{}&#8221;][et_pb_column type=&#8221;4_4&#8243; _builder_version=&#8221;4.27.5&#8243; _module_preset=&#8221;default&#8221; global_colors_info=&#8221;{}&#8221;][et_pb_text _builder_version=&#8221;4.27.5&#8243; _module_preset=&#8221;default&#8221; global_colors_info=&#8221;{}&#8221;]<\/p>\n<p dir=\"ltr\"><span style=\"font-weight: 400;\">Clique nos t\u00edtulos das fun\u00e7\u00f5es de sua prefer\u00eancia para visualizar os requisitos e prepare seu curr\u00edculo de acordo com as vagas que melhor correspondam aos seus interesses, habilidades e experi\u00eancia. Se desejar mais informa\u00e7\u00f5es sobre as fun\u00e7\u00f5es e o processo de inscri\u00e7\u00e3o, acesse<\/span>\u00a0<a href=\"https:\/\/www.wopg.org\/pt-br\/perguntas-frequentes-sobre-voluntariado-na-equipe-de-eventos\/\" target=\"_blank\" rel=\"noopener\">www.wopg.org\/event-volunteer-faqs\/<\/a><\/p>\n<p><\/p>\n<p><span style=\"font-weight: 400;\">Nosso pr\u00f3ximo e-mail ser\u00e1 enviado em meados de janeiro e incluir\u00e1 um link para inscri\u00e7\u00e3o. Suas inscri\u00e7\u00f5es ser\u00e3o analisadas por meio de um processo de sele\u00e7\u00e3o estruturado, e os volunt\u00e1rios pr\u00e9-selecionados ser\u00e3o contatados pela equipe. <\/span><\/p>\n<p><\/p>\n<p><span style=\"font-weight: 400;\">Caso ainda n\u00e3o tenha assistido ao v\u00eddeo \u201cNos Bastidores: Evolu\u00e7\u00e3o da Equipe de Eventos\u201d da Words of Peace, que apresenta esta iniciativa,<\/span>\u00a0<a href=\"https:\/\/www.wopg.org\/pt-br\/nos-bastidores-2026-evolucao-da-equipe-de-eventos\/\" target=\"_blank\" rel=\"noopener\">clique aqui<\/a>.<\/p>\n<p><\/p>\n<p><span style=\"font-weight: 400;\">As vagas de voluntariado s\u00e3o anunciadas continuamente. Se tiver interesse, visite esta p\u00e1gina <\/span>regularmente para saber mais.<\/p>\n<p>[\/et_pb_text][\/et_pb_column][\/et_pb_row][\/et_pb_section][et_pb_section fb_built=&#8221;1&#8243; disabled_on=&#8221;on|on|on&#8221; _builder_version=&#8221;4.27.5&#8243; _module_preset=&#8221;default&#8221; custom_padding=&#8221;0px||||false|false&#8221; disabled=&#8221;on&#8221; global_colors_info=&#8221;{}&#8221;][et_pb_row _builder_version=&#8221;4.27.4&#8243; _module_preset=&#8221;default&#8221; global_colors_info=&#8221;{}&#8221;][et_pb_column type=&#8221;4_4&#8243; _builder_version=&#8221;4.27.4&#8243; _module_preset=&#8221;default&#8221; global_colors_info=&#8221;{}&#8221;][et_pb_text _builder_version=&#8221;4.27.5&#8243; _module_preset=&#8221;default&#8221; global_colors_info=&#8221;{}&#8221;]<\/p>\n<p><i><span style=\"font-weight: 400;\">A Words of Peace est\u00e1 fortemente comprometida com a prote\u00e7\u00e3o da sua privacidade online e tomou medidas para proteger as informa\u00e7\u00f5es que voc\u00ea compartilha conosco. Saiba mais aqui: <\/span><\/i><a href=\"https:\/\/www.wopg.org\/pt-br\/politica-de-privacidade\/\" target=\"_blank\" rel=\"noopener\"><i><span style=\"font-weight: 400;\">www.wopg.org\/pt-br\/politica-de-privacidade\/<\/span><\/i> <\/a><\/p>\n<p>[\/et_pb_text][\/et_pb_column][\/et_pb_row][\/et_pb_section]<\/p>\n","protected":false},"excerpt":{"rendered":"<p>Oportunidades de Voluntariado da Equipe de Eventos da Words of PeaceA Words of Peace est\u00e1 implementando uma abordagem renovada para regionalizar a estrutura da equipe de eventos. Isso proporcionar\u00e1 mais flexibilidade no planejamento dos eventos de Prem Rawat e lhe dar\u00e1 a oportunidade, como volunt\u00e1rio, de participar da equipe em produ\u00e7\u00f5es e outras atividades relacionadas [&hellip;]<\/p>\n","protected":false},"author":3,"featured_media":0,"parent":0,"menu_order":0,"comment_status":"closed","ping_status":"closed","template":"","meta":{"_et_pb_use_builder":"on","_et_pb_old_content":"","_et_gb_content_width":"","footnotes":""},"folder":[],"class_list":["post-44775","page","type-page","status-publish","hentry"],"yoast_head":"<!-- This site is optimized with the Yoast SEO plugin v27.3 - https:\/\/yoast.com\/product\/yoast-seo-wordpress\/ -->\n<title>Voluntariado | Words of Peace<\/title>\n<meta name=\"robots\" content=\"index, follow, max-snippet:-1, max-image-preview:large, max-video-preview:-1\" \/>\n<link rel=\"canonical\" href=\"https:\/\/www.wopg.org\/pt-br\/voluntariado\/\" \/>\n<meta property=\"og:locale\" content=\"pt_BR\" \/>\n<meta property=\"og:type\" content=\"article\" \/>\n<meta property=\"og:title\" content=\"Voluntariado | Words of Peace\" \/>\n<meta property=\"og:description\" content=\"Oportunidades de Voluntariado da Equipe de Eventos da Words of PeaceA Words of Peace est\u00e1 implementando uma abordagem renovada para regionalizar a estrutura da equipe de eventos. Isso proporcionar\u00e1 mais flexibilidade no planejamento dos eventos de Prem Rawat e lhe dar\u00e1 a oportunidade, como volunt\u00e1rio, de participar da equipe em produ\u00e7\u00f5es e outras atividades relacionadas [&hellip;]\" \/>\n<meta property=\"og:url\" content=\"https:\/\/www.wopg.org\/pt-br\/voluntariado\/\" \/>\n<meta property=\"og:site_name\" content=\"Words of Peace\" \/>\n<meta property=\"article:publisher\" content=\"https:\/\/www.facebook.com\/wordsofpeaceglobal\" \/>\n<meta property=\"article:modified_time\" content=\"2026-04-04T16:27:19+00:00\" \/>\n<meta name=\"twitter:card\" content=\"summary_large_image\" \/>\n<meta name=\"twitter:site\" content=\"@wopg\" \/>\n<meta name=\"twitter:label1\" content=\"Est. tempo de leitura\" \/>\n\t<meta name=\"twitter:data1\" content=\"4 minutos\" \/>\n<script type=\"application\/ld+json\" class=\"yoast-schema-graph\">{\"@context\":\"https:\\\/\\\/schema.org\",\"@graph\":[{\"@type\":\"WebPage\",\"@id\":\"https:\\\/\\\/www.wopg.org\\\/pt-br\\\/voluntariado\\\/\",\"url\":\"https:\\\/\\\/www.wopg.org\\\/pt-br\\\/voluntariado\\\/\",\"name\":\"Voluntariado | Words of Peace\",\"isPartOf\":{\"@id\":\"https:\\\/\\\/www.wopg.org\\\/pt-br\\\/#website\"},\"datePublished\":\"2025-11-17T17:42:51+00:00\",\"dateModified\":\"2026-04-04T16:27:19+00:00\",\"breadcrumb\":{\"@id\":\"https:\\\/\\\/www.wopg.org\\\/pt-br\\\/voluntariado\\\/#breadcrumb\"},\"inLanguage\":\"pt-BR\",\"potentialAction\":[{\"@type\":\"ReadAction\",\"target\":[\"https:\\\/\\\/www.wopg.org\\\/pt-br\\\/voluntariado\\\/\"]}]},{\"@type\":\"BreadcrumbList\",\"@id\":\"https:\\\/\\\/www.wopg.org\\\/pt-br\\\/voluntariado\\\/#breadcrumb\",\"itemListElement\":[{\"@type\":\"ListItem\",\"position\":1,\"name\":\"Home\",\"item\":\"https:\\\/\\\/www.wopg.org\\\/pt-br\\\/\"},{\"@type\":\"ListItem\",\"position\":2,\"name\":\"Voluntariado\"}]},{\"@type\":\"WebSite\",\"@id\":\"https:\\\/\\\/www.wopg.org\\\/pt-br\\\/#website\",\"url\":\"https:\\\/\\\/www.wopg.org\\\/pt-br\\\/\",\"name\":\"Words of Peace\",\"description\":\"Practice Peace, Change Your World\",\"publisher\":{\"@id\":\"https:\\\/\\\/www.wopg.org\\\/pt-br\\\/#organization\"},\"potentialAction\":[{\"@type\":\"SearchAction\",\"target\":{\"@type\":\"EntryPoint\",\"urlTemplate\":\"https:\\\/\\\/www.wopg.org\\\/pt-br\\\/?s={search_term_string}\"},\"query-input\":{\"@type\":\"PropertyValueSpecification\",\"valueRequired\":true,\"valueName\":\"search_term_string\"}}],\"inLanguage\":\"pt-BR\"},{\"@type\":\"Organization\",\"@id\":\"https:\\\/\\\/www.wopg.org\\\/pt-br\\\/#organization\",\"name\":\"Words of Peace\",\"url\":\"https:\\\/\\\/www.wopg.org\\\/pt-br\\\/\",\"logo\":{\"@type\":\"ImageObject\",\"inLanguage\":\"pt-BR\",\"@id\":\"https:\\\/\\\/www.wopg.org\\\/pt-br\\\/#\\\/schema\\\/logo\\\/image\\\/\",\"url\":\"https:\\\/\\\/wopg.org\\\/wp-content\\\/uploads\\\/2022\\\/02\\\/Words-of-Peace-logo-website61x252.png\",\"contentUrl\":\"https:\\\/\\\/wopg.org\\\/wp-content\\\/uploads\\\/2022\\\/02\\\/Words-of-Peace-logo-website61x252.png\",\"width\":252,\"height\":61,\"caption\":\"Words of Peace\"},\"image\":{\"@id\":\"https:\\\/\\\/www.wopg.org\\\/pt-br\\\/#\\\/schema\\\/logo\\\/image\\\/\"},\"sameAs\":[\"https:\\\/\\\/www.facebook.com\\\/wordsofpeaceglobal\",\"https:\\\/\\\/x.com\\\/wopg\",\"https:\\\/\\\/www.instagram.com\\\/wopgofficial\\\/\"]}]}<\/script>\n<!-- \/ Yoast SEO plugin. -->","yoast_head_json":{"title":"Voluntariado | Words of Peace","robots":{"index":"index","follow":"follow","max-snippet":"max-snippet:-1","max-image-preview":"max-image-preview:large","max-video-preview":"max-video-preview:-1"},"canonical":"https:\/\/www.wopg.org\/pt-br\/voluntariado\/","og_locale":"pt_BR","og_type":"article","og_title":"Voluntariado | Words of Peace","og_description":"Oportunidades de Voluntariado da Equipe de Eventos da Words of PeaceA Words of Peace est\u00e1 implementando uma abordagem renovada para regionalizar a estrutura da equipe de eventos. Isso proporcionar\u00e1 mais flexibilidade no planejamento dos eventos de Prem Rawat e lhe dar\u00e1 a oportunidade, como volunt\u00e1rio, de participar da equipe em produ\u00e7\u00f5es e outras atividades relacionadas [&hellip;]","og_url":"https:\/\/www.wopg.org\/pt-br\/voluntariado\/","og_site_name":"Words of Peace","article_publisher":"https:\/\/www.facebook.com\/wordsofpeaceglobal","article_modified_time":"2026-04-04T16:27:19+00:00","twitter_card":"summary_large_image","twitter_site":"@wopg","twitter_misc":{"Est. tempo de leitura":"4 minutos"},"schema":{"@context":"https:\/\/schema.org","@graph":[{"@type":"WebPage","@id":"https:\/\/www.wopg.org\/pt-br\/voluntariado\/","url":"https:\/\/www.wopg.org\/pt-br\/voluntariado\/","name":"Voluntariado | Words of Peace","isPartOf":{"@id":"https:\/\/www.wopg.org\/pt-br\/#website"},"datePublished":"2025-11-17T17:42:51+00:00","dateModified":"2026-04-04T16:27:19+00:00","breadcrumb":{"@id":"https:\/\/www.wopg.org\/pt-br\/voluntariado\/#breadcrumb"},"inLanguage":"pt-BR","potentialAction":[{"@type":"ReadAction","target":["https:\/\/www.wopg.org\/pt-br\/voluntariado\/"]}]},{"@type":"BreadcrumbList","@id":"https:\/\/www.wopg.org\/pt-br\/voluntariado\/#breadcrumb","itemListElement":[{"@type":"ListItem","position":1,"name":"Home","item":"https:\/\/www.wopg.org\/pt-br\/"},{"@type":"ListItem","position":2,"name":"Voluntariado"}]},{"@type":"WebSite","@id":"https:\/\/www.wopg.org\/pt-br\/#website","url":"https:\/\/www.wopg.org\/pt-br\/","name":"Words of Peace","description":"Practice Peace, Change Your World","publisher":{"@id":"https:\/\/www.wopg.org\/pt-br\/#organization"},"potentialAction":[{"@type":"SearchAction","target":{"@type":"EntryPoint","urlTemplate":"https:\/\/www.wopg.org\/pt-br\/?s={search_term_string}"},"query-input":{"@type":"PropertyValueSpecification","valueRequired":true,"valueName":"search_term_string"}}],"inLanguage":"pt-BR"},{"@type":"Organization","@id":"https:\/\/www.wopg.org\/pt-br\/#organization","name":"Words of Peace","url":"https:\/\/www.wopg.org\/pt-br\/","logo":{"@type":"ImageObject","inLanguage":"pt-BR","@id":"https:\/\/www.wopg.org\/pt-br\/#\/schema\/logo\/image\/","url":"https:\/\/wopg.org\/wp-content\/uploads\/2022\/02\/Words-of-Peace-logo-website61x252.png","contentUrl":"https:\/\/wopg.org\/wp-content\/uploads\/2022\/02\/Words-of-Peace-logo-website61x252.png","width":252,"height":61,"caption":"Words of Peace"},"image":{"@id":"https:\/\/www.wopg.org\/pt-br\/#\/schema\/logo\/image\/"},"sameAs":["https:\/\/www.facebook.com\/wordsofpeaceglobal","https:\/\/x.com\/wopg","https:\/\/www.instagram.com\/wopgofficial\/"]}]}},"_links":{"self":[{"href":"https:\/\/www.wopg.org\/pt-br\/wp-json\/wp\/v2\/pages\/44775","targetHints":{"allow":["GET"]}}],"collection":[{"href":"https:\/\/www.wopg.org\/pt-br\/wp-json\/wp\/v2\/pages"}],"about":[{"href":"https:\/\/www.wopg.org\/pt-br\/wp-json\/wp\/v2\/types\/page"}],"author":[{"embeddable":true,"href":"https:\/\/www.wopg.org\/pt-br\/wp-json\/wp\/v2\/users\/3"}],"replies":[{"embeddable":true,"href":"https:\/\/www.wopg.org\/pt-br\/wp-json\/wp\/v2\/comments?post=44775"}],"version-history":[{"count":75,"href":"https:\/\/www.wopg.org\/pt-br\/wp-json\/wp\/v2\/pages\/44775\/revisions"}],"predecessor-version":[{"id":48135,"href":"https:\/\/www.wopg.org\/pt-br\/wp-json\/wp\/v2\/pages\/44775\/revisions\/48135"}],"wp:attachment":[{"href":"https:\/\/www.wopg.org\/pt-br\/wp-json\/wp\/v2\/media?parent=44775"}],"wp:term":[{"taxonomy":"folder","embeddable":true,"href":"https:\/\/www.wopg.org\/pt-br\/wp-json\/wp\/v2\/folder?post=44775"}],"curies":[{"name":"wp","href":"https:\/\/api.w.org\/{rel}","templated":true}]}}