{"id":45013,"date":"2025-12-05T18:02:27","date_gmt":"2025-12-05T18:02:27","guid":{"rendered":"https:\/\/www.wopg.org\/perguntas-frequentes-sobre-voluntariado-na-equipe-de-eventos\/"},"modified":"2026-01-05T20:43:00","modified_gmt":"2026-01-05T20:43:00","slug":"perguntas-frequentes-sobre-voluntariado-na-equipe-de-eventos","status":"publish","type":"page","link":"https:\/\/www.wopg.org\/pt-br\/perguntas-frequentes-sobre-voluntariado-na-equipe-de-eventos\/","title":{"rendered":"Perguntas frequentes sobre Voluntariado na Equipe de Eventos"},"content":{"rendered":"<p>[et_pb_section fb_built=&#8221;1&#8243; disabled_on=&#8221;off|off|off&#8221; _builder_version=&#8221;4.27.4&#8243; _module_preset=&#8221;default&#8221; custom_padding=&#8221;0px||||false|false&#8221; locked=&#8221;off&#8221; global_colors_info=&#8221;{}&#8221;][et_pb_row _builder_version=&#8221;4.16&#8243; background_size=&#8221;initial&#8221; background_position=&#8221;top_left&#8221; background_repeat=&#8221;repeat&#8221; locked=&#8221;off&#8221; global_colors_info=&#8221;{}&#8221;][et_pb_column type=&#8221;4_4&#8243; _builder_version=&#8221;4.16&#8243; custom_padding=&#8221;|||&#8221; global_colors_info=&#8221;{}&#8221; custom_padding__hover=&#8221;|||&#8221;][et_pb_text admin_label=&#8221;KNOWLEDGE&#8221; _builder_version=&#8221;4.27.4&#8243; header_text_color=&#8221;#4D4D4D&#8221; header_line_height=&#8221;1.5em&#8221; header_4_text_color=&#8221;#4D4D4D&#8221; header_4_font_size=&#8221;30px&#8221; background_size=&#8221;initial&#8221; background_position=&#8221;top_left&#8221; background_repeat=&#8221;repeat&#8221; text_orientation=&#8221;center&#8221; module_alignment=&#8221;center&#8221; use_border_color=&#8221;off&#8221; border_color=&#8221;#ffffff&#8221; border_style=&#8221;solid&#8221; global_colors_info=&#8221;{}&#8221;]<\/p>\n<h1 style=\"text-align: left;\">Perguntas frequentes sobre Voluntariado na Equipe de Eventos<\/h1>\n<p>[\/et_pb_text][et_pb_accordion open_toggle_text_color=&#8221;#4D4D4D&#8221; closed_toggle_text_color=&#8221;#4D4D4D&#8221; use_icon_font_size=&#8221;on&#8221; icon_font_size=&#8221;24px&#8221; _builder_version=&#8221;4.27.5&#8243; hover_enabled=&#8221;0&#8243; use_border_color=&#8221;off&#8221; border_color=&#8221;#ffffff&#8221; border_style=&#8221;solid&#8221; global_colors_info=&#8221;{}&#8221; sticky_enabled=&#8221;0&#8243;][et_pb_accordion_item title=&#8221;Posso me candidatar a mais de uma vaga?&#8221; open=&#8221;on&#8221; _builder_version=&#8221;4.27.4&#8243; global_colors_info=&#8221;{}&#8221;]<\/p>\n<p><span style=\"font-weight: 400;\">Sim. Voc\u00ea pode se candidatar a v\u00e1rias vagas se acreditar que suas habilidades e disponibilidade s\u00e3o adequadas. Durante o processo de sele\u00e7\u00e3o, nossa equipe identificar\u00e1 a vaga mais adequada com base em sua experi\u00eancia, interesses e nas necessidades do evento.<\/span><\/p>\n<p>[\/et_pb_accordion_item][et_pb_accordion_item title=&#8221;O que acontece depois que eu me inscrevo?&#8221; _builder_version=&#8221;4.27.5&#8243; global_colors_info=&#8221;{}&#8221; open=&#8221;off&#8221;]<\/p>\n<p><span style=\"font-weight: 400;\">Sua candidatura ser\u00e1 analisada pela Equipe de RH da WOPG. Se o seu perfil estiver alinhado com os requisitos da vaga, voc\u00ea poder\u00e1 ser convidado(a) para uma breve conversa ou uma liga\u00e7\u00e3o posterior. A sele\u00e7\u00e3o final \u00e9 feita com base em habilidades, experi\u00eancia, disponibilidade e necessidades do evento.<\/span><\/p>\n<p>[\/et_pb_accordion_item][et_pb_accordion_item title=&#8221;S\u00e3o oferecidos treinamentos ou sess\u00f5es de orienta\u00e7\u00e3o?&#8221; _builder_version=&#8221;4.27.5&#8243; _module_preset=&#8221;default&#8221; global_colors_info=&#8221;{}&#8221; open=&#8221;off&#8221;]<\/p>\n<p><span style=\"font-weight: 400;\">Sim. Os volunt\u00e1rios selecionados ser\u00e3o convidados a participar de sess\u00f5es de orienta\u00e7\u00e3o antes dos eventos para os quais foram designados. Essas sess\u00f5es garantem clareza, preparo e alinhamento com os padr\u00f5es de qualidade da WOPG.<\/span><\/p>\n<p>[\/et_pb_accordion_item][et_pb_accordion_item title=&#8221;Posso fazer trabalho volunt\u00e1rio em mais de uma cidade ou localidade?&#8221; _builder_version=&#8221;4.27.5&#8243; _module_preset=&#8221;default&#8221; global_colors_info=&#8221;{}&#8221; open=&#8221;off&#8221;]<\/p>\n<p><span style=\"font-weight: 400;\">Sim, dependendo da programa\u00e7\u00e3o dos eventos e da sua disponibilidade. Algumas fun\u00e7\u00f5es podem ser espec\u00edficas para um local, enquanto outras podem permitir a participa\u00e7\u00e3o em v\u00e1rias regi\u00f5es. Os detalhes ser\u00e3o discutidos durante o processo de sele\u00e7\u00e3o.<\/span><\/p>\n<p>[\/et_pb_accordion_item][et_pb_accordion_item title=&#8221;Como os volunt\u00e1rios s\u00e3o selecionados?&#8221; _builder_version=&#8221;4.27.5&#8243; _module_preset=&#8221;default&#8221; global_colors_info=&#8221;{}&#8221; open=&#8221;off&#8221;]<\/p>\n<p><span style=\"font-weight: 400;\">Os volunt\u00e1rios s\u00e3o selecionados com base na sua adequa\u00e7\u00e3o \u00e0 fun\u00e7\u00e3o, experi\u00eancia, compet\u00eancias, compromisso e alinhamento com os valores da WOPG. Determinadas fun\u00e7\u00f5es que exigem conhecimentos t\u00e9cnicos podem envolver uma an\u00e1lise adicional ou verifica\u00e7\u00e3o de compet\u00eancias.<\/span><\/p>\n<p>[\/et_pb_accordion_item][et_pb_accordion_item title=&#8221;Quando os volunt\u00e1rios selecionados ser\u00e3o informados?&#8221; _builder_version=&#8221;4.27.5&#8243; _module_preset=&#8221;default&#8221; global_colors_info=&#8221;{}&#8221; open=&#8221;off&#8221;]<\/p>\n<p><span style=\"font-weight: 400;\">Voc\u00ea ser\u00e1 notificado assim que o processo seletivo para a vaga para a qual se candidatou for conclu\u00eddo. Os prazos podem variar dependendo da programa\u00e7\u00e3o dos eventos e da coordena\u00e7\u00e3o da equipe, mas nos esfor\u00e7amos para comunicar os resultados o mais r\u00e1pido poss\u00edvel.<\/span><\/p>\n<p>[\/et_pb_accordion_item][et_pb_accordion_item title=&#8221;Os volunt\u00e1rios precisam assinar algum acordo?&#8221; _builder_version=&#8221;4.27.5&#8243; _module_preset=&#8221;default&#8221; global_colors_info=&#8221;{}&#8221; open=&#8221;off&#8221;]<\/p>\n<p><span style=\"font-weight: 400;\">Sim. Para garantir clareza nas expectativas, confidencialidade e profissionalismo, os volunt\u00e1rios selecionados dever\u00e3o assinar um Termo de Responsabilidade Volunt\u00e1ria ou as diretrizes espec\u00edficas da fun\u00e7\u00e3o antes de iniciarem suas atividades.<\/span><\/p>\n<p>[\/et_pb_accordion_item][et_pb_accordion_item title=&#8221;Com quem posso entrar em contato para tratar de quest\u00f5es relacionadas \u00e0 privacidade de dados?&#8221; _builder_version=&#8221;4.27.5&#8243; _module_preset=&#8221;default&#8221; global_colors_info=&#8221;{}&#8221; open=&#8221;off&#8221;]<\/p>\n<p><span style=\"font-weight: 400;\">Voc\u00ea pode entrar em contato com o Encarregado de Prote\u00e7\u00e3o de Dados da WOPG ou enviar um e-mail para <\/span><a href=\"mailto:privacy@wopg.org\"><b>privacy@wopg.org<\/b><\/a><span style=\"font-weight: 400;\"> para quaisquer d\u00favidas relacionadas \u00e0 forma como suas informa\u00e7\u00f5es pessoais s\u00e3o coletadas, armazenadas ou utilizadas. Saiba mais aqui: <a href=\"https:\/\/www.wopg.org\/pt-br\/politica-de-privacidade\/\" target=\"_blank\" rel=\"noopener\">www.wopg.org\/politica-de-privacidade<\/a>.<\/span><\/p>\n<p>[\/et_pb_accordion_item][\/et_pb_accordion][\/et_pb_column][\/et_pb_row][\/et_pb_section]<\/p>\n","protected":false},"excerpt":{"rendered":"<p>Perguntas frequentes sobre Voluntariado na Equipe de EventosSim. Voc\u00ea pode se candidatar a v\u00e1rias vagas se acreditar que suas habilidades e disponibilidade s\u00e3o adequadas. Durante o processo de sele\u00e7\u00e3o, nossa equipe identificar\u00e1 a vaga mais adequada com base em sua experi\u00eancia, interesses e nas necessidades do evento.Sua candidatura ser\u00e1 analisada pela Equipe de RH da [&hellip;]<\/p>\n","protected":false},"author":3,"featured_media":0,"parent":0,"menu_order":0,"comment_status":"closed","ping_status":"closed","template":"","meta":{"_et_pb_use_builder":"on","_et_pb_old_content":"","_et_gb_content_width":"","footnotes":""},"folder":[],"class_list":["post-45013","page","type-page","status-publish","hentry"],"yoast_head":"<!-- This site is optimized with the Yoast SEO plugin v27.3 - https:\/\/yoast.com\/product\/yoast-seo-wordpress\/ -->\n<title>Perguntas frequentes sobre Voluntariado na Equipe de Eventos | Words of Peace<\/title>\n<meta name=\"robots\" content=\"index, follow, max-snippet:-1, max-image-preview:large, max-video-preview:-1\" \/>\n<link rel=\"canonical\" href=\"https:\/\/www.wopg.org\/pt-br\/perguntas-frequentes-sobre-voluntariado-na-equipe-de-eventos\/\" \/>\n<meta property=\"og:locale\" content=\"pt_BR\" \/>\n<meta property=\"og:type\" content=\"article\" \/>\n<meta property=\"og:title\" content=\"Perguntas frequentes sobre Voluntariado na Equipe de Eventos | Words of Peace\" \/>\n<meta property=\"og:description\" content=\"Perguntas frequentes sobre Voluntariado na Equipe de EventosSim. Voc\u00ea pode se candidatar a v\u00e1rias vagas se acreditar que suas habilidades e disponibilidade s\u00e3o adequadas. Durante o processo de sele\u00e7\u00e3o, nossa equipe identificar\u00e1 a vaga mais adequada com base em sua experi\u00eancia, interesses e nas necessidades do evento.Sua candidatura ser\u00e1 analisada pela Equipe de RH da [&hellip;]\" \/>\n<meta property=\"og:url\" content=\"https:\/\/www.wopg.org\/pt-br\/perguntas-frequentes-sobre-voluntariado-na-equipe-de-eventos\/\" \/>\n<meta property=\"og:site_name\" content=\"Words of Peace\" \/>\n<meta property=\"article:publisher\" content=\"https:\/\/www.facebook.com\/wordsofpeaceglobal\" \/>\n<meta property=\"article:modified_time\" content=\"2026-01-05T20:43:00+00:00\" \/>\n<meta name=\"twitter:card\" content=\"summary_large_image\" \/>\n<meta name=\"twitter:site\" content=\"@wopg\" \/>\n<meta name=\"twitter:label1\" content=\"Est. tempo de leitura\" \/>\n\t<meta name=\"twitter:data1\" content=\"4 minutos\" \/>\n<script type=\"application\/ld+json\" class=\"yoast-schema-graph\">{\"@context\":\"https:\\\/\\\/schema.org\",\"@graph\":[{\"@type\":\"WebPage\",\"@id\":\"https:\\\/\\\/www.wopg.org\\\/pt-br\\\/perguntas-frequentes-sobre-voluntariado-na-equipe-de-eventos\\\/\",\"url\":\"https:\\\/\\\/www.wopg.org\\\/pt-br\\\/perguntas-frequentes-sobre-voluntariado-na-equipe-de-eventos\\\/\",\"name\":\"Perguntas frequentes sobre Voluntariado na Equipe de Eventos | Words of Peace\",\"isPartOf\":{\"@id\":\"https:\\\/\\\/www.wopg.org\\\/pt-br\\\/#website\"},\"datePublished\":\"2025-12-05T18:02:27+00:00\",\"dateModified\":\"2026-01-05T20:43:00+00:00\",\"breadcrumb\":{\"@id\":\"https:\\\/\\\/www.wopg.org\\\/pt-br\\\/perguntas-frequentes-sobre-voluntariado-na-equipe-de-eventos\\\/#breadcrumb\"},\"inLanguage\":\"pt-BR\",\"potentialAction\":[{\"@type\":\"ReadAction\",\"target\":[\"https:\\\/\\\/www.wopg.org\\\/pt-br\\\/perguntas-frequentes-sobre-voluntariado-na-equipe-de-eventos\\\/\"]}]},{\"@type\":\"BreadcrumbList\",\"@id\":\"https:\\\/\\\/www.wopg.org\\\/pt-br\\\/perguntas-frequentes-sobre-voluntariado-na-equipe-de-eventos\\\/#breadcrumb\",\"itemListElement\":[{\"@type\":\"ListItem\",\"position\":1,\"name\":\"Home\",\"item\":\"https:\\\/\\\/www.wopg.org\\\/pt-br\\\/\"},{\"@type\":\"ListItem\",\"position\":2,\"name\":\"Perguntas frequentes sobre Voluntariado na Equipe de Eventos\"}]},{\"@type\":\"WebSite\",\"@id\":\"https:\\\/\\\/www.wopg.org\\\/pt-br\\\/#website\",\"url\":\"https:\\\/\\\/www.wopg.org\\\/pt-br\\\/\",\"name\":\"Words of Peace\",\"description\":\"Practice Peace, Change Your World\",\"publisher\":{\"@id\":\"https:\\\/\\\/www.wopg.org\\\/pt-br\\\/#organization\"},\"potentialAction\":[{\"@type\":\"SearchAction\",\"target\":{\"@type\":\"EntryPoint\",\"urlTemplate\":\"https:\\\/\\\/www.wopg.org\\\/pt-br\\\/?s={search_term_string}\"},\"query-input\":{\"@type\":\"PropertyValueSpecification\",\"valueRequired\":true,\"valueName\":\"search_term_string\"}}],\"inLanguage\":\"pt-BR\"},{\"@type\":\"Organization\",\"@id\":\"https:\\\/\\\/www.wopg.org\\\/pt-br\\\/#organization\",\"name\":\"Words of Peace\",\"url\":\"https:\\\/\\\/www.wopg.org\\\/pt-br\\\/\",\"logo\":{\"@type\":\"ImageObject\",\"inLanguage\":\"pt-BR\",\"@id\":\"https:\\\/\\\/www.wopg.org\\\/pt-br\\\/#\\\/schema\\\/logo\\\/image\\\/\",\"url\":\"https:\\\/\\\/wopg.org\\\/wp-content\\\/uploads\\\/2022\\\/02\\\/Words-of-Peace-logo-website61x252.png\",\"contentUrl\":\"https:\\\/\\\/wopg.org\\\/wp-content\\\/uploads\\\/2022\\\/02\\\/Words-of-Peace-logo-website61x252.png\",\"width\":252,\"height\":61,\"caption\":\"Words of Peace\"},\"image\":{\"@id\":\"https:\\\/\\\/www.wopg.org\\\/pt-br\\\/#\\\/schema\\\/logo\\\/image\\\/\"},\"sameAs\":[\"https:\\\/\\\/www.facebook.com\\\/wordsofpeaceglobal\",\"https:\\\/\\\/x.com\\\/wopg\",\"https:\\\/\\\/www.instagram.com\\\/wopgofficial\\\/\"]}]}<\/script>\n<!-- \/ Yoast SEO plugin. -->","yoast_head_json":{"title":"Perguntas frequentes sobre Voluntariado na Equipe de Eventos | Words of Peace","robots":{"index":"index","follow":"follow","max-snippet":"max-snippet:-1","max-image-preview":"max-image-preview:large","max-video-preview":"max-video-preview:-1"},"canonical":"https:\/\/www.wopg.org\/pt-br\/perguntas-frequentes-sobre-voluntariado-na-equipe-de-eventos\/","og_locale":"pt_BR","og_type":"article","og_title":"Perguntas frequentes sobre Voluntariado na Equipe de Eventos | Words of Peace","og_description":"Perguntas frequentes sobre Voluntariado na Equipe de EventosSim. Voc\u00ea pode se candidatar a v\u00e1rias vagas se acreditar que suas habilidades e disponibilidade s\u00e3o adequadas. Durante o processo de sele\u00e7\u00e3o, nossa equipe identificar\u00e1 a vaga mais adequada com base em sua experi\u00eancia, interesses e nas necessidades do evento.Sua candidatura ser\u00e1 analisada pela Equipe de RH da [&hellip;]","og_url":"https:\/\/www.wopg.org\/pt-br\/perguntas-frequentes-sobre-voluntariado-na-equipe-de-eventos\/","og_site_name":"Words of Peace","article_publisher":"https:\/\/www.facebook.com\/wordsofpeaceglobal","article_modified_time":"2026-01-05T20:43:00+00:00","twitter_card":"summary_large_image","twitter_site":"@wopg","twitter_misc":{"Est. tempo de leitura":"4 minutos"},"schema":{"@context":"https:\/\/schema.org","@graph":[{"@type":"WebPage","@id":"https:\/\/www.wopg.org\/pt-br\/perguntas-frequentes-sobre-voluntariado-na-equipe-de-eventos\/","url":"https:\/\/www.wopg.org\/pt-br\/perguntas-frequentes-sobre-voluntariado-na-equipe-de-eventos\/","name":"Perguntas frequentes sobre Voluntariado na Equipe de Eventos | Words of Peace","isPartOf":{"@id":"https:\/\/www.wopg.org\/pt-br\/#website"},"datePublished":"2025-12-05T18:02:27+00:00","dateModified":"2026-01-05T20:43:00+00:00","breadcrumb":{"@id":"https:\/\/www.wopg.org\/pt-br\/perguntas-frequentes-sobre-voluntariado-na-equipe-de-eventos\/#breadcrumb"},"inLanguage":"pt-BR","potentialAction":[{"@type":"ReadAction","target":["https:\/\/www.wopg.org\/pt-br\/perguntas-frequentes-sobre-voluntariado-na-equipe-de-eventos\/"]}]},{"@type":"BreadcrumbList","@id":"https:\/\/www.wopg.org\/pt-br\/perguntas-frequentes-sobre-voluntariado-na-equipe-de-eventos\/#breadcrumb","itemListElement":[{"@type":"ListItem","position":1,"name":"Home","item":"https:\/\/www.wopg.org\/pt-br\/"},{"@type":"ListItem","position":2,"name":"Perguntas frequentes sobre Voluntariado na Equipe de Eventos"}]},{"@type":"WebSite","@id":"https:\/\/www.wopg.org\/pt-br\/#website","url":"https:\/\/www.wopg.org\/pt-br\/","name":"Words of Peace","description":"Practice Peace, Change Your World","publisher":{"@id":"https:\/\/www.wopg.org\/pt-br\/#organization"},"potentialAction":[{"@type":"SearchAction","target":{"@type":"EntryPoint","urlTemplate":"https:\/\/www.wopg.org\/pt-br\/?s={search_term_string}"},"query-input":{"@type":"PropertyValueSpecification","valueRequired":true,"valueName":"search_term_string"}}],"inLanguage":"pt-BR"},{"@type":"Organization","@id":"https:\/\/www.wopg.org\/pt-br\/#organization","name":"Words of Peace","url":"https:\/\/www.wopg.org\/pt-br\/","logo":{"@type":"ImageObject","inLanguage":"pt-BR","@id":"https:\/\/www.wopg.org\/pt-br\/#\/schema\/logo\/image\/","url":"https:\/\/wopg.org\/wp-content\/uploads\/2022\/02\/Words-of-Peace-logo-website61x252.png","contentUrl":"https:\/\/wopg.org\/wp-content\/uploads\/2022\/02\/Words-of-Peace-logo-website61x252.png","width":252,"height":61,"caption":"Words of Peace"},"image":{"@id":"https:\/\/www.wopg.org\/pt-br\/#\/schema\/logo\/image\/"},"sameAs":["https:\/\/www.facebook.com\/wordsofpeaceglobal","https:\/\/x.com\/wopg","https:\/\/www.instagram.com\/wopgofficial\/"]}]}},"_links":{"self":[{"href":"https:\/\/www.wopg.org\/pt-br\/wp-json\/wp\/v2\/pages\/45013","targetHints":{"allow":["GET"]}}],"collection":[{"href":"https:\/\/www.wopg.org\/pt-br\/wp-json\/wp\/v2\/pages"}],"about":[{"href":"https:\/\/www.wopg.org\/pt-br\/wp-json\/wp\/v2\/types\/page"}],"author":[{"embeddable":true,"href":"https:\/\/www.wopg.org\/pt-br\/wp-json\/wp\/v2\/users\/3"}],"replies":[{"embeddable":true,"href":"https:\/\/www.wopg.org\/pt-br\/wp-json\/wp\/v2\/comments?post=45013"}],"version-history":[{"count":8,"href":"https:\/\/www.wopg.org\/pt-br\/wp-json\/wp\/v2\/pages\/45013\/revisions"}],"predecessor-version":[{"id":45852,"href":"https:\/\/www.wopg.org\/pt-br\/wp-json\/wp\/v2\/pages\/45013\/revisions\/45852"}],"wp:attachment":[{"href":"https:\/\/www.wopg.org\/pt-br\/wp-json\/wp\/v2\/media?parent=45013"}],"wp:term":[{"taxonomy":"folder","embeddable":true,"href":"https:\/\/www.wopg.org\/pt-br\/wp-json\/wp\/v2\/folder?post=45013"}],"curies":[{"name":"wp","href":"https:\/\/api.w.org\/{rel}","templated":true}]}}