{"id":5036,"date":"2022-03-28T22:47:21","date_gmt":"2022-03-28T22:47:21","guid":{"rendered":"https:\/\/test1.wopg.org\/outras-formas-de-doacao\/"},"modified":"2024-10-05T09:06:11","modified_gmt":"2024-10-05T09:06:11","slug":"outras-formas-de-doacao","status":"publish","type":"page","link":"https:\/\/www.wopg.org\/pt-br\/outras-formas-de-doacao\/","title":{"rendered":"Outras Formas de Doa\u00e7\u00e3o"},"content":{"rendered":"<p>[et_pb_section fb_built=&#8221;1&#8243; _builder_version=&#8221;4.16&#8243; _module_preset=&#8221;default&#8221; custom_padding=&#8221;||0px||false|false&#8221; global_colors_info=&#8221;{}&#8221;][et_pb_row _builder_version=&#8221;4.16&#8243; _module_preset=&#8221;default&#8221; global_colors_info=&#8221;{}&#8221;][et_pb_column type=&#8221;4_4&#8243; _builder_version=&#8221;4.16&#8243; _module_preset=&#8221;default&#8221; global_colors_info=&#8221;{}&#8221;][et_pb_text _builder_version=&#8221;4.16&#8243; _module_preset=&#8221;default&#8221; header_font=&#8221;|||on|||||&#8221; header_text_align=&#8221;center&#8221; hover_enabled=&#8221;0&#8243; global_colors_info=&#8221;{}&#8221; sticky_enabled=&#8221;0&#8243;]<\/p>\n<h1>Outras Formas de Doa\u00e7\u00e3o<\/h1>\n<p>[\/et_pb_text][\/et_pb_column][\/et_pb_row][\/et_pb_section][et_pb_section fb_built=&#8221;1&#8243; _builder_version=&#8221;4.16&#8243; _module_preset=&#8221;default&#8221; background_color=&#8221;RGBA(255,255,255,0)&#8221; custom_padding=&#8221;0px||0px||false|false&#8221; global_colors_info=&#8221;{}&#8221;][et_pb_row _builder_version=&#8221;4.16&#8243; _module_preset=&#8221;default&#8221; custom_padding=&#8221;0px||0px||false|false&#8221; border_width_top=&#8221;1px&#8221; border_color_top=&#8221;#4D4D4D&#8221; border_width_bottom=&#8221;1px&#8221; border_color_bottom=&#8221;#4D4D4D&#8221; global_colors_info=&#8221;{}&#8221;][et_pb_column type=&#8221;4_4&#8243; _builder_version=&#8221;4.16&#8243; _module_preset=&#8221;default&#8221; global_colors_info=&#8221;{}&#8221;][et_pb_text _builder_version=&#8221;4.27.0&#8243; _module_preset=&#8221;default&#8221; text_font=&#8221;||||||||&#8221; link_font=&#8221;|700|||||||&#8221; text_orientation=&#8221;center&#8221; module_alignment=&#8221;center&#8221; custom_padding=&#8221;2%||||false|false&#8221; hover_enabled=&#8221;0&#8243; global_colors_info=&#8221;{}&#8221; sticky_enabled=&#8221;0&#8243;]<\/p>\n<p><strong><span style=\"color: #ff0000;\">Se voc\u00ea \u00e9 contribuinte dos EUA, <\/span><a href=\"#wopi\">clique aqui<\/a> para conhecer outras formas de doar para Palavras de Paz Internacional (WOPI).<\/strong><\/p>\n<p>[\/et_pb_text][\/et_pb_column][\/et_pb_row][\/et_pb_section][et_pb_section fb_built=&#8221;1&#8243; _builder_version=&#8221;4.16&#8243; _module_preset=&#8221;default&#8221; custom_padding=&#8221;0px||||false|false&#8221; global_colors_info=&#8221;{}&#8221;][et_pb_row _builder_version=&#8221;4.16&#8243; _module_preset=&#8221;default&#8221; global_colors_info=&#8221;{}&#8221;][et_pb_column type=&#8221;4_4&#8243; _builder_version=&#8221;4.16&#8243; _module_preset=&#8221;default&#8221; global_colors_info=&#8221;{}&#8221;][et_pb_text _builder_version=&#8221;4.27.0&#8243; _module_preset=&#8221;default&#8221; link_font=&#8221;|700|||||||&#8221; ol_font=&#8221;|700|||||||&#8221; header_3_font=&#8221;||||||||&#8221; header_3_font_size=&#8221;30px&#8221; header_3_line_height=&#8221;1.6em&#8221; hover_enabled=&#8221;0&#8243; global_colors_info=&#8221;{}&#8221; sticky_enabled=&#8221;0&#8243;]<\/p>\n<h3>Outras Formas de Doar para Palavras de Paz Global (WOPG):<\/h3>\n<p>&nbsp;<\/p>\n<ol>\n<li>Transfer\u00eancia Banc\u00e1ria<\/li>\n<\/ol>\n<p style=\"padding-left: 40px;\">Voc\u00ea pode doar diretamente de sua conta banc\u00e1ria nas seguintes moedas: Euro, Libra Esterlina, D\u00f3lar Americano, D\u00f3lar Australiano e D\u00f3lar Canadense. Infelizmente, o banco da WOPG na Holanda n\u00e3o aceita mais cheques banc\u00e1rios.<\/p>\n<p style=\"padding-left: 40px;\">Por favor <a href=\"http:\/\/eadn-wc03-5903292.nxedge.io\/wp-content\/uploads\/2022\/03\/220118-Bank-transfer-form.Bank-acount-nos_etc_V4_PT-BR.pdf\" target=\"_blank\" rel=\"noopener\">clique aqui<\/a> para mais informa\u00e7\u00f5es sobre transfer\u00eancias banc\u00e1rias.<\/p>\n<ol start=\"2\">\n<li>Doar em mem\u00f3ria de<\/li>\n<\/ol>\n<p style=\"padding-left: 40px;\">Se voc\u00ea quiser doar em mem\u00f3ria de algu\u00e9m, pode faz\u00ea-lo clicando em \u201cSIM\u201d na p\u00e1gina de doa\u00e7\u00f5es, na pergunta: \u201cGostaria de fazer uma doa\u00e7\u00e3o em mem\u00f3ria de algu\u00e9m?<\/p>\n<p style=\"padding-left: 40px;\">Se quiser que notifiquemos um membro da fam\u00edlia sobre sua doa\u00e7\u00e3o, forne\u00e7a as informa\u00e7\u00f5es de contato ao preencher o formul\u00e1rio de doa\u00e7\u00e3o on-line.<\/p>\n<ol start=\"3\">\n<li>Tornar a WOPG Benefici\u00e1ria em Seu Testamento<\/li>\n<\/ol>\n<p style=\"padding-left: 40px;\">Palavras de Paz Global \u00e9 uma funda\u00e7\u00e3o sem fins lucrativos registrada na Holanda com o status ANBI (beneficente). Os detalhes s\u00e3o:<\/p>\n<p style=\"padding-left: 40px;\"><strong>Words of Peace Global<\/strong><br \/><strong>Registration number is 34312991<\/strong><br \/><strong>Address is P.O. Box 20627, 1001 NP Amsterdam<\/strong><\/p>\n<p style=\"padding-left: 40px;\">Se voc\u00ea tiver alguma d\u00favida sobre como deixar uma heran\u00e7a para a WOPG, escreva para: <a href=\"mailto:donations@wopg.org\">donations@wopg.org<\/a>.<\/p>\n<p>&nbsp;<\/p>\n<p style=\"text-align: center;\"><strong>Agradecemos seu apoio<\/strong><\/p>\n<p>&nbsp;<\/p>\n<p>[\/et_pb_text][\/et_pb_column][\/et_pb_row][\/et_pb_section][et_pb_section fb_built=&#8221;1&#8243; module_id=&#8221;wopi&#8221; _builder_version=&#8221;4.16&#8243; _module_preset=&#8221;default&#8221; custom_padding=&#8221;0px||0px||false|false&#8221; global_colors_info=&#8221;{}&#8221;][et_pb_row _builder_version=&#8221;4.16&#8243; _module_preset=&#8221;default&#8221; global_colors_info=&#8221;{}&#8221;][et_pb_column type=&#8221;4_4&#8243; _builder_version=&#8221;4.16&#8243; _module_preset=&#8221;default&#8221; global_colors_info=&#8221;{}&#8221;][et_pb_divider _builder_version=&#8221;4.14.9&#8243; _module_preset=&#8221;default&#8221; global_colors_info=&#8221;{}&#8221;][\/et_pb_divider][\/et_pb_column][\/et_pb_row][\/et_pb_section][et_pb_section fb_built=&#8221;1&#8243; _builder_version=&#8221;4.16&#8243; _module_preset=&#8221;default&#8221; global_colors_info=&#8221;{}&#8221;][et_pb_row _builder_version=&#8221;4.16&#8243; _module_preset=&#8221;default&#8221; global_colors_info=&#8221;{}&#8221;][et_pb_column type=&#8221;4_4&#8243; _builder_version=&#8221;4.16&#8243; _module_preset=&#8221;default&#8221; global_colors_info=&#8221;{}&#8221;][et_pb_text _builder_version=&#8221;4.27.0&#8243; _module_preset=&#8221;default&#8221; link_font=&#8221;|700|||||||&#8221; ol_font=&#8221;|700|||||||&#8221; header_3_font_size=&#8221;30px&#8221; header_3_line_height=&#8221;1.6em&#8221; hover_enabled=&#8221;0&#8243; global_colors_info=&#8221;{}&#8221; sticky_enabled=&#8221;0&#8243;]<\/p>\n<h3>Outras formas de Doar para Palavras de Paz Internacional (WOPI)<\/h3>\n<p>&nbsp;<\/p>\n<ol>\n<li>Doa\u00e7\u00e3o de A\u00e7\u00f5es<\/li>\n<\/ol>\n<p style=\"padding-left: 40px;\">Se quiser doar a\u00e7\u00f5es de mercado, entre em contato com o escrit\u00f3rio da WOPI em <a href=\"mailto:donations@wopintl.org\">donations@wopintl.org<\/a> ou ligue para (805)388-1596.<\/p>\n<ol start=\"2\">\n<li>RMD (Distribui\u00e7\u00e3o M\u00ednima Requerida) de uma conta de aposentadoria<\/li>\n<\/ol>\n<p style=\"padding-left: 40px;\">A partir dos 70 anos e meio a doa\u00e7\u00e3o de um RMD diretamente para um 501c3 (como WOPI) \u00e9 uma distribui\u00e7\u00e3o de caridade qualificada e n\u00e3o ser\u00e1 tributada em at\u00e9 US$ 100.000. Seu contador, conhecendo as especificidades de suas finan\u00e7as, pode aconselh\u00e1-lo ainda mais.<\/p>\n<ol start=\"3\">\n<li>Doa\u00e7\u00f5es Equivalentes<\/li>\n<\/ol>\n<p style=\"padding-left: 40px;\">Pergunte ao seu empregador se ele oferece um programa de contribui\u00e7\u00f5es equivalentes. Se o fizer, e a WOPI n\u00e3o for uma das op\u00e7\u00f5es na lista, avise o escrit\u00f3rio da WOPI e entraremos no programa. Voc\u00ea pode ligar para (805)388-1596 ou escrever para <a href=\"mailto:donations@wopintl.org\">donations@wopintl.org<\/a>.<\/p>\n<ol start=\"4\">\n<li>Nomear a WOPI Em seu Testamento Ou Como Benefici\u00e1rio em Sua Conta de Aposentadoria<\/li>\n<\/ol>\n<p style=\"padding-left: 40px;\">Entre em contato com o escrit\u00f3rio da WOPI escrevendo para <a href=\"mailto:donations@wopintl.org\">donations@wopintl.org<\/a> ou ligando para (805)388-1596 e ficaremos felizes em orient\u00e1-lo durante o processo.<\/p>\n<ol start=\"5\">\n<li>Doar em Mem\u00f3ria de<\/li>\n<\/ol>\n<p style=\"padding-left: 40px;\">Se voc\u00ea quiser doar em mem\u00f3ria de algu\u00e9m, pode faz\u00ea-lo clicando em \u201cSIM\u201d na p\u00e1gina de doa\u00e7\u00f5es, na pergunta: \u201cGostaria de fazer uma doa\u00e7\u00e3o em mem\u00f3ria de algu\u00e9m?\u201d<\/p>\n<p style=\"padding-left: 40px;\">Se quiser que um membro da fam\u00edlia seja notificado sobre sua doa\u00e7\u00e3o, forne\u00e7a as informa\u00e7\u00f5es de contato ao preencher o formul\u00e1rio de doa\u00e7\u00e3o on-line.<\/p>\n<ol start=\"6\">\n<li>Doar por cheque<\/li>\n<\/ol>\n<p style=\"padding-left: 40px;\">Por favor, envie o seu cheque, \u00e0 ordem de Words of Peace International, para:<\/p>\n<p style=\"padding-left: 40px;\"><strong>Words of Peace International<br \/>4607 Lakeview Canyon Rd #570<br \/>Westlake Village, CA 91361<\/strong><\/p>\n<p>&nbsp;<\/p>\n<p style=\"text-align: center;\"><strong>Agradecemos seu apoio<\/strong><\/p>\n<p>&nbsp;<\/p>\n<p>[\/et_pb_text][\/et_pb_column][\/et_pb_row][\/et_pb_section]<\/p>\n","protected":false},"excerpt":{"rendered":"<p>Outras Formas de Doa\u00e7\u00e3oSe voc\u00ea \u00e9 contribuinte dos EUA, clique aqui para conhecer outras formas de doar para Palavras de Paz Internacional (WOPI).Outras Formas de Doar para Palavras de Paz Global (WOPG): &nbsp; Transfer\u00eancia Banc\u00e1ria Voc\u00ea pode doar diretamente de sua conta banc\u00e1ria nas seguintes moedas: Euro, Libra Esterlina, D\u00f3lar Americano, D\u00f3lar Australiano e D\u00f3lar [&hellip;]<\/p>\n","protected":false},"author":3,"featured_media":0,"parent":0,"menu_order":0,"comment_status":"closed","ping_status":"closed","template":"","meta":{"_et_pb_use_builder":"on","_et_pb_old_content":"","_et_gb_content_width":"","footnotes":""},"folder":[],"class_list":["post-5036","page","type-page","status-publish","hentry"],"yoast_head":"<!-- This site is optimized with the Yoast SEO plugin v27.3 - https:\/\/yoast.com\/product\/yoast-seo-wordpress\/ -->\n<title>Outras Formas de Doa\u00e7\u00e3o | Words of Peace<\/title>\n<meta name=\"robots\" content=\"index, follow, max-snippet:-1, max-image-preview:large, max-video-preview:-1\" \/>\n<link rel=\"canonical\" href=\"https:\/\/www.wopg.org\/pt-br\/outras-formas-de-doacao\/\" \/>\n<meta property=\"og:locale\" content=\"pt_BR\" \/>\n<meta property=\"og:type\" content=\"article\" \/>\n<meta property=\"og:title\" content=\"Outras Formas de Doa\u00e7\u00e3o | Words of Peace\" \/>\n<meta property=\"og:description\" content=\"Outras Formas de Doa\u00e7\u00e3oSe voc\u00ea \u00e9 contribuinte dos EUA, clique aqui para conhecer outras formas de doar para Palavras de Paz Internacional (WOPI).Outras Formas de Doar para Palavras de Paz Global (WOPG): &nbsp; Transfer\u00eancia Banc\u00e1ria Voc\u00ea pode doar diretamente de sua conta banc\u00e1ria nas seguintes moedas: Euro, Libra Esterlina, D\u00f3lar Americano, D\u00f3lar Australiano e D\u00f3lar [&hellip;]\" \/>\n<meta property=\"og:url\" content=\"https:\/\/www.wopg.org\/pt-br\/outras-formas-de-doacao\/\" \/>\n<meta property=\"og:site_name\" content=\"Words of Peace\" \/>\n<meta property=\"article:publisher\" content=\"https:\/\/www.facebook.com\/wordsofpeaceglobal\" \/>\n<meta property=\"article:modified_time\" content=\"2024-10-05T09:06:11+00:00\" \/>\n<meta name=\"twitter:card\" content=\"summary_large_image\" \/>\n<meta name=\"twitter:site\" content=\"@wopg\" \/>\n<meta name=\"twitter:label1\" content=\"Est. tempo de leitura\" \/>\n\t<meta name=\"twitter:data1\" content=\"5 minutos\" \/>\n<script type=\"application\/ld+json\" class=\"yoast-schema-graph\">{\"@context\":\"https:\\\/\\\/schema.org\",\"@graph\":[{\"@type\":\"WebPage\",\"@id\":\"https:\\\/\\\/www.wopg.org\\\/pt-br\\\/outras-formas-de-doacao\\\/\",\"url\":\"https:\\\/\\\/www.wopg.org\\\/pt-br\\\/outras-formas-de-doacao\\\/\",\"name\":\"Outras Formas de Doa\u00e7\u00e3o | Words of Peace\",\"isPartOf\":{\"@id\":\"https:\\\/\\\/www.wopg.org\\\/pt-br\\\/#website\"},\"datePublished\":\"2022-03-28T22:47:21+00:00\",\"dateModified\":\"2024-10-05T09:06:11+00:00\",\"breadcrumb\":{\"@id\":\"https:\\\/\\\/www.wopg.org\\\/pt-br\\\/outras-formas-de-doacao\\\/#breadcrumb\"},\"inLanguage\":\"pt-BR\",\"potentialAction\":[{\"@type\":\"ReadAction\",\"target\":[\"https:\\\/\\\/www.wopg.org\\\/pt-br\\\/outras-formas-de-doacao\\\/\"]}]},{\"@type\":\"BreadcrumbList\",\"@id\":\"https:\\\/\\\/www.wopg.org\\\/pt-br\\\/outras-formas-de-doacao\\\/#breadcrumb\",\"itemListElement\":[{\"@type\":\"ListItem\",\"position\":1,\"name\":\"Home\",\"item\":\"https:\\\/\\\/www.wopg.org\\\/pt-br\\\/\"},{\"@type\":\"ListItem\",\"position\":2,\"name\":\"Outras Formas de Doa\u00e7\u00e3o\"}]},{\"@type\":\"WebSite\",\"@id\":\"https:\\\/\\\/www.wopg.org\\\/pt-br\\\/#website\",\"url\":\"https:\\\/\\\/www.wopg.org\\\/pt-br\\\/\",\"name\":\"Words of Peace\",\"description\":\"Practice Peace, Change Your World\",\"publisher\":{\"@id\":\"https:\\\/\\\/www.wopg.org\\\/pt-br\\\/#organization\"},\"potentialAction\":[{\"@type\":\"SearchAction\",\"target\":{\"@type\":\"EntryPoint\",\"urlTemplate\":\"https:\\\/\\\/www.wopg.org\\\/pt-br\\\/?s={search_term_string}\"},\"query-input\":{\"@type\":\"PropertyValueSpecification\",\"valueRequired\":true,\"valueName\":\"search_term_string\"}}],\"inLanguage\":\"pt-BR\"},{\"@type\":\"Organization\",\"@id\":\"https:\\\/\\\/www.wopg.org\\\/pt-br\\\/#organization\",\"name\":\"Words of Peace\",\"url\":\"https:\\\/\\\/www.wopg.org\\\/pt-br\\\/\",\"logo\":{\"@type\":\"ImageObject\",\"inLanguage\":\"pt-BR\",\"@id\":\"https:\\\/\\\/www.wopg.org\\\/pt-br\\\/#\\\/schema\\\/logo\\\/image\\\/\",\"url\":\"https:\\\/\\\/wopg.org\\\/wp-content\\\/uploads\\\/2022\\\/02\\\/Words-of-Peace-logo-website61x252.png\",\"contentUrl\":\"https:\\\/\\\/wopg.org\\\/wp-content\\\/uploads\\\/2022\\\/02\\\/Words-of-Peace-logo-website61x252.png\",\"width\":252,\"height\":61,\"caption\":\"Words of Peace\"},\"image\":{\"@id\":\"https:\\\/\\\/www.wopg.org\\\/pt-br\\\/#\\\/schema\\\/logo\\\/image\\\/\"},\"sameAs\":[\"https:\\\/\\\/www.facebook.com\\\/wordsofpeaceglobal\",\"https:\\\/\\\/x.com\\\/wopg\",\"https:\\\/\\\/www.instagram.com\\\/wopgofficial\\\/\"]}]}<\/script>\n<!-- \/ Yoast SEO plugin. -->","yoast_head_json":{"title":"Outras Formas de Doa\u00e7\u00e3o | Words of Peace","robots":{"index":"index","follow":"follow","max-snippet":"max-snippet:-1","max-image-preview":"max-image-preview:large","max-video-preview":"max-video-preview:-1"},"canonical":"https:\/\/www.wopg.org\/pt-br\/outras-formas-de-doacao\/","og_locale":"pt_BR","og_type":"article","og_title":"Outras Formas de Doa\u00e7\u00e3o | Words of Peace","og_description":"Outras Formas de Doa\u00e7\u00e3oSe voc\u00ea \u00e9 contribuinte dos EUA, clique aqui para conhecer outras formas de doar para Palavras de Paz Internacional (WOPI).Outras Formas de Doar para Palavras de Paz Global (WOPG): &nbsp; Transfer\u00eancia Banc\u00e1ria Voc\u00ea pode doar diretamente de sua conta banc\u00e1ria nas seguintes moedas: Euro, Libra Esterlina, D\u00f3lar Americano, D\u00f3lar Australiano e D\u00f3lar [&hellip;]","og_url":"https:\/\/www.wopg.org\/pt-br\/outras-formas-de-doacao\/","og_site_name":"Words of Peace","article_publisher":"https:\/\/www.facebook.com\/wordsofpeaceglobal","article_modified_time":"2024-10-05T09:06:11+00:00","twitter_card":"summary_large_image","twitter_site":"@wopg","twitter_misc":{"Est. tempo de leitura":"5 minutos"},"schema":{"@context":"https:\/\/schema.org","@graph":[{"@type":"WebPage","@id":"https:\/\/www.wopg.org\/pt-br\/outras-formas-de-doacao\/","url":"https:\/\/www.wopg.org\/pt-br\/outras-formas-de-doacao\/","name":"Outras Formas de Doa\u00e7\u00e3o | Words of Peace","isPartOf":{"@id":"https:\/\/www.wopg.org\/pt-br\/#website"},"datePublished":"2022-03-28T22:47:21+00:00","dateModified":"2024-10-05T09:06:11+00:00","breadcrumb":{"@id":"https:\/\/www.wopg.org\/pt-br\/outras-formas-de-doacao\/#breadcrumb"},"inLanguage":"pt-BR","potentialAction":[{"@type":"ReadAction","target":["https:\/\/www.wopg.org\/pt-br\/outras-formas-de-doacao\/"]}]},{"@type":"BreadcrumbList","@id":"https:\/\/www.wopg.org\/pt-br\/outras-formas-de-doacao\/#breadcrumb","itemListElement":[{"@type":"ListItem","position":1,"name":"Home","item":"https:\/\/www.wopg.org\/pt-br\/"},{"@type":"ListItem","position":2,"name":"Outras Formas de Doa\u00e7\u00e3o"}]},{"@type":"WebSite","@id":"https:\/\/www.wopg.org\/pt-br\/#website","url":"https:\/\/www.wopg.org\/pt-br\/","name":"Words of Peace","description":"Practice Peace, Change Your World","publisher":{"@id":"https:\/\/www.wopg.org\/pt-br\/#organization"},"potentialAction":[{"@type":"SearchAction","target":{"@type":"EntryPoint","urlTemplate":"https:\/\/www.wopg.org\/pt-br\/?s={search_term_string}"},"query-input":{"@type":"PropertyValueSpecification","valueRequired":true,"valueName":"search_term_string"}}],"inLanguage":"pt-BR"},{"@type":"Organization","@id":"https:\/\/www.wopg.org\/pt-br\/#organization","name":"Words of Peace","url":"https:\/\/www.wopg.org\/pt-br\/","logo":{"@type":"ImageObject","inLanguage":"pt-BR","@id":"https:\/\/www.wopg.org\/pt-br\/#\/schema\/logo\/image\/","url":"https:\/\/wopg.org\/wp-content\/uploads\/2022\/02\/Words-of-Peace-logo-website61x252.png","contentUrl":"https:\/\/wopg.org\/wp-content\/uploads\/2022\/02\/Words-of-Peace-logo-website61x252.png","width":252,"height":61,"caption":"Words of Peace"},"image":{"@id":"https:\/\/www.wopg.org\/pt-br\/#\/schema\/logo\/image\/"},"sameAs":["https:\/\/www.facebook.com\/wordsofpeaceglobal","https:\/\/x.com\/wopg","https:\/\/www.instagram.com\/wopgofficial\/"]}]}},"_links":{"self":[{"href":"https:\/\/www.wopg.org\/pt-br\/wp-json\/wp\/v2\/pages\/5036","targetHints":{"allow":["GET"]}}],"collection":[{"href":"https:\/\/www.wopg.org\/pt-br\/wp-json\/wp\/v2\/pages"}],"about":[{"href":"https:\/\/www.wopg.org\/pt-br\/wp-json\/wp\/v2\/types\/page"}],"author":[{"embeddable":true,"href":"https:\/\/www.wopg.org\/pt-br\/wp-json\/wp\/v2\/users\/3"}],"replies":[{"embeddable":true,"href":"https:\/\/www.wopg.org\/pt-br\/wp-json\/wp\/v2\/comments?post=5036"}],"version-history":[{"count":78,"href":"https:\/\/www.wopg.org\/pt-br\/wp-json\/wp\/v2\/pages\/5036\/revisions"}],"predecessor-version":[{"id":34980,"href":"https:\/\/www.wopg.org\/pt-br\/wp-json\/wp\/v2\/pages\/5036\/revisions\/34980"}],"wp:attachment":[{"href":"https:\/\/www.wopg.org\/pt-br\/wp-json\/wp\/v2\/media?parent=5036"}],"wp:term":[{"taxonomy":"folder","embeddable":true,"href":"https:\/\/www.wopg.org\/pt-br\/wp-json\/wp\/v2\/folder?post=5036"}],"curies":[{"name":"wp","href":"https:\/\/api.w.org\/{rel}","templated":true}]}}