{"id":974,"date":"2022-02-15T22:28:54","date_gmt":"2022-02-15T22:28:54","guid":{"rendered":"http:\/\/wopg01.local\/acontece\/"},"modified":"2025-03-04T17:16:39","modified_gmt":"2025-03-04T17:16:39","slug":"acontece","status":"publish","type":"page","link":"https:\/\/www.wopg.org\/pt-br\/acontece\/","title":{"rendered":"Acontece"},"content":{"rendered":"<p>[et_pb_section fb_built=&#8221;1&#8243; _builder_version=&#8221;4.16&#8243; _module_preset=&#8221;default&#8221; custom_padding=&#8221;||0px||false|false&#8221; global_colors_info=&#8221;{}&#8221;][et_pb_row _builder_version=&#8221;4.16&#8243; _module_preset=&#8221;default&#8221; global_colors_info=&#8221;{}&#8221;][et_pb_column type=&#8221;4_4&#8243; _builder_version=&#8221;4.16&#8243; _module_preset=&#8221;default&#8221; global_colors_info=&#8221;{}&#8221;][et_pb_text _builder_version=&#8221;4.16&#8243; _module_preset=&#8221;default&#8221; header_font=&#8221;|||on|||||&#8221; header_text_align=&#8221;center&#8221; global_colors_info=&#8221;{}&#8221;]<\/p>\n<h1>Acontece<\/h1>\n<p>&nbsp;<\/p>\n<p>Palavras de Paz fornece\u00a0<a href=\"http:\/\/wopg.org\/pt-br\/doar\/\">apoio financeiro<\/a>\u00a0para eventos com Prem Rawat em todo o mundo. Nesta se\u00e7\u00e3o, publicamos relat\u00f3rios ocasionais sobre o impacto dos\u00a0<a href=\"https:\/\/wopg.org\/pt-br\/eventos\/\">eventos ao vivo com Prem Rawat<\/a>\u00a0e hist\u00f3rias sobre iniciativas financiadas conjuntamente em determinado pa\u00eds ou regi\u00e3o por nossos doadores.<\/p>\n<p>[\/et_pb_text][\/et_pb_column][\/et_pb_row][\/et_pb_section][et_pb_section fb_built=&#8221;1&#8243; _builder_version=&#8221;4.16&#8243; _module_preset=&#8221;default&#8221; custom_padding=&#8221;0px||||false|false&#8221; global_colors_info=&#8221;{}&#8221;][et_pb_row _builder_version=&#8221;4.16&#8243; _module_preset=&#8221;default&#8221; global_colors_info=&#8221;{}&#8221;][et_pb_column type=&#8221;4_4&#8243; _builder_version=&#8221;4.16&#8243; _module_preset=&#8221;default&#8221; global_colors_info=&#8221;{}&#8221;][et_pb_blog fullwidth=&#8221;off&#8221; posts_number=&#8221;12&#8243; include_categories=&#8221;5&#8243; excerpt_length=&#8221;160&#8243; show_more=&#8221;on&#8221; show_author=&#8221;off&#8221; show_date=&#8221;off&#8221; show_categories=&#8221;off&#8221; _builder_version=&#8221;4.27.4&#8243; _module_preset=&#8221;default&#8221; header_font=&#8221;|300|||||||&#8221; header_text_color=&#8221;#4D4D4D&#8221; header_font_size=&#8221;1.3em&#8221; header_line_height=&#8221;1.2em&#8221; body_font_size=&#8221;0.9em&#8221; meta_font=&#8221;||||||||&#8221; meta_text_color=&#8221;#008B73&#8243; meta_font_size=&#8221;16px&#8221; read_more_font=&#8221;|600||||on|||&#8221; hover_enabled=&#8221;0&#8243; header_font_size_tablet=&#8221;1.3em&#8221; header_font_size_phone=&#8221;1.3em&#8221; header_font_size_last_edited=&#8221;on|desktop&#8221; body_font_size_tablet=&#8221;0.9em&#8221; body_font_size_phone=&#8221;0.9em&#8221; body_font_size_last_edited=&#8221;on|desktop&#8221; border_width_all=&#8221;0px&#8221; border_width_bottom=&#8221;1px&#8221; global_colors_info=&#8221;{}&#8221; sticky_enabled=&#8221;0&#8243; show_excerpt=&#8221;off&#8221;][\/et_pb_blog][\/et_pb_column][\/et_pb_row][\/et_pb_section]<\/p>\n","protected":false},"excerpt":{"rendered":"<p>Acontece &nbsp; Palavras de Paz fornece\u00a0apoio financeiro\u00a0para eventos com Prem Rawat em todo o mundo. Nesta se\u00e7\u00e3o, publicamos relat\u00f3rios ocasionais sobre o impacto dos\u00a0eventos ao vivo com Prem Rawat\u00a0e hist\u00f3rias sobre iniciativas financiadas conjuntamente em determinado pa\u00eds ou regi\u00e3o por nossos doadores.<\/p>\n","protected":false},"author":3,"featured_media":0,"parent":0,"menu_order":0,"comment_status":"closed","ping_status":"closed","template":"","meta":{"_et_pb_use_builder":"on","_et_pb_old_content":"","_et_gb_content_width":"","cybocfi_hide_featured_image":"","footnotes":""},"folder":[],"class_list":["post-974","page","type-page","status-publish","hentry"],"yoast_head":"<!-- This site is optimized with the Yoast SEO plugin v27.3 - https:\/\/yoast.com\/product\/yoast-seo-wordpress\/ -->\n<title>Acontece | Words of Peace<\/title>\n<meta name=\"robots\" content=\"index, follow, max-snippet:-1, max-image-preview:large, max-video-preview:-1\" \/>\n<link rel=\"canonical\" href=\"https:\/\/www.wopg.org\/pt-br\/acontece\/\" \/>\n<meta property=\"og:locale\" content=\"pt_BR\" \/>\n<meta property=\"og:type\" content=\"article\" \/>\n<meta property=\"og:title\" content=\"Acontece | Words of Peace\" \/>\n<meta property=\"og:description\" content=\"Acontece &nbsp; Palavras de Paz fornece\u00a0apoio financeiro\u00a0para eventos com Prem Rawat em todo o mundo. Nesta se\u00e7\u00e3o, publicamos relat\u00f3rios ocasionais sobre o impacto dos\u00a0eventos ao vivo com Prem Rawat\u00a0e hist\u00f3rias sobre iniciativas financiadas conjuntamente em determinado pa\u00eds ou regi\u00e3o por nossos doadores.\" \/>\n<meta property=\"og:url\" content=\"https:\/\/www.wopg.org\/pt-br\/acontece\/\" \/>\n<meta property=\"og:site_name\" content=\"Words of Peace\" \/>\n<meta property=\"article:publisher\" content=\"https:\/\/www.facebook.com\/wordsofpeaceglobal\" \/>\n<meta property=\"article:modified_time\" content=\"2025-03-04T17:16:39+00:00\" \/>\n<meta name=\"twitter:card\" content=\"summary_large_image\" \/>\n<meta name=\"twitter:site\" content=\"@wopg\" \/>\n<meta name=\"twitter:label1\" content=\"Est. tempo de leitura\" \/>\n\t<meta name=\"twitter:data1\" content=\"1 minuto\" \/>\n<script type=\"application\/ld+json\" class=\"yoast-schema-graph\">{\"@context\":\"https:\\\/\\\/schema.org\",\"@graph\":[{\"@type\":\"WebPage\",\"@id\":\"https:\\\/\\\/www.wopg.org\\\/pt-br\\\/acontece\\\/\",\"url\":\"https:\\\/\\\/www.wopg.org\\\/pt-br\\\/acontece\\\/\",\"name\":\"Acontece | Words of Peace\",\"isPartOf\":{\"@id\":\"https:\\\/\\\/www.wopg.org\\\/pt-br\\\/#website\"},\"datePublished\":\"2022-02-15T22:28:54+00:00\",\"dateModified\":\"2025-03-04T17:16:39+00:00\",\"breadcrumb\":{\"@id\":\"https:\\\/\\\/www.wopg.org\\\/pt-br\\\/acontece\\\/#breadcrumb\"},\"inLanguage\":\"pt-BR\",\"potentialAction\":[{\"@type\":\"ReadAction\",\"target\":[\"https:\\\/\\\/www.wopg.org\\\/pt-br\\\/acontece\\\/\"]}]},{\"@type\":\"BreadcrumbList\",\"@id\":\"https:\\\/\\\/www.wopg.org\\\/pt-br\\\/acontece\\\/#breadcrumb\",\"itemListElement\":[{\"@type\":\"ListItem\",\"position\":1,\"name\":\"Home\",\"item\":\"https:\\\/\\\/www.wopg.org\\\/pt-br\\\/\"},{\"@type\":\"ListItem\",\"position\":2,\"name\":\"Acontece\"}]},{\"@type\":\"WebSite\",\"@id\":\"https:\\\/\\\/www.wopg.org\\\/pt-br\\\/#website\",\"url\":\"https:\\\/\\\/www.wopg.org\\\/pt-br\\\/\",\"name\":\"Words of Peace\",\"description\":\"Practice Peace, Change Your World\",\"publisher\":{\"@id\":\"https:\\\/\\\/www.wopg.org\\\/pt-br\\\/#organization\"},\"potentialAction\":[{\"@type\":\"SearchAction\",\"target\":{\"@type\":\"EntryPoint\",\"urlTemplate\":\"https:\\\/\\\/www.wopg.org\\\/pt-br\\\/?s={search_term_string}\"},\"query-input\":{\"@type\":\"PropertyValueSpecification\",\"valueRequired\":true,\"valueName\":\"search_term_string\"}}],\"inLanguage\":\"pt-BR\"},{\"@type\":\"Organization\",\"@id\":\"https:\\\/\\\/www.wopg.org\\\/pt-br\\\/#organization\",\"name\":\"Words of Peace\",\"url\":\"https:\\\/\\\/www.wopg.org\\\/pt-br\\\/\",\"logo\":{\"@type\":\"ImageObject\",\"inLanguage\":\"pt-BR\",\"@id\":\"https:\\\/\\\/www.wopg.org\\\/pt-br\\\/#\\\/schema\\\/logo\\\/image\\\/\",\"url\":\"https:\\\/\\\/wopg.org\\\/wp-content\\\/uploads\\\/2022\\\/02\\\/Words-of-Peace-logo-website61x252.png\",\"contentUrl\":\"https:\\\/\\\/wopg.org\\\/wp-content\\\/uploads\\\/2022\\\/02\\\/Words-of-Peace-logo-website61x252.png\",\"width\":252,\"height\":61,\"caption\":\"Words of Peace\"},\"image\":{\"@id\":\"https:\\\/\\\/www.wopg.org\\\/pt-br\\\/#\\\/schema\\\/logo\\\/image\\\/\"},\"sameAs\":[\"https:\\\/\\\/www.facebook.com\\\/wordsofpeaceglobal\",\"https:\\\/\\\/x.com\\\/wopg\",\"https:\\\/\\\/www.instagram.com\\\/wopgofficial\\\/\"]}]}<\/script>\n<!-- \/ Yoast SEO plugin. -->","yoast_head_json":{"title":"Acontece | Words of Peace","robots":{"index":"index","follow":"follow","max-snippet":"max-snippet:-1","max-image-preview":"max-image-preview:large","max-video-preview":"max-video-preview:-1"},"canonical":"https:\/\/www.wopg.org\/pt-br\/acontece\/","og_locale":"pt_BR","og_type":"article","og_title":"Acontece | Words of Peace","og_description":"Acontece &nbsp; Palavras de Paz fornece\u00a0apoio financeiro\u00a0para eventos com Prem Rawat em todo o mundo. Nesta se\u00e7\u00e3o, publicamos relat\u00f3rios ocasionais sobre o impacto dos\u00a0eventos ao vivo com Prem Rawat\u00a0e hist\u00f3rias sobre iniciativas financiadas conjuntamente em determinado pa\u00eds ou regi\u00e3o por nossos doadores.","og_url":"https:\/\/www.wopg.org\/pt-br\/acontece\/","og_site_name":"Words of Peace","article_publisher":"https:\/\/www.facebook.com\/wordsofpeaceglobal","article_modified_time":"2025-03-04T17:16:39+00:00","twitter_card":"summary_large_image","twitter_site":"@wopg","twitter_misc":{"Est. tempo de leitura":"1 minuto"},"schema":{"@context":"https:\/\/schema.org","@graph":[{"@type":"WebPage","@id":"https:\/\/www.wopg.org\/pt-br\/acontece\/","url":"https:\/\/www.wopg.org\/pt-br\/acontece\/","name":"Acontece | Words of Peace","isPartOf":{"@id":"https:\/\/www.wopg.org\/pt-br\/#website"},"datePublished":"2022-02-15T22:28:54+00:00","dateModified":"2025-03-04T17:16:39+00:00","breadcrumb":{"@id":"https:\/\/www.wopg.org\/pt-br\/acontece\/#breadcrumb"},"inLanguage":"pt-BR","potentialAction":[{"@type":"ReadAction","target":["https:\/\/www.wopg.org\/pt-br\/acontece\/"]}]},{"@type":"BreadcrumbList","@id":"https:\/\/www.wopg.org\/pt-br\/acontece\/#breadcrumb","itemListElement":[{"@type":"ListItem","position":1,"name":"Home","item":"https:\/\/www.wopg.org\/pt-br\/"},{"@type":"ListItem","position":2,"name":"Acontece"}]},{"@type":"WebSite","@id":"https:\/\/www.wopg.org\/pt-br\/#website","url":"https:\/\/www.wopg.org\/pt-br\/","name":"Words of Peace","description":"Practice Peace, Change Your World","publisher":{"@id":"https:\/\/www.wopg.org\/pt-br\/#organization"},"potentialAction":[{"@type":"SearchAction","target":{"@type":"EntryPoint","urlTemplate":"https:\/\/www.wopg.org\/pt-br\/?s={search_term_string}"},"query-input":{"@type":"PropertyValueSpecification","valueRequired":true,"valueName":"search_term_string"}}],"inLanguage":"pt-BR"},{"@type":"Organization","@id":"https:\/\/www.wopg.org\/pt-br\/#organization","name":"Words of Peace","url":"https:\/\/www.wopg.org\/pt-br\/","logo":{"@type":"ImageObject","inLanguage":"pt-BR","@id":"https:\/\/www.wopg.org\/pt-br\/#\/schema\/logo\/image\/","url":"https:\/\/wopg.org\/wp-content\/uploads\/2022\/02\/Words-of-Peace-logo-website61x252.png","contentUrl":"https:\/\/wopg.org\/wp-content\/uploads\/2022\/02\/Words-of-Peace-logo-website61x252.png","width":252,"height":61,"caption":"Words of Peace"},"image":{"@id":"https:\/\/www.wopg.org\/pt-br\/#\/schema\/logo\/image\/"},"sameAs":["https:\/\/www.facebook.com\/wordsofpeaceglobal","https:\/\/x.com\/wopg","https:\/\/www.instagram.com\/wopgofficial\/"]}]}},"_links":{"self":[{"href":"https:\/\/www.wopg.org\/pt-br\/wp-json\/wp\/v2\/pages\/974","targetHints":{"allow":["GET"]}}],"collection":[{"href":"https:\/\/www.wopg.org\/pt-br\/wp-json\/wp\/v2\/pages"}],"about":[{"href":"https:\/\/www.wopg.org\/pt-br\/wp-json\/wp\/v2\/types\/page"}],"author":[{"embeddable":true,"href":"https:\/\/www.wopg.org\/pt-br\/wp-json\/wp\/v2\/users\/3"}],"replies":[{"embeddable":true,"href":"https:\/\/www.wopg.org\/pt-br\/wp-json\/wp\/v2\/comments?post=974"}],"version-history":[{"count":49,"href":"https:\/\/www.wopg.org\/pt-br\/wp-json\/wp\/v2\/pages\/974\/revisions"}],"predecessor-version":[{"id":39007,"href":"https:\/\/www.wopg.org\/pt-br\/wp-json\/wp\/v2\/pages\/974\/revisions\/39007"}],"wp:attachment":[{"href":"https:\/\/www.wopg.org\/pt-br\/wp-json\/wp\/v2\/media?parent=974"}],"wp:term":[{"taxonomy":"folder","embeddable":true,"href":"https:\/\/www.wopg.org\/pt-br\/wp-json\/wp\/v2\/folder?post=974"}],"curies":[{"name":"wp","href":"https:\/\/api.w.org\/{rel}","templated":true}]}}