{"id":980,"date":"2022-02-15T23:29:59","date_gmt":"2022-02-15T23:29:59","guid":{"rendered":"http:\/\/wopg01.local\/termos-e-condicoes\/"},"modified":"2022-02-22T18:24:57","modified_gmt":"2022-02-22T18:24:57","slug":"termos-e-condicoes","status":"publish","type":"page","link":"https:\/\/www.wopg.org\/pt-br\/termos-e-condicoes\/","title":{"rendered":"Termos e Condi\u00e7\u00f5es"},"content":{"rendered":"<p>[et_pb_section fb_built=&#8221;1&#8243; _builder_version=&#8221;3.22&#8243; global_colors_info=&#8221;{}&#8221;][et_pb_row _builder_version=&#8221;3.25&#8243; background_size=&#8221;initial&#8221; background_position=&#8221;top_left&#8221; background_repeat=&#8221;repeat&#8221; global_colors_info=&#8221;{}&#8221;][et_pb_column type=&#8221;4_4&#8243; _builder_version=&#8221;3.25&#8243; custom_padding=&#8221;|||&#8221; global_colors_info=&#8221;{}&#8221; custom_padding__hover=&#8221;|||&#8221;][et_pb_text _builder_version=&#8221;4.14.7&#8243; background_size=&#8221;initial&#8221; background_position=&#8221;top_left&#8221; background_repeat=&#8221;repeat&#8221; hover_enabled=&#8221;0&#8243; global_colors_info=&#8221;{}&#8221; sticky_enabled=&#8221;0&#8243;]<\/p>\n<div class=\"et_pb_module et_pb_text et_pb_text_0 et_pb_text_align_left et_pb_bg_layout_light\">\n<div class=\"et_pb_text_inner\">\n<p><strong>Stichting Words Of Peace Global<\/strong><br \/>P.O. Box 20627, 1001 NP Amsterdam, The Netherlands<\/p>\n<p>n\u00famero registrado 34312991, tel. (+31) 20 416 2050, email\u00a0<a href=\"mailto:info@wopg.nl\">info@wopg.nl<\/a><\/p>\n<\/div>\n<\/div>\n<div class=\"et_pb_module et_pb_divider et_pb_divider_0 et_pb_divider_position_ et_pb_space\">\n<div class=\"et_pb_divider_internal\">\n<hr \/>\n<\/div>\n<\/div>\n<div class=\"et_pb_module et_pb_text et_pb_text_1 et_pb_text_align_left et_pb_bg_layout_light\">\n<div class=\"et_pb_text_inner\">\n<h1>TERMOS E CONDI\u00c7\u00d5ES<\/h1>\n<p>Wopg.org \u00e9 um servi\u00e7o da Funda\u00e7\u00e3o Palavras de Paz Global (WOPG). Estes Termos e Condi\u00e7\u00f5es regem o uso do servi\u00e7o e do site wopg.org. Ao usar, visitar ou navegar no site e\/ou se inscrever no servi\u00e7o wopg.org, voc\u00ea aceita e concorda em estar sujeito a estes Termos e Condi\u00e7\u00f5es. Se voc\u00ea n\u00e3o concorda com estes Termos e Condi\u00e7\u00f5es, n\u00e3o deve usar o site. Voc\u00ea deve ter no m\u00ednimo dezoito anos de idade para se inscrever no site.<\/p>\n<p>Estes Termos e Condi\u00e7\u00f5es afetam seus direitos e voc\u00ea deve l\u00ea-los com aten\u00e7\u00e3o. N\u00f3s nos reservamos o direito de, de tempos em tempos, alterar estes Termos e Condi\u00e7\u00f5es a nosso exclusivo e absoluto crit\u00e9rio. A vers\u00e3o mais atual destes Termos e Condi\u00e7\u00f5es pode ser revisitada clicando no link \u201cTermos e Condi\u00e7\u00f5es\u201d em qualquer p\u00e1gina deste site. O uso do site ou a continua\u00e7\u00e3o do uso de nosso servi\u00e7o ap\u00f3s as altera\u00e7\u00f5es, significa que voc\u00ea concorda em obedecer a tais altera\u00e7\u00f5es.<\/p>\n<p>A WOPG pode, a seu exclusivo crit\u00e9rio e sem aviso pr\u00e9vio, encerrar seu acesso a este site se for determinado que voc\u00ea violou estes Termos e Condi\u00e7\u00f5es ou outros acordos ou diretrizes que podem estar associados ao uso deste site.<\/p>\n<p><strong>Propriedade Intelectual <\/strong><\/p>\n<p>Todos os direitos, incluindo direitos autorais, no conte\u00fado da p\u00e1gina da\u00a0 WOPG s\u00e3o de propriedade ou controlados para esses fins pela WOPG e protegidos pelas leis de direitos autorais holandesas e leis\u00a0 internacionais. Ao acessar esta p\u00e1gina da web, voc\u00ea concorda que s\u00f3 pode baixar o conte\u00fado para seu pr\u00f3prio uso pessoal e n\u00e3o comercial. Voc\u00ea n\u00e3o tem permiss\u00e3o para transmitir,\u00a0 mostrar ou reproduzir em p\u00fablico, adaptar ou alterar de qualquer forma o conte\u00fado desta p\u00e1gina da web sem a permiss\u00e3o pr\u00e9via por escrito da WOPG, com exce\u00e7\u00e3o do conte\u00fado do site que \u00e9 disponibilizado de forma a permitir incorpor\u00e1-lo em seu blog pessoal, p\u00e1gina de rede social e outros usos.<br \/><strong><br \/>Ren\u00fancias de Garantias e Limita\u00e7\u00f5es de Responsabilidade<br \/><\/strong><\/p>\n<p>O servi\u00e7o e\u00a0 o site\u00a0 WOPG\u00a0 e seu conte\u00fado s\u00e3o fornecidos &#8220;no estado em que se encontram&#8221; e n\u00e3o fazemos representa\u00e7\u00f5es nem garantias, expressas ou impl\u00edcitas, de qualquer tipo em rela\u00e7\u00e3o ao nosso servi\u00e7o, ao site ou ao seu conte\u00fado. N\u00e3o assumimos qualquer responsabilidade por erros ou omiss\u00f5es no conte\u00fado do site, falhas, atrasos ou interrup\u00e7\u00f5es na entrega de qualquer conte\u00fado contido no site, perdas ou danos decorrentes do uso do conte\u00fado fornecido no site, ou qualquer conduta dos usu\u00e1rios do servi\u00e7o ou do\u00a0 site WOPG. Eximimo-nos de todas as representa\u00e7\u00f5es e garantias, incluindo, por exemplo, garantias de comercializa\u00e7\u00e3o, adequa\u00e7\u00e3o a uma finalidade espec\u00edfica e n\u00e3o viola\u00e7\u00e3o.<\/p>\n<p>Em nenhum caso a\u00a0 WOPG e qualquer diretor, executivo ou funcion\u00e1rio do mesmo, ou qualquer afiliado, subsidi\u00e1rio, predecessor, cession\u00e1rio ou sucessor da WOPG ou qualquer um de seus diretores, executivos ou funcion\u00e1rios, ser\u00e1 respons\u00e1vel, conjunta ou separadamente, por danos especiais, incidentais, indiretos ou consequenciais, de qualquer tipo, ou quaisquer danos resultantes da perda de uso, dados ou lucros, sejam ou n\u00e3o avisados da possibilidade de danos e em qualquer teoria de responsabilidade, decorrentes de ou em conex\u00e3o com o uso ou desempenho do site WOPG, seu conte\u00fado ou nosso servi\u00e7o.<\/p>\n<p>Para sua comodidade, a WOPG pode fornecer, neste site, links para sites operados por outras entidades. Se voc\u00ea usar esses sites, sair\u00e1 deste site. Se voc\u00ea decidir visitar qualquer site vinculado, o far\u00e1 por conta pr\u00f3pria e risco e \u00e9 sua responsabilidade tomar todas as medidas de prote\u00e7\u00e3o para se proteger contra v\u00edrus ou outros elementos destrutivos. A\u00a0 WOPG n\u00e3o oferece nenhuma garantia ou representa\u00e7\u00e3o em rela\u00e7\u00e3o a sites vinculados ou as informa\u00e7\u00f5es que aparecem neles ou qualquer um dos produtos ou servi\u00e7os descritos neles.<\/p>\n<p><strong>Lei Aplic\u00e1vel e Jurisdi\u00e7\u00e3o<\/strong><\/p>\n<p>Estes Termos e Condi\u00e7\u00f5es ser\u00e3o regidos e interpretados de acordo com as leis da Holanda, exceto conflitos de regras legais. Fica expressamente acordado que a jurisdi\u00e7\u00e3o exclusiva para qualquer reclama\u00e7\u00e3o ou a\u00e7\u00e3o decorrente ou relacionada a estes Termos e Condi\u00e7\u00f5es, ou ao uso deste site, deve ser apresentada apenas nos tribunais localizados em Amsterd\u00e3.<\/p>\n<p>[\/et_pb_text][\/et_pb_column][\/et_pb_row][\/et_pb_section]<\/p>\n","protected":false},"excerpt":{"rendered":"<p>Stichting Words Of Peace GlobalP.O. Box 20627, 1001 NP Amsterdam, The Netherlands n\u00famero registrado 34312991, tel. (+31) 20 416 2050, email\u00a0info@wopg.nl TERMOS E CONDI\u00c7\u00d5ES Wopg.org \u00e9 um servi\u00e7o da Funda\u00e7\u00e3o Palavras de Paz Global (WOPG). Estes Termos e Condi\u00e7\u00f5es regem o uso do servi\u00e7o e do site wopg.org. Ao usar, visitar ou navegar no site [&hellip;]<\/p>\n","protected":false},"author":3,"featured_media":0,"parent":0,"menu_order":0,"comment_status":"closed","ping_status":"closed","template":"","meta":{"_et_pb_use_builder":"on","_et_pb_old_content":"","_et_gb_content_width":"","footnotes":""},"folder":[],"class_list":["post-980","page","type-page","status-publish","hentry"],"yoast_head":"<!-- This site is optimized with the Yoast SEO plugin v27.3 - https:\/\/yoast.com\/product\/yoast-seo-wordpress\/ -->\n<title>Termos e Condi\u00e7\u00f5es | Words of Peace<\/title>\n<meta name=\"robots\" content=\"index, follow, max-snippet:-1, max-image-preview:large, max-video-preview:-1\" \/>\n<link rel=\"canonical\" href=\"https:\/\/www.wopg.org\/pt-br\/termos-e-condicoes\/\" \/>\n<meta property=\"og:locale\" content=\"pt_BR\" \/>\n<meta property=\"og:type\" content=\"article\" \/>\n<meta property=\"og:title\" content=\"Termos e Condi\u00e7\u00f5es | Words of Peace\" \/>\n<meta property=\"og:description\" content=\"Stichting Words Of Peace GlobalP.O. Box 20627, 1001 NP Amsterdam, The Netherlands n\u00famero registrado 34312991, tel. (+31) 20 416 2050, email\u00a0info@wopg.nl TERMOS E CONDI\u00c7\u00d5ES Wopg.org \u00e9 um servi\u00e7o da Funda\u00e7\u00e3o Palavras de Paz Global (WOPG). Estes Termos e Condi\u00e7\u00f5es regem o uso do servi\u00e7o e do site wopg.org. Ao usar, visitar ou navegar no site [&hellip;]\" \/>\n<meta property=\"og:url\" content=\"https:\/\/www.wopg.org\/pt-br\/termos-e-condicoes\/\" \/>\n<meta property=\"og:site_name\" content=\"Words of Peace\" \/>\n<meta property=\"article:publisher\" content=\"https:\/\/www.facebook.com\/wordsofpeaceglobal\" \/>\n<meta property=\"article:modified_time\" content=\"2022-02-22T18:24:57+00:00\" \/>\n<meta name=\"twitter:card\" content=\"summary_large_image\" \/>\n<meta name=\"twitter:site\" content=\"@wopg\" \/>\n<meta name=\"twitter:label1\" content=\"Est. tempo de leitura\" \/>\n\t<meta name=\"twitter:data1\" content=\"4 minutos\" \/>\n<script type=\"application\/ld+json\" class=\"yoast-schema-graph\">{\"@context\":\"https:\\\/\\\/schema.org\",\"@graph\":[{\"@type\":\"WebPage\",\"@id\":\"https:\\\/\\\/www.wopg.org\\\/pt-br\\\/termos-e-condicoes\\\/\",\"url\":\"https:\\\/\\\/www.wopg.org\\\/pt-br\\\/termos-e-condicoes\\\/\",\"name\":\"Termos e Condi\u00e7\u00f5es | Words of Peace\",\"isPartOf\":{\"@id\":\"https:\\\/\\\/www.wopg.org\\\/pt-br\\\/#website\"},\"datePublished\":\"2022-02-15T23:29:59+00:00\",\"dateModified\":\"2022-02-22T18:24:57+00:00\",\"breadcrumb\":{\"@id\":\"https:\\\/\\\/www.wopg.org\\\/pt-br\\\/termos-e-condicoes\\\/#breadcrumb\"},\"inLanguage\":\"pt-BR\",\"potentialAction\":[{\"@type\":\"ReadAction\",\"target\":[\"https:\\\/\\\/www.wopg.org\\\/pt-br\\\/termos-e-condicoes\\\/\"]}]},{\"@type\":\"BreadcrumbList\",\"@id\":\"https:\\\/\\\/www.wopg.org\\\/pt-br\\\/termos-e-condicoes\\\/#breadcrumb\",\"itemListElement\":[{\"@type\":\"ListItem\",\"position\":1,\"name\":\"Home\",\"item\":\"https:\\\/\\\/www.wopg.org\\\/pt-br\\\/\"},{\"@type\":\"ListItem\",\"position\":2,\"name\":\"Termos e Condi\u00e7\u00f5es\"}]},{\"@type\":\"WebSite\",\"@id\":\"https:\\\/\\\/www.wopg.org\\\/pt-br\\\/#website\",\"url\":\"https:\\\/\\\/www.wopg.org\\\/pt-br\\\/\",\"name\":\"Words of Peace\",\"description\":\"Practice Peace, Change Your World\",\"publisher\":{\"@id\":\"https:\\\/\\\/www.wopg.org\\\/pt-br\\\/#organization\"},\"potentialAction\":[{\"@type\":\"SearchAction\",\"target\":{\"@type\":\"EntryPoint\",\"urlTemplate\":\"https:\\\/\\\/www.wopg.org\\\/pt-br\\\/?s={search_term_string}\"},\"query-input\":{\"@type\":\"PropertyValueSpecification\",\"valueRequired\":true,\"valueName\":\"search_term_string\"}}],\"inLanguage\":\"pt-BR\"},{\"@type\":\"Organization\",\"@id\":\"https:\\\/\\\/www.wopg.org\\\/pt-br\\\/#organization\",\"name\":\"Words of Peace\",\"url\":\"https:\\\/\\\/www.wopg.org\\\/pt-br\\\/\",\"logo\":{\"@type\":\"ImageObject\",\"inLanguage\":\"pt-BR\",\"@id\":\"https:\\\/\\\/www.wopg.org\\\/pt-br\\\/#\\\/schema\\\/logo\\\/image\\\/\",\"url\":\"https:\\\/\\\/wopg.org\\\/wp-content\\\/uploads\\\/2022\\\/02\\\/Words-of-Peace-logo-website61x252.png\",\"contentUrl\":\"https:\\\/\\\/wopg.org\\\/wp-content\\\/uploads\\\/2022\\\/02\\\/Words-of-Peace-logo-website61x252.png\",\"width\":252,\"height\":61,\"caption\":\"Words of Peace\"},\"image\":{\"@id\":\"https:\\\/\\\/www.wopg.org\\\/pt-br\\\/#\\\/schema\\\/logo\\\/image\\\/\"},\"sameAs\":[\"https:\\\/\\\/www.facebook.com\\\/wordsofpeaceglobal\",\"https:\\\/\\\/x.com\\\/wopg\",\"https:\\\/\\\/www.instagram.com\\\/wopgofficial\\\/\"]}]}<\/script>\n<!-- \/ Yoast SEO plugin. -->","yoast_head_json":{"title":"Termos e Condi\u00e7\u00f5es | Words of Peace","robots":{"index":"index","follow":"follow","max-snippet":"max-snippet:-1","max-image-preview":"max-image-preview:large","max-video-preview":"max-video-preview:-1"},"canonical":"https:\/\/www.wopg.org\/pt-br\/termos-e-condicoes\/","og_locale":"pt_BR","og_type":"article","og_title":"Termos e Condi\u00e7\u00f5es | Words of Peace","og_description":"Stichting Words Of Peace GlobalP.O. Box 20627, 1001 NP Amsterdam, The Netherlands n\u00famero registrado 34312991, tel. (+31) 20 416 2050, email\u00a0info@wopg.nl TERMOS E CONDI\u00c7\u00d5ES Wopg.org \u00e9 um servi\u00e7o da Funda\u00e7\u00e3o Palavras de Paz Global (WOPG). Estes Termos e Condi\u00e7\u00f5es regem o uso do servi\u00e7o e do site wopg.org. Ao usar, visitar ou navegar no site [&hellip;]","og_url":"https:\/\/www.wopg.org\/pt-br\/termos-e-condicoes\/","og_site_name":"Words of Peace","article_publisher":"https:\/\/www.facebook.com\/wordsofpeaceglobal","article_modified_time":"2022-02-22T18:24:57+00:00","twitter_card":"summary_large_image","twitter_site":"@wopg","twitter_misc":{"Est. tempo de leitura":"4 minutos"},"schema":{"@context":"https:\/\/schema.org","@graph":[{"@type":"WebPage","@id":"https:\/\/www.wopg.org\/pt-br\/termos-e-condicoes\/","url":"https:\/\/www.wopg.org\/pt-br\/termos-e-condicoes\/","name":"Termos e Condi\u00e7\u00f5es | Words of Peace","isPartOf":{"@id":"https:\/\/www.wopg.org\/pt-br\/#website"},"datePublished":"2022-02-15T23:29:59+00:00","dateModified":"2022-02-22T18:24:57+00:00","breadcrumb":{"@id":"https:\/\/www.wopg.org\/pt-br\/termos-e-condicoes\/#breadcrumb"},"inLanguage":"pt-BR","potentialAction":[{"@type":"ReadAction","target":["https:\/\/www.wopg.org\/pt-br\/termos-e-condicoes\/"]}]},{"@type":"BreadcrumbList","@id":"https:\/\/www.wopg.org\/pt-br\/termos-e-condicoes\/#breadcrumb","itemListElement":[{"@type":"ListItem","position":1,"name":"Home","item":"https:\/\/www.wopg.org\/pt-br\/"},{"@type":"ListItem","position":2,"name":"Termos e Condi\u00e7\u00f5es"}]},{"@type":"WebSite","@id":"https:\/\/www.wopg.org\/pt-br\/#website","url":"https:\/\/www.wopg.org\/pt-br\/","name":"Words of Peace","description":"Practice Peace, Change Your World","publisher":{"@id":"https:\/\/www.wopg.org\/pt-br\/#organization"},"potentialAction":[{"@type":"SearchAction","target":{"@type":"EntryPoint","urlTemplate":"https:\/\/www.wopg.org\/pt-br\/?s={search_term_string}"},"query-input":{"@type":"PropertyValueSpecification","valueRequired":true,"valueName":"search_term_string"}}],"inLanguage":"pt-BR"},{"@type":"Organization","@id":"https:\/\/www.wopg.org\/pt-br\/#organization","name":"Words of Peace","url":"https:\/\/www.wopg.org\/pt-br\/","logo":{"@type":"ImageObject","inLanguage":"pt-BR","@id":"https:\/\/www.wopg.org\/pt-br\/#\/schema\/logo\/image\/","url":"https:\/\/wopg.org\/wp-content\/uploads\/2022\/02\/Words-of-Peace-logo-website61x252.png","contentUrl":"https:\/\/wopg.org\/wp-content\/uploads\/2022\/02\/Words-of-Peace-logo-website61x252.png","width":252,"height":61,"caption":"Words of Peace"},"image":{"@id":"https:\/\/www.wopg.org\/pt-br\/#\/schema\/logo\/image\/"},"sameAs":["https:\/\/www.facebook.com\/wordsofpeaceglobal","https:\/\/x.com\/wopg","https:\/\/www.instagram.com\/wopgofficial\/"]}]}},"_links":{"self":[{"href":"https:\/\/www.wopg.org\/pt-br\/wp-json\/wp\/v2\/pages\/980","targetHints":{"allow":["GET"]}}],"collection":[{"href":"https:\/\/www.wopg.org\/pt-br\/wp-json\/wp\/v2\/pages"}],"about":[{"href":"https:\/\/www.wopg.org\/pt-br\/wp-json\/wp\/v2\/types\/page"}],"author":[{"embeddable":true,"href":"https:\/\/www.wopg.org\/pt-br\/wp-json\/wp\/v2\/users\/3"}],"replies":[{"embeddable":true,"href":"https:\/\/www.wopg.org\/pt-br\/wp-json\/wp\/v2\/comments?post=980"}],"version-history":[{"count":14,"href":"https:\/\/www.wopg.org\/pt-br\/wp-json\/wp\/v2\/pages\/980\/revisions"}],"predecessor-version":[{"id":1623,"href":"https:\/\/www.wopg.org\/pt-br\/wp-json\/wp\/v2\/pages\/980\/revisions\/1623"}],"wp:attachment":[{"href":"https:\/\/www.wopg.org\/pt-br\/wp-json\/wp\/v2\/media?parent=980"}],"wp:term":[{"taxonomy":"folder","embeddable":true,"href":"https:\/\/www.wopg.org\/pt-br\/wp-json\/wp\/v2\/folder?post=980"}],"curies":[{"name":"wp","href":"https:\/\/api.w.org\/{rel}","templated":true}]}}